{"id":4496,"date":"2021-05-10T12:50:13","date_gmt":"2021-05-10T12:50:13","guid":{"rendered":"https:\/\/tajkertesz.com\/?post_type=product&#038;p=4496"},"modified":"2023-10-17T09:23:29","modified_gmt":"2023-10-17T09:23:29","slug":"vakondhalo-antimole-nortene-konnyitett-2","status":"publish","type":"product","link":"https:\/\/tajkertesz.com\/en_US\/product\/vakondhalo-antimole-nortene-konnyitett-2\/","title":{"rendered":"Nortene Antimole k\u00f6nny\u00edtett vakondh\u00e1l\u00f3 35g\/m2, 15x22mm, 2&#215;100, fekete"},"content":{"rendered":"<h1 class=\"page-head-title product-page-head-title position-relative\">200m2 Nortene Antimole k\u00f6nny\u00edtett vakondh\u00e1l\u00f3<\/h1>\n<h1 class=\"page-head-title product-page-head-title position-relative\">35g\/m2, 15x22mm, 2&#215;100, fekete (200m2\/db)<\/h1>\n<p class=\"page-head-title product-page-head-title position-relative\"><span class=\"product-page-product-name\">Nortene Antimole vakondh\u00e1l\u00f3 &#8222;k\u00f6nny\u00edtett&#8221;, 35g\/m2, 15x22mm, 2&#215;100, fekete, K\u00f6nny\u00edtett t\u00f6meg\u0171 vakondh\u00e1l\u00f3. Nett\u00f3 t\u00f6meg 30g\/m2 Gyepes\u00edt\u00e9s el\u0151tt a f\u00f6ldbe helyezve megakad\u00e1lyozza a vakond felsz\u00ednre jut\u00e1s\u00e1t. Biztos v\u00e9delemet ny\u00fajt. Szemm\u00e9ret 15x22mm Anyaga: polipropil\u00e9n. A h\u00e1l\u00f3 Uv-stabiliz\u00e1tor anyagot tartalmaz.<\/span><\/p>\n<div id=\"bodyContent\" class=\"mw-body-content\">\n<div id=\"mw-content-text\" class=\"mw-content-ltr\" dir=\"ltr\" lang=\"hu\">\n<div id=\"bodyContent\" class=\"mw-body-content\">\n<div id=\"mw-content-text\" class=\"mw-content-ltr\" dir=\"ltr\" lang=\"hu\">\n<p>Kisz\u00e1ll\u00edt\u00e1s: 200 cm \u00e9s 40 kg is a sz\u00e1ll\u00edt\u00e1s fut\u00e1rszolg\u00e1lattal t\u00f6rt\u00e9nik.<\/p>\n<\/div>\n<\/div>\n<\/div>\n<\/div>\n<p style=\"line-height: 18.0pt; background: white; margin: 0cm 0cm 15.0pt 0cm;\"><b><span style=\"font-family: 'Ubuntu',serif; color: black;\">K\u00e9szlet\u00fcnk napi szinten v\u00e1ltozik, ez\u00e9rt k\u00e9rj\u00fck, \u00e9rdekl\u0151dj\u00f6n szem\u00e9lyesen, telefonon vagy email-en.<br \/>\nA v\u00e1ltoztat\u00e1s jog\u00e1t fenntartjuk!\u00a0<\/span><\/b><\/p>\n<p><a href=\"https:\/\/tajkertesz.com\/\">https:\/\/tajkertesz.com\/<\/a><\/p>\n<p><a href=\"https:\/\/www.nortene.hu\/\">https:\/\/www.nortene.hu\/<\/a><\/p>","protected":false},"excerpt":{"rendered":"<h1 class=\"page-head-title product-page-head-title position-relative\"><\/h1>\n<p>Tekercs m\u00e9rete: 2m*100m (200nm\/tekercs)<\/p>\n<section class=\"product-page-middle-1\">\n<div class=\"container\">\n<div class=\"row\">\n<div class=\"col-12 column-content one-column-content product-one-column-content\">\n<div class=\"position-2-wrapper\">\n<div class=\"position-2-container\">\n<div id=\"productdescription-wrapper\" class=\"module-productdescription-wrapper\">\n<div id=\"productdescription\" class=\"module home-position product-position productdescription\">\n<div class=\"module-body\">\n<p><span class=\"product-page-product-name\">Nortene Antimole vakondh\u00e1l\u00f3 &#8222;k\u00f6nny\u00edtett&#8221;, 35g\/m2, 15x22mm, 2&#215;100, fekete, K\u00f6nny\u00edtett t\u00f6meg\u0171 vakondh\u00e1l\u00f3. Nett\u00f3 t\u00f6meg 30g\/m2 Gyepes\u00edt\u00e9s el\u0151tt a f\u00f6ldbe helyezve megakad\u00e1lyozza a vakond felsz\u00ednre jut\u00e1s\u00e1t. Biztos v\u00e9delemet ny\u00fajt. Szemm\u00e9ret 15x22mm Anyaga: polipropil\u00e9n. A h\u00e1l\u00f3 Uv-stabiliz\u00e1tor anyagot tartalmaz.<\/span><\/p>\n<\/div>\n<\/div>\n<\/div>\n<\/div>\n<\/div>\n<\/div>\n<\/div>\n<\/div>\n<\/section>","protected":false},"featured_media":4495,"template":"","meta":{"_et_pb_use_builder":"","_et_pb_old_content":"","_et_gb_content_width":""},"product_brand":[],"product_cat":[1574],"product_tag":[1509],"class_list":{"0":"post-4496","1":"product","2":"type-product","3":"status-publish","4":"has-post-thumbnail","6":"product_cat-foliak-geotextiliak-vakondhalok-talajtakaro-anyagok","7":"product_tag-vakondhalo","9":"first","10":"instock","11":"shipping-taxable","12":"purchasable","13":"product-type-simple"},"yoast_head":"<!-- This site is optimized with the Yoast SEO plugin v27.4 - https:\/\/yoast.com\/product\/yoast-seo-wordpress\/ -->\n<title>Vakondh\u00e1l\u00f3, vakond stopp, antimole, vakond elleni m\u0171anyag h\u00e1l\u00f3, nortene<\/title>\n<meta name=\"description\" content=\"Nortene Antimole k\u00f6nny\u00edtett vakondh\u00e1l\u00f3 35g\/m2, 15x22mm, 2x100, fekete, Nett\u00f3 t\u00f6meg 30g\/m2. Vakond elleni v\u00e9delem term\u00e9szetesen. Vakond stopp.\" \/>\n<meta name=\"robots\" content=\"index, follow, max-snippet:-1, max-image-preview:large, max-video-preview:-1\" \/>\n<link rel=\"canonical\" href=\"https:\/\/tajkertesz.com\/en_US\/product\/vakondhalo-antimole-nortene-konnyitett-2\/\" \/>\n<meta property=\"og:locale\" content=\"en_US\" \/>\n<meta property=\"og:type\" content=\"article\" \/>\n<meta property=\"og:title\" content=\"Vakondh\u00e1l\u00f3, vakond stopp, antimole, vakond elleni m\u0171anyag h\u00e1l\u00f3, nortene\" \/>\n<meta property=\"og:description\" content=\"Nortene Antimole k\u00f6nny\u00edtett vakondh\u00e1l\u00f3 35g\/m2, 15x22mm, 2x100, fekete, Nett\u00f3 t\u00f6meg 30g\/m2. Vakond elleni v\u00e9delem term\u00e9szetesen. Vakond stopp.\" \/>\n<meta property=\"og:url\" content=\"https:\/\/tajkertesz.com\/en_US\/product\/vakondhalo-antimole-nortene-konnyitett-2\/\" \/>\n<meta property=\"og:site_name\" content=\"T\u00e1jkert\u00e9sz\" \/>\n<meta property=\"article:publisher\" content=\"https:\/\/www.facebook.com\/Tajkertesz\/\" \/>\n<meta property=\"article:modified_time\" content=\"2023-10-17T09:23:29+00:00\" \/>\n<meta property=\"og:image\" content=\"https:\/\/tajkertesz.com\/wp-content\/uploads\/2021\/05\/res_a6293de6d776b3aca0095b352b9f1adf_full.jpg\" \/>\n\t<meta property=\"og:image:width\" content=\"900\" \/>\n\t<meta property=\"og:image:height\" content=\"900\" \/>\n\t<meta property=\"og:image:type\" content=\"image\/jpeg\" \/>\n<meta name=\"twitter:card\" content=\"summary_large_image\" \/>\n<meta name=\"twitter:label1\" content=\"Est. reading time\" \/>\n\t<meta name=\"twitter:data1\" content=\"1 minute\" \/>\n<script type=\"application\/ld+json\" class=\"yoast-schema-graph\">{\"@context\":\"https:\\\/\\\/schema.org\",\"@graph\":[{\"@type\":\"WebPage\",\"@id\":\"https:\\\/\\\/tajkertesz.com\\\/termek\\\/vakondhalo-antimole-nortene-konnyitett-2\\\/\",\"url\":\"https:\\\/\\\/tajkertesz.com\\\/termek\\\/vakondhalo-antimole-nortene-konnyitett-2\\\/\",\"name\":\"Vakondh\u00e1l\u00f3, vakond stopp, antimole, vakond elleni m\u0171anyag h\u00e1l\u00f3, nortene\",\"isPartOf\":{\"@id\":\"https:\\\/\\\/tajkertesz.com\\\/#website\"},\"primaryImageOfPage\":{\"@id\":\"https:\\\/\\\/tajkertesz.com\\\/termek\\\/vakondhalo-antimole-nortene-konnyitett-2\\\/#primaryimage\"},\"image\":{\"@id\":\"https:\\\/\\\/tajkertesz.com\\\/termek\\\/vakondhalo-antimole-nortene-konnyitett-2\\\/#primaryimage\"},\"thumbnailUrl\":\"https:\\\/\\\/tajkertesz.com\\\/wp-content\\\/uploads\\\/2021\\\/05\\\/res_a6293de6d776b3aca0095b352b9f1adf_full.jpg\",\"datePublished\":\"2021-05-10T12:50:13+00:00\",\"dateModified\":\"2023-10-17T09:23:29+00:00\",\"description\":\"Nortene Antimole k\u00f6nny\u00edtett vakondh\u00e1l\u00f3 35g\\\/m2, 15x22mm, 2x100, fekete, Nett\u00f3 t\u00f6meg 30g\\\/m2. Vakond elleni v\u00e9delem term\u00e9szetesen. Vakond stopp.\",\"breadcrumb\":{\"@id\":\"https:\\\/\\\/tajkertesz.com\\\/termek\\\/vakondhalo-antimole-nortene-konnyitett-2\\\/#breadcrumb\"},\"inLanguage\":\"en-US\",\"potentialAction\":[{\"@type\":\"ReadAction\",\"target\":[\"https:\\\/\\\/tajkertesz.com\\\/termek\\\/vakondhalo-antimole-nortene-konnyitett-2\\\/\"]}]},{\"@type\":\"ImageObject\",\"inLanguage\":\"en-US\",\"@id\":\"https:\\\/\\\/tajkertesz.com\\\/termek\\\/vakondhalo-antimole-nortene-konnyitett-2\\\/#primaryimage\",\"url\":\"https:\\\/\\\/tajkertesz.com\\\/wp-content\\\/uploads\\\/2021\\\/05\\\/res_a6293de6d776b3aca0095b352b9f1adf_full.jpg\",\"contentUrl\":\"https:\\\/\\\/tajkertesz.com\\\/wp-content\\\/uploads\\\/2021\\\/05\\\/res_a6293de6d776b3aca0095b352b9f1adf_full.jpg\",\"width\":900,\"height\":900},{\"@type\":\"BreadcrumbList\",\"@id\":\"https:\\\/\\\/tajkertesz.com\\\/termek\\\/vakondhalo-antimole-nortene-konnyitett-2\\\/#breadcrumb\",\"itemListElement\":[{\"@type\":\"ListItem\",\"position\":1,\"name\":\"Home\",\"item\":\"https:\\\/\\\/tajkertesz.com\\\/\"},{\"@type\":\"ListItem\",\"position\":2,\"name\":\"Kezd\u0151lap\",\"item\":\"https:\\\/\\\/tajkertesz.com\\\/\"},{\"@type\":\"ListItem\",\"position\":3,\"name\":\"Nortene Antimole k\u00f6nny\u00edtett vakondh\u00e1l\u00f3 35g\\\/m2, 15x22mm, 2&#215;100, fekete\"}]},{\"@type\":\"WebSite\",\"@id\":\"https:\\\/\\\/tajkertesz.com\\\/#website\",\"url\":\"https:\\\/\\\/tajkertesz.com\\\/\",\"name\":\"T\u00e1j-Kert\u00e9sz 84 Kft.\",\"description\":\"Kert\u00e9szeti kis- \u00e9s nagykeresked\u00e9s, D\u00edszn\u00f6v\u00e9ny web\u00e1ruh\u00e1z orsz\u00e1gos h\u00e1zhozsz\u00e1ll\u00edt\u00e1ssal!\",\"publisher\":{\"@id\":\"https:\\\/\\\/tajkertesz.com\\\/#organization\"},\"potentialAction\":[{\"@type\":\"SearchAction\",\"target\":{\"@type\":\"EntryPoint\",\"urlTemplate\":\"https:\\\/\\\/tajkertesz.com\\\/?s={search_term_string}\"},\"query-input\":{\"@type\":\"PropertyValueSpecification\",\"valueRequired\":true,\"valueName\":\"search_term_string\"}}],\"inLanguage\":\"en-US\"},{\"@type\":\"Organization\",\"@id\":\"https:\\\/\\\/tajkertesz.com\\\/#organization\",\"name\":\"T\u00e1j-Kert\u00e9sz 84 Kft.\",\"url\":\"https:\\\/\\\/tajkertesz.com\\\/\",\"logo\":{\"@type\":\"ImageObject\",\"inLanguage\":\"en-US\",\"@id\":\"https:\\\/\\\/tajkertesz.com\\\/#\\\/schema\\\/logo\\\/image\\\/\",\"url\":\"https:\\\/\\\/tajkertesz.com\\\/wp-content\\\/uploads\\\/2018\\\/02\\\/logo-2-e1518678052539.png\",\"contentUrl\":\"https:\\\/\\\/tajkertesz.com\\\/wp-content\\\/uploads\\\/2018\\\/02\\\/logo-2-e1518678052539.png\",\"width\":81,\"height\":140,\"caption\":\"T\u00e1j-Kert\u00e9sz 84 Kft.\"},\"image\":{\"@id\":\"https:\\\/\\\/tajkertesz.com\\\/#\\\/schema\\\/logo\\\/image\\\/\"},\"sameAs\":[\"https:\\\/\\\/www.facebook.com\\\/Tajkertesz\\\/\"]}]}<\/script>\n<!-- \/ Yoast SEO plugin. -->","yoast_head_json":{"title":"Vakondh\u00e1l\u00f3, vakond stopp, antimole, vakond elleni m\u0171anyag h\u00e1l\u00f3, nortene","description":"Nortene Antimole k\u00f6nny\u00edtett vakondh\u00e1l\u00f3 35g\/m2, 15x22mm, 2x100, fekete, Nett\u00f3 t\u00f6meg 30g\/m2. Vakond elleni v\u00e9delem term\u00e9szetesen. Vakond stopp.","robots":{"index":"index","follow":"follow","max-snippet":"max-snippet:-1","max-image-preview":"max-image-preview:large","max-video-preview":"max-video-preview:-1"},"canonical":"https:\/\/tajkertesz.com\/en_US\/product\/vakondhalo-antimole-nortene-konnyitett-2\/","og_locale":"en_US","og_type":"article","og_title":"Vakondh\u00e1l\u00f3, vakond stopp, antimole, vakond elleni m\u0171anyag h\u00e1l\u00f3, nortene","og_description":"Nortene Antimole k\u00f6nny\u00edtett vakondh\u00e1l\u00f3 35g\/m2, 15x22mm, 2x100, fekete, Nett\u00f3 t\u00f6meg 30g\/m2. Vakond elleni v\u00e9delem term\u00e9szetesen. Vakond stopp.","og_url":"https:\/\/tajkertesz.com\/en_US\/product\/vakondhalo-antimole-nortene-konnyitett-2\/","og_site_name":"T\u00e1jkert\u00e9sz","article_publisher":"https:\/\/www.facebook.com\/Tajkertesz\/","article_modified_time":"2023-10-17T09:23:29+00:00","og_image":[{"width":900,"height":900,"url":"https:\/\/tajkertesz.com\/wp-content\/uploads\/2021\/05\/res_a6293de6d776b3aca0095b352b9f1adf_full.jpg","type":"image\/jpeg"}],"twitter_card":"summary_large_image","twitter_misc":{"Est. reading time":"1 minute"},"schema":{"@context":"https:\/\/schema.org","@graph":[{"@type":"WebPage","@id":"https:\/\/tajkertesz.com\/termek\/vakondhalo-antimole-nortene-konnyitett-2\/","url":"https:\/\/tajkertesz.com\/termek\/vakondhalo-antimole-nortene-konnyitett-2\/","name":"Vakondh\u00e1l\u00f3, vakond stopp, antimole, vakond elleni m\u0171anyag h\u00e1l\u00f3, nortene","isPartOf":{"@id":"https:\/\/tajkertesz.com\/#website"},"primaryImageOfPage":{"@id":"https:\/\/tajkertesz.com\/termek\/vakondhalo-antimole-nortene-konnyitett-2\/#primaryimage"},"image":{"@id":"https:\/\/tajkertesz.com\/termek\/vakondhalo-antimole-nortene-konnyitett-2\/#primaryimage"},"thumbnailUrl":"https:\/\/tajkertesz.com\/wp-content\/uploads\/2021\/05\/res_a6293de6d776b3aca0095b352b9f1adf_full.jpg","datePublished":"2021-05-10T12:50:13+00:00","dateModified":"2023-10-17T09:23:29+00:00","description":"Nortene Antimole k\u00f6nny\u00edtett vakondh\u00e1l\u00f3 35g\/m2, 15x22mm, 2x100, fekete, Nett\u00f3 t\u00f6meg 30g\/m2. Vakond elleni v\u00e9delem term\u00e9szetesen. Vakond stopp.","breadcrumb":{"@id":"https:\/\/tajkertesz.com\/termek\/vakondhalo-antimole-nortene-konnyitett-2\/#breadcrumb"},"inLanguage":"en-US","potentialAction":[{"@type":"ReadAction","target":["https:\/\/tajkertesz.com\/termek\/vakondhalo-antimole-nortene-konnyitett-2\/"]}]},{"@type":"ImageObject","inLanguage":"en-US","@id":"https:\/\/tajkertesz.com\/termek\/vakondhalo-antimole-nortene-konnyitett-2\/#primaryimage","url":"https:\/\/tajkertesz.com\/wp-content\/uploads\/2021\/05\/res_a6293de6d776b3aca0095b352b9f1adf_full.jpg","contentUrl":"https:\/\/tajkertesz.com\/wp-content\/uploads\/2021\/05\/res_a6293de6d776b3aca0095b352b9f1adf_full.jpg","width":900,"height":900},{"@type":"BreadcrumbList","@id":"https:\/\/tajkertesz.com\/termek\/vakondhalo-antimole-nortene-konnyitett-2\/#breadcrumb","itemListElement":[{"@type":"ListItem","position":1,"name":"Home","item":"https:\/\/tajkertesz.com\/"},{"@type":"ListItem","position":2,"name":"Kezd\u0151lap","item":"https:\/\/tajkertesz.com\/"},{"@type":"ListItem","position":3,"name":"Nortene Antimole k\u00f6nny\u00edtett vakondh\u00e1l\u00f3 35g\/m2, 15x22mm, 2&#215;100, fekete"}]},{"@type":"WebSite","@id":"https:\/\/tajkertesz.com\/#website","url":"https:\/\/tajkertesz.com\/","name":"T\u00e1j-Kert\u00e9sz 84 Kft.","description":"Kert\u00e9szeti kis- \u00e9s nagykeresked\u00e9s, D\u00edszn\u00f6v\u00e9ny web\u00e1ruh\u00e1z orsz\u00e1gos h\u00e1zhozsz\u00e1ll\u00edt\u00e1ssal!","publisher":{"@id":"https:\/\/tajkertesz.com\/#organization"},"potentialAction":[{"@type":"SearchAction","target":{"@type":"EntryPoint","urlTemplate":"https:\/\/tajkertesz.com\/?s={search_term_string}"},"query-input":{"@type":"PropertyValueSpecification","valueRequired":true,"valueName":"search_term_string"}}],"inLanguage":"en-US"},{"@type":"Organization","@id":"https:\/\/tajkertesz.com\/#organization","name":"T\u00e1j-Kert\u00e9sz 84 Kft.","url":"https:\/\/tajkertesz.com\/","logo":{"@type":"ImageObject","inLanguage":"en-US","@id":"https:\/\/tajkertesz.com\/#\/schema\/logo\/image\/","url":"https:\/\/tajkertesz.com\/wp-content\/uploads\/2018\/02\/logo-2-e1518678052539.png","contentUrl":"https:\/\/tajkertesz.com\/wp-content\/uploads\/2018\/02\/logo-2-e1518678052539.png","width":81,"height":140,"caption":"T\u00e1j-Kert\u00e9sz 84 Kft."},"image":{"@id":"https:\/\/tajkertesz.com\/#\/schema\/logo\/image\/"},"sameAs":["https:\/\/www.facebook.com\/Tajkertesz\/"]}]}},"_links":{"self":[{"href":"https:\/\/tajkertesz.com\/en_US\/wp-json\/wp\/v2\/product\/4496","targetHints":{"allow":["GET"]}}],"collection":[{"href":"https:\/\/tajkertesz.com\/en_US\/wp-json\/wp\/v2\/product"}],"about":[{"href":"https:\/\/tajkertesz.com\/en_US\/wp-json\/wp\/v2\/types\/product"}],"wp:featuredmedia":[{"embeddable":true,"href":"https:\/\/tajkertesz.com\/en_US\/wp-json\/wp\/v2\/media\/4495"}],"wp:attachment":[{"href":"https:\/\/tajkertesz.com\/en_US\/wp-json\/wp\/v2\/media?parent=4496"}],"wp:term":[{"taxonomy":"product_brand","embeddable":true,"href":"https:\/\/tajkertesz.com\/en_US\/wp-json\/wp\/v2\/product_brand?post=4496"},{"taxonomy":"product_cat","embeddable":true,"href":"https:\/\/tajkertesz.com\/en_US\/wp-json\/wp\/v2\/product_cat?post=4496"},{"taxonomy":"product_tag","embeddable":true,"href":"https:\/\/tajkertesz.com\/en_US\/wp-json\/wp\/v2\/product_tag?post=4496"}],"curies":[{"name":"wp","href":"https:\/\/api.w.org\/{rel}","templated":true}]}}