{"id":4507,"date":"2025-03-21T15:41:09","date_gmt":"2025-03-21T15:41:09","guid":{"rendered":"https:\/\/tajkertesz.com\/?post_type=product&#038;p=4507"},"modified":"2026-02-24T15:12:50","modified_gmt":"2026-02-24T15:12:50","slug":"magnolia-grandiflora-orokzold-magnolialittle-gem-torzses-2","status":"publish","type":"product","link":"https:\/\/tajkertesz.com\/en_US\/product\/magnolia-grandiflora-orokzold-magnolialittle-gem-torzses-2\/","title":{"rendered":"Magnolia grandiflora- \u00d6r\u00f6kz\u00f6ld magn\u00f3lia&#8221;Little Gem&#8221; t\u00f6rzses"},"content":{"rendered":"<h3 class=\"LC20lb DKV0Md\">Magnolia grandiflora- \u00d6r\u00f6kz\u00f6ld magn\u00f3lia&#8221;Little Gem&#8221; t\u00f6rzses<\/h3>\n<p>Magnolia grandiflora- \u00d6r\u00f6kz\u00f6ld magn\u00f3lia&#8221;Little Gem&#8221; t\u00f6rzses. Lassan n\u00f6v\u0151 fagyt\u0171r\u0151 \u00f6r\u00f6kz\u00f6ld cserje vagy kisebb fa, mely sz\u00e9les, vagy k\u00fapos lombkoron\u00e1val rendelkezik.Hatalmas, 20\u201325 cm sz\u00e9les, kr\u00e9msz\u00edn\u0171 vagy feh\u00e9r, er\u0151sen illatos, kehely alak\u00fa vir\u00e1gai ny\u00e1r elej\u00e9t\u0151l-k\u00f6zep\u00e9t\u0151l kora \u0151szig ny\u00edlnak. A pomp\u00e1s, kr\u00e9mfeh\u00e9r\u00a0 vir\u00e1gok \u00e1tm\u00e9r\u0151je ak\u00e1r a 25 cm-t is lehet.Term\u00e9sei pirosas sz\u00edn\u0171ek, toj\u00e1s alak\u00fa t\u00fcsz\u0151csokrot alkotnak. Levelei \u00e1ltal\u00e1ban olajz\u00f6ldek vagy s\u00f6t\u00e9tz\u00f6ldek, melyek j\u00f3l harmoniz\u00e1lnak a vir\u00e1gaival, a levelek fon\u00e1kja v\u00f6r\u00f6sen molyhos. V\u00e9gs\u0151 magass\u00e1g\u00e1nak el\u00e9r\u00e9s\u00e9hez k\u00f6r\u00fclbel\u00fcl 20 \u00e9vre van sz\u00fcks\u00e9ge. Magass\u00e1ga 10-12 m.Napos vagy f\u00e9l\u00e1rny\u00e9kos, j\u00f3 v\u00edz\u00e1tereszt\u0151 k\u00e9pess\u00e9g\u0171, els\u0151dlegesen semleges vagy savas k\u00e9mhat\u00e1s\u00fa talajt kedveli. Szereti a kicsit p\u00e1r\u00e1s k\u00f6rnyezetet, \u00e9s az enyh\u00e9n nyirkosan tartott f\u00f6ldet, t\u00fal\u00f6nt\u00f6zni nem szabad. Eredeti term\u0151hely\u00e9n ak\u00e1r 30 m magasra is megn\u0151het. S\u0171r\u0171 koron\u00e1ja sz\u00e9lesen k\u00fapos; id\u0151nk\u00e9nt g\u00f6mb\u00f6lydedd\u00e9 fejl\u0151dik.<span style=\"color: #ffffff;\">kszik, de alacsony cserje is lehet bel\u0151le.\u00a0<sup id=\"cite_ref-priceless_florida_a01_14-0\" class=\"reference\"><\/sup>Annak ellen\u00e9re, hogy a megn\u00f6vekedett nedvess\u00e9gtartalm\u00fa helyeket r\u00e9szes\u00edti el\u0151nyben, nem toler\u00e1lja a\u00a0 t\u00fal\u00f6nt\u00f6z\u00e9st.\u00a0<\/span><sup id=\"cite_ref-17\" class=\"reference\"><\/sup><\/p>\n<p style=\"line-height: 18.0pt; background: white; margin: 0cm 0cm 15.0pt 0cm;\"><b><span style=\"font-family: 'Ubuntu',serif; color: black;\">K\u00e9szlet\u00fcnk napi szinten v\u00e1ltozik, ez\u00e9rt k\u00e9rj\u00fck, \u00e9rdekl\u0151dj\u00f6n szem\u00e9lyesen, telefonon vagy email-en.<br \/>\nA v\u00e1ltoztat\u00e1s jog\u00e1t fenntartjuk!\u00a0<\/span><\/b><\/p>\n<p><a href=\"https:\/\/tajkertesz.com\/\">https:\/\/tajkertesz.com\/<\/a><\/p>\n<p><a href=\"https:\/\/www.facebook.com\/tajkertesz\">https:\/\/www.facebook.com\/tajkertesz<\/a><\/p>\n<p>&nbsp;<\/p>\n<p>M\u00e9reteik miatt a sz\u00e1ll\u00edt\u00e1s nem minden esetben oldhat\u00f3 meg fut\u00e1rszolg\u00e1lattal. Ebben az esetben egyedi \u00e1ra van a kisz\u00e1ll\u00edt\u00e1snak melyet emailben lehet egyeztetni.<\/p>\n<p>Fut\u00e1rszolg\u00e1latos sz\u00e1ll\u00edt\u00e1s: 200 cm \u00e9s 40 kg-ig lehets\u00e9ges<\/p>\n<p>&nbsp;<\/p>\n<p>Jelen term\u00e9k\u00fcnk teljes magass\u00e1ga : kb:120 cm\u00a0 a t\u00f6rzse kb. 60 cm. 9 literes kont\u00e9nerben.<\/p>\n<p>&nbsp;<\/p>\n<p>&nbsp;<\/p>","protected":false},"excerpt":{"rendered":"<h3 class=\"LC20lb DKV0Md\">Magnolia grandiflora- \u00d6r\u00f6kz\u00f6ld magn\u00f3lia&#8221;Little Gem&#8221; t\u00f6rzses<\/h3>\n<h1>Jelen term\u00e9k\u00fcnk teljes magass\u00e1ga : kb:120 cm\u00a0 a t\u00f6rzse kb. 60 cm. 9 literes kont\u00e9nerben.<\/h1>\n<p>Lassan n\u00f6v\u0151 fagyt\u0171r\u0151 \u00f6r\u00f6kz\u00f6ld cserje vagy kisebb fa, mely sz\u00e9les, vagy k\u00fapos lombkoron\u00e1val rendelkezik.Hatalmas, 20\u201325 cm sz\u00e9les, kr\u00e9msz\u00edn\u0171 vagy feh\u00e9r, er\u0151sen illatos, kehely alak\u00fa vir\u00e1gai ny\u00e1r elej\u00e9t\u0151l-k\u00f6zep\u00e9t\u0151l kora \u0151szig ny\u00edlnak. A pomp\u00e1s, kr\u00e9mfeh\u00e9r\u00a0 vir\u00e1gok \u00e1tm\u00e9r\u0151je ak\u00e1r a 25 cm-t is lehet.Term\u00e9sei pirosas sz\u00edn\u0171ek, toj\u00e1s alak\u00fa t\u00fcsz\u0151csokrot alkotnak. Levelei \u00e1ltal\u00e1ban olajz\u00f6ldek vagy s\u00f6t\u00e9tz\u00f6ldek, melyek j\u00f3l harmoniz\u00e1lnak a vir\u00e1gaival, a\u00a0levelek fon\u00e1kja v\u00f6r\u00f6sen molyhos. V\u00e9gs\u0151 magass\u00e1g\u00e1nak el\u00e9r\u00e9s\u00e9hez k\u00f6r\u00fclbel\u00fcl 20 \u00e9vre van sz\u00fcks\u00e9ge. Magass\u00e1ga 10-12 m.Napos vagy f\u00e9l\u00e1rny\u00e9kos, j\u00f3 v\u00edz\u00e1tereszt\u0151 k\u00e9pess\u00e9g\u0171, els\u0151dlegesen semleges vagy savas k\u00e9mhat\u00e1s\u00fa talajt kedveli. Szereti a kicsit p\u00e1r\u00e1s k\u00f6rnyezetet, \u00e9s az enyh\u00e9n nyirkosan tartott f\u00f6ldet, t\u00fal\u00f6nt\u00f6zni nem szabad. Eredeti term\u0151hely\u00e9n ak\u00e1r 30 m magasra is megn\u0151het. S\u0171r\u0171 koron\u00e1ja sz\u00e9lesen k\u00fapos; id\u0151nk\u00e9nt g\u00f6mb\u00f6lydedd\u00e9 fejl\u0151dik.<\/p>","protected":false},"featured_media":22874,"template":"","meta":{"_et_pb_use_builder":"","_et_pb_old_content":"","_et_gb_content_width":""},"product_brand":[],"product_cat":[28,26],"product_tag":[99,1510,909],"class_list":{"0":"post-4507","1":"product","2":"type-product","3":"status-publish","4":"has-post-thumbnail","6":"product_cat-diszfak","7":"product_cat-orokzold-novenyek","8":"product_tag-magnolia","9":"product_tag-magnolia-grandiflora-little-gem","10":"product_tag-torzses","12":"first","13":"instock","14":"shipping-taxable","15":"purchasable","16":"product-type-simple"},"yoast_head":"<!-- This site is optimized with the Yoast SEO plugin v27.3 - https:\/\/yoast.com\/product\/yoast-seo-wordpress\/ -->\n<title>Magnolia grandiflora- \u00d6r\u00f6kz\u00f6ld magn\u00f3lia&quot;Little Gem&quot; t\u00f6rzses - T\u00e1jkert\u00e9sz<\/title>\n<meta name=\"description\" content=\"Magnolia grandiflora- \u00d6r\u00f6kz\u00f6ld magn\u00f3lia&quot;Little Gem&quot; t\u00f6rzses. Lassan n\u00f6v\u0151 fagyt\u0171r\u0151 \u00f6r\u00f6kz\u00f6ld cserje vagy kisebb fa, igen illatos feh\u00e9r vir\u00e1ggal.\" \/>\n<meta name=\"robots\" content=\"index, follow, max-snippet:-1, max-image-preview:large, max-video-preview:-1\" \/>\n<link rel=\"canonical\" href=\"https:\/\/tajkertesz.com\/en_US\/product\/magnolia-grandiflora-orokzold-magnolialittle-gem-torzses-2\/\" \/>\n<meta property=\"og:locale\" content=\"en_US\" \/>\n<meta property=\"og:type\" content=\"article\" \/>\n<meta property=\"og:title\" content=\"Magnolia grandiflora- \u00d6r\u00f6kz\u00f6ld magn\u00f3lia&quot;Little Gem&quot; t\u00f6rzses - T\u00e1jkert\u00e9sz\" \/>\n<meta property=\"og:description\" content=\"Magnolia grandiflora- \u00d6r\u00f6kz\u00f6ld magn\u00f3lia&quot;Little Gem&quot; t\u00f6rzses. Lassan n\u00f6v\u0151 fagyt\u0171r\u0151 \u00f6r\u00f6kz\u00f6ld cserje vagy kisebb fa, igen illatos feh\u00e9r vir\u00e1ggal.\" \/>\n<meta property=\"og:url\" content=\"https:\/\/tajkertesz.com\/en_US\/product\/magnolia-grandiflora-orokzold-magnolialittle-gem-torzses-2\/\" \/>\n<meta property=\"og:site_name\" content=\"T\u00e1jkert\u00e9sz\" \/>\n<meta property=\"article:publisher\" content=\"https:\/\/www.facebook.com\/Tajkertesz\/\" \/>\n<meta property=\"article:modified_time\" content=\"2026-02-24T15:12:50+00:00\" \/>\n<meta property=\"og:image\" content=\"https:\/\/tajkertesz.com\/wp-content\/uploads\/2025\/03\/20250323_102611-scaled.jpg\" \/>\n\t<meta property=\"og:image:width\" content=\"1441\" \/>\n\t<meta property=\"og:image:height\" content=\"2560\" \/>\n\t<meta property=\"og:image:type\" content=\"image\/jpeg\" \/>\n<meta name=\"twitter:card\" content=\"summary_large_image\" \/>\n<meta name=\"twitter:label1\" content=\"Est. reading time\" \/>\n\t<meta name=\"twitter:data1\" content=\"2 minutes\" \/>\n<script type=\"application\/ld+json\" class=\"yoast-schema-graph\">{\"@context\":\"https:\\\/\\\/schema.org\",\"@graph\":[{\"@type\":\"WebPage\",\"@id\":\"https:\\\/\\\/tajkertesz.com\\\/termek\\\/magnolia-grandiflora-orokzold-magnolialittle-gem-torzses-2\\\/\",\"url\":\"https:\\\/\\\/tajkertesz.com\\\/termek\\\/magnolia-grandiflora-orokzold-magnolialittle-gem-torzses-2\\\/\",\"name\":\"Magnolia grandiflora- \u00d6r\u00f6kz\u00f6ld magn\u00f3lia\\\"Little Gem\\\" t\u00f6rzses - T\u00e1jkert\u00e9sz\",\"isPartOf\":{\"@id\":\"https:\\\/\\\/tajkertesz.com\\\/#website\"},\"primaryImageOfPage\":{\"@id\":\"https:\\\/\\\/tajkertesz.com\\\/termek\\\/magnolia-grandiflora-orokzold-magnolialittle-gem-torzses-2\\\/#primaryimage\"},\"image\":{\"@id\":\"https:\\\/\\\/tajkertesz.com\\\/termek\\\/magnolia-grandiflora-orokzold-magnolialittle-gem-torzses-2\\\/#primaryimage\"},\"thumbnailUrl\":\"https:\\\/\\\/tajkertesz.com\\\/wp-content\\\/uploads\\\/2025\\\/03\\\/20250323_102611-scaled.jpg\",\"datePublished\":\"2025-03-21T15:41:09+00:00\",\"dateModified\":\"2026-02-24T15:12:50+00:00\",\"description\":\"Magnolia grandiflora- \u00d6r\u00f6kz\u00f6ld magn\u00f3lia\\\"Little Gem\\\" t\u00f6rzses. Lassan n\u00f6v\u0151 fagyt\u0171r\u0151 \u00f6r\u00f6kz\u00f6ld cserje vagy kisebb fa, igen illatos feh\u00e9r vir\u00e1ggal.\",\"breadcrumb\":{\"@id\":\"https:\\\/\\\/tajkertesz.com\\\/termek\\\/magnolia-grandiflora-orokzold-magnolialittle-gem-torzses-2\\\/#breadcrumb\"},\"inLanguage\":\"en-US\",\"potentialAction\":[{\"@type\":\"ReadAction\",\"target\":[\"https:\\\/\\\/tajkertesz.com\\\/termek\\\/magnolia-grandiflora-orokzold-magnolialittle-gem-torzses-2\\\/\"]}]},{\"@type\":\"ImageObject\",\"inLanguage\":\"en-US\",\"@id\":\"https:\\\/\\\/tajkertesz.com\\\/termek\\\/magnolia-grandiflora-orokzold-magnolialittle-gem-torzses-2\\\/#primaryimage\",\"url\":\"https:\\\/\\\/tajkertesz.com\\\/wp-content\\\/uploads\\\/2025\\\/03\\\/20250323_102611-scaled.jpg\",\"contentUrl\":\"https:\\\/\\\/tajkertesz.com\\\/wp-content\\\/uploads\\\/2025\\\/03\\\/20250323_102611-scaled.jpg\",\"width\":1441,\"height\":2560,\"caption\":\"Magnolia grandiflora- \u00d6r\u00f6kz\u00f6ld magn\u00f3lia\\\"Little Gem\\\" t\u00f6rzses\"},{\"@type\":\"BreadcrumbList\",\"@id\":\"https:\\\/\\\/tajkertesz.com\\\/termek\\\/magnolia-grandiflora-orokzold-magnolialittle-gem-torzses-2\\\/#breadcrumb\",\"itemListElement\":[{\"@type\":\"ListItem\",\"position\":1,\"name\":\"Home\",\"item\":\"https:\\\/\\\/tajkertesz.com\\\/\"},{\"@type\":\"ListItem\",\"position\":2,\"name\":\"Kezd\u0151lap\",\"item\":\"https:\\\/\\\/tajkertesz.com\\\/\"},{\"@type\":\"ListItem\",\"position\":3,\"name\":\"Magnolia grandiflora- \u00d6r\u00f6kz\u00f6ld magn\u00f3lia&#8221;Little Gem&#8221; t\u00f6rzses\"}]},{\"@type\":\"WebSite\",\"@id\":\"https:\\\/\\\/tajkertesz.com\\\/#website\",\"url\":\"https:\\\/\\\/tajkertesz.com\\\/\",\"name\":\"T\u00e1j-Kert\u00e9sz 84 Kft.\",\"description\":\"Kert\u00e9szeti kis- \u00e9s nagykeresked\u00e9s, D\u00edszn\u00f6v\u00e9ny web\u00e1ruh\u00e1z orsz\u00e1gos h\u00e1zhozsz\u00e1ll\u00edt\u00e1ssal!\",\"publisher\":{\"@id\":\"https:\\\/\\\/tajkertesz.com\\\/#organization\"},\"potentialAction\":[{\"@type\":\"SearchAction\",\"target\":{\"@type\":\"EntryPoint\",\"urlTemplate\":\"https:\\\/\\\/tajkertesz.com\\\/?s={search_term_string}\"},\"query-input\":{\"@type\":\"PropertyValueSpecification\",\"valueRequired\":true,\"valueName\":\"search_term_string\"}}],\"inLanguage\":\"en-US\"},{\"@type\":\"Organization\",\"@id\":\"https:\\\/\\\/tajkertesz.com\\\/#organization\",\"name\":\"T\u00e1j-Kert\u00e9sz 84 Kft.\",\"url\":\"https:\\\/\\\/tajkertesz.com\\\/\",\"logo\":{\"@type\":\"ImageObject\",\"inLanguage\":\"en-US\",\"@id\":\"https:\\\/\\\/tajkertesz.com\\\/#\\\/schema\\\/logo\\\/image\\\/\",\"url\":\"https:\\\/\\\/tajkertesz.com\\\/wp-content\\\/uploads\\\/2018\\\/02\\\/logo-2-e1518678052539.png\",\"contentUrl\":\"https:\\\/\\\/tajkertesz.com\\\/wp-content\\\/uploads\\\/2018\\\/02\\\/logo-2-e1518678052539.png\",\"width\":81,\"height\":140,\"caption\":\"T\u00e1j-Kert\u00e9sz 84 Kft.\"},\"image\":{\"@id\":\"https:\\\/\\\/tajkertesz.com\\\/#\\\/schema\\\/logo\\\/image\\\/\"},\"sameAs\":[\"https:\\\/\\\/www.facebook.com\\\/Tajkertesz\\\/\"]}]}<\/script>\n<!-- \/ Yoast SEO plugin. -->","yoast_head_json":{"title":"Magnolia grandiflora- \u00d6r\u00f6kz\u00f6ld magn\u00f3lia\"Little Gem\" t\u00f6rzses - T\u00e1jkert\u00e9sz","description":"Magnolia grandiflora- \u00d6r\u00f6kz\u00f6ld magn\u00f3lia\"Little Gem\" t\u00f6rzses. Lassan n\u00f6v\u0151 fagyt\u0171r\u0151 \u00f6r\u00f6kz\u00f6ld cserje vagy kisebb fa, igen illatos feh\u00e9r vir\u00e1ggal.","robots":{"index":"index","follow":"follow","max-snippet":"max-snippet:-1","max-image-preview":"max-image-preview:large","max-video-preview":"max-video-preview:-1"},"canonical":"https:\/\/tajkertesz.com\/en_US\/product\/magnolia-grandiflora-orokzold-magnolialittle-gem-torzses-2\/","og_locale":"en_US","og_type":"article","og_title":"Magnolia grandiflora- \u00d6r\u00f6kz\u00f6ld magn\u00f3lia\"Little Gem\" t\u00f6rzses - T\u00e1jkert\u00e9sz","og_description":"Magnolia grandiflora- \u00d6r\u00f6kz\u00f6ld magn\u00f3lia\"Little Gem\" t\u00f6rzses. Lassan n\u00f6v\u0151 fagyt\u0171r\u0151 \u00f6r\u00f6kz\u00f6ld cserje vagy kisebb fa, igen illatos feh\u00e9r vir\u00e1ggal.","og_url":"https:\/\/tajkertesz.com\/en_US\/product\/magnolia-grandiflora-orokzold-magnolialittle-gem-torzses-2\/","og_site_name":"T\u00e1jkert\u00e9sz","article_publisher":"https:\/\/www.facebook.com\/Tajkertesz\/","article_modified_time":"2026-02-24T15:12:50+00:00","og_image":[{"width":1441,"height":2560,"url":"https:\/\/tajkertesz.com\/wp-content\/uploads\/2025\/03\/20250323_102611-scaled.jpg","type":"image\/jpeg"}],"twitter_card":"summary_large_image","twitter_misc":{"Est. reading time":"2 minutes"},"schema":{"@context":"https:\/\/schema.org","@graph":[{"@type":"WebPage","@id":"https:\/\/tajkertesz.com\/termek\/magnolia-grandiflora-orokzold-magnolialittle-gem-torzses-2\/","url":"https:\/\/tajkertesz.com\/termek\/magnolia-grandiflora-orokzold-magnolialittle-gem-torzses-2\/","name":"Magnolia grandiflora- \u00d6r\u00f6kz\u00f6ld magn\u00f3lia\"Little Gem\" t\u00f6rzses - T\u00e1jkert\u00e9sz","isPartOf":{"@id":"https:\/\/tajkertesz.com\/#website"},"primaryImageOfPage":{"@id":"https:\/\/tajkertesz.com\/termek\/magnolia-grandiflora-orokzold-magnolialittle-gem-torzses-2\/#primaryimage"},"image":{"@id":"https:\/\/tajkertesz.com\/termek\/magnolia-grandiflora-orokzold-magnolialittle-gem-torzses-2\/#primaryimage"},"thumbnailUrl":"https:\/\/tajkertesz.com\/wp-content\/uploads\/2025\/03\/20250323_102611-scaled.jpg","datePublished":"2025-03-21T15:41:09+00:00","dateModified":"2026-02-24T15:12:50+00:00","description":"Magnolia grandiflora- \u00d6r\u00f6kz\u00f6ld magn\u00f3lia\"Little Gem\" t\u00f6rzses. Lassan n\u00f6v\u0151 fagyt\u0171r\u0151 \u00f6r\u00f6kz\u00f6ld cserje vagy kisebb fa, igen illatos feh\u00e9r vir\u00e1ggal.","breadcrumb":{"@id":"https:\/\/tajkertesz.com\/termek\/magnolia-grandiflora-orokzold-magnolialittle-gem-torzses-2\/#breadcrumb"},"inLanguage":"en-US","potentialAction":[{"@type":"ReadAction","target":["https:\/\/tajkertesz.com\/termek\/magnolia-grandiflora-orokzold-magnolialittle-gem-torzses-2\/"]}]},{"@type":"ImageObject","inLanguage":"en-US","@id":"https:\/\/tajkertesz.com\/termek\/magnolia-grandiflora-orokzold-magnolialittle-gem-torzses-2\/#primaryimage","url":"https:\/\/tajkertesz.com\/wp-content\/uploads\/2025\/03\/20250323_102611-scaled.jpg","contentUrl":"https:\/\/tajkertesz.com\/wp-content\/uploads\/2025\/03\/20250323_102611-scaled.jpg","width":1441,"height":2560,"caption":"Magnolia grandiflora- \u00d6r\u00f6kz\u00f6ld magn\u00f3lia\"Little Gem\" t\u00f6rzses"},{"@type":"BreadcrumbList","@id":"https:\/\/tajkertesz.com\/termek\/magnolia-grandiflora-orokzold-magnolialittle-gem-torzses-2\/#breadcrumb","itemListElement":[{"@type":"ListItem","position":1,"name":"Home","item":"https:\/\/tajkertesz.com\/"},{"@type":"ListItem","position":2,"name":"Kezd\u0151lap","item":"https:\/\/tajkertesz.com\/"},{"@type":"ListItem","position":3,"name":"Magnolia grandiflora- \u00d6r\u00f6kz\u00f6ld magn\u00f3lia&#8221;Little Gem&#8221; t\u00f6rzses"}]},{"@type":"WebSite","@id":"https:\/\/tajkertesz.com\/#website","url":"https:\/\/tajkertesz.com\/","name":"T\u00e1j-Kert\u00e9sz 84 Kft.","description":"Kert\u00e9szeti kis- \u00e9s nagykeresked\u00e9s, D\u00edszn\u00f6v\u00e9ny web\u00e1ruh\u00e1z orsz\u00e1gos h\u00e1zhozsz\u00e1ll\u00edt\u00e1ssal!","publisher":{"@id":"https:\/\/tajkertesz.com\/#organization"},"potentialAction":[{"@type":"SearchAction","target":{"@type":"EntryPoint","urlTemplate":"https:\/\/tajkertesz.com\/?s={search_term_string}"},"query-input":{"@type":"PropertyValueSpecification","valueRequired":true,"valueName":"search_term_string"}}],"inLanguage":"en-US"},{"@type":"Organization","@id":"https:\/\/tajkertesz.com\/#organization","name":"T\u00e1j-Kert\u00e9sz 84 Kft.","url":"https:\/\/tajkertesz.com\/","logo":{"@type":"ImageObject","inLanguage":"en-US","@id":"https:\/\/tajkertesz.com\/#\/schema\/logo\/image\/","url":"https:\/\/tajkertesz.com\/wp-content\/uploads\/2018\/02\/logo-2-e1518678052539.png","contentUrl":"https:\/\/tajkertesz.com\/wp-content\/uploads\/2018\/02\/logo-2-e1518678052539.png","width":81,"height":140,"caption":"T\u00e1j-Kert\u00e9sz 84 Kft."},"image":{"@id":"https:\/\/tajkertesz.com\/#\/schema\/logo\/image\/"},"sameAs":["https:\/\/www.facebook.com\/Tajkertesz\/"]}]}},"_links":{"self":[{"href":"https:\/\/tajkertesz.com\/en_US\/wp-json\/wp\/v2\/product\/4507","targetHints":{"allow":["GET"]}}],"collection":[{"href":"https:\/\/tajkertesz.com\/en_US\/wp-json\/wp\/v2\/product"}],"about":[{"href":"https:\/\/tajkertesz.com\/en_US\/wp-json\/wp\/v2\/types\/product"}],"wp:featuredmedia":[{"embeddable":true,"href":"https:\/\/tajkertesz.com\/en_US\/wp-json\/wp\/v2\/media\/22874"}],"wp:attachment":[{"href":"https:\/\/tajkertesz.com\/en_US\/wp-json\/wp\/v2\/media?parent=4507"}],"wp:term":[{"taxonomy":"product_brand","embeddable":true,"href":"https:\/\/tajkertesz.com\/en_US\/wp-json\/wp\/v2\/product_brand?post=4507"},{"taxonomy":"product_cat","embeddable":true,"href":"https:\/\/tajkertesz.com\/en_US\/wp-json\/wp\/v2\/product_cat?post=4507"},{"taxonomy":"product_tag","embeddable":true,"href":"https:\/\/tajkertesz.com\/en_US\/wp-json\/wp\/v2\/product_tag?post=4507"}],"curies":[{"name":"wp","href":"https:\/\/api.w.org\/{rel}","templated":true}]}}