{"id":4510,"date":"2021-05-11T09:45:03","date_gmt":"2021-05-11T09:45:03","guid":{"rendered":"https:\/\/tajkertesz.com\/?post_type=product&#038;p=4510"},"modified":"2026-02-24T15:25:14","modified_gmt":"2026-02-24T15:25:14","slug":"magnolia-grandiflora-orokzold-magnolialittle-gem-torzses-kb-105-110-cm","status":"publish","type":"product","link":"https:\/\/tajkertesz.com\/en_US\/product\/magnolia-grandiflora-orokzold-magnolialittle-gem-torzses-kb-105-110-cm\/","title":{"rendered":"Magnolia grandiflora- \u00d6r\u00f6kz\u00f6ld magn\u00f3lia&#8221;Little Gem&#8221; t\u00f6rzses kb. 105-110 cm"},"content":{"rendered":"<h3 class=\"LC20lb DKV0Md\">Magnolia grandiflora- \u00d6r\u00f6kz\u00f6ld magn\u00f3lia&#8221;Little Gem&#8221; t\u00f6rzses kb. 105-110 cm<\/h3>\n<p>Magnolia grandiflora- \u00d6r\u00f6kz\u00f6ld magn\u00f3lia&#8221;Little Gem&#8221; t\u00f6rzses kb. 105-110 cm Lassan n\u00f6v\u0151 fagyt\u0171r\u0151 \u00f6r\u00f6kz\u00f6ld cserje vagy kisebb fa, mely sz\u00e9les, vagy k\u00fapos lombkoron\u00e1val rendelkezik.Hatalmas, 20\u201325 cm sz\u00e9les, kr\u00e9msz\u00edn\u0171 vagy feh\u00e9r, er\u0151sen illatos, kehely alak\u00fa vir\u00e1gai ny\u00e1r elej\u00e9t\u0151l-k\u00f6zep\u00e9t\u0151l kora \u0151szig ny\u00edlnak. A pomp\u00e1s, kr\u00e9mfeh\u00e9r\u00a0 vir\u00e1gok \u00e1tm\u00e9r\u0151je ak\u00e1r a 25 cm-t is lehet.Term\u00e9sei pirosas sz\u00edn\u0171ek, toj\u00e1s alak\u00fa t\u00fcsz\u0151csokrot alkotnak. Levelei \u00e1ltal\u00e1ban olajz\u00f6ldek vagy s\u00f6t\u00e9tz\u00f6ldek, melyek j\u00f3l harmoniz\u00e1lnak a vir\u00e1gaival, a levelek fon\u00e1kja v\u00f6r\u00f6sen molyhos. V\u00e9gs\u0151 magass\u00e1g\u00e1nak el\u00e9r\u00e9s\u00e9hez k\u00f6r\u00fclbel\u00fcl 20 \u00e9vre van sz\u00fcks\u00e9ge. Magass\u00e1ga 10-12 m.Napos vagy f\u00e9l\u00e1rny\u00e9kos, j\u00f3 v\u00edz\u00e1tereszt\u0151 k\u00e9pess\u00e9g\u0171, els\u0151dlegesen semleges vagy savas k\u00e9mhat\u00e1s\u00fa talajt kedveli. Szereti a kicsit p\u00e1r\u00e1s k\u00f6rnyezetet, \u00e9s az enyh\u00e9n nyirkosan tartott f\u00f6ldet, t\u00fal\u00f6nt\u00f6zni nem szabad. Eredeti term\u0151hely\u00e9n ak\u00e1r 30 m magasra is megn\u0151het. S\u0171r\u0171 koron\u00e1ja sz\u00e9lesen k\u00fapos; id\u0151nk\u00e9nt g\u00f6mb\u00f6lydedd\u00e9 fejl\u0151dik.<\/p>\n<p>&nbsp;<\/p>\n<h2><span id=\"Distribution_and_habitat\" class=\"mw-headline\" style=\"color: #ffffff;\">Elterjed\u00e9s \u00e9s \u00e9l\u0151hely:<\/span><\/h2>\n<p><span style=\"color: #ffffff;\">A magn\u00f3li\u00e1k \u0151shonosak az Egyes\u00fclt \u00e1llamok d\u00e9lkeleti r\u00e9sz\u00e9n , Virgini\u00e1t\u00f3l d\u00e9li ir\u00e1nyban Florida\u00a0k\u00f6z\u00e9ps\u0151 r\u00e9sz\u00e9ig\u00a0, majd nyugat fel\u00e9 Kelet- Texasig .\u00a0\u00a0A v\u00e9dettebb \u00e9l\u0151helyeken nagy fak\u00e9nt n\u00f6vekszik, de alacsony cserje is lehet bel\u0151le.\u00a0<sup id=\"cite_ref-priceless_florida_a01_14-0\" class=\"reference\"><\/sup>Annak ellen\u00e9re, hogy a megn\u00f6vekedett nedvess\u00e9gtartalm\u00fa helyeket r\u00e9szes\u00edti el\u0151nyben, nem toler\u00e1lja a\u00a0 t\u00fal\u00f6nt\u00f6z\u00e9st.\u00a0<\/span><sup id=\"cite_ref-17\" class=\"reference\"><\/sup><\/p>\n<p style=\"line-height: 18.0pt; background: white; margin: 0cm 0cm 15.0pt 0cm;\"><b><span style=\"font-family: 'Ubuntu',serif; color: black;\">K\u00e9szlet\u00fcnk napi szinten v\u00e1ltozik, ez\u00e9rt k\u00e9rj\u00fck, \u00e9rdekl\u0151dj\u00f6n szem\u00e9lyesen, telefonon vagy email-en.<br \/>\nA v\u00e1ltoztat\u00e1s jog\u00e1t fenntartjuk!\u00a0<\/span><\/b><\/p>\n<p><a href=\"https:\/\/tajkertesz.com\/\">https:\/\/tajkertesz.com\/<\/a><\/p>\n<p><a href=\"https:\/\/www.facebook.com\/tajkertesz\">https:\/\/www.facebook.com\/tajkertesz<\/a><\/p>\n<p>&nbsp;<\/p>\n<p>M\u00e9reteik miatt a sz\u00e1ll\u00edt\u00e1s nem minden esetben oldhat\u00f3 meg fut\u00e1rszolg\u00e1lattal. Ebben az esetben egyedi \u00e1ra van a kisz\u00e1ll\u00edt\u00e1snak melyet emailben lehet egyeztetni.<\/p>\n<p>Fut\u00e1rszolg\u00e1latos sz\u00e1ll\u00edt\u00e1s: 200 cm \u00e9s 40 kg-ig lehets\u00e9ges<\/p>\n<p>&nbsp;<\/p>\n<p>Jelen term\u00e9k\u00fcnk teljes magass\u00e1ga : kb. 105-110 cm<\/p>\n<h2><span style=\"color: #ffffff;\"><span id=\"Le\u00edr\u00e1sa\" class=\"mw-headline\">Le\u00edr\u00e1sa<\/span><span class=\"mw-editsection\"><span class=\"mw-editsection-bracket\">[<\/span><a style=\"color: #ffffff;\" title=\"Szakasz szerkeszt\u00e9se: Le\u00edr\u00e1sa\" href=\"https:\/\/hu.wikipedia.org\/w\/index.php?title=Jap%C3%A1n_liliomfa&amp;action=edit&amp;section=1\">szerkeszt\u00e9s<\/a><span class=\"mw-editsection-bracket\">]<\/span><\/span><\/span><\/h2>\n<p><span style=\"color: #ffffff;\">6\u20139 m magasra n\u00f6v\u0151, kezdetben bokros, majd k\u00fap alakra fejl\u0151d\u0151 f\u00e1cska.\u00a0<a style=\"color: #ffffff;\" title=\"Lev\u00e9l (botanika)\" href=\"https:\/\/hu.wikipedia.org\/wiki\/Lev%C3%A9l_(botanika)\">Levelei<\/a>\u00a0elliptikusak vagy vissz\u00e1s toj\u00e1sdadok, fel\u00fcl f\u00e9nyes z\u00f6ldek. M\u00e1rciusban hozza enyh\u00e9n illatos, feh\u00e9r\u00a0<a style=\"color: #ffffff;\" title=\"Vir\u00e1g (botanika)\" href=\"https:\/\/hu.wikipedia.org\/wiki\/Vir%C3%A1g_(botanika)\">vir\u00e1gait<\/a>, amelyek ny\u00e1rra cs\u00edrak\u00e9pes magot \u00e9rlelnek.\u00a0<a style=\"color: #ffffff;\" title=\"Term\u00e9s\" href=\"https:\/\/hu.wikipedia.org\/wiki\/Term%C3%A9s\">Term\u00e9se<\/a>\u00a0pirosas, 10\u201320\u00a0cm hossz\u00fa t\u00fcsz\u0151csokor.<\/span><\/p>\n<h2><span style=\"color: #ffffff;\"><span id=\"Felhaszn.C3.A1l.C3.A1sa\"><\/span><span id=\"Felhaszn\u00e1l\u00e1sa\" class=\"mw-headline\">Felhaszn\u00e1l\u00e1sa<\/span><span class=\"mw-editsection\"><span class=\"mw-editsection-bracket\">[<\/span><a style=\"color: #ffffff;\" title=\"Szakasz szerkeszt\u00e9se: Felhaszn\u00e1l\u00e1sa\" href=\"https:\/\/hu.wikipedia.org\/w\/index.php?title=Jap%C3%A1n_liliomfa&amp;action=edit&amp;section=2\">szerkeszt\u00e9s<\/a><span class=\"mw-editsection-bracket\">]<\/span><\/span><\/span><\/h2>\n<p><span style=\"color: #ffffff;\">A legedzettebb magn\u00f3liafaj: a\u00a0<a style=\"color: #ffffff;\" title=\"Liliomfa\" href=\"https:\/\/hu.wikipedia.org\/wiki\/Liliomfa\">liliomf\u00e1k<\/a>\u00a0t\u00f6bbs\u00e9g\u00e9n\u00e9l kevesebb gondoskod\u00e1st ig\u00e9nyel, ez\u00e9rt\u00a0<a style=\"color: #ffffff;\" title=\"Magyarorsz\u00e1g\" href=\"https:\/\/hu.wikipedia.org\/wiki\/Magyarorsz%C3%A1g\">Magyarorsz\u00e1gon<\/a>\u00a0is t\u00f6bbfel\u00e9 kivadult \u00e9s meghonosodott. A semleges, m\u00e9lyr\u00e9teg\u0171 talajt kedveli, viszonylag v\u00edzig\u00e9nyes, a szennyezett leveg\u0151t nem t\u0171ri.<\/span><\/p>\n<h2><span style=\"color: #ffffff;\"><span id=\"Forr.C3.A1sok\"><\/span><span id=\"Forr\u00e1sok\" class=\"mw-headline\">Forr\u00e1sok<\/span><span class=\"mw-editsection\"><span class=\"mw-editsection-bracket\">[<\/span><a style=\"color: #ffffff;\" title=\"Szakasz szerkeszt\u00e9se: Forr\u00e1sok\" href=\"https:\/\/hu.wikipedia.org\/w\/index.php?title=Jap%C3%A1n_liliomfa&amp;action=edit&amp;section=3\">szerkeszt\u00e9s<\/a><span class=\"mw-editsection-bracket\">]<\/span><\/span><\/span><\/h2>\n<p><span style=\"color: #ffffff;\"><i>pa f\u00e1i.<\/i> Ill. David More, ford. Ill\u00e9s Beatrix. [Budapest]: Kossuth. 2011. 268\u2013269. o.<\/span><\/p>\n<p>&nbsp;<\/p>\n<p><span style=\"color: #ffffff;\">A magn\u00f3li\u00e1t napos, f\u00e9l\u00e1rny\u00e9kos, v\u00e9dett fekv\u00e9s\u0171 helyre \u00fcltess\u00fck. Csak savany\u00fa, \u00a0humuszban, t\u00e1panyagban gazdag talajban fejl\u0151dik \u00e9s vir\u00e1gzik sz\u00e9pen, ez\u00e9rt ez mindenk\u00e9pp biztos\u00edtsuk neki.<\/span><\/p>\n<p><span style=\"color: #ffffff;\">\u00a0<\/span><\/p>\n<p><span style=\"color: #ffffff;\">\u00dcltet\u00e9se:\u00a0<\/span><\/p>\n<p><span style=\"color: #ffffff;\">\u00a0<\/span><\/p>\n<p><span style=\"color: #ffffff;\">\u00daj n\u00f6v\u00e9ny\u00fcnknek \u00e1ssunk egy 2-3x akkora g\u00f6dr\u00f6t, mint a kont\u00e9ner, amiben \u00e9rkezett. A g\u00f6d\u00f6r alj\u00e1t t\u00f6lts\u00fck fel humuszos f\u00f6ldkever\u00e9kkel. Helyezz\u00fck bele a cser\u00e9pb\u0151l kivett n\u00f6v\u00e9nyt \u00e9s a g\u00f6dr\u00f6t t\u00f6lts\u00fck fel a f\u00f6ldkever\u00e9kkel. \u00dcgyelj\u00fcnk r\u00e1, hogy ne ker\u00fclj\u00f6n m\u00e9lyebbre, amint a kis kont\u00e9nerben volt. Alaposan \u00f6nt\u00f6zz\u00fck meg.<\/span><\/p>\n<p><span style=\"color: #ffffff;\">\u00a0<\/span><\/p>\n<p><span style=\"color: #ffffff;\">\u00c9rdemes az \u00fcltet\u00e9A Magnolia kobus (Jap\u00e1n liliomfa, magnolia) a legellen\u00e1ll\u00f3bb az \u00f6sszes kelet-\u00e1zsiai magn\u00f3lia faj k\u00f6z\u00fcl, n\u00e1lunk 8-10 m\u00e9tern\u00e9l ritk\u00e1n lesz nagyobb. Fiatalon gyors n\u00f6veked\u00e9s\u0171, laza bokros szerkezet\u0171, majd k\u00fap alak\u00fara fejl\u0151d\u0151 fa. S\u00f6t\u00e9tz\u00f6ld b\u0151rszer\u0171 levelei 15 cm hossz\u00faak, 9 cm sz\u00e9lesek, toj\u00e1sdadok. A lev\u00e9lfon\u00e1k vil\u00e1gosabb, az erek ment\u00e9n sz\u0151r\u00f6z\u00f6tt. M\u00e1rcius v\u00e9g\u00e9n, \u00e1prilis elej\u00e9n ny\u00edl\u00f3 feh\u00e9r vir\u00e1gai 10 cm-n\u00e9l is kisebbek lehetnek teljes ny\u00edl\u00e1sban, \u00edgy a Magnolia nemzets\u00e9gben legkisebb vir\u00e1got fejleszt\u0151 faj.st nagy gonddal v\u00e9gezni, mert ezzel tudjuk csak a tulip\u00e1nf\u00e1nk sz\u00e1m\u00e1ra biztos\u00edtani a megfelel\u0151 fejl\u0151d\u00e9st.<\/span><\/p>\n","protected":false},"excerpt":{"rendered":"<h3 class=\"LC20lb DKV0Md\">Magnolia grandiflora- \u00d6r\u00f6kz\u00f6ld magn\u00f3lia&#8221;Little Gem&#8221; t\u00f6rzses kb. 105-110 cm<\/h3>\n<p>Lassan n\u00f6v\u0151 fagyt\u0171r\u0151 \u00f6r\u00f6kz\u00f6ld cserje vagy kisebb fa, mely sz\u00e9les, vagy k\u00fapos lombkoron\u00e1val rendelkezik.Hatalmas, 20\u201325 cm sz\u00e9les, kr\u00e9msz\u00edn\u0171 vagy feh\u00e9r, er\u0151sen illatos, kehely alak\u00fa vir\u00e1gai ny\u00e1r elej\u00e9t\u0151l-k\u00f6zep\u00e9t\u0151l kora \u0151szig ny\u00edlnak. A pomp\u00e1s, kr\u00e9mfeh\u00e9r\u00a0 vir\u00e1gok \u00e1tm\u00e9r\u0151je ak\u00e1r a 25 cm-t is lehet.Term\u00e9sei pirosas sz\u00edn\u0171ek, toj\u00e1s alak\u00fa t\u00fcsz\u0151csokrot alkotnak. Levelei \u00e1ltal\u00e1ban olajz\u00f6ldek vagy s\u00f6t\u00e9tz\u00f6ldek, melyek j\u00f3l harmoniz\u00e1lnak a vir\u00e1gaival, a\u00a0levelek fon\u00e1kja v\u00f6r\u00f6sen molyhos. V\u00e9gs\u0151 magass\u00e1g\u00e1nak el\u00e9r\u00e9s\u00e9hez k\u00f6r\u00fclbel\u00fcl 20 \u00e9vre van sz\u00fcks\u00e9ge. Magass\u00e1ga 10-12 m.Napos vagy f\u00e9l\u00e1rny\u00e9kos, j\u00f3 v\u00edz\u00e1tereszt\u0151 k\u00e9pess\u00e9g\u0171, els\u0151dlegesen semleges vagy savas k\u00e9mhat\u00e1s\u00fa talajt kedveli. Szereti a kicsit p\u00e1r\u00e1s k\u00f6rnyezetet, \u00e9s az enyh\u00e9n nyirkosan tartott f\u00f6ldet, t\u00fal\u00f6nt\u00f6zni nem szabad. Eredeti term\u0151hely\u00e9n ak\u00e1r 30 m magasra is megn\u0151het. S\u0171r\u0171 koron\u00e1ja sz\u00e9lesen k\u00fapos; id\u0151nk\u00e9nt g\u00f6mb\u00f6lydedd\u00e9 fejl\u0151dik.<\/p>","protected":false},"featured_media":4513,"template":"","meta":{"_et_pb_use_builder":"","_et_pb_old_content":"","_et_gb_content_width":""},"product_brand":[],"product_cat":[28,26],"product_tag":[99,1510,909],"class_list":{"0":"post-4510","1":"product","2":"type-product","3":"status-publish","4":"has-post-thumbnail","6":"product_cat-diszfak","7":"product_cat-orokzold-novenyek","8":"product_tag-magnolia","9":"product_tag-magnolia-grandiflora-little-gem","10":"product_tag-torzses","12":"first","13":"outofstock","14":"shipping-taxable","15":"product-type-simple"},"yoast_head":"<!-- This site is optimized with the Yoast SEO plugin v27.3 - https:\/\/yoast.com\/product\/yoast-seo-wordpress\/ -->\n<title>Magnolia grandiflora- \u00d6r\u00f6kz\u00f6ld magn\u00f3lia&quot;Little Gem&quot; t\u00f6rzses kb. 105-110 cm - T\u00e1jkert\u00e9sz<\/title>\n<meta name=\"description\" content=\"Magnolia grandiflora- \u00d6r\u00f6kz\u00f6ld magn\u00f3lia&quot;Little Gem&quot; t\u00f6rzses kb. 105-110 cm Lassan n\u00f6v\u0151 fagyt\u0171r\u0151 \u00f6r\u00f6kz\u00f6ld cserje vagy kisebb fa\" \/>\n<meta name=\"robots\" content=\"index, follow, max-snippet:-1, max-image-preview:large, max-video-preview:-1\" \/>\n<link rel=\"canonical\" href=\"https:\/\/tajkertesz.com\/en_US\/product\/magnolia-grandiflora-orokzold-magnolialittle-gem-torzses-kb-105-110-cm\/\" \/>\n<meta property=\"og:locale\" content=\"en_US\" \/>\n<meta property=\"og:type\" content=\"article\" \/>\n<meta property=\"og:title\" content=\"Magnolia grandiflora- \u00d6r\u00f6kz\u00f6ld magn\u00f3lia&quot;Little Gem&quot; t\u00f6rzses kb. 105-110 cm - T\u00e1jkert\u00e9sz\" \/>\n<meta property=\"og:description\" content=\"Magnolia grandiflora- \u00d6r\u00f6kz\u00f6ld magn\u00f3lia&quot;Little Gem&quot; t\u00f6rzses kb. 105-110 cm Lassan n\u00f6v\u0151 fagyt\u0171r\u0151 \u00f6r\u00f6kz\u00f6ld cserje vagy kisebb fa\" \/>\n<meta property=\"og:url\" content=\"https:\/\/tajkertesz.com\/en_US\/product\/magnolia-grandiflora-orokzold-magnolialittle-gem-torzses-kb-105-110-cm\/\" \/>\n<meta property=\"og:site_name\" content=\"T\u00e1jkert\u00e9sz\" \/>\n<meta property=\"article:publisher\" content=\"https:\/\/www.facebook.com\/Tajkertesz\/\" \/>\n<meta property=\"article:modified_time\" content=\"2026-02-24T15:25:14+00:00\" \/>\n<meta property=\"og:image\" content=\"https:\/\/tajkertesz.com\/wp-content\/uploads\/2021\/05\/IMG_20210511_080729-cut-adjust-contrast_28a8c23c_1-568x1024.png\" \/>\n\t<meta property=\"og:image:width\" content=\"568\" \/>\n\t<meta property=\"og:image:height\" content=\"1024\" \/>\n\t<meta property=\"og:image:type\" content=\"image\/png\" \/>\n<meta name=\"twitter:card\" content=\"summary_large_image\" \/>\n<meta name=\"twitter:label1\" content=\"Est. reading time\" \/>\n\t<meta name=\"twitter:data1\" content=\"3 minutes\" \/>\n<script type=\"application\/ld+json\" class=\"yoast-schema-graph\">{\"@context\":\"https:\\\/\\\/schema.org\",\"@graph\":[{\"@type\":\"WebPage\",\"@id\":\"https:\\\/\\\/tajkertesz.com\\\/termek\\\/magnolia-grandiflora-orokzold-magnolialittle-gem-torzses-kb-105-110-cm\\\/\",\"url\":\"https:\\\/\\\/tajkertesz.com\\\/termek\\\/magnolia-grandiflora-orokzold-magnolialittle-gem-torzses-kb-105-110-cm\\\/\",\"name\":\"Magnolia grandiflora- \u00d6r\u00f6kz\u00f6ld magn\u00f3lia\\\"Little Gem\\\" t\u00f6rzses kb. 105-110 cm - T\u00e1jkert\u00e9sz\",\"isPartOf\":{\"@id\":\"https:\\\/\\\/tajkertesz.com\\\/#website\"},\"primaryImageOfPage\":{\"@id\":\"https:\\\/\\\/tajkertesz.com\\\/termek\\\/magnolia-grandiflora-orokzold-magnolialittle-gem-torzses-kb-105-110-cm\\\/#primaryimage\"},\"image\":{\"@id\":\"https:\\\/\\\/tajkertesz.com\\\/termek\\\/magnolia-grandiflora-orokzold-magnolialittle-gem-torzses-kb-105-110-cm\\\/#primaryimage\"},\"thumbnailUrl\":\"https:\\\/\\\/tajkertesz.com\\\/wp-content\\\/uploads\\\/2021\\\/05\\\/IMG_20210511_080729-cut-adjust-contrast_28a8c23c_1.png\",\"datePublished\":\"2021-05-11T09:45:03+00:00\",\"dateModified\":\"2026-02-24T15:25:14+00:00\",\"description\":\"Magnolia grandiflora- \u00d6r\u00f6kz\u00f6ld magn\u00f3lia\\\"Little Gem\\\" t\u00f6rzses kb. 105-110 cm Lassan n\u00f6v\u0151 fagyt\u0171r\u0151 \u00f6r\u00f6kz\u00f6ld cserje vagy kisebb fa\",\"breadcrumb\":{\"@id\":\"https:\\\/\\\/tajkertesz.com\\\/termek\\\/magnolia-grandiflora-orokzold-magnolialittle-gem-torzses-kb-105-110-cm\\\/#breadcrumb\"},\"inLanguage\":\"en-US\",\"potentialAction\":[{\"@type\":\"ReadAction\",\"target\":[\"https:\\\/\\\/tajkertesz.com\\\/termek\\\/magnolia-grandiflora-orokzold-magnolialittle-gem-torzses-kb-105-110-cm\\\/\"]}]},{\"@type\":\"ImageObject\",\"inLanguage\":\"en-US\",\"@id\":\"https:\\\/\\\/tajkertesz.com\\\/termek\\\/magnolia-grandiflora-orokzold-magnolialittle-gem-torzses-kb-105-110-cm\\\/#primaryimage\",\"url\":\"https:\\\/\\\/tajkertesz.com\\\/wp-content\\\/uploads\\\/2021\\\/05\\\/IMG_20210511_080729-cut-adjust-contrast_28a8c23c_1.png\",\"contentUrl\":\"https:\\\/\\\/tajkertesz.com\\\/wp-content\\\/uploads\\\/2021\\\/05\\\/IMG_20210511_080729-cut-adjust-contrast_28a8c23c_1.png\",\"width\":2139,\"height\":3858},{\"@type\":\"BreadcrumbList\",\"@id\":\"https:\\\/\\\/tajkertesz.com\\\/termek\\\/magnolia-grandiflora-orokzold-magnolialittle-gem-torzses-kb-105-110-cm\\\/#breadcrumb\",\"itemListElement\":[{\"@type\":\"ListItem\",\"position\":1,\"name\":\"Home\",\"item\":\"https:\\\/\\\/tajkertesz.com\\\/\"},{\"@type\":\"ListItem\",\"position\":2,\"name\":\"Kezd\u0151lap\",\"item\":\"https:\\\/\\\/tajkertesz.com\\\/\"},{\"@type\":\"ListItem\",\"position\":3,\"name\":\"Magnolia grandiflora- \u00d6r\u00f6kz\u00f6ld magn\u00f3lia&#8221;Little Gem&#8221; t\u00f6rzses kb. 105-110 cm\"}]},{\"@type\":\"WebSite\",\"@id\":\"https:\\\/\\\/tajkertesz.com\\\/#website\",\"url\":\"https:\\\/\\\/tajkertesz.com\\\/\",\"name\":\"T\u00e1j-Kert\u00e9sz 84 Kft.\",\"description\":\"Kert\u00e9szeti kis- \u00e9s nagykeresked\u00e9s, D\u00edszn\u00f6v\u00e9ny web\u00e1ruh\u00e1z orsz\u00e1gos h\u00e1zhozsz\u00e1ll\u00edt\u00e1ssal!\",\"publisher\":{\"@id\":\"https:\\\/\\\/tajkertesz.com\\\/#organization\"},\"potentialAction\":[{\"@type\":\"SearchAction\",\"target\":{\"@type\":\"EntryPoint\",\"urlTemplate\":\"https:\\\/\\\/tajkertesz.com\\\/?s={search_term_string}\"},\"query-input\":{\"@type\":\"PropertyValueSpecification\",\"valueRequired\":true,\"valueName\":\"search_term_string\"}}],\"inLanguage\":\"en-US\"},{\"@type\":\"Organization\",\"@id\":\"https:\\\/\\\/tajkertesz.com\\\/#organization\",\"name\":\"T\u00e1j-Kert\u00e9sz 84 Kft.\",\"url\":\"https:\\\/\\\/tajkertesz.com\\\/\",\"logo\":{\"@type\":\"ImageObject\",\"inLanguage\":\"en-US\",\"@id\":\"https:\\\/\\\/tajkertesz.com\\\/#\\\/schema\\\/logo\\\/image\\\/\",\"url\":\"https:\\\/\\\/tajkertesz.com\\\/wp-content\\\/uploads\\\/2018\\\/02\\\/logo-2-e1518678052539.png\",\"contentUrl\":\"https:\\\/\\\/tajkertesz.com\\\/wp-content\\\/uploads\\\/2018\\\/02\\\/logo-2-e1518678052539.png\",\"width\":81,\"height\":140,\"caption\":\"T\u00e1j-Kert\u00e9sz 84 Kft.\"},\"image\":{\"@id\":\"https:\\\/\\\/tajkertesz.com\\\/#\\\/schema\\\/logo\\\/image\\\/\"},\"sameAs\":[\"https:\\\/\\\/www.facebook.com\\\/Tajkertesz\\\/\"]}]}<\/script>\n<!-- \/ Yoast SEO plugin. -->","yoast_head_json":{"title":"Magnolia grandiflora- \u00d6r\u00f6kz\u00f6ld magn\u00f3lia\"Little Gem\" t\u00f6rzses kb. 105-110 cm - T\u00e1jkert\u00e9sz","description":"Magnolia grandiflora- \u00d6r\u00f6kz\u00f6ld magn\u00f3lia\"Little Gem\" t\u00f6rzses kb. 105-110 cm Lassan n\u00f6v\u0151 fagyt\u0171r\u0151 \u00f6r\u00f6kz\u00f6ld cserje vagy kisebb fa","robots":{"index":"index","follow":"follow","max-snippet":"max-snippet:-1","max-image-preview":"max-image-preview:large","max-video-preview":"max-video-preview:-1"},"canonical":"https:\/\/tajkertesz.com\/en_US\/product\/magnolia-grandiflora-orokzold-magnolialittle-gem-torzses-kb-105-110-cm\/","og_locale":"en_US","og_type":"article","og_title":"Magnolia grandiflora- \u00d6r\u00f6kz\u00f6ld magn\u00f3lia\"Little Gem\" t\u00f6rzses kb. 105-110 cm - T\u00e1jkert\u00e9sz","og_description":"Magnolia grandiflora- \u00d6r\u00f6kz\u00f6ld magn\u00f3lia\"Little Gem\" t\u00f6rzses kb. 105-110 cm Lassan n\u00f6v\u0151 fagyt\u0171r\u0151 \u00f6r\u00f6kz\u00f6ld cserje vagy kisebb fa","og_url":"https:\/\/tajkertesz.com\/en_US\/product\/magnolia-grandiflora-orokzold-magnolialittle-gem-torzses-kb-105-110-cm\/","og_site_name":"T\u00e1jkert\u00e9sz","article_publisher":"https:\/\/www.facebook.com\/Tajkertesz\/","article_modified_time":"2026-02-24T15:25:14+00:00","og_image":[{"width":568,"height":1024,"url":"https:\/\/tajkertesz.com\/wp-content\/uploads\/2021\/05\/IMG_20210511_080729-cut-adjust-contrast_28a8c23c_1-568x1024.png","type":"image\/png"}],"twitter_card":"summary_large_image","twitter_misc":{"Est. reading time":"3 minutes"},"schema":{"@context":"https:\/\/schema.org","@graph":[{"@type":"WebPage","@id":"https:\/\/tajkertesz.com\/termek\/magnolia-grandiflora-orokzold-magnolialittle-gem-torzses-kb-105-110-cm\/","url":"https:\/\/tajkertesz.com\/termek\/magnolia-grandiflora-orokzold-magnolialittle-gem-torzses-kb-105-110-cm\/","name":"Magnolia grandiflora- \u00d6r\u00f6kz\u00f6ld magn\u00f3lia\"Little Gem\" t\u00f6rzses kb. 105-110 cm - T\u00e1jkert\u00e9sz","isPartOf":{"@id":"https:\/\/tajkertesz.com\/#website"},"primaryImageOfPage":{"@id":"https:\/\/tajkertesz.com\/termek\/magnolia-grandiflora-orokzold-magnolialittle-gem-torzses-kb-105-110-cm\/#primaryimage"},"image":{"@id":"https:\/\/tajkertesz.com\/termek\/magnolia-grandiflora-orokzold-magnolialittle-gem-torzses-kb-105-110-cm\/#primaryimage"},"thumbnailUrl":"https:\/\/tajkertesz.com\/wp-content\/uploads\/2021\/05\/IMG_20210511_080729-cut-adjust-contrast_28a8c23c_1.png","datePublished":"2021-05-11T09:45:03+00:00","dateModified":"2026-02-24T15:25:14+00:00","description":"Magnolia grandiflora- \u00d6r\u00f6kz\u00f6ld magn\u00f3lia\"Little Gem\" t\u00f6rzses kb. 105-110 cm Lassan n\u00f6v\u0151 fagyt\u0171r\u0151 \u00f6r\u00f6kz\u00f6ld cserje vagy kisebb fa","breadcrumb":{"@id":"https:\/\/tajkertesz.com\/termek\/magnolia-grandiflora-orokzold-magnolialittle-gem-torzses-kb-105-110-cm\/#breadcrumb"},"inLanguage":"en-US","potentialAction":[{"@type":"ReadAction","target":["https:\/\/tajkertesz.com\/termek\/magnolia-grandiflora-orokzold-magnolialittle-gem-torzses-kb-105-110-cm\/"]}]},{"@type":"ImageObject","inLanguage":"en-US","@id":"https:\/\/tajkertesz.com\/termek\/magnolia-grandiflora-orokzold-magnolialittle-gem-torzses-kb-105-110-cm\/#primaryimage","url":"https:\/\/tajkertesz.com\/wp-content\/uploads\/2021\/05\/IMG_20210511_080729-cut-adjust-contrast_28a8c23c_1.png","contentUrl":"https:\/\/tajkertesz.com\/wp-content\/uploads\/2021\/05\/IMG_20210511_080729-cut-adjust-contrast_28a8c23c_1.png","width":2139,"height":3858},{"@type":"BreadcrumbList","@id":"https:\/\/tajkertesz.com\/termek\/magnolia-grandiflora-orokzold-magnolialittle-gem-torzses-kb-105-110-cm\/#breadcrumb","itemListElement":[{"@type":"ListItem","position":1,"name":"Home","item":"https:\/\/tajkertesz.com\/"},{"@type":"ListItem","position":2,"name":"Kezd\u0151lap","item":"https:\/\/tajkertesz.com\/"},{"@type":"ListItem","position":3,"name":"Magnolia grandiflora- \u00d6r\u00f6kz\u00f6ld magn\u00f3lia&#8221;Little Gem&#8221; t\u00f6rzses kb. 105-110 cm"}]},{"@type":"WebSite","@id":"https:\/\/tajkertesz.com\/#website","url":"https:\/\/tajkertesz.com\/","name":"T\u00e1j-Kert\u00e9sz 84 Kft.","description":"Kert\u00e9szeti kis- \u00e9s nagykeresked\u00e9s, D\u00edszn\u00f6v\u00e9ny web\u00e1ruh\u00e1z orsz\u00e1gos h\u00e1zhozsz\u00e1ll\u00edt\u00e1ssal!","publisher":{"@id":"https:\/\/tajkertesz.com\/#organization"},"potentialAction":[{"@type":"SearchAction","target":{"@type":"EntryPoint","urlTemplate":"https:\/\/tajkertesz.com\/?s={search_term_string}"},"query-input":{"@type":"PropertyValueSpecification","valueRequired":true,"valueName":"search_term_string"}}],"inLanguage":"en-US"},{"@type":"Organization","@id":"https:\/\/tajkertesz.com\/#organization","name":"T\u00e1j-Kert\u00e9sz 84 Kft.","url":"https:\/\/tajkertesz.com\/","logo":{"@type":"ImageObject","inLanguage":"en-US","@id":"https:\/\/tajkertesz.com\/#\/schema\/logo\/image\/","url":"https:\/\/tajkertesz.com\/wp-content\/uploads\/2018\/02\/logo-2-e1518678052539.png","contentUrl":"https:\/\/tajkertesz.com\/wp-content\/uploads\/2018\/02\/logo-2-e1518678052539.png","width":81,"height":140,"caption":"T\u00e1j-Kert\u00e9sz 84 Kft."},"image":{"@id":"https:\/\/tajkertesz.com\/#\/schema\/logo\/image\/"},"sameAs":["https:\/\/www.facebook.com\/Tajkertesz\/"]}]}},"_links":{"self":[{"href":"https:\/\/tajkertesz.com\/en_US\/wp-json\/wp\/v2\/product\/4510","targetHints":{"allow":["GET"]}}],"collection":[{"href":"https:\/\/tajkertesz.com\/en_US\/wp-json\/wp\/v2\/product"}],"about":[{"href":"https:\/\/tajkertesz.com\/en_US\/wp-json\/wp\/v2\/types\/product"}],"wp:featuredmedia":[{"embeddable":true,"href":"https:\/\/tajkertesz.com\/en_US\/wp-json\/wp\/v2\/media\/4513"}],"wp:attachment":[{"href":"https:\/\/tajkertesz.com\/en_US\/wp-json\/wp\/v2\/media?parent=4510"}],"wp:term":[{"taxonomy":"product_brand","embeddable":true,"href":"https:\/\/tajkertesz.com\/en_US\/wp-json\/wp\/v2\/product_brand?post=4510"},{"taxonomy":"product_cat","embeddable":true,"href":"https:\/\/tajkertesz.com\/en_US\/wp-json\/wp\/v2\/product_cat?post=4510"},{"taxonomy":"product_tag","embeddable":true,"href":"https:\/\/tajkertesz.com\/en_US\/wp-json\/wp\/v2\/product_tag?post=4510"}],"curies":[{"name":"wp","href":"https:\/\/api.w.org\/{rel}","templated":true}]}}