{"id":4538,"date":"2021-05-11T10:33:29","date_gmt":"2021-05-11T10:33:29","guid":{"rendered":"https:\/\/tajkertesz.com\/?post_type=product&#038;p=4538"},"modified":"2026-02-17T14:21:31","modified_gmt":"2026-02-17T14:21:31","slug":"nortene-picpic-sun-figura-fembol-barna-34x22x22-cm","status":"publish","type":"product","link":"https:\/\/tajkertesz.com\/en_US\/product\/nortene-picpic-sun-figura-fembol-barna-34x22x22-cm\/","title":{"rendered":"Nortene Picpic S\u00fcn figura f\u00e9mb\u0151l barna 34x22x22 cm 24-400-3"},"content":{"rendered":"<h1 class=\"page-head-title product-page-head-title position-relative\">Nortene Picpic S\u00fcn figura f\u00e9mb\u0151l barna 34x22x22 cm<\/h1>\n<p class=\"page-head-title product-page-head-title position-relative\"><span class=\"product-page-product-name\">Nortene Picpic S\u00fcn figura f\u00e9mb\u0151l barna 34x22x22 cm, S\u00fcndiszn\u00f3 figura vir\u00e1g\u00e1gy\u00e1s mell\u00e9.<br \/>\nRozsd\u00e1s hat\u00e1s\u00fa f\u00e9m.\u00a0<\/span><\/p>\n<p>Nagyon sz\u00e9p d\u00edsz\u00edt\u0151 elemek lehetnek a kertben, teraszon.<\/p>\n<h2><span id=\"Elterjed\u00e9s\" class=\"mw-headline\" style=\"color: #ffffff;\">A s\u00fcnf\u00e9l\u00e9kr\u0151l kicsit b\u0151vebben:<\/span><\/h2>\n<p><span style=\"color: #ffffff;\">Manaps\u00e1g Eur\u00f3pa,\u00a0 \u00c1zsia \u00e9s Afrika ter\u00fcletein \u00e9lnek, viszont egyes fosszilis nemek \u00e9szak- Amerikai el\u0151fordul\u00e1sr\u00f3l is tan\u00faskodnak. F\u0151leg \u00e9jszaka mozognak \u00e9s \u00e1ltal\u00e1ban mag\u00e1nyosak. A m\u00e9rs\u00e9kelt \u00f6v\u00f6n \u00e9l\u0151k t\u00e9li \u00e1lmot alszanak. A s\u00fcn\u00f6k els\u0151sorban rovarev\u0151k, de megeszik a csig\u00e1kat, a f\u00e9rgeket, a mad\u00e1rfi\u00f3k\u00e1kat \u00e9s a toj\u00e1sokat is. Ha alkalmuk ad\u00f3dik, az egerek k\u00f6lykeit, d\u00f6g\u00f6ket, gy\u00edkokat \u00e9s ak\u00e1r\u00a0 k\u00edgy\u00f3kat sem vetik meg. Ugyan\u00fagy az emberek h\u00e1zi kedvenceik t\u00e1pl\u00e1l\u00e9k\u00e1t is megd\u00e9zsm\u00e1lhatj\u00e1k. Hab\u00e1r kism\u00e9ret\u0171 eml\u0151s\u00f6k, a csal\u00e1don bel\u00fcl nagy a v\u00e1ltozatoss\u00e1g, a 10-15 centim\u00e9teres \u00e9s 40-60 grammos t\u00f6rpe sz\u0151r\u00f6ss\u00fcnt\u0151l<i>(Hylomys suillus)<\/i> eg\u00e9szen a 26-45 centim\u00e9teres \u00e9s 1000-1400 grammos nagy sz\u0151r\u00f6ss\u00fcnig <i>(Echinosorex gymnura)<\/i>.<\/span><\/p>\n<p><span style=\"color: #ffffff;\">Az eur\u00f3pai s\u00fcn hossza 15-30 centim\u00e9ter, testt\u00f6mege \u00e1tlagosan 800 gramm, de a 2000 grammot is el\u00e9rheti. K\u00fcltakar\u00f3j\u00e1n a sz\u0151rsz\u00e1lak k\u00f6z\u00f6tt s\u0171r\u0171n elhelyezked\u0151 hegyes t\u00fcsk\u00e9k vannak. A s\u00fcn h\u00e1t\u00e1n 5000-7000 darab, 2-3 centim\u00e9ter hossz\u00fas\u00e1g\u00fa t\u00fcske tal\u00e1lhat\u00f3. Minden egyes t\u00fcske nagyj\u00e1b\u00f3l egy \u00e9vig tart, majd kiesik, hogy \u00fajabb t\u00fcsk\u00e9nek adjon helyet. A s\u00fcnt\u00fcske \u00fcreges \u00e9s ruganyos. A b\u0151rb\u0151l kil\u00e9p\u0151, hajl\u00e9kony nyaki alapj\u00e1b\u00f3l \u00fajul meg. A s\u00fcnt\u00fcske v\u00e9ge puha g\u00f6mbben v\u00e9gz\u0151dik, ez fogja fel a hirtelen \u00fct\u00e9seket vagy zuhan\u00e1skor az es\u00e9s erej\u00e9t. A t\u00fcske rugalmas nyaka ilyenkor elhajlik, \u00e9s az \u00e1llat nem s\u00e9r\u00fcl meg. B\u0151rizomzata fejlett, ez\u00e9rt vesz\u00e9ly eset\u00e9n t\u00fcsk\u00e9s labd\u00e1v\u00e1 tud g\u00f6mb\u00f6ly\u00f6dni.<\/span><\/p>\n<div id=\"bodyContent\" class=\"mw-body-content\">\n<div id=\"mw-content-text\" class=\"mw-content-ltr\" dir=\"ltr\" lang=\"hu\">\n<div id=\"bodyContent\" class=\"mw-body-content\">\n<div id=\"mw-content-text\" class=\"mw-content-ltr\" dir=\"ltr\" lang=\"hu\">\n<p>Kisz\u00e1ll\u00edt\u00e1s: 200 cm \u00e9s 40 kg is a sz\u00e1ll\u00edt\u00e1s fut\u00e1rszolg\u00e1lattal t\u00f6rt\u00e9nik.<\/p>\n<\/div>\n<\/div>\n<\/div>\n<\/div>\n<p style=\"line-height: 18.0pt; background: white; margin: 0cm 0cm 15.0pt 0cm;\"><b><span style=\"font-family: 'Ubuntu',serif; color: black;\">K\u00e9szlet\u00fcnk napi szinten v\u00e1ltozik, ez\u00e9rt k\u00e9rj\u00fck, \u00e9rdekl\u0151dj\u00f6n szem\u00e9lyesen, telefonon vagy email-en.<br \/>\nA v\u00e1ltoztat\u00e1s jog\u00e1t fenntartjuk!\u00a0<\/span><\/b><\/p>\n<p><a href=\"https:\/\/tajkertesz.com\/\">https:\/\/tajkertesz.com\/<\/a><\/p>\n<p><a href=\"https:\/\/www.nortene.hu\/\">https:\/\/www.nortene.hu\/<\/a><\/p>\n<p>M\u00e9rete: <span class=\"product-page-product-name\">34x22x22 cm<\/span><\/p>","protected":false},"excerpt":{"rendered":"<h1 class=\"page-head-title product-page-head-title position-relative\">Nortene Picpic S\u00fcn figura f\u00e9mb\u0151l barna 34x22x22 cm<\/h1>\n<p class=\"page-head-title product-page-head-title position-relative\">S\u00fcndiszn\u00f3 figura vir\u00e1g\u00e1gy\u00e1s mell\u00e9.<br \/>\nRozsd\u00e1s hat\u00e1s\u00fa f\u00e9m.<\/p>","protected":false},"featured_media":4539,"template":"","meta":{"_et_pb_use_builder":"","_et_pb_old_content":"","_et_gb_content_width":""},"product_brand":[],"product_cat":[1361],"product_tag":[1515],"class_list":{"0":"post-4538","1":"product","2":"type-product","3":"status-publish","4":"has-post-thumbnail","6":"product_cat-keramia-agyag-es-fem-figurak","7":"product_tag-sun-figura-fembol","9":"first","10":"instock","11":"shipping-taxable","12":"purchasable","13":"product-type-simple"},"yoast_head":"<!-- This site is optimized with the Yoast SEO plugin v27.5 - https:\/\/yoast.com\/product\/yoast-seo-wordpress\/ -->\n<title>Nortene Picpic S\u00fcn figura f\u00e9mb\u0151l barna 34x22x22 cm 24-400-3 - T\u00e1jkert\u00e9sz<\/title>\n<meta name=\"description\" content=\"Nortene Picpic S\u00fcn figura f\u00e9mb\u0151l barna 34x22x22 cm S\u00fcndiszn\u00f3 figura vir\u00e1g\u00e1gy\u00e1s mell\u00e9.Rozsd\u00e1s hat\u00e1s\u00fa f\u00e9m.\" \/>\n<meta name=\"robots\" content=\"index, follow, max-snippet:-1, max-image-preview:large, max-video-preview:-1\" \/>\n<link rel=\"canonical\" href=\"https:\/\/tajkertesz.com\/en_US\/product\/nortene-picpic-sun-figura-fembol-barna-34x22x22-cm\/\" \/>\n<meta property=\"og:locale\" content=\"en_US\" \/>\n<meta property=\"og:type\" content=\"article\" \/>\n<meta property=\"og:title\" content=\"Nortene Picpic S\u00fcn figura f\u00e9mb\u0151l barna 34x22x22 cm 24-400-3 - T\u00e1jkert\u00e9sz\" \/>\n<meta property=\"og:description\" content=\"Nortene Picpic S\u00fcn figura f\u00e9mb\u0151l barna 34x22x22 cm S\u00fcndiszn\u00f3 figura vir\u00e1g\u00e1gy\u00e1s mell\u00e9.Rozsd\u00e1s hat\u00e1s\u00fa f\u00e9m.\" \/>\n<meta property=\"og:url\" content=\"https:\/\/tajkertesz.com\/en_US\/product\/nortene-picpic-sun-figura-fembol-barna-34x22x22-cm\/\" \/>\n<meta property=\"og:site_name\" content=\"T\u00e1jkert\u00e9sz\" \/>\n<meta property=\"article:publisher\" content=\"https:\/\/www.facebook.com\/Tajkertesz\/\" \/>\n<meta property=\"article:modified_time\" content=\"2026-02-17T14:21:31+00:00\" \/>\n<meta property=\"og:image\" content=\"https:\/\/tajkertesz.com\/wp-content\/uploads\/2021\/05\/2010167A.jpg\" \/>\n\t<meta property=\"og:image:width\" content=\"550\" \/>\n\t<meta property=\"og:image:height\" content=\"550\" \/>\n\t<meta property=\"og:image:type\" content=\"image\/jpeg\" \/>\n<meta name=\"twitter:card\" content=\"summary_large_image\" \/>\n<meta name=\"twitter:label1\" content=\"Est. reading time\" \/>\n\t<meta name=\"twitter:data1\" content=\"2 minutes\" \/>\n<script type=\"application\/ld+json\" class=\"yoast-schema-graph\">{\"@context\":\"https:\\\/\\\/schema.org\",\"@graph\":[{\"@type\":\"WebPage\",\"@id\":\"https:\\\/\\\/tajkertesz.com\\\/termek\\\/nortene-picpic-sun-figura-fembol-barna-34x22x22-cm\\\/\",\"url\":\"https:\\\/\\\/tajkertesz.com\\\/termek\\\/nortene-picpic-sun-figura-fembol-barna-34x22x22-cm\\\/\",\"name\":\"Nortene Picpic S\u00fcn figura f\u00e9mb\u0151l barna 34x22x22 cm 24-400-3 - T\u00e1jkert\u00e9sz\",\"isPartOf\":{\"@id\":\"https:\\\/\\\/tajkertesz.com\\\/#website\"},\"primaryImageOfPage\":{\"@id\":\"https:\\\/\\\/tajkertesz.com\\\/termek\\\/nortene-picpic-sun-figura-fembol-barna-34x22x22-cm\\\/#primaryimage\"},\"image\":{\"@id\":\"https:\\\/\\\/tajkertesz.com\\\/termek\\\/nortene-picpic-sun-figura-fembol-barna-34x22x22-cm\\\/#primaryimage\"},\"thumbnailUrl\":\"https:\\\/\\\/tajkertesz.com\\\/wp-content\\\/uploads\\\/2021\\\/05\\\/2010167A.jpg\",\"datePublished\":\"2021-05-11T10:33:29+00:00\",\"dateModified\":\"2026-02-17T14:21:31+00:00\",\"description\":\"Nortene Picpic S\u00fcn figura f\u00e9mb\u0151l barna 34x22x22 cm S\u00fcndiszn\u00f3 figura vir\u00e1g\u00e1gy\u00e1s mell\u00e9.Rozsd\u00e1s hat\u00e1s\u00fa f\u00e9m.\",\"breadcrumb\":{\"@id\":\"https:\\\/\\\/tajkertesz.com\\\/termek\\\/nortene-picpic-sun-figura-fembol-barna-34x22x22-cm\\\/#breadcrumb\"},\"inLanguage\":\"en-US\",\"potentialAction\":[{\"@type\":\"ReadAction\",\"target\":[\"https:\\\/\\\/tajkertesz.com\\\/termek\\\/nortene-picpic-sun-figura-fembol-barna-34x22x22-cm\\\/\"]}]},{\"@type\":\"ImageObject\",\"inLanguage\":\"en-US\",\"@id\":\"https:\\\/\\\/tajkertesz.com\\\/termek\\\/nortene-picpic-sun-figura-fembol-barna-34x22x22-cm\\\/#primaryimage\",\"url\":\"https:\\\/\\\/tajkertesz.com\\\/wp-content\\\/uploads\\\/2021\\\/05\\\/2010167A.jpg\",\"contentUrl\":\"https:\\\/\\\/tajkertesz.com\\\/wp-content\\\/uploads\\\/2021\\\/05\\\/2010167A.jpg\",\"width\":550,\"height\":550},{\"@type\":\"BreadcrumbList\",\"@id\":\"https:\\\/\\\/tajkertesz.com\\\/termek\\\/nortene-picpic-sun-figura-fembol-barna-34x22x22-cm\\\/#breadcrumb\",\"itemListElement\":[{\"@type\":\"ListItem\",\"position\":1,\"name\":\"Home\",\"item\":\"https:\\\/\\\/tajkertesz.com\\\/\"},{\"@type\":\"ListItem\",\"position\":2,\"name\":\"Kezd\u0151lap\",\"item\":\"https:\\\/\\\/tajkertesz.com\\\/\"},{\"@type\":\"ListItem\",\"position\":3,\"name\":\"Nortene Picpic S\u00fcn figura f\u00e9mb\u0151l barna 34x22x22 cm 24-400-3\"}]},{\"@type\":\"WebSite\",\"@id\":\"https:\\\/\\\/tajkertesz.com\\\/#website\",\"url\":\"https:\\\/\\\/tajkertesz.com\\\/\",\"name\":\"T\u00e1j-Kert\u00e9sz 84 Kft.\",\"description\":\"Kert\u00e9szeti kis- \u00e9s nagykeresked\u00e9s, D\u00edszn\u00f6v\u00e9ny web\u00e1ruh\u00e1z orsz\u00e1gos h\u00e1zhozsz\u00e1ll\u00edt\u00e1ssal!\",\"publisher\":{\"@id\":\"https:\\\/\\\/tajkertesz.com\\\/#organization\"},\"potentialAction\":[{\"@type\":\"SearchAction\",\"target\":{\"@type\":\"EntryPoint\",\"urlTemplate\":\"https:\\\/\\\/tajkertesz.com\\\/?s={search_term_string}\"},\"query-input\":{\"@type\":\"PropertyValueSpecification\",\"valueRequired\":true,\"valueName\":\"search_term_string\"}}],\"inLanguage\":\"en-US\"},{\"@type\":\"Organization\",\"@id\":\"https:\\\/\\\/tajkertesz.com\\\/#organization\",\"name\":\"T\u00e1j-Kert\u00e9sz 84 Kft.\",\"url\":\"https:\\\/\\\/tajkertesz.com\\\/\",\"logo\":{\"@type\":\"ImageObject\",\"inLanguage\":\"en-US\",\"@id\":\"https:\\\/\\\/tajkertesz.com\\\/#\\\/schema\\\/logo\\\/image\\\/\",\"url\":\"https:\\\/\\\/tajkertesz.com\\\/wp-content\\\/uploads\\\/2018\\\/02\\\/logo-2-e1518678052539.png\",\"contentUrl\":\"https:\\\/\\\/tajkertesz.com\\\/wp-content\\\/uploads\\\/2018\\\/02\\\/logo-2-e1518678052539.png\",\"width\":81,\"height\":140,\"caption\":\"T\u00e1j-Kert\u00e9sz 84 Kft.\"},\"image\":{\"@id\":\"https:\\\/\\\/tajkertesz.com\\\/#\\\/schema\\\/logo\\\/image\\\/\"},\"sameAs\":[\"https:\\\/\\\/www.facebook.com\\\/Tajkertesz\\\/\"]}]}<\/script>\n<!-- \/ Yoast SEO plugin. -->","yoast_head_json":{"title":"Nortene Picpic S\u00fcn figura f\u00e9mb\u0151l barna 34x22x22 cm 24-400-3 - T\u00e1jkert\u00e9sz","description":"Nortene Picpic S\u00fcn figura f\u00e9mb\u0151l barna 34x22x22 cm S\u00fcndiszn\u00f3 figura vir\u00e1g\u00e1gy\u00e1s mell\u00e9.Rozsd\u00e1s hat\u00e1s\u00fa f\u00e9m.","robots":{"index":"index","follow":"follow","max-snippet":"max-snippet:-1","max-image-preview":"max-image-preview:large","max-video-preview":"max-video-preview:-1"},"canonical":"https:\/\/tajkertesz.com\/en_US\/product\/nortene-picpic-sun-figura-fembol-barna-34x22x22-cm\/","og_locale":"en_US","og_type":"article","og_title":"Nortene Picpic S\u00fcn figura f\u00e9mb\u0151l barna 34x22x22 cm 24-400-3 - T\u00e1jkert\u00e9sz","og_description":"Nortene Picpic S\u00fcn figura f\u00e9mb\u0151l barna 34x22x22 cm S\u00fcndiszn\u00f3 figura vir\u00e1g\u00e1gy\u00e1s mell\u00e9.Rozsd\u00e1s hat\u00e1s\u00fa f\u00e9m.","og_url":"https:\/\/tajkertesz.com\/en_US\/product\/nortene-picpic-sun-figura-fembol-barna-34x22x22-cm\/","og_site_name":"T\u00e1jkert\u00e9sz","article_publisher":"https:\/\/www.facebook.com\/Tajkertesz\/","article_modified_time":"2026-02-17T14:21:31+00:00","og_image":[{"width":550,"height":550,"url":"https:\/\/tajkertesz.com\/wp-content\/uploads\/2021\/05\/2010167A.jpg","type":"image\/jpeg"}],"twitter_card":"summary_large_image","twitter_misc":{"Est. reading time":"2 minutes"},"schema":{"@context":"https:\/\/schema.org","@graph":[{"@type":"WebPage","@id":"https:\/\/tajkertesz.com\/termek\/nortene-picpic-sun-figura-fembol-barna-34x22x22-cm\/","url":"https:\/\/tajkertesz.com\/termek\/nortene-picpic-sun-figura-fembol-barna-34x22x22-cm\/","name":"Nortene Picpic S\u00fcn figura f\u00e9mb\u0151l barna 34x22x22 cm 24-400-3 - T\u00e1jkert\u00e9sz","isPartOf":{"@id":"https:\/\/tajkertesz.com\/#website"},"primaryImageOfPage":{"@id":"https:\/\/tajkertesz.com\/termek\/nortene-picpic-sun-figura-fembol-barna-34x22x22-cm\/#primaryimage"},"image":{"@id":"https:\/\/tajkertesz.com\/termek\/nortene-picpic-sun-figura-fembol-barna-34x22x22-cm\/#primaryimage"},"thumbnailUrl":"https:\/\/tajkertesz.com\/wp-content\/uploads\/2021\/05\/2010167A.jpg","datePublished":"2021-05-11T10:33:29+00:00","dateModified":"2026-02-17T14:21:31+00:00","description":"Nortene Picpic S\u00fcn figura f\u00e9mb\u0151l barna 34x22x22 cm S\u00fcndiszn\u00f3 figura vir\u00e1g\u00e1gy\u00e1s mell\u00e9.Rozsd\u00e1s hat\u00e1s\u00fa f\u00e9m.","breadcrumb":{"@id":"https:\/\/tajkertesz.com\/termek\/nortene-picpic-sun-figura-fembol-barna-34x22x22-cm\/#breadcrumb"},"inLanguage":"en-US","potentialAction":[{"@type":"ReadAction","target":["https:\/\/tajkertesz.com\/termek\/nortene-picpic-sun-figura-fembol-barna-34x22x22-cm\/"]}]},{"@type":"ImageObject","inLanguage":"en-US","@id":"https:\/\/tajkertesz.com\/termek\/nortene-picpic-sun-figura-fembol-barna-34x22x22-cm\/#primaryimage","url":"https:\/\/tajkertesz.com\/wp-content\/uploads\/2021\/05\/2010167A.jpg","contentUrl":"https:\/\/tajkertesz.com\/wp-content\/uploads\/2021\/05\/2010167A.jpg","width":550,"height":550},{"@type":"BreadcrumbList","@id":"https:\/\/tajkertesz.com\/termek\/nortene-picpic-sun-figura-fembol-barna-34x22x22-cm\/#breadcrumb","itemListElement":[{"@type":"ListItem","position":1,"name":"Home","item":"https:\/\/tajkertesz.com\/"},{"@type":"ListItem","position":2,"name":"Kezd\u0151lap","item":"https:\/\/tajkertesz.com\/"},{"@type":"ListItem","position":3,"name":"Nortene Picpic S\u00fcn figura f\u00e9mb\u0151l barna 34x22x22 cm 24-400-3"}]},{"@type":"WebSite","@id":"https:\/\/tajkertesz.com\/#website","url":"https:\/\/tajkertesz.com\/","name":"T\u00e1j-Kert\u00e9sz 84 Kft.","description":"Kert\u00e9szeti kis- \u00e9s nagykeresked\u00e9s, D\u00edszn\u00f6v\u00e9ny web\u00e1ruh\u00e1z orsz\u00e1gos h\u00e1zhozsz\u00e1ll\u00edt\u00e1ssal!","publisher":{"@id":"https:\/\/tajkertesz.com\/#organization"},"potentialAction":[{"@type":"SearchAction","target":{"@type":"EntryPoint","urlTemplate":"https:\/\/tajkertesz.com\/?s={search_term_string}"},"query-input":{"@type":"PropertyValueSpecification","valueRequired":true,"valueName":"search_term_string"}}],"inLanguage":"en-US"},{"@type":"Organization","@id":"https:\/\/tajkertesz.com\/#organization","name":"T\u00e1j-Kert\u00e9sz 84 Kft.","url":"https:\/\/tajkertesz.com\/","logo":{"@type":"ImageObject","inLanguage":"en-US","@id":"https:\/\/tajkertesz.com\/#\/schema\/logo\/image\/","url":"https:\/\/tajkertesz.com\/wp-content\/uploads\/2018\/02\/logo-2-e1518678052539.png","contentUrl":"https:\/\/tajkertesz.com\/wp-content\/uploads\/2018\/02\/logo-2-e1518678052539.png","width":81,"height":140,"caption":"T\u00e1j-Kert\u00e9sz 84 Kft."},"image":{"@id":"https:\/\/tajkertesz.com\/#\/schema\/logo\/image\/"},"sameAs":["https:\/\/www.facebook.com\/Tajkertesz\/"]}]}},"_links":{"self":[{"href":"https:\/\/tajkertesz.com\/en_US\/wp-json\/wp\/v2\/product\/4538","targetHints":{"allow":["GET"]}}],"collection":[{"href":"https:\/\/tajkertesz.com\/en_US\/wp-json\/wp\/v2\/product"}],"about":[{"href":"https:\/\/tajkertesz.com\/en_US\/wp-json\/wp\/v2\/types\/product"}],"wp:featuredmedia":[{"embeddable":true,"href":"https:\/\/tajkertesz.com\/en_US\/wp-json\/wp\/v2\/media\/4539"}],"wp:attachment":[{"href":"https:\/\/tajkertesz.com\/en_US\/wp-json\/wp\/v2\/media?parent=4538"}],"wp:term":[{"taxonomy":"product_brand","embeddable":true,"href":"https:\/\/tajkertesz.com\/en_US\/wp-json\/wp\/v2\/product_brand?post=4538"},{"taxonomy":"product_cat","embeddable":true,"href":"https:\/\/tajkertesz.com\/en_US\/wp-json\/wp\/v2\/product_cat?post=4538"},{"taxonomy":"product_tag","embeddable":true,"href":"https:\/\/tajkertesz.com\/en_US\/wp-json\/wp\/v2\/product_tag?post=4538"}],"curies":[{"name":"wp","href":"https:\/\/api.w.org\/{rel}","templated":true}]}}