{"id":4554,"date":"2021-05-11T11:17:26","date_gmt":"2021-05-11T11:17:26","guid":{"rendered":"https:\/\/tajkertesz.com\/?post_type=product&#038;p=4554"},"modified":"2023-08-30T14:34:36","modified_gmt":"2023-08-30T14:34:36","slug":"locsolotomlo-13-mm-es-1-2-20-m-q3","status":"publish","type":"product","link":"https:\/\/tajkertesz.com\/en_US\/product\/locsolotomlo-13-mm-es-1-2-20-m-q3\/","title":{"rendered":"Fiskars Locsol\u00f3t\u00f6ml\u0151 13 mm-es (1\/2&#8243;), 20 m Q3"},"content":{"rendered":"<div class=\"artdet__name-rating d-none d-lg-block\">\n<div class=\"row gutters-5\">\n<div class=\"col\">\n<div class=\"artdet__name-pagination-wrap d-flex\">\n<h1>Locsol\u00f3t\u00f6ml\u0151 13 mm-es (1\/2&#8243;), 20 m Q3<\/h1>\n<\/div>\n<div class=\"artdet__name-pagination-wrap d-flex\">\n<p>Locsol\u00f3t\u00f6ml\u0151 13 mm-es (1\/2&#8243;), 20 m Q3<\/p>\n<p>eszt gy\u0151ztes! K\u00f6nnyen kiv\u00e1laszthat\u00f3, kiv\u00e1l\u00f3 min\u0151s\u00e9g\u0171 csavar\u00e1s\u00e1ll\u00f3 t\u00f6ml\u0151.<br \/>\nA legmagasabb UV-burkolat, a legmagasabb h\u00e1ml\u00e1si \u00e9s magas reped\u00e9s\u00e1ll\u00f3s\u00e1g.<br \/>\nA csatlakoz\u00f3 kiv\u00e1laszt\u00e1sa \u00e9s p\u00e1ros\u00edt\u00e1sa egyszer\u0171, mivel a t\u00f6ml\u0151 sz\u00ednk\u00f3dja megfelel a csatlakoz\u00f3nak; k\u00e9k a \u00bd \u201d-5\/8\u201d, piros a 3\/4 \u201d\u00e9s a s\u00e1rga a 3\/8\u201d. 3. csavar\u00e1si ellen\u00e1ll\u00e1s = magas csavar\u00e1si ellen\u00e1ll\u00e1s.<\/p>\n<ul>\n<li>A sz\u00ednk\u00f3ddal ell\u00e1tott rendszer egyszer\u0171v\u00e9 teszi a t\u00f6ml\u0151k \u00e9s a csatlakoz\u00f3k \u00f6sszeilleszt\u00e9s\u00e9t<\/li>\n<li>A megb\u00edzhat\u00f3s\u00e1g \u00e9rdek\u00e9ben nyom\u00e1s alatt tesztelt<\/li>\n<li>K\u00e1ros anyagokt\u00f3l mentes (ftal\u00e1tmentes)<\/li>\n<li>Csavarod\u00e1si ellen\u00e1ll\u00e1s szintje 3 (5-b\u0151l)<\/li>\n<li>\u00d8 13 mm (1\/2\u201d)<\/li>\n<li>Hossza: 20 m<\/li>\n<li>Univerz\u00e1lis illeszked\u00e9s &#8211; M\u00e1s m\u00e1rk\u00e1kkal is kompatibilis<\/li>\n<\/ul>\n<\/div>\n<\/div>\n<\/div>\n<\/div>\n<div><a href=\"https:\/\/www.facebook.com\/tajkertesz\">https:\/\/www.facebook.com\/tajkertesz<\/a><\/div>\n<div>\n<p><a href=\"https:\/\/tajkertesz.com\/\">https:\/\/tajkertesz.com\/<\/a><\/p>\n<\/div>\n<p><span style=\"color: #ffffff;\">A meleg \u00e1gy\u00e1s val\u00f3j\u00e1ban nem m\u00e1s mint egy vastag tr\u00e1gyar\u00e9teg besz\u00f3rva valamennyi f\u00f6lddel. A meleg\u00e1gy tr\u00e1gyakever\u00e9ke att\u00f3l f\u00fcgg milyen id\u0151tartamra k\u00e9ri a meleget a rajta termeszteni k\u00edv\u00e1nt n\u00f6v\u00e9nykult\u00fara. A l\u00f3tr\u00e1gya hirtelen ad sok meleget. Ez\u00e9rt ezt t\u00e9l v\u00e9ge fel\u00e9 alkalmazt\u00e1k. A marhatr\u00e1gya lassan ad kevesebb meleget, de huzamosabb ideig. A l\u00f3 \u00e9s szarvasmarha tr\u00e1gya kever\u00e9k\u00e9t annak megfelel\u0151en kevert\u00e9k be hogy t\u00f6bb meleg kellett hirtelen, vagy kevesebb meleg hosszabb t\u00e1von. Ha kev\u00e9s a szerves tr\u00e1gya a meleg\u00e1gy al\u00e1, akkor p\u00f3tolhat\u00f3 szalm\u00e1val, \u00e9s m\u0171tr\u00e1gy\u00e1val. A meleg\u00e1gy minden esetben fedhet\u0151 az \u00e9jjeli leh\u0171l\u00e9s megakad\u00e1lyoz\u00e1s\u00e1ra.A meleg \u00e1gy\u00e1s val\u00f3j\u00e1ban nem m\u00e1s mint egy vastag tr\u00e1gyar\u00e9teg besz\u00f3rva valamennyi f\u00f6lddel. A meleg\u00e1gy tr\u00e1gyakever\u00e9ke att\u00f3l f\u00fcgg milyen id\u0151tartamra k\u00e9ri a meleget a rajta termeszteni k\u00edv\u00e1nt n\u00f6v\u00e9nykult\u00fara. A l\u00f3tr\u00e1gya hirtelen ad sok meleget. Ez\u00e9rt ezt t\u00e9l v\u00e9ge fel\u00e9 alkalmazt\u00e1k. A marhatr\u00e1gya lassan ad kevesebb meleget, de huzamosabb ideig. A l\u00f3 \u00e9s szarvasmarha tr\u00e1gya kever\u00e9k\u00e9t annak megfelel\u0151en kevert\u00e9k be hogy t\u00f6bb meleg kellett hirtelen, vagy kevesebb meleg hosszabb t\u00e1von. Ha kev\u00e9s a szerves tr\u00e1gya a meleg\u00e1gy al\u00e1, akkor p\u00f3tolhat\u00f3 szalm\u00e1val, \u00e9s m\u0171tr\u00e1gy\u00e1val. A meleg\u00e1gy minden esetben fedhet\u0151 az \u00e9jjeli leh\u0171l\u00e9s megakad\u00e1lyoz\u00e1s\u00e1ra.<\/span><\/p>\n<p><strong> Kiszerel\u00e9s : 1 db<\/strong><\/p>","protected":false},"excerpt":{"rendered":"<div class=\"artdet__name-rating d-none d-lg-block\">\n<div class=\"row gutters-5\">\n<div class=\"col\">\n<div class=\"artdet__name-rating d-none d-lg-block\">\n<div class=\"row gutters-5\">\n<div class=\"col\">\n<div class=\"artdet__name-rating d-none d-lg-block\">\n<div class=\"row gutters-5\">\n<div class=\"col\">\n<div class=\"artdet__name-rating d-none d-lg-block\">\n<div class=\"row gutters-5\">\n<div class=\"col\">\n<div class=\"artdet__name-rating d-none d-lg-block\">\n<div class=\"row gutters-5\">\n<div class=\"col\">\n<div class=\"artdet__name-rating d-none d-lg-block\">\n<div class=\"row gutters-5\">\n<div class=\"col\">\n<div class=\"artdet__name-rating d-none d-lg-block\">\n<div class=\"row gutters-5\">\n<div class=\"col\">\n<div class=\"artdet__name-rating d-none d-lg-block\">\n<div class=\"row gutters-5\">\n<div class=\"col\">\n<div class=\"artdet__name-rating d-none d-lg-block\">\n<div class=\"row gutters-5\">\n<div class=\"col\">\n<div class=\"artdet__name-rating d-none d-lg-block\">\n<div class=\"row gutters-5\">\n<div class=\"col\">\n<div class=\"artdet__name-rating d-none d-lg-block\">\n<div class=\"row gutters-5\">\n<div class=\"col\">\n<div class=\"artdet__name-rating d-none d-lg-block\">\n<div class=\"row gutters-5\">\n<div class=\"col\">\n<div class=\"artdet__name-pagination-wrap d-flex\">\n<div class=\"artdet__name-pagination-wrap d-flex\">\n<div class=\"artdet__name-pagination-wrap d-flex\">\n<div class=\"artdet__name-pagination-wrap d-flex\">\n<h3>Locsol\u00f3t\u00f6ml\u0151 13 mm-es (1\/2&#8243;), 20 m Q3<\/h3>\n<p>A sz\u00ednk\u00f3ddal ell\u00e1tott rendszer egyszer\u0171v\u00e9 teszi a t\u00f6ml\u0151k \u00e9s a csatlakoz\u00f3k \u00f6sszeilleszt\u00e9s\u00e9t&#8230;<\/p>\n<div id=\"bodyContent\" class=\"mw-body-content\">\n<div id=\"mw-content-text\" class=\"mw-content-ltr\" dir=\"ltr\" lang=\"hu\">\n<div id=\"bodyContent\" class=\"mw-body-content\">\n<div id=\"mw-content-text\" class=\"mw-content-ltr\" dir=\"ltr\" lang=\"hu\">\n<p><b>K\u00e9szlet\u00fcnk napi szinten v\u00e1ltozik, ez\u00e9rt k\u00e9rj\u00fck, \u00e9rdekl\u0151dj\u00f6n szem\u00e9lyesen, telefonon vagy email-en.<\/b><\/p>\n<p>Term\u00e9keinket szem\u00e9lyesen is \u00e1tveheti a h\u00e9t minden napj\u00e1n nyitvatart\u00e1si id\u0151ben!<\/p>\n<p>Kisz\u00e1ll\u00edt\u00e1s: 200 cm \u00e9s 40 kg-ig a sz\u00e1ll\u00edt\u00e1s fut\u00e1rszolg\u00e1lattal t\u00f6rt\u00e9nik.<\/p>\n<\/div>\n<\/div>\n<\/div>\n<\/div>\n<p><b>A v\u00e1ltoztat\u00e1s jog\u00e1t fenntartjuk!\u00a0<\/b><\/p>\n<\/div>\n<\/div>\n<\/div>\n<\/div>\n<\/div>\n<\/div>\n<\/div>\n<\/div>\n<\/div>\n<\/div>\n<\/div>\n<\/div>\n<\/div>\n<\/div>\n<\/div>\n<\/div>\n<\/div>\n<\/div>\n<\/div>\n<\/div>\n<\/div>\n<\/div>\n<\/div>\n<\/div>\n<\/div>\n<\/div>\n<\/div>\n<\/div>\n<\/div>\n<\/div>\n<\/div>\n<\/div>\n<\/div>\n<\/div>\n<\/div>\n<\/div>\n<\/div>\n<\/div>\n<\/div>\n<\/div>","protected":false},"featured_media":4555,"template":"","meta":{"_et_pb_use_builder":"","_et_pb_old_content":"","_et_gb_content_width":""},"product_brand":[],"product_cat":[1520,4333],"product_tag":[116,1490],"class_list":{"0":"post-4554","1":"product","2":"type-product","3":"status-publish","4":"has-post-thumbnail","6":"product_cat-fiskars-termekek","7":"product_cat-tomlok-slagok","8":"product_tag-fiskars","9":"product_tag-locsolo","11":"first","12":"instock","13":"shipping-taxable","14":"purchasable","15":"product-type-simple"},"yoast_head":"<!-- This site is optimized with the Yoast SEO plugin v27.3 - https:\/\/yoast.com\/product\/yoast-seo-wordpress\/ -->\n<title>Fiskars Locsol\u00f3t\u00f6ml\u0151 13 mm-es (1\/2&quot;), 20 m Q3 - T\u00e1jkert\u00e9sz<\/title>\n<meta name=\"description\" content=\"Locsol\u00f3t\u00f6ml\u0151 13 mm-es (1\/2&quot;), 20 m Q3 A sz\u00ednk\u00f3ddal ell\u00e1tott rendszer egyszer\u0171v\u00e9 teszi a t\u00f6ml\u0151k \u00e9s a csatlakoz\u00f3k \u00f6sszeilleszt\u00e9s\u00e9t\" \/>\n<meta name=\"robots\" content=\"index, follow, max-snippet:-1, max-image-preview:large, max-video-preview:-1\" \/>\n<link rel=\"canonical\" href=\"https:\/\/tajkertesz.com\/en_US\/product\/locsolotomlo-13-mm-es-1-2-20-m-q3\/\" \/>\n<meta property=\"og:locale\" content=\"en_US\" \/>\n<meta property=\"og:type\" content=\"article\" \/>\n<meta property=\"og:title\" content=\"https:\/\/www.facebook.com\/tajkertesz\/\" \/>\n<meta property=\"og:description\" content=\"K\u00f6nnyen kiv\u00e1laszthat\u00f3, kiv\u00e1l\u00f3 min\u0151s\u00e9g\u0171 csavar\u00e1s\u00e1ll\u00f3 t\u00f6ml\u0151.A legmagasabb UV-burkolat, a legmagasabb h\u00e1ml\u00e1si \u00e9s magas reped\u00e9s\u00e1ll\u00f3s\u00e1g.A csatlakoz\u00f3 kiv\u00e1laszt\u00e1sa \u00e9s p\u00e1ros\u00edt\u00e1sa egyszer\u0171, mivel a t\u00f6ml\u0151 sz\u00ednk\u00f3dja megfelel a csatlakoz\u00f3nak; k\u00e9k a \u00bd \u201d-5\/8\u201d, piros a 3\/4 \u201d\u00e9s a s\u00e1rga a 3\/8\u201d. 3. csavar\u00e1si ellen\u00e1ll\u00e1s = magas csavar\u00e1si ellen\u00e1ll\u00e1s.\" \/>\n<meta property=\"og:url\" content=\"https:\/\/tajkertesz.com\/en_US\/product\/locsolotomlo-13-mm-es-1-2-20-m-q3\/\" \/>\n<meta property=\"og:site_name\" content=\"T\u00e1jkert\u00e9sz\" \/>\n<meta property=\"article:publisher\" content=\"https:\/\/www.facebook.com\/Tajkertesz\/\" \/>\n<meta property=\"article:modified_time\" content=\"2023-08-30T14:34:36+00:00\" \/>\n<meta property=\"og:image\" content=\"https:\/\/tajkertesz.com\/wp-content\/uploads\/2021\/05\/1027102.jpg\" \/>\n\t<meta property=\"og:image:width\" content=\"496\" \/>\n\t<meta property=\"og:image:height\" content=\"664\" \/>\n\t<meta property=\"og:image:type\" content=\"image\/jpeg\" \/>\n<meta name=\"twitter:card\" content=\"summary_large_image\" \/>\n<meta name=\"twitter:label1\" content=\"Est. reading time\" \/>\n\t<meta name=\"twitter:data1\" content=\"2 minutes\" \/>\n<script type=\"application\/ld+json\" class=\"yoast-schema-graph\">{\"@context\":\"https:\\\/\\\/schema.org\",\"@graph\":[{\"@type\":\"WebPage\",\"@id\":\"https:\\\/\\\/tajkertesz.com\\\/termek\\\/locsolotomlo-13-mm-es-1-2-20-m-q3\\\/\",\"url\":\"https:\\\/\\\/tajkertesz.com\\\/termek\\\/locsolotomlo-13-mm-es-1-2-20-m-q3\\\/\",\"name\":\"Fiskars Locsol\u00f3t\u00f6ml\u0151 13 mm-es (1\\\/2\\\"), 20 m Q3 - T\u00e1jkert\u00e9sz\",\"isPartOf\":{\"@id\":\"https:\\\/\\\/tajkertesz.com\\\/#website\"},\"primaryImageOfPage\":{\"@id\":\"https:\\\/\\\/tajkertesz.com\\\/termek\\\/locsolotomlo-13-mm-es-1-2-20-m-q3\\\/#primaryimage\"},\"image\":{\"@id\":\"https:\\\/\\\/tajkertesz.com\\\/termek\\\/locsolotomlo-13-mm-es-1-2-20-m-q3\\\/#primaryimage\"},\"thumbnailUrl\":\"https:\\\/\\\/tajkertesz.com\\\/wp-content\\\/uploads\\\/2021\\\/05\\\/1027102-watering-hose-13mm-1_2in-20m-q3_productimage.jpg\",\"datePublished\":\"2021-05-11T11:17:26+00:00\",\"dateModified\":\"2023-08-30T14:34:36+00:00\",\"description\":\"Locsol\u00f3t\u00f6ml\u0151 13 mm-es (1\\\/2\\\"), 20 m Q3 A sz\u00ednk\u00f3ddal ell\u00e1tott rendszer egyszer\u0171v\u00e9 teszi a t\u00f6ml\u0151k \u00e9s a csatlakoz\u00f3k \u00f6sszeilleszt\u00e9s\u00e9t\",\"breadcrumb\":{\"@id\":\"https:\\\/\\\/tajkertesz.com\\\/termek\\\/locsolotomlo-13-mm-es-1-2-20-m-q3\\\/#breadcrumb\"},\"inLanguage\":\"en-US\",\"potentialAction\":[{\"@type\":\"ReadAction\",\"target\":[\"https:\\\/\\\/tajkertesz.com\\\/termek\\\/locsolotomlo-13-mm-es-1-2-20-m-q3\\\/\"]}]},{\"@type\":\"ImageObject\",\"inLanguage\":\"en-US\",\"@id\":\"https:\\\/\\\/tajkertesz.com\\\/termek\\\/locsolotomlo-13-mm-es-1-2-20-m-q3\\\/#primaryimage\",\"url\":\"https:\\\/\\\/tajkertesz.com\\\/wp-content\\\/uploads\\\/2021\\\/05\\\/1027102-watering-hose-13mm-1_2in-20m-q3_productimage.jpg\",\"contentUrl\":\"https:\\\/\\\/tajkertesz.com\\\/wp-content\\\/uploads\\\/2021\\\/05\\\/1027102-watering-hose-13mm-1_2in-20m-q3_productimage.jpg\",\"width\":555,\"height\":555},{\"@type\":\"BreadcrumbList\",\"@id\":\"https:\\\/\\\/tajkertesz.com\\\/termek\\\/locsolotomlo-13-mm-es-1-2-20-m-q3\\\/#breadcrumb\",\"itemListElement\":[{\"@type\":\"ListItem\",\"position\":1,\"name\":\"Home\",\"item\":\"https:\\\/\\\/tajkertesz.com\\\/\"},{\"@type\":\"ListItem\",\"position\":2,\"name\":\"Kezd\u0151lap\",\"item\":\"https:\\\/\\\/tajkertesz.com\\\/\"},{\"@type\":\"ListItem\",\"position\":3,\"name\":\"Fiskars Locsol\u00f3t\u00f6ml\u0151 13 mm-es (1\\\/2&#8243;), 20 m Q3\"}]},{\"@type\":\"WebSite\",\"@id\":\"https:\\\/\\\/tajkertesz.com\\\/#website\",\"url\":\"https:\\\/\\\/tajkertesz.com\\\/\",\"name\":\"T\u00e1j-Kert\u00e9sz 84 Kft.\",\"description\":\"Kert\u00e9szeti kis- \u00e9s nagykeresked\u00e9s, D\u00edszn\u00f6v\u00e9ny web\u00e1ruh\u00e1z orsz\u00e1gos h\u00e1zhozsz\u00e1ll\u00edt\u00e1ssal!\",\"publisher\":{\"@id\":\"https:\\\/\\\/tajkertesz.com\\\/#organization\"},\"potentialAction\":[{\"@type\":\"SearchAction\",\"target\":{\"@type\":\"EntryPoint\",\"urlTemplate\":\"https:\\\/\\\/tajkertesz.com\\\/?s={search_term_string}\"},\"query-input\":{\"@type\":\"PropertyValueSpecification\",\"valueRequired\":true,\"valueName\":\"search_term_string\"}}],\"inLanguage\":\"en-US\"},{\"@type\":\"Organization\",\"@id\":\"https:\\\/\\\/tajkertesz.com\\\/#organization\",\"name\":\"T\u00e1j-Kert\u00e9sz 84 Kft.\",\"url\":\"https:\\\/\\\/tajkertesz.com\\\/\",\"logo\":{\"@type\":\"ImageObject\",\"inLanguage\":\"en-US\",\"@id\":\"https:\\\/\\\/tajkertesz.com\\\/#\\\/schema\\\/logo\\\/image\\\/\",\"url\":\"https:\\\/\\\/tajkertesz.com\\\/wp-content\\\/uploads\\\/2018\\\/02\\\/logo-2-e1518678052539.png\",\"contentUrl\":\"https:\\\/\\\/tajkertesz.com\\\/wp-content\\\/uploads\\\/2018\\\/02\\\/logo-2-e1518678052539.png\",\"width\":81,\"height\":140,\"caption\":\"T\u00e1j-Kert\u00e9sz 84 Kft.\"},\"image\":{\"@id\":\"https:\\\/\\\/tajkertesz.com\\\/#\\\/schema\\\/logo\\\/image\\\/\"},\"sameAs\":[\"https:\\\/\\\/www.facebook.com\\\/Tajkertesz\\\/\"]}]}<\/script>\n<!-- \/ Yoast SEO plugin. -->","yoast_head_json":{"title":"Fiskars Locsol\u00f3t\u00f6ml\u0151 13 mm-es (1\/2\"), 20 m Q3 - T\u00e1jkert\u00e9sz","description":"Locsol\u00f3t\u00f6ml\u0151 13 mm-es (1\/2\"), 20 m Q3 A sz\u00ednk\u00f3ddal ell\u00e1tott rendszer egyszer\u0171v\u00e9 teszi a t\u00f6ml\u0151k \u00e9s a csatlakoz\u00f3k \u00f6sszeilleszt\u00e9s\u00e9t","robots":{"index":"index","follow":"follow","max-snippet":"max-snippet:-1","max-image-preview":"max-image-preview:large","max-video-preview":"max-video-preview:-1"},"canonical":"https:\/\/tajkertesz.com\/en_US\/product\/locsolotomlo-13-mm-es-1-2-20-m-q3\/","og_locale":"en_US","og_type":"article","og_title":"https:\/\/www.facebook.com\/tajkertesz\/","og_description":"K\u00f6nnyen kiv\u00e1laszthat\u00f3, kiv\u00e1l\u00f3 min\u0151s\u00e9g\u0171 csavar\u00e1s\u00e1ll\u00f3 t\u00f6ml\u0151.A legmagasabb UV-burkolat, a legmagasabb h\u00e1ml\u00e1si \u00e9s magas reped\u00e9s\u00e1ll\u00f3s\u00e1g.A csatlakoz\u00f3 kiv\u00e1laszt\u00e1sa \u00e9s p\u00e1ros\u00edt\u00e1sa egyszer\u0171, mivel a t\u00f6ml\u0151 sz\u00ednk\u00f3dja megfelel a csatlakoz\u00f3nak; k\u00e9k a \u00bd \u201d-5\/8\u201d, piros a 3\/4 \u201d\u00e9s a s\u00e1rga a 3\/8\u201d. 3. csavar\u00e1si ellen\u00e1ll\u00e1s = magas csavar\u00e1si ellen\u00e1ll\u00e1s.","og_url":"https:\/\/tajkertesz.com\/en_US\/product\/locsolotomlo-13-mm-es-1-2-20-m-q3\/","og_site_name":"T\u00e1jkert\u00e9sz","article_publisher":"https:\/\/www.facebook.com\/Tajkertesz\/","article_modified_time":"2023-08-30T14:34:36+00:00","og_image":[{"width":496,"height":664,"url":"https:\/\/tajkertesz.com\/wp-content\/uploads\/2021\/05\/1027102.jpg","type":"image\/jpeg"}],"twitter_card":"summary_large_image","twitter_misc":{"Est. reading time":"2 minutes"},"schema":{"@context":"https:\/\/schema.org","@graph":[{"@type":"WebPage","@id":"https:\/\/tajkertesz.com\/termek\/locsolotomlo-13-mm-es-1-2-20-m-q3\/","url":"https:\/\/tajkertesz.com\/termek\/locsolotomlo-13-mm-es-1-2-20-m-q3\/","name":"Fiskars Locsol\u00f3t\u00f6ml\u0151 13 mm-es (1\/2\"), 20 m Q3 - T\u00e1jkert\u00e9sz","isPartOf":{"@id":"https:\/\/tajkertesz.com\/#website"},"primaryImageOfPage":{"@id":"https:\/\/tajkertesz.com\/termek\/locsolotomlo-13-mm-es-1-2-20-m-q3\/#primaryimage"},"image":{"@id":"https:\/\/tajkertesz.com\/termek\/locsolotomlo-13-mm-es-1-2-20-m-q3\/#primaryimage"},"thumbnailUrl":"https:\/\/tajkertesz.com\/wp-content\/uploads\/2021\/05\/1027102-watering-hose-13mm-1_2in-20m-q3_productimage.jpg","datePublished":"2021-05-11T11:17:26+00:00","dateModified":"2023-08-30T14:34:36+00:00","description":"Locsol\u00f3t\u00f6ml\u0151 13 mm-es (1\/2\"), 20 m Q3 A sz\u00ednk\u00f3ddal ell\u00e1tott rendszer egyszer\u0171v\u00e9 teszi a t\u00f6ml\u0151k \u00e9s a csatlakoz\u00f3k \u00f6sszeilleszt\u00e9s\u00e9t","breadcrumb":{"@id":"https:\/\/tajkertesz.com\/termek\/locsolotomlo-13-mm-es-1-2-20-m-q3\/#breadcrumb"},"inLanguage":"en-US","potentialAction":[{"@type":"ReadAction","target":["https:\/\/tajkertesz.com\/termek\/locsolotomlo-13-mm-es-1-2-20-m-q3\/"]}]},{"@type":"ImageObject","inLanguage":"en-US","@id":"https:\/\/tajkertesz.com\/termek\/locsolotomlo-13-mm-es-1-2-20-m-q3\/#primaryimage","url":"https:\/\/tajkertesz.com\/wp-content\/uploads\/2021\/05\/1027102-watering-hose-13mm-1_2in-20m-q3_productimage.jpg","contentUrl":"https:\/\/tajkertesz.com\/wp-content\/uploads\/2021\/05\/1027102-watering-hose-13mm-1_2in-20m-q3_productimage.jpg","width":555,"height":555},{"@type":"BreadcrumbList","@id":"https:\/\/tajkertesz.com\/termek\/locsolotomlo-13-mm-es-1-2-20-m-q3\/#breadcrumb","itemListElement":[{"@type":"ListItem","position":1,"name":"Home","item":"https:\/\/tajkertesz.com\/"},{"@type":"ListItem","position":2,"name":"Kezd\u0151lap","item":"https:\/\/tajkertesz.com\/"},{"@type":"ListItem","position":3,"name":"Fiskars Locsol\u00f3t\u00f6ml\u0151 13 mm-es (1\/2&#8243;), 20 m Q3"}]},{"@type":"WebSite","@id":"https:\/\/tajkertesz.com\/#website","url":"https:\/\/tajkertesz.com\/","name":"T\u00e1j-Kert\u00e9sz 84 Kft.","description":"Kert\u00e9szeti kis- \u00e9s nagykeresked\u00e9s, D\u00edszn\u00f6v\u00e9ny web\u00e1ruh\u00e1z orsz\u00e1gos h\u00e1zhozsz\u00e1ll\u00edt\u00e1ssal!","publisher":{"@id":"https:\/\/tajkertesz.com\/#organization"},"potentialAction":[{"@type":"SearchAction","target":{"@type":"EntryPoint","urlTemplate":"https:\/\/tajkertesz.com\/?s={search_term_string}"},"query-input":{"@type":"PropertyValueSpecification","valueRequired":true,"valueName":"search_term_string"}}],"inLanguage":"en-US"},{"@type":"Organization","@id":"https:\/\/tajkertesz.com\/#organization","name":"T\u00e1j-Kert\u00e9sz 84 Kft.","url":"https:\/\/tajkertesz.com\/","logo":{"@type":"ImageObject","inLanguage":"en-US","@id":"https:\/\/tajkertesz.com\/#\/schema\/logo\/image\/","url":"https:\/\/tajkertesz.com\/wp-content\/uploads\/2018\/02\/logo-2-e1518678052539.png","contentUrl":"https:\/\/tajkertesz.com\/wp-content\/uploads\/2018\/02\/logo-2-e1518678052539.png","width":81,"height":140,"caption":"T\u00e1j-Kert\u00e9sz 84 Kft."},"image":{"@id":"https:\/\/tajkertesz.com\/#\/schema\/logo\/image\/"},"sameAs":["https:\/\/www.facebook.com\/Tajkertesz\/"]}]}},"_links":{"self":[{"href":"https:\/\/tajkertesz.com\/en_US\/wp-json\/wp\/v2\/product\/4554","targetHints":{"allow":["GET"]}}],"collection":[{"href":"https:\/\/tajkertesz.com\/en_US\/wp-json\/wp\/v2\/product"}],"about":[{"href":"https:\/\/tajkertesz.com\/en_US\/wp-json\/wp\/v2\/types\/product"}],"wp:featuredmedia":[{"embeddable":true,"href":"https:\/\/tajkertesz.com\/en_US\/wp-json\/wp\/v2\/media\/4555"}],"wp:attachment":[{"href":"https:\/\/tajkertesz.com\/en_US\/wp-json\/wp\/v2\/media?parent=4554"}],"wp:term":[{"taxonomy":"product_brand","embeddable":true,"href":"https:\/\/tajkertesz.com\/en_US\/wp-json\/wp\/v2\/product_brand?post=4554"},{"taxonomy":"product_cat","embeddable":true,"href":"https:\/\/tajkertesz.com\/en_US\/wp-json\/wp\/v2\/product_cat?post=4554"},{"taxonomy":"product_tag","embeddable":true,"href":"https:\/\/tajkertesz.com\/en_US\/wp-json\/wp\/v2\/product_tag?post=4554"}],"curies":[{"name":"wp","href":"https:\/\/api.w.org\/{rel}","templated":true}]}}