{"id":4559,"date":"2021-05-11T11:22:55","date_gmt":"2021-05-11T11:22:55","guid":{"rendered":"https:\/\/tajkertesz.com\/?post_type=product&#038;p=4559"},"modified":"2026-02-17T14:21:06","modified_gmt":"2026-02-17T14:21:06","slug":"m-tomlokocsi-szett-20-m-tomlovel","status":"publish","type":"product","link":"https:\/\/tajkertesz.com\/en_US\/product\/m-tomlokocsi-szett-20-m-tomlovel\/","title":{"rendered":"Fiskars M t\u00f6ml\u0151kocsi szett 20 m t\u00f6ml\u0151vel"},"content":{"rendered":"<div class=\"artdet__name-rating d-none d-lg-block\">\n<div class=\"row gutters-5\">\n<div class=\"col\">\n<div class=\"artdet__name-pagination-wrap d-flex\">\n<h1>M t\u00f6ml\u0151kocsi szett 20 m t\u00f6ml\u0151vel<\/h1>\n<\/div>\n<div class=\"artdet__name-pagination-wrap d-flex\">\n<p>M t\u00f6ml\u0151kocsi szett 20 m t\u00f6ml\u0151vel<\/p>\n<ul>\n<li>Szabad elhelyez\u00e9s \u00e9s 360\u00b0-os forg\u00e1s az extrasz\u00e9les locsol\u00e1si ter\u00fclet\u00e9rt<\/li>\n<li>A csatolt t\u00e1maszt\u00e9k lehet\u0151v\u00e9 teszi a f\u00fcgg\u0151leges haszn\u00e1latot\/t\u00e1rol\u00e1st<\/li>\n<li>A 13 mm-es (1\/2\u201d) kimeneti t\u00f6ml\u0151 30 m hossz\u00fa, k\u00f6nnyen le- \u00e9s visszatekerhet\u0151<\/li>\n<li>A 13 mm-es (1\/2\u201d) bemeneti t\u00f6ml\u0151 1,5 m hossz\u00fa<\/li>\n<li>A p\u00e1rn\u00e1zott kerekek \u00e9s a teleszk\u00f3pos foganty\u00fa megk\u00f6nny\u00edti a mozgat\u00e1s\u00e1t<\/li>\n<li>A be\u00e9p\u00edtett t\u00e1rol\u00f3rekesz tartalmaz \u00f6nt\u00f6z\u0151fejet, univerz\u00e1lis csaptelep csatlakoz\u00f3t, f\u0171be lesz\u00farhat\u00f3 t\u00fcsk\u00e9t, amely r\u00f6gz\u00edti a t\u00f6ml\u0151kocsi \u00e9s seg\u00edti a locsol\u00f3fej es\u0151ztet\u0151k\u00e9nt val\u00f3 haszn\u00e1lat\u00e1t.<\/li>\n<\/ul>\n<\/div>\n<\/div>\n<\/div>\n<\/div>\n<div><a href=\"https:\/\/www.facebook.com\/tajkertesz\">https:\/\/www.facebook.com\/tajkertesz<\/a><\/div>\n<div>\n<p><a href=\"https:\/\/tajkertesz.com\/\">https:\/\/tajkertesz.com\/<\/a><\/p>\n<\/div>\n<p><span style=\"color: #ffffff;\">A meleg \u00e1gy\u00e1s val\u00f3j\u00e1ban nem m\u00e1s mint egy vastag tr\u00e1gyar\u00e9teg besz\u00f3rva valamennyi f\u00f6lddel. A meleg\u00e1gy tr\u00e1gyakever\u00e9ke att\u00f3l f\u00fcgg milyen id\u0151tartamra k\u00e9ri a meleget a rajta termeszteni k\u00edv\u00e1nt n\u00f6v\u00e9nykult\u00fara. A l\u00f3tr\u00e1gya hirtelen ad sok meleget. Ez\u00e9rt ezt t\u00e9l v\u00e9ge fel\u00e9 alkalmazt\u00e1k. A marhatr\u00e1gya lassan ad kevesebb meleget, de huzamosabb ideig. A l\u00f3 \u00e9s szarvasmarha tr\u00e1gya kever\u00e9k\u00e9t annak megfelel\u0151en kevert\u00e9k be hogy t\u00f6bb meleg kellett hirtelen, vagy kevesebb meleg hosszabb t\u00e1von. Ha kev\u00e9s a szerves tr\u00e1gya a meleg\u00e1gy al\u00e1, akkor p\u00f3tolhat\u00f3 szalm\u00e1val, \u00e9s m\u0171tr\u00e1gy\u00e1val. A meleg\u00e1gy minden esetben fedhet\u0151 az \u00e9jjeli leh\u0171l\u00e9s megakad\u00e1lyoz\u00e1s\u00e1ra.A meleg \u00e1gy\u00e1s val\u00f3j\u00e1ban nem m\u00e1s mint egy vastag tr\u00e1gyar\u00e9teg besz\u00f3rva valamennyi f\u00f6lddel. A meleg\u00e1gy tr\u00e1gyakever\u00e9ke att\u00f3l f\u00fcgg milyen id\u0151tartamra k\u00e9ri a meleget a rajta termeszteni k\u00edv\u00e1nt n\u00f6v\u00e9nykult\u00fara. A l\u00f3tr\u00e1gya hirtelen ad sok meleget. Ez\u00e9rt ezt t\u00e9l v\u00e9ge fel\u00e9 alkalmazt\u00e1k. A marhatr\u00e1gya lassan ad kevesebb meleget, de huzamosabb ideig. A l\u00f3 \u00e9s szarvasmarha tr\u00e1gya kever\u00e9k\u00e9t annak megfelel\u0151en kevert\u00e9k be hogy t\u00f6bb meleg kellett hirtelen, vagy kevesebb meleg hosszabb t\u00e1von. Ha kev\u00e9s a szerves tr\u00e1gya a meleg\u00e1gy al\u00e1, akkor p\u00f3tolhat\u00f3 szalm\u00e1val, \u00e9s m\u0171tr\u00e1gy\u00e1val. A meleg\u00e1gy minden esetben fedhet\u0151 az \u00e9jjeli leh\u0171l\u00e9s megakad\u00e1lyoz\u00e1s\u00e1ra.<\/span><\/p>\n<p><strong> Kiszerel\u00e9s : 1 db<\/strong><\/p>","protected":false},"excerpt":{"rendered":"<div class=\"artdet__name-rating d-none d-lg-block\">\n<div class=\"row gutters-5\">\n<div class=\"col\">\n<div class=\"artdet__name-rating d-none d-lg-block\">\n<div class=\"row gutters-5\">\n<div class=\"col\">\n<div class=\"artdet__name-rating d-none d-lg-block\">\n<div class=\"row gutters-5\">\n<div class=\"col\">\n<div class=\"artdet__name-rating d-none d-lg-block\">\n<div class=\"row gutters-5\">\n<div class=\"col\">\n<div class=\"artdet__name-rating d-none d-lg-block\">\n<div class=\"row gutters-5\">\n<div class=\"col\">\n<div class=\"artdet__name-rating d-none d-lg-block\">\n<div class=\"row gutters-5\">\n<div class=\"col\">\n<div class=\"artdet__name-rating d-none d-lg-block\">\n<div class=\"row gutters-5\">\n<div class=\"col\">\n<div class=\"artdet__name-rating d-none d-lg-block\">\n<div class=\"row gutters-5\">\n<div class=\"col\">\n<div class=\"artdet__name-rating d-none d-lg-block\">\n<div class=\"row gutters-5\">\n<div class=\"col\">\n<div class=\"artdet__name-rating d-none d-lg-block\">\n<div class=\"row gutters-5\">\n<div class=\"col\">\n<div class=\"artdet__name-rating d-none d-lg-block\">\n<div class=\"row gutters-5\">\n<div class=\"col\">\n<div class=\"artdet__name-rating d-none d-lg-block\">\n<div class=\"row gutters-5\">\n<div class=\"col\">\n<div class=\"artdet__name-pagination-wrap d-flex\">\n<div class=\"artdet__name-pagination-wrap d-flex\">\n<div class=\"artdet__name-pagination-wrap d-flex\">\n<div class=\"artdet__name-pagination-wrap d-flex\">\n<div class=\"artdet__name-rating d-none d-lg-block\">\n<div class=\"row gutters-5\">\n<div class=\"col\">\n<div class=\"artdet__name-pagination-wrap d-flex\">\n<p>M t\u00f6ml\u0151kocsi szett 20 m t\u00f6ml\u0151vel<\/p>\n<ul>\n<li>Szabad elhelyez\u00e9s \u00e9s 360\u00b0-os forg\u00e1s az extrasz\u00e9les locsol\u00e1si ter\u00fclet\u00e9rt<\/li>\n<li>A csatolt t\u00e1maszt\u00e9k lehet\u0151v\u00e9 teszi a f\u00fcgg\u0151leges haszn\u00e1latot\/t\u00e1rol\u00e1st<\/li>\n<li>A 13 mm-es (1\/2\u201d) kimeneti t\u00f6ml\u0151 30 m hossz\u00fa, k\u00f6nnyen le- \u00e9s visszatekerhet\u0151<\/li>\n<li>A 13 mm-es (1\/2\u201d) bemeneti t\u00f6ml\u0151 1,5 m hossz\u00fa<\/li>\n<li>A p\u00e1rn\u00e1zott kerekek \u00e9s a teleszk\u00f3pos foganty\u00fa megk\u00f6nny\u00edti a mozgat\u00e1s\u00e1t<\/li>\n<li>A be\u00e9p\u00edtett t\u00e1rol\u00f3rekesz tartalmaz \u00f6nt\u00f6z\u0151fejet, univerz\u00e1lis csaptelep csatlakoz\u00f3t, f\u0171be lesz\u00farhat\u00f3 t\u00fcsk\u00e9t, amely r\u00f6gz\u00edti a t\u00f6ml\u0151kocsi \u00e9s seg\u00edti a locsol\u00f3fej es\u0151ztet\u0151k\u00e9nt val\u00f3 haszn\u00e1lat\u00e1t.<\/li>\n<\/ul>\n<\/div>\n<\/div>\n<\/div>\n<\/div>\n<\/div>\n<\/div>\n<\/div>\n<\/div>\n<\/div>\n<\/div>\n<\/div>\n<\/div>\n<\/div>\n<\/div>\n<\/div>\n<\/div>\n<\/div>\n<\/div>\n<\/div>\n<\/div>\n<\/div>\n<\/div>\n<\/div>\n<\/div>\n<\/div>\n<\/div>\n<\/div>\n<\/div>\n<\/div>\n<\/div>\n<\/div>\n<\/div>\n<\/div>\n<\/div>\n<\/div>\n<\/div>\n<\/div>\n<\/div>\n<\/div>\n<\/div>\n<\/div>\n<\/div>\n<\/div>\n<\/div>","protected":false},"featured_media":20150,"template":"","meta":{"_et_pb_use_builder":"","_et_pb_old_content":"","_et_gb_content_width":""},"product_brand":[],"product_cat":[1520],"product_tag":[116,1490],"class_list":{"0":"post-4559","1":"product","2":"type-product","3":"status-publish","4":"has-post-thumbnail","6":"product_cat-fiskars-termekek","7":"product_tag-fiskars","8":"product_tag-locsolo","10":"first","11":"instock","12":"shipping-taxable","13":"purchasable","14":"product-type-simple"},"yoast_head":"<!-- This site is optimized with the Yoast SEO plugin v27.3 - https:\/\/yoast.com\/product\/yoast-seo-wordpress\/ -->\n<title>Fiskars M t\u00f6ml\u0151kocsi szett 20 m t\u00f6ml\u0151vel - T\u00e1jkert\u00e9sz<\/title>\n<meta name=\"description\" content=\"M t\u00f6ml\u0151kocsi szett 20 m t\u00f6ml\u0151vel Szabad elhelyez\u00e9s \u00e9s 360\u00b0-os forg\u00e1s az extrasz\u00e9les locsol\u00e1si ter\u00fclet\u00e9rt A csatolt t\u00e1maszt\u00e9k lehet\u0151v\u00e9\" \/>\n<meta name=\"robots\" content=\"index, follow, max-snippet:-1, max-image-preview:large, max-video-preview:-1\" \/>\n<link rel=\"canonical\" href=\"https:\/\/tajkertesz.com\/en_US\/product\/m-tomlokocsi-szett-20-m-tomlovel\/\" \/>\n<meta property=\"og:locale\" content=\"en_US\" \/>\n<meta property=\"og:type\" content=\"article\" \/>\n<meta property=\"og:title\" content=\"Fiskars M t\u00f6ml\u0151kocsi szett 20 m t\u00f6ml\u0151vel - T\u00e1jkert\u00e9sz\" \/>\n<meta property=\"og:description\" content=\"M t\u00f6ml\u0151kocsi szett 20 m t\u00f6ml\u0151vel Szabad elhelyez\u00e9s \u00e9s 360\u00b0-os forg\u00e1s az extrasz\u00e9les locsol\u00e1si ter\u00fclet\u00e9rt A csatolt t\u00e1maszt\u00e9k lehet\u0151v\u00e9\" \/>\n<meta property=\"og:url\" content=\"https:\/\/tajkertesz.com\/en_US\/product\/m-tomlokocsi-szett-20-m-tomlovel\/\" \/>\n<meta property=\"og:site_name\" content=\"T\u00e1jkert\u00e9sz\" \/>\n<meta property=\"article:publisher\" content=\"https:\/\/www.facebook.com\/Tajkertesz\/\" \/>\n<meta property=\"article:modified_time\" content=\"2026-02-17T14:21:06+00:00\" \/>\n<meta property=\"og:image\" content=\"https:\/\/tajkertesz.com\/wp-content\/uploads\/2021\/05\/1071639.jpg\" \/>\n\t<meta property=\"og:image:width\" content=\"496\" \/>\n\t<meta property=\"og:image:height\" content=\"664\" \/>\n\t<meta property=\"og:image:type\" content=\"image\/jpeg\" \/>\n<meta name=\"twitter:card\" content=\"summary_large_image\" \/>\n<meta name=\"twitter:label1\" content=\"Est. reading time\" \/>\n\t<meta name=\"twitter:data1\" content=\"2 minutes\" \/>\n<script type=\"application\/ld+json\" class=\"yoast-schema-graph\">{\"@context\":\"https:\\\/\\\/schema.org\",\"@graph\":[{\"@type\":\"WebPage\",\"@id\":\"https:\\\/\\\/tajkertesz.com\\\/termek\\\/m-tomlokocsi-szett-20-m-tomlovel\\\/\",\"url\":\"https:\\\/\\\/tajkertesz.com\\\/termek\\\/m-tomlokocsi-szett-20-m-tomlovel\\\/\",\"name\":\"Fiskars M t\u00f6ml\u0151kocsi szett 20 m t\u00f6ml\u0151vel - T\u00e1jkert\u00e9sz\",\"isPartOf\":{\"@id\":\"https:\\\/\\\/tajkertesz.com\\\/#website\"},\"primaryImageOfPage\":{\"@id\":\"https:\\\/\\\/tajkertesz.com\\\/termek\\\/m-tomlokocsi-szett-20-m-tomlovel\\\/#primaryimage\"},\"image\":{\"@id\":\"https:\\\/\\\/tajkertesz.com\\\/termek\\\/m-tomlokocsi-szett-20-m-tomlovel\\\/#primaryimage\"},\"thumbnailUrl\":\"https:\\\/\\\/tajkertesz.com\\\/wp-content\\\/uploads\\\/2021\\\/05\\\/1071639.jpg\",\"datePublished\":\"2021-05-11T11:22:55+00:00\",\"dateModified\":\"2026-02-17T14:21:06+00:00\",\"description\":\"M t\u00f6ml\u0151kocsi szett 20 m t\u00f6ml\u0151vel Szabad elhelyez\u00e9s \u00e9s 360\u00b0-os forg\u00e1s az extrasz\u00e9les locsol\u00e1si ter\u00fclet\u00e9rt A csatolt t\u00e1maszt\u00e9k lehet\u0151v\u00e9\",\"breadcrumb\":{\"@id\":\"https:\\\/\\\/tajkertesz.com\\\/termek\\\/m-tomlokocsi-szett-20-m-tomlovel\\\/#breadcrumb\"},\"inLanguage\":\"en-US\",\"potentialAction\":[{\"@type\":\"ReadAction\",\"target\":[\"https:\\\/\\\/tajkertesz.com\\\/termek\\\/m-tomlokocsi-szett-20-m-tomlovel\\\/\"]}]},{\"@type\":\"ImageObject\",\"inLanguage\":\"en-US\",\"@id\":\"https:\\\/\\\/tajkertesz.com\\\/termek\\\/m-tomlokocsi-szett-20-m-tomlovel\\\/#primaryimage\",\"url\":\"https:\\\/\\\/tajkertesz.com\\\/wp-content\\\/uploads\\\/2021\\\/05\\\/1071639.jpg\",\"contentUrl\":\"https:\\\/\\\/tajkertesz.com\\\/wp-content\\\/uploads\\\/2021\\\/05\\\/1071639.jpg\",\"width\":496,\"height\":664},{\"@type\":\"BreadcrumbList\",\"@id\":\"https:\\\/\\\/tajkertesz.com\\\/termek\\\/m-tomlokocsi-szett-20-m-tomlovel\\\/#breadcrumb\",\"itemListElement\":[{\"@type\":\"ListItem\",\"position\":1,\"name\":\"Home\",\"item\":\"https:\\\/\\\/tajkertesz.com\\\/\"},{\"@type\":\"ListItem\",\"position\":2,\"name\":\"Kezd\u0151lap\",\"item\":\"https:\\\/\\\/tajkertesz.com\\\/\"},{\"@type\":\"ListItem\",\"position\":3,\"name\":\"Fiskars M t\u00f6ml\u0151kocsi szett 20 m t\u00f6ml\u0151vel\"}]},{\"@type\":\"WebSite\",\"@id\":\"https:\\\/\\\/tajkertesz.com\\\/#website\",\"url\":\"https:\\\/\\\/tajkertesz.com\\\/\",\"name\":\"T\u00e1j-Kert\u00e9sz 84 Kft.\",\"description\":\"Kert\u00e9szeti kis- \u00e9s nagykeresked\u00e9s, D\u00edszn\u00f6v\u00e9ny web\u00e1ruh\u00e1z orsz\u00e1gos h\u00e1zhozsz\u00e1ll\u00edt\u00e1ssal!\",\"publisher\":{\"@id\":\"https:\\\/\\\/tajkertesz.com\\\/#organization\"},\"potentialAction\":[{\"@type\":\"SearchAction\",\"target\":{\"@type\":\"EntryPoint\",\"urlTemplate\":\"https:\\\/\\\/tajkertesz.com\\\/?s={search_term_string}\"},\"query-input\":{\"@type\":\"PropertyValueSpecification\",\"valueRequired\":true,\"valueName\":\"search_term_string\"}}],\"inLanguage\":\"en-US\"},{\"@type\":\"Organization\",\"@id\":\"https:\\\/\\\/tajkertesz.com\\\/#organization\",\"name\":\"T\u00e1j-Kert\u00e9sz 84 Kft.\",\"url\":\"https:\\\/\\\/tajkertesz.com\\\/\",\"logo\":{\"@type\":\"ImageObject\",\"inLanguage\":\"en-US\",\"@id\":\"https:\\\/\\\/tajkertesz.com\\\/#\\\/schema\\\/logo\\\/image\\\/\",\"url\":\"https:\\\/\\\/tajkertesz.com\\\/wp-content\\\/uploads\\\/2018\\\/02\\\/logo-2-e1518678052539.png\",\"contentUrl\":\"https:\\\/\\\/tajkertesz.com\\\/wp-content\\\/uploads\\\/2018\\\/02\\\/logo-2-e1518678052539.png\",\"width\":81,\"height\":140,\"caption\":\"T\u00e1j-Kert\u00e9sz 84 Kft.\"},\"image\":{\"@id\":\"https:\\\/\\\/tajkertesz.com\\\/#\\\/schema\\\/logo\\\/image\\\/\"},\"sameAs\":[\"https:\\\/\\\/www.facebook.com\\\/Tajkertesz\\\/\"]}]}<\/script>\n<!-- \/ Yoast SEO plugin. -->","yoast_head_json":{"title":"Fiskars M t\u00f6ml\u0151kocsi szett 20 m t\u00f6ml\u0151vel - T\u00e1jkert\u00e9sz","description":"M t\u00f6ml\u0151kocsi szett 20 m t\u00f6ml\u0151vel Szabad elhelyez\u00e9s \u00e9s 360\u00b0-os forg\u00e1s az extrasz\u00e9les locsol\u00e1si ter\u00fclet\u00e9rt A csatolt t\u00e1maszt\u00e9k lehet\u0151v\u00e9","robots":{"index":"index","follow":"follow","max-snippet":"max-snippet:-1","max-image-preview":"max-image-preview:large","max-video-preview":"max-video-preview:-1"},"canonical":"https:\/\/tajkertesz.com\/en_US\/product\/m-tomlokocsi-szett-20-m-tomlovel\/","og_locale":"en_US","og_type":"article","og_title":"Fiskars M t\u00f6ml\u0151kocsi szett 20 m t\u00f6ml\u0151vel - T\u00e1jkert\u00e9sz","og_description":"M t\u00f6ml\u0151kocsi szett 20 m t\u00f6ml\u0151vel Szabad elhelyez\u00e9s \u00e9s 360\u00b0-os forg\u00e1s az extrasz\u00e9les locsol\u00e1si ter\u00fclet\u00e9rt A csatolt t\u00e1maszt\u00e9k lehet\u0151v\u00e9","og_url":"https:\/\/tajkertesz.com\/en_US\/product\/m-tomlokocsi-szett-20-m-tomlovel\/","og_site_name":"T\u00e1jkert\u00e9sz","article_publisher":"https:\/\/www.facebook.com\/Tajkertesz\/","article_modified_time":"2026-02-17T14:21:06+00:00","og_image":[{"width":496,"height":664,"url":"https:\/\/tajkertesz.com\/wp-content\/uploads\/2021\/05\/1071639.jpg","type":"image\/jpeg"}],"twitter_card":"summary_large_image","twitter_misc":{"Est. reading time":"2 minutes"},"schema":{"@context":"https:\/\/schema.org","@graph":[{"@type":"WebPage","@id":"https:\/\/tajkertesz.com\/termek\/m-tomlokocsi-szett-20-m-tomlovel\/","url":"https:\/\/tajkertesz.com\/termek\/m-tomlokocsi-szett-20-m-tomlovel\/","name":"Fiskars M t\u00f6ml\u0151kocsi szett 20 m t\u00f6ml\u0151vel - T\u00e1jkert\u00e9sz","isPartOf":{"@id":"https:\/\/tajkertesz.com\/#website"},"primaryImageOfPage":{"@id":"https:\/\/tajkertesz.com\/termek\/m-tomlokocsi-szett-20-m-tomlovel\/#primaryimage"},"image":{"@id":"https:\/\/tajkertesz.com\/termek\/m-tomlokocsi-szett-20-m-tomlovel\/#primaryimage"},"thumbnailUrl":"https:\/\/tajkertesz.com\/wp-content\/uploads\/2021\/05\/1071639.jpg","datePublished":"2021-05-11T11:22:55+00:00","dateModified":"2026-02-17T14:21:06+00:00","description":"M t\u00f6ml\u0151kocsi szett 20 m t\u00f6ml\u0151vel Szabad elhelyez\u00e9s \u00e9s 360\u00b0-os forg\u00e1s az extrasz\u00e9les locsol\u00e1si ter\u00fclet\u00e9rt A csatolt t\u00e1maszt\u00e9k lehet\u0151v\u00e9","breadcrumb":{"@id":"https:\/\/tajkertesz.com\/termek\/m-tomlokocsi-szett-20-m-tomlovel\/#breadcrumb"},"inLanguage":"en-US","potentialAction":[{"@type":"ReadAction","target":["https:\/\/tajkertesz.com\/termek\/m-tomlokocsi-szett-20-m-tomlovel\/"]}]},{"@type":"ImageObject","inLanguage":"en-US","@id":"https:\/\/tajkertesz.com\/termek\/m-tomlokocsi-szett-20-m-tomlovel\/#primaryimage","url":"https:\/\/tajkertesz.com\/wp-content\/uploads\/2021\/05\/1071639.jpg","contentUrl":"https:\/\/tajkertesz.com\/wp-content\/uploads\/2021\/05\/1071639.jpg","width":496,"height":664},{"@type":"BreadcrumbList","@id":"https:\/\/tajkertesz.com\/termek\/m-tomlokocsi-szett-20-m-tomlovel\/#breadcrumb","itemListElement":[{"@type":"ListItem","position":1,"name":"Home","item":"https:\/\/tajkertesz.com\/"},{"@type":"ListItem","position":2,"name":"Kezd\u0151lap","item":"https:\/\/tajkertesz.com\/"},{"@type":"ListItem","position":3,"name":"Fiskars M t\u00f6ml\u0151kocsi szett 20 m t\u00f6ml\u0151vel"}]},{"@type":"WebSite","@id":"https:\/\/tajkertesz.com\/#website","url":"https:\/\/tajkertesz.com\/","name":"T\u00e1j-Kert\u00e9sz 84 Kft.","description":"Kert\u00e9szeti kis- \u00e9s nagykeresked\u00e9s, D\u00edszn\u00f6v\u00e9ny web\u00e1ruh\u00e1z orsz\u00e1gos h\u00e1zhozsz\u00e1ll\u00edt\u00e1ssal!","publisher":{"@id":"https:\/\/tajkertesz.com\/#organization"},"potentialAction":[{"@type":"SearchAction","target":{"@type":"EntryPoint","urlTemplate":"https:\/\/tajkertesz.com\/?s={search_term_string}"},"query-input":{"@type":"PropertyValueSpecification","valueRequired":true,"valueName":"search_term_string"}}],"inLanguage":"en-US"},{"@type":"Organization","@id":"https:\/\/tajkertesz.com\/#organization","name":"T\u00e1j-Kert\u00e9sz 84 Kft.","url":"https:\/\/tajkertesz.com\/","logo":{"@type":"ImageObject","inLanguage":"en-US","@id":"https:\/\/tajkertesz.com\/#\/schema\/logo\/image\/","url":"https:\/\/tajkertesz.com\/wp-content\/uploads\/2018\/02\/logo-2-e1518678052539.png","contentUrl":"https:\/\/tajkertesz.com\/wp-content\/uploads\/2018\/02\/logo-2-e1518678052539.png","width":81,"height":140,"caption":"T\u00e1j-Kert\u00e9sz 84 Kft."},"image":{"@id":"https:\/\/tajkertesz.com\/#\/schema\/logo\/image\/"},"sameAs":["https:\/\/www.facebook.com\/Tajkertesz\/"]}]}},"_links":{"self":[{"href":"https:\/\/tajkertesz.com\/en_US\/wp-json\/wp\/v2\/product\/4559","targetHints":{"allow":["GET"]}}],"collection":[{"href":"https:\/\/tajkertesz.com\/en_US\/wp-json\/wp\/v2\/product"}],"about":[{"href":"https:\/\/tajkertesz.com\/en_US\/wp-json\/wp\/v2\/types\/product"}],"wp:featuredmedia":[{"embeddable":true,"href":"https:\/\/tajkertesz.com\/en_US\/wp-json\/wp\/v2\/media\/20150"}],"wp:attachment":[{"href":"https:\/\/tajkertesz.com\/en_US\/wp-json\/wp\/v2\/media?parent=4559"}],"wp:term":[{"taxonomy":"product_brand","embeddable":true,"href":"https:\/\/tajkertesz.com\/en_US\/wp-json\/wp\/v2\/product_brand?post=4559"},{"taxonomy":"product_cat","embeddable":true,"href":"https:\/\/tajkertesz.com\/en_US\/wp-json\/wp\/v2\/product_cat?post=4559"},{"taxonomy":"product_tag","embeddable":true,"href":"https:\/\/tajkertesz.com\/en_US\/wp-json\/wp\/v2\/product_tag?post=4559"}],"curies":[{"name":"wp","href":"https:\/\/api.w.org\/{rel}","templated":true}]}}