{"id":4573,"date":"2021-05-11T11:44:50","date_gmt":"2021-05-11T11:44:50","guid":{"rendered":"https:\/\/tajkertesz.com\/?post_type=product&#038;p=4573"},"modified":"2026-02-17T14:20:54","modified_gmt":"2026-02-17T14:20:54","slug":"fiskars-oszcillalo-esozteto","status":"publish","type":"product","link":"https:\/\/tajkertesz.com\/en_US\/product\/fiskars-oszcillalo-esozteto\/","title":{"rendered":"Fiskars Oszcill\u00e1l\u00f3 es\u0151ztet\u0151"},"content":{"rendered":"<div class=\"artdet__name-rating d-none d-lg-block\">\n<div class=\"row gutters-5\">\n<div class=\"col\">\n<div class=\"artdet__name-pagination-wrap d-flex\">\n<h1>Fiskars Oszcill\u00e1l\u00f3 es\u0151ztet\u0151<\/h1>\n<\/div>\n<div class=\"artdet__name-pagination-wrap d-flex\">\n<p>Fiskars Oszcill\u00e1l\u00f3 es\u0151ztet\u0151<\/p>\n<p>Ide\u00e1lis k\u00f6zepes nagys\u00e1g\u00fa kertek, p\u00e1zsitok egyenletes locsol\u00e1s\u00e1hoz, az es\u0151ztet\u0151 ergonomikus vez\u00e9rl\u0151gombbal rendelkezik, amely lehet\u0151v\u00e9 teszi az \u00f6nt\u00f6z\u00e9si t\u00e1vols\u00e1g \u00e9s ir\u00e1ny gyors \u00e9s k\u00f6nny\u0171 be\u00e1ll\u00edt\u00e1s\u00e1t.<\/p>\n<p>Alum\u00ednium \u00f6nt\u00f6z\u0151cs\u00f6ve \u00e9s \u00fct\u00e9s\u00e1ll\u00f3 m\u0171anyag alapja biztos\u00edtja, hogy az es\u0151ztet\u0151 megb\u00edzhat\u00f3 teljes\u00edtm\u00e9nyt ny\u00fajtson \u00e9vr\u0151l \u00e9vre.<\/p>\n<ul>\n<li>A t\u00e1vols\u00e1gvez\u00e9rl\u0151 gomb lehet\u0151v\u00e9 teszi a t\u00e1vols\u00e1g \u00e9s ir\u00e1ny egyszer\u0171 be\u00e1ll\u00edt\u00e1s\u00e1t<\/li>\n<li>K\u00f6nnyen be\u00e1ll\u00edthatja az \u00f6nt\u00f6z\u00e9si t\u00e1vols\u00e1got \u00e9s sz\u00e9less\u00e9get 16 x 17 m\u00e9terig<\/li>\n<li>Tart\u00f3s alum\u00ednium \u00f6nt\u00f6z\u0151cs\u0151 17 prec\u00edzi\u00f3s f\u00fav\u00f3k\u00e1val<\/li>\n<li>\u00dct\u00e9s\u00e1ll\u00f3 m\u0171anyag alap<\/li>\n<li>Univerz\u00e1lis illeszked\u00e9s &#8211; M\u00e1s m\u00e1rk\u00e1kkal is kompatibilis<\/li>\n<\/ul>\n<\/div>\n<\/div>\n<\/div>\n<\/div>\n<div><a href=\"https:\/\/www.facebook.com\/tajkertesz\">https:\/\/www.facebook.com\/tajkertesz<\/a><\/div>\n<div>\n<p><a href=\"https:\/\/tajkertesz.com\/\">https:\/\/tajkertesz.com\/<\/a><\/p>\n<\/div>\n<div><\/div>\n<h3><span style=\"color: #ffffff;\">\u00d6nt\u00f6z\u00e9s :<\/span><\/h3>\n<p><span style=\"color: #ffffff;\">Az\u00a0<b>\u00f6nt\u00f6z\u00e9s<\/b> a talaj nedvess\u00e9gtartalm\u00e1nak mesters\u00e9ges \u00faton t\u00f6rt\u00e9n\u0151 szab\u00e1lyoz\u00e1s\u00e1t, p\u00f3tl\u00e1s\u00e1t jelenti. Az \u00f6nt\u00f6z\u00e9st \u00e1ltal\u00e1ban sz\u00e1raz ter\u00fcleteken, a mez\u0151gazdas\u00e1gi term\u00e9kek n\u00f6veked\u00e9s\u00e9nek el\u0151mozd\u00edt\u00e1s\u00e1ra, valamint a csapad\u00e9kszeg\u00e9ny id\u0151szakokban alkalmazz\u00e1k. Az \u00f6nt\u00f6z\u00e9snek tov\u00e1bbi szerepei is vannak a n\u00f6v\u00e9nytermeszt\u00e9sben, ilyen p\u00e9ld\u00e1ul a n\u00f6v\u00e9nyek v\u00e9delme a fagy ellen,<sup id=\"cite_ref-1\" class=\"reference\"><\/sup> a gabonatermeszt\u00e9sben a gyomn\u00f6v\u00e9nyek elfojt\u00e1sa,<sup id=\"cite_ref-2\" class=\"reference\"><\/sup>\u00a0valamint a talaj t\u00f6m\u00f6r\u00edt\u00e9s\u00e9nek el\u0151seg\u00edt\u00e9se.<sup id=\"cite_ref-3\" class=\"reference\"><\/sup>Az \u00f6nt\u00f6z\u00e9ses gazd\u00e1lkod\u00e1ssal szemben, a k\u00f6zvetlen es\u0151z\u00e9seken alapul\u00f3 gazd\u00e1lkod\u00e1st csapad\u00e9kra \u00e9p\u00fcl\u0151 mez\u0151gazdas\u00e1gnak h\u00edvjuk. Az \u00f6nt\u00f6z\u00e9st igen gyakran a v\u00edzelvezet\u00e9ssel egy\u00fctt kezelik, mely a felsz\u00edni vagy a felsz\u00edn alatti vizek term\u00e9szetes vagy mesters\u00e9ges elvezet\u00e9s\u00e9t jelenti.<\/span><\/p>\n<h2><span id=\"Az_\u00f6nt\u00f6z\u00e9s_fajt\u00e1i\" class=\"mw-headline\" style=\"color: #ffffff;\">Az \u00f6nt\u00f6z\u00e9s fajt\u00e1i:<\/span><\/h2>\n<p><span style=\"color: #ffffff;\">Az \u00f6nt\u00f6z\u00e9si rendszereket a v\u00edz kiemel\u00e9s\u00e9nek m\u00f3dja \u00e9s a mez\u0151gazdas\u00e1gi ter\u00fcletre juttat\u00e1s\u00e1nak mik\u00e9ntje szerint k\u00fcl\u00f6nb\u00f6ztetj\u00fck meg. Az \u00e1ltal\u00e1nos c\u00e9l az, hogy a v\u00edz egyenletesen jusson a teljes \u00f6nt\u00f6z\u00f6tt ter\u00fcletre, vagyis minden n\u00f6v\u00e9ny ig\u00e9ny\u00e9nek megfelel\u0151en, se t\u00fal sok, se t\u00fal kev\u00e9s vizet ne kapjon.<\/span><\/p>\n<h3><span style=\"color: #ffffff;\"><span id=\"Fel.C3.BCleti_.C3.B6nt.C3.B6z.C3.A9s\"><\/span><span id=\"Fel\u00fcleti_\u00f6nt\u00f6z\u00e9s\" class=\"mw-headline\">Fel\u00fcleti \u00f6nt\u00f6z\u00e9s<\/span><\/span><\/h3>\n<div class=\"thumb tright\">\n<div class=\"thumbinner\">\n<div class=\"thumbcaption\">\n<div class=\"magnify\"><span style=\"color: #ffffff;\">B\u00faza \u00e1raszt\u00e1sos \u00f6nt\u00f6z\u00e9se<\/span><\/div>\n<\/div>\n<\/div>\n<\/div>\n<p><span style=\"color: #ffffff;\">A fel\u00fcleti \u00f6nt\u00f6z\u0151rendszerek eset\u00e9ben a v\u00edz gravit\u00e1ci\u00f3s \u00faton \u00e1ramlik \u00e9s ker\u00fcl be a talajba. V\u00e1ltozatai: \u00e1raszt\u00e1sos, cs\u00f6rgedeztet\u0151, s\u00e1vos cs\u00f6rgedeztet\u0151, bar\u00e1zd\u00e1s, m\u00e9lybar\u00e1zd\u00e1s.<sup id=\"cite_ref-18\" class=\"reference\"><\/sup>\u00a0Amikor az \u00f6nt\u00f6z\u00f6tt ter\u00fclet a m\u0171velt f\u00f6ldter\u00fclet teljes vagy csaknem teljes el\u00e1raszt\u00e1s\u00e1val j\u00e1r, a m\u00f3dszert \u00e1raszt\u00e1sos \u00f6nt\u00f6z\u00e9snek nevezik. A t\u00f6rt\u00e9nelem sor\u00e1n ez volt a mez\u0151gazdas\u00e1gilag m\u0171velt ter\u00fcletek \u00f6nt\u00f6z\u00e9s\u00e9nek leg\u00e1ltal\u00e1nosabban haszn\u00e1lt m\u00f3dszere.<\/span><\/p>\n<p><span style=\"color: #ffffff;\">Ahol az \u00f6nt\u00f6z\u0151v\u00edz forr\u00e1sa megengedi, a v\u00edz szintj\u00e9t g\u00e1tokkal szab\u00e1lyozz\u00e1k, melyeket \u00e1ltal\u00e1ban f\u00f6lddel torlaszolnak el. Ez j\u00f3l megfigyelhet\u0151 a teraszos m\u0171vel\u00e9s\u0171 rizsf\u00f6ldeken, melyekn\u00e9l az egyes parcell\u00e1k v\u00edzszintj\u00e9t g\u00e1takkal k\u00fcl\u00f6n-k\u00fcl\u00f6n szab\u00e1lyozz\u00e1k. Bizonyos esetekben emberi vagy \u00e1llati er\u0151vel emelik, szivatty\u00fazz\u00e1k a vizet magasabb ter\u00fcletekre.<\/span><\/p>\n<h3><span style=\"color: #ffffff;\"><span id=\"Lokaliz.C3.A1lt_.C3.B6nt.C3.B6z.C3.A9s\"><\/span><span id=\"Lokaliz\u00e1lt_\u00f6nt\u00f6z\u00e9s\" class=\"mw-headline\">Lokaliz\u00e1lt \u00f6nt\u00f6z\u00e9s<\/span><\/span><\/h3>\n<p><span style=\"color: #ffffff;\">A lokaliz\u00e1lt \u00f6nt\u00f6z\u0151rendszerekn\u00e9l a v\u00edz kisnyom\u00e1s\u00fa cs\u0151h\u00e1l\u00f3zaton jut el az \u00f6nt\u00f6z\u00e9s hely\u00e9re, k\u00f6zvetlen\u00fcl a n\u00f6v\u00e9nyekhez. Ebbe a kateg\u00f3ri\u00e1ba tartozik a csepegtet\u0151 \u00f6nt\u00f6z\u00e9s, a mikrosz\u00f3r\u00f3s \u00f6nt\u00f6z\u00e9s.<\/span><\/p>\n<h4><span style=\"color: #ffffff;\"><span id=\"Csepegtet.C5.91_.C3.B6nt.C3.B6z.C3.A9s\"><\/span><span id=\"Csepegtet\u0151_\u00f6nt\u00f6z\u00e9s\" class=\"mw-headline\">Csepegtet\u0151 \u00f6nt\u00f6z\u00e9s<\/span><\/span><\/h4>\n<p><span style=\"color: #ffffff;\">A csepegtet\u0151 \u00f6nt\u00f6z\u00e9s sor\u00e1n \u2013 mint arra neve is utal \u2013 a v\u00edz cseppenk\u00e9nt jut el, k\u00f6zvetlen\u00fcl a n\u00f6v\u00e9nyek gy\u00f6ker\u00e9hez. V\u00edzfelhaszn\u00e1l\u00e1s szempontj\u00e1b\u00f3l val\u00f3sz\u00edn\u0171leg ez a leghat\u00e9konyabb \u00f6nt\u00f6z\u00e9si m\u00f3dszer, mivel a p\u00e1rolg\u00e1si \u00e9s lefoly\u00e1si vesztes\u00e9g minim\u00e1lis. Napjaink korszer\u0171 mez\u0151gazdas\u00e1gi technol\u00f3gi\u00e1iban a csepegtet\u0151 \u00f6nt\u00f6z\u00e9st talajtakar\u00e1ssal,mulcsoz\u00e1ssal egy\u00fctt is alkalmazz\u00e1k, tov\u00e1bb\u00e1 a m\u0171tr\u00e1gya kijuttat\u00e1s\u00e1ra is haszn\u00e1lhatj\u00e1k. A csepegtet\u0151 \u00f6nt\u00f6z\u00e9st emellett gyakran haszn\u00e1lj\u00e1k \u00fcvegh\u00e1zak \u00e9s h\u00e1zi kertek \u00f6nt\u00f6z\u00e9se c\u00e9lj\u00e1b\u00f3l is.<sup id=\"cite_ref-20\" class=\"reference\"><\/sup><sup id=\"cite_ref-21\" class=\"reference\"><\/sup> Ennek oka \u00e1ltal\u00e1ban az, hogy a csepegtet\u0151 rendszer k\u00f6nnyen be\u00e1ll\u00edthat\u00f3 egyes n\u00f6v\u00e9nyek elt\u00e9r\u0151 v\u00edzig\u00e9ny\u00e9nek kiszolg\u00e1l\u00e1s\u00e1ra is. A kertek \u00f6nt\u00f6z\u00e9s\u00e9hez csepegtet\u0151 \u00f6nt\u00f6z\u0151 k\u00e9szletek v\u00e1s\u00e1rolhat\u00f3ak, amelyeknek r\u00e9sze az id\u0151z\u00edt\u0151, a t\u00f6ml\u0151 \u00e9s az adagol\u00f3. Vir\u00e1gcserepek, vir\u00e1g\u00e1gy\u00e1sok \u00f6nt\u00f6z\u00e9s\u00e9hez speci\u00e1lis 4 millim\u00e9ter \u00e1tm\u00e9r\u0151j\u0171 t\u00f6ml\u0151ket haszn\u00e1lnak. Az ilyen rendszerek gyakran l\u00e1tnak el v\u00edzzel cserjefel\u00fcleteket \u00e9s s\u00f6v\u00e9nyeket, konyhakerteket \u00e9s z\u00f6lds\u00e9geskerteket.<\/span><\/p>\n<p>&nbsp;<\/p>\n<p><strong> Kiszerel\u00e9s : 1 db<\/strong><\/p>","protected":false},"excerpt":{"rendered":"<h2>Fiskars Oszcill\u00e1l\u00f3 es\u0151ztet\u0151<\/h2>\n<p><b>K\u00e9szlet\u00fcnk napi szinten v\u00e1ltozik, ez\u00e9rt k\u00e9rj\u00fck, \u00e9rdekl\u0151dj\u00f6n szem\u00e9lyesen, telefonon vagy email-en.<\/b><\/p>\n<p>Term\u00e9keinket szem\u00e9lyesen is \u00e1tveheti a h\u00e9t minden napj\u00e1n nyitvatart\u00e1si id\u0151ben!<\/p>\n<p>Kisz\u00e1ll\u00edt\u00e1s: 200 cm \u00e9s 40 kg-ig a sz\u00e1ll\u00edt\u00e1s fut\u00e1rszolg\u00e1lattal t\u00f6rt\u00e9nik.<\/p>","protected":false},"featured_media":4574,"template":"","meta":{"_et_pb_use_builder":"","_et_pb_old_content":"","_et_gb_content_width":""},"product_brand":[],"product_cat":[4274,1520],"product_tag":[116,1490],"class_list":{"0":"post-4573","1":"product","2":"type-product","3":"status-publish","4":"has-post-thumbnail","6":"product_cat-akcios-termekek","7":"product_cat-fiskars-termekek","8":"product_tag-fiskars","9":"product_tag-locsolo","11":"first","12":"instock","13":"sale","14":"shipping-taxable","15":"purchasable","16":"product-type-simple"},"yoast_head":"<!-- This site is optimized with the Yoast SEO plugin v27.3 - https:\/\/yoast.com\/product\/yoast-seo-wordpress\/ -->\n<title>Fiskars Oszcill\u00e1l\u00f3 es\u0151ztet\u0151 - T\u00e1jkert\u00e9sz<\/title>\n<meta name=\"description\" content=\"Fiskars Oszcill\u00e1l\u00f3 es\u0151ztet\u0151 A t\u00e1vols\u00e1gvez\u00e9rl\u0151 gomb lehet\u0151v\u00e9 teszi a t\u00e1vols\u00e1g \u00e9s ir\u00e1ny egyszer\u0171 be\u00e1ll\u00edt\u00e1s\u00e1t K\u00f6nnyen be\u00e1ll\u00edthatja az \u00f6nt\u00f6z\u00e9si\" \/>\n<meta name=\"robots\" content=\"index, follow, max-snippet:-1, max-image-preview:large, max-video-preview:-1\" \/>\n<link rel=\"canonical\" href=\"https:\/\/tajkertesz.com\/en_US\/product\/fiskars-oszcillalo-esozteto\/\" \/>\n<meta property=\"og:locale\" content=\"en_US\" \/>\n<meta property=\"og:type\" content=\"article\" \/>\n<meta property=\"og:title\" content=\"https:\/\/www.facebook.com\/tajkertesz\" \/>\n<meta property=\"og:description\" content=\"Ide\u00e1lis k\u00f6zepes nagys\u00e1g\u00fa kertek, p\u00e1zsitok egyenletes locsol\u00e1s\u00e1hoz, az es\u0151ztet\u0151 ergonomikus vez\u00e9rl\u0151gombbal rendelkezik, amely lehet\u0151v\u00e9 teszi az \u00f6nt\u00f6z\u00e9si t\u00e1vols\u00e1g \u00e9s ir\u00e1ny gyors \u00e9s k\u00f6nny\u0171 be\u00e1ll\u00edt\u00e1s\u00e1t.Alum\u00ednium \u00f6nt\u00f6z\u0151cs\u00f6ve \u00e9s \u00fct\u00e9s\u00e1ll\u00f3 m\u0171anyag alapja biztos\u00edtja, hogy az es\u0151ztet\u0151 megb\u00edzhat\u00f3 teljes\u00edtm\u00e9nyt ny\u00fajtson \u00e9vr\u0151l \u00e9vre.\" \/>\n<meta property=\"og:url\" content=\"https:\/\/tajkertesz.com\/en_US\/product\/fiskars-oszcillalo-esozteto\/\" \/>\n<meta property=\"og:site_name\" content=\"T\u00e1jkert\u00e9sz\" \/>\n<meta property=\"article:publisher\" content=\"https:\/\/www.facebook.com\/Tajkertesz\/\" \/>\n<meta property=\"article:modified_time\" content=\"2026-02-17T14:20:54+00:00\" \/>\n<meta property=\"og:image\" content=\"https:\/\/tajkertesz.com\/wp-content\/uploads\/2021\/05\/1023659-1.jpg\" \/>\n\t<meta property=\"og:image:width\" content=\"1000\" \/>\n\t<meta property=\"og:image:height\" content=\"1000\" \/>\n\t<meta property=\"og:image:type\" content=\"image\/jpeg\" \/>\n<meta name=\"twitter:card\" content=\"summary_large_image\" \/>\n<meta name=\"twitter:label1\" content=\"Est. reading time\" \/>\n\t<meta name=\"twitter:data1\" content=\"3 minutes\" \/>\n<script type=\"application\/ld+json\" class=\"yoast-schema-graph\">{\"@context\":\"https:\\\/\\\/schema.org\",\"@graph\":[{\"@type\":\"WebPage\",\"@id\":\"https:\\\/\\\/tajkertesz.com\\\/termek\\\/fiskars-oszcillalo-esozteto\\\/\",\"url\":\"https:\\\/\\\/tajkertesz.com\\\/termek\\\/fiskars-oszcillalo-esozteto\\\/\",\"name\":\"Fiskars Oszcill\u00e1l\u00f3 es\u0151ztet\u0151 - T\u00e1jkert\u00e9sz\",\"isPartOf\":{\"@id\":\"https:\\\/\\\/tajkertesz.com\\\/#website\"},\"primaryImageOfPage\":{\"@id\":\"https:\\\/\\\/tajkertesz.com\\\/termek\\\/fiskars-oszcillalo-esozteto\\\/#primaryimage\"},\"image\":{\"@id\":\"https:\\\/\\\/tajkertesz.com\\\/termek\\\/fiskars-oszcillalo-esozteto\\\/#primaryimage\"},\"thumbnailUrl\":\"https:\\\/\\\/tajkertesz.com\\\/wp-content\\\/uploads\\\/2021\\\/05\\\/10236591.jpg\",\"datePublished\":\"2021-05-11T11:44:50+00:00\",\"dateModified\":\"2026-02-17T14:20:54+00:00\",\"description\":\"Fiskars Oszcill\u00e1l\u00f3 es\u0151ztet\u0151 A t\u00e1vols\u00e1gvez\u00e9rl\u0151 gomb lehet\u0151v\u00e9 teszi a t\u00e1vols\u00e1g \u00e9s ir\u00e1ny egyszer\u0171 be\u00e1ll\u00edt\u00e1s\u00e1t K\u00f6nnyen be\u00e1ll\u00edthatja az \u00f6nt\u00f6z\u00e9si\",\"breadcrumb\":{\"@id\":\"https:\\\/\\\/tajkertesz.com\\\/termek\\\/fiskars-oszcillalo-esozteto\\\/#breadcrumb\"},\"inLanguage\":\"en-US\",\"potentialAction\":[{\"@type\":\"ReadAction\",\"target\":[\"https:\\\/\\\/tajkertesz.com\\\/termek\\\/fiskars-oszcillalo-esozteto\\\/\"]}]},{\"@type\":\"ImageObject\",\"inLanguage\":\"en-US\",\"@id\":\"https:\\\/\\\/tajkertesz.com\\\/termek\\\/fiskars-oszcillalo-esozteto\\\/#primaryimage\",\"url\":\"https:\\\/\\\/tajkertesz.com\\\/wp-content\\\/uploads\\\/2021\\\/05\\\/10236591.jpg\",\"contentUrl\":\"https:\\\/\\\/tajkertesz.com\\\/wp-content\\\/uploads\\\/2021\\\/05\\\/10236591.jpg\",\"width\":555,\"height\":555},{\"@type\":\"BreadcrumbList\",\"@id\":\"https:\\\/\\\/tajkertesz.com\\\/termek\\\/fiskars-oszcillalo-esozteto\\\/#breadcrumb\",\"itemListElement\":[{\"@type\":\"ListItem\",\"position\":1,\"name\":\"Home\",\"item\":\"https:\\\/\\\/tajkertesz.com\\\/\"},{\"@type\":\"ListItem\",\"position\":2,\"name\":\"Kezd\u0151lap\",\"item\":\"https:\\\/\\\/tajkertesz.com\\\/\"},{\"@type\":\"ListItem\",\"position\":3,\"name\":\"Fiskars Oszcill\u00e1l\u00f3 es\u0151ztet\u0151\"}]},{\"@type\":\"WebSite\",\"@id\":\"https:\\\/\\\/tajkertesz.com\\\/#website\",\"url\":\"https:\\\/\\\/tajkertesz.com\\\/\",\"name\":\"T\u00e1j-Kert\u00e9sz 84 Kft.\",\"description\":\"Kert\u00e9szeti kis- \u00e9s nagykeresked\u00e9s, D\u00edszn\u00f6v\u00e9ny web\u00e1ruh\u00e1z orsz\u00e1gos h\u00e1zhozsz\u00e1ll\u00edt\u00e1ssal!\",\"publisher\":{\"@id\":\"https:\\\/\\\/tajkertesz.com\\\/#organization\"},\"potentialAction\":[{\"@type\":\"SearchAction\",\"target\":{\"@type\":\"EntryPoint\",\"urlTemplate\":\"https:\\\/\\\/tajkertesz.com\\\/?s={search_term_string}\"},\"query-input\":{\"@type\":\"PropertyValueSpecification\",\"valueRequired\":true,\"valueName\":\"search_term_string\"}}],\"inLanguage\":\"en-US\"},{\"@type\":\"Organization\",\"@id\":\"https:\\\/\\\/tajkertesz.com\\\/#organization\",\"name\":\"T\u00e1j-Kert\u00e9sz 84 Kft.\",\"url\":\"https:\\\/\\\/tajkertesz.com\\\/\",\"logo\":{\"@type\":\"ImageObject\",\"inLanguage\":\"en-US\",\"@id\":\"https:\\\/\\\/tajkertesz.com\\\/#\\\/schema\\\/logo\\\/image\\\/\",\"url\":\"https:\\\/\\\/tajkertesz.com\\\/wp-content\\\/uploads\\\/2018\\\/02\\\/logo-2-e1518678052539.png\",\"contentUrl\":\"https:\\\/\\\/tajkertesz.com\\\/wp-content\\\/uploads\\\/2018\\\/02\\\/logo-2-e1518678052539.png\",\"width\":81,\"height\":140,\"caption\":\"T\u00e1j-Kert\u00e9sz 84 Kft.\"},\"image\":{\"@id\":\"https:\\\/\\\/tajkertesz.com\\\/#\\\/schema\\\/logo\\\/image\\\/\"},\"sameAs\":[\"https:\\\/\\\/www.facebook.com\\\/Tajkertesz\\\/\"]}]}<\/script>\n<!-- \/ Yoast SEO plugin. -->","yoast_head_json":{"title":"Fiskars Oszcill\u00e1l\u00f3 es\u0151ztet\u0151 - T\u00e1jkert\u00e9sz","description":"Fiskars Oszcill\u00e1l\u00f3 es\u0151ztet\u0151 A t\u00e1vols\u00e1gvez\u00e9rl\u0151 gomb lehet\u0151v\u00e9 teszi a t\u00e1vols\u00e1g \u00e9s ir\u00e1ny egyszer\u0171 be\u00e1ll\u00edt\u00e1s\u00e1t K\u00f6nnyen be\u00e1ll\u00edthatja az \u00f6nt\u00f6z\u00e9si","robots":{"index":"index","follow":"follow","max-snippet":"max-snippet:-1","max-image-preview":"max-image-preview:large","max-video-preview":"max-video-preview:-1"},"canonical":"https:\/\/tajkertesz.com\/en_US\/product\/fiskars-oszcillalo-esozteto\/","og_locale":"en_US","og_type":"article","og_title":"https:\/\/www.facebook.com\/tajkertesz","og_description":"Ide\u00e1lis k\u00f6zepes nagys\u00e1g\u00fa kertek, p\u00e1zsitok egyenletes locsol\u00e1s\u00e1hoz, az es\u0151ztet\u0151 ergonomikus vez\u00e9rl\u0151gombbal rendelkezik, amely lehet\u0151v\u00e9 teszi az \u00f6nt\u00f6z\u00e9si t\u00e1vols\u00e1g \u00e9s ir\u00e1ny gyors \u00e9s k\u00f6nny\u0171 be\u00e1ll\u00edt\u00e1s\u00e1t.Alum\u00ednium \u00f6nt\u00f6z\u0151cs\u00f6ve \u00e9s \u00fct\u00e9s\u00e1ll\u00f3 m\u0171anyag alapja biztos\u00edtja, hogy az es\u0151ztet\u0151 megb\u00edzhat\u00f3 teljes\u00edtm\u00e9nyt ny\u00fajtson \u00e9vr\u0151l \u00e9vre.","og_url":"https:\/\/tajkertesz.com\/en_US\/product\/fiskars-oszcillalo-esozteto\/","og_site_name":"T\u00e1jkert\u00e9sz","article_publisher":"https:\/\/www.facebook.com\/Tajkertesz\/","article_modified_time":"2026-02-17T14:20:54+00:00","og_image":[{"width":1000,"height":1000,"url":"https:\/\/tajkertesz.com\/wp-content\/uploads\/2021\/05\/1023659-1.jpg","type":"image\/jpeg"}],"twitter_card":"summary_large_image","twitter_misc":{"Est. reading time":"3 minutes"},"schema":{"@context":"https:\/\/schema.org","@graph":[{"@type":"WebPage","@id":"https:\/\/tajkertesz.com\/termek\/fiskars-oszcillalo-esozteto\/","url":"https:\/\/tajkertesz.com\/termek\/fiskars-oszcillalo-esozteto\/","name":"Fiskars Oszcill\u00e1l\u00f3 es\u0151ztet\u0151 - T\u00e1jkert\u00e9sz","isPartOf":{"@id":"https:\/\/tajkertesz.com\/#website"},"primaryImageOfPage":{"@id":"https:\/\/tajkertesz.com\/termek\/fiskars-oszcillalo-esozteto\/#primaryimage"},"image":{"@id":"https:\/\/tajkertesz.com\/termek\/fiskars-oszcillalo-esozteto\/#primaryimage"},"thumbnailUrl":"https:\/\/tajkertesz.com\/wp-content\/uploads\/2021\/05\/10236591.jpg","datePublished":"2021-05-11T11:44:50+00:00","dateModified":"2026-02-17T14:20:54+00:00","description":"Fiskars Oszcill\u00e1l\u00f3 es\u0151ztet\u0151 A t\u00e1vols\u00e1gvez\u00e9rl\u0151 gomb lehet\u0151v\u00e9 teszi a t\u00e1vols\u00e1g \u00e9s ir\u00e1ny egyszer\u0171 be\u00e1ll\u00edt\u00e1s\u00e1t K\u00f6nnyen be\u00e1ll\u00edthatja az \u00f6nt\u00f6z\u00e9si","breadcrumb":{"@id":"https:\/\/tajkertesz.com\/termek\/fiskars-oszcillalo-esozteto\/#breadcrumb"},"inLanguage":"en-US","potentialAction":[{"@type":"ReadAction","target":["https:\/\/tajkertesz.com\/termek\/fiskars-oszcillalo-esozteto\/"]}]},{"@type":"ImageObject","inLanguage":"en-US","@id":"https:\/\/tajkertesz.com\/termek\/fiskars-oszcillalo-esozteto\/#primaryimage","url":"https:\/\/tajkertesz.com\/wp-content\/uploads\/2021\/05\/10236591.jpg","contentUrl":"https:\/\/tajkertesz.com\/wp-content\/uploads\/2021\/05\/10236591.jpg","width":555,"height":555},{"@type":"BreadcrumbList","@id":"https:\/\/tajkertesz.com\/termek\/fiskars-oszcillalo-esozteto\/#breadcrumb","itemListElement":[{"@type":"ListItem","position":1,"name":"Home","item":"https:\/\/tajkertesz.com\/"},{"@type":"ListItem","position":2,"name":"Kezd\u0151lap","item":"https:\/\/tajkertesz.com\/"},{"@type":"ListItem","position":3,"name":"Fiskars Oszcill\u00e1l\u00f3 es\u0151ztet\u0151"}]},{"@type":"WebSite","@id":"https:\/\/tajkertesz.com\/#website","url":"https:\/\/tajkertesz.com\/","name":"T\u00e1j-Kert\u00e9sz 84 Kft.","description":"Kert\u00e9szeti kis- \u00e9s nagykeresked\u00e9s, D\u00edszn\u00f6v\u00e9ny web\u00e1ruh\u00e1z orsz\u00e1gos h\u00e1zhozsz\u00e1ll\u00edt\u00e1ssal!","publisher":{"@id":"https:\/\/tajkertesz.com\/#organization"},"potentialAction":[{"@type":"SearchAction","target":{"@type":"EntryPoint","urlTemplate":"https:\/\/tajkertesz.com\/?s={search_term_string}"},"query-input":{"@type":"PropertyValueSpecification","valueRequired":true,"valueName":"search_term_string"}}],"inLanguage":"en-US"},{"@type":"Organization","@id":"https:\/\/tajkertesz.com\/#organization","name":"T\u00e1j-Kert\u00e9sz 84 Kft.","url":"https:\/\/tajkertesz.com\/","logo":{"@type":"ImageObject","inLanguage":"en-US","@id":"https:\/\/tajkertesz.com\/#\/schema\/logo\/image\/","url":"https:\/\/tajkertesz.com\/wp-content\/uploads\/2018\/02\/logo-2-e1518678052539.png","contentUrl":"https:\/\/tajkertesz.com\/wp-content\/uploads\/2018\/02\/logo-2-e1518678052539.png","width":81,"height":140,"caption":"T\u00e1j-Kert\u00e9sz 84 Kft."},"image":{"@id":"https:\/\/tajkertesz.com\/#\/schema\/logo\/image\/"},"sameAs":["https:\/\/www.facebook.com\/Tajkertesz\/"]}]}},"_links":{"self":[{"href":"https:\/\/tajkertesz.com\/en_US\/wp-json\/wp\/v2\/product\/4573","targetHints":{"allow":["GET"]}}],"collection":[{"href":"https:\/\/tajkertesz.com\/en_US\/wp-json\/wp\/v2\/product"}],"about":[{"href":"https:\/\/tajkertesz.com\/en_US\/wp-json\/wp\/v2\/types\/product"}],"wp:featuredmedia":[{"embeddable":true,"href":"https:\/\/tajkertesz.com\/en_US\/wp-json\/wp\/v2\/media\/4574"}],"wp:attachment":[{"href":"https:\/\/tajkertesz.com\/en_US\/wp-json\/wp\/v2\/media?parent=4573"}],"wp:term":[{"taxonomy":"product_brand","embeddable":true,"href":"https:\/\/tajkertesz.com\/en_US\/wp-json\/wp\/v2\/product_brand?post=4573"},{"taxonomy":"product_cat","embeddable":true,"href":"https:\/\/tajkertesz.com\/en_US\/wp-json\/wp\/v2\/product_cat?post=4573"},{"taxonomy":"product_tag","embeddable":true,"href":"https:\/\/tajkertesz.com\/en_US\/wp-json\/wp\/v2\/product_tag?post=4573"}],"curies":[{"name":"wp","href":"https:\/\/api.w.org\/{rel}","templated":true}]}}