{"id":4664,"date":"2021-05-13T06:15:34","date_gmt":"2021-05-13T06:15:34","guid":{"rendered":"https:\/\/tajkertesz.com\/?post_type=product&#038;p=4664"},"modified":"2025-05-22T10:04:07","modified_gmt":"2025-05-22T10:04:07","slug":"hobby-10-finomporlasztasos-kezi-permetezo","status":"publish","type":"product","link":"https:\/\/tajkertesz.com\/en_US\/product\/hobby-10-finomporlasztasos-kezi-permetezo\/","title":{"rendered":"GLORIA HOBBY 10  Flex FINOMPORLASZT\u00c1SOS K\u00c9ZI PERMETEZ\u0150"},"content":{"rendered":"<div class=\"artdet__name-rating d-none d-lg-block\">\n<div class=\"row gutters-5\">\n<div class=\"col\">\n<div class=\"artdet__name-pagination-wrap d-flex\">\n<h1 class=\"product-page-heading\"><span class=\"product-page-product-name\">GLORIA HOBBY 10 FINOMPORLASZT\u00c1SOS K\u00c9ZI PERMETEZ\u0150<\/span><\/h1>\n<\/div>\n<div class=\"artdet__name-pagination-wrap d-flex\">\n<p class=\"product-page-heading\"><span class=\"product-page-product-name\">HOBBY 10 FINOMPORLASZT\u00c1SOS K\u00c9ZI PERMETEZ\u0150 <\/span>Praktikus \u00e9s sokoldal\u00fa 1 literes kis k\u00e9zi vir\u00e1gpermetez\u0151, k\u00e9tir\u00e1ny\u00fa permetez\u00e9ssel.360 fokos permetez\u00e9si funkci\u00f3val<\/p>\n<ul>\n<li style=\"list-style-type: none;\">\n<ul>\n<li style=\"list-style-type: none;\">\n<ul>\n<li style=\"list-style-type: none;\">\n<ul>\n<li style=\"list-style-type: none;\">\n<ul>\n<li>Er\u0151s m\u0171anyag tart\u00e1ly<\/li>\n<li>Perbunan t\u00f6m\u00edt\u00e9sek<\/li>\n<li>Fokozatmentesen \u00e1ll\u00edthat\u00f3 s\u00e1rgar\u00e9z bet\u00e9ttel ell\u00e1tott f\u00fav\u00f3ka<\/li>\n<li>Kett\u0151s m\u0171k\u00f6dtet\u00e9s\u0171 prec\u00edzi\u00f3s pumpa: 1x pump\u00e1l\u00e1s = 2x permetez\u00e9s<\/li>\n<li>Ergonomikus kialak\u00edt\u00e1s\u00fa pisztoly markolat, mely\u00a0k\u00e9nyelmes fog\u00e1st biztos\u00edt<\/li>\n<li>Nagy bet\u00f6lt\u0151 t\u00f6lcs\u00e9r a k\u00e9nyelmes felt\u00f6lt\u00e9s\u00e9rt<\/li>\n<li>Stabilit\u00e1s magas szintje a bel\u00fcl hajl\u00edtott, lapos talpnak k\u00f6sz\u00f6nhet\u0151en<\/li>\n<li>\u00c1tl\u00e1tsz\u00f3 folyad\u00e9k szintjelz\u0151 cs\u00edk<\/li>\n<li><strong>Magass\u00e1g: <\/strong>27,5 cm<\/li>\n<li><strong>Sz\u00e9less\u00e9g: <\/strong>12,5 cm<\/li>\n<li><strong>S\u00faly: <\/strong>0,18 kg<\/li>\n<\/ul>\n<\/li>\n<\/ul>\n<\/li>\n<\/ul>\n<\/li>\n<\/ul>\n<\/li>\n<\/ul>\n<\/div>\n<\/div>\n<\/div>\n<\/div>\n<div><a href=\"https:\/\/www.facebook.com\/tajkertesz\">https:\/\/www.facebook.com\/tajkertesz<\/a><\/div>\n<div>\n<p><a href=\"https:\/\/tajkertesz.com\/\">https:\/\/tajkertesz.com\/<\/a><\/p>\n<\/div>\n<p><span style=\"color: #ffffff;\">A meleg \u00e1gy\u00e1s val\u00f3j\u00e1ban nem m\u00e1s mint egy vastag tr\u00e1gyar\u00e9teg besz\u00f3rva valamennyi f\u00f6lddel. A meleg\u00e1gy tr\u00e1gyakever\u00e9ke att\u00f3l f\u00fcgg milyen id\u0151tartamra k\u00e9ri a meleget a rajta termeszteni k\u00edv\u00e1nt n\u00f6v\u00e9nykult\u00fara. A l\u00f3tr\u00e1gya hirtelen ad sok meleget. Ez\u00e9rt ezt t\u00e9l v\u00e9ge fel\u00e9 alkalmazt\u00e1k. A marhatr\u00e1gya lassan ad kevesebb meleget, de huzamosabb ideig. A l\u00f3 \u00e9s szarvasmarha tr\u00e1gya kever\u00e9k\u00e9t annak megfelel\u0151en kevert\u00e9k be hogy t\u00f6bb meleg kellett hirtelen, vagy kevesebb meleg hosszabb t\u00e1von. Ha kev\u00e9s a szerves tr\u00e1gya a meleg\u00e1gy al\u00e1, akkor p\u00f3tolhat\u00f3 szalm\u00e1val, \u00e9s m\u0171tr\u00e1gy\u00e1val. A meleg\u00e1gy minden esetben fedhet\u0151 az \u00e9jjeli leh\u0171l\u00e9s megakad\u00e1lyoz\u00e1s\u00e1ra.A meleg \u00e1gy\u00e1s val\u00f3j\u00e1ban nem m\u00e1s mint egy vastag tr\u00e1gyar\u00e9teg besz\u00f3rva valamennyi f\u00f6lddel. A meleg\u00e1gy tr\u00e1gyakever\u00e9ke att\u00f3l f\u00fcgg milyen id\u0151tartamra k\u00e9ri a meleget a rajta termeszteni k\u00edv\u00e1nt n\u00f6v\u00e9nykult\u00fara. A l\u00f3tr\u00e1gya hirtelen ad sok meleget. Ez\u00e9rt ezt t\u00e9l v\u00e9ge fel\u00e9 alkalmazt\u00e1k. A marhatr\u00e1gya lassan ad kevesebb meleget, de huzamosabb ideig. A l\u00f3 \u00e9s szarvasmarha tr\u00e1gya kever\u00e9k\u00e9t annak megfelel\u0151en kevert\u00e9k be hogy t\u00f6bb meleg kellett hirtelen, vagy kevesebb meleg hosszabb t\u00e1von. Ha kev\u00e9s a szerves tr\u00e1gya a meleg\u00e1gy al\u00e1, akkor p\u00f3tolhat\u00f3 szalm\u00e1val, \u00e9s m\u0171tr\u00e1gy\u00e1val. A meleg\u00e1gy minden esetben fedhet\u0151 az \u00e9jjeli leh\u0171l\u00e9s megakad\u00e1lyoz\u00e1s\u00e1ra.<\/span><\/p>\n<p><strong> Kiszerel\u00e9s : 1 db<\/strong><\/p>","protected":false},"excerpt":{"rendered":"<div class=\"artdet__name-rating d-none d-lg-block\">\n<div class=\"row gutters-5\">\n<div class=\"col\">\n<div class=\"artdet__name-rating d-none d-lg-block\">\n<div class=\"row gutters-5\">\n<div class=\"col\">\n<div class=\"artdet__name-rating d-none d-lg-block\">\n<div class=\"row gutters-5\">\n<div class=\"col\">\n<div class=\"artdet__name-rating d-none d-lg-block\">\n<div class=\"row gutters-5\">\n<div class=\"col\">\n<div class=\"artdet__name-rating d-none d-lg-block\">\n<div class=\"row gutters-5\">\n<div class=\"col\">\n<div class=\"artdet__name-rating d-none d-lg-block\">\n<div class=\"row gutters-5\">\n<div class=\"col\">\n<div class=\"artdet__name-rating d-none d-lg-block\">\n<div class=\"row gutters-5\">\n<div class=\"col\">\n<div class=\"artdet__name-rating d-none d-lg-block\">\n<div class=\"row gutters-5\">\n<div class=\"col\">\n<div class=\"artdet__name-rating d-none d-lg-block\">\n<div class=\"row gutters-5\">\n<div class=\"col\">\n<div class=\"artdet__name-rating d-none d-lg-block\">\n<div class=\"row gutters-5\">\n<div class=\"col\">\n<div class=\"artdet__name-rating d-none d-lg-block\">\n<div class=\"row gutters-5\">\n<div class=\"col\">\n<div class=\"artdet__name-rating d-none d-lg-block\">\n<div class=\"row gutters-5\">\n<div class=\"col\">\n<div class=\"artdet__name-pagination-wrap d-flex\">\n<div class=\"artdet__name-pagination-wrap d-flex\">\n<div class=\"artdet__name-pagination-wrap d-flex\">\n<div class=\"artdet__name-pagination-wrap d-flex\">\n<div class=\"artdet__name-rating d-none d-lg-block\">\n<div class=\"row gutters-5\">\n<div class=\"col\">\n<div class=\"artdet__name-pagination-wrap d-flex\">\n<h1 class=\"product-page-heading\"><span class=\"product-page-product-name\">HOBBY 10 FINOMPORLASZT\u00c1SOS K\u00c9ZI PERMETEZ\u0150 <\/span><\/h1>\n<p class=\"product-page-heading\">Praktikus \u00e9s sokoldal\u00fa 1 literes kis k\u00e9zi vir\u00e1gpermetez\u0151, k\u00e9tir\u00e1ny\u00fa permetez\u00e9ssel.360 fokos permetez\u00e9si funkci\u00f3val<\/p>\n<\/div>\n<\/div>\n<\/div>\n<\/div>\n<\/div>\n<\/div>\n<\/div>\n<\/div>\n<\/div>\n<\/div>\n<\/div>\n<\/div>\n<\/div>\n<\/div>\n<\/div>\n<\/div>\n<\/div>\n<\/div>\n<\/div>\n<\/div>\n<\/div>\n<\/div>\n<\/div>\n<\/div>\n<\/div>\n<\/div>\n<\/div>\n<\/div>\n<\/div>\n<\/div>\n<\/div>\n<\/div>\n<\/div>\n<\/div>\n<\/div>\n<\/div>\n<\/div>\n<\/div>\n<\/div>\n<\/div>\n<\/div>\n<\/div>\n<\/div>\n<\/div>","protected":false},"featured_media":4665,"template":"","meta":{"_et_pb_use_builder":"","_et_pb_old_content":"","_et_gb_content_width":""},"product_brand":[],"product_cat":[4424],"product_tag":[1516,1517],"class_list":{"0":"post-4664","1":"product","2":"type-product","3":"status-publish","4":"has-post-thumbnail","6":"product_cat-gloria-permetezo-es-tartozekai","7":"product_tag-gloria","8":"product_tag-permetezo","10":"first","11":"instock","12":"shipping-taxable","13":"purchasable","14":"product-type-simple"},"yoast_head":"<!-- This site is optimized with the Yoast SEO plugin v27.4 - https:\/\/yoast.com\/product\/yoast-seo-wordpress\/ -->\n<title>GLORIA HOBBY 10 Flex FINOMPORLASZT\u00c1SOS K\u00c9ZI PERMETEZ\u0150 - T\u00e1jkert\u00e9sz<\/title>\n<meta name=\"description\" content=\"HOBBY 10 FINOMPORLASZT\u00c1SOS K\u00c9ZI PERMETEZ\u0150 Praktikus \u00e9s sokoldal\u00fa 1 literes kis k\u00e9zi vir\u00e1gpermetez\u0151, k\u00e9tir\u00e1ny\u00fa permetez\u00e9ssel.360 fokos\" \/>\n<meta name=\"robots\" content=\"index, follow, max-snippet:-1, max-image-preview:large, max-video-preview:-1\" \/>\n<link rel=\"canonical\" href=\"https:\/\/tajkertesz.com\/en_US\/product\/hobby-10-finomporlasztasos-kezi-permetezo\/\" \/>\n<meta property=\"og:locale\" content=\"en_US\" \/>\n<meta property=\"og:type\" content=\"article\" \/>\n<meta property=\"og:title\" content=\"GLORIA HOBBY 10 Flex FINOMPORLASZT\u00c1SOS K\u00c9ZI PERMETEZ\u0150 - T\u00e1jkert\u00e9sz\" \/>\n<meta property=\"og:description\" content=\"HOBBY 10 FINOMPORLASZT\u00c1SOS K\u00c9ZI PERMETEZ\u0150 Praktikus \u00e9s sokoldal\u00fa 1 literes kis k\u00e9zi vir\u00e1gpermetez\u0151, k\u00e9tir\u00e1ny\u00fa permetez\u00e9ssel.360 fokos\" \/>\n<meta property=\"og:url\" content=\"https:\/\/tajkertesz.com\/en_US\/product\/hobby-10-finomporlasztasos-kezi-permetezo\/\" \/>\n<meta property=\"og:site_name\" content=\"T\u00e1jkert\u00e9sz\" \/>\n<meta property=\"article:publisher\" content=\"https:\/\/www.facebook.com\/Tajkertesz\/\" \/>\n<meta property=\"article:modified_time\" content=\"2025-05-22T10:04:07+00:00\" \/>\n<meta property=\"og:image\" content=\"https:\/\/tajkertesz.com\/wp-content\/uploads\/2021\/05\/Hobby_10_000860.0000.png\" \/>\n\t<meta property=\"og:image:width\" content=\"900\" \/>\n\t<meta property=\"og:image:height\" content=\"500\" \/>\n\t<meta property=\"og:image:type\" content=\"image\/png\" \/>\n<meta name=\"twitter:card\" content=\"summary_large_image\" \/>\n<meta name=\"twitter:label1\" content=\"Est. reading time\" \/>\n\t<meta name=\"twitter:data1\" content=\"2 minutes\" \/>\n<script type=\"application\/ld+json\" class=\"yoast-schema-graph\">{\"@context\":\"https:\\\/\\\/schema.org\",\"@graph\":[{\"@type\":\"WebPage\",\"@id\":\"https:\\\/\\\/tajkertesz.com\\\/termek\\\/hobby-10-finomporlasztasos-kezi-permetezo\\\/\",\"url\":\"https:\\\/\\\/tajkertesz.com\\\/termek\\\/hobby-10-finomporlasztasos-kezi-permetezo\\\/\",\"name\":\"GLORIA HOBBY 10 Flex FINOMPORLASZT\u00c1SOS K\u00c9ZI PERMETEZ\u0150 - T\u00e1jkert\u00e9sz\",\"isPartOf\":{\"@id\":\"https:\\\/\\\/tajkertesz.com\\\/#website\"},\"primaryImageOfPage\":{\"@id\":\"https:\\\/\\\/tajkertesz.com\\\/termek\\\/hobby-10-finomporlasztasos-kezi-permetezo\\\/#primaryimage\"},\"image\":{\"@id\":\"https:\\\/\\\/tajkertesz.com\\\/termek\\\/hobby-10-finomporlasztasos-kezi-permetezo\\\/#primaryimage\"},\"thumbnailUrl\":\"https:\\\/\\\/tajkertesz.com\\\/wp-content\\\/uploads\\\/2021\\\/05\\\/Hobby_10_000860.0000.png\",\"datePublished\":\"2021-05-13T06:15:34+00:00\",\"dateModified\":\"2025-05-22T10:04:07+00:00\",\"description\":\"HOBBY 10 FINOMPORLASZT\u00c1SOS K\u00c9ZI PERMETEZ\u0150 Praktikus \u00e9s sokoldal\u00fa 1 literes kis k\u00e9zi vir\u00e1gpermetez\u0151, k\u00e9tir\u00e1ny\u00fa permetez\u00e9ssel.360 fokos\",\"breadcrumb\":{\"@id\":\"https:\\\/\\\/tajkertesz.com\\\/termek\\\/hobby-10-finomporlasztasos-kezi-permetezo\\\/#breadcrumb\"},\"inLanguage\":\"en-US\",\"potentialAction\":[{\"@type\":\"ReadAction\",\"target\":[\"https:\\\/\\\/tajkertesz.com\\\/termek\\\/hobby-10-finomporlasztasos-kezi-permetezo\\\/\"]}]},{\"@type\":\"ImageObject\",\"inLanguage\":\"en-US\",\"@id\":\"https:\\\/\\\/tajkertesz.com\\\/termek\\\/hobby-10-finomporlasztasos-kezi-permetezo\\\/#primaryimage\",\"url\":\"https:\\\/\\\/tajkertesz.com\\\/wp-content\\\/uploads\\\/2021\\\/05\\\/Hobby_10_000860.0000.png\",\"contentUrl\":\"https:\\\/\\\/tajkertesz.com\\\/wp-content\\\/uploads\\\/2021\\\/05\\\/Hobby_10_000860.0000.png\",\"width\":900,\"height\":500},{\"@type\":\"BreadcrumbList\",\"@id\":\"https:\\\/\\\/tajkertesz.com\\\/termek\\\/hobby-10-finomporlasztasos-kezi-permetezo\\\/#breadcrumb\",\"itemListElement\":[{\"@type\":\"ListItem\",\"position\":1,\"name\":\"Home\",\"item\":\"https:\\\/\\\/tajkertesz.com\\\/\"},{\"@type\":\"ListItem\",\"position\":2,\"name\":\"Kezd\u0151lap\",\"item\":\"https:\\\/\\\/tajkertesz.com\\\/\"},{\"@type\":\"ListItem\",\"position\":3,\"name\":\"GLORIA HOBBY 10 Flex FINOMPORLASZT\u00c1SOS K\u00c9ZI PERMETEZ\u0150\"}]},{\"@type\":\"WebSite\",\"@id\":\"https:\\\/\\\/tajkertesz.com\\\/#website\",\"url\":\"https:\\\/\\\/tajkertesz.com\\\/\",\"name\":\"T\u00e1j-Kert\u00e9sz 84 Kft.\",\"description\":\"Kert\u00e9szeti kis- \u00e9s nagykeresked\u00e9s, D\u00edszn\u00f6v\u00e9ny web\u00e1ruh\u00e1z orsz\u00e1gos h\u00e1zhozsz\u00e1ll\u00edt\u00e1ssal!\",\"publisher\":{\"@id\":\"https:\\\/\\\/tajkertesz.com\\\/#organization\"},\"potentialAction\":[{\"@type\":\"SearchAction\",\"target\":{\"@type\":\"EntryPoint\",\"urlTemplate\":\"https:\\\/\\\/tajkertesz.com\\\/?s={search_term_string}\"},\"query-input\":{\"@type\":\"PropertyValueSpecification\",\"valueRequired\":true,\"valueName\":\"search_term_string\"}}],\"inLanguage\":\"en-US\"},{\"@type\":\"Organization\",\"@id\":\"https:\\\/\\\/tajkertesz.com\\\/#organization\",\"name\":\"T\u00e1j-Kert\u00e9sz 84 Kft.\",\"url\":\"https:\\\/\\\/tajkertesz.com\\\/\",\"logo\":{\"@type\":\"ImageObject\",\"inLanguage\":\"en-US\",\"@id\":\"https:\\\/\\\/tajkertesz.com\\\/#\\\/schema\\\/logo\\\/image\\\/\",\"url\":\"https:\\\/\\\/tajkertesz.com\\\/wp-content\\\/uploads\\\/2018\\\/02\\\/logo-2-e1518678052539.png\",\"contentUrl\":\"https:\\\/\\\/tajkertesz.com\\\/wp-content\\\/uploads\\\/2018\\\/02\\\/logo-2-e1518678052539.png\",\"width\":81,\"height\":140,\"caption\":\"T\u00e1j-Kert\u00e9sz 84 Kft.\"},\"image\":{\"@id\":\"https:\\\/\\\/tajkertesz.com\\\/#\\\/schema\\\/logo\\\/image\\\/\"},\"sameAs\":[\"https:\\\/\\\/www.facebook.com\\\/Tajkertesz\\\/\"]}]}<\/script>\n<!-- \/ Yoast SEO plugin. -->","yoast_head_json":{"title":"GLORIA HOBBY 10 Flex FINOMPORLASZT\u00c1SOS K\u00c9ZI PERMETEZ\u0150 - T\u00e1jkert\u00e9sz","description":"HOBBY 10 FINOMPORLASZT\u00c1SOS K\u00c9ZI PERMETEZ\u0150 Praktikus \u00e9s sokoldal\u00fa 1 literes kis k\u00e9zi vir\u00e1gpermetez\u0151, k\u00e9tir\u00e1ny\u00fa permetez\u00e9ssel.360 fokos","robots":{"index":"index","follow":"follow","max-snippet":"max-snippet:-1","max-image-preview":"max-image-preview:large","max-video-preview":"max-video-preview:-1"},"canonical":"https:\/\/tajkertesz.com\/en_US\/product\/hobby-10-finomporlasztasos-kezi-permetezo\/","og_locale":"en_US","og_type":"article","og_title":"GLORIA HOBBY 10 Flex FINOMPORLASZT\u00c1SOS K\u00c9ZI PERMETEZ\u0150 - T\u00e1jkert\u00e9sz","og_description":"HOBBY 10 FINOMPORLASZT\u00c1SOS K\u00c9ZI PERMETEZ\u0150 Praktikus \u00e9s sokoldal\u00fa 1 literes kis k\u00e9zi vir\u00e1gpermetez\u0151, k\u00e9tir\u00e1ny\u00fa permetez\u00e9ssel.360 fokos","og_url":"https:\/\/tajkertesz.com\/en_US\/product\/hobby-10-finomporlasztasos-kezi-permetezo\/","og_site_name":"T\u00e1jkert\u00e9sz","article_publisher":"https:\/\/www.facebook.com\/Tajkertesz\/","article_modified_time":"2025-05-22T10:04:07+00:00","og_image":[{"width":900,"height":500,"url":"https:\/\/tajkertesz.com\/wp-content\/uploads\/2021\/05\/Hobby_10_000860.0000.png","type":"image\/png"}],"twitter_card":"summary_large_image","twitter_misc":{"Est. reading time":"2 minutes"},"schema":{"@context":"https:\/\/schema.org","@graph":[{"@type":"WebPage","@id":"https:\/\/tajkertesz.com\/termek\/hobby-10-finomporlasztasos-kezi-permetezo\/","url":"https:\/\/tajkertesz.com\/termek\/hobby-10-finomporlasztasos-kezi-permetezo\/","name":"GLORIA HOBBY 10 Flex FINOMPORLASZT\u00c1SOS K\u00c9ZI PERMETEZ\u0150 - T\u00e1jkert\u00e9sz","isPartOf":{"@id":"https:\/\/tajkertesz.com\/#website"},"primaryImageOfPage":{"@id":"https:\/\/tajkertesz.com\/termek\/hobby-10-finomporlasztasos-kezi-permetezo\/#primaryimage"},"image":{"@id":"https:\/\/tajkertesz.com\/termek\/hobby-10-finomporlasztasos-kezi-permetezo\/#primaryimage"},"thumbnailUrl":"https:\/\/tajkertesz.com\/wp-content\/uploads\/2021\/05\/Hobby_10_000860.0000.png","datePublished":"2021-05-13T06:15:34+00:00","dateModified":"2025-05-22T10:04:07+00:00","description":"HOBBY 10 FINOMPORLASZT\u00c1SOS K\u00c9ZI PERMETEZ\u0150 Praktikus \u00e9s sokoldal\u00fa 1 literes kis k\u00e9zi vir\u00e1gpermetez\u0151, k\u00e9tir\u00e1ny\u00fa permetez\u00e9ssel.360 fokos","breadcrumb":{"@id":"https:\/\/tajkertesz.com\/termek\/hobby-10-finomporlasztasos-kezi-permetezo\/#breadcrumb"},"inLanguage":"en-US","potentialAction":[{"@type":"ReadAction","target":["https:\/\/tajkertesz.com\/termek\/hobby-10-finomporlasztasos-kezi-permetezo\/"]}]},{"@type":"ImageObject","inLanguage":"en-US","@id":"https:\/\/tajkertesz.com\/termek\/hobby-10-finomporlasztasos-kezi-permetezo\/#primaryimage","url":"https:\/\/tajkertesz.com\/wp-content\/uploads\/2021\/05\/Hobby_10_000860.0000.png","contentUrl":"https:\/\/tajkertesz.com\/wp-content\/uploads\/2021\/05\/Hobby_10_000860.0000.png","width":900,"height":500},{"@type":"BreadcrumbList","@id":"https:\/\/tajkertesz.com\/termek\/hobby-10-finomporlasztasos-kezi-permetezo\/#breadcrumb","itemListElement":[{"@type":"ListItem","position":1,"name":"Home","item":"https:\/\/tajkertesz.com\/"},{"@type":"ListItem","position":2,"name":"Kezd\u0151lap","item":"https:\/\/tajkertesz.com\/"},{"@type":"ListItem","position":3,"name":"GLORIA HOBBY 10 Flex FINOMPORLASZT\u00c1SOS K\u00c9ZI PERMETEZ\u0150"}]},{"@type":"WebSite","@id":"https:\/\/tajkertesz.com\/#website","url":"https:\/\/tajkertesz.com\/","name":"T\u00e1j-Kert\u00e9sz 84 Kft.","description":"Kert\u00e9szeti kis- \u00e9s nagykeresked\u00e9s, D\u00edszn\u00f6v\u00e9ny web\u00e1ruh\u00e1z orsz\u00e1gos h\u00e1zhozsz\u00e1ll\u00edt\u00e1ssal!","publisher":{"@id":"https:\/\/tajkertesz.com\/#organization"},"potentialAction":[{"@type":"SearchAction","target":{"@type":"EntryPoint","urlTemplate":"https:\/\/tajkertesz.com\/?s={search_term_string}"},"query-input":{"@type":"PropertyValueSpecification","valueRequired":true,"valueName":"search_term_string"}}],"inLanguage":"en-US"},{"@type":"Organization","@id":"https:\/\/tajkertesz.com\/#organization","name":"T\u00e1j-Kert\u00e9sz 84 Kft.","url":"https:\/\/tajkertesz.com\/","logo":{"@type":"ImageObject","inLanguage":"en-US","@id":"https:\/\/tajkertesz.com\/#\/schema\/logo\/image\/","url":"https:\/\/tajkertesz.com\/wp-content\/uploads\/2018\/02\/logo-2-e1518678052539.png","contentUrl":"https:\/\/tajkertesz.com\/wp-content\/uploads\/2018\/02\/logo-2-e1518678052539.png","width":81,"height":140,"caption":"T\u00e1j-Kert\u00e9sz 84 Kft."},"image":{"@id":"https:\/\/tajkertesz.com\/#\/schema\/logo\/image\/"},"sameAs":["https:\/\/www.facebook.com\/Tajkertesz\/"]}]}},"_links":{"self":[{"href":"https:\/\/tajkertesz.com\/en_US\/wp-json\/wp\/v2\/product\/4664","targetHints":{"allow":["GET"]}}],"collection":[{"href":"https:\/\/tajkertesz.com\/en_US\/wp-json\/wp\/v2\/product"}],"about":[{"href":"https:\/\/tajkertesz.com\/en_US\/wp-json\/wp\/v2\/types\/product"}],"wp:featuredmedia":[{"embeddable":true,"href":"https:\/\/tajkertesz.com\/en_US\/wp-json\/wp\/v2\/media\/4665"}],"wp:attachment":[{"href":"https:\/\/tajkertesz.com\/en_US\/wp-json\/wp\/v2\/media?parent=4664"}],"wp:term":[{"taxonomy":"product_brand","embeddable":true,"href":"https:\/\/tajkertesz.com\/en_US\/wp-json\/wp\/v2\/product_brand?post=4664"},{"taxonomy":"product_cat","embeddable":true,"href":"https:\/\/tajkertesz.com\/en_US\/wp-json\/wp\/v2\/product_cat?post=4664"},{"taxonomy":"product_tag","embeddable":true,"href":"https:\/\/tajkertesz.com\/en_US\/wp-json\/wp\/v2\/product_tag?post=4664"}],"curies":[{"name":"wp","href":"https:\/\/api.w.org\/{rel}","templated":true}]}}