{"id":4671,"date":"2021-05-13T06:29:51","date_gmt":"2021-05-13T06:29:51","guid":{"rendered":"https:\/\/tajkertesz.com\/?post_type=product&#038;p=4671"},"modified":"2026-02-17T14:20:44","modified_gmt":"2026-02-17T14:20:44","slug":"hobby-1200-dugattyu-hati-permetezo-12-l","status":"publish","type":"product","link":"https:\/\/tajkertesz.com\/en_US\/product\/hobby-1200-dugattyu-hati-permetezo-12-l\/","title":{"rendered":"GLORIA HOBBY 1200 DUGATTY\u00da H\u00c1TI PERMETEZ\u0150"},"content":{"rendered":"<div class=\"artdet__name-rating d-none d-lg-block\">\n<div class=\"row gutters-5\">\n<div class=\"col\">\n<div class=\"artdet__name-pagination-wrap d-flex\">\n<h1 class=\"product-page-heading\"><span class=\"product-page-product-name\">GLORIA HOBBY 1200 DUGATTY\u00da H\u00c1TI PERMETEZ\u0150<\/span><\/h1>\n<\/div>\n<div class=\"artdet__name-pagination-wrap d-flex\">\n<p class=\"product-page-heading\"><span class=\"product-page-product-name\">GLORIA HOBBY 1200 DUGATTY\u00da H\u00c1TI PERMETEZ\u0150 <\/span>12 L ergonomikus h\u00e1ti permetez\u0151 kiskert tulajdonosok sz\u00e1m\u00e1ra. Enged\u00e9lyk\u00f6teles!<\/p>\n<ul>\n<li style=\"list-style-type: none;\">\n<ul>\n<li style=\"list-style-type: none;\">\n<ul>\n<li style=\"list-style-type: none;\">\n<ul>\n<li style=\"list-style-type: none;\">\n<ul>\n<li style=\"list-style-type: none;\">\n<ul>\n<li style=\"list-style-type: none;\">\n<ul>\n<li style=\"list-style-type: none;\">\n<ul>\n<li>Maximum m\u0171k\u00f6d\u00e9si nyom\u00e1s 4 bar<\/li>\n<li>Perbunan t\u00f6m\u00edt\u00e9sek<\/li>\n<li>Er\u0151s m\u0171anyag tart\u00e1ly<\/li>\n<li>S\u00e1rgar\u00e9z permetez\u0151cs\u0151 \u00fcreges k\u00fapos f\u00fav\u00f3k\u00e1val<\/li>\n<li>M\u0171anyag pumpa<\/li>\n<li>A pumpa kar szerelhet\u0151 a bal vagy a jobb oldalra a sz\u00f3r\u00f3sz\u00e1r tart\u00f3val.<\/li>\n<li>Ergonomikus \u00e9s k\u00e9nyelmes gyors elz\u00e1r\u00f3 szelep, nyom\u00e1sm\u00e9r\u0151vel \u00e9s puha p\u00e1rn\u00e1zott b\u00e9l\u00e9ssel<\/li>\n<li>\u00c1tl\u00e1tsz\u00f3 folyad\u00e9k szintjelz\u0151 cs\u00edk<\/li>\n<li>P\u00e1rn\u00e1zott v\u00e1llp\u00e1ntok, gyors m\u0171k\u00f6d\u00e9s\u0171 kiold\u00f3 rendszerrel<\/li>\n<li>Tart\u00e1ly ergon\u00f3miailag igazodik a h\u00e1t vonal\u00e1hoz<\/li>\n<li>Kieg\u00e9sz\u00edt\u0151 sz\u0171r\u0151: megakad\u00e1lyozza\u00a0a f\u00fav\u00f3ka elt\u00f6m\u0151d\u00e9s<\/li>\n<li>CE jel\u00f6l\u00e9s<\/li>\n<li><strong>Magass\u00e1g: <\/strong>57 cm<\/li>\n<li><strong>Sz\u00e9less\u00e9g:<\/strong>44 cm<\/li>\n<li><strong>M\u00e9lys\u00e9g:<\/strong>16,5 cm<\/li>\n<li><strong>S\u00faly:<\/strong>3,6 kg<\/li>\n<\/ul>\n<\/li>\n<\/ul>\n<p>&nbsp;<\/li>\n<\/ul>\n<\/li>\n<\/ul>\n<\/li>\n<\/ul>\n<\/li>\n<\/ul>\n<\/li>\n<\/ul>\n<\/li>\n<\/ul>\n<\/div>\n<\/div>\n<\/div>\n<\/div>\n<div><a href=\"https:\/\/www.facebook.com\/tajkertesz\">https:\/\/www.facebook.com\/tajkertesz<\/a><\/div>\n<div>\n<p><a href=\"https:\/\/tajkertesz.com\/\">https:\/\/tajkertesz.com\/<\/a><\/p>\n<\/div>\n<p><span style=\"color: #ffffff;\">A meleg \u00e1gy\u00e1s val\u00f3j\u00e1ban nem m\u00e1s mint egy vastag tr\u00e1gyar\u00e9teg besz\u00f3rva valamennyi f\u00f6lddel. A meleg\u00e1gy tr\u00e1gyakever\u00e9ke att\u00f3l f\u00fcgg milyen id\u0151tartamra k\u00e9ri a meleget a rajta termeszteni k\u00edv\u00e1nt n\u00f6v\u00e9nykult\u00fara. A l\u00f3tr\u00e1gya hirtelen ad sok meleget. Ez\u00e9rt ezt t\u00e9l v\u00e9ge fel\u00e9 alkalmazt\u00e1k. A marhatr\u00e1gya lassan ad kevesebb meleget, de huzamosabb ideig. A l\u00f3 \u00e9s szarvasmarha tr\u00e1gya kever\u00e9k\u00e9t annak megfelel\u0151en kevert\u00e9k be hogy t\u00f6bb meleg kellett hirtelen, vagy kevesebb meleg hosszabb t\u00e1von. Ha kev\u00e9s a szerves tr\u00e1gya a meleg\u00e1gy al\u00e1, akkor p\u00f3tolhat\u00f3 szalm\u00e1val, \u00e9s m\u0171tr\u00e1gy\u00e1val. A meleg\u00e1gy minden esetben fedhet\u0151 az \u00e9jjeli leh\u0171l\u00e9s megakad\u00e1lyoz\u00e1s\u00e1ra.A meleg \u00e1gy\u00e1s val\u00f3j\u00e1ban nem m\u00e1s mint egy vastag tr\u00e1gyar\u00e9teg besz\u00f3rva valamennyi f\u00f6lddel. A meleg\u00e1gy tr\u00e1gyakever\u00e9ke att\u00f3l f\u00fcgg milyen id\u0151tartamra k\u00e9ri a meleget a rajta termeszteni k\u00edv\u00e1nt n\u00f6v\u00e9nykult\u00fara. A l\u00f3tr\u00e1gya hirtelen ad sok meleget. Ez\u00e9rt ezt t\u00e9l v\u00e9ge fel\u00e9 alkalmazt\u00e1k. A marhatr\u00e1gya lassan ad kevesebb meleget, de huzamosabb ideig. A l\u00f3 \u00e9s szarvasmarha tr\u00e1gya kever\u00e9k\u00e9t annak megfelel\u0151en kevert\u00e9k be hogy t\u00f6bb meleg kellett hirtelen, vagy kevesebb meleg hosszabb t\u00e1von. Ha kev\u00e9s a szerves tr\u00e1gya a meleg\u00e1gy al\u00e1, akkor p\u00f3tolhat\u00f3 szalm\u00e1val, \u00e9s m\u0171tr\u00e1gy\u00e1val. A meleg\u00e1gy minden esetben fedhet\u0151 az \u00e9jjeli leh\u0171l\u00e9s megakad\u00e1lyoz\u00e1s\u00e1ra.<\/span><\/p>\n<p><strong> Kiszerel\u00e9s : 1 db<\/strong><\/p>","protected":false},"excerpt":{"rendered":"<div class=\"artdet__name-rating d-none d-lg-block\">\n<div class=\"row gutters-5\">\n<div class=\"col\">\n<div class=\"artdet__name-rating d-none d-lg-block\">\n<div class=\"row gutters-5\">\n<div class=\"col\">\n<div class=\"artdet__name-rating d-none d-lg-block\">\n<div class=\"row gutters-5\">\n<div class=\"col\">\n<div class=\"artdet__name-rating d-none d-lg-block\">\n<div class=\"row gutters-5\">\n<div class=\"col\">\n<div class=\"artdet__name-rating d-none d-lg-block\">\n<div class=\"row gutters-5\">\n<div class=\"col\">\n<div class=\"artdet__name-rating d-none d-lg-block\">\n<div class=\"row gutters-5\">\n<div class=\"col\">\n<div class=\"artdet__name-rating d-none d-lg-block\">\n<div class=\"row gutters-5\">\n<div class=\"col\">\n<div class=\"artdet__name-rating d-none d-lg-block\">\n<div class=\"row gutters-5\">\n<div class=\"col\">\n<div class=\"artdet__name-rating d-none d-lg-block\">\n<div class=\"row gutters-5\">\n<div class=\"col\">\n<div class=\"artdet__name-rating d-none d-lg-block\">\n<div class=\"row gutters-5\">\n<div class=\"col\">\n<div class=\"artdet__name-rating d-none d-lg-block\">\n<div class=\"row gutters-5\">\n<div class=\"col\">\n<div class=\"artdet__name-rating d-none d-lg-block\">\n<div class=\"row gutters-5\">\n<div class=\"col\">\n<div class=\"artdet__name-pagination-wrap d-flex\">\n<div class=\"artdet__name-pagination-wrap d-flex\">\n<div class=\"artdet__name-pagination-wrap d-flex\">\n<div class=\"artdet__name-pagination-wrap d-flex\">\n<div class=\"artdet__name-rating d-none d-lg-block\">\n<div class=\"row gutters-5\">\n<div class=\"col\">\n<div class=\"artdet__name-pagination-wrap d-flex\">\n<h3 class=\"product-page-heading\"><span class=\"product-page-product-name\">HOBBY 1200 DUGATTY\u00da H\u00c1TI PERMETEZ\u0150 <\/span><\/h3>\n<p class=\"product-page-heading\">12 L ergonomikus h\u00e1ti permetez\u0151 kiskert tulajdonosok sz\u00e1m\u00e1ra. Enged\u00e9lyk\u00f6teles!<\/p>\n<\/div>\n<\/div>\n<\/div>\n<\/div>\n<\/div>\n<\/div>\n<\/div>\n<\/div>\n<\/div>\n<\/div>\n<\/div>\n<\/div>\n<\/div>\n<\/div>\n<\/div>\n<\/div>\n<\/div>\n<\/div>\n<\/div>\n<\/div>\n<\/div>\n<\/div>\n<\/div>\n<\/div>\n<\/div>\n<\/div>\n<\/div>\n<\/div>\n<\/div>\n<\/div>\n<\/div>\n<\/div>\n<\/div>\n<\/div>\n<\/div>\n<\/div>\n<\/div>\n<\/div>\n<\/div>\n<\/div>\n<\/div>\n<\/div>\n<\/div>\n<\/div>","protected":false},"featured_media":4672,"template":"","meta":{"_et_pb_use_builder":"","_et_pb_old_content":"","_et_gb_content_width":""},"product_brand":[],"product_cat":[4424],"product_tag":[1516,1517],"class_list":{"0":"post-4671","1":"product","2":"type-product","3":"status-publish","4":"has-post-thumbnail","6":"product_cat-gloria-permetezo-es-tartozekai","7":"product_tag-gloria","8":"product_tag-permetezo","10":"first","11":"instock","12":"shipping-taxable","13":"purchasable","14":"product-type-simple"},"yoast_head":"<!-- This site is optimized with the Yoast SEO plugin v27.4 - https:\/\/yoast.com\/product\/yoast-seo-wordpress\/ -->\n<title>GLORIA HOBBY 1200 DUGATTY\u00da H\u00c1TI PERMETEZ\u0150 - T\u00e1jkert\u00e9sz<\/title>\n<meta name=\"description\" content=\"GLORIA HOBBY 1200 DUGATTY\u00da H\u00c1TI PERMETEZ\u0150 12 L ergonomikus h\u00e1ti permetez\u0151 kiskert tulajdonosok sz\u00e1m\u00e1ra. Kert\u00e9szeti kis- \u00e9s nagykeresked\u00e9s\" \/>\n<meta name=\"robots\" content=\"index, follow, max-snippet:-1, max-image-preview:large, max-video-preview:-1\" \/>\n<link rel=\"canonical\" href=\"https:\/\/tajkertesz.com\/en_US\/product\/hobby-1200-dugattyu-hati-permetezo-12-l\/\" \/>\n<meta property=\"og:locale\" content=\"en_US\" \/>\n<meta property=\"og:type\" content=\"article\" \/>\n<meta property=\"og:title\" content=\"GLORIA HOBBY 1200 DUGATTY\u00da H\u00c1TI PERMETEZ\u0150 - T\u00e1jkert\u00e9sz\" \/>\n<meta property=\"og:description\" content=\"GLORIA HOBBY 1200 DUGATTY\u00da H\u00c1TI PERMETEZ\u0150 12 L ergonomikus h\u00e1ti permetez\u0151 kiskert tulajdonosok sz\u00e1m\u00e1ra. Kert\u00e9szeti kis- \u00e9s nagykeresked\u00e9s\" \/>\n<meta property=\"og:url\" content=\"https:\/\/tajkertesz.com\/en_US\/product\/hobby-1200-dugattyu-hati-permetezo-12-l\/\" \/>\n<meta property=\"og:site_name\" content=\"T\u00e1jkert\u00e9sz\" \/>\n<meta property=\"article:publisher\" content=\"https:\/\/www.facebook.com\/Tajkertesz\/\" \/>\n<meta property=\"article:modified_time\" content=\"2026-02-17T14:20:44+00:00\" \/>\n<meta property=\"og:image\" content=\"https:\/\/tajkertesz.com\/wp-content\/uploads\/2021\/05\/Hobby_1200_000056.0000.png\" \/>\n\t<meta property=\"og:image:width\" content=\"900\" \/>\n\t<meta property=\"og:image:height\" content=\"500\" \/>\n\t<meta property=\"og:image:type\" content=\"image\/png\" \/>\n<meta name=\"twitter:card\" content=\"summary_large_image\" \/>\n<meta name=\"twitter:label1\" content=\"Est. reading time\" \/>\n\t<meta name=\"twitter:data1\" content=\"2 minutes\" \/>\n<script type=\"application\/ld+json\" class=\"yoast-schema-graph\">{\"@context\":\"https:\\\/\\\/schema.org\",\"@graph\":[{\"@type\":\"WebPage\",\"@id\":\"https:\\\/\\\/tajkertesz.com\\\/termek\\\/hobby-1200-dugattyu-hati-permetezo-12-l\\\/\",\"url\":\"https:\\\/\\\/tajkertesz.com\\\/termek\\\/hobby-1200-dugattyu-hati-permetezo-12-l\\\/\",\"name\":\"GLORIA HOBBY 1200 DUGATTY\u00da H\u00c1TI PERMETEZ\u0150 - T\u00e1jkert\u00e9sz\",\"isPartOf\":{\"@id\":\"https:\\\/\\\/tajkertesz.com\\\/#website\"},\"primaryImageOfPage\":{\"@id\":\"https:\\\/\\\/tajkertesz.com\\\/termek\\\/hobby-1200-dugattyu-hati-permetezo-12-l\\\/#primaryimage\"},\"image\":{\"@id\":\"https:\\\/\\\/tajkertesz.com\\\/termek\\\/hobby-1200-dugattyu-hati-permetezo-12-l\\\/#primaryimage\"},\"thumbnailUrl\":\"https:\\\/\\\/tajkertesz.com\\\/wp-content\\\/uploads\\\/2021\\\/05\\\/Hobby_1200_000056.0000.png\",\"datePublished\":\"2021-05-13T06:29:51+00:00\",\"dateModified\":\"2026-02-17T14:20:44+00:00\",\"description\":\"GLORIA HOBBY 1200 DUGATTY\u00da H\u00c1TI PERMETEZ\u0150 12 L ergonomikus h\u00e1ti permetez\u0151 kiskert tulajdonosok sz\u00e1m\u00e1ra. Kert\u00e9szeti kis- \u00e9s nagykeresked\u00e9s\",\"breadcrumb\":{\"@id\":\"https:\\\/\\\/tajkertesz.com\\\/termek\\\/hobby-1200-dugattyu-hati-permetezo-12-l\\\/#breadcrumb\"},\"inLanguage\":\"en-US\",\"potentialAction\":[{\"@type\":\"ReadAction\",\"target\":[\"https:\\\/\\\/tajkertesz.com\\\/termek\\\/hobby-1200-dugattyu-hati-permetezo-12-l\\\/\"]}]},{\"@type\":\"ImageObject\",\"inLanguage\":\"en-US\",\"@id\":\"https:\\\/\\\/tajkertesz.com\\\/termek\\\/hobby-1200-dugattyu-hati-permetezo-12-l\\\/#primaryimage\",\"url\":\"https:\\\/\\\/tajkertesz.com\\\/wp-content\\\/uploads\\\/2021\\\/05\\\/Hobby_1200_000056.0000.png\",\"contentUrl\":\"https:\\\/\\\/tajkertesz.com\\\/wp-content\\\/uploads\\\/2021\\\/05\\\/Hobby_1200_000056.0000.png\",\"width\":900,\"height\":500},{\"@type\":\"BreadcrumbList\",\"@id\":\"https:\\\/\\\/tajkertesz.com\\\/termek\\\/hobby-1200-dugattyu-hati-permetezo-12-l\\\/#breadcrumb\",\"itemListElement\":[{\"@type\":\"ListItem\",\"position\":1,\"name\":\"Home\",\"item\":\"https:\\\/\\\/tajkertesz.com\\\/\"},{\"@type\":\"ListItem\",\"position\":2,\"name\":\"Kezd\u0151lap\",\"item\":\"https:\\\/\\\/tajkertesz.com\\\/\"},{\"@type\":\"ListItem\",\"position\":3,\"name\":\"GLORIA HOBBY 1200 DUGATTY\u00da H\u00c1TI PERMETEZ\u0150\"}]},{\"@type\":\"WebSite\",\"@id\":\"https:\\\/\\\/tajkertesz.com\\\/#website\",\"url\":\"https:\\\/\\\/tajkertesz.com\\\/\",\"name\":\"T\u00e1j-Kert\u00e9sz 84 Kft.\",\"description\":\"Kert\u00e9szeti kis- \u00e9s nagykeresked\u00e9s, D\u00edszn\u00f6v\u00e9ny web\u00e1ruh\u00e1z orsz\u00e1gos h\u00e1zhozsz\u00e1ll\u00edt\u00e1ssal!\",\"publisher\":{\"@id\":\"https:\\\/\\\/tajkertesz.com\\\/#organization\"},\"potentialAction\":[{\"@type\":\"SearchAction\",\"target\":{\"@type\":\"EntryPoint\",\"urlTemplate\":\"https:\\\/\\\/tajkertesz.com\\\/?s={search_term_string}\"},\"query-input\":{\"@type\":\"PropertyValueSpecification\",\"valueRequired\":true,\"valueName\":\"search_term_string\"}}],\"inLanguage\":\"en-US\"},{\"@type\":\"Organization\",\"@id\":\"https:\\\/\\\/tajkertesz.com\\\/#organization\",\"name\":\"T\u00e1j-Kert\u00e9sz 84 Kft.\",\"url\":\"https:\\\/\\\/tajkertesz.com\\\/\",\"logo\":{\"@type\":\"ImageObject\",\"inLanguage\":\"en-US\",\"@id\":\"https:\\\/\\\/tajkertesz.com\\\/#\\\/schema\\\/logo\\\/image\\\/\",\"url\":\"https:\\\/\\\/tajkertesz.com\\\/wp-content\\\/uploads\\\/2018\\\/02\\\/logo-2-e1518678052539.png\",\"contentUrl\":\"https:\\\/\\\/tajkertesz.com\\\/wp-content\\\/uploads\\\/2018\\\/02\\\/logo-2-e1518678052539.png\",\"width\":81,\"height\":140,\"caption\":\"T\u00e1j-Kert\u00e9sz 84 Kft.\"},\"image\":{\"@id\":\"https:\\\/\\\/tajkertesz.com\\\/#\\\/schema\\\/logo\\\/image\\\/\"},\"sameAs\":[\"https:\\\/\\\/www.facebook.com\\\/Tajkertesz\\\/\"]}]}<\/script>\n<!-- \/ Yoast SEO plugin. -->","yoast_head_json":{"title":"GLORIA HOBBY 1200 DUGATTY\u00da H\u00c1TI PERMETEZ\u0150 - T\u00e1jkert\u00e9sz","description":"GLORIA HOBBY 1200 DUGATTY\u00da H\u00c1TI PERMETEZ\u0150 12 L ergonomikus h\u00e1ti permetez\u0151 kiskert tulajdonosok sz\u00e1m\u00e1ra. Kert\u00e9szeti kis- \u00e9s nagykeresked\u00e9s","robots":{"index":"index","follow":"follow","max-snippet":"max-snippet:-1","max-image-preview":"max-image-preview:large","max-video-preview":"max-video-preview:-1"},"canonical":"https:\/\/tajkertesz.com\/en_US\/product\/hobby-1200-dugattyu-hati-permetezo-12-l\/","og_locale":"en_US","og_type":"article","og_title":"GLORIA HOBBY 1200 DUGATTY\u00da H\u00c1TI PERMETEZ\u0150 - T\u00e1jkert\u00e9sz","og_description":"GLORIA HOBBY 1200 DUGATTY\u00da H\u00c1TI PERMETEZ\u0150 12 L ergonomikus h\u00e1ti permetez\u0151 kiskert tulajdonosok sz\u00e1m\u00e1ra. Kert\u00e9szeti kis- \u00e9s nagykeresked\u00e9s","og_url":"https:\/\/tajkertesz.com\/en_US\/product\/hobby-1200-dugattyu-hati-permetezo-12-l\/","og_site_name":"T\u00e1jkert\u00e9sz","article_publisher":"https:\/\/www.facebook.com\/Tajkertesz\/","article_modified_time":"2026-02-17T14:20:44+00:00","og_image":[{"width":900,"height":500,"url":"https:\/\/tajkertesz.com\/wp-content\/uploads\/2021\/05\/Hobby_1200_000056.0000.png","type":"image\/png"}],"twitter_card":"summary_large_image","twitter_misc":{"Est. reading time":"2 minutes"},"schema":{"@context":"https:\/\/schema.org","@graph":[{"@type":"WebPage","@id":"https:\/\/tajkertesz.com\/termek\/hobby-1200-dugattyu-hati-permetezo-12-l\/","url":"https:\/\/tajkertesz.com\/termek\/hobby-1200-dugattyu-hati-permetezo-12-l\/","name":"GLORIA HOBBY 1200 DUGATTY\u00da H\u00c1TI PERMETEZ\u0150 - T\u00e1jkert\u00e9sz","isPartOf":{"@id":"https:\/\/tajkertesz.com\/#website"},"primaryImageOfPage":{"@id":"https:\/\/tajkertesz.com\/termek\/hobby-1200-dugattyu-hati-permetezo-12-l\/#primaryimage"},"image":{"@id":"https:\/\/tajkertesz.com\/termek\/hobby-1200-dugattyu-hati-permetezo-12-l\/#primaryimage"},"thumbnailUrl":"https:\/\/tajkertesz.com\/wp-content\/uploads\/2021\/05\/Hobby_1200_000056.0000.png","datePublished":"2021-05-13T06:29:51+00:00","dateModified":"2026-02-17T14:20:44+00:00","description":"GLORIA HOBBY 1200 DUGATTY\u00da H\u00c1TI PERMETEZ\u0150 12 L ergonomikus h\u00e1ti permetez\u0151 kiskert tulajdonosok sz\u00e1m\u00e1ra. Kert\u00e9szeti kis- \u00e9s nagykeresked\u00e9s","breadcrumb":{"@id":"https:\/\/tajkertesz.com\/termek\/hobby-1200-dugattyu-hati-permetezo-12-l\/#breadcrumb"},"inLanguage":"en-US","potentialAction":[{"@type":"ReadAction","target":["https:\/\/tajkertesz.com\/termek\/hobby-1200-dugattyu-hati-permetezo-12-l\/"]}]},{"@type":"ImageObject","inLanguage":"en-US","@id":"https:\/\/tajkertesz.com\/termek\/hobby-1200-dugattyu-hati-permetezo-12-l\/#primaryimage","url":"https:\/\/tajkertesz.com\/wp-content\/uploads\/2021\/05\/Hobby_1200_000056.0000.png","contentUrl":"https:\/\/tajkertesz.com\/wp-content\/uploads\/2021\/05\/Hobby_1200_000056.0000.png","width":900,"height":500},{"@type":"BreadcrumbList","@id":"https:\/\/tajkertesz.com\/termek\/hobby-1200-dugattyu-hati-permetezo-12-l\/#breadcrumb","itemListElement":[{"@type":"ListItem","position":1,"name":"Home","item":"https:\/\/tajkertesz.com\/"},{"@type":"ListItem","position":2,"name":"Kezd\u0151lap","item":"https:\/\/tajkertesz.com\/"},{"@type":"ListItem","position":3,"name":"GLORIA HOBBY 1200 DUGATTY\u00da H\u00c1TI PERMETEZ\u0150"}]},{"@type":"WebSite","@id":"https:\/\/tajkertesz.com\/#website","url":"https:\/\/tajkertesz.com\/","name":"T\u00e1j-Kert\u00e9sz 84 Kft.","description":"Kert\u00e9szeti kis- \u00e9s nagykeresked\u00e9s, D\u00edszn\u00f6v\u00e9ny web\u00e1ruh\u00e1z orsz\u00e1gos h\u00e1zhozsz\u00e1ll\u00edt\u00e1ssal!","publisher":{"@id":"https:\/\/tajkertesz.com\/#organization"},"potentialAction":[{"@type":"SearchAction","target":{"@type":"EntryPoint","urlTemplate":"https:\/\/tajkertesz.com\/?s={search_term_string}"},"query-input":{"@type":"PropertyValueSpecification","valueRequired":true,"valueName":"search_term_string"}}],"inLanguage":"en-US"},{"@type":"Organization","@id":"https:\/\/tajkertesz.com\/#organization","name":"T\u00e1j-Kert\u00e9sz 84 Kft.","url":"https:\/\/tajkertesz.com\/","logo":{"@type":"ImageObject","inLanguage":"en-US","@id":"https:\/\/tajkertesz.com\/#\/schema\/logo\/image\/","url":"https:\/\/tajkertesz.com\/wp-content\/uploads\/2018\/02\/logo-2-e1518678052539.png","contentUrl":"https:\/\/tajkertesz.com\/wp-content\/uploads\/2018\/02\/logo-2-e1518678052539.png","width":81,"height":140,"caption":"T\u00e1j-Kert\u00e9sz 84 Kft."},"image":{"@id":"https:\/\/tajkertesz.com\/#\/schema\/logo\/image\/"},"sameAs":["https:\/\/www.facebook.com\/Tajkertesz\/"]}]}},"_links":{"self":[{"href":"https:\/\/tajkertesz.com\/en_US\/wp-json\/wp\/v2\/product\/4671","targetHints":{"allow":["GET"]}}],"collection":[{"href":"https:\/\/tajkertesz.com\/en_US\/wp-json\/wp\/v2\/product"}],"about":[{"href":"https:\/\/tajkertesz.com\/en_US\/wp-json\/wp\/v2\/types\/product"}],"wp:featuredmedia":[{"embeddable":true,"href":"https:\/\/tajkertesz.com\/en_US\/wp-json\/wp\/v2\/media\/4672"}],"wp:attachment":[{"href":"https:\/\/tajkertesz.com\/en_US\/wp-json\/wp\/v2\/media?parent=4671"}],"wp:term":[{"taxonomy":"product_brand","embeddable":true,"href":"https:\/\/tajkertesz.com\/en_US\/wp-json\/wp\/v2\/product_brand?post=4671"},{"taxonomy":"product_cat","embeddable":true,"href":"https:\/\/tajkertesz.com\/en_US\/wp-json\/wp\/v2\/product_cat?post=4671"},{"taxonomy":"product_tag","embeddable":true,"href":"https:\/\/tajkertesz.com\/en_US\/wp-json\/wp\/v2\/product_tag?post=4671"}],"curies":[{"name":"wp","href":"https:\/\/api.w.org\/{rel}","templated":true}]}}