{"id":4684,"date":"2021-05-13T06:45:14","date_gmt":"2021-05-13T06:45:14","guid":{"rendered":"https:\/\/tajkertesz.com\/?post_type=product&#038;p=4684"},"modified":"2026-02-17T14:20:14","modified_gmt":"2026-02-17T14:20:14","slug":"thermoflamm-bio-comfort-plus","status":"publish","type":"product","link":"https:\/\/tajkertesz.com\/en_US\/product\/thermoflamm-bio-comfort-plus\/","title":{"rendered":"Gloria THERMOFLAMM BIO COMFORT PLUS"},"content":{"rendered":"<div class=\"artdet__name-rating d-none d-lg-block\">\n<div class=\"row gutters-5\">\n<div class=\"col\">\n<div class=\"artdet__name-pagination-wrap d-flex\">\n<h1 class=\"product-page-heading\"><span class=\"product-page-product-name\">THERMOFLAMM BIO COMFORT PLUS<\/span><\/h1>\n<\/div>\n<div class=\"artdet__name-pagination-wrap d-flex\">\n<p class=\"product-page-heading\"><span class=\"product-page-product-name\">THERMOFLAMM BIO COMFORT PLUS <\/span>K\u00f6rnyezetbar\u00e1t m\u00f3dszer a gyomn\u00f6v\u00e9ny elt\u00e1vol\u00edt\u00e1s\u00e1ra &#8211; tov\u00e1bbi k\u00e9nyelem mellett.<\/p>\n<p>Vegyszermentes gyomirt\u00e1sra kiv\u00e1l\u00f3an alkalmas \u00e9get\u0151 melynek piezo gy\u00fajt\u00f3ja a markolatban tal\u00e1lhat\u00f3, mellyel a g\u00e1z k\u00e9nyelmesen meggy\u00fajthat\u00f3.<\/p>\n<h3>Termikus gyomirt\u00e1s vegyszerek haszn\u00e1lata n\u00e9lk\u00fcl &#8211; a gyomokat egyszer\u0171en \u00e9s k\u00e9nyelmesen elt\u00e1vol\u00edthatja a Thermoflamm bio Comfort PLUS seg\u00edts\u00e9g\u00e9vel.\u00a0A k\u00e9sz\u00fcl\u00e9ket egyszer\u0171 haszn\u00e1lni, mivel a nehezen el\u00e9rhet\u0151 helyek is el\u00e9rhet\u0151v\u00e9 v\u00e1lnak, mint p\u00e9ld\u00e1ul\u00a0l\u00e9pcs\u0151k vagy teraszok sarkai.\u00a0A Thermoflamm bio\u00a0Comfort\u00a0PLUS hat\u00e9konyan \u00e9s hossz\u00fa t\u00e1von elt\u00e1vol\u00edtja a gyomokat, ak\u00e1r 1000 \u00b0 C-os l\u00e1ngh\u0151m\u00e9rs\u00e9klet mellett is.A k\u00e9sz\u00fcl\u00e9k egy automatikus gy\u00fajt\u00f3szerkezettel (Piezo gy\u00fajt\u00e1ssal) van felszerelve a foganty\u00fan\u00e1l, ez\u00e9rt k\u00f6nnyen \u00e9s biztons\u00e1gosan kezelhet\u0151 &#8211; garant\u00e1lt a l\u00e1ngokt\u00f3l val\u00f3 maxim\u00e1lis biztons\u00e1gi t\u00e1vols\u00e1g.\u00a0Ezenk\u00edv\u00fcl k\u00e9nyelmes foganty\u00faval \u00e9s puha fog\u00e1ssal rendelkezik.\u00a0K\u00e9nyelmes, 97 cm hossz\u00fas\u00e1ga miatt a gyom\u00e9get\u0151 \u00e1llva is haszn\u00e1lhat\u00f3, lehajl\u00e1s n\u00e9lk\u00fcl.<\/h3>\n<p>2,3 kg s\u00faly\u00e1val a Thermoflamm bio Comfort PLUS k\u00f6nnyen kezelhet\u0151.\u00a0Haszn\u00e1lat ut\u00e1n z\u00e1rja el a csapot\u00a0a foganty\u00fan\u00e1l, majd csavarja le a g\u00e1ztart\u00e1lyt..<\/p>\n<p>A Thermoflamm bio Classic PLUS kiv\u00e1l\u00f3an m\u0171k\u00f6dik a sz\u00e9n \u00e9s a k\u00e9m\u00e9nyfa meggy\u00fajt\u00e1s\u00e1ra is grillez\u00e9sn\u00e9l.<\/p>\n<ul>\n<li>Ergonomikus markolat a k\u00f6nny\u0171 haszn\u00e1lat \u00e9rdek\u00e9ben<\/li>\n<li>Egyszer\u0171 \u00e9s eleg\u00e1ns egykezes ergonomikus\u00a0kialak\u00edt\u00e1s\u00fa markolat piezo gy\u00fajt\u00e1ssal<\/li>\n<li>A lehet\u0151 legnagyobb biztons\u00e1gi t\u00e1vols\u00e1g a l\u00e1ngt\u00f3l<\/li>\n<li>Puha markolat\u00fa foganty\u00fa a tov\u00e1bbi k\u00e9nyelem\u00a0\u00e9rdek\u00e9ben<\/li>\n<li>L\u00e1ng h\u0151m\u00e9rs\u00e9klete legfeljebb 1000C\u00b0<\/li>\n<li>Tartalmaz 1 db prop\u00e1n-but\u00e1n palackOT<\/li>\n<li>DVGW &#8211; GS vizsg\u00e1lt (j\u00f3v\u00e1hagyott tanus\u00edtv\u00e1ny)<\/li>\n<li><strong>K\u00e9sz\u00fcl\u00e9k hossza: <\/strong>97 cm<\/li>\n<li><strong>S\u00faly:<\/strong>2,3 kg<\/li>\n<\/ul>\n<p>&nbsp;<\/p>\n<\/div>\n<\/div>\n<\/div>\n<\/div>\n<div><a href=\"https:\/\/www.facebook.com\/tajkertesz\">https:\/\/www.facebook.com\/tajkertesz<\/a><\/div>\n<div>\n<p><a href=\"https:\/\/tajkertesz.com\/\">https:\/\/tajkertesz.com\/<\/a><\/p>\n<\/div>\n<div><span style=\"color: #ffffff;\">A meleg \u00e1gy\u00e1s val\u00f3j\u00e1ban nem m\u00e1s mint egy vastag tr\u00e1gyar\u00e9teg besz\u00f3rva valamennyi f\u00f6lddel. A meleg\u00e1gy tr\u00e1gyakever\u00e9ke att\u00f3l f\u00fcgg milyen id\u0151tartamra k\u00e9ri a meleget a rajta termeszteni k\u00edv\u00e1nt n\u00f6v\u00e9nykult\u00fara. A l\u00f3tr\u00e1gya hirtelen ad sok meleget. Ez\u00e9rt ezt t\u00e9l v\u00e9ge fel\u00e9 alkalmazt\u00e1k. A marhatr\u00e1gya lassan ad kevesebb meleget, de huzamosabb ideig. A l\u00f3 \u00e9s szarvasmarha tr\u00e1gya kever\u00e9k\u00e9t annak megfelel\u0151en kevert\u00e9k be hogy t\u00f6bb meleg kellett hirtelen, vagy kevesebb meleg hosszabb t\u00e1von. Ha kev\u00e9s a szerves tr\u00e1gya a meleg\u00e1gy al\u00e1, akkor p\u00f3tolhat\u00f3 szalm\u00e1val, \u00e9s m\u0171tr\u00e1gy\u00e1val. A meleg\u00e1gy minden esetben fedhet\u0151 az \u00e9jjeli leh\u0171l\u00e9s megakad\u00e1lyoz\u00e1s\u00e1ra.A meleg \u00e1gy\u00e1s val\u00f3j\u00e1ban nem m\u00e1s mint egy vastag tr\u00e1gyar\u00e9teg besz\u00f3rva valamennyi f\u00f6lddel. A meleg\u00e1gy tr\u00e1gyakever\u00e9ke att\u00f3l f\u00fcgg milyen id\u0151tartamra k\u00e9ri a meleget a rajta termeszteni k\u00edv\u00e1nt n\u00f6v\u00e9nykult\u00fara. A l\u00f3tr\u00e1gya hirtelen ad sok meleget. Ez\u00e9rt ezt t\u00e9l v\u00e9ge fel\u00e9 alkalmazt\u00e1k. A marhatr\u00e1gya lassan ad kevesebb meleget, de huzamosabb ideig. A l\u00f3 \u00e9s szarvasmarha tr\u00e1gya kever\u00e9k\u00e9t annak megfelel\u0151en kevert\u00e9k be hogy t\u00f6bb meleg kellett hirtelen, vagy kevesebb meleg hosszabb t\u00e1von. Ha kev\u00e9s a szerves tr\u00e1gya a meleg\u00e1gy al\u00e1, akkor p\u00f3tolhat\u00f3 szalm\u00e1val, \u00e9s m\u0171tr\u00e1gy\u00e1val. A meleg\u00e1gy minden esetben fedhet\u0151 az \u00e9jjeli leh\u0171l\u00e9s megakad\u00e1lyoz\u00e1s\u00e1ra.<\/span><\/div>\n<p>&nbsp;<\/p>\n<p><strong> Kiszerel\u00e9s : 1 db<\/strong><\/p>","protected":false},"excerpt":{"rendered":"<div class=\"artdet__name-rating d-none d-lg-block\">\n<div class=\"row gutters-5\">\n<div class=\"col\">\n<div class=\"artdet__name-rating d-none d-lg-block\">\n<div class=\"row gutters-5\">\n<div class=\"col\">\n<div class=\"artdet__name-rating d-none d-lg-block\">\n<div class=\"row gutters-5\">\n<div class=\"col\">\n<div class=\"artdet__name-rating d-none d-lg-block\">\n<div class=\"row gutters-5\">\n<div class=\"col\">\n<div class=\"artdet__name-rating d-none d-lg-block\">\n<div class=\"row gutters-5\">\n<div class=\"col\">\n<div class=\"artdet__name-rating d-none d-lg-block\">\n<div class=\"row gutters-5\">\n<div class=\"col\">\n<div class=\"artdet__name-rating d-none d-lg-block\">\n<div class=\"row gutters-5\">\n<div class=\"col\">\n<div class=\"artdet__name-rating d-none d-lg-block\">\n<div class=\"row gutters-5\">\n<div class=\"col\">\n<div class=\"artdet__name-rating d-none d-lg-block\">\n<div class=\"row gutters-5\">\n<div class=\"col\">\n<div class=\"artdet__name-rating d-none d-lg-block\">\n<div class=\"row gutters-5\">\n<div class=\"col\">\n<div class=\"artdet__name-rating d-none d-lg-block\">\n<div class=\"row gutters-5\">\n<div class=\"col\">\n<div class=\"artdet__name-rating d-none d-lg-block\">\n<div class=\"row gutters-5\">\n<div class=\"col\">\n<div class=\"artdet__name-pagination-wrap d-flex\">\n<div class=\"artdet__name-pagination-wrap d-flex\">\n<div class=\"artdet__name-pagination-wrap d-flex\">\n<div class=\"artdet__name-pagination-wrap d-flex\">\n<div class=\"artdet__name-rating d-none d-lg-block\">\n<div class=\"row gutters-5\">\n<div class=\"col\">\n<div class=\"artdet__name-pagination-wrap d-flex\">\n<h3 class=\"product-page-heading\"><span class=\"product-page-product-name\">THERMOFLAMM BIO COMFORT PLUS <\/span><\/h3>\n<p class=\"product-page-heading\">K\u00f6rnyezetbar\u00e1t m\u00f3dszer a gyomn\u00f6v\u00e9ny elt\u00e1vol\u00edt\u00e1s\u00e1ra &#8211; tov\u00e1bbi k\u00e9nyelem mellett.<\/p>\n<p>Vegyszermentes gyomirt\u00e1sra kiv\u00e1l\u00f3an alkalmas \u00e9get\u0151, melynek piezo gy\u00fajt\u00f3ja a markolatban tal\u00e1lhat\u00f3, mellyel a g\u00e1z k\u00e9nyelmesen meggy\u00fajthat\u00f3.<\/p>\n<h3 align=\"justify\">Kiz\u00e1r\u00f3lag szem\u00e9lyes \u00e1tv\u00e9tellel lehets\u00e9ges a term\u00e9k megv\u00e1s\u00e1rl\u00e1sa!<\/h3>\n<\/div>\n<\/div>\n<\/div>\n<\/div>\n<\/div>\n<\/div>\n<\/div>\n<\/div>\n<\/div>\n<\/div>\n<\/div>\n<\/div>\n<\/div>\n<\/div>\n<\/div>\n<\/div>\n<\/div>\n<\/div>\n<\/div>\n<\/div>\n<\/div>\n<\/div>\n<\/div>\n<\/div>\n<\/div>\n<\/div>\n<\/div>\n<\/div>\n<\/div>\n<\/div>\n<\/div>\n<\/div>\n<\/div>\n<\/div>\n<\/div>\n<\/div>\n<\/div>\n<\/div>\n<\/div>\n<\/div>\n<\/div>\n<\/div>\n<\/div>\n<\/div>","protected":false},"featured_media":4685,"template":"","meta":{"_et_pb_use_builder":"","_et_pb_old_content":"","_et_gb_content_width":""},"product_brand":[],"product_cat":[4424],"product_tag":[1516,1517],"class_list":{"0":"post-4684","1":"product","2":"type-product","3":"status-publish","4":"has-post-thumbnail","6":"product_cat-gloria-permetezo-es-tartozekai","7":"product_tag-gloria","8":"product_tag-permetezo","10":"first","11":"instock","12":"shipping-taxable","13":"purchasable","14":"product-type-simple"},"yoast_head":"<!-- This site is optimized with the Yoast SEO plugin v27.5 - https:\/\/yoast.com\/product\/yoast-seo-wordpress\/ -->\n<title>Gloria THERMOFLAMM BIO COMFORT PLUS - T\u00e1jkert\u00e9sz<\/title>\n<meta name=\"description\" content=\"THERMOFLAMM BIO COMFORT PLUS K\u00f6rnyezetbar\u00e1t m\u00f3dszer a gyomn\u00f6v\u00e9ny elt\u00e1vol\u00edt\u00e1s\u00e1ra - tov\u00e1bbi k\u00e9nyelem mellett.Vegyszermentes\" \/>\n<meta name=\"robots\" content=\"index, follow, max-snippet:-1, max-image-preview:large, max-video-preview:-1\" \/>\n<link rel=\"canonical\" href=\"https:\/\/tajkertesz.com\/en_US\/product\/thermoflamm-bio-comfort-plus\/\" \/>\n<meta property=\"og:locale\" content=\"en_US\" \/>\n<meta property=\"og:type\" content=\"article\" \/>\n<meta property=\"og:title\" content=\"https:\/\/www.facebook.com\/tajkertesz\" \/>\n<meta property=\"og:description\" content=\"K\u00f6rnyezetbar\u00e1t m\u00f3dszer a gyomn\u00f6v\u00e9ny elt\u00e1vol\u00edt\u00e1s\u00e1ra - tov\u00e1bbi k\u00e9nyelem mellett.Vegyszermentes gyomirt\u00e1sra kiv\u00e1l\u00f3an alkalmas \u00e9get\u0151, melynek piezo gy\u00fajt\u00f3ja a markolatban tal\u00e1lhat\u00f3, mellyel a g\u00e1z k\u00e9nyelmesen meggy\u00fajthat\u00f3.\" \/>\n<meta property=\"og:url\" content=\"https:\/\/tajkertesz.com\/en_US\/product\/thermoflamm-bio-comfort-plus\/\" \/>\n<meta property=\"og:site_name\" content=\"T\u00e1jkert\u00e9sz\" \/>\n<meta property=\"article:publisher\" content=\"https:\/\/www.facebook.com\/Tajkertesz\/\" \/>\n<meta property=\"article:modified_time\" content=\"2026-02-17T14:20:14+00:00\" \/>\n<meta property=\"og:image\" content=\"https:\/\/tajkertesz.com\/wp-content\/uploads\/2021\/05\/Thermoflamm-fire-hand.png\" \/>\n\t<meta property=\"og:image:width\" content=\"900\" \/>\n\t<meta property=\"og:image:height\" content=\"500\" \/>\n\t<meta property=\"og:image:type\" content=\"image\/png\" \/>\n<meta name=\"twitter:card\" content=\"summary_large_image\" \/>\n<meta name=\"twitter:label1\" content=\"Est. reading time\" \/>\n\t<meta name=\"twitter:data1\" content=\"3 minutes\" \/>\n<script type=\"application\/ld+json\" class=\"yoast-schema-graph\">{\"@context\":\"https:\\\/\\\/schema.org\",\"@graph\":[{\"@type\":\"WebPage\",\"@id\":\"https:\\\/\\\/tajkertesz.com\\\/termek\\\/thermoflamm-bio-comfort-plus\\\/\",\"url\":\"https:\\\/\\\/tajkertesz.com\\\/termek\\\/thermoflamm-bio-comfort-plus\\\/\",\"name\":\"Gloria THERMOFLAMM BIO COMFORT PLUS - T\u00e1jkert\u00e9sz\",\"isPartOf\":{\"@id\":\"https:\\\/\\\/tajkertesz.com\\\/#website\"},\"primaryImageOfPage\":{\"@id\":\"https:\\\/\\\/tajkertesz.com\\\/termek\\\/thermoflamm-bio-comfort-plus\\\/#primaryimage\"},\"image\":{\"@id\":\"https:\\\/\\\/tajkertesz.com\\\/termek\\\/thermoflamm-bio-comfort-plus\\\/#primaryimage\"},\"thumbnailUrl\":\"https:\\\/\\\/tajkertesz.com\\\/wp-content\\\/uploads\\\/2021\\\/05\\\/Thermoflamm-bio-Comfort_PLUS.png\",\"datePublished\":\"2021-05-13T06:45:14+00:00\",\"dateModified\":\"2026-02-17T14:20:14+00:00\",\"description\":\"THERMOFLAMM BIO COMFORT PLUS K\u00f6rnyezetbar\u00e1t m\u00f3dszer a gyomn\u00f6v\u00e9ny elt\u00e1vol\u00edt\u00e1s\u00e1ra - tov\u00e1bbi k\u00e9nyelem mellett.Vegyszermentes\",\"breadcrumb\":{\"@id\":\"https:\\\/\\\/tajkertesz.com\\\/termek\\\/thermoflamm-bio-comfort-plus\\\/#breadcrumb\"},\"inLanguage\":\"en-US\",\"potentialAction\":[{\"@type\":\"ReadAction\",\"target\":[\"https:\\\/\\\/tajkertesz.com\\\/termek\\\/thermoflamm-bio-comfort-plus\\\/\"]}]},{\"@type\":\"ImageObject\",\"inLanguage\":\"en-US\",\"@id\":\"https:\\\/\\\/tajkertesz.com\\\/termek\\\/thermoflamm-bio-comfort-plus\\\/#primaryimage\",\"url\":\"https:\\\/\\\/tajkertesz.com\\\/wp-content\\\/uploads\\\/2021\\\/05\\\/Thermoflamm-bio-Comfort_PLUS.png\",\"contentUrl\":\"https:\\\/\\\/tajkertesz.com\\\/wp-content\\\/uploads\\\/2021\\\/05\\\/Thermoflamm-bio-Comfort_PLUS.png\",\"width\":900,\"height\":500},{\"@type\":\"BreadcrumbList\",\"@id\":\"https:\\\/\\\/tajkertesz.com\\\/termek\\\/thermoflamm-bio-comfort-plus\\\/#breadcrumb\",\"itemListElement\":[{\"@type\":\"ListItem\",\"position\":1,\"name\":\"Home\",\"item\":\"https:\\\/\\\/tajkertesz.com\\\/\"},{\"@type\":\"ListItem\",\"position\":2,\"name\":\"Kezd\u0151lap\",\"item\":\"https:\\\/\\\/tajkertesz.com\\\/\"},{\"@type\":\"ListItem\",\"position\":3,\"name\":\"Gloria THERMOFLAMM BIO COMFORT PLUS\"}]},{\"@type\":\"WebSite\",\"@id\":\"https:\\\/\\\/tajkertesz.com\\\/#website\",\"url\":\"https:\\\/\\\/tajkertesz.com\\\/\",\"name\":\"T\u00e1j-Kert\u00e9sz 84 Kft.\",\"description\":\"Kert\u00e9szeti kis- \u00e9s nagykeresked\u00e9s, D\u00edszn\u00f6v\u00e9ny web\u00e1ruh\u00e1z orsz\u00e1gos h\u00e1zhozsz\u00e1ll\u00edt\u00e1ssal!\",\"publisher\":{\"@id\":\"https:\\\/\\\/tajkertesz.com\\\/#organization\"},\"potentialAction\":[{\"@type\":\"SearchAction\",\"target\":{\"@type\":\"EntryPoint\",\"urlTemplate\":\"https:\\\/\\\/tajkertesz.com\\\/?s={search_term_string}\"},\"query-input\":{\"@type\":\"PropertyValueSpecification\",\"valueRequired\":true,\"valueName\":\"search_term_string\"}}],\"inLanguage\":\"en-US\"},{\"@type\":\"Organization\",\"@id\":\"https:\\\/\\\/tajkertesz.com\\\/#organization\",\"name\":\"T\u00e1j-Kert\u00e9sz 84 Kft.\",\"url\":\"https:\\\/\\\/tajkertesz.com\\\/\",\"logo\":{\"@type\":\"ImageObject\",\"inLanguage\":\"en-US\",\"@id\":\"https:\\\/\\\/tajkertesz.com\\\/#\\\/schema\\\/logo\\\/image\\\/\",\"url\":\"https:\\\/\\\/tajkertesz.com\\\/wp-content\\\/uploads\\\/2018\\\/02\\\/logo-2-e1518678052539.png\",\"contentUrl\":\"https:\\\/\\\/tajkertesz.com\\\/wp-content\\\/uploads\\\/2018\\\/02\\\/logo-2-e1518678052539.png\",\"width\":81,\"height\":140,\"caption\":\"T\u00e1j-Kert\u00e9sz 84 Kft.\"},\"image\":{\"@id\":\"https:\\\/\\\/tajkertesz.com\\\/#\\\/schema\\\/logo\\\/image\\\/\"},\"sameAs\":[\"https:\\\/\\\/www.facebook.com\\\/Tajkertesz\\\/\"]}]}<\/script>\n<!-- \/ Yoast SEO plugin. -->","yoast_head_json":{"title":"Gloria THERMOFLAMM BIO COMFORT PLUS - T\u00e1jkert\u00e9sz","description":"THERMOFLAMM BIO COMFORT PLUS K\u00f6rnyezetbar\u00e1t m\u00f3dszer a gyomn\u00f6v\u00e9ny elt\u00e1vol\u00edt\u00e1s\u00e1ra - tov\u00e1bbi k\u00e9nyelem mellett.Vegyszermentes","robots":{"index":"index","follow":"follow","max-snippet":"max-snippet:-1","max-image-preview":"max-image-preview:large","max-video-preview":"max-video-preview:-1"},"canonical":"https:\/\/tajkertesz.com\/en_US\/product\/thermoflamm-bio-comfort-plus\/","og_locale":"en_US","og_type":"article","og_title":"https:\/\/www.facebook.com\/tajkertesz","og_description":"K\u00f6rnyezetbar\u00e1t m\u00f3dszer a gyomn\u00f6v\u00e9ny elt\u00e1vol\u00edt\u00e1s\u00e1ra - tov\u00e1bbi k\u00e9nyelem mellett.Vegyszermentes gyomirt\u00e1sra kiv\u00e1l\u00f3an alkalmas \u00e9get\u0151, melynek piezo gy\u00fajt\u00f3ja a markolatban tal\u00e1lhat\u00f3, mellyel a g\u00e1z k\u00e9nyelmesen meggy\u00fajthat\u00f3.","og_url":"https:\/\/tajkertesz.com\/en_US\/product\/thermoflamm-bio-comfort-plus\/","og_site_name":"T\u00e1jkert\u00e9sz","article_publisher":"https:\/\/www.facebook.com\/Tajkertesz\/","article_modified_time":"2026-02-17T14:20:14+00:00","og_image":[{"width":900,"height":500,"url":"https:\/\/tajkertesz.com\/wp-content\/uploads\/2021\/05\/Thermoflamm-fire-hand.png","type":"image\/png"}],"twitter_card":"summary_large_image","twitter_misc":{"Est. reading time":"3 minutes"},"schema":{"@context":"https:\/\/schema.org","@graph":[{"@type":"WebPage","@id":"https:\/\/tajkertesz.com\/termek\/thermoflamm-bio-comfort-plus\/","url":"https:\/\/tajkertesz.com\/termek\/thermoflamm-bio-comfort-plus\/","name":"Gloria THERMOFLAMM BIO COMFORT PLUS - T\u00e1jkert\u00e9sz","isPartOf":{"@id":"https:\/\/tajkertesz.com\/#website"},"primaryImageOfPage":{"@id":"https:\/\/tajkertesz.com\/termek\/thermoflamm-bio-comfort-plus\/#primaryimage"},"image":{"@id":"https:\/\/tajkertesz.com\/termek\/thermoflamm-bio-comfort-plus\/#primaryimage"},"thumbnailUrl":"https:\/\/tajkertesz.com\/wp-content\/uploads\/2021\/05\/Thermoflamm-bio-Comfort_PLUS.png","datePublished":"2021-05-13T06:45:14+00:00","dateModified":"2026-02-17T14:20:14+00:00","description":"THERMOFLAMM BIO COMFORT PLUS K\u00f6rnyezetbar\u00e1t m\u00f3dszer a gyomn\u00f6v\u00e9ny elt\u00e1vol\u00edt\u00e1s\u00e1ra - tov\u00e1bbi k\u00e9nyelem mellett.Vegyszermentes","breadcrumb":{"@id":"https:\/\/tajkertesz.com\/termek\/thermoflamm-bio-comfort-plus\/#breadcrumb"},"inLanguage":"en-US","potentialAction":[{"@type":"ReadAction","target":["https:\/\/tajkertesz.com\/termek\/thermoflamm-bio-comfort-plus\/"]}]},{"@type":"ImageObject","inLanguage":"en-US","@id":"https:\/\/tajkertesz.com\/termek\/thermoflamm-bio-comfort-plus\/#primaryimage","url":"https:\/\/tajkertesz.com\/wp-content\/uploads\/2021\/05\/Thermoflamm-bio-Comfort_PLUS.png","contentUrl":"https:\/\/tajkertesz.com\/wp-content\/uploads\/2021\/05\/Thermoflamm-bio-Comfort_PLUS.png","width":900,"height":500},{"@type":"BreadcrumbList","@id":"https:\/\/tajkertesz.com\/termek\/thermoflamm-bio-comfort-plus\/#breadcrumb","itemListElement":[{"@type":"ListItem","position":1,"name":"Home","item":"https:\/\/tajkertesz.com\/"},{"@type":"ListItem","position":2,"name":"Kezd\u0151lap","item":"https:\/\/tajkertesz.com\/"},{"@type":"ListItem","position":3,"name":"Gloria THERMOFLAMM BIO COMFORT PLUS"}]},{"@type":"WebSite","@id":"https:\/\/tajkertesz.com\/#website","url":"https:\/\/tajkertesz.com\/","name":"T\u00e1j-Kert\u00e9sz 84 Kft.","description":"Kert\u00e9szeti kis- \u00e9s nagykeresked\u00e9s, D\u00edszn\u00f6v\u00e9ny web\u00e1ruh\u00e1z orsz\u00e1gos h\u00e1zhozsz\u00e1ll\u00edt\u00e1ssal!","publisher":{"@id":"https:\/\/tajkertesz.com\/#organization"},"potentialAction":[{"@type":"SearchAction","target":{"@type":"EntryPoint","urlTemplate":"https:\/\/tajkertesz.com\/?s={search_term_string}"},"query-input":{"@type":"PropertyValueSpecification","valueRequired":true,"valueName":"search_term_string"}}],"inLanguage":"en-US"},{"@type":"Organization","@id":"https:\/\/tajkertesz.com\/#organization","name":"T\u00e1j-Kert\u00e9sz 84 Kft.","url":"https:\/\/tajkertesz.com\/","logo":{"@type":"ImageObject","inLanguage":"en-US","@id":"https:\/\/tajkertesz.com\/#\/schema\/logo\/image\/","url":"https:\/\/tajkertesz.com\/wp-content\/uploads\/2018\/02\/logo-2-e1518678052539.png","contentUrl":"https:\/\/tajkertesz.com\/wp-content\/uploads\/2018\/02\/logo-2-e1518678052539.png","width":81,"height":140,"caption":"T\u00e1j-Kert\u00e9sz 84 Kft."},"image":{"@id":"https:\/\/tajkertesz.com\/#\/schema\/logo\/image\/"},"sameAs":["https:\/\/www.facebook.com\/Tajkertesz\/"]}]}},"_links":{"self":[{"href":"https:\/\/tajkertesz.com\/en_US\/wp-json\/wp\/v2\/product\/4684","targetHints":{"allow":["GET"]}}],"collection":[{"href":"https:\/\/tajkertesz.com\/en_US\/wp-json\/wp\/v2\/product"}],"about":[{"href":"https:\/\/tajkertesz.com\/en_US\/wp-json\/wp\/v2\/types\/product"}],"wp:featuredmedia":[{"embeddable":true,"href":"https:\/\/tajkertesz.com\/en_US\/wp-json\/wp\/v2\/media\/4685"}],"wp:attachment":[{"href":"https:\/\/tajkertesz.com\/en_US\/wp-json\/wp\/v2\/media?parent=4684"}],"wp:term":[{"taxonomy":"product_brand","embeddable":true,"href":"https:\/\/tajkertesz.com\/en_US\/wp-json\/wp\/v2\/product_brand?post=4684"},{"taxonomy":"product_cat","embeddable":true,"href":"https:\/\/tajkertesz.com\/en_US\/wp-json\/wp\/v2\/product_cat?post=4684"},{"taxonomy":"product_tag","embeddable":true,"href":"https:\/\/tajkertesz.com\/en_US\/wp-json\/wp\/v2\/product_tag?post=4684"}],"curies":[{"name":"wp","href":"https:\/\/api.w.org\/{rel}","templated":true}]}}