{"id":4699,"date":"2021-05-13T07:11:04","date_gmt":"2021-05-13T07:11:04","guid":{"rendered":"https:\/\/tajkertesz.com\/?post_type=product&#038;p=4699"},"modified":"2024-10-07T12:02:26","modified_gmt":"2024-10-07T12:02:26","slug":"gloria-autopump-permetezo-keszlet","status":"publish","type":"product","link":"https:\/\/tajkertesz.com\/en_US\/product\/gloria-autopump-permetezo-keszlet\/","title":{"rendered":"Gloria AUTOPUMP permetez\u0151 K\u00c9SZLET &#8211; 5L-ES TART\u00c1LY \u00c9S PUMPA"},"content":{"rendered":"<div class=\"artdet__name-rating d-none d-lg-block\">\n<div class=\"row gutters-5\">\n<div class=\"col\">\n<div class=\"artdet__name-pagination-wrap d-flex\">\n<div class=\"top product-page-top\">\n<div class=\"center product-page-center\">\n<div class=\"artdet__name-pagination-wrap d-flex\">\n<h1>Gloria AUTOPUMP permetez\u0151 K\u00c9SZLET &#8211; 5L-ES TART\u00c1LY \u00c9S PUMPA<\/h1>\n<p>Gloria AUTOPUMP permetez\u0151 K\u00c9SZLET &#8211; 5L-ES TART\u00c1LY \u00c9S PUMPA<\/p>\n<h1 class=\"product-page-heading\"><span class=\"product-page-product-name\">5L-ES TART\u00c1LY \u00c9S PUMPA<\/span><\/h1>\n<\/div>\n<div class=\"artdet__name-pagination-wrap d-flex\">\n<p class=\"product-page-heading\"><span class=\"product-page-product-name\">AUTOPUMP K\u00c9SZLET &#8211; 5L-ES TART\u00c1LY \u00c9S PUMPA <\/span>K\u00f6nny\u0171 megold\u00e1s a n\u00f6v\u00e9nyv\u00e9delemben! 5 literes elemes kompresszoros permetez\u0151, mellyel k\u00f6nnyen \u00e9s gyorsan lehet permetezni. A 8 db AA elemmel m\u0171k\u00f6d\u0151 kompresszor seg\u00edts\u00e9g\u00e9vel elfelejthet\u0151 a f\u00e1raszt\u00f3 pump\u00e1l\u00e1s!<\/p>\n<ul>\n<li style=\"list-style-type: none;\">\n<ul>\n<li style=\"list-style-type: none;\">\n<ul>\n<li style=\"list-style-type: none;\">\n<ul>\n<li style=\"list-style-type: none;\">\n<ul>\n<li style=\"list-style-type: none;\">\n<ul>\n<li style=\"list-style-type: none;\">\n<ul>\n<li>Maximum m\u0171k\u00f6d\u00e9si nyom\u00e1s 1,5 bar<\/li>\n<li>Perbunan t\u00f6m\u00edt\u00e9sek<\/li>\n<li>Nagy teljes\u00edtm\u00e9ny\u0171, er\u0151s m\u0171anyagb\u00f3l k\u00e9sz\u00fclt permetez\u0151, GLORIA AutoPump szivatty\u00faval<\/li>\n<li>S\u00e1rgar\u00e9z permetez\u0151cs\u0151 \u00e9s \u00e1ll\u00edthat\u00f3, \u00fcreges sz\u00f3r\u00f3fej<\/li>\n<li>Nagy bet\u00f6lt\u0151 t\u00f6lcs\u00e9r<\/li>\n<li>\u00c1tl\u00e1tsz\u00f3 folyad\u00e9k szintjelz\u0151 cs\u00edk<\/li>\n<li>Hord sz\u00edj<\/li>\n<li>Kereskedelemben kaphat\u00f3 elemekkel \/ \u00fajrat\u00f6lthet\u0151 akkumul\u00e1torral is haszn\u00e1lhat\u00f3 (8x Alkaline 1,5V Mignon LR 6 \u2013 AA). Elemek \/ \u00fajrat\u00f6lthet\u0151 akkumul\u00e1torok nem tartoz\u00e9ka a csomagnak.<\/li>\n<li>Elegend\u0151 kapacit\u00e1s ak\u00e1r 12 permetez\u00e9shez (elemek haszn\u00e1latakor) vagy 16 permetez\u00e9shez (\u00fajrat\u00f6lthet\u0151 akkumul\u00e1torok haszn\u00e1latakor) \u2013 att\u00f3l f\u00fcgg\u0151en, hogy az elem &#8211; \u00fajrat\u00f6lthet\u0151 akkumul\u00e1tor milyen kapacit\u00e1s\u00fa.<\/li>\n<li>CE-jel\u00f6l\u00e9s<\/li>\n<li><strong>Magass\u00e1g:<\/strong>56,7 cm<\/li>\n<li><strong>Sz\u00e9less\u00e9g:<\/strong>18,5 cm<\/li>\n<li><strong>S\u00faly:<\/strong>1,6 kg<\/li>\n<\/ul>\n<\/li>\n<\/ul>\n<\/li>\n<\/ul>\n<\/li>\n<\/ul>\n<\/li>\n<\/ul>\n<\/li>\n<\/ul>\n<\/li>\n<\/ul>\n<\/div>\n<\/div>\n<\/div>\n<\/div>\n<\/div>\n<\/div>\n<\/div>\n<p style=\"line-height: 18.0pt; background: white; margin: 0cm 0cm 15.0pt 0cm;\"><b><span style=\"font-family: 'Ubuntu',sans-serif; color: black;\">K\u00e9szlet\u00fcnk napi szinten v\u00e1ltozik, ez\u00e9rt k\u00e9rj\u00fck, \u00e9rdekl\u0151dj\u00f6n szem\u00e9lyesen, telefonon vagy email-en.<br \/>\nA v\u00e1ltoztat\u00e1s jog\u00e1t fenntartjuk!\u00a0<\/span><\/b><\/p>\n<p><a href=\"https:\/\/tajkertesz.com\/\">https:\/\/tajkertesz.com\/<\/a><\/p>\n<p><a href=\"https:\/\/www.facebook.com\/tajkertesz\/\">https:\/\/www.facebook.com\/tajkertesz\/<\/a><\/p>\n<p>Kisz\u00e1ll\u00edt\u00e1s: 200cm-ig \u00e9s 40 kg-ig a sz\u00e1ll\u00edt\u00e1s fut\u00e1rszolg\u00e1lattal t\u00f6rt\u00e9nik.<\/p>\n<p>Szem\u00e9lyes \u00e1tv\u00e9tel nyitvatart\u00e1si id\u0151ben a 17. ker\u00fclet Bakancsos utca 7. sz\u00e1m alatti Kert\u00e9szeti \u00e1rud\u00e1nkban.<\/p>\n<p>Kert\u00e9p\u00edt\u0151k \u00e9s viszontelad\u00f3k regisztr\u00e1l\u00e1s ut\u00e1n egyedi kedvezm\u00e9nnyel v\u00e1s\u00e1rolhatnak kert\u00e9szeti kis-\u00e9s nagykeresked\u00e9s\u00fcnkben.<\/p>","protected":false},"excerpt":{"rendered":"<div class=\"artdet__name-rating d-none d-lg-block\">\n<div class=\"row gutters-5\">\n<div class=\"col\">\n<div class=\"artdet__name-rating d-none d-lg-block\">\n<div class=\"row gutters-5\">\n<div class=\"col\">\n<div class=\"artdet__name-rating d-none d-lg-block\">\n<div class=\"row gutters-5\">\n<div class=\"col\">\n<div class=\"artdet__name-rating d-none d-lg-block\">\n<div class=\"row gutters-5\">\n<div class=\"col\">\n<div class=\"artdet__name-rating d-none d-lg-block\">\n<div class=\"row gutters-5\">\n<div class=\"col\">\n<div class=\"artdet__name-rating d-none d-lg-block\">\n<div class=\"row gutters-5\">\n<div class=\"col\">\n<div class=\"artdet__name-rating d-none d-lg-block\">\n<div class=\"row gutters-5\">\n<div class=\"col\">\n<div class=\"artdet__name-rating d-none d-lg-block\">\n<div class=\"row gutters-5\">\n<div class=\"col\">\n<div class=\"artdet__name-rating d-none d-lg-block\">\n<div class=\"row gutters-5\">\n<div class=\"col\">\n<div class=\"artdet__name-rating d-none d-lg-block\">\n<div class=\"row gutters-5\">\n<div class=\"col\">\n<div class=\"artdet__name-rating d-none d-lg-block\">\n<div class=\"row gutters-5\">\n<div class=\"col\">\n<div class=\"artdet__name-rating d-none d-lg-block\">\n<div class=\"row gutters-5\">\n<div class=\"col\">\n<div class=\"artdet__name-pagination-wrap d-flex\">\n<div class=\"artdet__name-pagination-wrap d-flex\">\n<div class=\"artdet__name-pagination-wrap d-flex\">\n<div class=\"artdet__name-pagination-wrap d-flex\">\n<div class=\"artdet__name-rating d-none d-lg-block\">\n<div class=\"row gutters-5\">\n<div class=\"col\">\n<div class=\"artdet__name-pagination-wrap d-flex\">\n<div class=\"artdet__name-pagination-wrap d-flex\">\n<div class=\"artdet__name-pagination-wrap d-flex\">\n<div class=\"top product-page-top\">\n<div class=\"center product-page-center\">\n<h3 class=\"product-page-heading\"><span class=\"product-page-product-name\">AUTOPUMP K\u00c9SZLET &#8211; 5L-ES TART\u00c1LY \u00c9S PUMPA <\/span><\/h3>\n<p class=\"product-page-heading\">K\u00f6nny\u0171 megold\u00e1s a n\u00f6v\u00e9nyv\u00e9delemben! 5 literes elemes kompresszoros permetez\u0151, mellyel k\u00f6nnyen \u00e9s gyorsan lehet permetezni. A 8 db AA elemmel m\u0171k\u00f6d\u0151 kompresszor seg\u00edts\u00e9g\u00e9vel elfelejthet\u0151 a f\u00e1raszt\u00f3 pump\u00e1l\u00e1s!<\/p>\n<\/div>\n<\/div>\n<\/div>\n<\/div>\n<p>&nbsp;<\/p>\n<\/div>\n<\/div>\n<\/div>\n<\/div>\n<\/div>\n<\/div>\n<\/div>\n<\/div>\n<\/div>\n<\/div>\n<\/div>\n<\/div>\n<\/div>\n<\/div>\n<\/div>\n<\/div>\n<\/div>\n<\/div>\n<\/div>\n<\/div>\n<\/div>\n<\/div>\n<\/div>\n<\/div>\n<\/div>\n<\/div>\n<\/div>\n<\/div>\n<\/div>\n<\/div>\n<\/div>\n<\/div>\n<\/div>\n<\/div>\n<\/div>\n<\/div>\n<\/div>\n<\/div>\n<\/div>\n<\/div>\n<\/div>\n<\/div>\n<\/div>\n<\/div>","protected":false},"featured_media":4670,"template":"","meta":{"_et_pb_use_builder":"","_et_pb_old_content":"","_et_gb_content_width":""},"product_brand":[],"product_cat":[4424],"product_tag":[1516,1517],"class_list":{"0":"post-4699","1":"product","2":"type-product","3":"status-publish","4":"has-post-thumbnail","6":"product_cat-gloria-permetezo-es-tartozekai","7":"product_tag-gloria","8":"product_tag-permetezo","10":"first","11":"instock","12":"shipping-taxable","13":"purchasable","14":"product-type-simple"},"yoast_head":"<!-- This site is optimized with the Yoast SEO plugin v27.5 - https:\/\/yoast.com\/product\/yoast-seo-wordpress\/ -->\n<title>Gloria AUTOPUMP permetez\u0151 K\u00c9SZLET - 5L-ES TART\u00c1LY \u00c9S PUMPA - T\u00e1jkert\u00e9sz<\/title>\n<meta name=\"description\" content=\"Gloria AUTOPUMP permetez\u0151 K\u00c9SZLET 5L-ES TART\u00c1LY \u00c9S PUMPA K\u00f6nny\u0171 megold\u00e1s a n\u00f6v\u00e9nyv\u00e9delemben! 5 literes elemes kompresszoros permetez\u0151\" \/>\n<meta name=\"robots\" content=\"index, follow, max-snippet:-1, max-image-preview:large, max-video-preview:-1\" \/>\n<link rel=\"canonical\" href=\"https:\/\/tajkertesz.com\/en_US\/product\/gloria-autopump-permetezo-keszlet\/\" \/>\n<meta property=\"og:locale\" content=\"en_US\" \/>\n<meta property=\"og:type\" content=\"article\" \/>\n<meta property=\"og:title\" content=\"Gloria AUTOPUMP permetez\u0151 K\u00c9SZLET - 5L-ES TART\u00c1LY \u00c9S PUMPA - T\u00e1jkert\u00e9sz\" \/>\n<meta property=\"og:description\" content=\"Gloria AUTOPUMP permetez\u0151 K\u00c9SZLET 5L-ES TART\u00c1LY \u00c9S PUMPA K\u00f6nny\u0171 megold\u00e1s a n\u00f6v\u00e9nyv\u00e9delemben! 5 literes elemes kompresszoros permetez\u0151\" \/>\n<meta property=\"og:url\" content=\"https:\/\/tajkertesz.com\/en_US\/product\/gloria-autopump-permetezo-keszlet\/\" \/>\n<meta property=\"og:site_name\" content=\"T\u00e1jkert\u00e9sz\" \/>\n<meta property=\"article:publisher\" content=\"https:\/\/www.facebook.com\/Tajkertesz\/\" \/>\n<meta property=\"article:modified_time\" content=\"2024-10-07T12:02:26+00:00\" \/>\n<meta property=\"og:image\" content=\"https:\/\/tajkertesz.com\/wp-content\/uploads\/2021\/05\/AutoPump_Set_000910.0000.png\" \/>\n\t<meta property=\"og:image:width\" content=\"900\" \/>\n\t<meta property=\"og:image:height\" content=\"500\" \/>\n\t<meta property=\"og:image:type\" content=\"image\/png\" \/>\n<meta name=\"twitter:card\" content=\"summary_large_image\" \/>\n<meta name=\"twitter:label1\" content=\"Est. reading time\" \/>\n\t<meta name=\"twitter:data1\" content=\"2 minutes\" \/>\n<script type=\"application\/ld+json\" class=\"yoast-schema-graph\">{\"@context\":\"https:\\\/\\\/schema.org\",\"@graph\":[{\"@type\":\"WebPage\",\"@id\":\"https:\\\/\\\/tajkertesz.com\\\/termek\\\/gloria-autopump-permetezo-keszlet\\\/\",\"url\":\"https:\\\/\\\/tajkertesz.com\\\/termek\\\/gloria-autopump-permetezo-keszlet\\\/\",\"name\":\"Gloria AUTOPUMP permetez\u0151 K\u00c9SZLET - 5L-ES TART\u00c1LY \u00c9S PUMPA - T\u00e1jkert\u00e9sz\",\"isPartOf\":{\"@id\":\"https:\\\/\\\/tajkertesz.com\\\/#website\"},\"primaryImageOfPage\":{\"@id\":\"https:\\\/\\\/tajkertesz.com\\\/termek\\\/gloria-autopump-permetezo-keszlet\\\/#primaryimage\"},\"image\":{\"@id\":\"https:\\\/\\\/tajkertesz.com\\\/termek\\\/gloria-autopump-permetezo-keszlet\\\/#primaryimage\"},\"thumbnailUrl\":\"https:\\\/\\\/tajkertesz.com\\\/wp-content\\\/uploads\\\/2021\\\/05\\\/AutoPump_Set_000910.0000.png\",\"datePublished\":\"2021-05-13T07:11:04+00:00\",\"dateModified\":\"2024-10-07T12:02:26+00:00\",\"description\":\"Gloria AUTOPUMP permetez\u0151 K\u00c9SZLET 5L-ES TART\u00c1LY \u00c9S PUMPA K\u00f6nny\u0171 megold\u00e1s a n\u00f6v\u00e9nyv\u00e9delemben! 5 literes elemes kompresszoros permetez\u0151\",\"breadcrumb\":{\"@id\":\"https:\\\/\\\/tajkertesz.com\\\/termek\\\/gloria-autopump-permetezo-keszlet\\\/#breadcrumb\"},\"inLanguage\":\"en-US\",\"potentialAction\":[{\"@type\":\"ReadAction\",\"target\":[\"https:\\\/\\\/tajkertesz.com\\\/termek\\\/gloria-autopump-permetezo-keszlet\\\/\"]}]},{\"@type\":\"ImageObject\",\"inLanguage\":\"en-US\",\"@id\":\"https:\\\/\\\/tajkertesz.com\\\/termek\\\/gloria-autopump-permetezo-keszlet\\\/#primaryimage\",\"url\":\"https:\\\/\\\/tajkertesz.com\\\/wp-content\\\/uploads\\\/2021\\\/05\\\/AutoPump_Set_000910.0000.png\",\"contentUrl\":\"https:\\\/\\\/tajkertesz.com\\\/wp-content\\\/uploads\\\/2021\\\/05\\\/AutoPump_Set_000910.0000.png\",\"width\":900,\"height\":500},{\"@type\":\"BreadcrumbList\",\"@id\":\"https:\\\/\\\/tajkertesz.com\\\/termek\\\/gloria-autopump-permetezo-keszlet\\\/#breadcrumb\",\"itemListElement\":[{\"@type\":\"ListItem\",\"position\":1,\"name\":\"Home\",\"item\":\"https:\\\/\\\/tajkertesz.com\\\/\"},{\"@type\":\"ListItem\",\"position\":2,\"name\":\"Kezd\u0151lap\",\"item\":\"https:\\\/\\\/tajkertesz.com\\\/\"},{\"@type\":\"ListItem\",\"position\":3,\"name\":\"Gloria AUTOPUMP permetez\u0151 K\u00c9SZLET &#8211; 5L-ES TART\u00c1LY \u00c9S PUMPA\"}]},{\"@type\":\"WebSite\",\"@id\":\"https:\\\/\\\/tajkertesz.com\\\/#website\",\"url\":\"https:\\\/\\\/tajkertesz.com\\\/\",\"name\":\"T\u00e1j-Kert\u00e9sz 84 Kft.\",\"description\":\"Kert\u00e9szeti kis- \u00e9s nagykeresked\u00e9s, D\u00edszn\u00f6v\u00e9ny web\u00e1ruh\u00e1z orsz\u00e1gos h\u00e1zhozsz\u00e1ll\u00edt\u00e1ssal!\",\"publisher\":{\"@id\":\"https:\\\/\\\/tajkertesz.com\\\/#organization\"},\"potentialAction\":[{\"@type\":\"SearchAction\",\"target\":{\"@type\":\"EntryPoint\",\"urlTemplate\":\"https:\\\/\\\/tajkertesz.com\\\/?s={search_term_string}\"},\"query-input\":{\"@type\":\"PropertyValueSpecification\",\"valueRequired\":true,\"valueName\":\"search_term_string\"}}],\"inLanguage\":\"en-US\"},{\"@type\":\"Organization\",\"@id\":\"https:\\\/\\\/tajkertesz.com\\\/#organization\",\"name\":\"T\u00e1j-Kert\u00e9sz 84 Kft.\",\"url\":\"https:\\\/\\\/tajkertesz.com\\\/\",\"logo\":{\"@type\":\"ImageObject\",\"inLanguage\":\"en-US\",\"@id\":\"https:\\\/\\\/tajkertesz.com\\\/#\\\/schema\\\/logo\\\/image\\\/\",\"url\":\"https:\\\/\\\/tajkertesz.com\\\/wp-content\\\/uploads\\\/2018\\\/02\\\/logo-2-e1518678052539.png\",\"contentUrl\":\"https:\\\/\\\/tajkertesz.com\\\/wp-content\\\/uploads\\\/2018\\\/02\\\/logo-2-e1518678052539.png\",\"width\":81,\"height\":140,\"caption\":\"T\u00e1j-Kert\u00e9sz 84 Kft.\"},\"image\":{\"@id\":\"https:\\\/\\\/tajkertesz.com\\\/#\\\/schema\\\/logo\\\/image\\\/\"},\"sameAs\":[\"https:\\\/\\\/www.facebook.com\\\/Tajkertesz\\\/\"]}]}<\/script>\n<!-- \/ Yoast SEO plugin. -->","yoast_head_json":{"title":"Gloria AUTOPUMP permetez\u0151 K\u00c9SZLET - 5L-ES TART\u00c1LY \u00c9S PUMPA - T\u00e1jkert\u00e9sz","description":"Gloria AUTOPUMP permetez\u0151 K\u00c9SZLET 5L-ES TART\u00c1LY \u00c9S PUMPA K\u00f6nny\u0171 megold\u00e1s a n\u00f6v\u00e9nyv\u00e9delemben! 5 literes elemes kompresszoros permetez\u0151","robots":{"index":"index","follow":"follow","max-snippet":"max-snippet:-1","max-image-preview":"max-image-preview:large","max-video-preview":"max-video-preview:-1"},"canonical":"https:\/\/tajkertesz.com\/en_US\/product\/gloria-autopump-permetezo-keszlet\/","og_locale":"en_US","og_type":"article","og_title":"Gloria AUTOPUMP permetez\u0151 K\u00c9SZLET - 5L-ES TART\u00c1LY \u00c9S PUMPA - T\u00e1jkert\u00e9sz","og_description":"Gloria AUTOPUMP permetez\u0151 K\u00c9SZLET 5L-ES TART\u00c1LY \u00c9S PUMPA K\u00f6nny\u0171 megold\u00e1s a n\u00f6v\u00e9nyv\u00e9delemben! 5 literes elemes kompresszoros permetez\u0151","og_url":"https:\/\/tajkertesz.com\/en_US\/product\/gloria-autopump-permetezo-keszlet\/","og_site_name":"T\u00e1jkert\u00e9sz","article_publisher":"https:\/\/www.facebook.com\/Tajkertesz\/","article_modified_time":"2024-10-07T12:02:26+00:00","og_image":[{"width":900,"height":500,"url":"https:\/\/tajkertesz.com\/wp-content\/uploads\/2021\/05\/AutoPump_Set_000910.0000.png","type":"image\/png"}],"twitter_card":"summary_large_image","twitter_misc":{"Est. reading time":"2 minutes"},"schema":{"@context":"https:\/\/schema.org","@graph":[{"@type":"WebPage","@id":"https:\/\/tajkertesz.com\/termek\/gloria-autopump-permetezo-keszlet\/","url":"https:\/\/tajkertesz.com\/termek\/gloria-autopump-permetezo-keszlet\/","name":"Gloria AUTOPUMP permetez\u0151 K\u00c9SZLET - 5L-ES TART\u00c1LY \u00c9S PUMPA - T\u00e1jkert\u00e9sz","isPartOf":{"@id":"https:\/\/tajkertesz.com\/#website"},"primaryImageOfPage":{"@id":"https:\/\/tajkertesz.com\/termek\/gloria-autopump-permetezo-keszlet\/#primaryimage"},"image":{"@id":"https:\/\/tajkertesz.com\/termek\/gloria-autopump-permetezo-keszlet\/#primaryimage"},"thumbnailUrl":"https:\/\/tajkertesz.com\/wp-content\/uploads\/2021\/05\/AutoPump_Set_000910.0000.png","datePublished":"2021-05-13T07:11:04+00:00","dateModified":"2024-10-07T12:02:26+00:00","description":"Gloria AUTOPUMP permetez\u0151 K\u00c9SZLET 5L-ES TART\u00c1LY \u00c9S PUMPA K\u00f6nny\u0171 megold\u00e1s a n\u00f6v\u00e9nyv\u00e9delemben! 5 literes elemes kompresszoros permetez\u0151","breadcrumb":{"@id":"https:\/\/tajkertesz.com\/termek\/gloria-autopump-permetezo-keszlet\/#breadcrumb"},"inLanguage":"en-US","potentialAction":[{"@type":"ReadAction","target":["https:\/\/tajkertesz.com\/termek\/gloria-autopump-permetezo-keszlet\/"]}]},{"@type":"ImageObject","inLanguage":"en-US","@id":"https:\/\/tajkertesz.com\/termek\/gloria-autopump-permetezo-keszlet\/#primaryimage","url":"https:\/\/tajkertesz.com\/wp-content\/uploads\/2021\/05\/AutoPump_Set_000910.0000.png","contentUrl":"https:\/\/tajkertesz.com\/wp-content\/uploads\/2021\/05\/AutoPump_Set_000910.0000.png","width":900,"height":500},{"@type":"BreadcrumbList","@id":"https:\/\/tajkertesz.com\/termek\/gloria-autopump-permetezo-keszlet\/#breadcrumb","itemListElement":[{"@type":"ListItem","position":1,"name":"Home","item":"https:\/\/tajkertesz.com\/"},{"@type":"ListItem","position":2,"name":"Kezd\u0151lap","item":"https:\/\/tajkertesz.com\/"},{"@type":"ListItem","position":3,"name":"Gloria AUTOPUMP permetez\u0151 K\u00c9SZLET &#8211; 5L-ES TART\u00c1LY \u00c9S PUMPA"}]},{"@type":"WebSite","@id":"https:\/\/tajkertesz.com\/#website","url":"https:\/\/tajkertesz.com\/","name":"T\u00e1j-Kert\u00e9sz 84 Kft.","description":"Kert\u00e9szeti kis- \u00e9s nagykeresked\u00e9s, D\u00edszn\u00f6v\u00e9ny web\u00e1ruh\u00e1z orsz\u00e1gos h\u00e1zhozsz\u00e1ll\u00edt\u00e1ssal!","publisher":{"@id":"https:\/\/tajkertesz.com\/#organization"},"potentialAction":[{"@type":"SearchAction","target":{"@type":"EntryPoint","urlTemplate":"https:\/\/tajkertesz.com\/?s={search_term_string}"},"query-input":{"@type":"PropertyValueSpecification","valueRequired":true,"valueName":"search_term_string"}}],"inLanguage":"en-US"},{"@type":"Organization","@id":"https:\/\/tajkertesz.com\/#organization","name":"T\u00e1j-Kert\u00e9sz 84 Kft.","url":"https:\/\/tajkertesz.com\/","logo":{"@type":"ImageObject","inLanguage":"en-US","@id":"https:\/\/tajkertesz.com\/#\/schema\/logo\/image\/","url":"https:\/\/tajkertesz.com\/wp-content\/uploads\/2018\/02\/logo-2-e1518678052539.png","contentUrl":"https:\/\/tajkertesz.com\/wp-content\/uploads\/2018\/02\/logo-2-e1518678052539.png","width":81,"height":140,"caption":"T\u00e1j-Kert\u00e9sz 84 Kft."},"image":{"@id":"https:\/\/tajkertesz.com\/#\/schema\/logo\/image\/"},"sameAs":["https:\/\/www.facebook.com\/Tajkertesz\/"]}]}},"_links":{"self":[{"href":"https:\/\/tajkertesz.com\/en_US\/wp-json\/wp\/v2\/product\/4699","targetHints":{"allow":["GET"]}}],"collection":[{"href":"https:\/\/tajkertesz.com\/en_US\/wp-json\/wp\/v2\/product"}],"about":[{"href":"https:\/\/tajkertesz.com\/en_US\/wp-json\/wp\/v2\/types\/product"}],"wp:featuredmedia":[{"embeddable":true,"href":"https:\/\/tajkertesz.com\/en_US\/wp-json\/wp\/v2\/media\/4670"}],"wp:attachment":[{"href":"https:\/\/tajkertesz.com\/en_US\/wp-json\/wp\/v2\/media?parent=4699"}],"wp:term":[{"taxonomy":"product_brand","embeddable":true,"href":"https:\/\/tajkertesz.com\/en_US\/wp-json\/wp\/v2\/product_brand?post=4699"},{"taxonomy":"product_cat","embeddable":true,"href":"https:\/\/tajkertesz.com\/en_US\/wp-json\/wp\/v2\/product_cat?post=4699"},{"taxonomy":"product_tag","embeddable":true,"href":"https:\/\/tajkertesz.com\/en_US\/wp-json\/wp\/v2\/product_tag?post=4699"}],"curies":[{"name":"wp","href":"https:\/\/api.w.org\/{rel}","templated":true}]}}