{"id":4700,"date":"2021-05-13T07:16:06","date_gmt":"2021-05-13T07:16:06","guid":{"rendered":"https:\/\/tajkertesz.com\/?post_type=product&#038;p=4700"},"modified":"2021-09-06T10:45:22","modified_gmt":"2021-09-06T10:45:22","slug":"lipari-akasztos-cserep-terracotta-szinben","status":"publish","type":"product","link":"https:\/\/tajkertesz.com\/en_US\/product\/lipari-akasztos-cserep-terracotta-szinben\/","title":{"rendered":"Lipari akaszt\u00f3s cser\u00e9p Terracotta sz\u00ednben"},"content":{"rendered":"<div class=\"artdet__name-rating d-none d-lg-block\">\n<div class=\"row gutters-5\">\n<div class=\"col\">\n<div class=\"artdet__name-pagination-wrap d-flex\">\n<div class=\"top product-page-top\">\n<div class=\"center product-page-center\">\n<div class=\"artdet__name-pagination-wrap d-flex\">\n<h3><strong>Lipari akaszt\u00f3s cser\u00e9p <\/strong><strong>Terracotta sz\u00ednben<\/strong><\/h3>\n<p>&nbsp;<\/p>\n<p>27,5cm\u00a0 \u00a06l\u00a0 \u00a0(25&#215;16)<\/p>\n<p>Az ed\u00e9ny talp\u00e1n felpattintott al\u00e1t\u00e9t tal\u00e1lhat\u00f3, ami a term\u00e9k r\u00e9sz\u00e9t k\u00e9pezi.<\/p>\n<p>Hossz\u00fa \u00e9lettartam\u00fa, magas min\u0151s\u00e9g\u0171 \u00e9s UV \u00e1ll\u00f3 m\u0171anyag ed\u00e9ny, amit kifejezetten k\u00fclt\u00e9rre terveztek, ez\u00e9rt az id\u0151j\u00e1r\u00e1si viszontags\u00e1gokkal szemben ellen\u00e1ll\u00f3.<\/p>\n<p>&nbsp;<\/p>\n<\/div>\n<\/div>\n<\/div>\n<\/div>\n<\/div>\n<\/div>\n<\/div>\n<div><a href=\"https:\/\/www.facebook.com\/tajkertesz\">https:\/\/www.facebook.com\/tajkertesz<\/a><\/div>\n<div>\n<p><a href=\"https:\/\/tajkertesz.com\/\">https:\/\/tajkertesz.com\/<\/a><\/p>\n<\/div>\n<div><\/div>\n<p><span style=\"color: #ffffff;\">A\u00a0<b>kasp\u00f3:<\/b><\/span><\/p>\n<p><span style=\"color: #ffffff;\">a francia\u00a0cache-pot \u00f6sszetett f\u0151n\u00e9v megmagyar\u00edt\u00e1sa. Sz\u00f3 szerint (vir\u00e1g)cser\u00e9pv\u00e9d\u0151t, cser\u00e9prejt\u0151t jelent. El\u0151tagja a francia cache f\u0151n\u00e9v, amelynek ilyen jelent\u00e9sei is vannak: &#8216;rejtek(hely), b\u00fav\u00f3hely; fed\u0151, v\u00e9d\u0151, takar\u00f3&#8217;, valamint &#8216;maszk&#8217;. Ut\u00f3tagja pedig a szint\u00e9n francia pot f\u0151n\u00e9v, ennek itt &#8216;vir\u00e1gcser\u00e9p&#8217; a jelent\u00e9se. A nagy Eckhardt-f\u00e9le francia\u2014magyar sz\u00f3t\u00e1r meghat\u00e1roz\u00e1sa szerint: &#8216;d\u00edszcser\u00e9p; cser\u00e9pburkol\u00f3 pap\u00edr vagy anyag&#8217;. Eredetileg franci\u00e1ul teh\u00e1t a &#8222;cache-pot&#8221; nemcsak cser\u00e9ped\u00e9nyt jelentett, hanem olyan sz\u00ednes krepp-pap\u00edr, esetleg m\u0171anyag burkolatot is, amellyel mintegy \u201eeltakarj\u00e1k&#8221; a kev\u00e9sb\u00e9 tetszet\u0151s, k\u00f6z\u00f6ns\u00e9ges \u00e9getett agyagb\u00f3l k\u00e9sz\u00fclt m\u00e1zatlan vir\u00e1gcserepeket.<\/span><\/p>\n<h4 class=\"firstHeading huwiki-frbox-parent\"><span style=\"color: #ffffff;\">M\u0171anyag:<\/span><\/h4>\n<div id=\"mw-fr-revisiontag\" class=\"flaggedrevs_short flaggedrevs_stable_synced plainlinks noprint\">\n<div class=\"flaggedrevs_short_basic\">\n<p>&nbsp;<\/p>\n<div><\/div>\n<\/div>\n<\/div>\n<div id=\"bodyContent\" class=\"mw-body-content\">\n<div id=\"mw-content-text\" class=\"mw-content-ltr\" dir=\"ltr\" lang=\"hu\">\n<div class=\"mw-parser-output\">\n<div class=\"thumb tright\">\n<div class=\"thumbinner\">\n<div class=\"thumbcaption\">\n<div class=\"magnify\"><span style=\"color: #ffffff;\">Mindennapok sor\u00e1n haszn\u00e1latos, m\u0171anyagb\u00f3l k\u00e9sz\u00fclt term\u00e9kek<\/span><\/div>\n<\/div>\n<\/div>\n<\/div>\n<p><span style=\"color: #ffffff;\">A\u00a0<b>m\u0171anyagok<\/b> mesters\u00e9ges \u00faton el\u0151\u00e1ll\u00edtott vagy \u00e1talak\u00edtott \u00f3ri\u00e1smolekul\u00e1j\u00fa anyagok, szerves polimerek. Jelen vannak \u00e9let\u00fcnk szinte minden fontos ter\u00fclet\u00e9n a h\u00e1ztart\u00e1sokban, a j\u00e1rm\u0171vekben, az eg\u00e9szs\u00e9g\u00fcgyben, az elektronik\u00e1ban, az \u0171rkutat\u00e1sban stb.<\/span><\/p>\n<p><span style=\"color: #ffffff;\">A feldolgoz\u00e1si technol\u00f3gi\u00e1juk alapj\u00e1n a m\u0171anyagokat alapvet\u0151en h\u00e1rom f\u0151 csoportra lehet osztani (b\u00e1r vannak ma m\u00e1r \u00e1tmenetet k\u00e9pez\u0151 m\u0171anyagok): a h\u0151re kem\u00e9nyed\u0151\u00a0<i>(thermoset)<\/i>, a h\u0151re l\u00e1gyul\u00f3\u00a0<i>(thermoplastics)<\/i>, illetve a rugalmas m\u0171anyagokra.<sup id=\"cite_ref-1\" class=\"reference\"><\/sup><\/span><\/p>\n<h3><span id=\"Felhaszn\u00e1l\u00e1suk\" class=\"mw-headline\" style=\"color: #ffffff;\">A m\u0171anyag felhaszn\u00e1l\u00e1sa:<\/span><\/h3>\n<p><span style=\"color: #ffffff;\">A h\u0151re l\u00e1gyul\u00f3 m\u0171anyagok felhaszn\u00e1l\u00e1suk szerint k\u00e9t nagy csoportra sorolhat\u00f3ak, vannak az \u00fagynevezett k\u00f6zsz\u00fcks\u00e9gleti vagy\u00a0<i>commodity<\/i> m\u0171anyagok, mint a polipropil\u00e9n vagy a polietil\u00e9n, melyeket \u00e1ltal\u00e1ban nagy mennyis\u00e9gben v\u00e1s\u00e1rolnak, \u00e9s az \u00fagynevezett m\u0171szaki vagy <i>engineering<\/i> m\u0171anyagok, melyeknek nagyobb m\u0171szaki elv\u00e1r\u00e1soknak kell megfelelni\u00fck \u00e9s \u00e1ltal\u00e1ban j\u00f3val dr\u00e1g\u00e1bbak a k\u00f6zsz\u00fcks\u00e9gleti m\u0171anyagokn\u00e1l.\u00a0<sup id=\"cite_ref-5\" class=\"reference\"><\/sup><\/span><\/p>\n<h4><span id=\"Rugalmas_m\u0171anyagok\" class=\"mw-headline\" style=\"color: #ffffff;\">Rugalmas m\u0171anyagok<\/span><\/h4>\n<p><span style=\"color: #ffffff;\">A rugalmas anyagok elasztom\u00e9rek, amelyekben \u00f6sszegubancol\u00f3dott makromolekul\u00e1k vannak. H\u00faz\u00e1sra kiegyenesednek, megny\u00falnak, a k\u00fcls\u0151 er\u0151 megsz\u0171nt\u00e9vel visszanyerik eredeti alakjukat.<\/span><\/p>\n<h4><span id=\"Szerkezet\u00fck_2\" class=\"mw-headline\" style=\"color: #ffffff;\">Szerkezet\u00fck<\/span><\/h4>\n<p><span style=\"color: #ffffff;\">A legt\u00f6bb h\u0151re kem\u00e9nyed\u0151 m\u0171anyag (m\u0171gyanta) kiindul\u00e1si monomerek funkci\u00f3s csoportjainak sz\u00e1m\u00e1t\u00f3l f\u00fcgg\u0151en lehetnek enyh\u00e9n vagy er\u0151sen t\u00e9rh\u00e1l\u00f3sak. A h\u0151re kem\u00e9nyed\u0151 duroplasztok (p\u00e9ld\u00e1ul a bakelit) er\u0151sen t\u00e9rh\u00e1l\u00f3s szerkezet\u0171ek.<\/span><\/p>\n<\/div>\n<\/div>\n<\/div>\n<p><b>K\u00e9szlet\u00fcnk napi szinten v\u00e1ltozik, ez\u00e9rt k\u00e9rj\u00fck, \u00e9rdekl\u0151dj\u00f6n szem\u00e9lyesen, telefonon vagy email-en.<br \/>\nA v\u00e1ltoztat\u00e1s jog\u00e1t fenntartjuk!\u00a0<\/b><\/p>\n<p>Sz\u00e1ll\u00edt\u00e1s 200 cm-ig \u00e9s 40 kg-ig fut\u00e1rszolg\u00e1lattal lehets\u00e9ges, ezen m\u00e9retek felett egyedi sz\u00e1ll\u00edt\u00e1st lehet egyezteni.<\/p>\n<p><strong> Kiszerel\u00e9s : 1 db<\/strong><\/p>\n<p>&nbsp;<\/p>","protected":false},"excerpt":{"rendered":"<div class=\"artdet__name-rating d-none d-lg-block\">\n<div class=\"row gutters-5\">\n<div class=\"col\">\n<div class=\"artdet__name-rating d-none d-lg-block\">\n<div class=\"row gutters-5\">\n<div class=\"col\">\n<div class=\"artdet__name-rating d-none d-lg-block\">\n<div class=\"row gutters-5\">\n<div class=\"col\">\n<div class=\"artdet__name-rating d-none d-lg-block\">\n<div class=\"row gutters-5\">\n<div class=\"col\">\n<div class=\"artdet__name-rating d-none d-lg-block\">\n<div class=\"row gutters-5\">\n<div class=\"col\">\n<div class=\"artdet__name-rating d-none d-lg-block\">\n<div class=\"row gutters-5\">\n<div class=\"col\">\n<div class=\"artdet__name-rating d-none d-lg-block\">\n<div class=\"row gutters-5\">\n<div class=\"col\">\n<div class=\"artdet__name-rating d-none d-lg-block\">\n<div class=\"row gutters-5\">\n<div class=\"col\">\n<div class=\"artdet__name-rating d-none d-lg-block\">\n<div class=\"row gutters-5\">\n<div class=\"col\">\n<div class=\"artdet__name-rating d-none d-lg-block\">\n<div class=\"row gutters-5\">\n<div class=\"col\">\n<div class=\"artdet__name-rating d-none d-lg-block\">\n<div class=\"row gutters-5\">\n<div class=\"col\">\n<div class=\"artdet__name-rating d-none d-lg-block\">\n<div class=\"row gutters-5\">\n<div class=\"col\">\n<div class=\"artdet__name-pagination-wrap d-flex\">\n<div class=\"artdet__name-pagination-wrap d-flex\">\n<div class=\"artdet__name-pagination-wrap d-flex\">\n<div class=\"artdet__name-pagination-wrap d-flex\">\n<div class=\"artdet__name-rating d-none d-lg-block\">\n<div class=\"row gutters-5\">\n<div class=\"col\">\n<div class=\"artdet__name-pagination-wrap d-flex\">\n<div class=\"artdet__name-pagination-wrap d-flex\">\n<div class=\"artdet__name-pagination-wrap d-flex\">\n<div class=\"top product-page-top\">\n<div class=\"center product-page-center\">\n<h3><strong>Lipari akaszt\u00f3s cser\u00e9p <\/strong><strong>Terracotta sz\u00ednben<\/strong><\/h3>\n<p>27,5cm\u00a0 \u00a06l\u00a0 \u00a0(25&#215;16)<\/p>\n<p>Az ed\u00e9ny talp\u00e1n felpattintott al\u00e1t\u00e9t tal\u00e1lhat\u00f3, ami a term\u00e9k r\u00e9sz\u00e9t k\u00e9pezi.<\/p>\n<p>Hossz\u00fa \u00e9lettartam\u00fa, magas min\u0151s\u00e9g\u0171 \u00e9s UV \u00e1ll\u00f3 m\u0171anyag ed\u00e9ny, amit kifejezetten k\u00fclt\u00e9rre terveztek, ez\u00e9rt az id\u0151j\u00e1r\u00e1si viszontags\u00e1gokkal szemben ellen\u00e1ll\u00f3.<\/p>\n<\/div>\n<\/div>\n<\/div>\n<\/div>\n<p>&nbsp;<\/p>\n<\/div>\n<\/div>\n<\/div>\n<\/div>\n<\/div>\n<\/div>\n<\/div>\n<\/div>\n<\/div>\n<\/div>\n<\/div>\n<\/div>\n<\/div>\n<\/div>\n<\/div>\n<\/div>\n<\/div>\n<\/div>\n<\/div>\n<\/div>\n<\/div>\n<\/div>\n<\/div>\n<\/div>\n<\/div>\n<\/div>\n<\/div>\n<\/div>\n<\/div>\n<\/div>\n<\/div>\n<\/div>\n<\/div>\n<\/div>\n<\/div>\n<\/div>\n<\/div>\n<\/div>\n<\/div>\n<\/div>\n<\/div>\n<\/div>\n<\/div>\n<\/div>","protected":false},"featured_media":4701,"template":"","meta":{"_et_pb_use_builder":"","_et_pb_old_content":"","_et_gb_content_width":""},"product_brand":[],"product_cat":[1531],"product_tag":[1396,1303,1530],"class_list":{"0":"post-4700","1":"product","2":"type-product","3":"status-publish","4":"has-post-thumbnail","6":"product_cat-muanyag-cserepek-kaspok","7":"product_tag-cserep","8":"product_tag-terracotta","9":"product_tag-virag-cserep","11":"first","12":"instock","13":"shipping-taxable","14":"purchasable","15":"product-type-simple"},"yoast_head":"<!-- This site is optimized with the Yoast SEO plugin v27.3 - https:\/\/yoast.com\/product\/yoast-seo-wordpress\/ -->\n<title>Lipari akaszt\u00f3s cser\u00e9p Terracotta sz\u00ednben - T\u00e1jkert\u00e9sz<\/title>\n<meta name=\"description\" content=\"Lipari akaszt\u00f3s cser\u00e9p Terracotta sz\u00ednben 27,5cm\u00a0 \u00a06l\u00a0 \u00a0(25x16)Az ed\u00e9ny talp\u00e1n felpattintott al\u00e1t\u00e9t tal\u00e1lhat\u00f3, ami a term\u00e9k r\u00e9sz\u00e9t k\u00e9pezi\" \/>\n<meta name=\"robots\" content=\"index, follow, max-snippet:-1, max-image-preview:large, max-video-preview:-1\" \/>\n<link rel=\"canonical\" href=\"https:\/\/tajkertesz.com\/en_US\/product\/lipari-akasztos-cserep-terracotta-szinben\/\" \/>\n<meta property=\"og:locale\" content=\"en_US\" \/>\n<meta property=\"og:type\" content=\"article\" \/>\n<meta property=\"og:title\" content=\"Lipari akaszt\u00f3s cser\u00e9p Terracotta sz\u00ednben - T\u00e1jkert\u00e9sz\" \/>\n<meta property=\"og:description\" content=\"Lipari akaszt\u00f3s cser\u00e9p Terracotta sz\u00ednben 27,5cm\u00a0 \u00a06l\u00a0 \u00a0(25x16)Az ed\u00e9ny talp\u00e1n felpattintott al\u00e1t\u00e9t tal\u00e1lhat\u00f3, ami a term\u00e9k r\u00e9sz\u00e9t k\u00e9pezi\" \/>\n<meta property=\"og:url\" content=\"https:\/\/tajkertesz.com\/en_US\/product\/lipari-akasztos-cserep-terracotta-szinben\/\" \/>\n<meta property=\"og:site_name\" content=\"T\u00e1jkert\u00e9sz\" \/>\n<meta property=\"article:publisher\" content=\"https:\/\/www.facebook.com\/Tajkertesz\/\" \/>\n<meta property=\"article:modified_time\" content=\"2021-09-06T10:45:22+00:00\" \/>\n<meta property=\"og:image\" content=\"https:\/\/tajkertesz.com\/wp-content\/uploads\/2021\/05\/LIPARI-cut_hqkog9d2_1.png\" \/>\n\t<meta property=\"og:image:width\" content=\"201\" \/>\n\t<meta property=\"og:image:height\" content=\"759\" \/>\n\t<meta property=\"og:image:type\" content=\"image\/png\" \/>\n<meta name=\"twitter:card\" content=\"summary_large_image\" \/>\n<meta name=\"twitter:label1\" content=\"Est. reading time\" \/>\n\t<meta name=\"twitter:data1\" content=\"2 minutes\" \/>\n<script type=\"application\/ld+json\" class=\"yoast-schema-graph\">{\"@context\":\"https:\\\/\\\/schema.org\",\"@graph\":[{\"@type\":\"WebPage\",\"@id\":\"https:\\\/\\\/tajkertesz.com\\\/termek\\\/lipari-akasztos-cserep-terracotta-szinben\\\/\",\"url\":\"https:\\\/\\\/tajkertesz.com\\\/termek\\\/lipari-akasztos-cserep-terracotta-szinben\\\/\",\"name\":\"Lipari akaszt\u00f3s cser\u00e9p Terracotta sz\u00ednben - T\u00e1jkert\u00e9sz\",\"isPartOf\":{\"@id\":\"https:\\\/\\\/tajkertesz.com\\\/#website\"},\"primaryImageOfPage\":{\"@id\":\"https:\\\/\\\/tajkertesz.com\\\/termek\\\/lipari-akasztos-cserep-terracotta-szinben\\\/#primaryimage\"},\"image\":{\"@id\":\"https:\\\/\\\/tajkertesz.com\\\/termek\\\/lipari-akasztos-cserep-terracotta-szinben\\\/#primaryimage\"},\"thumbnailUrl\":\"https:\\\/\\\/tajkertesz.com\\\/wp-content\\\/uploads\\\/2021\\\/05\\\/LIPARI-cut_hqkog9d2_1.png\",\"datePublished\":\"2021-05-13T07:16:06+00:00\",\"dateModified\":\"2021-09-06T10:45:22+00:00\",\"description\":\"Lipari akaszt\u00f3s cser\u00e9p Terracotta sz\u00ednben 27,5cm\u00a0 \u00a06l\u00a0 \u00a0(25x16)Az ed\u00e9ny talp\u00e1n felpattintott al\u00e1t\u00e9t tal\u00e1lhat\u00f3, ami a term\u00e9k r\u00e9sz\u00e9t k\u00e9pezi\",\"breadcrumb\":{\"@id\":\"https:\\\/\\\/tajkertesz.com\\\/termek\\\/lipari-akasztos-cserep-terracotta-szinben\\\/#breadcrumb\"},\"inLanguage\":\"en-US\",\"potentialAction\":[{\"@type\":\"ReadAction\",\"target\":[\"https:\\\/\\\/tajkertesz.com\\\/termek\\\/lipari-akasztos-cserep-terracotta-szinben\\\/\"]}]},{\"@type\":\"ImageObject\",\"inLanguage\":\"en-US\",\"@id\":\"https:\\\/\\\/tajkertesz.com\\\/termek\\\/lipari-akasztos-cserep-terracotta-szinben\\\/#primaryimage\",\"url\":\"https:\\\/\\\/tajkertesz.com\\\/wp-content\\\/uploads\\\/2021\\\/05\\\/LIPARI-cut_hqkog9d2_1.png\",\"contentUrl\":\"https:\\\/\\\/tajkertesz.com\\\/wp-content\\\/uploads\\\/2021\\\/05\\\/LIPARI-cut_hqkog9d2_1.png\",\"width\":201,\"height\":759},{\"@type\":\"BreadcrumbList\",\"@id\":\"https:\\\/\\\/tajkertesz.com\\\/termek\\\/lipari-akasztos-cserep-terracotta-szinben\\\/#breadcrumb\",\"itemListElement\":[{\"@type\":\"ListItem\",\"position\":1,\"name\":\"Home\",\"item\":\"https:\\\/\\\/tajkertesz.com\\\/\"},{\"@type\":\"ListItem\",\"position\":2,\"name\":\"Kezd\u0151lap\",\"item\":\"https:\\\/\\\/tajkertesz.com\\\/\"},{\"@type\":\"ListItem\",\"position\":3,\"name\":\"Lipari akaszt\u00f3s cser\u00e9p Terracotta sz\u00ednben\"}]},{\"@type\":\"WebSite\",\"@id\":\"https:\\\/\\\/tajkertesz.com\\\/#website\",\"url\":\"https:\\\/\\\/tajkertesz.com\\\/\",\"name\":\"T\u00e1j-Kert\u00e9sz 84 Kft.\",\"description\":\"Kert\u00e9szeti kis- \u00e9s nagykeresked\u00e9s, D\u00edszn\u00f6v\u00e9ny web\u00e1ruh\u00e1z orsz\u00e1gos h\u00e1zhozsz\u00e1ll\u00edt\u00e1ssal!\",\"publisher\":{\"@id\":\"https:\\\/\\\/tajkertesz.com\\\/#organization\"},\"potentialAction\":[{\"@type\":\"SearchAction\",\"target\":{\"@type\":\"EntryPoint\",\"urlTemplate\":\"https:\\\/\\\/tajkertesz.com\\\/?s={search_term_string}\"},\"query-input\":{\"@type\":\"PropertyValueSpecification\",\"valueRequired\":true,\"valueName\":\"search_term_string\"}}],\"inLanguage\":\"en-US\"},{\"@type\":\"Organization\",\"@id\":\"https:\\\/\\\/tajkertesz.com\\\/#organization\",\"name\":\"T\u00e1j-Kert\u00e9sz 84 Kft.\",\"url\":\"https:\\\/\\\/tajkertesz.com\\\/\",\"logo\":{\"@type\":\"ImageObject\",\"inLanguage\":\"en-US\",\"@id\":\"https:\\\/\\\/tajkertesz.com\\\/#\\\/schema\\\/logo\\\/image\\\/\",\"url\":\"https:\\\/\\\/tajkertesz.com\\\/wp-content\\\/uploads\\\/2018\\\/02\\\/logo-2-e1518678052539.png\",\"contentUrl\":\"https:\\\/\\\/tajkertesz.com\\\/wp-content\\\/uploads\\\/2018\\\/02\\\/logo-2-e1518678052539.png\",\"width\":81,\"height\":140,\"caption\":\"T\u00e1j-Kert\u00e9sz 84 Kft.\"},\"image\":{\"@id\":\"https:\\\/\\\/tajkertesz.com\\\/#\\\/schema\\\/logo\\\/image\\\/\"},\"sameAs\":[\"https:\\\/\\\/www.facebook.com\\\/Tajkertesz\\\/\"]}]}<\/script>\n<!-- \/ Yoast SEO plugin. -->","yoast_head_json":{"title":"Lipari akaszt\u00f3s cser\u00e9p Terracotta sz\u00ednben - T\u00e1jkert\u00e9sz","description":"Lipari akaszt\u00f3s cser\u00e9p Terracotta sz\u00ednben 27,5cm\u00a0 \u00a06l\u00a0 \u00a0(25x16)Az ed\u00e9ny talp\u00e1n felpattintott al\u00e1t\u00e9t tal\u00e1lhat\u00f3, ami a term\u00e9k r\u00e9sz\u00e9t k\u00e9pezi","robots":{"index":"index","follow":"follow","max-snippet":"max-snippet:-1","max-image-preview":"max-image-preview:large","max-video-preview":"max-video-preview:-1"},"canonical":"https:\/\/tajkertesz.com\/en_US\/product\/lipari-akasztos-cserep-terracotta-szinben\/","og_locale":"en_US","og_type":"article","og_title":"Lipari akaszt\u00f3s cser\u00e9p Terracotta sz\u00ednben - T\u00e1jkert\u00e9sz","og_description":"Lipari akaszt\u00f3s cser\u00e9p Terracotta sz\u00ednben 27,5cm\u00a0 \u00a06l\u00a0 \u00a0(25x16)Az ed\u00e9ny talp\u00e1n felpattintott al\u00e1t\u00e9t tal\u00e1lhat\u00f3, ami a term\u00e9k r\u00e9sz\u00e9t k\u00e9pezi","og_url":"https:\/\/tajkertesz.com\/en_US\/product\/lipari-akasztos-cserep-terracotta-szinben\/","og_site_name":"T\u00e1jkert\u00e9sz","article_publisher":"https:\/\/www.facebook.com\/Tajkertesz\/","article_modified_time":"2021-09-06T10:45:22+00:00","og_image":[{"width":201,"height":759,"url":"https:\/\/tajkertesz.com\/wp-content\/uploads\/2021\/05\/LIPARI-cut_hqkog9d2_1.png","type":"image\/png"}],"twitter_card":"summary_large_image","twitter_misc":{"Est. reading time":"2 minutes"},"schema":{"@context":"https:\/\/schema.org","@graph":[{"@type":"WebPage","@id":"https:\/\/tajkertesz.com\/termek\/lipari-akasztos-cserep-terracotta-szinben\/","url":"https:\/\/tajkertesz.com\/termek\/lipari-akasztos-cserep-terracotta-szinben\/","name":"Lipari akaszt\u00f3s cser\u00e9p Terracotta sz\u00ednben - T\u00e1jkert\u00e9sz","isPartOf":{"@id":"https:\/\/tajkertesz.com\/#website"},"primaryImageOfPage":{"@id":"https:\/\/tajkertesz.com\/termek\/lipari-akasztos-cserep-terracotta-szinben\/#primaryimage"},"image":{"@id":"https:\/\/tajkertesz.com\/termek\/lipari-akasztos-cserep-terracotta-szinben\/#primaryimage"},"thumbnailUrl":"https:\/\/tajkertesz.com\/wp-content\/uploads\/2021\/05\/LIPARI-cut_hqkog9d2_1.png","datePublished":"2021-05-13T07:16:06+00:00","dateModified":"2021-09-06T10:45:22+00:00","description":"Lipari akaszt\u00f3s cser\u00e9p Terracotta sz\u00ednben 27,5cm\u00a0 \u00a06l\u00a0 \u00a0(25x16)Az ed\u00e9ny talp\u00e1n felpattintott al\u00e1t\u00e9t tal\u00e1lhat\u00f3, ami a term\u00e9k r\u00e9sz\u00e9t k\u00e9pezi","breadcrumb":{"@id":"https:\/\/tajkertesz.com\/termek\/lipari-akasztos-cserep-terracotta-szinben\/#breadcrumb"},"inLanguage":"en-US","potentialAction":[{"@type":"ReadAction","target":["https:\/\/tajkertesz.com\/termek\/lipari-akasztos-cserep-terracotta-szinben\/"]}]},{"@type":"ImageObject","inLanguage":"en-US","@id":"https:\/\/tajkertesz.com\/termek\/lipari-akasztos-cserep-terracotta-szinben\/#primaryimage","url":"https:\/\/tajkertesz.com\/wp-content\/uploads\/2021\/05\/LIPARI-cut_hqkog9d2_1.png","contentUrl":"https:\/\/tajkertesz.com\/wp-content\/uploads\/2021\/05\/LIPARI-cut_hqkog9d2_1.png","width":201,"height":759},{"@type":"BreadcrumbList","@id":"https:\/\/tajkertesz.com\/termek\/lipari-akasztos-cserep-terracotta-szinben\/#breadcrumb","itemListElement":[{"@type":"ListItem","position":1,"name":"Home","item":"https:\/\/tajkertesz.com\/"},{"@type":"ListItem","position":2,"name":"Kezd\u0151lap","item":"https:\/\/tajkertesz.com\/"},{"@type":"ListItem","position":3,"name":"Lipari akaszt\u00f3s cser\u00e9p Terracotta sz\u00ednben"}]},{"@type":"WebSite","@id":"https:\/\/tajkertesz.com\/#website","url":"https:\/\/tajkertesz.com\/","name":"T\u00e1j-Kert\u00e9sz 84 Kft.","description":"Kert\u00e9szeti kis- \u00e9s nagykeresked\u00e9s, D\u00edszn\u00f6v\u00e9ny web\u00e1ruh\u00e1z orsz\u00e1gos h\u00e1zhozsz\u00e1ll\u00edt\u00e1ssal!","publisher":{"@id":"https:\/\/tajkertesz.com\/#organization"},"potentialAction":[{"@type":"SearchAction","target":{"@type":"EntryPoint","urlTemplate":"https:\/\/tajkertesz.com\/?s={search_term_string}"},"query-input":{"@type":"PropertyValueSpecification","valueRequired":true,"valueName":"search_term_string"}}],"inLanguage":"en-US"},{"@type":"Organization","@id":"https:\/\/tajkertesz.com\/#organization","name":"T\u00e1j-Kert\u00e9sz 84 Kft.","url":"https:\/\/tajkertesz.com\/","logo":{"@type":"ImageObject","inLanguage":"en-US","@id":"https:\/\/tajkertesz.com\/#\/schema\/logo\/image\/","url":"https:\/\/tajkertesz.com\/wp-content\/uploads\/2018\/02\/logo-2-e1518678052539.png","contentUrl":"https:\/\/tajkertesz.com\/wp-content\/uploads\/2018\/02\/logo-2-e1518678052539.png","width":81,"height":140,"caption":"T\u00e1j-Kert\u00e9sz 84 Kft."},"image":{"@id":"https:\/\/tajkertesz.com\/#\/schema\/logo\/image\/"},"sameAs":["https:\/\/www.facebook.com\/Tajkertesz\/"]}]}},"_links":{"self":[{"href":"https:\/\/tajkertesz.com\/en_US\/wp-json\/wp\/v2\/product\/4700","targetHints":{"allow":["GET"]}}],"collection":[{"href":"https:\/\/tajkertesz.com\/en_US\/wp-json\/wp\/v2\/product"}],"about":[{"href":"https:\/\/tajkertesz.com\/en_US\/wp-json\/wp\/v2\/types\/product"}],"wp:featuredmedia":[{"embeddable":true,"href":"https:\/\/tajkertesz.com\/en_US\/wp-json\/wp\/v2\/media\/4701"}],"wp:attachment":[{"href":"https:\/\/tajkertesz.com\/en_US\/wp-json\/wp\/v2\/media?parent=4700"}],"wp:term":[{"taxonomy":"product_brand","embeddable":true,"href":"https:\/\/tajkertesz.com\/en_US\/wp-json\/wp\/v2\/product_brand?post=4700"},{"taxonomy":"product_cat","embeddable":true,"href":"https:\/\/tajkertesz.com\/en_US\/wp-json\/wp\/v2\/product_cat?post=4700"},{"taxonomy":"product_tag","embeddable":true,"href":"https:\/\/tajkertesz.com\/en_US\/wp-json\/wp\/v2\/product_tag?post=4700"}],"curies":[{"name":"wp","href":"https:\/\/api.w.org\/{rel}","templated":true}]}}