{"id":4713,"date":"2024-12-15T08:30:31","date_gmt":"2024-12-15T08:30:31","guid":{"rendered":"https:\/\/tajkertesz.com\/?post_type=product&#038;p=4713"},"modified":"2026-02-12T14:41:06","modified_gmt":"2026-02-12T14:41:06","slug":"ducale-teraszlada-terrakotta-80cm","status":"publish","type":"product","link":"https:\/\/tajkertesz.com\/en_US\/product\/ducale-teraszlada-terrakotta-80cm\/","title":{"rendered":"Ducale teraszl\u00e1da terrakotta 80cm"},"content":{"rendered":"<h1>Ducale teraszl\u00e1da terrakotta 80cm<\/h1>\n<p>Ducale teraszl\u00e1da terrakotta 80cm\u00a0 (al\u00e1t\u00e9t n\u00e9lk\u00fcl) egy k\u00f6nnyen mozgathat\u00f3 \u00e9s a sz\u00e9lesebb k\u00f6rben val\u00f3 elhelyezhet\u0151s\u00e9ge miatt egy j\u00f3 v\u00e1laszt\u00e1s lehet. A teraszl\u00e1d\u00e1kat er\u0151s, vastag m\u0171anyagb\u00f3l k\u00e9sz\u00edtik, hogy minden terhel\u00e9snek ellen tudjanak \u00e1llni. Sz\u00ednekben megtal\u00e1lhat\u00f3 a feh\u00e9r, antracit, terrakotta mint alapsz\u00ednek , de term\u00e9szetesen tal\u00e1lhatunk extr\u00e1bb sz\u00edneket is. Haszn\u00e1lhat\u00f3 gy\u00f3gyn\u00f6v\u00e9nyek vagy m\u00e1s ehet\u0151 n\u00f6v\u00e9nyek termeszt\u00e9s\u00e9re is, de megfelel nagyobb n\u00f6v\u00e9nyeknek is.<\/p>\n<p>Sz\u00e9les k\u00f6rben elterjedt m\u00e9g a balkonl\u00e1da is amelyet \u00e1ltal\u00e1ban ablakp\u00e1rk\u00e1nyra helyeznek, vagy k\u00f6zvetlen\u00fcl az alatta l\u00e9v\u0151 falhoz r\u00f6gz\u00edtik, \u00edgy k\u00f6nnyen el\u00e9rhetik a benne l\u00e9v\u0151 n\u00f6v\u00e9nyeket. Sz\u00e1mos n\u00f6v\u00e9nyfajt\u00e1t lehet benne nevelni \u00e9s mivel k\u00f6nnyen mozgathat\u00f3, \u00edgy ak\u00e1r a t\u00e9li fagyok elj\u00f6vetel\u00e9vel be is lehet vinni a lak\u00e1sba, pinc\u00e9be, folyos\u00f3ra, att\u00f3l f\u00fcgg\u0151en, hogy milyen n\u00f6v\u00e9nyt tartunk benne.<\/p>\n<p>Er\u0151s m\u0171anyagb\u00f3l k\u00e9sz\u00fclnek, hogy kib\u00edrj\u00e1k a terhel\u00e9st amit az id\u0151j\u00e1r\u00e1s \u00e9s a benne l\u00e9v\u0151 f\u00f6ld\/n\u00f6v\u00e9nyek s\u00falya okoz. Sokf\u00e9le m\u00e9retben \u00e9s sz\u00ednben el\u00e9rhet\u0151, hogy mindenki megtal\u00e1lhassa a lak\u00e1s\u00e1nak, kertj\u00e9nek, ablak\u00e1nak megfelel\u0151 m\u00e9retet. A feh\u00e9rt\u0151l a z\u00f6ldig , sz\u00ednek sokas\u00e1ga megtal\u00e1lhat\u00f3 m\u00e1r a piacon, ezzel kicsit felh\u00edvva a sz\u00ednek ir\u00e1nt rajong\u00f3k figyelm\u00e9t is. Leg\u00e1ltal\u00e1nosabb sz\u00ednk\u00e9nt a terrakotta , illetve a feh\u00e9r \u00e9s az antracit sz\u00edn szokott jellemz\u0151 lenni.<\/p>\n<p>M\u00e9retben is nagy a v\u00e1laszt\u00e9k eg\u00e9sz kicsit\u0151l a hatalmasig.\u00a0 A teraszl\u00e1d\u00e1k mell\u00e9 szoktak balkonl\u00e1d\u00e1t is v\u00e1s\u00e1rolni, szint\u00e9n a k\u00f6nnyebb mozgathat\u00f3s\u00e1g \u00e9s a sz\u00e9lesebb k\u00f6rben val\u00f3 elhelyezhet\u0151s\u00e9g miatt.<\/p>\n<p>M\u00e9retei: 80x37x32cm 60 literes.<\/p>\n<p>&nbsp;<\/p>\n<p>Talaj \u00e9s n\u00f6v\u00e9nyek: V\u00e1lasszunk megfelel\u0151 talajt \u00e9s n\u00f6v\u00e9nyeket a teraszl\u00e1d\u00e1khoz. A k\u00f6nny\u0171, j\u00f3 v\u00edzelvezet\u00e9s\u0171 talaj ide\u00e1lis, \u00e9s \u00e9rdemes olyan n\u00f6v\u00e9nyeket v\u00e1lasztani, amelyek j\u00f3l \u00e9rzik magukat a teraszl\u00e1d\u00e1kban, p\u00e9ld\u00e1ul f\u0171szern\u00f6v\u00e9nyeket, vir\u00e1gokat vagy kisebb z\u00f6lds\u00e9geket.<\/p>\n<p>Elhelyez\u00e9s: Helyezz\u00fck a teraszl\u00e1d\u00e1kat olyan helyre, ahol a n\u00f6v\u00e9nyek megkapj\u00e1k a sz\u00fcks\u00e9ges mennyis\u00e9g\u0171 napf\u00e9nyt. Figyelj\u00fcnk arra is, hogy a l\u00e1d\u00e1k stabilan \u00e1lljanak, \u00e9s ne boruljanak fel er\u0151s sz\u00e9lben.<\/p>\n<div><a href=\"https:\/\/www.facebook.com\/tajkertesz\">https:\/\/www.facebook.com\/tajkertesz<\/a><\/div>\n<div>\n<p><a href=\"https:\/\/tajkertesz.com\/\">https:\/\/tajkertesz.com\/<\/a><\/p>\n<\/div>\n<div id=\"bodyContent\">\n<div id=\"mw-content-text\" dir=\"ltr\" lang=\"hu\">\n<div>\n<p>&nbsp;<\/p>\n<\/div>\n<\/div>\n<\/div>\n<p>K\u00e9szlet\u00fcnk napi szinten v\u00e1ltozik, ez\u00e9rt k\u00e9rj\u00fck, \u00e9rdekl\u0151dj\u00f6n szem\u00e9lyesen, telefonon vagy email-en.<br \/>\nA v\u00e1ltoztat\u00e1s jog\u00e1t fenntartjuk!<\/p>\n<p>Kisz\u00e1ll\u00edt\u00e1s: 200cm-ig \u00a0\u00e9s 40 kg-ig a sz\u00e1ll\u00edt\u00e1s fut\u00e1rszolg\u00e1lattal \u00a0t\u00f6rt\u00e9nik.<\/p>\n<p>Szem\u00e9lyes \u00e1tv\u00e9tel nyitvatart\u00e1si id\u0151ben a 17. ker\u00fclet Bakancsos utca 7. sz\u00e1m alatti Kert\u00e9szeti \u00e1rud\u00e1ban<\/p>\n<p>Kiszerel\u00e9s : 1 db<\/p>\n<p>&nbsp;<\/p>\n<p>Az al\u00e1t\u00e9t k\u00fcl\u00f6n v\u00e1s\u00e1rolhat\u00f3 meg hozz\u00e1.<\/p>\n<p>&nbsp;<\/p>","protected":false},"excerpt":{"rendered":"<h1>Ducale teraszl\u00e1da terrakotta 80cm al\u00e1t\u00e9t n\u00e9lk\u00fcl<\/h1>\n<p>M\u00e9retei: 80x37x32cm 60 literes.<\/p>\n<p>A hozz\u00e1 tartoz\u00f3\u00a0 al\u00e1t\u00e9t k\u00fcl\u00f6n kaphat\u00f3 melyet az al\u00e1bbi linken megtekinthet illetve megv\u00e1s\u00e1rolhat.<\/p>","protected":false},"featured_media":21987,"template":"","meta":{"_et_pb_use_builder":"","_et_pb_old_content":"","_et_gb_content_width":""},"product_brand":[],"product_cat":[1299],"product_tag":[5551,1308,1352],"class_list":{"0":"post-4713","1":"product","2":"type-product","3":"status-publish","4":"has-post-thumbnail","6":"product_cat-balkonladak-es-teraszladak","7":"product_tag-80cm-teraszlada","8":"product_tag-teraszlada","9":"product_tag-terrakotta","11":"first","12":"instock","13":"shipping-taxable","14":"purchasable","15":"product-type-simple"},"yoast_head":"<!-- This site is optimized with the Yoast SEO plugin v27.3 - https:\/\/yoast.com\/product\/yoast-seo-wordpress\/ -->\n<title>Ducale teraszl\u00e1da terrakotta 80cm - T\u00e1jkert\u00e9sz<\/title>\n<meta name=\"description\" content=\"A Ducale teraszl\u00e1da terrakotta 80cm\u00a0M\u00e9retei: 80x37x32cm 60 literes. hossz\u00fa \u00e9lettartam\u00fa, magas min\u0151s\u00e9g\u0171, UV \u00e1ll\u00f3 teraszl\u00e1da k\u00fclt\u00e9rre tervezve.\" \/>\n<meta name=\"robots\" content=\"index, follow, max-snippet:-1, max-image-preview:large, max-video-preview:-1\" \/>\n<link rel=\"canonical\" href=\"https:\/\/tajkertesz.com\/en_US\/product\/ducale-teraszlada-terrakotta-80cm\/\" \/>\n<meta property=\"og:locale\" content=\"en_US\" \/>\n<meta property=\"og:type\" content=\"article\" \/>\n<meta property=\"og:title\" content=\"Ducale teraszl\u00e1da terrakotta 80cm - T\u00e1jkert\u00e9sz\" \/>\n<meta property=\"og:description\" content=\"A Ducale teraszl\u00e1da terrakotta 80cm\u00a0M\u00e9retei: 80x37x32cm 60 literes. hossz\u00fa \u00e9lettartam\u00fa, magas min\u0151s\u00e9g\u0171, UV \u00e1ll\u00f3 teraszl\u00e1da k\u00fclt\u00e9rre tervezve.\" \/>\n<meta property=\"og:url\" content=\"https:\/\/tajkertesz.com\/en_US\/product\/ducale-teraszlada-terrakotta-80cm\/\" \/>\n<meta property=\"og:site_name\" content=\"T\u00e1jkert\u00e9sz\" \/>\n<meta property=\"article:publisher\" content=\"https:\/\/www.facebook.com\/Tajkertesz\/\" \/>\n<meta property=\"article:modified_time\" content=\"2026-02-12T14:41:06+00:00\" \/>\n<meta property=\"og:image\" content=\"https:\/\/tajkertesz.com\/wp-content\/uploads\/2024\/12\/Ducale-con-sotto-Terracotta-100-1.jpg\" \/>\n\t<meta property=\"og:image:width\" content=\"960\" \/>\n\t<meta property=\"og:image:height\" content=\"641\" \/>\n\t<meta property=\"og:image:type\" content=\"image\/jpeg\" \/>\n<meta name=\"twitter:card\" content=\"summary_large_image\" \/>\n<meta name=\"twitter:label1\" content=\"Est. reading time\" \/>\n\t<meta name=\"twitter:data1\" content=\"2 minutes\" \/>\n<script type=\"application\/ld+json\" class=\"yoast-schema-graph\">{\"@context\":\"https:\\\/\\\/schema.org\",\"@graph\":[{\"@type\":\"WebPage\",\"@id\":\"https:\\\/\\\/tajkertesz.com\\\/termek\\\/ducale-teraszlada-terrakotta-80cm\\\/\",\"url\":\"https:\\\/\\\/tajkertesz.com\\\/termek\\\/ducale-teraszlada-terrakotta-80cm\\\/\",\"name\":\"Ducale teraszl\u00e1da terrakotta 80cm - T\u00e1jkert\u00e9sz\",\"isPartOf\":{\"@id\":\"https:\\\/\\\/tajkertesz.com\\\/#website\"},\"primaryImageOfPage\":{\"@id\":\"https:\\\/\\\/tajkertesz.com\\\/termek\\\/ducale-teraszlada-terrakotta-80cm\\\/#primaryimage\"},\"image\":{\"@id\":\"https:\\\/\\\/tajkertesz.com\\\/termek\\\/ducale-teraszlada-terrakotta-80cm\\\/#primaryimage\"},\"thumbnailUrl\":\"https:\\\/\\\/tajkertesz.com\\\/wp-content\\\/uploads\\\/2024\\\/12\\\/Ducale-con-sotto-Terracotta-100-1.jpg\",\"datePublished\":\"2024-12-15T08:30:31+00:00\",\"dateModified\":\"2026-02-12T14:41:06+00:00\",\"description\":\"A Ducale teraszl\u00e1da terrakotta 80cm\u00a0M\u00e9retei: 80x37x32cm 60 literes. hossz\u00fa \u00e9lettartam\u00fa, magas min\u0151s\u00e9g\u0171, UV \u00e1ll\u00f3 teraszl\u00e1da k\u00fclt\u00e9rre tervezve.\",\"breadcrumb\":{\"@id\":\"https:\\\/\\\/tajkertesz.com\\\/termek\\\/ducale-teraszlada-terrakotta-80cm\\\/#breadcrumb\"},\"inLanguage\":\"en-US\",\"potentialAction\":[{\"@type\":\"ReadAction\",\"target\":[\"https:\\\/\\\/tajkertesz.com\\\/termek\\\/ducale-teraszlada-terrakotta-80cm\\\/\"]}]},{\"@type\":\"ImageObject\",\"inLanguage\":\"en-US\",\"@id\":\"https:\\\/\\\/tajkertesz.com\\\/termek\\\/ducale-teraszlada-terrakotta-80cm\\\/#primaryimage\",\"url\":\"https:\\\/\\\/tajkertesz.com\\\/wp-content\\\/uploads\\\/2024\\\/12\\\/Ducale-con-sotto-Terracotta-100-1.jpg\",\"contentUrl\":\"https:\\\/\\\/tajkertesz.com\\\/wp-content\\\/uploads\\\/2024\\\/12\\\/Ducale-con-sotto-Terracotta-100-1.jpg\",\"width\":960,\"height\":641,\"caption\":\"Ducale teraszl\u00e1da terrakotta\"},{\"@type\":\"BreadcrumbList\",\"@id\":\"https:\\\/\\\/tajkertesz.com\\\/termek\\\/ducale-teraszlada-terrakotta-80cm\\\/#breadcrumb\",\"itemListElement\":[{\"@type\":\"ListItem\",\"position\":1,\"name\":\"Home\",\"item\":\"https:\\\/\\\/tajkertesz.com\\\/\"},{\"@type\":\"ListItem\",\"position\":2,\"name\":\"Kezd\u0151lap\",\"item\":\"https:\\\/\\\/tajkertesz.com\\\/\"},{\"@type\":\"ListItem\",\"position\":3,\"name\":\"Ducale teraszl\u00e1da terrakotta 80cm\"}]},{\"@type\":\"WebSite\",\"@id\":\"https:\\\/\\\/tajkertesz.com\\\/#website\",\"url\":\"https:\\\/\\\/tajkertesz.com\\\/\",\"name\":\"T\u00e1j-Kert\u00e9sz 84 Kft.\",\"description\":\"Kert\u00e9szeti kis- \u00e9s nagykeresked\u00e9s, D\u00edszn\u00f6v\u00e9ny web\u00e1ruh\u00e1z orsz\u00e1gos h\u00e1zhozsz\u00e1ll\u00edt\u00e1ssal!\",\"publisher\":{\"@id\":\"https:\\\/\\\/tajkertesz.com\\\/#organization\"},\"potentialAction\":[{\"@type\":\"SearchAction\",\"target\":{\"@type\":\"EntryPoint\",\"urlTemplate\":\"https:\\\/\\\/tajkertesz.com\\\/?s={search_term_string}\"},\"query-input\":{\"@type\":\"PropertyValueSpecification\",\"valueRequired\":true,\"valueName\":\"search_term_string\"}}],\"inLanguage\":\"en-US\"},{\"@type\":\"Organization\",\"@id\":\"https:\\\/\\\/tajkertesz.com\\\/#organization\",\"name\":\"T\u00e1j-Kert\u00e9sz 84 Kft.\",\"url\":\"https:\\\/\\\/tajkertesz.com\\\/\",\"logo\":{\"@type\":\"ImageObject\",\"inLanguage\":\"en-US\",\"@id\":\"https:\\\/\\\/tajkertesz.com\\\/#\\\/schema\\\/logo\\\/image\\\/\",\"url\":\"https:\\\/\\\/tajkertesz.com\\\/wp-content\\\/uploads\\\/2018\\\/02\\\/logo-2-e1518678052539.png\",\"contentUrl\":\"https:\\\/\\\/tajkertesz.com\\\/wp-content\\\/uploads\\\/2018\\\/02\\\/logo-2-e1518678052539.png\",\"width\":81,\"height\":140,\"caption\":\"T\u00e1j-Kert\u00e9sz 84 Kft.\"},\"image\":{\"@id\":\"https:\\\/\\\/tajkertesz.com\\\/#\\\/schema\\\/logo\\\/image\\\/\"},\"sameAs\":[\"https:\\\/\\\/www.facebook.com\\\/Tajkertesz\\\/\"]}]}<\/script>\n<!-- \/ Yoast SEO plugin. -->","yoast_head_json":{"title":"Ducale teraszl\u00e1da terrakotta 80cm - T\u00e1jkert\u00e9sz","description":"A Ducale teraszl\u00e1da terrakotta 80cm\u00a0M\u00e9retei: 80x37x32cm 60 literes. hossz\u00fa \u00e9lettartam\u00fa, magas min\u0151s\u00e9g\u0171, UV \u00e1ll\u00f3 teraszl\u00e1da k\u00fclt\u00e9rre tervezve.","robots":{"index":"index","follow":"follow","max-snippet":"max-snippet:-1","max-image-preview":"max-image-preview:large","max-video-preview":"max-video-preview:-1"},"canonical":"https:\/\/tajkertesz.com\/en_US\/product\/ducale-teraszlada-terrakotta-80cm\/","og_locale":"en_US","og_type":"article","og_title":"Ducale teraszl\u00e1da terrakotta 80cm - T\u00e1jkert\u00e9sz","og_description":"A Ducale teraszl\u00e1da terrakotta 80cm\u00a0M\u00e9retei: 80x37x32cm 60 literes. hossz\u00fa \u00e9lettartam\u00fa, magas min\u0151s\u00e9g\u0171, UV \u00e1ll\u00f3 teraszl\u00e1da k\u00fclt\u00e9rre tervezve.","og_url":"https:\/\/tajkertesz.com\/en_US\/product\/ducale-teraszlada-terrakotta-80cm\/","og_site_name":"T\u00e1jkert\u00e9sz","article_publisher":"https:\/\/www.facebook.com\/Tajkertesz\/","article_modified_time":"2026-02-12T14:41:06+00:00","og_image":[{"width":960,"height":641,"url":"https:\/\/tajkertesz.com\/wp-content\/uploads\/2024\/12\/Ducale-con-sotto-Terracotta-100-1.jpg","type":"image\/jpeg"}],"twitter_card":"summary_large_image","twitter_misc":{"Est. reading time":"2 minutes"},"schema":{"@context":"https:\/\/schema.org","@graph":[{"@type":"WebPage","@id":"https:\/\/tajkertesz.com\/termek\/ducale-teraszlada-terrakotta-80cm\/","url":"https:\/\/tajkertesz.com\/termek\/ducale-teraszlada-terrakotta-80cm\/","name":"Ducale teraszl\u00e1da terrakotta 80cm - T\u00e1jkert\u00e9sz","isPartOf":{"@id":"https:\/\/tajkertesz.com\/#website"},"primaryImageOfPage":{"@id":"https:\/\/tajkertesz.com\/termek\/ducale-teraszlada-terrakotta-80cm\/#primaryimage"},"image":{"@id":"https:\/\/tajkertesz.com\/termek\/ducale-teraszlada-terrakotta-80cm\/#primaryimage"},"thumbnailUrl":"https:\/\/tajkertesz.com\/wp-content\/uploads\/2024\/12\/Ducale-con-sotto-Terracotta-100-1.jpg","datePublished":"2024-12-15T08:30:31+00:00","dateModified":"2026-02-12T14:41:06+00:00","description":"A Ducale teraszl\u00e1da terrakotta 80cm\u00a0M\u00e9retei: 80x37x32cm 60 literes. hossz\u00fa \u00e9lettartam\u00fa, magas min\u0151s\u00e9g\u0171, UV \u00e1ll\u00f3 teraszl\u00e1da k\u00fclt\u00e9rre tervezve.","breadcrumb":{"@id":"https:\/\/tajkertesz.com\/termek\/ducale-teraszlada-terrakotta-80cm\/#breadcrumb"},"inLanguage":"en-US","potentialAction":[{"@type":"ReadAction","target":["https:\/\/tajkertesz.com\/termek\/ducale-teraszlada-terrakotta-80cm\/"]}]},{"@type":"ImageObject","inLanguage":"en-US","@id":"https:\/\/tajkertesz.com\/termek\/ducale-teraszlada-terrakotta-80cm\/#primaryimage","url":"https:\/\/tajkertesz.com\/wp-content\/uploads\/2024\/12\/Ducale-con-sotto-Terracotta-100-1.jpg","contentUrl":"https:\/\/tajkertesz.com\/wp-content\/uploads\/2024\/12\/Ducale-con-sotto-Terracotta-100-1.jpg","width":960,"height":641,"caption":"Ducale teraszl\u00e1da terrakotta"},{"@type":"BreadcrumbList","@id":"https:\/\/tajkertesz.com\/termek\/ducale-teraszlada-terrakotta-80cm\/#breadcrumb","itemListElement":[{"@type":"ListItem","position":1,"name":"Home","item":"https:\/\/tajkertesz.com\/"},{"@type":"ListItem","position":2,"name":"Kezd\u0151lap","item":"https:\/\/tajkertesz.com\/"},{"@type":"ListItem","position":3,"name":"Ducale teraszl\u00e1da terrakotta 80cm"}]},{"@type":"WebSite","@id":"https:\/\/tajkertesz.com\/#website","url":"https:\/\/tajkertesz.com\/","name":"T\u00e1j-Kert\u00e9sz 84 Kft.","description":"Kert\u00e9szeti kis- \u00e9s nagykeresked\u00e9s, D\u00edszn\u00f6v\u00e9ny web\u00e1ruh\u00e1z orsz\u00e1gos h\u00e1zhozsz\u00e1ll\u00edt\u00e1ssal!","publisher":{"@id":"https:\/\/tajkertesz.com\/#organization"},"potentialAction":[{"@type":"SearchAction","target":{"@type":"EntryPoint","urlTemplate":"https:\/\/tajkertesz.com\/?s={search_term_string}"},"query-input":{"@type":"PropertyValueSpecification","valueRequired":true,"valueName":"search_term_string"}}],"inLanguage":"en-US"},{"@type":"Organization","@id":"https:\/\/tajkertesz.com\/#organization","name":"T\u00e1j-Kert\u00e9sz 84 Kft.","url":"https:\/\/tajkertesz.com\/","logo":{"@type":"ImageObject","inLanguage":"en-US","@id":"https:\/\/tajkertesz.com\/#\/schema\/logo\/image\/","url":"https:\/\/tajkertesz.com\/wp-content\/uploads\/2018\/02\/logo-2-e1518678052539.png","contentUrl":"https:\/\/tajkertesz.com\/wp-content\/uploads\/2018\/02\/logo-2-e1518678052539.png","width":81,"height":140,"caption":"T\u00e1j-Kert\u00e9sz 84 Kft."},"image":{"@id":"https:\/\/tajkertesz.com\/#\/schema\/logo\/image\/"},"sameAs":["https:\/\/www.facebook.com\/Tajkertesz\/"]}]}},"_links":{"self":[{"href":"https:\/\/tajkertesz.com\/en_US\/wp-json\/wp\/v2\/product\/4713","targetHints":{"allow":["GET"]}}],"collection":[{"href":"https:\/\/tajkertesz.com\/en_US\/wp-json\/wp\/v2\/product"}],"about":[{"href":"https:\/\/tajkertesz.com\/en_US\/wp-json\/wp\/v2\/types\/product"}],"wp:featuredmedia":[{"embeddable":true,"href":"https:\/\/tajkertesz.com\/en_US\/wp-json\/wp\/v2\/media\/21987"}],"wp:attachment":[{"href":"https:\/\/tajkertesz.com\/en_US\/wp-json\/wp\/v2\/media?parent=4713"}],"wp:term":[{"taxonomy":"product_brand","embeddable":true,"href":"https:\/\/tajkertesz.com\/en_US\/wp-json\/wp\/v2\/product_brand?post=4713"},{"taxonomy":"product_cat","embeddable":true,"href":"https:\/\/tajkertesz.com\/en_US\/wp-json\/wp\/v2\/product_cat?post=4713"},{"taxonomy":"product_tag","embeddable":true,"href":"https:\/\/tajkertesz.com\/en_US\/wp-json\/wp\/v2\/product_tag?post=4713"}],"curies":[{"name":"wp","href":"https:\/\/api.w.org\/{rel}","templated":true}]}}