{"id":4806,"date":"2021-05-14T08:46:24","date_gmt":"2021-05-14T08:46:24","guid":{"rendered":"https:\/\/tajkertesz.com\/?post_type=product&#038;p=4806"},"modified":"2024-03-26T16:33:04","modified_gmt":"2024-03-26T16:33:04","slug":"marokko-kulteri-lampas-kicsi","status":"publish","type":"product","link":"https:\/\/tajkertesz.com\/en_US\/product\/marokko-kulteri-lampas-kicsi\/","title":{"rendered":"Jov\u00e1n MAROKK\u00d3 k\u00fclt\u00e9ri l\u00e1mp\u00e1s, kicsi"},"content":{"rendered":"<div class=\"artdet__name-rating d-none d-lg-block\">\n<div class=\"row gutters-5\">\n<div class=\"col\">\n<div class=\"artdet__name-pagination-wrap d-flex\">\n<div class=\"top product-page-top\">\n<div class=\"center product-page-center\">\n<div class=\"artdet__name-pagination-wrap d-flex\">\n<div class=\"summary entry-summary\"><\/div>\n<\/div>\n<\/div>\n<\/div>\n<\/div>\n<\/div>\n<\/div>\n<\/div>\n<div>\n<p><strong>MAROKK\u00d3 k\u00fclt\u00e9ri l\u00e1mp\u00e1s, kicsi<\/strong><\/p>\n<p>MAROKK\u00d3 k\u00fclt\u00e9ri l\u00e1mp\u00e1s, kicsi<\/p>\n<p>Egyedi gy\u00e1rt\u00e1s\u00fa k\u00e9zm\u0171ves term\u00e9k.<\/p>\n<p>K\u00fclt\u00e9ri, fagy\u00e1ll\u00f3, vezet\u00e9kelhet\u0151 kerti k\u0151l\u00e1mp\u00e1s<br \/>\nM\u00e9csestart\u00f3k\u00e9nt, vagy vezet\u00e9kel\u00e9s ut\u00e1n l\u00e1mpak\u00e9nt is haszn\u00e1lhat\u00f3.<br \/>\nMagyar csal\u00e1di manufakt\u00fara term\u00e9ke!<\/p>\n<p>A feh\u00e9rcement \u00e9s beton alapanyagoknak, illetve a speci\u00e1lis ut\u00f3lagos sz\u00ednez\u00e9si elj\u00e1r\u00e1snak k\u00f6sz\u00f6nhet\u0151en gondoz\u00e1smentes, id\u0151j\u00e1r\u00e1s- \u00e9s fagy\u00e1ll\u00f3 term\u00e9k.<br \/>\nA speci\u00e1lis sz\u00ednez\u00e9si elj\u00e1r\u00e1s miatt a k\u00e9sz term\u00e9keink sz\u00edne a val\u00f3s\u00e1gban elt\u00e9rhet a k\u00e9pen l\u00e1that\u00f3 sz\u00ednekt\u0151l.<br \/>\nMagasnyom\u00e1s\u00fa k\u00e9sz\u00fcl\u00e9kkel t\u00f6rt\u00e9n\u0151 tiszt\u00edt\u00e1s k\u00e1rt tehet a sz\u00ednez\u00e9sben, k\u00e9rj\u00fck ker\u00fclje alkalmaz\u00e1s\u00e1t.<\/p>\n<p>Fontos!<\/p>\n<p>A vezet\u00e9kel\u00e9s \u00e9s a f\u00e9nyforr\u00e1s (izz\u00f3) nem tartoz\u00e9k!<br \/>\nJavasoljuk talajba \u00e9p\u00edthet\u0151 LED l\u00e1mpa haszn\u00e1lat\u00e1t (IP65&amp;IP67).<br \/>\nAz als\u00f3 elem alatt 5 cm m\u00e9lys\u00e9g\u0171 szerel\u0151lyuk kialak\u00edt\u00e1sa sz\u00fcks\u00e9ges.<\/p>\n<p>Maxim\u00e1lis m\u00e9retek<br \/>\n\u00c1tm\u00e9r\u0151: max. 110 mm<br \/>\nMagass\u00e1g: max. 80 mm<\/p>\n<p>A term\u00e9k \u00f6sszeszerel\u00e9se s\u00edk, stabil burkolaton t\u00f6rt\u00e9njen!<\/p>\n<p>Tulajdons\u00e1gok<br \/>\nFagy\u00e1ll\u00f3, k\u00fclt\u00e9ri kivitel<br \/>\nAlapanyag: beton<br \/>\nManufakt\u00far\u00e1lis m\u00f3dszerekkel k\u00e9sz\u00fclt<br \/>\nEgyedi formaterv<br \/>\nT\u00f6meg: 11 kg<br \/>\nM\u00e9retek: 20 \u00d7 20 \u00d7 40 cm<\/p>\n<p><a href=\"https:\/\/tajkertesz.com\/\">https:\/\/tajkertesz.com\/<\/a><\/p>\n<p><a href=\"https:\/\/www.facebook.com\/tajkertesz\/\">https:\/\/www.facebook.com\/tajkertesz\/<\/a><\/p>\n<p>&nbsp;<\/p>\n<h4><strong>K\u00e9szlet\u00fcnk napi szinten v\u00e1ltozik, ez\u00e9rt k\u00e9rj\u00fck, \u00e9rdekl\u0151dj\u00f6n szem\u00e9lyesen, telefonon vagy email-en.<\/strong><br \/>\n<strong>A v\u00e1ltoztat\u00e1s jog\u00e1t fenntartjuk!<\/strong><\/h4>\n<h4><strong>El\u00e9rhet\u0151 sz\u00ednekr\u0151l k\u00e9rem \u00e9rdekl\u0151djenek!<\/strong><\/h4>\n<h4><strong>Enn\u00e9l a term\u00e9kn\u00e9l a sz\u00e1ll\u00edt\u00e1s csak egyedi megbesz\u00e9l\u00e9s alapj\u00e1n, illetve szem\u00e9lyes \u00e1tv\u00e9tellel lehets\u00e9ges.<\/strong><\/h4>\n<\/div>\n<div><\/div>\n<h3><span style=\"color: #ffffff;\"><strong>A cement:<\/strong><\/span><\/h3>\n<p><span style=\"color: #ffffff;\">A\u00a0<b>cement<\/b> olyan hidraulikus k\u00f6t\u0151anyag, amelyben a k\u00f6t\u0151- \u00e9s adal\u00e9kanyagok v\u00edz hozz\u00e1ad\u00e1s\u00e1val k\u00e9miai reakci\u00f3ba l\u00e9pnek egym\u00e1ssal \u00e9s azokat a cement k\u00e9pes tart\u00f3san \u00f6sszeragasztani. Az \u00e9venk\u00e9nti cementgy\u00e1rt\u00e1s a vil\u00e1gon 4,2 milli\u00e1rd tonna nagys\u00e1grend\u0171re becs\u00fclhet\u0151.<sup id=\"cite_ref-1\" class=\"reference\"><\/sup><\/span><\/p>\n<p><span style=\"color: #ffffff;\">A cement elnevez\u00e9s a r\u00f3mai id\u0151kig ny\u00falik vissza, amikor is az\u00a0<i>opus caementitium<\/i> kifejez\u00e9st az olyan (a betonhoz hasonl\u00f3) falazott szerkezetekre haszn\u00e1lt\u00e1k, amelyek k\u0151z\u00fazal\u00e9kb\u00f3l \u00e9s az azt \u00f6sszetart\u00f3\u00a0 \u00e9getett m\u00e9szb\u0151l\u00a0 k\u00e9sz\u00fcltek.<\/span><\/p>\n<h4><span style=\"color: #ffffff;\">Beton:<\/span><\/h4>\n<div id=\"mw-fr-revisiontag\" class=\"flaggedrevs_short flaggedrevs_stable_synced plainlinks noprint\">\n<div class=\"flaggedrevs_short_basic\"><\/div>\n<\/div>\n<div id=\"bodyContent\" class=\"mw-body-content\">\n<div id=\"mw-content-text\" class=\"mw-content-ltr\" dir=\"ltr\" lang=\"hu\">\n<div class=\"mw-parser-output\">\n<div class=\"thumb tright\">\n<div class=\"thumbinner\">\n<div class=\"thumbcaption\">\n<div class=\"magnify\">\n<p>&nbsp;<\/p>\n<\/div>\n<\/div>\n<\/div>\n<\/div>\n<\/div>\n<\/div>\n<\/div>\n<p><span style=\"color: #ffffff;\"><b>K\u00e9szlet\u00fcnk napi szinten v\u00e1ltozik, ez\u00e9rt k\u00e9rj\u00fck, \u00e9rdekl\u0151dj\u00f6n szem\u00e9lyesen, telefonon vagy email-en.<br \/>\nA v\u00e1ltoztat\u00e1s jog\u00e1t fenntartjuk!\u00a0<\/b><\/span><\/p>\n<p><span style=\"color: #ffffff;\"><strong>El\u00e9rhet\u0151 sz\u00ednekr\u0151l k\u00e9rem \u00e9rdekl\u0151djenek!<\/strong><\/span><\/p>\n<p><span style=\"color: #ffffff;\">Enn\u00e9l a term\u00e9kn\u00e9l a sz\u00e1ll\u00edt\u00e1s csak egyedi megbesz\u00e9l\u00e9s alapj\u00e1n, illetve szem\u00e9lyes \u00e1tv\u00e9tellel lehets\u00e9ges.<\/span><\/p>","protected":false},"excerpt":{"rendered":"<p>MAROKK\u00d3 k\u00fclt\u00e9ri l\u00e1mp\u00e1s, kicsi<\/p>\n<p>Egyedi gy\u00e1rt\u00e1s\u00fa k\u00e9zm\u0171ves term\u00e9k.<br \/>\nK\u00fclt\u00e9ri, fagy\u00e1ll\u00f3, vezet\u00e9kelhet\u0151 kerti k\u0151l\u00e1mp\u00e1s<br \/>\nM\u00e9csestart\u00f3k\u00e9nt, vagy vezet\u00e9kel\u00e9s ut\u00e1n l\u00e1mpak\u00e9nt is haszn\u00e1lhat\u00f3.<br \/>\nMagyar csal\u00e1di manufakt\u00fara term\u00e9ke!<\/p>","protected":false},"featured_media":11041,"template":"","meta":{"_et_pb_use_builder":"","_et_pb_old_content":"","_et_gb_content_width":""},"product_brand":[],"product_cat":[1570],"product_tag":[1535,3118,1536,3116],"class_list":{"0":"post-4806","1":"product","2":"type-product","3":"status-publish","4":"has-post-thumbnail","6":"product_cat-kerti-lampasok","7":"product_tag-jovan","8":"product_tag-lampas","9":"product_tag-manufaktura","10":"product_tag-marokko","12":"first","13":"instock","14":"shipping-taxable","15":"purchasable","16":"product-type-simple"},"yoast_head":"<!-- This site is optimized with the Yoast SEO plugin v27.3 - https:\/\/yoast.com\/product\/yoast-seo-wordpress\/ -->\n<title>Jov\u00e1n MAROKK\u00d3 k\u00fclt\u00e9ri l\u00e1mp\u00e1s, kicsi - T\u00e1jkert\u00e9sz<\/title>\n<meta name=\"description\" content=\"MAROKK\u00d3 k\u00fclt\u00e9ri l\u00e1mp\u00e1s, kicsi Egyedi gy\u00e1rt\u00e1s\u00fa k\u00e9zm\u0171ves term\u00e9k. K\u00fclt\u00e9ri, fagy\u00e1ll\u00f3, vezet\u00e9kelhet\u0151 kerti k\u0151l\u00e1mp\u00e1s\" \/>\n<meta name=\"robots\" content=\"index, follow, max-snippet:-1, max-image-preview:large, max-video-preview:-1\" \/>\n<link rel=\"canonical\" href=\"https:\/\/tajkertesz.com\/en_US\/product\/marokko-kulteri-lampas-kicsi\/\" \/>\n<meta property=\"og:locale\" content=\"en_US\" \/>\n<meta property=\"og:type\" content=\"article\" \/>\n<meta property=\"og:title\" content=\"Jov\u00e1n MAROKK\u00d3 k\u00fclt\u00e9ri l\u00e1mp\u00e1s, kicsi - T\u00e1jkert\u00e9sz\" \/>\n<meta property=\"og:description\" content=\"MAROKK\u00d3 k\u00fclt\u00e9ri l\u00e1mp\u00e1s, kicsi Egyedi gy\u00e1rt\u00e1s\u00fa k\u00e9zm\u0171ves term\u00e9k. K\u00fclt\u00e9ri, fagy\u00e1ll\u00f3, vezet\u00e9kelhet\u0151 kerti k\u0151l\u00e1mp\u00e1s\" \/>\n<meta property=\"og:url\" content=\"https:\/\/tajkertesz.com\/en_US\/product\/marokko-kulteri-lampas-kicsi\/\" \/>\n<meta property=\"og:site_name\" content=\"T\u00e1jkert\u00e9sz\" \/>\n<meta property=\"article:publisher\" content=\"https:\/\/www.facebook.com\/Tajkertesz\/\" \/>\n<meta property=\"article:modified_time\" content=\"2024-03-26T16:33:04+00:00\" \/>\n<meta property=\"og:image\" content=\"https:\/\/tajkertesz.com\/wp-content\/uploads\/2021\/05\/marokko-3.png\" \/>\n\t<meta property=\"og:image:width\" content=\"243\" \/>\n\t<meta property=\"og:image:height\" content=\"372\" \/>\n\t<meta property=\"og:image:type\" content=\"image\/png\" \/>\n<meta name=\"twitter:card\" content=\"summary_large_image\" \/>\n<meta name=\"twitter:label1\" content=\"Est. reading time\" \/>\n\t<meta name=\"twitter:data1\" content=\"2 minutes\" \/>\n<script type=\"application\/ld+json\" class=\"yoast-schema-graph\">{\"@context\":\"https:\\\/\\\/schema.org\",\"@graph\":[{\"@type\":\"WebPage\",\"@id\":\"https:\\\/\\\/tajkertesz.com\\\/termek\\\/marokko-kulteri-lampas-kicsi\\\/\",\"url\":\"https:\\\/\\\/tajkertesz.com\\\/termek\\\/marokko-kulteri-lampas-kicsi\\\/\",\"name\":\"Jov\u00e1n MAROKK\u00d3 k\u00fclt\u00e9ri l\u00e1mp\u00e1s, kicsi - T\u00e1jkert\u00e9sz\",\"isPartOf\":{\"@id\":\"https:\\\/\\\/tajkertesz.com\\\/#website\"},\"primaryImageOfPage\":{\"@id\":\"https:\\\/\\\/tajkertesz.com\\\/termek\\\/marokko-kulteri-lampas-kicsi\\\/#primaryimage\"},\"image\":{\"@id\":\"https:\\\/\\\/tajkertesz.com\\\/termek\\\/marokko-kulteri-lampas-kicsi\\\/#primaryimage\"},\"thumbnailUrl\":\"https:\\\/\\\/tajkertesz.com\\\/wp-content\\\/uploads\\\/2021\\\/05\\\/marokko-3.png\",\"datePublished\":\"2021-05-14T08:46:24+00:00\",\"dateModified\":\"2024-03-26T16:33:04+00:00\",\"description\":\"MAROKK\u00d3 k\u00fclt\u00e9ri l\u00e1mp\u00e1s, kicsi Egyedi gy\u00e1rt\u00e1s\u00fa k\u00e9zm\u0171ves term\u00e9k. K\u00fclt\u00e9ri, fagy\u00e1ll\u00f3, vezet\u00e9kelhet\u0151 kerti k\u0151l\u00e1mp\u00e1s\",\"breadcrumb\":{\"@id\":\"https:\\\/\\\/tajkertesz.com\\\/termek\\\/marokko-kulteri-lampas-kicsi\\\/#breadcrumb\"},\"inLanguage\":\"en-US\",\"potentialAction\":[{\"@type\":\"ReadAction\",\"target\":[\"https:\\\/\\\/tajkertesz.com\\\/termek\\\/marokko-kulteri-lampas-kicsi\\\/\"]}]},{\"@type\":\"ImageObject\",\"inLanguage\":\"en-US\",\"@id\":\"https:\\\/\\\/tajkertesz.com\\\/termek\\\/marokko-kulteri-lampas-kicsi\\\/#primaryimage\",\"url\":\"https:\\\/\\\/tajkertesz.com\\\/wp-content\\\/uploads\\\/2021\\\/05\\\/marokko-3.png\",\"contentUrl\":\"https:\\\/\\\/tajkertesz.com\\\/wp-content\\\/uploads\\\/2021\\\/05\\\/marokko-3.png\",\"width\":243,\"height\":372},{\"@type\":\"BreadcrumbList\",\"@id\":\"https:\\\/\\\/tajkertesz.com\\\/termek\\\/marokko-kulteri-lampas-kicsi\\\/#breadcrumb\",\"itemListElement\":[{\"@type\":\"ListItem\",\"position\":1,\"name\":\"Home\",\"item\":\"https:\\\/\\\/tajkertesz.com\\\/\"},{\"@type\":\"ListItem\",\"position\":2,\"name\":\"Kezd\u0151lap\",\"item\":\"https:\\\/\\\/tajkertesz.com\\\/\"},{\"@type\":\"ListItem\",\"position\":3,\"name\":\"Jov\u00e1n MAROKK\u00d3 k\u00fclt\u00e9ri l\u00e1mp\u00e1s, kicsi\"}]},{\"@type\":\"WebSite\",\"@id\":\"https:\\\/\\\/tajkertesz.com\\\/#website\",\"url\":\"https:\\\/\\\/tajkertesz.com\\\/\",\"name\":\"T\u00e1j-Kert\u00e9sz 84 Kft.\",\"description\":\"Kert\u00e9szeti kis- \u00e9s nagykeresked\u00e9s, D\u00edszn\u00f6v\u00e9ny web\u00e1ruh\u00e1z orsz\u00e1gos h\u00e1zhozsz\u00e1ll\u00edt\u00e1ssal!\",\"publisher\":{\"@id\":\"https:\\\/\\\/tajkertesz.com\\\/#organization\"},\"potentialAction\":[{\"@type\":\"SearchAction\",\"target\":{\"@type\":\"EntryPoint\",\"urlTemplate\":\"https:\\\/\\\/tajkertesz.com\\\/?s={search_term_string}\"},\"query-input\":{\"@type\":\"PropertyValueSpecification\",\"valueRequired\":true,\"valueName\":\"search_term_string\"}}],\"inLanguage\":\"en-US\"},{\"@type\":\"Organization\",\"@id\":\"https:\\\/\\\/tajkertesz.com\\\/#organization\",\"name\":\"T\u00e1j-Kert\u00e9sz 84 Kft.\",\"url\":\"https:\\\/\\\/tajkertesz.com\\\/\",\"logo\":{\"@type\":\"ImageObject\",\"inLanguage\":\"en-US\",\"@id\":\"https:\\\/\\\/tajkertesz.com\\\/#\\\/schema\\\/logo\\\/image\\\/\",\"url\":\"https:\\\/\\\/tajkertesz.com\\\/wp-content\\\/uploads\\\/2018\\\/02\\\/logo-2-e1518678052539.png\",\"contentUrl\":\"https:\\\/\\\/tajkertesz.com\\\/wp-content\\\/uploads\\\/2018\\\/02\\\/logo-2-e1518678052539.png\",\"width\":81,\"height\":140,\"caption\":\"T\u00e1j-Kert\u00e9sz 84 Kft.\"},\"image\":{\"@id\":\"https:\\\/\\\/tajkertesz.com\\\/#\\\/schema\\\/logo\\\/image\\\/\"},\"sameAs\":[\"https:\\\/\\\/www.facebook.com\\\/Tajkertesz\\\/\"]}]}<\/script>\n<!-- \/ Yoast SEO plugin. -->","yoast_head_json":{"title":"Jov\u00e1n MAROKK\u00d3 k\u00fclt\u00e9ri l\u00e1mp\u00e1s, kicsi - T\u00e1jkert\u00e9sz","description":"MAROKK\u00d3 k\u00fclt\u00e9ri l\u00e1mp\u00e1s, kicsi Egyedi gy\u00e1rt\u00e1s\u00fa k\u00e9zm\u0171ves term\u00e9k. K\u00fclt\u00e9ri, fagy\u00e1ll\u00f3, vezet\u00e9kelhet\u0151 kerti k\u0151l\u00e1mp\u00e1s","robots":{"index":"index","follow":"follow","max-snippet":"max-snippet:-1","max-image-preview":"max-image-preview:large","max-video-preview":"max-video-preview:-1"},"canonical":"https:\/\/tajkertesz.com\/en_US\/product\/marokko-kulteri-lampas-kicsi\/","og_locale":"en_US","og_type":"article","og_title":"Jov\u00e1n MAROKK\u00d3 k\u00fclt\u00e9ri l\u00e1mp\u00e1s, kicsi - T\u00e1jkert\u00e9sz","og_description":"MAROKK\u00d3 k\u00fclt\u00e9ri l\u00e1mp\u00e1s, kicsi Egyedi gy\u00e1rt\u00e1s\u00fa k\u00e9zm\u0171ves term\u00e9k. K\u00fclt\u00e9ri, fagy\u00e1ll\u00f3, vezet\u00e9kelhet\u0151 kerti k\u0151l\u00e1mp\u00e1s","og_url":"https:\/\/tajkertesz.com\/en_US\/product\/marokko-kulteri-lampas-kicsi\/","og_site_name":"T\u00e1jkert\u00e9sz","article_publisher":"https:\/\/www.facebook.com\/Tajkertesz\/","article_modified_time":"2024-03-26T16:33:04+00:00","og_image":[{"width":243,"height":372,"url":"https:\/\/tajkertesz.com\/wp-content\/uploads\/2021\/05\/marokko-3.png","type":"image\/png"}],"twitter_card":"summary_large_image","twitter_misc":{"Est. reading time":"2 minutes"},"schema":{"@context":"https:\/\/schema.org","@graph":[{"@type":"WebPage","@id":"https:\/\/tajkertesz.com\/termek\/marokko-kulteri-lampas-kicsi\/","url":"https:\/\/tajkertesz.com\/termek\/marokko-kulteri-lampas-kicsi\/","name":"Jov\u00e1n MAROKK\u00d3 k\u00fclt\u00e9ri l\u00e1mp\u00e1s, kicsi - T\u00e1jkert\u00e9sz","isPartOf":{"@id":"https:\/\/tajkertesz.com\/#website"},"primaryImageOfPage":{"@id":"https:\/\/tajkertesz.com\/termek\/marokko-kulteri-lampas-kicsi\/#primaryimage"},"image":{"@id":"https:\/\/tajkertesz.com\/termek\/marokko-kulteri-lampas-kicsi\/#primaryimage"},"thumbnailUrl":"https:\/\/tajkertesz.com\/wp-content\/uploads\/2021\/05\/marokko-3.png","datePublished":"2021-05-14T08:46:24+00:00","dateModified":"2024-03-26T16:33:04+00:00","description":"MAROKK\u00d3 k\u00fclt\u00e9ri l\u00e1mp\u00e1s, kicsi Egyedi gy\u00e1rt\u00e1s\u00fa k\u00e9zm\u0171ves term\u00e9k. K\u00fclt\u00e9ri, fagy\u00e1ll\u00f3, vezet\u00e9kelhet\u0151 kerti k\u0151l\u00e1mp\u00e1s","breadcrumb":{"@id":"https:\/\/tajkertesz.com\/termek\/marokko-kulteri-lampas-kicsi\/#breadcrumb"},"inLanguage":"en-US","potentialAction":[{"@type":"ReadAction","target":["https:\/\/tajkertesz.com\/termek\/marokko-kulteri-lampas-kicsi\/"]}]},{"@type":"ImageObject","inLanguage":"en-US","@id":"https:\/\/tajkertesz.com\/termek\/marokko-kulteri-lampas-kicsi\/#primaryimage","url":"https:\/\/tajkertesz.com\/wp-content\/uploads\/2021\/05\/marokko-3.png","contentUrl":"https:\/\/tajkertesz.com\/wp-content\/uploads\/2021\/05\/marokko-3.png","width":243,"height":372},{"@type":"BreadcrumbList","@id":"https:\/\/tajkertesz.com\/termek\/marokko-kulteri-lampas-kicsi\/#breadcrumb","itemListElement":[{"@type":"ListItem","position":1,"name":"Home","item":"https:\/\/tajkertesz.com\/"},{"@type":"ListItem","position":2,"name":"Kezd\u0151lap","item":"https:\/\/tajkertesz.com\/"},{"@type":"ListItem","position":3,"name":"Jov\u00e1n MAROKK\u00d3 k\u00fclt\u00e9ri l\u00e1mp\u00e1s, kicsi"}]},{"@type":"WebSite","@id":"https:\/\/tajkertesz.com\/#website","url":"https:\/\/tajkertesz.com\/","name":"T\u00e1j-Kert\u00e9sz 84 Kft.","description":"Kert\u00e9szeti kis- \u00e9s nagykeresked\u00e9s, D\u00edszn\u00f6v\u00e9ny web\u00e1ruh\u00e1z orsz\u00e1gos h\u00e1zhozsz\u00e1ll\u00edt\u00e1ssal!","publisher":{"@id":"https:\/\/tajkertesz.com\/#organization"},"potentialAction":[{"@type":"SearchAction","target":{"@type":"EntryPoint","urlTemplate":"https:\/\/tajkertesz.com\/?s={search_term_string}"},"query-input":{"@type":"PropertyValueSpecification","valueRequired":true,"valueName":"search_term_string"}}],"inLanguage":"en-US"},{"@type":"Organization","@id":"https:\/\/tajkertesz.com\/#organization","name":"T\u00e1j-Kert\u00e9sz 84 Kft.","url":"https:\/\/tajkertesz.com\/","logo":{"@type":"ImageObject","inLanguage":"en-US","@id":"https:\/\/tajkertesz.com\/#\/schema\/logo\/image\/","url":"https:\/\/tajkertesz.com\/wp-content\/uploads\/2018\/02\/logo-2-e1518678052539.png","contentUrl":"https:\/\/tajkertesz.com\/wp-content\/uploads\/2018\/02\/logo-2-e1518678052539.png","width":81,"height":140,"caption":"T\u00e1j-Kert\u00e9sz 84 Kft."},"image":{"@id":"https:\/\/tajkertesz.com\/#\/schema\/logo\/image\/"},"sameAs":["https:\/\/www.facebook.com\/Tajkertesz\/"]}]}},"_links":{"self":[{"href":"https:\/\/tajkertesz.com\/en_US\/wp-json\/wp\/v2\/product\/4806","targetHints":{"allow":["GET"]}}],"collection":[{"href":"https:\/\/tajkertesz.com\/en_US\/wp-json\/wp\/v2\/product"}],"about":[{"href":"https:\/\/tajkertesz.com\/en_US\/wp-json\/wp\/v2\/types\/product"}],"wp:featuredmedia":[{"embeddable":true,"href":"https:\/\/tajkertesz.com\/en_US\/wp-json\/wp\/v2\/media\/11041"}],"wp:attachment":[{"href":"https:\/\/tajkertesz.com\/en_US\/wp-json\/wp\/v2\/media?parent=4806"}],"wp:term":[{"taxonomy":"product_brand","embeddable":true,"href":"https:\/\/tajkertesz.com\/en_US\/wp-json\/wp\/v2\/product_brand?post=4806"},{"taxonomy":"product_cat","embeddable":true,"href":"https:\/\/tajkertesz.com\/en_US\/wp-json\/wp\/v2\/product_cat?post=4806"},{"taxonomy":"product_tag","embeddable":true,"href":"https:\/\/tajkertesz.com\/en_US\/wp-json\/wp\/v2\/product_tag?post=4806"}],"curies":[{"name":"wp","href":"https:\/\/api.w.org\/{rel}","templated":true}]}}