{"id":4811,"date":"2021-05-14T09:00:08","date_gmt":"2021-05-14T09:00:08","guid":{"rendered":"https:\/\/tajkertesz.com\/?post_type=product&#038;p=4811"},"modified":"2025-11-29T12:06:29","modified_gmt":"2025-11-29T12:06:29","slug":"fiesta-kulteri-lampas-lezervagott-dekor-aluminium-betettel","status":"publish","type":"product","link":"https:\/\/tajkertesz.com\/en_US\/product\/fiesta-kulteri-lampas-lezervagott-dekor-aluminium-betettel\/","title":{"rendered":"Jov\u00e1n FIESTA k\u00fclt\u00e9ri l\u00e1mp\u00e1s l\u00e9zerv\u00e1gott dekor alum\u00ednium bet\u00e9ttel"},"content":{"rendered":"<div class=\"artdet__name-rating d-none d-lg-block\">\n<div class=\"row gutters-5\">\n<div class=\"col\">\n<div class=\"artdet__name-pagination-wrap d-flex\">\n<div class=\"top product-page-top\">\n<div class=\"center product-page-center\">\n<div class=\"artdet__name-pagination-wrap d-flex\">\n<h2><strong>FIESTA k\u00fclt\u00e9ri l\u00e1mp\u00e1s l\u00e9zerv\u00e1gott dekor alum\u00ednium bet\u00e9ttel<\/strong><\/h2>\n<p>Egyedi gy\u00e1rt\u00e1s\u00fa k\u00e9zm\u0171ves term\u00e9k.<br \/>\nK\u00fclt\u00e9ri, fagy\u00e1ll\u00f3, vezet\u00e9kelhet\u0151 kerti k\u0151l\u00e1mp\u00e1s, l\u00e9zerv\u00e1gott alum\u00ednium dekorlemezzel.<br \/>\nM\u00e9csestart\u00f3k\u00e9nt, vagy vezet\u00e9kel\u00e9s ut\u00e1n l\u00e1mpak\u00e9nt is haszn\u00e1lhat\u00f3.<br \/>\nMagyar csal\u00e1di manufakt\u00fara term\u00e9ke!<\/p>\n<p>A feh\u00e9rcement \u00e9s beton alapanyagoknak, illetve a speci\u00e1lis ut\u00f3lagos sz\u00ednez\u00e9si elj\u00e1r\u00e1snak k\u00f6sz\u00f6nhet\u0151en gondoz\u00e1smentes, id\u0151j\u00e1r\u00e1s- \u00e9s fagy\u00e1ll\u00f3 term\u00e9k.<br \/>\nA speci\u00e1lis sz\u00ednez\u00e9si elj\u00e1r\u00e1s miatt a k\u00e9sz term\u00e9keink sz\u00edne a val\u00f3s\u00e1gban elt\u00e9rhet a k\u00e9pen l\u00e1that\u00f3 sz\u00ednekt\u0151l.<br \/>\nMagasnyom\u00e1s\u00fa k\u00e9sz\u00fcl\u00e9kkel t\u00f6rt\u00e9n\u0151 tiszt\u00edt\u00e1s k\u00e1rt tehet a sz\u00ednez\u00e9sben, k\u00e9rj\u00fck ker\u00fclje alkalmaz\u00e1s\u00e1t.<\/p>\n<p>Fontos!<\/p>\n<p>A vezet\u00e9kel\u00e9s \u00e9s a f\u00e9nyforr\u00e1s (izz\u00f3) nem tartoz\u00e9k!<br \/>\nJavasoljuk talajba \u00e9p\u00edthet\u0151 LED l\u00e1mpa haszn\u00e1lat\u00e1t (IP65&amp;IP67).<br \/>\nAz als\u00f3 elem alatt 5 cm m\u00e9lys\u00e9g\u0171 szerel\u0151lyuk kialak\u00edt\u00e1sa sz\u00fcks\u00e9ges.<\/p>\n<p>Maxim\u00e1lis m\u00e9retek<br \/>\n\u00c1tm\u00e9r\u0151: max. 110 mm<br \/>\nMagass\u00e1g: max. 80 mm<\/p>\n<p>A term\u00e9k \u00f6sszeszerel\u00e9se s\u00edk, stabil burkolaton t\u00f6rt\u00e9njen!<\/p>\n<p>Tulajdons\u00e1gok<br \/>\nFagy\u00e1ll\u00f3, k\u00fclt\u00e9ri kivitel<br \/>\nAlapanyag: beton<br \/>\nManufakt\u00far\u00e1lis m\u00f3dszerekkel k\u00e9sz\u00fclt<br \/>\nEgyedi formaterv<br \/>\nT\u00f6meg: 51 kg<br \/>\nM\u00e9retek: 34 \u00d7 27 \u00d7 74 cm<\/p>\n<\/div>\n<\/div>\n<\/div>\n<\/div>\n<\/div>\n<\/div>\n<\/div>\n<div><a href=\"https:\/\/www.facebook.com\/tajkertesz\">https:\/\/www.facebook.com\/tajkertesz<\/a><\/div>\n<div>\n<p><a href=\"https:\/\/tajkertesz.com\/\">https:\/\/tajkertesz.com\/<\/a><\/p>\n<p><b>K\u00e9szlet\u00fcnk napi szinten v\u00e1ltozik, ez\u00e9rt k\u00e9rj\u00fck, \u00e9rdekl\u0151dj\u00f6n szem\u00e9lyesen, telefonon vagy email-en.<br \/>\nA v\u00e1ltoztat\u00e1s jog\u00e1t fenntartjuk!\u00a0<\/b><\/p>\n<p><strong>El\u00e9rhet\u0151 sz\u00ednekr\u0151l k\u00e9rem \u00e9rdekl\u0151djenek!<\/strong><\/p>\n<p>Enn\u00e9l a term\u00e9kn\u00e9l a sz\u00e1ll\u00edt\u00e1s csak egyedi megbesz\u00e9l\u00e9s alapj\u00e1n, illetve szem\u00e9lyes \u00e1tv\u00e9tellel lehets\u00e9ges.<\/p>\n<h2><span style=\"color: #ffffff;\"><strong>FIESTA k\u00fclt\u00e9ri l\u00e1mp\u00e1s l\u00e9zerv\u00e1gott dekor alum\u00ednium bet\u00e9ttel<\/strong><\/span><\/h2>\n<p><span style=\"color: #ffffff;\">Egyedi gy\u00e1rt\u00e1s\u00fa k\u00e9zm\u0171ves term\u00e9k.<\/span><br \/>\n<span style=\"color: #ffffff;\">K\u00fclt\u00e9ri, fagy\u00e1ll\u00f3, vezet\u00e9kelhet\u0151 kerti k\u0151l\u00e1mp\u00e1s, l\u00e9zerv\u00e1gott alum\u00ednium dekorlemezzel.<\/span><br \/>\n<span style=\"color: #ffffff;\">M\u00e9csestart\u00f3k\u00e9nt, vagy vezet\u00e9kel\u00e9s ut\u00e1n l\u00e1mpak\u00e9nt is haszn\u00e1lhat\u00f3.<\/span><br \/>\n<span style=\"color: #ffffff;\">Magyar csal\u00e1di manufakt\u00fara term\u00e9ke!<\/span><\/p>\n<p><span style=\"color: #ffffff;\">A feh\u00e9rcement \u00e9s beton alapanyagoknak, illetve a speci\u00e1lis ut\u00f3lagos sz\u00ednez\u00e9si elj\u00e1r\u00e1snak k\u00f6sz\u00f6nhet\u0151en gondoz\u00e1smentes, id\u0151j\u00e1r\u00e1s- \u00e9s fagy\u00e1ll\u00f3 term\u00e9k.<\/span><br \/>\n<span style=\"color: #ffffff;\">A speci\u00e1lis sz\u00ednez\u00e9si elj\u00e1r\u00e1s miatt a k\u00e9sz term\u00e9keink sz\u00edne a val\u00f3s\u00e1gban elt\u00e9rhet a k\u00e9pen l\u00e1that\u00f3 sz\u00ednekt\u0151l.<\/span><br \/>\n<span style=\"color: #ffffff;\">Magasnyom\u00e1s\u00fa k\u00e9sz\u00fcl\u00e9kkel t\u00f6rt\u00e9n\u0151 tiszt\u00edt\u00e1s k\u00e1rt tehet a sz\u00ednez\u00e9sben, k\u00e9rj\u00fck ker\u00fclje alkalmaz\u00e1s\u00e1t.<\/span><\/p>\n<p><span style=\"color: #ffffff;\">Fontos!<\/span><\/p>\n<p><span style=\"color: #ffffff;\">A vezet\u00e9kel\u00e9s \u00e9s a f\u00e9nyforr\u00e1s (izz\u00f3) nem tartoz\u00e9k!<\/span><br \/>\n<span style=\"color: #ffffff;\">Javasoljuk talajba \u00e9p\u00edthet\u0151 LED l\u00e1mpa haszn\u00e1lat\u00e1t (IP65&amp;IP67).<\/span><br \/>\n<span style=\"color: #ffffff;\">Az als\u00f3 elem alatt 5 cm m\u00e9lys\u00e9g\u0171 szerel\u0151lyuk kialak\u00edt\u00e1sa sz\u00fcks\u00e9ges.<\/span><\/p>\n<p><span style=\"color: #ffffff;\">Maxim\u00e1lis m\u00e9retek<\/span><br \/>\n<span style=\"color: #ffffff;\">\u00c1tm\u00e9r\u0151: max. 110 mm<\/span><br \/>\n<span style=\"color: #ffffff;\">Magass\u00e1g: max. 80 mm<\/span><\/p>\n<p><span style=\"color: #ffffff;\">A term\u00e9k \u00f6sszeszerel\u00e9se s\u00edk, stabil burkolaton t\u00f6rt\u00e9njen!\u00a0<\/span><\/p>\n<p><span style=\"color: #ffffff;\">Tulajdons\u00e1gok<\/span><br \/>\n<span style=\"color: #ffffff;\">Fagy\u00e1ll\u00f3, k\u00fclt\u00e9ri kivitel<\/span><br \/>\n<span style=\"color: #ffffff;\">Alapanyag: beton<\/span><br \/>\n<span style=\"color: #ffffff;\">Manufakt\u00far\u00e1lis m\u00f3dszerekkel k\u00e9sz\u00fclt<\/span><br \/>\n<span style=\"color: #ffffff;\">Egyedi formaterv<\/span><br \/>\n<span style=\"color: #ffffff;\">T\u00f6meg: 51 kg<\/span><br \/>\n<span style=\"color: #ffffff;\">M\u00e9retek: 34 \u00d7 27 \u00d7 74 cm<\/span><\/p>\n<\/div>\n<h3><\/h3>","protected":false},"excerpt":{"rendered":"<h2><strong>FIESTA k\u00fclt\u00e9ri l\u00e1mp\u00e1s l\u00e9zerv\u00e1gott dekor alum\u00ednium bet\u00e9ttel<\/strong><\/h2>\n<h2><em><strong>Egyedi gy\u00e1rt\u00e1s\u00fa k\u00e9zm\u0171ves term\u00e9k.<\/strong><\/em><br \/>\n<em><strong>K\u00fclt\u00e9ri, fagy\u00e1ll\u00f3, vezet\u00e9kelhet\u0151 kerti k\u0151l\u00e1mp\u00e1s, l\u00e9zerv\u00e1gott alum\u00ednium dekorlemezzel.<\/strong><\/em><br \/>\n<em><strong>M\u00e9csestart\u00f3k\u00e9nt, vagy vezet\u00e9kel\u00e9s ut\u00e1n l\u00e1mpak\u00e9nt is haszn\u00e1lhat\u00f3.<\/strong><\/em><br \/>\n<em><strong>Magyar csal\u00e1di manufakt\u00fara term\u00e9ke!<\/strong><\/em><\/h2>","protected":false},"featured_media":4812,"template":"","meta":{"_et_pb_use_builder":"","_et_pb_old_content":"","_et_gb_content_width":""},"product_brand":[],"product_cat":[1570],"product_tag":[3142,3143,1535,3144,3145,3146,1536],"class_list":{"0":"post-4811","1":"product","2":"type-product","3":"status-publish","4":"has-post-thumbnail","6":"product_cat-kerti-lampasok","7":"product_tag-fiesta","8":"product_tag-fieszta","9":"product_tag-jovan","10":"product_tag-kolampas","11":"product_tag-kulteri-lampas","12":"product_tag-lezervagott","13":"product_tag-manufaktura","15":"first","16":"outofstock","17":"shipping-taxable","18":"purchasable","19":"product-type-simple"},"yoast_head":"<!-- This site is optimized with the Yoast SEO plugin v27.3 - https:\/\/yoast.com\/product\/yoast-seo-wordpress\/ -->\n<title>Jov\u00e1n FIESTA k\u00fclt\u00e9ri l\u00e1mp\u00e1s l\u00e9zerv\u00e1gott dekor alum\u00ednium bet\u00e9ttel - T\u00e1jkert\u00e9sz<\/title>\n<meta name=\"description\" content=\"FIESTA k\u00fclt\u00e9ri l\u00e1mp\u00e1s l\u00e9zerv\u00e1gott dekor alum\u00ednium bet\u00e9ttel. Egyedi gy\u00e1rt\u00e1s\u00fa k\u00e9zm\u0171ves term\u00e9k. K\u00fclt\u00e9ri, fagy\u00e1ll\u00f3, vezet\u00e9kelhet\u0151 kerti k\u0151l\u00e1mp\u00e1s.\" \/>\n<meta name=\"robots\" content=\"index, follow, max-snippet:-1, max-image-preview:large, max-video-preview:-1\" \/>\n<link rel=\"canonical\" href=\"https:\/\/tajkertesz.com\/en_US\/product\/fiesta-kulteri-lampas-lezervagott-dekor-aluminium-betettel\/\" \/>\n<meta property=\"og:locale\" content=\"en_US\" \/>\n<meta property=\"og:type\" content=\"article\" \/>\n<meta property=\"og:title\" content=\"Jov\u00e1n FIESTA k\u00fclt\u00e9ri l\u00e1mp\u00e1s l\u00e9zerv\u00e1gott dekor alum\u00ednium bet\u00e9ttel - T\u00e1jkert\u00e9sz\" \/>\n<meta property=\"og:description\" content=\"FIESTA k\u00fclt\u00e9ri l\u00e1mp\u00e1s l\u00e9zerv\u00e1gott dekor alum\u00ednium bet\u00e9ttel. Egyedi gy\u00e1rt\u00e1s\u00fa k\u00e9zm\u0171ves term\u00e9k. K\u00fclt\u00e9ri, fagy\u00e1ll\u00f3, vezet\u00e9kelhet\u0151 kerti k\u0151l\u00e1mp\u00e1s.\" \/>\n<meta property=\"og:url\" content=\"https:\/\/tajkertesz.com\/en_US\/product\/fiesta-kulteri-lampas-lezervagott-dekor-aluminium-betettel\/\" \/>\n<meta property=\"og:site_name\" content=\"T\u00e1jkert\u00e9sz\" \/>\n<meta property=\"article:publisher\" content=\"https:\/\/www.facebook.com\/Tajkertesz\/\" \/>\n<meta property=\"article:modified_time\" content=\"2025-11-29T12:06:29+00:00\" \/>\n<meta property=\"og:image\" content=\"https:\/\/tajkertesz.com\/wp-content\/uploads\/2021\/05\/fiesta_c-cut_sjpeo8p1_1.png\" \/>\n\t<meta property=\"og:image:width\" content=\"382\" \/>\n\t<meta property=\"og:image:height\" content=\"543\" \/>\n\t<meta property=\"og:image:type\" content=\"image\/png\" \/>\n<meta name=\"twitter:card\" content=\"summary_large_image\" \/>\n<meta name=\"twitter:label1\" content=\"Est. reading time\" \/>\n\t<meta name=\"twitter:data1\" content=\"2 minutes\" \/>\n<script type=\"application\/ld+json\" class=\"yoast-schema-graph\">{\"@context\":\"https:\\\/\\\/schema.org\",\"@graph\":[{\"@type\":\"WebPage\",\"@id\":\"https:\\\/\\\/tajkertesz.com\\\/termek\\\/fiesta-kulteri-lampas-lezervagott-dekor-aluminium-betettel\\\/\",\"url\":\"https:\\\/\\\/tajkertesz.com\\\/termek\\\/fiesta-kulteri-lampas-lezervagott-dekor-aluminium-betettel\\\/\",\"name\":\"Jov\u00e1n FIESTA k\u00fclt\u00e9ri l\u00e1mp\u00e1s l\u00e9zerv\u00e1gott dekor alum\u00ednium bet\u00e9ttel - T\u00e1jkert\u00e9sz\",\"isPartOf\":{\"@id\":\"https:\\\/\\\/tajkertesz.com\\\/#website\"},\"primaryImageOfPage\":{\"@id\":\"https:\\\/\\\/tajkertesz.com\\\/termek\\\/fiesta-kulteri-lampas-lezervagott-dekor-aluminium-betettel\\\/#primaryimage\"},\"image\":{\"@id\":\"https:\\\/\\\/tajkertesz.com\\\/termek\\\/fiesta-kulteri-lampas-lezervagott-dekor-aluminium-betettel\\\/#primaryimage\"},\"thumbnailUrl\":\"https:\\\/\\\/tajkertesz.com\\\/wp-content\\\/uploads\\\/2021\\\/05\\\/fiesta_c-cut_sjpeo8p1_1.png\",\"datePublished\":\"2021-05-14T09:00:08+00:00\",\"dateModified\":\"2025-11-29T12:06:29+00:00\",\"description\":\"FIESTA k\u00fclt\u00e9ri l\u00e1mp\u00e1s l\u00e9zerv\u00e1gott dekor alum\u00ednium bet\u00e9ttel. Egyedi gy\u00e1rt\u00e1s\u00fa k\u00e9zm\u0171ves term\u00e9k. K\u00fclt\u00e9ri, fagy\u00e1ll\u00f3, vezet\u00e9kelhet\u0151 kerti k\u0151l\u00e1mp\u00e1s.\",\"breadcrumb\":{\"@id\":\"https:\\\/\\\/tajkertesz.com\\\/termek\\\/fiesta-kulteri-lampas-lezervagott-dekor-aluminium-betettel\\\/#breadcrumb\"},\"inLanguage\":\"en-US\",\"potentialAction\":[{\"@type\":\"ReadAction\",\"target\":[\"https:\\\/\\\/tajkertesz.com\\\/termek\\\/fiesta-kulteri-lampas-lezervagott-dekor-aluminium-betettel\\\/\"]}]},{\"@type\":\"ImageObject\",\"inLanguage\":\"en-US\",\"@id\":\"https:\\\/\\\/tajkertesz.com\\\/termek\\\/fiesta-kulteri-lampas-lezervagott-dekor-aluminium-betettel\\\/#primaryimage\",\"url\":\"https:\\\/\\\/tajkertesz.com\\\/wp-content\\\/uploads\\\/2021\\\/05\\\/fiesta_c-cut_sjpeo8p1_1.png\",\"contentUrl\":\"https:\\\/\\\/tajkertesz.com\\\/wp-content\\\/uploads\\\/2021\\\/05\\\/fiesta_c-cut_sjpeo8p1_1.png\",\"width\":382,\"height\":543},{\"@type\":\"BreadcrumbList\",\"@id\":\"https:\\\/\\\/tajkertesz.com\\\/termek\\\/fiesta-kulteri-lampas-lezervagott-dekor-aluminium-betettel\\\/#breadcrumb\",\"itemListElement\":[{\"@type\":\"ListItem\",\"position\":1,\"name\":\"Home\",\"item\":\"https:\\\/\\\/tajkertesz.com\\\/\"},{\"@type\":\"ListItem\",\"position\":2,\"name\":\"Kezd\u0151lap\",\"item\":\"https:\\\/\\\/tajkertesz.com\\\/\"},{\"@type\":\"ListItem\",\"position\":3,\"name\":\"Jov\u00e1n FIESTA k\u00fclt\u00e9ri l\u00e1mp\u00e1s l\u00e9zerv\u00e1gott dekor alum\u00ednium bet\u00e9ttel\"}]},{\"@type\":\"WebSite\",\"@id\":\"https:\\\/\\\/tajkertesz.com\\\/#website\",\"url\":\"https:\\\/\\\/tajkertesz.com\\\/\",\"name\":\"T\u00e1j-Kert\u00e9sz 84 Kft.\",\"description\":\"Kert\u00e9szeti kis- \u00e9s nagykeresked\u00e9s, D\u00edszn\u00f6v\u00e9ny web\u00e1ruh\u00e1z orsz\u00e1gos h\u00e1zhozsz\u00e1ll\u00edt\u00e1ssal!\",\"publisher\":{\"@id\":\"https:\\\/\\\/tajkertesz.com\\\/#organization\"},\"potentialAction\":[{\"@type\":\"SearchAction\",\"target\":{\"@type\":\"EntryPoint\",\"urlTemplate\":\"https:\\\/\\\/tajkertesz.com\\\/?s={search_term_string}\"},\"query-input\":{\"@type\":\"PropertyValueSpecification\",\"valueRequired\":true,\"valueName\":\"search_term_string\"}}],\"inLanguage\":\"en-US\"},{\"@type\":\"Organization\",\"@id\":\"https:\\\/\\\/tajkertesz.com\\\/#organization\",\"name\":\"T\u00e1j-Kert\u00e9sz 84 Kft.\",\"url\":\"https:\\\/\\\/tajkertesz.com\\\/\",\"logo\":{\"@type\":\"ImageObject\",\"inLanguage\":\"en-US\",\"@id\":\"https:\\\/\\\/tajkertesz.com\\\/#\\\/schema\\\/logo\\\/image\\\/\",\"url\":\"https:\\\/\\\/tajkertesz.com\\\/wp-content\\\/uploads\\\/2018\\\/02\\\/logo-2-e1518678052539.png\",\"contentUrl\":\"https:\\\/\\\/tajkertesz.com\\\/wp-content\\\/uploads\\\/2018\\\/02\\\/logo-2-e1518678052539.png\",\"width\":81,\"height\":140,\"caption\":\"T\u00e1j-Kert\u00e9sz 84 Kft.\"},\"image\":{\"@id\":\"https:\\\/\\\/tajkertesz.com\\\/#\\\/schema\\\/logo\\\/image\\\/\"},\"sameAs\":[\"https:\\\/\\\/www.facebook.com\\\/Tajkertesz\\\/\"]}]}<\/script>\n<!-- \/ Yoast SEO plugin. -->","yoast_head_json":{"title":"Jov\u00e1n FIESTA k\u00fclt\u00e9ri l\u00e1mp\u00e1s l\u00e9zerv\u00e1gott dekor alum\u00ednium bet\u00e9ttel - T\u00e1jkert\u00e9sz","description":"FIESTA k\u00fclt\u00e9ri l\u00e1mp\u00e1s l\u00e9zerv\u00e1gott dekor alum\u00ednium bet\u00e9ttel. Egyedi gy\u00e1rt\u00e1s\u00fa k\u00e9zm\u0171ves term\u00e9k. K\u00fclt\u00e9ri, fagy\u00e1ll\u00f3, vezet\u00e9kelhet\u0151 kerti k\u0151l\u00e1mp\u00e1s.","robots":{"index":"index","follow":"follow","max-snippet":"max-snippet:-1","max-image-preview":"max-image-preview:large","max-video-preview":"max-video-preview:-1"},"canonical":"https:\/\/tajkertesz.com\/en_US\/product\/fiesta-kulteri-lampas-lezervagott-dekor-aluminium-betettel\/","og_locale":"en_US","og_type":"article","og_title":"Jov\u00e1n FIESTA k\u00fclt\u00e9ri l\u00e1mp\u00e1s l\u00e9zerv\u00e1gott dekor alum\u00ednium bet\u00e9ttel - T\u00e1jkert\u00e9sz","og_description":"FIESTA k\u00fclt\u00e9ri l\u00e1mp\u00e1s l\u00e9zerv\u00e1gott dekor alum\u00ednium bet\u00e9ttel. Egyedi gy\u00e1rt\u00e1s\u00fa k\u00e9zm\u0171ves term\u00e9k. K\u00fclt\u00e9ri, fagy\u00e1ll\u00f3, vezet\u00e9kelhet\u0151 kerti k\u0151l\u00e1mp\u00e1s.","og_url":"https:\/\/tajkertesz.com\/en_US\/product\/fiesta-kulteri-lampas-lezervagott-dekor-aluminium-betettel\/","og_site_name":"T\u00e1jkert\u00e9sz","article_publisher":"https:\/\/www.facebook.com\/Tajkertesz\/","article_modified_time":"2025-11-29T12:06:29+00:00","og_image":[{"width":382,"height":543,"url":"https:\/\/tajkertesz.com\/wp-content\/uploads\/2021\/05\/fiesta_c-cut_sjpeo8p1_1.png","type":"image\/png"}],"twitter_card":"summary_large_image","twitter_misc":{"Est. reading time":"2 minutes"},"schema":{"@context":"https:\/\/schema.org","@graph":[{"@type":"WebPage","@id":"https:\/\/tajkertesz.com\/termek\/fiesta-kulteri-lampas-lezervagott-dekor-aluminium-betettel\/","url":"https:\/\/tajkertesz.com\/termek\/fiesta-kulteri-lampas-lezervagott-dekor-aluminium-betettel\/","name":"Jov\u00e1n FIESTA k\u00fclt\u00e9ri l\u00e1mp\u00e1s l\u00e9zerv\u00e1gott dekor alum\u00ednium bet\u00e9ttel - T\u00e1jkert\u00e9sz","isPartOf":{"@id":"https:\/\/tajkertesz.com\/#website"},"primaryImageOfPage":{"@id":"https:\/\/tajkertesz.com\/termek\/fiesta-kulteri-lampas-lezervagott-dekor-aluminium-betettel\/#primaryimage"},"image":{"@id":"https:\/\/tajkertesz.com\/termek\/fiesta-kulteri-lampas-lezervagott-dekor-aluminium-betettel\/#primaryimage"},"thumbnailUrl":"https:\/\/tajkertesz.com\/wp-content\/uploads\/2021\/05\/fiesta_c-cut_sjpeo8p1_1.png","datePublished":"2021-05-14T09:00:08+00:00","dateModified":"2025-11-29T12:06:29+00:00","description":"FIESTA k\u00fclt\u00e9ri l\u00e1mp\u00e1s l\u00e9zerv\u00e1gott dekor alum\u00ednium bet\u00e9ttel. Egyedi gy\u00e1rt\u00e1s\u00fa k\u00e9zm\u0171ves term\u00e9k. K\u00fclt\u00e9ri, fagy\u00e1ll\u00f3, vezet\u00e9kelhet\u0151 kerti k\u0151l\u00e1mp\u00e1s.","breadcrumb":{"@id":"https:\/\/tajkertesz.com\/termek\/fiesta-kulteri-lampas-lezervagott-dekor-aluminium-betettel\/#breadcrumb"},"inLanguage":"en-US","potentialAction":[{"@type":"ReadAction","target":["https:\/\/tajkertesz.com\/termek\/fiesta-kulteri-lampas-lezervagott-dekor-aluminium-betettel\/"]}]},{"@type":"ImageObject","inLanguage":"en-US","@id":"https:\/\/tajkertesz.com\/termek\/fiesta-kulteri-lampas-lezervagott-dekor-aluminium-betettel\/#primaryimage","url":"https:\/\/tajkertesz.com\/wp-content\/uploads\/2021\/05\/fiesta_c-cut_sjpeo8p1_1.png","contentUrl":"https:\/\/tajkertesz.com\/wp-content\/uploads\/2021\/05\/fiesta_c-cut_sjpeo8p1_1.png","width":382,"height":543},{"@type":"BreadcrumbList","@id":"https:\/\/tajkertesz.com\/termek\/fiesta-kulteri-lampas-lezervagott-dekor-aluminium-betettel\/#breadcrumb","itemListElement":[{"@type":"ListItem","position":1,"name":"Home","item":"https:\/\/tajkertesz.com\/"},{"@type":"ListItem","position":2,"name":"Kezd\u0151lap","item":"https:\/\/tajkertesz.com\/"},{"@type":"ListItem","position":3,"name":"Jov\u00e1n FIESTA k\u00fclt\u00e9ri l\u00e1mp\u00e1s l\u00e9zerv\u00e1gott dekor alum\u00ednium bet\u00e9ttel"}]},{"@type":"WebSite","@id":"https:\/\/tajkertesz.com\/#website","url":"https:\/\/tajkertesz.com\/","name":"T\u00e1j-Kert\u00e9sz 84 Kft.","description":"Kert\u00e9szeti kis- \u00e9s nagykeresked\u00e9s, D\u00edszn\u00f6v\u00e9ny web\u00e1ruh\u00e1z orsz\u00e1gos h\u00e1zhozsz\u00e1ll\u00edt\u00e1ssal!","publisher":{"@id":"https:\/\/tajkertesz.com\/#organization"},"potentialAction":[{"@type":"SearchAction","target":{"@type":"EntryPoint","urlTemplate":"https:\/\/tajkertesz.com\/?s={search_term_string}"},"query-input":{"@type":"PropertyValueSpecification","valueRequired":true,"valueName":"search_term_string"}}],"inLanguage":"en-US"},{"@type":"Organization","@id":"https:\/\/tajkertesz.com\/#organization","name":"T\u00e1j-Kert\u00e9sz 84 Kft.","url":"https:\/\/tajkertesz.com\/","logo":{"@type":"ImageObject","inLanguage":"en-US","@id":"https:\/\/tajkertesz.com\/#\/schema\/logo\/image\/","url":"https:\/\/tajkertesz.com\/wp-content\/uploads\/2018\/02\/logo-2-e1518678052539.png","contentUrl":"https:\/\/tajkertesz.com\/wp-content\/uploads\/2018\/02\/logo-2-e1518678052539.png","width":81,"height":140,"caption":"T\u00e1j-Kert\u00e9sz 84 Kft."},"image":{"@id":"https:\/\/tajkertesz.com\/#\/schema\/logo\/image\/"},"sameAs":["https:\/\/www.facebook.com\/Tajkertesz\/"]}]}},"_links":{"self":[{"href":"https:\/\/tajkertesz.com\/en_US\/wp-json\/wp\/v2\/product\/4811","targetHints":{"allow":["GET"]}}],"collection":[{"href":"https:\/\/tajkertesz.com\/en_US\/wp-json\/wp\/v2\/product"}],"about":[{"href":"https:\/\/tajkertesz.com\/en_US\/wp-json\/wp\/v2\/types\/product"}],"wp:featuredmedia":[{"embeddable":true,"href":"https:\/\/tajkertesz.com\/en_US\/wp-json\/wp\/v2\/media\/4812"}],"wp:attachment":[{"href":"https:\/\/tajkertesz.com\/en_US\/wp-json\/wp\/v2\/media?parent=4811"}],"wp:term":[{"taxonomy":"product_brand","embeddable":true,"href":"https:\/\/tajkertesz.com\/en_US\/wp-json\/wp\/v2\/product_brand?post=4811"},{"taxonomy":"product_cat","embeddable":true,"href":"https:\/\/tajkertesz.com\/en_US\/wp-json\/wp\/v2\/product_cat?post=4811"},{"taxonomy":"product_tag","embeddable":true,"href":"https:\/\/tajkertesz.com\/en_US\/wp-json\/wp\/v2\/product_tag?post=4811"}],"curies":[{"name":"wp","href":"https:\/\/api.w.org\/{rel}","templated":true}]}}