{"id":4823,"date":"2021-05-14T09:36:16","date_gmt":"2021-05-14T09:36:16","guid":{"rendered":"https:\/\/tajkertesz.com\/?post_type=product&#038;p=4823"},"modified":"2024-03-26T16:37:08","modified_gmt":"2024-03-26T16:37:08","slug":"budapest-101-kulteri-viraglada","status":"publish","type":"product","link":"https:\/\/tajkertesz.com\/en_US\/product\/budapest-101-kulteri-viraglada\/","title":{"rendered":"Jov\u00e1n BUDAPEST 101 k\u00fclt\u00e9ri vir\u00e1gl\u00e1da"},"content":{"rendered":"<div class=\"artdet__name-rating d-none d-lg-block\">\n<div class=\"row gutters-5\">\n<div class=\"col\">\n<div class=\"artdet__name-pagination-wrap d-flex\">\n<div class=\"top product-page-top\">\n<div class=\"center product-page-center\">\n<div class=\"artdet__name-pagination-wrap d-flex\">\n<div class=\"summary entry-summary\">\n<div id=\"jupiterxWooAccordion\" class=\"woocommerce-tabs accordion\">\n<div class=\"card\">\n<div id=\"collapsedescription\" class=\"collapse show\" aria-labelledby=\"headingdescription\" data-parent=\"#jupiterxWooAccordion\">\n<div class=\"elementor-element elementor-element-a3d7314 elementor-widget elementor-widget-jet-single-content\" data-id=\"a3d7314\" data-element_type=\"widget\" data-widget_type=\"jet-single-content.default\">\n<div class=\"elementor-widget-container\">\n<div class=\"elementor-jet-single-content jet-woo-builder\">\n<div class=\"jet-single-content\">\n<div class=\"elementor elementor-13037\" data-elementor-type=\"wp-post\" data-elementor-id=\"13037\" data-elementor-settings=\"[]\">\n<div class=\"elementor-section-wrap\">\n<section class=\"elementor-section elementor-top-section elementor-element elementor-element-eaff891 elementor-section-boxed elementor-section-height-default elementor-section-height-default\" data-id=\"eaff891\" data-element_type=\"section\">\n<div class=\"elementor-container elementor-column-gap-no\">\n<div class=\"elementor-column elementor-col-100 elementor-top-column elementor-element elementor-element-746aa27\" data-id=\"746aa27\" data-element_type=\"column\">\n<div class=\"elementor-widget-wrap elementor-element-populated\">\n<section class=\"elementor-section elementor-inner-section elementor-element elementor-element-b844f42 elementor-section-boxed elementor-section-height-default elementor-section-height-default\" data-id=\"b844f42\" data-element_type=\"section\">\n<div class=\"elementor-container elementor-column-gap-no\">\n<div class=\"elementor-column elementor-col-100 elementor-inner-column elementor-element elementor-element-1047819\" data-id=\"1047819\" data-element_type=\"column\">\n<div class=\"elementor-widget-wrap elementor-element-populated\">\n<div class=\"elementor-element elementor-element-656c875 elementor-widget__width-initial elementor-icon-list--layout-traditional elementor-list-item-link-full_width elementor-widget elementor-widget-icon-list\" data-id=\"656c875\" data-element_type=\"widget\" data-widget_type=\"icon-list.default\">\n<div class=\"elementor-widget-container\"><\/div>\n<\/div>\n<\/div>\n<\/div>\n<\/div>\n<\/section>\n<\/div>\n<\/div>\n<\/div>\n<\/section>\n<\/div>\n<\/div>\n<\/div>\n<\/div>\n<\/div>\n<\/div>\n<\/div>\n<\/div>\n<\/div>\n<\/div>\n<\/div>\n<\/div>\n<\/div>\n<\/div>\n<\/div>\n<\/div>\n<\/div>\n<div><\/div>\n<p>BUDAPEST 101 k\u00fclt\u00e9ri vir\u00e1gl\u00e1da<\/p>\n<p>Egyedi gy\u00e1rt\u00e1s\u00fa k\u00e9zm\u0171ves term\u00e9k.<\/p>\n<p>Magyar csal\u00e1di manufakt\u00fara term\u00e9ke!<\/p>\n<p>K\u00fclt\u00e9ri, fagy\u00e1ll\u00f3, k\u00f6zvetlen\u00fcl is \u00fcltethet\u0151!<\/p>\n<p>A feh\u00e9rcement \u00e9s beton alapanyagoknak, illetve a speci\u00e1lis ut\u00f3lagos sz\u00ednez\u00e9si elj\u00e1r\u00e1snak k\u00f6sz\u00f6nhet\u0151en vir\u00e1gtart\u00f3ink, balkonl\u00e1d\u00e1ink gondoz\u00e1smentes, id\u0151j\u00e1r\u00e1s- \u00e9s fagy\u00e1ll\u00f3 term\u00e9kek.<\/p>\n<p>A fagy\u00e1ll\u00f3s\u00e1g biztos\u00edt\u00e1s\u00e1ra a kasp\u00f3 alj\u00e1ba kavics\u00e1gy elhelyez\u00e9se, majd ezt k\u00f6vet\u0151en egy r\u00e9teg geotext\u00edlia alkalmaz\u00e1sa javasolt.<\/p>\n<p>A speci\u00e1lis sz\u00ednez\u00e9si elj\u00e1r\u00e1s miatt a k\u00e9sz term\u00e9keink sz\u00edne a val\u00f3s\u00e1gban elt\u00e9rhet a k\u00e9pen l\u00e1that\u00f3 sz\u00ednekt\u0151l. Magasnyom\u00e1s\u00fa k\u00e9sz\u00fcl\u00e9kkel t\u00f6rt\u00e9n\u0151 tiszt\u00edt\u00e1s k\u00e1rt tehet a sz\u00ednez\u00e9sben, k\u00e9rj\u00fck ker\u00fclje alkalmaz\u00e1s\u00e1t.<\/p>\n<p>&nbsp;<\/p>\n<p>Tulajdons\u00e1gok<br \/>\nFagy\u00e1ll\u00f3, k\u00fclt\u00e9ri kivitel<br \/>\nAlapanyag: beton<br \/>\nManufakt\u00far\u00e1lis m\u00f3dszerekkel k\u00e9sz\u00fclt<br \/>\nEgyedi formaterv<br \/>\nT\u00f6meg: 120 kg<br \/>\nM\u00e9retek: 101 \u00d7 45 \u00d7 42 cm<\/p>\n<p>&nbsp;<\/p>\n<p><a href=\"https:\/\/tajkertesz.com\/\">https:\/\/tajkertesz.com\/<\/a><br \/>\n<a href=\"https:\/\/www.facebook.com\/tajkertesz\">https:\/\/www.facebook.com\/tajkertesz<\/a><\/p>\n<h3><strong>K\u00e9szlet\u00fcnk napi szinten v\u00e1ltozik, ez\u00e9rt k\u00e9rj\u00fck, \u00e9rdekl\u0151dj\u00f6n szem\u00e9lyesen, telefonon vagy email-en.<\/strong><br \/>\n<strong>A v\u00e1ltoztat\u00e1s jog\u00e1t fenntartjuk!\u00a0<\/strong><\/h3>\n<h3><strong>El\u00e9rhet\u0151 sz\u00ednekr\u0151l k\u00e9rem \u00e9rdekl\u0151djenek!<\/strong><\/h3>\n<h3><strong>Enn\u00e9l a term\u00e9kn\u00e9l a sz\u00e1ll\u00edt\u00e1s csak egyedi megbesz\u00e9l\u00e9s alapj\u00e1n, illetve szem\u00e9lyes \u00e1tv\u00e9tellel lehets\u00e9ges<\/strong>.<\/h3>\n<p>&nbsp;<\/p>\n<p><span style=\"color: #ffffff;\"><strong>Term\u00e9kinform\u00e1ci\u00f3<\/strong><\/span><br \/>\n<span style=\"color: #ffffff;\"><strong>A feh\u00e9rcement \u00e9s beton alapanyagoknak, illetve a speci\u00e1lis ut\u00f3lagos sz\u00ednez\u00e9si elj\u00e1r\u00e1snak k\u00f6sz\u00f6nhet\u0151en vir\u00e1gtart\u00f3ink, balkonl\u00e1d\u00e1ink gondoz\u00e1smentes, id\u0151j\u00e1r\u00e1s- \u00e9s fagy\u00e1ll\u00f3 term\u00e9kek.<\/strong><\/span><\/p>\n<p><span style=\"color: #ffffff;\"><strong>A fagy\u00e1ll\u00f3s\u00e1g biztos\u00edt\u00e1s\u00e1ra a kasp\u00f3 alj\u00e1ba kavics\u00e1gy elhelyez\u00e9se, majd ezt k\u00f6vet\u0151en egy r\u00e9teg geotext\u00edlia alkalmaz\u00e1sa javasolt.<\/strong><\/span><\/p>\n<p><span style=\"color: #ffffff;\"><strong>A speci\u00e1lis sz\u00ednez\u00e9si elj\u00e1r\u00e1s miatt a k\u00e9sz term\u00e9keink sz\u00edne a val\u00f3s\u00e1gban elt\u00e9rhet a k\u00e9pen l\u00e1that\u00f3 sz\u00ednekt\u0151l. Magasnyom\u00e1s\u00fa k\u00e9sz\u00fcl\u00e9kkel t\u00f6rt\u00e9n\u0151 tiszt\u00edt\u00e1s k\u00e1rt tehet a sz\u00ednez\u00e9sben, k\u00e9rj\u00fck ker\u00fclje alkalmaz\u00e1s\u00e1t.<\/strong><\/span><\/p>\n<p><span style=\"color: #ffffff;\"><strong>Tulajdons\u00e1gok<\/strong><\/span><br \/>\n<span style=\"color: #ffffff;\"><strong>Fagy\u00e1ll\u00f3, k\u00fclt\u00e9ri kivitel<\/strong><\/span><br \/>\n<span style=\"color: #ffffff;\"><strong>Alapanyag: beton<\/strong><\/span><br \/>\n<span style=\"color: #ffffff;\"><strong>Manufakt\u00far\u00e1lis m\u00f3dszerekkel k\u00e9sz\u00fclt<\/strong><\/span><br \/>\n<span style=\"color: #ffffff;\"><strong>Egyedi formaterv<\/strong><\/span><\/p>\n<p><span style=\"color: #ffffff;\"><strong>Term\u00e9kinform\u00e1ci\u00f3<\/strong><\/span><br \/>\n<span style=\"color: #ffffff;\"><strong>A feh\u00e9rcement \u00e9s beton alapanyagoknak, illetve a speci\u00e1lis ut\u00f3lagos sz\u00ednez\u00e9si elj\u00e1r\u00e1snak k\u00f6sz\u00f6nhet\u0151en vir\u00e1gtart\u00f3ink, balkonl\u00e1d\u00e1ink gondoz\u00e1smentes, id\u0151j\u00e1r\u00e1s- \u00e9s fagy\u00e1ll\u00f3 term\u00e9kek.<\/strong><\/span><\/p>\n<p><span style=\"color: #ffffff;\"><strong>A fagy\u00e1ll\u00f3s\u00e1g biztos\u00edt\u00e1s\u00e1ra a kasp\u00f3 alj\u00e1ba kavics\u00e1gy elhelyez\u00e9se, majd ezt k\u00f6vet\u0151en egy r\u00e9teg geotext\u00edlia alkalmaz\u00e1sa javasolt.<\/strong><\/span><\/p>\n<p><span style=\"color: #ffffff;\"><strong>A speci\u00e1lis sz\u00ednez\u00e9si elj\u00e1r\u00e1s miatt a k\u00e9sz term\u00e9keink sz\u00edne a val\u00f3s\u00e1gban elt\u00e9rhet a k\u00e9pen l\u00e1that\u00f3 sz\u00ednekt\u0151l. Magasnyom\u00e1s\u00fa k\u00e9sz\u00fcl\u00e9kkel t\u00f6rt\u00e9n\u0151 tiszt\u00edt\u00e1s k\u00e1rt tehet a sz\u00ednez\u00e9sben, k\u00e9rj\u00fck ker\u00fclje alkalmaz\u00e1s\u00e1t.<\/strong><\/span><\/p>\n<p><span style=\"color: #ffffff;\"><strong>Tulajdons\u00e1gok<\/strong><\/span><br \/>\n<span style=\"color: #ffffff;\"><strong>Fagy\u00e1ll\u00f3, k\u00fclt\u00e9ri kivitel<\/strong><\/span><br \/>\n<span style=\"color: #ffffff;\"><strong>Alapanyag: beton<\/strong><\/span><br \/>\n<span style=\"color: #ffffff;\"><strong>Manufakt\u00far\u00e1lis m\u00f3dszerekkel k\u00e9sz\u00fclt<\/strong><\/span><br \/>\n<span style=\"color: #ffffff;\"><strong>Egyedi formaterv<\/strong><\/span><\/p>\n<p>&nbsp;<\/p>","protected":false},"excerpt":{"rendered":"<p>&nbsp;<\/p>\n<p>&nbsp;<\/p>\n<p>&nbsp;<\/p>\n<p>BUDAPEST 101 k\u00fclt\u00e9ri vir\u00e1gl\u00e1da<\/p>\n<p>Egyedi gy\u00e1rt\u00e1s\u00fa k\u00e9zm\u0171ves term\u00e9k.<\/p>\n<p>Magyar csal\u00e1di manufakt\u00fara term\u00e9ke!<\/p>\n<p>K\u00fclt\u00e9ri, fagy\u00e1ll\u00f3, k\u00f6zvetlen\u00fcl is \u00fcltethet\u0151!<\/p>","protected":false},"featured_media":4825,"template":"","meta":{"_et_pb_use_builder":"","_et_pb_old_content":"","_et_gb_content_width":""},"product_brand":[],"product_cat":[1572],"product_tag":[1535,1536],"class_list":{"0":"post-4823","1":"product","2":"type-product","3":"status-publish","4":"has-post-thumbnail","6":"product_cat-novenytartok-kaspok","7":"product_tag-jovan","8":"product_tag-manufaktura","10":"first","11":"instock","12":"shipping-taxable","13":"purchasable","14":"product-type-simple"},"yoast_head":"<!-- This site is optimized with the Yoast SEO plugin v27.3 - https:\/\/yoast.com\/product\/yoast-seo-wordpress\/ -->\n<title>Jov\u00e1n BUDAPEST 101 k\u00fclt\u00e9ri vir\u00e1gl\u00e1da - T\u00e1jkert\u00e9sz<\/title>\n<meta name=\"description\" content=\"BUDAPEST 101 k\u00fclt\u00e9ri vir\u00e1gl\u00e1da. Egyedi gy\u00e1rt\u00e1s\u00fa k\u00e9zm\u0171ves term\u00e9k. Magyar csal\u00e1di manufakt\u00fara term\u00e9ke! K\u00fclt\u00e9ri \u00e9s fagy\u00e1ll\u00f3.\" \/>\n<meta name=\"robots\" content=\"index, follow, max-snippet:-1, max-image-preview:large, max-video-preview:-1\" \/>\n<link rel=\"canonical\" href=\"https:\/\/tajkertesz.com\/en_US\/product\/budapest-101-kulteri-viraglada\/\" \/>\n<meta property=\"og:locale\" content=\"en_US\" \/>\n<meta property=\"og:type\" content=\"article\" \/>\n<meta property=\"og:title\" content=\"Jov\u00e1n BUDAPEST 101 k\u00fclt\u00e9ri vir\u00e1gl\u00e1da - T\u00e1jkert\u00e9sz\" \/>\n<meta property=\"og:description\" content=\"BUDAPEST 101 k\u00fclt\u00e9ri vir\u00e1gl\u00e1da. Egyedi gy\u00e1rt\u00e1s\u00fa k\u00e9zm\u0171ves term\u00e9k. Magyar csal\u00e1di manufakt\u00fara term\u00e9ke! K\u00fclt\u00e9ri \u00e9s fagy\u00e1ll\u00f3.\" \/>\n<meta property=\"og:url\" content=\"https:\/\/tajkertesz.com\/en_US\/product\/budapest-101-kulteri-viraglada\/\" \/>\n<meta property=\"og:site_name\" content=\"T\u00e1jkert\u00e9sz\" \/>\n<meta property=\"article:publisher\" content=\"https:\/\/www.facebook.com\/Tajkertesz\/\" \/>\n<meta property=\"article:modified_time\" content=\"2024-03-26T16:37:08+00:00\" \/>\n<meta property=\"og:image\" content=\"https:\/\/tajkertesz.com\/wp-content\/uploads\/2021\/05\/budapest_101_c.jpg\" \/>\n\t<meta property=\"og:image:width\" content=\"512\" \/>\n\t<meta property=\"og:image:height\" content=\"644\" \/>\n\t<meta property=\"og:image:type\" content=\"image\/jpeg\" \/>\n<meta name=\"twitter:card\" content=\"summary_large_image\" \/>\n<meta name=\"twitter:label1\" content=\"Est. reading time\" \/>\n\t<meta name=\"twitter:data1\" content=\"2 minutes\" \/>\n<script type=\"application\/ld+json\" class=\"yoast-schema-graph\">{\"@context\":\"https:\\\/\\\/schema.org\",\"@graph\":[{\"@type\":\"WebPage\",\"@id\":\"https:\\\/\\\/tajkertesz.com\\\/termek\\\/budapest-101-kulteri-viraglada\\\/\",\"url\":\"https:\\\/\\\/tajkertesz.com\\\/termek\\\/budapest-101-kulteri-viraglada\\\/\",\"name\":\"Jov\u00e1n BUDAPEST 101 k\u00fclt\u00e9ri vir\u00e1gl\u00e1da - T\u00e1jkert\u00e9sz\",\"isPartOf\":{\"@id\":\"https:\\\/\\\/tajkertesz.com\\\/#website\"},\"primaryImageOfPage\":{\"@id\":\"https:\\\/\\\/tajkertesz.com\\\/termek\\\/budapest-101-kulteri-viraglada\\\/#primaryimage\"},\"image\":{\"@id\":\"https:\\\/\\\/tajkertesz.com\\\/termek\\\/budapest-101-kulteri-viraglada\\\/#primaryimage\"},\"thumbnailUrl\":\"https:\\\/\\\/tajkertesz.com\\\/wp-content\\\/uploads\\\/2021\\\/05\\\/budapest_101_c.jpg\",\"datePublished\":\"2021-05-14T09:36:16+00:00\",\"dateModified\":\"2024-03-26T16:37:08+00:00\",\"description\":\"BUDAPEST 101 k\u00fclt\u00e9ri vir\u00e1gl\u00e1da. Egyedi gy\u00e1rt\u00e1s\u00fa k\u00e9zm\u0171ves term\u00e9k. Magyar csal\u00e1di manufakt\u00fara term\u00e9ke! K\u00fclt\u00e9ri \u00e9s fagy\u00e1ll\u00f3.\",\"breadcrumb\":{\"@id\":\"https:\\\/\\\/tajkertesz.com\\\/termek\\\/budapest-101-kulteri-viraglada\\\/#breadcrumb\"},\"inLanguage\":\"en-US\",\"potentialAction\":[{\"@type\":\"ReadAction\",\"target\":[\"https:\\\/\\\/tajkertesz.com\\\/termek\\\/budapest-101-kulteri-viraglada\\\/\"]}]},{\"@type\":\"ImageObject\",\"inLanguage\":\"en-US\",\"@id\":\"https:\\\/\\\/tajkertesz.com\\\/termek\\\/budapest-101-kulteri-viraglada\\\/#primaryimage\",\"url\":\"https:\\\/\\\/tajkertesz.com\\\/wp-content\\\/uploads\\\/2021\\\/05\\\/budapest_101_c.jpg\",\"contentUrl\":\"https:\\\/\\\/tajkertesz.com\\\/wp-content\\\/uploads\\\/2021\\\/05\\\/budapest_101_c.jpg\",\"width\":512,\"height\":644},{\"@type\":\"BreadcrumbList\",\"@id\":\"https:\\\/\\\/tajkertesz.com\\\/termek\\\/budapest-101-kulteri-viraglada\\\/#breadcrumb\",\"itemListElement\":[{\"@type\":\"ListItem\",\"position\":1,\"name\":\"Home\",\"item\":\"https:\\\/\\\/tajkertesz.com\\\/\"},{\"@type\":\"ListItem\",\"position\":2,\"name\":\"Kezd\u0151lap\",\"item\":\"https:\\\/\\\/tajkertesz.com\\\/\"},{\"@type\":\"ListItem\",\"position\":3,\"name\":\"Jov\u00e1n BUDAPEST 101 k\u00fclt\u00e9ri vir\u00e1gl\u00e1da\"}]},{\"@type\":\"WebSite\",\"@id\":\"https:\\\/\\\/tajkertesz.com\\\/#website\",\"url\":\"https:\\\/\\\/tajkertesz.com\\\/\",\"name\":\"T\u00e1j-Kert\u00e9sz 84 Kft.\",\"description\":\"Kert\u00e9szeti kis- \u00e9s nagykeresked\u00e9s, D\u00edszn\u00f6v\u00e9ny web\u00e1ruh\u00e1z orsz\u00e1gos h\u00e1zhozsz\u00e1ll\u00edt\u00e1ssal!\",\"publisher\":{\"@id\":\"https:\\\/\\\/tajkertesz.com\\\/#organization\"},\"potentialAction\":[{\"@type\":\"SearchAction\",\"target\":{\"@type\":\"EntryPoint\",\"urlTemplate\":\"https:\\\/\\\/tajkertesz.com\\\/?s={search_term_string}\"},\"query-input\":{\"@type\":\"PropertyValueSpecification\",\"valueRequired\":true,\"valueName\":\"search_term_string\"}}],\"inLanguage\":\"en-US\"},{\"@type\":\"Organization\",\"@id\":\"https:\\\/\\\/tajkertesz.com\\\/#organization\",\"name\":\"T\u00e1j-Kert\u00e9sz 84 Kft.\",\"url\":\"https:\\\/\\\/tajkertesz.com\\\/\",\"logo\":{\"@type\":\"ImageObject\",\"inLanguage\":\"en-US\",\"@id\":\"https:\\\/\\\/tajkertesz.com\\\/#\\\/schema\\\/logo\\\/image\\\/\",\"url\":\"https:\\\/\\\/tajkertesz.com\\\/wp-content\\\/uploads\\\/2018\\\/02\\\/logo-2-e1518678052539.png\",\"contentUrl\":\"https:\\\/\\\/tajkertesz.com\\\/wp-content\\\/uploads\\\/2018\\\/02\\\/logo-2-e1518678052539.png\",\"width\":81,\"height\":140,\"caption\":\"T\u00e1j-Kert\u00e9sz 84 Kft.\"},\"image\":{\"@id\":\"https:\\\/\\\/tajkertesz.com\\\/#\\\/schema\\\/logo\\\/image\\\/\"},\"sameAs\":[\"https:\\\/\\\/www.facebook.com\\\/Tajkertesz\\\/\"]}]}<\/script>\n<!-- \/ Yoast SEO plugin. -->","yoast_head_json":{"title":"Jov\u00e1n BUDAPEST 101 k\u00fclt\u00e9ri vir\u00e1gl\u00e1da - T\u00e1jkert\u00e9sz","description":"BUDAPEST 101 k\u00fclt\u00e9ri vir\u00e1gl\u00e1da. Egyedi gy\u00e1rt\u00e1s\u00fa k\u00e9zm\u0171ves term\u00e9k. Magyar csal\u00e1di manufakt\u00fara term\u00e9ke! K\u00fclt\u00e9ri \u00e9s fagy\u00e1ll\u00f3.","robots":{"index":"index","follow":"follow","max-snippet":"max-snippet:-1","max-image-preview":"max-image-preview:large","max-video-preview":"max-video-preview:-1"},"canonical":"https:\/\/tajkertesz.com\/en_US\/product\/budapest-101-kulteri-viraglada\/","og_locale":"en_US","og_type":"article","og_title":"Jov\u00e1n BUDAPEST 101 k\u00fclt\u00e9ri vir\u00e1gl\u00e1da - T\u00e1jkert\u00e9sz","og_description":"BUDAPEST 101 k\u00fclt\u00e9ri vir\u00e1gl\u00e1da. Egyedi gy\u00e1rt\u00e1s\u00fa k\u00e9zm\u0171ves term\u00e9k. Magyar csal\u00e1di manufakt\u00fara term\u00e9ke! K\u00fclt\u00e9ri \u00e9s fagy\u00e1ll\u00f3.","og_url":"https:\/\/tajkertesz.com\/en_US\/product\/budapest-101-kulteri-viraglada\/","og_site_name":"T\u00e1jkert\u00e9sz","article_publisher":"https:\/\/www.facebook.com\/Tajkertesz\/","article_modified_time":"2024-03-26T16:37:08+00:00","og_image":[{"width":512,"height":644,"url":"https:\/\/tajkertesz.com\/wp-content\/uploads\/2021\/05\/budapest_101_c.jpg","type":"image\/jpeg"}],"twitter_card":"summary_large_image","twitter_misc":{"Est. reading time":"2 minutes"},"schema":{"@context":"https:\/\/schema.org","@graph":[{"@type":"WebPage","@id":"https:\/\/tajkertesz.com\/termek\/budapest-101-kulteri-viraglada\/","url":"https:\/\/tajkertesz.com\/termek\/budapest-101-kulteri-viraglada\/","name":"Jov\u00e1n BUDAPEST 101 k\u00fclt\u00e9ri vir\u00e1gl\u00e1da - T\u00e1jkert\u00e9sz","isPartOf":{"@id":"https:\/\/tajkertesz.com\/#website"},"primaryImageOfPage":{"@id":"https:\/\/tajkertesz.com\/termek\/budapest-101-kulteri-viraglada\/#primaryimage"},"image":{"@id":"https:\/\/tajkertesz.com\/termek\/budapest-101-kulteri-viraglada\/#primaryimage"},"thumbnailUrl":"https:\/\/tajkertesz.com\/wp-content\/uploads\/2021\/05\/budapest_101_c.jpg","datePublished":"2021-05-14T09:36:16+00:00","dateModified":"2024-03-26T16:37:08+00:00","description":"BUDAPEST 101 k\u00fclt\u00e9ri vir\u00e1gl\u00e1da. Egyedi gy\u00e1rt\u00e1s\u00fa k\u00e9zm\u0171ves term\u00e9k. Magyar csal\u00e1di manufakt\u00fara term\u00e9ke! K\u00fclt\u00e9ri \u00e9s fagy\u00e1ll\u00f3.","breadcrumb":{"@id":"https:\/\/tajkertesz.com\/termek\/budapest-101-kulteri-viraglada\/#breadcrumb"},"inLanguage":"en-US","potentialAction":[{"@type":"ReadAction","target":["https:\/\/tajkertesz.com\/termek\/budapest-101-kulteri-viraglada\/"]}]},{"@type":"ImageObject","inLanguage":"en-US","@id":"https:\/\/tajkertesz.com\/termek\/budapest-101-kulteri-viraglada\/#primaryimage","url":"https:\/\/tajkertesz.com\/wp-content\/uploads\/2021\/05\/budapest_101_c.jpg","contentUrl":"https:\/\/tajkertesz.com\/wp-content\/uploads\/2021\/05\/budapest_101_c.jpg","width":512,"height":644},{"@type":"BreadcrumbList","@id":"https:\/\/tajkertesz.com\/termek\/budapest-101-kulteri-viraglada\/#breadcrumb","itemListElement":[{"@type":"ListItem","position":1,"name":"Home","item":"https:\/\/tajkertesz.com\/"},{"@type":"ListItem","position":2,"name":"Kezd\u0151lap","item":"https:\/\/tajkertesz.com\/"},{"@type":"ListItem","position":3,"name":"Jov\u00e1n BUDAPEST 101 k\u00fclt\u00e9ri vir\u00e1gl\u00e1da"}]},{"@type":"WebSite","@id":"https:\/\/tajkertesz.com\/#website","url":"https:\/\/tajkertesz.com\/","name":"T\u00e1j-Kert\u00e9sz 84 Kft.","description":"Kert\u00e9szeti kis- \u00e9s nagykeresked\u00e9s, D\u00edszn\u00f6v\u00e9ny web\u00e1ruh\u00e1z orsz\u00e1gos h\u00e1zhozsz\u00e1ll\u00edt\u00e1ssal!","publisher":{"@id":"https:\/\/tajkertesz.com\/#organization"},"potentialAction":[{"@type":"SearchAction","target":{"@type":"EntryPoint","urlTemplate":"https:\/\/tajkertesz.com\/?s={search_term_string}"},"query-input":{"@type":"PropertyValueSpecification","valueRequired":true,"valueName":"search_term_string"}}],"inLanguage":"en-US"},{"@type":"Organization","@id":"https:\/\/tajkertesz.com\/#organization","name":"T\u00e1j-Kert\u00e9sz 84 Kft.","url":"https:\/\/tajkertesz.com\/","logo":{"@type":"ImageObject","inLanguage":"en-US","@id":"https:\/\/tajkertesz.com\/#\/schema\/logo\/image\/","url":"https:\/\/tajkertesz.com\/wp-content\/uploads\/2018\/02\/logo-2-e1518678052539.png","contentUrl":"https:\/\/tajkertesz.com\/wp-content\/uploads\/2018\/02\/logo-2-e1518678052539.png","width":81,"height":140,"caption":"T\u00e1j-Kert\u00e9sz 84 Kft."},"image":{"@id":"https:\/\/tajkertesz.com\/#\/schema\/logo\/image\/"},"sameAs":["https:\/\/www.facebook.com\/Tajkertesz\/"]}]}},"_links":{"self":[{"href":"https:\/\/tajkertesz.com\/en_US\/wp-json\/wp\/v2\/product\/4823","targetHints":{"allow":["GET"]}}],"collection":[{"href":"https:\/\/tajkertesz.com\/en_US\/wp-json\/wp\/v2\/product"}],"about":[{"href":"https:\/\/tajkertesz.com\/en_US\/wp-json\/wp\/v2\/types\/product"}],"wp:featuredmedia":[{"embeddable":true,"href":"https:\/\/tajkertesz.com\/en_US\/wp-json\/wp\/v2\/media\/4825"}],"wp:attachment":[{"href":"https:\/\/tajkertesz.com\/en_US\/wp-json\/wp\/v2\/media?parent=4823"}],"wp:term":[{"taxonomy":"product_brand","embeddable":true,"href":"https:\/\/tajkertesz.com\/en_US\/wp-json\/wp\/v2\/product_brand?post=4823"},{"taxonomy":"product_cat","embeddable":true,"href":"https:\/\/tajkertesz.com\/en_US\/wp-json\/wp\/v2\/product_cat?post=4823"},{"taxonomy":"product_tag","embeddable":true,"href":"https:\/\/tajkertesz.com\/en_US\/wp-json\/wp\/v2\/product_tag?post=4823"}],"curies":[{"name":"wp","href":"https:\/\/api.w.org\/{rel}","templated":true}]}}