{"id":4828,"date":"2021-05-14T09:45:28","date_gmt":"2021-05-14T09:45:28","guid":{"rendered":"https:\/\/tajkertesz.com\/?post_type=product&#038;p=4828"},"modified":"2026-02-17T14:18:48","modified_gmt":"2026-02-17T14:18:48","slug":"firenze-kerti-allo-diszkut","status":"publish","type":"product","link":"https:\/\/tajkertesz.com\/en_US\/product\/firenze-kerti-allo-diszkut\/","title":{"rendered":"FIRENZE kerti \u00e1ll\u00f3 d\u00edszk\u00fat"},"content":{"rendered":"<h1 class=\"page-head-title product-page-head-title position-relative\"><span class=\"product-page-product-name\">FIRENZE kerti \u00e1ll\u00f3 d\u00edszk\u00fat<\/span><\/h1>\n<h2 class=\"page-head-title product-page-head-title position-relative\"><span class=\"product-page-product-name\">FIRENZE kerti \u00e1ll\u00f3 d\u00edszk\u00fat<\/span><\/h2>\n<p>Egyedi gy\u00e1rt\u00e1s\u00fa, k\u00e9zm\u0171ves term\u00e9k.<\/p>\n<p>K\u00fclt\u00e9ri, fagy\u00e1ll\u00f3 kerti k\u0151 d\u00edszk\u00fat.<br \/>\nMagyar csal\u00e1di manufakt\u00fara term\u00e9ke!<\/p>\n<p>A feh\u00e9rcement \u00e9s beton alapanyagoknak, illetve a speci\u00e1lis ut\u00f3lagos sz\u00ednez\u00e9si elj\u00e1r\u00e1snak k\u00f6sz\u00f6nhet\u0151en vir\u00e1gtart\u00f3ink, balkonl\u00e1d\u00e1ink gondoz\u00e1smentes, id\u0151j\u00e1r\u00e1s- \u00e9s fagy\u00e1ll\u00f3 term\u00e9kek.<\/p>\n<p><strong><u>Jov\u00e1n term\u00e9kekr\u0151l r\u00f6viden<\/u><\/strong><br \/>\nA manufaktur\u00e1lis m\u00f3dszereken alap\u00fal\u00f3 v\u00e1llalkoz\u00e1s jelenleg\u00a0egyedi formatervez\u00e9s\u0171, saj\u00e1t gy\u00e1rt\u00e1s\u00fa term\u00e9keinkkel van\u00a0jelen a hazai piacon, portf\u00f3li\u00f3jik\u00a0meghat\u00e1roz\u00f3 elemei a kerti k\u0151d\u00edszt\u00e1rgyak, n\u00f6v\u00e9nytart\u00f3k, fali \u00e9s \u00e1ll\u00f3 d\u00edszkutak, sz\u00f6k\u0151kutak, grillek, grill szettek. Term\u00e9keik\u00a0mindegyike az aktu\u00e1lis trendekhez igaz\u00edtott saj\u00e1t elk\u00e9pzel\u00e9sek szerint k\u00e9sz\u00fcl a szakma gy\u00f6kereihez t\u00f6rt\u00e9n\u0151 visszat\u00e9r\u00e9ssel \u2013\u00a0szabad k\u00e9zi farag\u00e1ssal. Egyed\u00fcl\u00e1ll\u00f3 k\u00edn\u00e1lattal\u00a0rendelkeznek,\u00a0pr\u00e9mium min\u0151s\u00e9g\u0171\u00a0term\u00e9keket \u00e1ll\u00edtanak el\u0151 hazai er\u0151forr\u00e1sok ig\u00e9nybev\u00e9tel\u00e9vel.<\/p>\n<p>A speci\u00e1lis sz\u00ednez\u00e9si elj\u00e1r\u00e1s miatt a k\u00e9sz term\u00e9keink sz\u00edne a val\u00f3s\u00e1gban elt\u00e9rhet a k\u00e9pen l\u00e1that\u00f3 sz\u00ednekt\u0151l. Magasnyom\u00e1s\u00fa k\u00e9sz\u00fcl\u00e9kkel t\u00f6rt\u00e9n\u0151 tiszt\u00edt\u00e1s k\u00e1rt tehet a sz\u00ednez\u00e9sben, k\u00e9rj\u00fck ker\u00fclje alkalmaz\u00e1s\u00e1t.<\/p>\n<p>A kutakat\u00a05 r\u00e9teg\u0171 cs\u0151vel szerelve \u00e1rus\u00edtjuk bels\u0151 menetes k\u00f6ny\u00f6k\u00f6kkel a csapn\u00e1l.<br \/>\nA bels\u0151 cs\u0151 \u00e9s k\u00f6ny\u00f6k \u00e1tm\u00e9r\u0151je 20 mm!<\/p>\n<p>Minden k\u00fat eset\u00e9n megfelel\u0151 v\u00edztelen\u00edtett \u00e1llapotban t\u00f6rt\u00e9n\u0151 t\u00e9lies\u00edt\u00e9s sz\u00fcks\u00e9ges!<\/p>\n<p>A term\u00e9k \u00f6sszeszerel\u00e9se s\u00edk, stabil burkolaton t\u00f6rt\u00e9njen!<\/p>\n<p>A Csap nem tartoz\u00e9k!<\/p>\n<p>Tulajdons\u00e1gok<br \/>\nFagy\u00e1ll\u00f3, k\u00fclt\u00e9ri kivitel<br \/>\nAlapanyag: beton<br \/>\nManufakt\u00far\u00e1lis m\u00f3dszerekkel k\u00e9sz\u00fclt<br \/>\nEgyedi formaterv<br \/>\nT\u00f6meg: 61 kg<br \/>\nM\u00e9retek: 50 \u00d7 44 \u00d7 92 cm<\/p>\n<p>El\u00e9rhet\u0151 t\u00f6bbf\u00e9le m\u00e9retben \u00e9s \u00e1rban.<\/p>\n<p><strong>K\u00e9szlet\u00fcnk napi szinten v\u00e1ltozik, ez\u00e9rt k\u00e9rj\u00fck, \u00e9rdekl\u0151dj\u00f6n szem\u00e9lyesen, telefonon vagy email-en.<br \/>\nA v\u00e1ltoztat\u00e1s jog\u00e1t fenntartjuk!\u00a0<\/strong><\/p>\n<p><a href=\"https:\/\/tajkertesz.com\/\">https:\/\/tajkertesz.com\/<\/a><\/p>\n<p><a href=\"https:\/\/www.facebook.com\/tajkertesz\/\">https:\/\/www.facebook.com\/tajkertesz\/<\/a><\/p>\n<p><span style=\"color: #ff0000;\">Kisz\u00e1ll\u00edt\u00e1s: 200cm-ig \u00a0\u00e9s 40 kg-ig a sz\u00e1ll\u00edt\u00e1s fut\u00e1rszolg\u00e1lattal \u00a0t\u00f6rt\u00e9nik.<\/span><\/p>\n<p>Szem\u00e9lyes \u00e1tv\u00e9tel nyitvatart\u00e1si id\u0151ben a 17. ker\u00fclet Bakancsos utca 7. sz\u00e1m alatti Kert\u00e9szeti \u00e1rud\u00e1nkban.<\/p>\n<h2>\n<strong>Enn\u00e9l a term\u00e9kn\u00e9l a sz\u00e1ll\u00edt\u00e1s csak egyedi \u00e1rszab\u00e1s alapj\u00e1n, illetve szem\u00e9lyes \u00e1tv\u00e9tellel lehets\u00e9ges.<\/strong><\/h2>\n<p><span style=\"color: #ffffff;\">A cement:<\/span><\/p>","protected":false},"excerpt":{"rendered":"<h1 class=\"page-head-title product-page-head-title position-relative\"><span class=\"product-page-product-name\">FIRENZE kerti \u00e1ll\u00f3 d\u00edszk\u00fat<\/span><\/h1>\n<p>Egyedi gy\u00e1rt\u00e1s\u00fa, k\u00e9zm\u0171ves term\u00e9k.<\/p>\n<p>K\u00fclt\u00e9ri, fagy\u00e1ll\u00f3 kerti k\u0151 d\u00edszk\u00fat.<br \/>\nMagyar csal\u00e1di manufakt\u00fara term\u00e9ke!<\/p>\n<h2><span style=\"color: #0000ff;\"><strong>K\u00e9rj\u00fck a megjegyz\u00e9sbe \u00edrja le hogy milyen sz\u00ednben szeretn\u00e9 megrendelni a term\u00e9ket!<\/strong><\/span><\/h2>\n<p>&nbsp;<\/p>","protected":false},"featured_media":4830,"template":"","meta":{"_et_pb_use_builder":"","_et_pb_old_content":"","_et_gb_content_width":""},"product_brand":[],"product_cat":[1569],"product_tag":[3406,3228,1535,971,3407,1536],"class_list":{"0":"post-4828","1":"product","2":"type-product","3":"status-publish","4":"has-post-thumbnail","6":"product_cat-allo-es-fali-kutak","7":"product_tag-diszk-ut","8":"product_tag-firenze","9":"product_tag-jovan","10":"product_tag-kerti","11":"product_tag-kut","12":"product_tag-manufaktura","14":"first","15":"instock","16":"shipping-taxable","17":"purchasable","18":"product-type-simple"},"yoast_head":"<!-- This site is optimized with the Yoast SEO plugin v27.3 - https:\/\/yoast.com\/product\/yoast-seo-wordpress\/ -->\n<title>FIRENZE kerti \u00e1ll\u00f3 d\u00edszk\u00fat - T\u00e1jkert\u00e9sz<\/title>\n<meta name=\"description\" content=\"FIRENZE kerti \u00e1ll\u00f3 d\u00edszk\u00fat Egyedi gy\u00e1rt\u00e1s\u00fa, k\u00e9zm\u0171ves term\u00e9k.K\u00fclt\u00e9ri, fagy\u00e1ll\u00f3 kerti k\u0151 d\u00edszk\u00fat.Magyar csal\u00e1di manufakt\u00fara term\u00e9ke!\" \/>\n<meta name=\"robots\" content=\"index, follow, max-snippet:-1, max-image-preview:large, max-video-preview:-1\" \/>\n<link rel=\"canonical\" href=\"https:\/\/tajkertesz.com\/en_US\/product\/firenze-kerti-allo-diszkut\/\" \/>\n<meta property=\"og:locale\" content=\"en_US\" \/>\n<meta property=\"og:type\" content=\"article\" \/>\n<meta property=\"og:title\" content=\"FIRENZE kerti \u00e1ll\u00f3 d\u00edszk\u00fat - T\u00e1jkert\u00e9sz\" \/>\n<meta property=\"og:description\" content=\"FIRENZE kerti \u00e1ll\u00f3 d\u00edszk\u00fat Egyedi gy\u00e1rt\u00e1s\u00fa, k\u00e9zm\u0171ves term\u00e9k.K\u00fclt\u00e9ri, fagy\u00e1ll\u00f3 kerti k\u0151 d\u00edszk\u00fat.Magyar csal\u00e1di manufakt\u00fara term\u00e9ke!\" \/>\n<meta property=\"og:url\" content=\"https:\/\/tajkertesz.com\/en_US\/product\/firenze-kerti-allo-diszkut\/\" \/>\n<meta property=\"og:site_name\" content=\"T\u00e1jkert\u00e9sz\" \/>\n<meta property=\"article:publisher\" content=\"https:\/\/www.facebook.com\/Tajkertesz\/\" \/>\n<meta property=\"article:modified_time\" content=\"2026-02-17T14:18:48+00:00\" \/>\n<meta property=\"og:image\" content=\"https:\/\/tajkertesz.com\/wp-content\/uploads\/2021\/05\/firenze-kut_c.jpg\" \/>\n\t<meta property=\"og:image:width\" content=\"512\" \/>\n\t<meta property=\"og:image:height\" content=\"644\" \/>\n\t<meta property=\"og:image:type\" content=\"image\/jpeg\" \/>\n<meta name=\"twitter:card\" content=\"summary_large_image\" \/>\n<meta name=\"twitter:label1\" content=\"Est. reading time\" \/>\n\t<meta name=\"twitter:data1\" content=\"2 minutes\" \/>\n<script type=\"application\/ld+json\" class=\"yoast-schema-graph\">{\"@context\":\"https:\\\/\\\/schema.org\",\"@graph\":[{\"@type\":\"WebPage\",\"@id\":\"https:\\\/\\\/tajkertesz.com\\\/termek\\\/firenze-kerti-allo-diszkut\\\/\",\"url\":\"https:\\\/\\\/tajkertesz.com\\\/termek\\\/firenze-kerti-allo-diszkut\\\/\",\"name\":\"FIRENZE kerti \u00e1ll\u00f3 d\u00edszk\u00fat - T\u00e1jkert\u00e9sz\",\"isPartOf\":{\"@id\":\"https:\\\/\\\/tajkertesz.com\\\/#website\"},\"primaryImageOfPage\":{\"@id\":\"https:\\\/\\\/tajkertesz.com\\\/termek\\\/firenze-kerti-allo-diszkut\\\/#primaryimage\"},\"image\":{\"@id\":\"https:\\\/\\\/tajkertesz.com\\\/termek\\\/firenze-kerti-allo-diszkut\\\/#primaryimage\"},\"thumbnailUrl\":\"https:\\\/\\\/tajkertesz.com\\\/wp-content\\\/uploads\\\/2021\\\/05\\\/firenze-kut_c.jpg\",\"datePublished\":\"2021-05-14T09:45:28+00:00\",\"dateModified\":\"2026-02-17T14:18:48+00:00\",\"description\":\"FIRENZE kerti \u00e1ll\u00f3 d\u00edszk\u00fat Egyedi gy\u00e1rt\u00e1s\u00fa, k\u00e9zm\u0171ves term\u00e9k.K\u00fclt\u00e9ri, fagy\u00e1ll\u00f3 kerti k\u0151 d\u00edszk\u00fat.Magyar csal\u00e1di manufakt\u00fara term\u00e9ke!\",\"breadcrumb\":{\"@id\":\"https:\\\/\\\/tajkertesz.com\\\/termek\\\/firenze-kerti-allo-diszkut\\\/#breadcrumb\"},\"inLanguage\":\"en-US\",\"potentialAction\":[{\"@type\":\"ReadAction\",\"target\":[\"https:\\\/\\\/tajkertesz.com\\\/termek\\\/firenze-kerti-allo-diszkut\\\/\"]}]},{\"@type\":\"ImageObject\",\"inLanguage\":\"en-US\",\"@id\":\"https:\\\/\\\/tajkertesz.com\\\/termek\\\/firenze-kerti-allo-diszkut\\\/#primaryimage\",\"url\":\"https:\\\/\\\/tajkertesz.com\\\/wp-content\\\/uploads\\\/2021\\\/05\\\/firenze-kut_c.jpg\",\"contentUrl\":\"https:\\\/\\\/tajkertesz.com\\\/wp-content\\\/uploads\\\/2021\\\/05\\\/firenze-kut_c.jpg\",\"width\":512,\"height\":644},{\"@type\":\"BreadcrumbList\",\"@id\":\"https:\\\/\\\/tajkertesz.com\\\/termek\\\/firenze-kerti-allo-diszkut\\\/#breadcrumb\",\"itemListElement\":[{\"@type\":\"ListItem\",\"position\":1,\"name\":\"Home\",\"item\":\"https:\\\/\\\/tajkertesz.com\\\/\"},{\"@type\":\"ListItem\",\"position\":2,\"name\":\"Kezd\u0151lap\",\"item\":\"https:\\\/\\\/tajkertesz.com\\\/\"},{\"@type\":\"ListItem\",\"position\":3,\"name\":\"FIRENZE kerti \u00e1ll\u00f3 d\u00edszk\u00fat\"}]},{\"@type\":\"WebSite\",\"@id\":\"https:\\\/\\\/tajkertesz.com\\\/#website\",\"url\":\"https:\\\/\\\/tajkertesz.com\\\/\",\"name\":\"T\u00e1j-Kert\u00e9sz 84 Kft.\",\"description\":\"Kert\u00e9szeti kis- \u00e9s nagykeresked\u00e9s, D\u00edszn\u00f6v\u00e9ny web\u00e1ruh\u00e1z orsz\u00e1gos h\u00e1zhozsz\u00e1ll\u00edt\u00e1ssal!\",\"publisher\":{\"@id\":\"https:\\\/\\\/tajkertesz.com\\\/#organization\"},\"potentialAction\":[{\"@type\":\"SearchAction\",\"target\":{\"@type\":\"EntryPoint\",\"urlTemplate\":\"https:\\\/\\\/tajkertesz.com\\\/?s={search_term_string}\"},\"query-input\":{\"@type\":\"PropertyValueSpecification\",\"valueRequired\":true,\"valueName\":\"search_term_string\"}}],\"inLanguage\":\"en-US\"},{\"@type\":\"Organization\",\"@id\":\"https:\\\/\\\/tajkertesz.com\\\/#organization\",\"name\":\"T\u00e1j-Kert\u00e9sz 84 Kft.\",\"url\":\"https:\\\/\\\/tajkertesz.com\\\/\",\"logo\":{\"@type\":\"ImageObject\",\"inLanguage\":\"en-US\",\"@id\":\"https:\\\/\\\/tajkertesz.com\\\/#\\\/schema\\\/logo\\\/image\\\/\",\"url\":\"https:\\\/\\\/tajkertesz.com\\\/wp-content\\\/uploads\\\/2018\\\/02\\\/logo-2-e1518678052539.png\",\"contentUrl\":\"https:\\\/\\\/tajkertesz.com\\\/wp-content\\\/uploads\\\/2018\\\/02\\\/logo-2-e1518678052539.png\",\"width\":81,\"height\":140,\"caption\":\"T\u00e1j-Kert\u00e9sz 84 Kft.\"},\"image\":{\"@id\":\"https:\\\/\\\/tajkertesz.com\\\/#\\\/schema\\\/logo\\\/image\\\/\"},\"sameAs\":[\"https:\\\/\\\/www.facebook.com\\\/Tajkertesz\\\/\"]}]}<\/script>\n<!-- \/ Yoast SEO plugin. -->","yoast_head_json":{"title":"FIRENZE kerti \u00e1ll\u00f3 d\u00edszk\u00fat - T\u00e1jkert\u00e9sz","description":"FIRENZE kerti \u00e1ll\u00f3 d\u00edszk\u00fat Egyedi gy\u00e1rt\u00e1s\u00fa, k\u00e9zm\u0171ves term\u00e9k.K\u00fclt\u00e9ri, fagy\u00e1ll\u00f3 kerti k\u0151 d\u00edszk\u00fat.Magyar csal\u00e1di manufakt\u00fara term\u00e9ke!","robots":{"index":"index","follow":"follow","max-snippet":"max-snippet:-1","max-image-preview":"max-image-preview:large","max-video-preview":"max-video-preview:-1"},"canonical":"https:\/\/tajkertesz.com\/en_US\/product\/firenze-kerti-allo-diszkut\/","og_locale":"en_US","og_type":"article","og_title":"FIRENZE kerti \u00e1ll\u00f3 d\u00edszk\u00fat - T\u00e1jkert\u00e9sz","og_description":"FIRENZE kerti \u00e1ll\u00f3 d\u00edszk\u00fat Egyedi gy\u00e1rt\u00e1s\u00fa, k\u00e9zm\u0171ves term\u00e9k.K\u00fclt\u00e9ri, fagy\u00e1ll\u00f3 kerti k\u0151 d\u00edszk\u00fat.Magyar csal\u00e1di manufakt\u00fara term\u00e9ke!","og_url":"https:\/\/tajkertesz.com\/en_US\/product\/firenze-kerti-allo-diszkut\/","og_site_name":"T\u00e1jkert\u00e9sz","article_publisher":"https:\/\/www.facebook.com\/Tajkertesz\/","article_modified_time":"2026-02-17T14:18:48+00:00","og_image":[{"width":512,"height":644,"url":"https:\/\/tajkertesz.com\/wp-content\/uploads\/2021\/05\/firenze-kut_c.jpg","type":"image\/jpeg"}],"twitter_card":"summary_large_image","twitter_misc":{"Est. reading time":"2 minutes"},"schema":{"@context":"https:\/\/schema.org","@graph":[{"@type":"WebPage","@id":"https:\/\/tajkertesz.com\/termek\/firenze-kerti-allo-diszkut\/","url":"https:\/\/tajkertesz.com\/termek\/firenze-kerti-allo-diszkut\/","name":"FIRENZE kerti \u00e1ll\u00f3 d\u00edszk\u00fat - T\u00e1jkert\u00e9sz","isPartOf":{"@id":"https:\/\/tajkertesz.com\/#website"},"primaryImageOfPage":{"@id":"https:\/\/tajkertesz.com\/termek\/firenze-kerti-allo-diszkut\/#primaryimage"},"image":{"@id":"https:\/\/tajkertesz.com\/termek\/firenze-kerti-allo-diszkut\/#primaryimage"},"thumbnailUrl":"https:\/\/tajkertesz.com\/wp-content\/uploads\/2021\/05\/firenze-kut_c.jpg","datePublished":"2021-05-14T09:45:28+00:00","dateModified":"2026-02-17T14:18:48+00:00","description":"FIRENZE kerti \u00e1ll\u00f3 d\u00edszk\u00fat Egyedi gy\u00e1rt\u00e1s\u00fa, k\u00e9zm\u0171ves term\u00e9k.K\u00fclt\u00e9ri, fagy\u00e1ll\u00f3 kerti k\u0151 d\u00edszk\u00fat.Magyar csal\u00e1di manufakt\u00fara term\u00e9ke!","breadcrumb":{"@id":"https:\/\/tajkertesz.com\/termek\/firenze-kerti-allo-diszkut\/#breadcrumb"},"inLanguage":"en-US","potentialAction":[{"@type":"ReadAction","target":["https:\/\/tajkertesz.com\/termek\/firenze-kerti-allo-diszkut\/"]}]},{"@type":"ImageObject","inLanguage":"en-US","@id":"https:\/\/tajkertesz.com\/termek\/firenze-kerti-allo-diszkut\/#primaryimage","url":"https:\/\/tajkertesz.com\/wp-content\/uploads\/2021\/05\/firenze-kut_c.jpg","contentUrl":"https:\/\/tajkertesz.com\/wp-content\/uploads\/2021\/05\/firenze-kut_c.jpg","width":512,"height":644},{"@type":"BreadcrumbList","@id":"https:\/\/tajkertesz.com\/termek\/firenze-kerti-allo-diszkut\/#breadcrumb","itemListElement":[{"@type":"ListItem","position":1,"name":"Home","item":"https:\/\/tajkertesz.com\/"},{"@type":"ListItem","position":2,"name":"Kezd\u0151lap","item":"https:\/\/tajkertesz.com\/"},{"@type":"ListItem","position":3,"name":"FIRENZE kerti \u00e1ll\u00f3 d\u00edszk\u00fat"}]},{"@type":"WebSite","@id":"https:\/\/tajkertesz.com\/#website","url":"https:\/\/tajkertesz.com\/","name":"T\u00e1j-Kert\u00e9sz 84 Kft.","description":"Kert\u00e9szeti kis- \u00e9s nagykeresked\u00e9s, D\u00edszn\u00f6v\u00e9ny web\u00e1ruh\u00e1z orsz\u00e1gos h\u00e1zhozsz\u00e1ll\u00edt\u00e1ssal!","publisher":{"@id":"https:\/\/tajkertesz.com\/#organization"},"potentialAction":[{"@type":"SearchAction","target":{"@type":"EntryPoint","urlTemplate":"https:\/\/tajkertesz.com\/?s={search_term_string}"},"query-input":{"@type":"PropertyValueSpecification","valueRequired":true,"valueName":"search_term_string"}}],"inLanguage":"en-US"},{"@type":"Organization","@id":"https:\/\/tajkertesz.com\/#organization","name":"T\u00e1j-Kert\u00e9sz 84 Kft.","url":"https:\/\/tajkertesz.com\/","logo":{"@type":"ImageObject","inLanguage":"en-US","@id":"https:\/\/tajkertesz.com\/#\/schema\/logo\/image\/","url":"https:\/\/tajkertesz.com\/wp-content\/uploads\/2018\/02\/logo-2-e1518678052539.png","contentUrl":"https:\/\/tajkertesz.com\/wp-content\/uploads\/2018\/02\/logo-2-e1518678052539.png","width":81,"height":140,"caption":"T\u00e1j-Kert\u00e9sz 84 Kft."},"image":{"@id":"https:\/\/tajkertesz.com\/#\/schema\/logo\/image\/"},"sameAs":["https:\/\/www.facebook.com\/Tajkertesz\/"]}]}},"_links":{"self":[{"href":"https:\/\/tajkertesz.com\/en_US\/wp-json\/wp\/v2\/product\/4828","targetHints":{"allow":["GET"]}}],"collection":[{"href":"https:\/\/tajkertesz.com\/en_US\/wp-json\/wp\/v2\/product"}],"about":[{"href":"https:\/\/tajkertesz.com\/en_US\/wp-json\/wp\/v2\/types\/product"}],"wp:featuredmedia":[{"embeddable":true,"href":"https:\/\/tajkertesz.com\/en_US\/wp-json\/wp\/v2\/media\/4830"}],"wp:attachment":[{"href":"https:\/\/tajkertesz.com\/en_US\/wp-json\/wp\/v2\/media?parent=4828"}],"wp:term":[{"taxonomy":"product_brand","embeddable":true,"href":"https:\/\/tajkertesz.com\/en_US\/wp-json\/wp\/v2\/product_brand?post=4828"},{"taxonomy":"product_cat","embeddable":true,"href":"https:\/\/tajkertesz.com\/en_US\/wp-json\/wp\/v2\/product_cat?post=4828"},{"taxonomy":"product_tag","embeddable":true,"href":"https:\/\/tajkertesz.com\/en_US\/wp-json\/wp\/v2\/product_tag?post=4828"}],"curies":[{"name":"wp","href":"https:\/\/api.w.org\/{rel}","templated":true}]}}