{"id":4840,"date":"2021-05-14T10:14:39","date_gmt":"2021-05-14T10:14:39","guid":{"rendered":"https:\/\/tajkertesz.com\/?post_type=product&#038;p=4840"},"modified":"2024-03-26T16:05:31","modified_gmt":"2024-03-26T16:05:31","slug":"jovan-firenze-madarfurdeto-magas","status":"publish","type":"product","link":"https:\/\/tajkertesz.com\/en_US\/product\/jovan-firenze-madarfurdeto-magas\/","title":{"rendered":"Jov\u00e1n FIRENZE mad\u00e1rf\u00fcrdet\u0151 (magas)"},"content":{"rendered":"<div class=\"artdet__name-rating d-none d-lg-block\">\n<div class=\"row gutters-5\">\n<div class=\"col\">\n<div class=\"artdet__name-pagination-wrap d-flex\">\n<div class=\"top product-page-top\">\n<div class=\"center product-page-center\">\n<div class=\"artdet__name-pagination-wrap d-flex\">\n<div class=\"summary entry-summary\">\n<div id=\"jupiterxWooAccordion\" class=\"woocommerce-tabs accordion\">\n<div class=\"card\">\n<div id=\"collapsedescription\" class=\"collapse show\" aria-labelledby=\"headingdescription\" data-parent=\"#jupiterxWooAccordion\">\n<div class=\"elementor-element elementor-element-a3d7314 elementor-widget elementor-widget-jet-single-content\" data-id=\"a3d7314\" data-element_type=\"widget\" data-widget_type=\"jet-single-content.default\">\n<div class=\"elementor-widget-container\">\n<div class=\"elementor-jet-single-content jet-woo-builder\">\n<div class=\"jet-single-content\">\n<div class=\"elementor elementor-13037\" data-elementor-type=\"wp-post\" data-elementor-id=\"13037\" data-elementor-settings=\"[]\">\n<div class=\"elementor-section-wrap\">\n<section class=\"elementor-section elementor-top-section elementor-element elementor-element-eaff891 elementor-section-boxed elementor-section-height-default elementor-section-height-default\" data-id=\"eaff891\" data-element_type=\"section\">\n<div class=\"elementor-container elementor-column-gap-no\"><\/div>\n<\/section>\n<\/div>\n<\/div>\n<\/div>\n<\/div>\n<\/div>\n<\/div>\n<\/div>\n<\/div>\n<\/div>\n<\/div>\n<\/div>\n<\/div>\n<\/div>\n<\/div>\n<\/div>\n<\/div>\n<\/div>\n<div>\n<h2>Jov\u00e1n FIRENZE mad\u00e1rf\u00fcrdet\u0151 (magas)<\/h2>\n<p>Jov\u00e1n FIRENZE mad\u00e1rf\u00fcrdet\u0151 (magas)<\/p>\n<p>Egyedi gy\u00e1rt\u00e1s\u00fa k\u00e9zm\u0171ves term\u00e9k.<br \/>\nK\u00fclt\u00e9ri, fagy\u00e1ll\u00f3 kerti mad\u00e1rf\u00fcrdet\u0151.<br \/>\nMagyar csal\u00e1di manufakt\u00fara term\u00e9ke!<\/p>\n<p>A feh\u00e9rcement \u00e9s beton alapanyagoknak, illetve a speci\u00e1lis ut\u00f3lagos sz\u00ednez\u00e9si elj\u00e1r\u00e1snak k\u00f6sz\u00f6nhet\u0151en gondoz\u00e1smentes, id\u0151j\u00e1r\u00e1s- \u00e9s fagy\u00e1ll\u00f3 term\u00e9k.<br \/>\nA speci\u00e1lis sz\u00ednez\u00e9si elj\u00e1r\u00e1s miatt a k\u00e9sz term\u00e9keink sz\u00edne a val\u00f3s\u00e1gban elt\u00e9rhet a k\u00e9pen l\u00e1that\u00f3 sz\u00ednekt\u0151l.<br \/>\nMagasnyom\u00e1s\u00fa k\u00e9sz\u00fcl\u00e9kkel t\u00f6rt\u00e9n\u0151 tiszt\u00edt\u00e1s k\u00e1rt tehet a sz\u00ednez\u00e9sben, k\u00e9rj\u00fck ker\u00fclje alkalmaz\u00e1s\u00e1t.<\/p>\n<p>A term\u00e9k \u00f6sszeszerel\u00e9se s\u00edk, stabil burkolaton t\u00f6rt\u00e9njen!<\/p>\n<p>Tulajdons\u00e1gok<br \/>\nFagy\u00e1ll\u00f3, k\u00fclt\u00e9ri kivitel<br \/>\nAlapanyag: beton<br \/>\nManufakt\u00far\u00e1lis m\u00f3dszerekkel k\u00e9sz\u00fclt<br \/>\nEgyedi formaterv<br \/>\nT\u00f6meg: 46 kg<br \/>\nM\u00e9retek 54 \u00d7 54 \u00d7 81 cm<\/p>\n<p>Sz\u00ednek: antracit, barna , b\u00e9zs, feh\u00e9r<\/p>\n<\/div>\n<div><\/div>\n<p>El\u00e9rhet\u0151 t\u00f6bbf\u00e9le m\u00e9retben \u00e9s \u00e1rban.<\/p>\n<p><strong>K\u00e9szlet\u00fcnk napi szinten v\u00e1ltozik, ez\u00e9rt k\u00e9rj\u00fck, \u00e9rdekl\u0151dj\u00f6n szem\u00e9lyesen, telefonon vagy email-en.<br \/>\nA v\u00e1ltoztat\u00e1s jog\u00e1t fenntartjuk!\u00a0<\/strong><\/p>\n<p><a href=\"https:\/\/tajkertesz.com\/\">https:\/\/tajkertesz.com\/<\/a><\/p>\n<p><a href=\"https:\/\/www.facebook.com\/tajkertesz\/\">https:\/\/www.facebook.com\/tajkertesz\/<\/a><\/p>\n<p>Kisz\u00e1ll\u00edt\u00e1s: 200cm-ig \u00a0\u00e9s 40 kg-ig a sz\u00e1ll\u00edt\u00e1s fut\u00e1rszolg\u00e1lattal \u00a0t\u00f6rt\u00e9nik.<\/p>\n<p>Szem\u00e9lyes \u00e1tv\u00e9tel nyitvatart\u00e1si id\u0151ben a 17. ker\u00fclet Bakancsos utca 7. sz\u00e1m alatti Kert\u00e9szeti \u00e1rud\u00e1nkban.<\/p>\n<h2><span style=\"color: #ff0000;\"><strong>Enn\u00e9l a term\u00e9kn\u00e9l a sz\u00e1ll\u00edt\u00e1s csak egyedi \u00e1rszab\u00e1s alapj\u00e1n, illetve szem\u00e9lyes \u00e1tv\u00e9tellel lehets\u00e9ges.<\/strong><\/span><\/h2>\n<h1>Figyelem!<\/h1>\n<p>A sz\u00e1ll\u00edt\u00e1si k\u00f6lts\u00e9g\u00a0<strong>NEM tartalmazza az \u00f6sszeszerel\u00e9st\u00a0<\/strong>(szalonnas\u00fct\u0151\/kerti k\u0151 grillez\u0151\/k\u00fclt\u00e9ri b\u00fator v\u00e1s\u00e1rl\u00e1sa eset\u00e9n),<b>\u00a0illetve a term\u00e9k v\u00e9gs\u0151 rendeltet\u00e9si hely\u00e9re t\u00f6rt\u00e9n\u0151 behord\u00e1s\u00e1t \u00e9s elhelyez\u00e9s\u00e9t!<\/b><br \/>\nA raklap a sz\u00e1ll\u00edt\u00e1st v\u00e9gz\u0151 aut\u00f3t\u00f3l legfeljebb 5 m\u00e9teren bel\u00fcl ker\u00fcl elhelyez\u00e9sre.<\/p>\n<p>A logisztikai c\u00e9ggel t\u00f6rt\u00e9n\u0151 sz\u00e1ll\u00edt\u00e1s eset\u00e9n a partnereink\u00a0esetleges a\u00a0cs\u00fasz\u00e1sai\u00e9rt nem v\u00e1llalunk felel\u0151ss\u00e9get!<\/p>","protected":false},"excerpt":{"rendered":"<h2>Jov\u00e1n FIRENZE mad\u00e1rf\u00fcrdet\u0151 (magas)<\/h2>\n<p>Egyedi gy\u00e1rt\u00e1s\u00fa k\u00e9zm\u0171ves term\u00e9k.<br \/>\nK\u00fclt\u00e9ri, fagy\u00e1ll\u00f3 kerti mad\u00e1rf\u00fcrdet\u0151.<br \/>\nMagyar csal\u00e1di manufakt\u00fara term\u00e9ke!<\/p>\n<p>T\u00f6meg: 46 kg<br \/>\nM\u00e9retek 54 \u00d7 54 \u00d7 81 cm<\/p>\n<p>Sz\u00ednek: antracit, barna , b\u00e9zs, feh\u00e9r<\/p>\n<h2><span style=\"color: #0000ff;\"><strong>K\u00e9rj\u00fck a megjegyz\u00e9sbe \u00edrja le hogy milyen sz\u00ednben szeretn\u00e9 megrendelni a term\u00e9ket!<\/strong><\/span><\/h2>","protected":false},"featured_media":4841,"template":"","meta":{"_et_pb_use_builder":"","_et_pb_old_content":"","_et_gb_content_width":""},"product_brand":[],"product_cat":[1571],"product_tag":[3231,3228,3232,1535,3229,3230,1536],"class_list":{"0":"post-4840","1":"product","2":"type-product","3":"status-publish","4":"has-post-thumbnail","6":"product_cat-madaritatok-madarfurdetok","7":"product_tag-egyedi-madarfurdeto","8":"product_tag-firenze","9":"product_tag-firenze-madarfudeto","10":"product_tag-jovan","11":"product_tag-madarfurdeto","12":"product_tag-madarfurdeto-magas","13":"product_tag-manufaktura","15":"first","16":"instock","17":"shipping-taxable","18":"purchasable","19":"product-type-simple"},"yoast_head":"<!-- This site is optimized with the Yoast SEO plugin v27.3 - https:\/\/yoast.com\/product\/yoast-seo-wordpress\/ -->\n<title>Jov\u00e1n FIRENZE mad\u00e1rf\u00fcrdet\u0151 (magas) - T\u00e1jkert\u00e9sz<\/title>\n<meta name=\"description\" content=\"Jov\u00e1n FIRENZE mad\u00e1rf\u00fcrdet\u0151 (magas). Egyedi gy\u00e1rt\u00e1s\u00fa k\u00e9zm\u0171ves term\u00e9k. K\u00fclt\u00e9ri, fagy\u00e1ll\u00f3 kerti mad\u00e1rf\u00fcrdet\u0151. Magyar csal\u00e1di manufakt\u00fara term\u00e9ke!\" \/>\n<meta name=\"robots\" content=\"index, follow, max-snippet:-1, max-image-preview:large, max-video-preview:-1\" \/>\n<link rel=\"canonical\" href=\"https:\/\/tajkertesz.com\/en_US\/product\/jovan-firenze-madarfurdeto-magas\/\" \/>\n<meta property=\"og:locale\" content=\"en_US\" \/>\n<meta property=\"og:type\" content=\"article\" \/>\n<meta property=\"og:title\" content=\"Jov\u00e1n FIRENZE mad\u00e1rf\u00fcrdet\u0151 (magas) - T\u00e1jkert\u00e9sz\" \/>\n<meta property=\"og:description\" content=\"Jov\u00e1n FIRENZE mad\u00e1rf\u00fcrdet\u0151 (magas). Egyedi gy\u00e1rt\u00e1s\u00fa k\u00e9zm\u0171ves term\u00e9k. K\u00fclt\u00e9ri, fagy\u00e1ll\u00f3 kerti mad\u00e1rf\u00fcrdet\u0151. Magyar csal\u00e1di manufakt\u00fara term\u00e9ke!\" \/>\n<meta property=\"og:url\" content=\"https:\/\/tajkertesz.com\/en_US\/product\/jovan-firenze-madarfurdeto-magas\/\" \/>\n<meta property=\"og:site_name\" content=\"T\u00e1jkert\u00e9sz\" \/>\n<meta property=\"article:publisher\" content=\"https:\/\/www.facebook.com\/Tajkertesz\/\" \/>\n<meta property=\"article:modified_time\" content=\"2024-03-26T16:05:31+00:00\" \/>\n<meta property=\"og:image\" content=\"https:\/\/tajkertesz.com\/wp-content\/uploads\/2021\/05\/firenze-madarfurdeto-magas_c-cut_z6vor58m_1.png\" \/>\n\t<meta property=\"og:image:width\" content=\"466\" \/>\n\t<meta property=\"og:image:height\" content=\"575\" \/>\n\t<meta property=\"og:image:type\" content=\"image\/png\" \/>\n<meta name=\"twitter:card\" content=\"summary_large_image\" \/>\n<meta name=\"twitter:label1\" content=\"Est. reading time\" \/>\n\t<meta name=\"twitter:data1\" content=\"2 minutes\" \/>\n<script type=\"application\/ld+json\" class=\"yoast-schema-graph\">{\"@context\":\"https:\\\/\\\/schema.org\",\"@graph\":[{\"@type\":\"WebPage\",\"@id\":\"https:\\\/\\\/tajkertesz.com\\\/termek\\\/jovan-firenze-madarfurdeto-magas\\\/\",\"url\":\"https:\\\/\\\/tajkertesz.com\\\/termek\\\/jovan-firenze-madarfurdeto-magas\\\/\",\"name\":\"Jov\u00e1n FIRENZE mad\u00e1rf\u00fcrdet\u0151 (magas) - T\u00e1jkert\u00e9sz\",\"isPartOf\":{\"@id\":\"https:\\\/\\\/tajkertesz.com\\\/#website\"},\"primaryImageOfPage\":{\"@id\":\"https:\\\/\\\/tajkertesz.com\\\/termek\\\/jovan-firenze-madarfurdeto-magas\\\/#primaryimage\"},\"image\":{\"@id\":\"https:\\\/\\\/tajkertesz.com\\\/termek\\\/jovan-firenze-madarfurdeto-magas\\\/#primaryimage\"},\"thumbnailUrl\":\"https:\\\/\\\/tajkertesz.com\\\/wp-content\\\/uploads\\\/2021\\\/05\\\/firenze-madarfurdeto-magas_c-cut_z6vor58m_1.png\",\"datePublished\":\"2021-05-14T10:14:39+00:00\",\"dateModified\":\"2024-03-26T16:05:31+00:00\",\"description\":\"Jov\u00e1n FIRENZE mad\u00e1rf\u00fcrdet\u0151 (magas). Egyedi gy\u00e1rt\u00e1s\u00fa k\u00e9zm\u0171ves term\u00e9k. K\u00fclt\u00e9ri, fagy\u00e1ll\u00f3 kerti mad\u00e1rf\u00fcrdet\u0151. Magyar csal\u00e1di manufakt\u00fara term\u00e9ke!\",\"breadcrumb\":{\"@id\":\"https:\\\/\\\/tajkertesz.com\\\/termek\\\/jovan-firenze-madarfurdeto-magas\\\/#breadcrumb\"},\"inLanguage\":\"en-US\",\"potentialAction\":[{\"@type\":\"ReadAction\",\"target\":[\"https:\\\/\\\/tajkertesz.com\\\/termek\\\/jovan-firenze-madarfurdeto-magas\\\/\"]}]},{\"@type\":\"ImageObject\",\"inLanguage\":\"en-US\",\"@id\":\"https:\\\/\\\/tajkertesz.com\\\/termek\\\/jovan-firenze-madarfurdeto-magas\\\/#primaryimage\",\"url\":\"https:\\\/\\\/tajkertesz.com\\\/wp-content\\\/uploads\\\/2021\\\/05\\\/firenze-madarfurdeto-magas_c-cut_z6vor58m_1.png\",\"contentUrl\":\"https:\\\/\\\/tajkertesz.com\\\/wp-content\\\/uploads\\\/2021\\\/05\\\/firenze-madarfurdeto-magas_c-cut_z6vor58m_1.png\",\"width\":466,\"height\":575},{\"@type\":\"BreadcrumbList\",\"@id\":\"https:\\\/\\\/tajkertesz.com\\\/termek\\\/jovan-firenze-madarfurdeto-magas\\\/#breadcrumb\",\"itemListElement\":[{\"@type\":\"ListItem\",\"position\":1,\"name\":\"Home\",\"item\":\"https:\\\/\\\/tajkertesz.com\\\/\"},{\"@type\":\"ListItem\",\"position\":2,\"name\":\"Kezd\u0151lap\",\"item\":\"https:\\\/\\\/tajkertesz.com\\\/\"},{\"@type\":\"ListItem\",\"position\":3,\"name\":\"Jov\u00e1n FIRENZE mad\u00e1rf\u00fcrdet\u0151 (magas)\"}]},{\"@type\":\"WebSite\",\"@id\":\"https:\\\/\\\/tajkertesz.com\\\/#website\",\"url\":\"https:\\\/\\\/tajkertesz.com\\\/\",\"name\":\"T\u00e1j-Kert\u00e9sz 84 Kft.\",\"description\":\"Kert\u00e9szeti kis- \u00e9s nagykeresked\u00e9s, D\u00edszn\u00f6v\u00e9ny web\u00e1ruh\u00e1z orsz\u00e1gos h\u00e1zhozsz\u00e1ll\u00edt\u00e1ssal!\",\"publisher\":{\"@id\":\"https:\\\/\\\/tajkertesz.com\\\/#organization\"},\"potentialAction\":[{\"@type\":\"SearchAction\",\"target\":{\"@type\":\"EntryPoint\",\"urlTemplate\":\"https:\\\/\\\/tajkertesz.com\\\/?s={search_term_string}\"},\"query-input\":{\"@type\":\"PropertyValueSpecification\",\"valueRequired\":true,\"valueName\":\"search_term_string\"}}],\"inLanguage\":\"en-US\"},{\"@type\":\"Organization\",\"@id\":\"https:\\\/\\\/tajkertesz.com\\\/#organization\",\"name\":\"T\u00e1j-Kert\u00e9sz 84 Kft.\",\"url\":\"https:\\\/\\\/tajkertesz.com\\\/\",\"logo\":{\"@type\":\"ImageObject\",\"inLanguage\":\"en-US\",\"@id\":\"https:\\\/\\\/tajkertesz.com\\\/#\\\/schema\\\/logo\\\/image\\\/\",\"url\":\"https:\\\/\\\/tajkertesz.com\\\/wp-content\\\/uploads\\\/2018\\\/02\\\/logo-2-e1518678052539.png\",\"contentUrl\":\"https:\\\/\\\/tajkertesz.com\\\/wp-content\\\/uploads\\\/2018\\\/02\\\/logo-2-e1518678052539.png\",\"width\":81,\"height\":140,\"caption\":\"T\u00e1j-Kert\u00e9sz 84 Kft.\"},\"image\":{\"@id\":\"https:\\\/\\\/tajkertesz.com\\\/#\\\/schema\\\/logo\\\/image\\\/\"},\"sameAs\":[\"https:\\\/\\\/www.facebook.com\\\/Tajkertesz\\\/\"]}]}<\/script>\n<!-- \/ Yoast SEO plugin. -->","yoast_head_json":{"title":"Jov\u00e1n FIRENZE mad\u00e1rf\u00fcrdet\u0151 (magas) - T\u00e1jkert\u00e9sz","description":"Jov\u00e1n FIRENZE mad\u00e1rf\u00fcrdet\u0151 (magas). Egyedi gy\u00e1rt\u00e1s\u00fa k\u00e9zm\u0171ves term\u00e9k. K\u00fclt\u00e9ri, fagy\u00e1ll\u00f3 kerti mad\u00e1rf\u00fcrdet\u0151. Magyar csal\u00e1di manufakt\u00fara term\u00e9ke!","robots":{"index":"index","follow":"follow","max-snippet":"max-snippet:-1","max-image-preview":"max-image-preview:large","max-video-preview":"max-video-preview:-1"},"canonical":"https:\/\/tajkertesz.com\/en_US\/product\/jovan-firenze-madarfurdeto-magas\/","og_locale":"en_US","og_type":"article","og_title":"Jov\u00e1n FIRENZE mad\u00e1rf\u00fcrdet\u0151 (magas) - T\u00e1jkert\u00e9sz","og_description":"Jov\u00e1n FIRENZE mad\u00e1rf\u00fcrdet\u0151 (magas). Egyedi gy\u00e1rt\u00e1s\u00fa k\u00e9zm\u0171ves term\u00e9k. K\u00fclt\u00e9ri, fagy\u00e1ll\u00f3 kerti mad\u00e1rf\u00fcrdet\u0151. Magyar csal\u00e1di manufakt\u00fara term\u00e9ke!","og_url":"https:\/\/tajkertesz.com\/en_US\/product\/jovan-firenze-madarfurdeto-magas\/","og_site_name":"T\u00e1jkert\u00e9sz","article_publisher":"https:\/\/www.facebook.com\/Tajkertesz\/","article_modified_time":"2024-03-26T16:05:31+00:00","og_image":[{"width":466,"height":575,"url":"https:\/\/tajkertesz.com\/wp-content\/uploads\/2021\/05\/firenze-madarfurdeto-magas_c-cut_z6vor58m_1.png","type":"image\/png"}],"twitter_card":"summary_large_image","twitter_misc":{"Est. reading time":"2 minutes"},"schema":{"@context":"https:\/\/schema.org","@graph":[{"@type":"WebPage","@id":"https:\/\/tajkertesz.com\/termek\/jovan-firenze-madarfurdeto-magas\/","url":"https:\/\/tajkertesz.com\/termek\/jovan-firenze-madarfurdeto-magas\/","name":"Jov\u00e1n FIRENZE mad\u00e1rf\u00fcrdet\u0151 (magas) - T\u00e1jkert\u00e9sz","isPartOf":{"@id":"https:\/\/tajkertesz.com\/#website"},"primaryImageOfPage":{"@id":"https:\/\/tajkertesz.com\/termek\/jovan-firenze-madarfurdeto-magas\/#primaryimage"},"image":{"@id":"https:\/\/tajkertesz.com\/termek\/jovan-firenze-madarfurdeto-magas\/#primaryimage"},"thumbnailUrl":"https:\/\/tajkertesz.com\/wp-content\/uploads\/2021\/05\/firenze-madarfurdeto-magas_c-cut_z6vor58m_1.png","datePublished":"2021-05-14T10:14:39+00:00","dateModified":"2024-03-26T16:05:31+00:00","description":"Jov\u00e1n FIRENZE mad\u00e1rf\u00fcrdet\u0151 (magas). Egyedi gy\u00e1rt\u00e1s\u00fa k\u00e9zm\u0171ves term\u00e9k. K\u00fclt\u00e9ri, fagy\u00e1ll\u00f3 kerti mad\u00e1rf\u00fcrdet\u0151. Magyar csal\u00e1di manufakt\u00fara term\u00e9ke!","breadcrumb":{"@id":"https:\/\/tajkertesz.com\/termek\/jovan-firenze-madarfurdeto-magas\/#breadcrumb"},"inLanguage":"en-US","potentialAction":[{"@type":"ReadAction","target":["https:\/\/tajkertesz.com\/termek\/jovan-firenze-madarfurdeto-magas\/"]}]},{"@type":"ImageObject","inLanguage":"en-US","@id":"https:\/\/tajkertesz.com\/termek\/jovan-firenze-madarfurdeto-magas\/#primaryimage","url":"https:\/\/tajkertesz.com\/wp-content\/uploads\/2021\/05\/firenze-madarfurdeto-magas_c-cut_z6vor58m_1.png","contentUrl":"https:\/\/tajkertesz.com\/wp-content\/uploads\/2021\/05\/firenze-madarfurdeto-magas_c-cut_z6vor58m_1.png","width":466,"height":575},{"@type":"BreadcrumbList","@id":"https:\/\/tajkertesz.com\/termek\/jovan-firenze-madarfurdeto-magas\/#breadcrumb","itemListElement":[{"@type":"ListItem","position":1,"name":"Home","item":"https:\/\/tajkertesz.com\/"},{"@type":"ListItem","position":2,"name":"Kezd\u0151lap","item":"https:\/\/tajkertesz.com\/"},{"@type":"ListItem","position":3,"name":"Jov\u00e1n FIRENZE mad\u00e1rf\u00fcrdet\u0151 (magas)"}]},{"@type":"WebSite","@id":"https:\/\/tajkertesz.com\/#website","url":"https:\/\/tajkertesz.com\/","name":"T\u00e1j-Kert\u00e9sz 84 Kft.","description":"Kert\u00e9szeti kis- \u00e9s nagykeresked\u00e9s, D\u00edszn\u00f6v\u00e9ny web\u00e1ruh\u00e1z orsz\u00e1gos h\u00e1zhozsz\u00e1ll\u00edt\u00e1ssal!","publisher":{"@id":"https:\/\/tajkertesz.com\/#organization"},"potentialAction":[{"@type":"SearchAction","target":{"@type":"EntryPoint","urlTemplate":"https:\/\/tajkertesz.com\/?s={search_term_string}"},"query-input":{"@type":"PropertyValueSpecification","valueRequired":true,"valueName":"search_term_string"}}],"inLanguage":"en-US"},{"@type":"Organization","@id":"https:\/\/tajkertesz.com\/#organization","name":"T\u00e1j-Kert\u00e9sz 84 Kft.","url":"https:\/\/tajkertesz.com\/","logo":{"@type":"ImageObject","inLanguage":"en-US","@id":"https:\/\/tajkertesz.com\/#\/schema\/logo\/image\/","url":"https:\/\/tajkertesz.com\/wp-content\/uploads\/2018\/02\/logo-2-e1518678052539.png","contentUrl":"https:\/\/tajkertesz.com\/wp-content\/uploads\/2018\/02\/logo-2-e1518678052539.png","width":81,"height":140,"caption":"T\u00e1j-Kert\u00e9sz 84 Kft."},"image":{"@id":"https:\/\/tajkertesz.com\/#\/schema\/logo\/image\/"},"sameAs":["https:\/\/www.facebook.com\/Tajkertesz\/"]}]}},"_links":{"self":[{"href":"https:\/\/tajkertesz.com\/en_US\/wp-json\/wp\/v2\/product\/4840","targetHints":{"allow":["GET"]}}],"collection":[{"href":"https:\/\/tajkertesz.com\/en_US\/wp-json\/wp\/v2\/product"}],"about":[{"href":"https:\/\/tajkertesz.com\/en_US\/wp-json\/wp\/v2\/types\/product"}],"wp:featuredmedia":[{"embeddable":true,"href":"https:\/\/tajkertesz.com\/en_US\/wp-json\/wp\/v2\/media\/4841"}],"wp:attachment":[{"href":"https:\/\/tajkertesz.com\/en_US\/wp-json\/wp\/v2\/media?parent=4840"}],"wp:term":[{"taxonomy":"product_brand","embeddable":true,"href":"https:\/\/tajkertesz.com\/en_US\/wp-json\/wp\/v2\/product_brand?post=4840"},{"taxonomy":"product_cat","embeddable":true,"href":"https:\/\/tajkertesz.com\/en_US\/wp-json\/wp\/v2\/product_cat?post=4840"},{"taxonomy":"product_tag","embeddable":true,"href":"https:\/\/tajkertesz.com\/en_US\/wp-json\/wp\/v2\/product_tag?post=4840"}],"curies":[{"name":"wp","href":"https:\/\/api.w.org\/{rel}","templated":true}]}}