{"id":4845,"date":"2021-05-14T10:20:52","date_gmt":"2021-05-14T10:20:52","guid":{"rendered":"https:\/\/tajkertesz.com\/?post_type=product&#038;p=4845"},"modified":"2024-03-26T16:35:14","modified_gmt":"2024-03-26T16:35:14","slug":"budapest-60-kulteri-kerek-vaza","status":"publish","type":"product","link":"https:\/\/tajkertesz.com\/en_US\/product\/budapest-60-kulteri-kerek-vaza\/","title":{"rendered":"Jov\u00e1n BUDAPEST 60 k\u00fclt\u00e9ri kerek v\u00e1za"},"content":{"rendered":"<p>&nbsp;<\/p>\n<h2>BUDAPEST 60 k\u00fclt\u00e9ri kerek v\u00e1za<\/h2>\n<p>Egyedi gy\u00e1rt\u00e1s\u00fa k\u00e9zm\u0171ves term\u00e9k.<\/p>\n<p>Magyar csal\u00e1di manufakt\u00fara term\u00e9ke!<\/p>\n<p>K\u00fclt\u00e9ri, fagy\u00e1ll\u00f3, k\u00f6zvetlen\u00fcl is \u00fcltethet\u0151!<\/p>\n<p>A feh\u00e9rcement \u00e9s beton alapanyagoknak, illetve a speci\u00e1lis ut\u00f3lagos sz\u00ednez\u00e9si elj\u00e1r\u00e1snak k\u00f6sz\u00f6nhet\u0151en vir\u00e1gtart\u00f3ink, balkonl\u00e1d\u00e1ink gondoz\u00e1smentes, id\u0151j\u00e1r\u00e1s- \u00e9s fagy\u00e1ll\u00f3 term\u00e9kek.<\/p>\n<p>A fagy\u00e1ll\u00f3s\u00e1g biztos\u00edt\u00e1s\u00e1ra a kasp\u00f3 alj\u00e1ba kavics\u00e1gy elhelyez\u00e9se, majd ezt k\u00f6vet\u0151en egy r\u00e9teg geotext\u00edlia alkalmaz\u00e1sa javasolt.<\/p>\n<p>A speci\u00e1lis sz\u00ednez\u00e9si elj\u00e1r\u00e1s miatt a k\u00e9sz term\u00e9keink sz\u00edne a val\u00f3s\u00e1gban elt\u00e9rhet a k\u00e9pen l\u00e1that\u00f3 sz\u00ednekt\u0151l. Magasnyom\u00e1s\u00fa k\u00e9sz\u00fcl\u00e9kkel t\u00f6rt\u00e9n\u0151 tiszt\u00edt\u00e1s k\u00e1rt tehet a sz\u00ednez\u00e9sben, k\u00e9rj\u00fck ker\u00fclje alkalmaz\u00e1s\u00e1t.<\/p>\n<p>A term\u00e9k \u00f6sszeszerel\u00e9se s\u00edk, stabil burkolaton t\u00f6rt\u00e9njen!<\/p>\n<p>Tulajdons\u00e1gok<br \/>\nFagy\u00e1ll\u00f3, k\u00fclt\u00e9ri kivitel<br \/>\nAlapanyag: beton<br \/>\nManufakt\u00far\u00e1lis m\u00f3dszerekkel k\u00e9sz\u00fclt<br \/>\nEgyedi formaterv<br \/>\nT\u00f6meg: 88 kg<br \/>\nM\u00e9retek: 58 \u00d7 58 \u00d7 60 cm<\/p>\n<div><a href=\"https:\/\/www.facebook.com\/tajkertesz\">https:\/\/www.facebook.com\/tajkertesz<\/a><\/div>\n<div>\n<p><a href=\"https:\/\/tajkertesz.com\/\">https:\/\/tajkertesz.com\/<\/a><\/p>\n<\/div>\n<div>\n<p><b>K\u00e9szlet\u00fcnk napi szinten v\u00e1ltozik, ez\u00e9rt k\u00e9rj\u00fck, \u00e9rdekl\u0151dj\u00f6n szem\u00e9lyesen, telefonon vagy email-en.<br \/>\nA v\u00e1ltoztat\u00e1s jog\u00e1t fenntartjuk!\u00a0<\/b><\/p>\n<p><strong>El\u00e9rhet\u0151 sz\u00ednekr\u0151l k\u00e9rem \u00e9rdekl\u0151djenek!<\/strong><\/p>\n<p>Enn\u00e9l a term\u00e9kn\u00e9l a sz\u00e1ll\u00edt\u00e1s csak egyedi megbesz\u00e9l\u00e9s alapj\u00e1n, illetve szem\u00e9lyes \u00e1tv\u00e9tellel lehets\u00e9ges.<\/p>\n<\/div>\n<h3><span style=\"color: #ffffff;\"><strong>A cement:<\/strong><\/span><\/h3>\n<p><span style=\"color: #ffffff;\">A\u00a0<b>cement<\/b> olyan hidraulikus k\u00f6t\u0151anyag, amelyben a k\u00f6t\u0151- \u00e9s adal\u00e9kanyagok v\u00edz hozz\u00e1ad\u00e1s\u00e1val k\u00e9miai reakci\u00f3ba l\u00e9pnek egym\u00e1ssal \u00e9s azokat a cement k\u00e9pes tart\u00f3san \u00f6sszeragasztani. Az \u00e9venk\u00e9nti cementgy\u00e1rt\u00e1s a vil\u00e1gon 4,2 milli\u00e1rd tonna nagys\u00e1grend\u0171re becs\u00fclhet\u0151.<sup id=\"cite_ref-1\" class=\"reference\"><\/sup><\/span><\/p>\n<p><span style=\"color: #ffffff;\">A cement elnevez\u00e9s a r\u00f3mai id\u0151kig ny\u00falik vissza, amikor is az\u00a0<i>opus caementitium<\/i> kifejez\u00e9st az olyan (a betonhoz hasonl\u00f3) falazott szerkezetekre haszn\u00e1lt\u00e1k, amelyek k\u0151z\u00fazal\u00e9kb\u00f3l \u00e9s az azt \u00f6sszetart\u00f3\u00a0 \u00e9getett m\u00e9szb\u0151l\u00a0 k\u00e9sz\u00fcltek.<\/span><\/p>\n<h4><span style=\"color: #ffffff;\">Beton:<\/span><\/h4>\n<div id=\"mw-fr-revisiontag\" class=\"flaggedrevs_short flaggedrevs_stable_synced plainlinks noprint\">\n<div class=\"flaggedrevs_short_basic\">\n<div><span style=\"color: #ffffff;\">A <b>beton<\/b> mesters\u00e9ges \u00e9p\u00edt\u0151anyag, melynek \u00f6sszetev\u0151i a kavics, a homok, a cement \u00e9s a v\u00edz. Er\u0151sen l\u00fagos. El\u0151nye, hogy b\u00e1rmilyen alakra form\u00e1zhat\u00f3, megszil\u00e1rdulva pedig nagy szil\u00e1rds\u00e1g\u00fa tart\u00f3szerkezetk\u00e9nt m\u0171k\u00f6dik. L\u00e9nyege, hogy a k\u0151szer\u0171, szemcs\u00e9s \u00f6sszetev\u0151ket (kavics\/k\u0151t\u00f6rmel\u00e9k \u00e9s homok), a cement, mint \u201ek\u00f6t\u0151anyag\u201d v\u00edz k\u00f6zrem\u0171k\u00f6d\u00e9se mellett \u00f6sszeragasztja. A nagyobb szemcs\u00e9s kavicsr\u00e9sz adja a beton \u201ek\u0151kem\u00e9ny\u201d \u00e9p\u00edt\u0151r\u00e9szecsk\u00e9it, a homok apr\u00f3 szemcs\u00e9i a nagy kavicsok k\u00f6zti r\u00e9sek h\u00e9zagmentes kit\u00f6lt\u00e9s\u00e9t biztos\u00edtj\u00e1k, a cement pedig ragaszt\u00f3anyagk\u00e9nt (k\u00f6t\u0151anyag) e szemcs\u00e9ket k\u0151szer\u0171en kem\u00e9ny anyagg\u00e1 ragasztja \u00f6ssze k\u00e9miai-fizikai k\u00f6t\u00e9ssel. Az \u00f6sszekevert alkot\u00f3anyagokb\u00f3l <i>k\u00e9sz\u00fclt friss<\/i>\u00a0beton r\u00f6vid ideig szabadon form\u00e1zhat\u00f3, majd a cement a v\u00edzzel beindul\u00f3 k\u00e9miai-fizikai folyamatok hat\u00e1s\u00e1ra megszil\u00e1rdul, \u00e9s a kavicsos-homokszemcs\u00e9s \u00f6sszetev\u0151kkel nagy teherb\u00edr\u00e1s\u00fa mesters\u00e9ges k\u00f6vet k\u00e9pez (a beton megk\u00f6t), l\u00e9trehozva a\u00a0<i>megszil\u00e1rdult beton<\/i>t. A v\u00edz nagy r\u00e9sze ek\u00f6zben elp\u00e1rolog. A k\u00e9sz beton leveg\u0151t is tartalmaz. A beton tulajdons\u00e1gait kever\u00e9skor tov\u00e1bbi adal\u00e9kszerekkel (k\u00e9pl\u00e9keny\u00edt\u0151, l\u00e9gp\u00f3rusk\u00e9pz\u0151, szil\u00e1rdul\u00e1sgyors\u00edt\u00f3, k\u00f6t\u00e9slass\u00edt\u00f3) alak\u00edthatj\u00e1k. A cement k\u00f6t\u0151erej\u00e9t legnagyobb r\u00e9szt a benne lev\u0151 kalcium-szilik\u00e1tok v\u00edz hat\u00e1s\u00e1ra t\u00f6rt\u00e9n\u0151 kalcium-szilik\u00e1t-hidr\u00e1tt\u00e1 alakul\u00e1sa adja (hidrat\u00e1ci\u00f3). A cement k\u00e9miai k\u00f6t\u00e9st biztos\u00edt\u00f3 reakci\u00f3j\u00e1hoz kell\u0151 mennyis\u00e9g\u0171 v\u00edz sz\u00fcks\u00e9ges. Ez\u00e9rt a betont ut\u00f3kezel\u00e9sk\u00e9nt locsolni szokt\u00e1k kb. 1 h\u00e9tig. Ennek hi\u00e1ny\u00e1ban a beton kisz\u00e1rad, nem j\u00f6n l\u00e9tre teljes m\u00e9rt\u00e9kben a m\u00e9sz k\u00e9miai k\u00f6rfolyamata, \u00e9s a beton morzsal\u00e9kony lesz.<\/span><\/div>\n<\/div>\n<\/div>\n<div id=\"bodyContent\" class=\"mw-body-content\">\n<div id=\"mw-content-text\" class=\"mw-content-ltr\" dir=\"ltr\" lang=\"hu\">\n<div class=\"mw-parser-output\">\n<div class=\"thumb tright\">\n<div class=\"thumbinner\">\n<div class=\"thumbcaption\">\n<div class=\"magnify\">\n<p><span style=\"color: #ffffff;\">Fo<\/span><\/p>\n<\/div>\n<\/div>\n<\/div>\n<\/div>\n<\/div>\n<\/div>\n<\/div>","protected":false},"excerpt":{"rendered":"<p>&nbsp;<\/p>\n<p>&nbsp;<\/p>\n<h2><strong>BUDAPEST 60 k\u00fclt\u00e9ri kerek v\u00e1za<\/strong><\/h2>\n<p>Egyedi gy\u00e1rt\u00e1s\u00fa k\u00e9zm\u0171ves term\u00e9k.<\/p>\n<p>Magyar csal\u00e1di manufakt\u00fara term\u00e9ke!<\/p>\n<p>K\u00fclt\u00e9ri, fagy\u00e1ll\u00f3, k\u00f6zvetlen\u00fcl is \u00fcltethet\u0151!<\/p>","protected":false},"featured_media":4824,"template":"","meta":{"_et_pb_use_builder":"","_et_pb_old_content":"","_et_gb_content_width":""},"product_brand":[],"product_cat":[1572],"product_tag":[3449,3448,3447,1535,3450,1536],"class_list":{"0":"post-4845","1":"product","2":"type-product","3":"status-publish","4":"has-post-thumbnail","6":"product_cat-novenytartok-kaspok","7":"product_tag-60-kulteri","8":"product_tag-budapest","9":"product_tag-budapest-60","10":"product_tag-jovan","11":"product_tag-kerek-vaza","12":"product_tag-manufaktura","14":"first","15":"instock","16":"shipping-taxable","17":"purchasable","18":"product-type-simple"},"yoast_head":"<!-- This site is optimized with the Yoast SEO plugin v27.3 - https:\/\/yoast.com\/product\/yoast-seo-wordpress\/ -->\n<title>Jov\u00e1n BUDAPEST 60 k\u00fclt\u00e9ri kerek v\u00e1za - T\u00e1jkert\u00e9sz<\/title>\n<meta name=\"description\" content=\"BUDAPEST 60 k\u00fclt\u00e9ri kerek v\u00e1za. Egyedi gy\u00e1rt\u00e1s\u00fa k\u00e9zm\u0171ves term\u00e9k. Magyar csal\u00e1di manufakt\u00fara term\u00e9ke! K\u00fclt\u00e9ri, fagy\u00e1ll\u00f3.\" \/>\n<meta name=\"robots\" content=\"index, follow, max-snippet:-1, max-image-preview:large, max-video-preview:-1\" \/>\n<link rel=\"canonical\" href=\"https:\/\/tajkertesz.com\/en_US\/product\/budapest-60-kulteri-kerek-vaza\/\" \/>\n<meta property=\"og:locale\" content=\"en_US\" \/>\n<meta property=\"og:type\" content=\"article\" \/>\n<meta property=\"og:title\" content=\"Jov\u00e1n BUDAPEST 60 k\u00fclt\u00e9ri kerek v\u00e1za - T\u00e1jkert\u00e9sz\" \/>\n<meta property=\"og:description\" content=\"BUDAPEST 60 k\u00fclt\u00e9ri kerek v\u00e1za. Egyedi gy\u00e1rt\u00e1s\u00fa k\u00e9zm\u0171ves term\u00e9k. Magyar csal\u00e1di manufakt\u00fara term\u00e9ke! K\u00fclt\u00e9ri, fagy\u00e1ll\u00f3.\" \/>\n<meta property=\"og:url\" content=\"https:\/\/tajkertesz.com\/en_US\/product\/budapest-60-kulteri-kerek-vaza\/\" \/>\n<meta property=\"og:site_name\" content=\"T\u00e1jkert\u00e9sz\" \/>\n<meta property=\"article:publisher\" content=\"https:\/\/www.facebook.com\/Tajkertesz\/\" \/>\n<meta property=\"article:modified_time\" content=\"2024-03-26T16:35:14+00:00\" \/>\n<meta property=\"og:image\" content=\"https:\/\/tajkertesz.com\/wp-content\/uploads\/2021\/05\/budapest_60_kerek_c.jpg\" \/>\n\t<meta property=\"og:image:width\" content=\"512\" \/>\n\t<meta property=\"og:image:height\" content=\"644\" \/>\n\t<meta property=\"og:image:type\" content=\"image\/jpeg\" \/>\n<meta name=\"twitter:card\" content=\"summary_large_image\" \/>\n<meta name=\"twitter:label1\" content=\"Est. reading time\" \/>\n\t<meta name=\"twitter:data1\" content=\"2 minutes\" \/>\n<script type=\"application\/ld+json\" class=\"yoast-schema-graph\">{\"@context\":\"https:\\\/\\\/schema.org\",\"@graph\":[{\"@type\":\"WebPage\",\"@id\":\"https:\\\/\\\/tajkertesz.com\\\/termek\\\/budapest-60-kulteri-kerek-vaza\\\/\",\"url\":\"https:\\\/\\\/tajkertesz.com\\\/termek\\\/budapest-60-kulteri-kerek-vaza\\\/\",\"name\":\"Jov\u00e1n BUDAPEST 60 k\u00fclt\u00e9ri kerek v\u00e1za - T\u00e1jkert\u00e9sz\",\"isPartOf\":{\"@id\":\"https:\\\/\\\/tajkertesz.com\\\/#website\"},\"primaryImageOfPage\":{\"@id\":\"https:\\\/\\\/tajkertesz.com\\\/termek\\\/budapest-60-kulteri-kerek-vaza\\\/#primaryimage\"},\"image\":{\"@id\":\"https:\\\/\\\/tajkertesz.com\\\/termek\\\/budapest-60-kulteri-kerek-vaza\\\/#primaryimage\"},\"thumbnailUrl\":\"https:\\\/\\\/tajkertesz.com\\\/wp-content\\\/uploads\\\/2021\\\/05\\\/budapest_60_kerek_c.jpg\",\"datePublished\":\"2021-05-14T10:20:52+00:00\",\"dateModified\":\"2024-03-26T16:35:14+00:00\",\"description\":\"BUDAPEST 60 k\u00fclt\u00e9ri kerek v\u00e1za. Egyedi gy\u00e1rt\u00e1s\u00fa k\u00e9zm\u0171ves term\u00e9k. Magyar csal\u00e1di manufakt\u00fara term\u00e9ke! K\u00fclt\u00e9ri, fagy\u00e1ll\u00f3.\",\"breadcrumb\":{\"@id\":\"https:\\\/\\\/tajkertesz.com\\\/termek\\\/budapest-60-kulteri-kerek-vaza\\\/#breadcrumb\"},\"inLanguage\":\"en-US\",\"potentialAction\":[{\"@type\":\"ReadAction\",\"target\":[\"https:\\\/\\\/tajkertesz.com\\\/termek\\\/budapest-60-kulteri-kerek-vaza\\\/\"]}]},{\"@type\":\"ImageObject\",\"inLanguage\":\"en-US\",\"@id\":\"https:\\\/\\\/tajkertesz.com\\\/termek\\\/budapest-60-kulteri-kerek-vaza\\\/#primaryimage\",\"url\":\"https:\\\/\\\/tajkertesz.com\\\/wp-content\\\/uploads\\\/2021\\\/05\\\/budapest_60_kerek_c.jpg\",\"contentUrl\":\"https:\\\/\\\/tajkertesz.com\\\/wp-content\\\/uploads\\\/2021\\\/05\\\/budapest_60_kerek_c.jpg\",\"width\":512,\"height\":644},{\"@type\":\"BreadcrumbList\",\"@id\":\"https:\\\/\\\/tajkertesz.com\\\/termek\\\/budapest-60-kulteri-kerek-vaza\\\/#breadcrumb\",\"itemListElement\":[{\"@type\":\"ListItem\",\"position\":1,\"name\":\"Home\",\"item\":\"https:\\\/\\\/tajkertesz.com\\\/\"},{\"@type\":\"ListItem\",\"position\":2,\"name\":\"Kezd\u0151lap\",\"item\":\"https:\\\/\\\/tajkertesz.com\\\/\"},{\"@type\":\"ListItem\",\"position\":3,\"name\":\"Jov\u00e1n BUDAPEST 60 k\u00fclt\u00e9ri kerek v\u00e1za\"}]},{\"@type\":\"WebSite\",\"@id\":\"https:\\\/\\\/tajkertesz.com\\\/#website\",\"url\":\"https:\\\/\\\/tajkertesz.com\\\/\",\"name\":\"T\u00e1j-Kert\u00e9sz 84 Kft.\",\"description\":\"Kert\u00e9szeti kis- \u00e9s nagykeresked\u00e9s, D\u00edszn\u00f6v\u00e9ny web\u00e1ruh\u00e1z orsz\u00e1gos h\u00e1zhozsz\u00e1ll\u00edt\u00e1ssal!\",\"publisher\":{\"@id\":\"https:\\\/\\\/tajkertesz.com\\\/#organization\"},\"potentialAction\":[{\"@type\":\"SearchAction\",\"target\":{\"@type\":\"EntryPoint\",\"urlTemplate\":\"https:\\\/\\\/tajkertesz.com\\\/?s={search_term_string}\"},\"query-input\":{\"@type\":\"PropertyValueSpecification\",\"valueRequired\":true,\"valueName\":\"search_term_string\"}}],\"inLanguage\":\"en-US\"},{\"@type\":\"Organization\",\"@id\":\"https:\\\/\\\/tajkertesz.com\\\/#organization\",\"name\":\"T\u00e1j-Kert\u00e9sz 84 Kft.\",\"url\":\"https:\\\/\\\/tajkertesz.com\\\/\",\"logo\":{\"@type\":\"ImageObject\",\"inLanguage\":\"en-US\",\"@id\":\"https:\\\/\\\/tajkertesz.com\\\/#\\\/schema\\\/logo\\\/image\\\/\",\"url\":\"https:\\\/\\\/tajkertesz.com\\\/wp-content\\\/uploads\\\/2018\\\/02\\\/logo-2-e1518678052539.png\",\"contentUrl\":\"https:\\\/\\\/tajkertesz.com\\\/wp-content\\\/uploads\\\/2018\\\/02\\\/logo-2-e1518678052539.png\",\"width\":81,\"height\":140,\"caption\":\"T\u00e1j-Kert\u00e9sz 84 Kft.\"},\"image\":{\"@id\":\"https:\\\/\\\/tajkertesz.com\\\/#\\\/schema\\\/logo\\\/image\\\/\"},\"sameAs\":[\"https:\\\/\\\/www.facebook.com\\\/Tajkertesz\\\/\"]}]}<\/script>\n<!-- \/ Yoast SEO plugin. -->","yoast_head_json":{"title":"Jov\u00e1n BUDAPEST 60 k\u00fclt\u00e9ri kerek v\u00e1za - T\u00e1jkert\u00e9sz","description":"BUDAPEST 60 k\u00fclt\u00e9ri kerek v\u00e1za. Egyedi gy\u00e1rt\u00e1s\u00fa k\u00e9zm\u0171ves term\u00e9k. Magyar csal\u00e1di manufakt\u00fara term\u00e9ke! K\u00fclt\u00e9ri, fagy\u00e1ll\u00f3.","robots":{"index":"index","follow":"follow","max-snippet":"max-snippet:-1","max-image-preview":"max-image-preview:large","max-video-preview":"max-video-preview:-1"},"canonical":"https:\/\/tajkertesz.com\/en_US\/product\/budapest-60-kulteri-kerek-vaza\/","og_locale":"en_US","og_type":"article","og_title":"Jov\u00e1n BUDAPEST 60 k\u00fclt\u00e9ri kerek v\u00e1za - T\u00e1jkert\u00e9sz","og_description":"BUDAPEST 60 k\u00fclt\u00e9ri kerek v\u00e1za. Egyedi gy\u00e1rt\u00e1s\u00fa k\u00e9zm\u0171ves term\u00e9k. Magyar csal\u00e1di manufakt\u00fara term\u00e9ke! K\u00fclt\u00e9ri, fagy\u00e1ll\u00f3.","og_url":"https:\/\/tajkertesz.com\/en_US\/product\/budapest-60-kulteri-kerek-vaza\/","og_site_name":"T\u00e1jkert\u00e9sz","article_publisher":"https:\/\/www.facebook.com\/Tajkertesz\/","article_modified_time":"2024-03-26T16:35:14+00:00","og_image":[{"width":512,"height":644,"url":"https:\/\/tajkertesz.com\/wp-content\/uploads\/2021\/05\/budapest_60_kerek_c.jpg","type":"image\/jpeg"}],"twitter_card":"summary_large_image","twitter_misc":{"Est. reading time":"2 minutes"},"schema":{"@context":"https:\/\/schema.org","@graph":[{"@type":"WebPage","@id":"https:\/\/tajkertesz.com\/termek\/budapest-60-kulteri-kerek-vaza\/","url":"https:\/\/tajkertesz.com\/termek\/budapest-60-kulteri-kerek-vaza\/","name":"Jov\u00e1n BUDAPEST 60 k\u00fclt\u00e9ri kerek v\u00e1za - T\u00e1jkert\u00e9sz","isPartOf":{"@id":"https:\/\/tajkertesz.com\/#website"},"primaryImageOfPage":{"@id":"https:\/\/tajkertesz.com\/termek\/budapest-60-kulteri-kerek-vaza\/#primaryimage"},"image":{"@id":"https:\/\/tajkertesz.com\/termek\/budapest-60-kulteri-kerek-vaza\/#primaryimage"},"thumbnailUrl":"https:\/\/tajkertesz.com\/wp-content\/uploads\/2021\/05\/budapest_60_kerek_c.jpg","datePublished":"2021-05-14T10:20:52+00:00","dateModified":"2024-03-26T16:35:14+00:00","description":"BUDAPEST 60 k\u00fclt\u00e9ri kerek v\u00e1za. Egyedi gy\u00e1rt\u00e1s\u00fa k\u00e9zm\u0171ves term\u00e9k. Magyar csal\u00e1di manufakt\u00fara term\u00e9ke! K\u00fclt\u00e9ri, fagy\u00e1ll\u00f3.","breadcrumb":{"@id":"https:\/\/tajkertesz.com\/termek\/budapest-60-kulteri-kerek-vaza\/#breadcrumb"},"inLanguage":"en-US","potentialAction":[{"@type":"ReadAction","target":["https:\/\/tajkertesz.com\/termek\/budapest-60-kulteri-kerek-vaza\/"]}]},{"@type":"ImageObject","inLanguage":"en-US","@id":"https:\/\/tajkertesz.com\/termek\/budapest-60-kulteri-kerek-vaza\/#primaryimage","url":"https:\/\/tajkertesz.com\/wp-content\/uploads\/2021\/05\/budapest_60_kerek_c.jpg","contentUrl":"https:\/\/tajkertesz.com\/wp-content\/uploads\/2021\/05\/budapest_60_kerek_c.jpg","width":512,"height":644},{"@type":"BreadcrumbList","@id":"https:\/\/tajkertesz.com\/termek\/budapest-60-kulteri-kerek-vaza\/#breadcrumb","itemListElement":[{"@type":"ListItem","position":1,"name":"Home","item":"https:\/\/tajkertesz.com\/"},{"@type":"ListItem","position":2,"name":"Kezd\u0151lap","item":"https:\/\/tajkertesz.com\/"},{"@type":"ListItem","position":3,"name":"Jov\u00e1n BUDAPEST 60 k\u00fclt\u00e9ri kerek v\u00e1za"}]},{"@type":"WebSite","@id":"https:\/\/tajkertesz.com\/#website","url":"https:\/\/tajkertesz.com\/","name":"T\u00e1j-Kert\u00e9sz 84 Kft.","description":"Kert\u00e9szeti kis- \u00e9s nagykeresked\u00e9s, D\u00edszn\u00f6v\u00e9ny web\u00e1ruh\u00e1z orsz\u00e1gos h\u00e1zhozsz\u00e1ll\u00edt\u00e1ssal!","publisher":{"@id":"https:\/\/tajkertesz.com\/#organization"},"potentialAction":[{"@type":"SearchAction","target":{"@type":"EntryPoint","urlTemplate":"https:\/\/tajkertesz.com\/?s={search_term_string}"},"query-input":{"@type":"PropertyValueSpecification","valueRequired":true,"valueName":"search_term_string"}}],"inLanguage":"en-US"},{"@type":"Organization","@id":"https:\/\/tajkertesz.com\/#organization","name":"T\u00e1j-Kert\u00e9sz 84 Kft.","url":"https:\/\/tajkertesz.com\/","logo":{"@type":"ImageObject","inLanguage":"en-US","@id":"https:\/\/tajkertesz.com\/#\/schema\/logo\/image\/","url":"https:\/\/tajkertesz.com\/wp-content\/uploads\/2018\/02\/logo-2-e1518678052539.png","contentUrl":"https:\/\/tajkertesz.com\/wp-content\/uploads\/2018\/02\/logo-2-e1518678052539.png","width":81,"height":140,"caption":"T\u00e1j-Kert\u00e9sz 84 Kft."},"image":{"@id":"https:\/\/tajkertesz.com\/#\/schema\/logo\/image\/"},"sameAs":["https:\/\/www.facebook.com\/Tajkertesz\/"]}]}},"_links":{"self":[{"href":"https:\/\/tajkertesz.com\/en_US\/wp-json\/wp\/v2\/product\/4845","targetHints":{"allow":["GET"]}}],"collection":[{"href":"https:\/\/tajkertesz.com\/en_US\/wp-json\/wp\/v2\/product"}],"about":[{"href":"https:\/\/tajkertesz.com\/en_US\/wp-json\/wp\/v2\/types\/product"}],"wp:featuredmedia":[{"embeddable":true,"href":"https:\/\/tajkertesz.com\/en_US\/wp-json\/wp\/v2\/media\/4824"}],"wp:attachment":[{"href":"https:\/\/tajkertesz.com\/en_US\/wp-json\/wp\/v2\/media?parent=4845"}],"wp:term":[{"taxonomy":"product_brand","embeddable":true,"href":"https:\/\/tajkertesz.com\/en_US\/wp-json\/wp\/v2\/product_brand?post=4845"},{"taxonomy":"product_cat","embeddable":true,"href":"https:\/\/tajkertesz.com\/en_US\/wp-json\/wp\/v2\/product_cat?post=4845"},{"taxonomy":"product_tag","embeddable":true,"href":"https:\/\/tajkertesz.com\/en_US\/wp-json\/wp\/v2\/product_tag?post=4845"}],"curies":[{"name":"wp","href":"https:\/\/api.w.org\/{rel}","templated":true}]}}