{"id":4879,"date":"2021-05-17T06:48:16","date_gmt":"2021-05-17T06:48:16","guid":{"rendered":"https:\/\/tajkertesz.com\/?post_type=product&#038;p=4879"},"modified":"2025-02-05T08:55:09","modified_gmt":"2025-02-05T08:55:09","slug":"bros-vakondcsapda-fogasjelzos","status":"publish","type":"product","link":"https:\/\/tajkertesz.com\/en_US\/product\/bros-vakondcsapda-fogasjelzos\/","title":{"rendered":"Bros Vakondcsapda fog\u00e1sjelz\u0151s B040"},"content":{"rendered":"<div class=\"artdet__name-rating d-none d-lg-block\">\n<div class=\"row gutters-5\">\n<div class=\"col\">\n<div class=\"artdet__name-pagination-wrap d-flex\">\n<div class=\"top product-page-top\">\n<div class=\"center product-page-center\">\n<div class=\"artdet__name-pagination-wrap d-flex\">\n<div class=\"summary entry-summary\">\n<div class=\"elementor-column elementor-col-50 elementor-inner-column elementor-element elementor-element-072daa9\" data-id=\"072daa9\" data-element_type=\"column\">\n<div class=\"elementor-widget-wrap elementor-element-populated\">\n<div class=\"elementor-element elementor-element-54ae97b elementor-widget__width-auto elementor-widget elementor-widget-jet-single-title\" data-id=\"54ae97b\" data-element_type=\"widget\" data-widget_type=\"jet-single-title.default\">\n<div class=\"elementor-widget-container\">\n<div class=\"elementor-jet-single-title jet-woo-builder\">\n<h2>Bros Vakondcsapda fog\u00e1sjelz\u0151s B040<\/h2>\n<\/div>\n<\/div>\n<\/div>\n<\/div>\n<\/div>\n<div class=\"elementor-column elementor-col-50 elementor-inner-column elementor-element elementor-element-fe6e915\" data-id=\"fe6e915\" data-element_type=\"column\">\n<div class=\"elementor-widget-wrap elementor-element-populated\">\n<div class=\"elementor-element elementor-element-f74de4b elementor-widget__width-auto elementor-widget elementor-widget-jet-single-price\" data-id=\"f74de4b\" data-element_type=\"widget\" data-widget_type=\"jet-single-price.default\">\n<div class=\"elementor-widget-container\">\n<div class=\"elementor-jet-single-price jet-woo-builder\">Bros Vakondcsapda fog\u00e1sjelz\u0151s B040<\/div>\n<\/div>\n<\/div>\n<\/div>\n<\/div>\n<div class=\"elementor-column elementor-col-50 elementor-inner-column elementor-element elementor-element-072daa9\" data-id=\"072daa9\" data-element_type=\"column\">\n<div class=\"elementor-widget-wrap elementor-element-populated\">\n<div class=\"elementor-element elementor-element-54ae97b elementor-widget__width-auto elementor-widget elementor-widget-jet-single-title\" data-id=\"54ae97b\" data-element_type=\"widget\" data-widget_type=\"jet-single-title.default\">\n<div class=\"elementor-widget-container\">\n<div class=\"elementor-jet-single-title jet-woo-builder\">\n<p>&nbsp;<\/p>\n<p>K\u00f6rnyezetk\u00edm\u00e9l\u0151 vakond- \u00e9s mezei eg\u00e9r csapda, ahov\u00e1 az \u00e1llat k\u00f6nnyed\u00e9n bejut, de a kijut\u00e1sa akad\u00e1lyozva van. A vakondcsapda seg\u00edts\u00e9g\u00e9vel elfogott vakondot m\u00e1s helyre viheti, megakad\u00e1lyozva azt, hogy ism\u00e9t probl\u00e9m\u00e1t okozzon \u00d6nnek.<\/p>\n<p>Vakondcsapda (\u00e9lve- fog\u00f3) haszn\u00e1lata:1. \u00d3vatosan fedj\u00fck fel a vakond, vagy mezei eg\u00e9r f\u00f6ldalatti j\u00e1rat\u00e1t.<\/p>\n<p>2. A csapd\u00e1t a szabadd\u00e1 tett j\u00e1ratba helyezz\u00fck \u00fagy, hogy ne ker\u00fclj\u00f6n f\u00f6ld a csapd\u00e1ba, \u00e9s a j\u00e1rat ne omoljon be. A csapda csap\u00f3ajt\u00f3ja legyen z\u00e1rt \u00e1llapotban.<\/p>\n<p>3. A ny\u00edl\u00e1st fedje be p\u00e1zsittal, deszk\u00e1val, vagy lapos t\u00e1rggyal, hogy f\u00e9ny \u00e9s leveg\u0151 ne jusson a j\u00e1ratba. A csapda fog\u00e1sjelz\u0151je legyen l\u00e1that\u00f3 a f\u00f6ld felett, elfordul\u00e1sa azt jelenti, hogy \u00e1llatot, t\u00f6bbnyire vakondot fogott a csapda. Mindig \u00e9rdemes keszty\u0171t haszn\u00e1lnia, amennyiben csapd\u00e1val dolgozik, az esetleges s\u00e9r\u00fcl\u00e9sek elker\u00fcl\u00e9se \u00e9rdek\u00e9ben. \u00c9lve- fog\u00f3 csapd\u00e1kat \u00e9rdemes ultrahangos vakondriaszt\u00f3val egyidej\u0171leg haszn\u00e1lni. A megzavart \u00e1llatok k\u00f6nnyebben csapd\u00e1ba ker\u00fclnek. A vakondcsapda anyaga m\u0171anya<\/p>\n<\/div>\n<p>&nbsp;<\/p>\n<\/div>\n<\/div>\n<\/div>\n<\/div>\n<\/div>\n<\/div>\n<\/div>\n<\/div>\n<\/div>\n<\/div>\n<\/div>\n<\/div>\n<div><a href=\"https:\/\/www.facebook.com\/tajkertesz\">https:\/\/www.facebook.com\/tajkertesz<\/a><\/div>\n<div>\n<p><a href=\"https:\/\/tajkertesz.com\/\">https:\/\/tajkertesz.com\/<\/a><\/p>\n<\/div>\n<p><span style=\"color: #ffffff;\">A vakondokr\u00f3l:<\/span><\/p>\n<p><span style=\"color: #ffffff;\">A\u00a0<b>k\u00f6z\u00f6ns\u00e9ges vakond<\/b>\u00a0vagy r\u00e9giesebb nev\u00e9n\u00a0<b>vakondok<\/b>\u00a0<i>(Talpa europaea)<\/i> az eml\u0151s\u00f6k <i>(Mammalia)<\/i>\u00a0 oszt\u00e1ly\u00e1nak\u00a0 Eulipotyphla\u00a0rendj\u00e9be, ezen bel\u00fcl a vakondf\u00e9l\u00e9k <i>(Talpidae)<\/i>\u00a0 csal\u00e1dj\u00e1ba tartoz\u00f3 t\u00edpusfaj.<\/span><\/p>\n<p><span style=\"color: #ffffff;\">A r\u00e9gebbi hagyom\u00e1nyos rendszerbesorol\u00e1sok a rovarev\u0151k <i>(Insectivora)<\/i> rendj\u00e9be sorolt\u00e1k.<\/span><\/p>\n<p><span id=\"\u00c9letm\u00f3dja\" class=\"mw-headline\" style=\"color: #ffffff;\">\u00c9letm\u00f3dja:\u00a0<\/span><\/p>\n<p><span style=\"color: #ffffff;\">A vakond nagyon k\u00f6nnyen \u00e1s. F\u0151 \u00e1s\u00f3szerve term\u00e9szetesen lap\u00e1t alak\u00fa, kezei er\u0151s karmokkal vannak ell\u00e1tva, mert \u2013 kiv\u00e1lt kem\u00e9nyebb talajban \u2013 csak ezek seg\u00edts\u00e9g\u00e9vel hatolhat el\u0151re. Ha a j\u00e1ratban a ki\u00e1sott f\u00f6ld f\u00f6lhalmoz\u00f3dik, a vakond a f\u00f6ldfelsz\u00edn ir\u00e1ny\u00e1ban kezd \u00e1sni, s ezen a k\u00fcrt\u0151n \u00e1t \u2013 fej\u00e9nek er\u0151s l\u00f6k\u00e9seivel \u2013 nyomja ki a f\u00f6ldet. Ez a vakondt\u00far\u00e1s keletkez\u00e9s\u00e9nek oka \u00e9s m\u00f3dja.<\/span><\/p>\n<p><span style=\"color: #ffffff;\">A vakond nem alszik t\u00e9li \u00e1lmot, mint n\u00e9mely m\u00e1s rovarev\u0151, hanem \u00e9jjel-nappal \u00f6r\u00f6k\u00f6s mozg\u00e1sban van, k\u00f6veti a giliszt\u00e1kat \u00e9s a rovarokat. A gilisztak\u00e9szlet gy\u0171jt\u00e9s\u00e9nek magyar\u00e1zata az, hogy a vakond t\u00e9len, fagyos id\u0151ben nem tud vad\u00e1szfolyos\u00f3kat \u00e1sni, teh\u00e1t \u00e9lelmiszerk\u00e9szletre van sz\u00fcks\u00e9ge.<\/span><\/p>\n<p>&nbsp;<\/p>\n<p><b>K\u00e9szlet\u00fcnk napi szinten v\u00e1ltozik, ez\u00e9rt k\u00e9rj\u00fck, \u00e9rdekl\u0151dj\u00f6n szem\u00e9lyesen, telefonon vagy email-en.<br \/>\nA v\u00e1ltoztat\u00e1s jog\u00e1t fenntartjuk!\u00a0<\/b><\/p>","protected":false},"excerpt":{"rendered":"<div class=\"artdet__name-rating d-none d-lg-block\">\n<div class=\"row gutters-5\">\n<div class=\"col\">\n<div class=\"artdet__name-rating d-none d-lg-block\">\n<div class=\"row gutters-5\">\n<div class=\"col\">\n<div class=\"artdet__name-rating d-none d-lg-block\">\n<div class=\"row gutters-5\">\n<div class=\"col\">\n<div class=\"artdet__name-rating d-none d-lg-block\">\n<div class=\"row gutters-5\">\n<div class=\"col\">\n<div class=\"artdet__name-rating d-none d-lg-block\">\n<div class=\"row gutters-5\">\n<div class=\"col\">\n<div class=\"artdet__name-rating d-none d-lg-block\">\n<div class=\"row gutters-5\">\n<div class=\"col\">\n<div class=\"artdet__name-rating d-none d-lg-block\">\n<div class=\"row gutters-5\">\n<div class=\"col\">\n<div class=\"artdet__name-rating d-none d-lg-block\">\n<div class=\"row gutters-5\">\n<div class=\"col\">\n<div class=\"artdet__name-rating d-none d-lg-block\">\n<div class=\"row gutters-5\">\n<div class=\"col\">\n<div class=\"artdet__name-rating d-none d-lg-block\">\n<div class=\"row gutters-5\">\n<div class=\"col\">\n<div class=\"artdet__name-rating d-none d-lg-block\">\n<div class=\"row gutters-5\">\n<div class=\"col\">\n<div class=\"artdet__name-rating d-none d-lg-block\">\n<div class=\"row gutters-5\">\n<div class=\"col\">\n<div class=\"artdet__name-pagination-wrap d-flex\">\n<div class=\"artdet__name-pagination-wrap d-flex\">\n<div class=\"artdet__name-pagination-wrap d-flex\">\n<div class=\"artdet__name-pagination-wrap d-flex\">\n<div class=\"artdet__name-rating d-none d-lg-block\">\n<div class=\"row gutters-5\">\n<div class=\"col\">\n<div class=\"artdet__name-pagination-wrap d-flex\">\n<div class=\"artdet__name-pagination-wrap d-flex\">\n<div class=\"artdet__name-pagination-wrap d-flex\">\n<div class=\"top product-page-top\">\n<div class=\"center product-page-center\">\n<div class=\"elementor-column elementor-col-50 elementor-inner-column elementor-element elementor-element-072daa9\" data-id=\"072daa9\" data-element_type=\"column\">\n<div class=\"elementor-widget-wrap elementor-element-populated\">\n<div class=\"elementor-element elementor-element-54ae97b elementor-widget__width-auto elementor-widget elementor-widget-jet-single-title\" data-id=\"54ae97b\" data-element_type=\"widget\" data-widget_type=\"jet-single-title.default\">\n<div class=\"elementor-widget-container\">\n<div class=\"elementor-jet-single-title jet-woo-builder\">\n<div class=\"elementor-column elementor-col-50 elementor-inner-column elementor-element elementor-element-072daa9\" data-id=\"072daa9\" data-element_type=\"column\">\n<div class=\"elementor-widget-wrap elementor-element-populated\">\n<div class=\"elementor-element elementor-element-54ae97b elementor-widget__width-auto elementor-widget elementor-widget-jet-single-title\" data-id=\"54ae97b\" data-element_type=\"widget\" data-widget_type=\"jet-single-title.default\">\n<div class=\"elementor-widget-container\">\n<div class=\"elementor-jet-single-title jet-woo-builder\">\n<div class=\"elementor-column elementor-col-50 elementor-inner-column elementor-element elementor-element-072daa9\" data-id=\"072daa9\" data-element_type=\"column\">\n<div class=\"elementor-widget-wrap elementor-element-populated\">\n<div class=\"elementor-element elementor-element-54ae97b elementor-widget__width-auto elementor-widget elementor-widget-jet-single-title\" data-id=\"54ae97b\" data-element_type=\"widget\" data-widget_type=\"jet-single-title.default\">\n<div class=\"elementor-widget-container\">\n<div class=\"elementor-jet-single-title jet-woo-builder\">\n<div class=\"elementor-column elementor-col-50 elementor-inner-column elementor-element elementor-element-072daa9\" data-id=\"072daa9\" data-element_type=\"column\">\n<div class=\"elementor-widget-wrap elementor-element-populated\">\n<div class=\"elementor-element elementor-element-54ae97b elementor-widget__width-auto elementor-widget elementor-widget-jet-single-title\" data-id=\"54ae97b\" data-element_type=\"widget\" data-widget_type=\"jet-single-title.default\">\n<div class=\"elementor-widget-container\">\n<div class=\"elementor-jet-single-title jet-woo-builder\">\n<h3 class=\"product_title entry-title\">Bros Vakondcsapda fog\u00e1sjelz\u0151s B040<\/h3>\n<p class=\"product_title entry-title\">K\u00f6rnyezetk\u00edm\u00e9l\u0151 vakond- \u00e9s mezei eg\u00e9r csapda, ahov\u00e1 az \u00e1llat k\u00f6nnyed\u00e9n bejut, de a kijut\u00e1sa akad\u00e1lyozva van. A vakondcsapda seg\u00edts\u00e9g\u00e9vel elfogott vakondot m\u00e1s helyre viheti, megakad\u00e1lyozva azt, hogy ism\u00e9t probl\u00e9m\u00e1t okozzon \u00d6nnek.<\/p>\n<\/div>\n<\/div>\n<\/div>\n<\/div>\n<\/div>\n<\/div>\n<\/div>\n<\/div>\n<\/div>\n<\/div>\n<\/div>\n<\/div>\n<\/div>\n<\/div>\n<\/div>\n<\/div>\n<\/div>\n<\/div>\n<\/div>\n<\/div>\n<\/div>\n<\/div>\n<\/div>\n<\/div>\n<\/div>\n<\/div>\n<\/div>\n<\/div>\n<\/div>\n<\/div>\n<\/div>\n<\/div>\n<\/div>\n<\/div>\n<\/div>\n<\/div>\n<\/div>\n<\/div>\n<\/div>\n<\/div>\n<\/div>\n<\/div>\n<\/div>\n<\/div>\n<\/div>\n<\/div>\n<\/div>\n<\/div>\n<\/div>\n<\/div>\n<\/div>\n<\/div>\n<\/div>\n<\/div>\n<\/div>\n<\/div>\n<\/div>\n<\/div>\n<\/div>\n<\/div>\n<\/div>\n<\/div>\n<\/div>\n<\/div>\n<\/div>\n<\/div>\n<\/div>\n<\/div>","protected":false},"featured_media":4880,"template":"","meta":{"_et_pb_use_builder":"","_et_pb_old_content":"","_et_gb_content_width":""},"product_brand":[],"product_cat":[4088],"product_tag":[4909,4983,4979,4982],"class_list":{"0":"post-4879","1":"product","2":"type-product","3":"status-publish","4":"has-post-thumbnail","6":"product_cat-bros","7":"product_tag-bros","8":"product_tag-uregi-ragcsalo-csapda","9":"product_tag-vakond","10":"product_tag-vakondcsapda","12":"first","13":"instock","14":"shipping-taxable","15":"purchasable","16":"product-type-simple"},"yoast_head":"<!-- This site is optimized with the Yoast SEO plugin v27.4 - https:\/\/yoast.com\/product\/yoast-seo-wordpress\/ -->\n<title>Bros Vakondcsapda fog\u00e1sjelz\u0151s B040 - T\u00e1jkert\u00e9sz<\/title>\n<meta name=\"description\" content=\"Bros Vakondcsapda fog\u00e1sjelz\u0151s B040 K\u00f6rnyezetk\u00edm\u00e9l\u0151 vakond- \u00e9s mezei eg\u00e9r csapda, ahov\u00e1 az \u00e1llat k\u00f6nnyed\u00e9n bejut, de a kijut\u00e1sa\" \/>\n<meta name=\"robots\" content=\"index, follow, max-snippet:-1, max-image-preview:large, max-video-preview:-1\" \/>\n<link rel=\"canonical\" href=\"https:\/\/tajkertesz.com\/en_US\/product\/bros-vakondcsapda-fogasjelzos\/\" \/>\n<meta property=\"og:locale\" content=\"en_US\" \/>\n<meta property=\"og:type\" content=\"article\" \/>\n<meta property=\"og:title\" content=\"Bros Vakondcsapda fog\u00e1sjelz\u0151s B040 - T\u00e1jkert\u00e9sz\" \/>\n<meta property=\"og:description\" content=\"Bros Vakondcsapda fog\u00e1sjelz\u0151s B040 K\u00f6rnyezetk\u00edm\u00e9l\u0151 vakond- \u00e9s mezei eg\u00e9r csapda, ahov\u00e1 az \u00e1llat k\u00f6nnyed\u00e9n bejut, de a kijut\u00e1sa\" \/>\n<meta property=\"og:url\" content=\"https:\/\/tajkertesz.com\/en_US\/product\/bros-vakondcsapda-fogasjelzos\/\" \/>\n<meta property=\"og:site_name\" content=\"T\u00e1jkert\u00e9sz\" \/>\n<meta property=\"article:publisher\" content=\"https:\/\/www.facebook.com\/Tajkertesz\/\" \/>\n<meta property=\"article:modified_time\" content=\"2025-02-05T08:55:09+00:00\" \/>\n<meta property=\"og:image\" content=\"https:\/\/tajkertesz.com\/wp-content\/uploads\/2021\/05\/B040.png\" \/>\n\t<meta property=\"og:image:width\" content=\"1782\" \/>\n\t<meta property=\"og:image:height\" content=\"3395\" \/>\n\t<meta property=\"og:image:type\" content=\"image\/png\" \/>\n<meta name=\"twitter:card\" content=\"summary_large_image\" \/>\n<meta name=\"twitter:label1\" content=\"Est. reading time\" \/>\n\t<meta name=\"twitter:data1\" content=\"2 minutes\" \/>\n<script type=\"application\/ld+json\" class=\"yoast-schema-graph\">{\"@context\":\"https:\\\/\\\/schema.org\",\"@graph\":[{\"@type\":\"WebPage\",\"@id\":\"https:\\\/\\\/tajkertesz.com\\\/termek\\\/bros-vakondcsapda-fogasjelzos\\\/\",\"url\":\"https:\\\/\\\/tajkertesz.com\\\/termek\\\/bros-vakondcsapda-fogasjelzos\\\/\",\"name\":\"Bros Vakondcsapda fog\u00e1sjelz\u0151s B040 - T\u00e1jkert\u00e9sz\",\"isPartOf\":{\"@id\":\"https:\\\/\\\/tajkertesz.com\\\/#website\"},\"primaryImageOfPage\":{\"@id\":\"https:\\\/\\\/tajkertesz.com\\\/termek\\\/bros-vakondcsapda-fogasjelzos\\\/#primaryimage\"},\"image\":{\"@id\":\"https:\\\/\\\/tajkertesz.com\\\/termek\\\/bros-vakondcsapda-fogasjelzos\\\/#primaryimage\"},\"thumbnailUrl\":\"https:\\\/\\\/tajkertesz.com\\\/wp-content\\\/uploads\\\/2021\\\/05\\\/B040.png\",\"datePublished\":\"2021-05-17T06:48:16+00:00\",\"dateModified\":\"2025-02-05T08:55:09+00:00\",\"description\":\"Bros Vakondcsapda fog\u00e1sjelz\u0151s B040 K\u00f6rnyezetk\u00edm\u00e9l\u0151 vakond- \u00e9s mezei eg\u00e9r csapda, ahov\u00e1 az \u00e1llat k\u00f6nnyed\u00e9n bejut, de a kijut\u00e1sa\",\"breadcrumb\":{\"@id\":\"https:\\\/\\\/tajkertesz.com\\\/termek\\\/bros-vakondcsapda-fogasjelzos\\\/#breadcrumb\"},\"inLanguage\":\"en-US\",\"potentialAction\":[{\"@type\":\"ReadAction\",\"target\":[\"https:\\\/\\\/tajkertesz.com\\\/termek\\\/bros-vakondcsapda-fogasjelzos\\\/\"]}]},{\"@type\":\"ImageObject\",\"inLanguage\":\"en-US\",\"@id\":\"https:\\\/\\\/tajkertesz.com\\\/termek\\\/bros-vakondcsapda-fogasjelzos\\\/#primaryimage\",\"url\":\"https:\\\/\\\/tajkertesz.com\\\/wp-content\\\/uploads\\\/2021\\\/05\\\/B040.png\",\"contentUrl\":\"https:\\\/\\\/tajkertesz.com\\\/wp-content\\\/uploads\\\/2021\\\/05\\\/B040.png\",\"width\":1782,\"height\":3395,\"caption\":\"Bros Vakondcsapda fog\u00e1sjelz\u0151s B040\"},{\"@type\":\"BreadcrumbList\",\"@id\":\"https:\\\/\\\/tajkertesz.com\\\/termek\\\/bros-vakondcsapda-fogasjelzos\\\/#breadcrumb\",\"itemListElement\":[{\"@type\":\"ListItem\",\"position\":1,\"name\":\"Home\",\"item\":\"https:\\\/\\\/tajkertesz.com\\\/\"},{\"@type\":\"ListItem\",\"position\":2,\"name\":\"Kezd\u0151lap\",\"item\":\"https:\\\/\\\/tajkertesz.com\\\/\"},{\"@type\":\"ListItem\",\"position\":3,\"name\":\"Bros Vakondcsapda fog\u00e1sjelz\u0151s B040\"}]},{\"@type\":\"WebSite\",\"@id\":\"https:\\\/\\\/tajkertesz.com\\\/#website\",\"url\":\"https:\\\/\\\/tajkertesz.com\\\/\",\"name\":\"T\u00e1j-Kert\u00e9sz 84 Kft.\",\"description\":\"Kert\u00e9szeti kis- \u00e9s nagykeresked\u00e9s, D\u00edszn\u00f6v\u00e9ny web\u00e1ruh\u00e1z orsz\u00e1gos h\u00e1zhozsz\u00e1ll\u00edt\u00e1ssal!\",\"publisher\":{\"@id\":\"https:\\\/\\\/tajkertesz.com\\\/#organization\"},\"potentialAction\":[{\"@type\":\"SearchAction\",\"target\":{\"@type\":\"EntryPoint\",\"urlTemplate\":\"https:\\\/\\\/tajkertesz.com\\\/?s={search_term_string}\"},\"query-input\":{\"@type\":\"PropertyValueSpecification\",\"valueRequired\":true,\"valueName\":\"search_term_string\"}}],\"inLanguage\":\"en-US\"},{\"@type\":\"Organization\",\"@id\":\"https:\\\/\\\/tajkertesz.com\\\/#organization\",\"name\":\"T\u00e1j-Kert\u00e9sz 84 Kft.\",\"url\":\"https:\\\/\\\/tajkertesz.com\\\/\",\"logo\":{\"@type\":\"ImageObject\",\"inLanguage\":\"en-US\",\"@id\":\"https:\\\/\\\/tajkertesz.com\\\/#\\\/schema\\\/logo\\\/image\\\/\",\"url\":\"https:\\\/\\\/tajkertesz.com\\\/wp-content\\\/uploads\\\/2018\\\/02\\\/logo-2-e1518678052539.png\",\"contentUrl\":\"https:\\\/\\\/tajkertesz.com\\\/wp-content\\\/uploads\\\/2018\\\/02\\\/logo-2-e1518678052539.png\",\"width\":81,\"height\":140,\"caption\":\"T\u00e1j-Kert\u00e9sz 84 Kft.\"},\"image\":{\"@id\":\"https:\\\/\\\/tajkertesz.com\\\/#\\\/schema\\\/logo\\\/image\\\/\"},\"sameAs\":[\"https:\\\/\\\/www.facebook.com\\\/Tajkertesz\\\/\"]}]}<\/script>\n<!-- \/ Yoast SEO plugin. -->","yoast_head_json":{"title":"Bros Vakondcsapda fog\u00e1sjelz\u0151s B040 - T\u00e1jkert\u00e9sz","description":"Bros Vakondcsapda fog\u00e1sjelz\u0151s B040 K\u00f6rnyezetk\u00edm\u00e9l\u0151 vakond- \u00e9s mezei eg\u00e9r csapda, ahov\u00e1 az \u00e1llat k\u00f6nnyed\u00e9n bejut, de a kijut\u00e1sa","robots":{"index":"index","follow":"follow","max-snippet":"max-snippet:-1","max-image-preview":"max-image-preview:large","max-video-preview":"max-video-preview:-1"},"canonical":"https:\/\/tajkertesz.com\/en_US\/product\/bros-vakondcsapda-fogasjelzos\/","og_locale":"en_US","og_type":"article","og_title":"Bros Vakondcsapda fog\u00e1sjelz\u0151s B040 - T\u00e1jkert\u00e9sz","og_description":"Bros Vakondcsapda fog\u00e1sjelz\u0151s B040 K\u00f6rnyezetk\u00edm\u00e9l\u0151 vakond- \u00e9s mezei eg\u00e9r csapda, ahov\u00e1 az \u00e1llat k\u00f6nnyed\u00e9n bejut, de a kijut\u00e1sa","og_url":"https:\/\/tajkertesz.com\/en_US\/product\/bros-vakondcsapda-fogasjelzos\/","og_site_name":"T\u00e1jkert\u00e9sz","article_publisher":"https:\/\/www.facebook.com\/Tajkertesz\/","article_modified_time":"2025-02-05T08:55:09+00:00","og_image":[{"width":1782,"height":3395,"url":"https:\/\/tajkertesz.com\/wp-content\/uploads\/2021\/05\/B040.png","type":"image\/png"}],"twitter_card":"summary_large_image","twitter_misc":{"Est. reading time":"2 minutes"},"schema":{"@context":"https:\/\/schema.org","@graph":[{"@type":"WebPage","@id":"https:\/\/tajkertesz.com\/termek\/bros-vakondcsapda-fogasjelzos\/","url":"https:\/\/tajkertesz.com\/termek\/bros-vakondcsapda-fogasjelzos\/","name":"Bros Vakondcsapda fog\u00e1sjelz\u0151s B040 - T\u00e1jkert\u00e9sz","isPartOf":{"@id":"https:\/\/tajkertesz.com\/#website"},"primaryImageOfPage":{"@id":"https:\/\/tajkertesz.com\/termek\/bros-vakondcsapda-fogasjelzos\/#primaryimage"},"image":{"@id":"https:\/\/tajkertesz.com\/termek\/bros-vakondcsapda-fogasjelzos\/#primaryimage"},"thumbnailUrl":"https:\/\/tajkertesz.com\/wp-content\/uploads\/2021\/05\/B040.png","datePublished":"2021-05-17T06:48:16+00:00","dateModified":"2025-02-05T08:55:09+00:00","description":"Bros Vakondcsapda fog\u00e1sjelz\u0151s B040 K\u00f6rnyezetk\u00edm\u00e9l\u0151 vakond- \u00e9s mezei eg\u00e9r csapda, ahov\u00e1 az \u00e1llat k\u00f6nnyed\u00e9n bejut, de a kijut\u00e1sa","breadcrumb":{"@id":"https:\/\/tajkertesz.com\/termek\/bros-vakondcsapda-fogasjelzos\/#breadcrumb"},"inLanguage":"en-US","potentialAction":[{"@type":"ReadAction","target":["https:\/\/tajkertesz.com\/termek\/bros-vakondcsapda-fogasjelzos\/"]}]},{"@type":"ImageObject","inLanguage":"en-US","@id":"https:\/\/tajkertesz.com\/termek\/bros-vakondcsapda-fogasjelzos\/#primaryimage","url":"https:\/\/tajkertesz.com\/wp-content\/uploads\/2021\/05\/B040.png","contentUrl":"https:\/\/tajkertesz.com\/wp-content\/uploads\/2021\/05\/B040.png","width":1782,"height":3395,"caption":"Bros Vakondcsapda fog\u00e1sjelz\u0151s B040"},{"@type":"BreadcrumbList","@id":"https:\/\/tajkertesz.com\/termek\/bros-vakondcsapda-fogasjelzos\/#breadcrumb","itemListElement":[{"@type":"ListItem","position":1,"name":"Home","item":"https:\/\/tajkertesz.com\/"},{"@type":"ListItem","position":2,"name":"Kezd\u0151lap","item":"https:\/\/tajkertesz.com\/"},{"@type":"ListItem","position":3,"name":"Bros Vakondcsapda fog\u00e1sjelz\u0151s B040"}]},{"@type":"WebSite","@id":"https:\/\/tajkertesz.com\/#website","url":"https:\/\/tajkertesz.com\/","name":"T\u00e1j-Kert\u00e9sz 84 Kft.","description":"Kert\u00e9szeti kis- \u00e9s nagykeresked\u00e9s, D\u00edszn\u00f6v\u00e9ny web\u00e1ruh\u00e1z orsz\u00e1gos h\u00e1zhozsz\u00e1ll\u00edt\u00e1ssal!","publisher":{"@id":"https:\/\/tajkertesz.com\/#organization"},"potentialAction":[{"@type":"SearchAction","target":{"@type":"EntryPoint","urlTemplate":"https:\/\/tajkertesz.com\/?s={search_term_string}"},"query-input":{"@type":"PropertyValueSpecification","valueRequired":true,"valueName":"search_term_string"}}],"inLanguage":"en-US"},{"@type":"Organization","@id":"https:\/\/tajkertesz.com\/#organization","name":"T\u00e1j-Kert\u00e9sz 84 Kft.","url":"https:\/\/tajkertesz.com\/","logo":{"@type":"ImageObject","inLanguage":"en-US","@id":"https:\/\/tajkertesz.com\/#\/schema\/logo\/image\/","url":"https:\/\/tajkertesz.com\/wp-content\/uploads\/2018\/02\/logo-2-e1518678052539.png","contentUrl":"https:\/\/tajkertesz.com\/wp-content\/uploads\/2018\/02\/logo-2-e1518678052539.png","width":81,"height":140,"caption":"T\u00e1j-Kert\u00e9sz 84 Kft."},"image":{"@id":"https:\/\/tajkertesz.com\/#\/schema\/logo\/image\/"},"sameAs":["https:\/\/www.facebook.com\/Tajkertesz\/"]}]}},"_links":{"self":[{"href":"https:\/\/tajkertesz.com\/en_US\/wp-json\/wp\/v2\/product\/4879","targetHints":{"allow":["GET"]}}],"collection":[{"href":"https:\/\/tajkertesz.com\/en_US\/wp-json\/wp\/v2\/product"}],"about":[{"href":"https:\/\/tajkertesz.com\/en_US\/wp-json\/wp\/v2\/types\/product"}],"wp:featuredmedia":[{"embeddable":true,"href":"https:\/\/tajkertesz.com\/en_US\/wp-json\/wp\/v2\/media\/4880"}],"wp:attachment":[{"href":"https:\/\/tajkertesz.com\/en_US\/wp-json\/wp\/v2\/media?parent=4879"}],"wp:term":[{"taxonomy":"product_brand","embeddable":true,"href":"https:\/\/tajkertesz.com\/en_US\/wp-json\/wp\/v2\/product_brand?post=4879"},{"taxonomy":"product_cat","embeddable":true,"href":"https:\/\/tajkertesz.com\/en_US\/wp-json\/wp\/v2\/product_cat?post=4879"},{"taxonomy":"product_tag","embeddable":true,"href":"https:\/\/tajkertesz.com\/en_US\/wp-json\/wp\/v2\/product_tag?post=4879"}],"curies":[{"name":"wp","href":"https:\/\/api.w.org\/{rel}","templated":true}]}}