{"id":4886,"date":"2021-05-17T07:14:12","date_gmt":"2021-05-17T07:14:12","guid":{"rendered":"https:\/\/tajkertesz.com\/?post_type=product&#038;p=4886"},"modified":"2026-02-17T14:13:39","modified_gmt":"2026-02-17T14:13:39","slug":"bros-hangyairto-por-250g","status":"publish","type":"product","link":"https:\/\/tajkertesz.com\/en_US\/product\/bros-hangyairto-por-250g\/","title":{"rendered":"Bros Hangyairt\u00f3 por 250g"},"content":{"rendered":"<div class=\"artdet__name-rating d-none d-lg-block\">\n<div class=\"row gutters-5\">\n<div class=\"col\">\n<div class=\"artdet__name-pagination-wrap d-flex\">\n<div class=\"top product-page-top\">\n<div class=\"center product-page-center\">\n<div class=\"artdet__name-pagination-wrap d-flex\">\n<div class=\"summary entry-summary\">\n<div class=\"elementor-column elementor-col-50 elementor-inner-column elementor-element elementor-element-072daa9\" data-id=\"072daa9\" data-element_type=\"column\">\n<div class=\"elementor-widget-wrap elementor-element-populated\">\n<div class=\"elementor-element elementor-element-54ae97b elementor-widget__width-auto elementor-widget elementor-widget-jet-single-title\" data-id=\"54ae97b\" data-element_type=\"widget\" data-widget_type=\"jet-single-title.default\">\n<div class=\"elementor-widget-container\">\n<div class=\"elementor-jet-single-title jet-woo-builder\">\n<h2>Bros Hangyairt\u00f3 por 250g<\/h2>\n<\/div>\n<\/div>\n<\/div>\n<\/div>\n<\/div>\n<div class=\"elementor-column elementor-col-50 elementor-inner-column elementor-element elementor-element-fe6e915\" data-id=\"fe6e915\" data-element_type=\"column\">\n<div class=\"elementor-widget-wrap elementor-element-populated\">\n<div class=\"elementor-element elementor-element-f74de4b elementor-widget__width-auto elementor-widget elementor-widget-jet-single-price\" data-id=\"f74de4b\" data-element_type=\"widget\" data-widget_type=\"jet-single-price.default\">\n<div class=\"elementor-widget-container\">\n<div class=\"elementor-jet-single-price jet-woo-builder\"><\/div>\n<\/div>\n<\/div>\n<\/div>\n<\/div>\n<div class=\"elementor-column elementor-col-50 elementor-inner-column elementor-element elementor-element-072daa9\" data-id=\"072daa9\" data-element_type=\"column\">\n<div class=\"elementor-widget-wrap elementor-element-populated\">\n<div class=\"elementor-element elementor-element-54ae97b elementor-widget__width-auto elementor-widget elementor-widget-jet-single-title\" data-id=\"54ae97b\" data-element_type=\"widget\" data-widget_type=\"jet-single-title.default\">\n<div class=\"elementor-widget-container\">\n<div class=\"elementor-jet-single-title jet-woo-builder\">\n<p>Bros Hangyairt\u00f3 poroz\u00f3szer 100 g, A BROS Hangyairt\u00f3 por kiv\u00e1l\u00f3an alkalmas bels\u0151 terekben \u00e9s azok k\u00f6zvetlen k\u00f6rnyezet\u00e9ben (terasz, aut\u00f3felhajt\u00f3 stb.) l\u00e9v\u0151 hangyakol\u00f3ni\u00e1k megsz\u00fcntet\u00e9s\u00e9re. Pork\u00e9nt vagy vizes oldatk\u00e9nt is alkalmazhat\u00f3. Az\u00e9rt kiv\u00e1l\u00f3 ez a hangyairt\u00f3 szer, mert a csal\u00e9tek odavonzza a hangy\u00e1kat, amelyek mit sem sejtve beviszik azt a boly belsej\u00e9be, \u00edgy a probl\u00e9m\u00e1t gy\u00f6keresen oldhatjuk meg!<\/p>\n<\/div>\n<\/div>\n<\/div>\n<\/div>\n<\/div>\n<div class=\"elementor-column elementor-col-50 elementor-inner-column elementor-element elementor-element-fe6e915\" data-id=\"fe6e915\" data-element_type=\"column\">\n<div class=\"elementor-widget-wrap elementor-element-populated\">\n<div class=\"elementor-element elementor-element-f74de4b elementor-widget__width-auto elementor-widget elementor-widget-jet-single-price\" data-id=\"f74de4b\" data-element_type=\"widget\" data-widget_type=\"jet-single-price.default\">\n<div class=\"elementor-widget-container\">\n<div class=\"elementor-jet-single-price jet-woo-builder\">\n<p><strong>Haszn\u00e1lata:<\/strong><\/p>\n<p>POR form\u00e1ban: sz\u00f3rjon ki kb. 10 grammot a hangyabolyra vagy a vonul\u00e1si \u00fatvonalra. A rovarok a port behordj\u00e1k a bolyba \u00e9s a kol\u00f3nia kipusztul<br \/>\nVIZES OLDAT form\u00e1ban: oldjon fel 100 gramm port 2,5 liter v\u00edzben \u00e9s alaposan keverje el. \u00d6ntse a kever\u00e9ket a bolyra (egy boly kiirt\u00e1s\u00e1ra kb. f\u00e9l liter kever\u00e9k kell). A haszn\u00e1lat hely\u00e9n elpuszt\u00edtja a rovarokat.<br \/>\nA BROS Hangyairt\u00f3 port vagy annak vizes oldat\u00e1t a kora reggeli \u00e9s\/vagy esti \u00f3r\u00e1kban alkalmazzuk. Hat\u00f3ideje kb. 24 \u00f3ra.<br \/>\n<strong><br \/>\nFigyelmeztet\u00e9sek:<\/strong><\/p>\n<p>\u00c9lelmiszert\u0151l, konyhai eszk\u00f6z\u00f6kt\u0151l, takarm\u00e1nyt\u00f3l tartsa t\u00e1vol.<br \/>\nSzembe ne ker\u00fclj\u00f6n, ne nyelje le.<br \/>\nGyermekek kez\u00e9be nem ker\u00fclhet!<br \/>\nGyermekeket, h\u00e1zi\u00e1llatokat tartsa t\u00e1vol az alkalmaz\u00e1s hely\u00e9t\u0151l!<br \/>\nMin\u0151s\u00edt\u00e9se: III. forg. kat. szabadforgalm\u00fa irt\u00f3szer<\/p>\n<p><strong>Hat\u00f3anyag: permetrin 1% (1 g\/100 g)<\/strong><\/p>\n<p>A BROS Hangyairt\u00f3 por 250 g kiszerel\u00e9sben vill\u00e1mgyorsan hat \u00e9s rendk\u00edv\u00fcl hat\u00e9konyan sz\u00fcnteti meg a probl\u00e9m\u00e1t. Mivel azonban er\u0151s m\u00e9reganyagot tartalmaz, rendk\u00edv\u00fcl \u00fcgyelj\u00fcnk a kisz\u00f3r\u00e1s\u00e1n\u00e1l, k\u00f6vess\u00fck a le\u00edrt utas\u00edt\u00e1sokat. B\u0151rrel sem szabad \u00e9rintkeznie, valamint mikor elhelyezz\u00fck a hangy\u00e1k vonul\u00e1si \u00fatvonal\u00e1ra, ne fogyasszunk k\u00f6zben \u00e9lelmiszert, vagy igyunk folyad\u00e9kot. K\u00f6rnyezetre is k\u00e1ros lehet, ha id\u0151 el\u0151tt kidobjuk, vagy olyan helyre sz\u00f3rjuk ki, ahol nem c\u00e9lunk a hangy\u00e1k irt\u00e1sa.<br \/>\nAbban az esetben, ha v\u00e9letlen\u00fcl valakinek a sz\u00e1j\u00e1ba megy, vagy lenyeli, azonnal \u00f6bl\u00edts\u00fck ki a sz\u00e1j\u00e1t v\u00edzzel, kezelj\u00fck akt\u00edv (\u00e1llati) sz\u00e9nnel \u00e9s azonnal h\u00edvjunk orvosi seg\u00edts\u00e9get. Ha v\u00e9letlen\u00fcl az ember szem\u00e9be ker\u00fcl a szer, pislog\u00e1s n\u00e9lk\u00fcl engedj\u00fcnk vizet a szemre 10 percig, vegy\u00fck ki a kontaktlencs\u00e9ket \u00e9s k\u00e9rj\u00fcnk szint\u00e9n orvosi seg\u00edts\u00e9get. B\u0151rrel val\u00f3 \u00e9rintkez\u00e9s eset\u00e9n mossuk meg j\u00f3 alaposan az \u00e9rintett ruh\u00e1t \u00e9s b\u0151rfel\u00fcletet v\u00edzzel \u00e9s szappannal, valamint irrit\u00e1ci\u00f3 fell\u00e9p\u00e9se eset\u00e9n forduljunk orvoshoz.<\/p>\n<p>Kifejezetten hat\u00e9kony a hangy\u00e1k megsz\u00fcntet\u00e9s\u00e9re belt\u00e9ren, k\u00fcl\u00f6n\u00f6sen teraszon \u00e9s a h\u00e1z k\u00f6r\u00fcl.<\/p>\n<p>Univerz\u00e1lis m\u00f3don haszn\u00e1lhat\u00f3 term\u00e9k, \u00fagy mint:<\/p>\n<p>&#8211; sz\u00e9tsz\u00f3rva a port a hangy\u00e1k vonul\u00e1si \u00fatj\u00e1n<\/p>\n<p>&#8211; v\u00edzben feloldva meg\u00f6nt\u00f6zve az irtand\u00f3 ter\u00fcleten<\/p>\n<\/div>\n<\/div>\n<\/div>\n<\/div>\n<\/div>\n<\/div>\n<\/div>\n<\/div>\n<\/div>\n<\/div>\n<\/div>\n<\/div>\n<\/div>\n<div><a href=\"https:\/\/www.facebook.com\/tajkertesz\">https:\/\/www.facebook.com\/tajkertesz<\/a><\/div>\n<div>\n<p><a href=\"https:\/\/tajkertesz.com\/\">https:\/\/tajkertesz.com\/<\/a><\/p>\n<p><a href=\"https:\/\/tajkertesz.com\/wp-content\/uploads\/2021\/05\/bros_hangyairto_por_20160128.pdf\">bros_hangyairto_por_20160128<\/a><\/p>\n<\/div>\n<div><\/div>\n<h3><span style=\"color: #ffffff;\">A\u00a0<b>rovarriaszt\u00f3, repellens:<\/b><\/span><\/h3>\n<p><span style=\"color: #ffffff;\">(<i>latin:<\/i>\u00a0elriaszt\u00f3, t\u00e1vol tart\u00f3, pl.: rovart<sup id=\"cite_ref-1\" class=\"reference\"><\/sup>) olyan anyag,\u00a0 fizikai elj\u00e1r\u00e1s, amely elriasztja, t\u00e1vol tartja a rovarokat az ember b\u0151r\u00e9t\u0151l, ruh\u00e1zat\u00e1t\u00f3l, lak\u00f3hely\u00e9t\u0151l vagy az \u00e1llatok k\u00fcltakar\u00f3j\u00e1t\u00f3l, k\u00f6rnyezet\u00e9t\u0151l, \u00e9l\u0151hely\u00e9t\u0151l. <sup id=\"cite_ref-2\" class=\"reference\"><\/sup>Repellens hat\u00e1s alatt bizonyos hat\u00f3anyagok kullancsokra \u00e9s rovarokra kifejtett t\u00e1vol tart\u00f3 hat\u00e1s\u00e1t \u00e9rtj\u00fck, ami megakad\u00e1lyozza a parazit\u00e1k megtapad\u00e1s\u00e1t, sz\u00far\u00e1s\u00e1t vagy v\u00e9rsz\u00edv\u00e1s\u00e1t a kezelt emberen, \u00e1llaton. Fert\u0151z\u00f6tt rovarok cs\u00edp\u00e9se betegs\u00e9g terjed\u00e9s\u00e9nek forr\u00e1sa lehet.<sup id=\"cite_ref-3\" class=\"reference\"><\/sup><\/span><\/p>\n<p><span style=\"color: #ffffff;\">Elengedhetetlen fontoss\u00e1g\u00fa annak ismerete, hogy melyik\u00a0<i>rovarriaszt\u00f3<\/i>\u00a0term\u00e9kek kisz\u00e1m\u00edthat\u00f3k \u00e9s tart\u00f3s v\u00e9delmet ny\u00fajtanak. K\u00f6zel 100%-os v\u00e9delem \u00e9rhet\u0151 el, ha hosszabb hat\u00e1startam\u00fa rovar\u0171z\u0151 szereket c\u00e9lszer\u0171 haszn\u00e1lunk, kombin\u00e1lva\u00a0<i>permetrinnel<\/i> kezelt ruh\u00e1zattal. Ugyanolyan szem\u00e9lyi v\u00e9delmi int\u00e9zked\u00e9seket kell foganatos\u00edtani kullancsok \u00e9s cs\u00edp\u0151s rovarok, legyek eset\u00e9ben, mint a sz\u00fanyogokn\u00e1l, mert ezek az \u00e9l\u0151sk\u00f6d\u0151k is tov\u00e1bb\u00edtja a Lyme-k\u00f3rt, kullancsencephalitist, visszat\u00e9r\u0151 l\u00e1zt, t\u00edfuszt, leishmaniasist, onchocerciasist, trypanosomiasist, \u00e9s sz\u00e1mos m\u00e1s tr\u00f3pusi \u00e9s fert\u0151z\u0151 betegs\u00e9geket.<\/span><\/p>\n<p><span style=\"color: #ffffff;\">A\u00a0<b>permetrin:<\/b><\/span><\/p>\n<p><span style=\"color: #ffffff;\">a piretroidok k\u00f6z\u00e9 tartoz\u00f3 rovar- \u00e9s atkairt\u00f3 hat\u00f3anyag, amelyet tet\u0171- \u00e9s bolhairt\u00f3k\u00e9nt a hum\u00e1n- \u00e9s \u00e1llatgy\u00f3gy\u00e1szatban, biocidk\u00e9nt pedig \u00e1ltal\u00e1nos rovarirt\u00f3szerekben alkalmaznak. K\u00f6rnyezetk\u00e1ros\u00edt\u00f3 hat\u00e1sa miatt 2003 \u00f3ta az Eur\u00f3pai Uni\u00f3ban nem haszn\u00e1lhat\u00f3 n\u00f6v\u00e9nyv\u00e9d\u0151szerk\u00e9nt. Az \u0151szi margitvir\u00e1gban tal\u00e1lhat\u00f3 term\u00e9szetes rovar\u00f6l\u0151 anyag alapj\u00e1n fejlesztett\u00e9k ki, majd kezdt\u00e9k el ipari gy\u00e1rt\u00e1s\u00e1t.<\/span><\/p>\n<p><b>K\u00e9szlet\u00fcnk napi szinten v\u00e1ltozik, ez\u00e9rt k\u00e9rj\u00fck, \u00e9rdekl\u0151dj\u00f6n szem\u00e9lyesen, telefonon vagy email-en.<br \/>\nA v\u00e1ltoztat\u00e1s jog\u00e1t fenntartjuk!\u00a0<\/b><\/p>","protected":false},"excerpt":{"rendered":"<div class=\"artdet__name-rating d-none d-lg-block\">\n<div class=\"row gutters-5\">\n<div class=\"col\">\n<div class=\"artdet__name-rating d-none d-lg-block\">\n<div class=\"row gutters-5\">\n<div class=\"col\">\n<div class=\"artdet__name-rating d-none d-lg-block\">\n<div class=\"row gutters-5\">\n<div class=\"col\">\n<div class=\"artdet__name-rating d-none d-lg-block\">\n<div class=\"row gutters-5\">\n<div class=\"col\">\n<div class=\"artdet__name-rating d-none d-lg-block\">\n<div class=\"row gutters-5\">\n<div class=\"col\">\n<div class=\"artdet__name-rating d-none d-lg-block\">\n<div class=\"row gutters-5\">\n<div class=\"col\">\n<div class=\"artdet__name-rating d-none d-lg-block\">\n<div class=\"row gutters-5\">\n<div class=\"col\">\n<div class=\"artdet__name-rating d-none d-lg-block\">\n<div class=\"row gutters-5\">\n<div class=\"col\">\n<div class=\"artdet__name-rating d-none d-lg-block\">\n<div class=\"row gutters-5\">\n<div class=\"col\">\n<div class=\"artdet__name-rating d-none d-lg-block\">\n<div class=\"row gutters-5\">\n<div class=\"col\">\n<div class=\"artdet__name-rating d-none d-lg-block\">\n<div class=\"row gutters-5\">\n<div class=\"col\">\n<div class=\"artdet__name-rating d-none d-lg-block\">\n<div class=\"row gutters-5\">\n<div class=\"col\">\n<div class=\"artdet__name-pagination-wrap d-flex\">\n<div class=\"artdet__name-pagination-wrap d-flex\">\n<div class=\"artdet__name-pagination-wrap d-flex\">\n<div class=\"artdet__name-pagination-wrap d-flex\">\n<div class=\"artdet__name-rating d-none d-lg-block\">\n<div class=\"row gutters-5\">\n<div class=\"col\">\n<div class=\"artdet__name-pagination-wrap d-flex\">\n<div class=\"artdet__name-pagination-wrap d-flex\">\n<div class=\"artdet__name-pagination-wrap d-flex\">\n<div class=\"top product-page-top\">\n<div class=\"center product-page-center\">\n<div class=\"elementor-column elementor-col-50 elementor-inner-column elementor-element elementor-element-072daa9\" data-id=\"072daa9\" data-element_type=\"column\">\n<div class=\"elementor-widget-wrap elementor-element-populated\">\n<div class=\"elementor-element elementor-element-54ae97b elementor-widget__width-auto elementor-widget elementor-widget-jet-single-title\" data-id=\"54ae97b\" data-element_type=\"widget\" data-widget_type=\"jet-single-title.default\">\n<div class=\"elementor-widget-container\">\n<div class=\"elementor-jet-single-title jet-woo-builder\">\n<div class=\"elementor-column elementor-col-50 elementor-inner-column elementor-element elementor-element-072daa9\" data-id=\"072daa9\" data-element_type=\"column\">\n<div class=\"elementor-widget-wrap elementor-element-populated\">\n<div class=\"elementor-element elementor-element-54ae97b elementor-widget__width-auto elementor-widget elementor-widget-jet-single-title\" data-id=\"54ae97b\" data-element_type=\"widget\" data-widget_type=\"jet-single-title.default\">\n<div class=\"elementor-widget-container\">\n<div class=\"elementor-jet-single-title jet-woo-builder\">\n<div class=\"elementor-column elementor-col-50 elementor-inner-column elementor-element elementor-element-072daa9\" data-id=\"072daa9\" data-element_type=\"column\">\n<div class=\"elementor-widget-wrap elementor-element-populated\">\n<div class=\"elementor-element elementor-element-54ae97b elementor-widget__width-auto elementor-widget elementor-widget-jet-single-title\" data-id=\"54ae97b\" data-element_type=\"widget\" data-widget_type=\"jet-single-title.default\">\n<div class=\"elementor-widget-container\">\n<div class=\"elementor-jet-single-title jet-woo-builder\">\n<div class=\"elementor-column elementor-col-50 elementor-inner-column elementor-element elementor-element-072daa9\" data-id=\"072daa9\" data-element_type=\"column\">\n<div class=\"elementor-widget-wrap elementor-element-populated\">\n<div class=\"elementor-element elementor-element-54ae97b elementor-widget__width-auto elementor-widget elementor-widget-jet-single-title\" data-id=\"54ae97b\" data-element_type=\"widget\" data-widget_type=\"jet-single-title.default\">\n<div class=\"elementor-widget-container\">\n<div class=\"elementor-jet-single-title jet-woo-builder\">\n<h2>Bros Hangyairt\u00f3 por 250g<\/h2>\n<p>&nbsp;<\/p>\n<p class=\"product_title entry-title\">A BROS Hangyairt\u00f3 por kiv\u00e1l\u00f3an alkalmas bels\u0151 terekben \u00e9s azok k\u00f6zvetlen k\u00f6rnyezet\u00e9ben (terasz, aut\u00f3felhajt\u00f3 stb.) l\u00e9v\u0151 hangyakol\u00f3ni\u00e1k megsz\u00fcntet\u00e9s\u00e9re. Pork\u00e9nt vagy vizes oldatk\u00e9nt is alkalmazhat\u00f3. Az\u00e9rt kiv\u00e1l\u00f3 ez a hangyairt\u00f3 szer, mert a csal\u00e9tek odavonzza a hangy\u00e1kat, amelyek mit sem sejtve beviszik azt a boly belsej\u00e9be, \u00edgy a probl\u00e9m\u00e1t gy\u00f6keresen oldhatjuk meg!<\/p>\n<\/div>\n<\/div>\n<\/div>\n<\/div>\n<\/div>\n<\/div>\n<\/div>\n<\/div>\n<\/div>\n<\/div>\n<\/div>\n<\/div>\n<\/div>\n<\/div>\n<\/div>\n<\/div>\n<\/div>\n<\/div>\n<\/div>\n<\/div>\n<\/div>\n<\/div>\n<\/div>\n<\/div>\n<\/div>\n<\/div>\n<\/div>\n<\/div>\n<\/div>\n<\/div>\n<\/div>\n<\/div>\n<\/div>\n<\/div>\n<\/div>\n<\/div>\n<\/div>\n<\/div>\n<\/div>\n<\/div>\n<\/div>\n<\/div>\n<\/div>\n<\/div>\n<\/div>\n<\/div>\n<\/div>\n<\/div>\n<\/div>\n<\/div>\n<\/div>\n<\/div>\n<\/div>\n<\/div>\n<\/div>\n<\/div>\n<\/div>\n<\/div>\n<\/div>\n<\/div>\n<\/div>\n<\/div>\n<\/div>\n<\/div>\n<\/div>\n<\/div>\n<\/div>\n<\/div>","protected":false},"featured_media":4887,"template":"","meta":{"_et_pb_use_builder":"","_et_pb_old_content":"","_et_gb_content_width":""},"product_brand":[],"product_cat":[4088],"product_tag":[1538],"class_list":{"0":"post-4886","1":"product","2":"type-product","3":"status-publish","4":"has-post-thumbnail","6":"product_cat-bros","7":"product_tag-bros-hangyairto-porozoszer","9":"first","10":"instock","11":"shipping-taxable","12":"purchasable","13":"product-type-simple"},"yoast_head":"<!-- This site is optimized with the Yoast SEO plugin v27.4 - https:\/\/yoast.com\/product\/yoast-seo-wordpress\/ -->\n<title>Bros Hangyairt\u00f3 por 250g - T\u00e1jkert\u00e9sz<\/title>\n<meta name=\"description\" content=\"Bros Hangyairt\u00f3 por 250g A BROS Hangyairt\u00f3 por kiv\u00e1l\u00f3an alkalmas bels\u0151 terekben \u00e9s azok k\u00f6zvetlen k\u00f6rnyezet\u00e9ben (terasz, aut\u00f3felhajt\u00f3 stb.)\" \/>\n<meta name=\"robots\" content=\"index, follow, max-snippet:-1, max-image-preview:large, max-video-preview:-1\" \/>\n<link rel=\"canonical\" href=\"https:\/\/tajkertesz.com\/en_US\/product\/bros-hangyairto-por-250g\/\" \/>\n<meta property=\"og:locale\" content=\"en_US\" \/>\n<meta property=\"og:type\" content=\"article\" \/>\n<meta property=\"og:title\" content=\"Bros Hangyairt\u00f3 por 250g - T\u00e1jkert\u00e9sz\" \/>\n<meta property=\"og:description\" content=\"Bros Hangyairt\u00f3 por 250g A BROS Hangyairt\u00f3 por kiv\u00e1l\u00f3an alkalmas bels\u0151 terekben \u00e9s azok k\u00f6zvetlen k\u00f6rnyezet\u00e9ben (terasz, aut\u00f3felhajt\u00f3 stb.)\" \/>\n<meta property=\"og:url\" content=\"https:\/\/tajkertesz.com\/en_US\/product\/bros-hangyairto-por-250g\/\" \/>\n<meta property=\"og:site_name\" content=\"T\u00e1jkert\u00e9sz\" \/>\n<meta property=\"article:publisher\" content=\"https:\/\/www.facebook.com\/Tajkertesz\/\" \/>\n<meta property=\"article:modified_time\" content=\"2026-02-17T14:13:39+00:00\" \/>\n<meta property=\"og:image\" content=\"https:\/\/tajkertesz.com\/wp-content\/uploads\/2021\/05\/2.jpg\" \/>\n\t<meta property=\"og:image:width\" content=\"450\" \/>\n\t<meta property=\"og:image:height\" content=\"450\" \/>\n\t<meta property=\"og:image:type\" content=\"image\/jpeg\" \/>\n<meta name=\"twitter:card\" content=\"summary_large_image\" \/>\n<meta name=\"twitter:label1\" content=\"Est. reading time\" \/>\n\t<meta name=\"twitter:data1\" content=\"3 minutes\" \/>\n<script type=\"application\/ld+json\" class=\"yoast-schema-graph\">{\"@context\":\"https:\\\/\\\/schema.org\",\"@graph\":[{\"@type\":\"WebPage\",\"@id\":\"https:\\\/\\\/tajkertesz.com\\\/termek\\\/bros-hangyairto-por-250g\\\/\",\"url\":\"https:\\\/\\\/tajkertesz.com\\\/termek\\\/bros-hangyairto-por-250g\\\/\",\"name\":\"Bros Hangyairt\u00f3 por 250g - T\u00e1jkert\u00e9sz\",\"isPartOf\":{\"@id\":\"https:\\\/\\\/tajkertesz.com\\\/#website\"},\"primaryImageOfPage\":{\"@id\":\"https:\\\/\\\/tajkertesz.com\\\/termek\\\/bros-hangyairto-por-250g\\\/#primaryimage\"},\"image\":{\"@id\":\"https:\\\/\\\/tajkertesz.com\\\/termek\\\/bros-hangyairto-por-250g\\\/#primaryimage\"},\"thumbnailUrl\":\"https:\\\/\\\/tajkertesz.com\\\/wp-content\\\/uploads\\\/2021\\\/05\\\/2.jpg\",\"datePublished\":\"2021-05-17T07:14:12+00:00\",\"dateModified\":\"2026-02-17T14:13:39+00:00\",\"description\":\"Bros Hangyairt\u00f3 por 250g A BROS Hangyairt\u00f3 por kiv\u00e1l\u00f3an alkalmas bels\u0151 terekben \u00e9s azok k\u00f6zvetlen k\u00f6rnyezet\u00e9ben (terasz, aut\u00f3felhajt\u00f3 stb.)\",\"breadcrumb\":{\"@id\":\"https:\\\/\\\/tajkertesz.com\\\/termek\\\/bros-hangyairto-por-250g\\\/#breadcrumb\"},\"inLanguage\":\"en-US\",\"potentialAction\":[{\"@type\":\"ReadAction\",\"target\":[\"https:\\\/\\\/tajkertesz.com\\\/termek\\\/bros-hangyairto-por-250g\\\/\"]}]},{\"@type\":\"ImageObject\",\"inLanguage\":\"en-US\",\"@id\":\"https:\\\/\\\/tajkertesz.com\\\/termek\\\/bros-hangyairto-por-250g\\\/#primaryimage\",\"url\":\"https:\\\/\\\/tajkertesz.com\\\/wp-content\\\/uploads\\\/2021\\\/05\\\/2.jpg\",\"contentUrl\":\"https:\\\/\\\/tajkertesz.com\\\/wp-content\\\/uploads\\\/2021\\\/05\\\/2.jpg\",\"width\":450,\"height\":450},{\"@type\":\"BreadcrumbList\",\"@id\":\"https:\\\/\\\/tajkertesz.com\\\/termek\\\/bros-hangyairto-por-250g\\\/#breadcrumb\",\"itemListElement\":[{\"@type\":\"ListItem\",\"position\":1,\"name\":\"Home\",\"item\":\"https:\\\/\\\/tajkertesz.com\\\/\"},{\"@type\":\"ListItem\",\"position\":2,\"name\":\"Kezd\u0151lap\",\"item\":\"https:\\\/\\\/tajkertesz.com\\\/\"},{\"@type\":\"ListItem\",\"position\":3,\"name\":\"Bros Hangyairt\u00f3 por 250g\"}]},{\"@type\":\"WebSite\",\"@id\":\"https:\\\/\\\/tajkertesz.com\\\/#website\",\"url\":\"https:\\\/\\\/tajkertesz.com\\\/\",\"name\":\"T\u00e1j-Kert\u00e9sz 84 Kft.\",\"description\":\"Kert\u00e9szeti kis- \u00e9s nagykeresked\u00e9s, D\u00edszn\u00f6v\u00e9ny web\u00e1ruh\u00e1z orsz\u00e1gos h\u00e1zhozsz\u00e1ll\u00edt\u00e1ssal!\",\"publisher\":{\"@id\":\"https:\\\/\\\/tajkertesz.com\\\/#organization\"},\"potentialAction\":[{\"@type\":\"SearchAction\",\"target\":{\"@type\":\"EntryPoint\",\"urlTemplate\":\"https:\\\/\\\/tajkertesz.com\\\/?s={search_term_string}\"},\"query-input\":{\"@type\":\"PropertyValueSpecification\",\"valueRequired\":true,\"valueName\":\"search_term_string\"}}],\"inLanguage\":\"en-US\"},{\"@type\":\"Organization\",\"@id\":\"https:\\\/\\\/tajkertesz.com\\\/#organization\",\"name\":\"T\u00e1j-Kert\u00e9sz 84 Kft.\",\"url\":\"https:\\\/\\\/tajkertesz.com\\\/\",\"logo\":{\"@type\":\"ImageObject\",\"inLanguage\":\"en-US\",\"@id\":\"https:\\\/\\\/tajkertesz.com\\\/#\\\/schema\\\/logo\\\/image\\\/\",\"url\":\"https:\\\/\\\/tajkertesz.com\\\/wp-content\\\/uploads\\\/2018\\\/02\\\/logo-2-e1518678052539.png\",\"contentUrl\":\"https:\\\/\\\/tajkertesz.com\\\/wp-content\\\/uploads\\\/2018\\\/02\\\/logo-2-e1518678052539.png\",\"width\":81,\"height\":140,\"caption\":\"T\u00e1j-Kert\u00e9sz 84 Kft.\"},\"image\":{\"@id\":\"https:\\\/\\\/tajkertesz.com\\\/#\\\/schema\\\/logo\\\/image\\\/\"},\"sameAs\":[\"https:\\\/\\\/www.facebook.com\\\/Tajkertesz\\\/\"]}]}<\/script>\n<!-- \/ Yoast SEO plugin. -->","yoast_head_json":{"title":"Bros Hangyairt\u00f3 por 250g - T\u00e1jkert\u00e9sz","description":"Bros Hangyairt\u00f3 por 250g A BROS Hangyairt\u00f3 por kiv\u00e1l\u00f3an alkalmas bels\u0151 terekben \u00e9s azok k\u00f6zvetlen k\u00f6rnyezet\u00e9ben (terasz, aut\u00f3felhajt\u00f3 stb.)","robots":{"index":"index","follow":"follow","max-snippet":"max-snippet:-1","max-image-preview":"max-image-preview:large","max-video-preview":"max-video-preview:-1"},"canonical":"https:\/\/tajkertesz.com\/en_US\/product\/bros-hangyairto-por-250g\/","og_locale":"en_US","og_type":"article","og_title":"Bros Hangyairt\u00f3 por 250g - T\u00e1jkert\u00e9sz","og_description":"Bros Hangyairt\u00f3 por 250g A BROS Hangyairt\u00f3 por kiv\u00e1l\u00f3an alkalmas bels\u0151 terekben \u00e9s azok k\u00f6zvetlen k\u00f6rnyezet\u00e9ben (terasz, aut\u00f3felhajt\u00f3 stb.)","og_url":"https:\/\/tajkertesz.com\/en_US\/product\/bros-hangyairto-por-250g\/","og_site_name":"T\u00e1jkert\u00e9sz","article_publisher":"https:\/\/www.facebook.com\/Tajkertesz\/","article_modified_time":"2026-02-17T14:13:39+00:00","og_image":[{"width":450,"height":450,"url":"https:\/\/tajkertesz.com\/wp-content\/uploads\/2021\/05\/2.jpg","type":"image\/jpeg"}],"twitter_card":"summary_large_image","twitter_misc":{"Est. reading time":"3 minutes"},"schema":{"@context":"https:\/\/schema.org","@graph":[{"@type":"WebPage","@id":"https:\/\/tajkertesz.com\/termek\/bros-hangyairto-por-250g\/","url":"https:\/\/tajkertesz.com\/termek\/bros-hangyairto-por-250g\/","name":"Bros Hangyairt\u00f3 por 250g - T\u00e1jkert\u00e9sz","isPartOf":{"@id":"https:\/\/tajkertesz.com\/#website"},"primaryImageOfPage":{"@id":"https:\/\/tajkertesz.com\/termek\/bros-hangyairto-por-250g\/#primaryimage"},"image":{"@id":"https:\/\/tajkertesz.com\/termek\/bros-hangyairto-por-250g\/#primaryimage"},"thumbnailUrl":"https:\/\/tajkertesz.com\/wp-content\/uploads\/2021\/05\/2.jpg","datePublished":"2021-05-17T07:14:12+00:00","dateModified":"2026-02-17T14:13:39+00:00","description":"Bros Hangyairt\u00f3 por 250g A BROS Hangyairt\u00f3 por kiv\u00e1l\u00f3an alkalmas bels\u0151 terekben \u00e9s azok k\u00f6zvetlen k\u00f6rnyezet\u00e9ben (terasz, aut\u00f3felhajt\u00f3 stb.)","breadcrumb":{"@id":"https:\/\/tajkertesz.com\/termek\/bros-hangyairto-por-250g\/#breadcrumb"},"inLanguage":"en-US","potentialAction":[{"@type":"ReadAction","target":["https:\/\/tajkertesz.com\/termek\/bros-hangyairto-por-250g\/"]}]},{"@type":"ImageObject","inLanguage":"en-US","@id":"https:\/\/tajkertesz.com\/termek\/bros-hangyairto-por-250g\/#primaryimage","url":"https:\/\/tajkertesz.com\/wp-content\/uploads\/2021\/05\/2.jpg","contentUrl":"https:\/\/tajkertesz.com\/wp-content\/uploads\/2021\/05\/2.jpg","width":450,"height":450},{"@type":"BreadcrumbList","@id":"https:\/\/tajkertesz.com\/termek\/bros-hangyairto-por-250g\/#breadcrumb","itemListElement":[{"@type":"ListItem","position":1,"name":"Home","item":"https:\/\/tajkertesz.com\/"},{"@type":"ListItem","position":2,"name":"Kezd\u0151lap","item":"https:\/\/tajkertesz.com\/"},{"@type":"ListItem","position":3,"name":"Bros Hangyairt\u00f3 por 250g"}]},{"@type":"WebSite","@id":"https:\/\/tajkertesz.com\/#website","url":"https:\/\/tajkertesz.com\/","name":"T\u00e1j-Kert\u00e9sz 84 Kft.","description":"Kert\u00e9szeti kis- \u00e9s nagykeresked\u00e9s, D\u00edszn\u00f6v\u00e9ny web\u00e1ruh\u00e1z orsz\u00e1gos h\u00e1zhozsz\u00e1ll\u00edt\u00e1ssal!","publisher":{"@id":"https:\/\/tajkertesz.com\/#organization"},"potentialAction":[{"@type":"SearchAction","target":{"@type":"EntryPoint","urlTemplate":"https:\/\/tajkertesz.com\/?s={search_term_string}"},"query-input":{"@type":"PropertyValueSpecification","valueRequired":true,"valueName":"search_term_string"}}],"inLanguage":"en-US"},{"@type":"Organization","@id":"https:\/\/tajkertesz.com\/#organization","name":"T\u00e1j-Kert\u00e9sz 84 Kft.","url":"https:\/\/tajkertesz.com\/","logo":{"@type":"ImageObject","inLanguage":"en-US","@id":"https:\/\/tajkertesz.com\/#\/schema\/logo\/image\/","url":"https:\/\/tajkertesz.com\/wp-content\/uploads\/2018\/02\/logo-2-e1518678052539.png","contentUrl":"https:\/\/tajkertesz.com\/wp-content\/uploads\/2018\/02\/logo-2-e1518678052539.png","width":81,"height":140,"caption":"T\u00e1j-Kert\u00e9sz 84 Kft."},"image":{"@id":"https:\/\/tajkertesz.com\/#\/schema\/logo\/image\/"},"sameAs":["https:\/\/www.facebook.com\/Tajkertesz\/"]}]}},"_links":{"self":[{"href":"https:\/\/tajkertesz.com\/en_US\/wp-json\/wp\/v2\/product\/4886","targetHints":{"allow":["GET"]}}],"collection":[{"href":"https:\/\/tajkertesz.com\/en_US\/wp-json\/wp\/v2\/product"}],"about":[{"href":"https:\/\/tajkertesz.com\/en_US\/wp-json\/wp\/v2\/types\/product"}],"wp:featuredmedia":[{"embeddable":true,"href":"https:\/\/tajkertesz.com\/en_US\/wp-json\/wp\/v2\/media\/4887"}],"wp:attachment":[{"href":"https:\/\/tajkertesz.com\/en_US\/wp-json\/wp\/v2\/media?parent=4886"}],"wp:term":[{"taxonomy":"product_brand","embeddable":true,"href":"https:\/\/tajkertesz.com\/en_US\/wp-json\/wp\/v2\/product_brand?post=4886"},{"taxonomy":"product_cat","embeddable":true,"href":"https:\/\/tajkertesz.com\/en_US\/wp-json\/wp\/v2\/product_cat?post=4886"},{"taxonomy":"product_tag","embeddable":true,"href":"https:\/\/tajkertesz.com\/en_US\/wp-json\/wp\/v2\/product_tag?post=4886"}],"curies":[{"name":"wp","href":"https:\/\/api.w.org\/{rel}","templated":true}]}}