{"id":4923,"date":"2021-05-17T09:04:33","date_gmt":"2021-05-17T09:04:33","guid":{"rendered":"https:\/\/tajkertesz.com\/?post_type=product&#038;p=4923"},"modified":"2024-08-14T11:50:47","modified_gmt":"2024-08-14T11:50:47","slug":"kerti-szerszamkeszlet-3-reszes-gyerekeknek","status":"publish","type":"product","link":"https:\/\/tajkertesz.com\/en_US\/product\/kerti-szerszamkeszlet-3-reszes-gyerekeknek\/","title":{"rendered":"Kerti szersz\u00e1mk\u00e9szlet 3 r\u00e9szes (gyerekeknek)"},"content":{"rendered":"<div class=\"artdet__name-rating d-none d-lg-block\">\n<div class=\"row gutters-5\">\n<div class=\"col\">\n<h2>Kerti szersz\u00e1mk\u00e9szlet 3 r\u00e9szes (gyerekeknek)<\/h2>\n<\/div>\n<\/div>\n<\/div>\n<div id=\"artdet__short-descrition\" class=\"artdet__short-descripton artdet-block border-block\">\n<div class=\"artdet__short-descripton-content text-justify font-s font-sm-m\">\n<p>&nbsp;<\/p>\n<\/div>\n<\/div>\n<p>Kerti szersz\u00e1mk\u00e9szlet 3 r\u00e9szes (gyerekeknek)<\/p>\n<p>&nbsp;<\/p>\n<p><a href=\"https:\/\/tajkertesz.com\/\">https:\/\/tajkertesz.com\/<\/a><\/p>\n<p><a href=\"https:\/\/www.facebook.com\/tajkertesz\">https:\/\/www.facebook.com\/tajkertesz<\/a><\/p>\n<p><span style=\"color: #ffffff;\">A meleg \u00e1gy\u00e1s val\u00f3j\u00e1ban nem m\u00e1s mint egy vastag tr\u00e1gyar\u00e9teg besz\u00f3rva valamennyi f\u00f6lddel. A meleg\u00e1gy tr\u00e1gyakever\u00e9ke att\u00f3l f\u00fcgg milyen id\u0151tartamra k\u00e9ri a meleget a rajta termeszteni k\u00edv\u00e1nt n\u00f6v\u00e9nykult\u00fara. A l\u00f3tr\u00e1gya hirtelen ad sok meleget. Ez\u00e9rt ezt t\u00e9l v\u00e9ge fel\u00e9 alkalmazt\u00e1k. A marhatr\u00e1gya lassan ad kevesebb meleget, de huzamosabb ideig. A l\u00f3 \u00e9s szarvasmarha tr\u00e1gya kever\u00e9k\u00e9t annak megfelel\u0151en kevert\u00e9k be hogy t\u00f6bb meleg kellett hirtelen, vagy kevesebb meleg hosszabb t\u00e1von. Ha kev\u00e9s a szerves tr\u00e1gya a meleg\u00e1gy al\u00e1, akkor p\u00f3tolhat\u00f3 szalm\u00e1val, \u00e9s m\u0171tr\u00e1gy\u00e1val. A meleg\u00e1gy minden esetben fedhet\u0151 az \u00e9jjeli leh\u0171l\u00e9s megakad\u00e1lyoz\u00e1s\u00e1ra.<\/span><\/p>\n<p><span style=\"color: #ffffff;\">A meleg \u00e1gy\u00e1s val\u00f3j\u00e1ban nem m\u00e1s mint egy vastag tr\u00e1gyar\u00e9teg besz\u00f3rva valamennyi f\u00f6lddel. A meleg\u00e1gy tr\u00e1gyakever\u00e9ke att\u00f3l f\u00fcgg milyen id\u0151tartamra k\u00e9ri a meleget a rajta termeszteni k\u00edv\u00e1nt n\u00f6v\u00e9nykult\u00fara. A l\u00f3tr\u00e1gya hirtelen ad sok meleget. Ez\u00e9rt ezt t\u00e9l v\u00e9ge fel\u00e9 alkalmazt\u00e1k. A marhatr\u00e1gya lassan ad kevesebb meleget, de huzamosabb ideig. A l\u00f3 \u00e9s szarvasmarha tr\u00e1gya kever\u00e9k\u00e9t annak megfelel\u0151en kevert\u00e9k be hogy t\u00f6bb meleg kellett hirtelen, vagy kevesebb meleg hosszabb t\u00e1von. Ha kev\u00e9s a szerves tr\u00e1gya a meleg\u00e1gy al\u00e1, akkor p\u00f3tolhat\u00f3 szalm\u00e1val, \u00e9s m\u0171tr\u00e1gy\u00e1val. A meleg\u00e1gy minden esetben fedhet\u0151 az \u00e9jjeli leh\u0171l\u00e9s megakad\u00e1lyoz\u00e1s\u00e1ra.<\/span><\/p>\n<p>&nbsp;<\/p>\n<p><span style=\"color: #ffffff;\"><strong>Keszty\u0171k T\u00f6rt\u00e9nete:<\/strong><\/span><\/p>\n<p><span style=\"color: #ffffff;\">Az \u00f3korban haszn\u00e1lt keszty\u0171 olyan volt, mint a mai egyujjas keszty\u0171, \u00e9s azt a g\u00f6r\u00f6g\u00f6k \u00e9s r\u00f3maiak szinte kiz\u00e1r\u00f3lag munkakeszty\u0171k\u00e9nt haszn\u00e1lt\u00e1k.<\/span><\/p>\n<p><span style=\"color: #ffffff;\"><strong>A\u00a0k\u00e9sz\u00edt\u00e9si m\u00f3dt\u00f3l\u00a0f\u00fcgg\u0151en ismer\u00fcnk<\/strong><\/span><\/p>\n<p><span style=\"color: #ffffff;\">szabott keszty\u0171t, amelynek alkatr\u00e9szeit lapszer\u0171 anyagokb\u00f3l megfelel\u0151 sablonok haszn\u00e1lat\u00e1val kiv\u00e1gj\u00e1k \u00e9s azut\u00e1n \u00f6sszevarrj\u00e1k vagy \u2013 m\u0171anyagok eset\u00e9n \u2013 \u00f6sszehegesztik,m\u0171anyagb\u00f3l extrud\u00e1l\u00e1ssal k\u00e9sz\u00fclt, egy darabb\u00f3l \u00e1ll\u00f3 keszty\u0171t, valamintk\u00f6t\u00f6tt keszty\u0171, amelyet egy darabban form\u00e1ra k\u00f6tnek.<\/span><\/p>\n<p>&nbsp;<\/p>\n<p><span style=\"color: #ffffff;\">A keszty\u0171k\u00a0m\u00e9ret\u00e9t\u00a0\u00e1ltal\u00e1ban a teny\u00e9r sz\u00e9less\u00e9ge szerint sz\u00e1mozz\u00e1k: a m\u00e9retet az a sz\u00e1m jelenti, ah\u00e1ny centim\u00e9ter sz\u00e9les a teny\u00e9r. Vannak olyan gy\u00e1rt\u00f3k, akik a keszty\u0171kn\u00e9l is az S, M, L, XL, XXL nagys\u00e1gjel\u00f6l\u00e9st alkalmazz\u00e1k.<\/span><\/p>\n<h3><\/h3>\n<p><b>K\u00e9szlet\u00fcnk napi szinten v\u00e1ltozik, ez\u00e9rt k\u00e9rj\u00fck, \u00e9rdekl\u0151dj\u00f6n szem\u00e9lyesen, telefonon vagy email-en.<br \/>\nA v\u00e1ltoztat\u00e1s jog\u00e1t fenntartjuk!\u00a0<\/b><\/p>","protected":false},"excerpt":{"rendered":"<div class=\"artdet__name-rating d-none d-lg-block\">\n<div class=\"row gutters-5\">\n<div class=\"col\">\n<div class=\"artdet__name-rating d-none d-lg-block\">\n<div class=\"row gutters-5\">\n<div class=\"col\">\n<h2>Kerti szersz\u00e1mk\u00e9szlet 3 r\u00e9szes (gyerekeknek)<\/h2>\n<\/div>\n<\/div>\n<\/div>\n<\/div>\n<\/div>\n<\/div>","protected":false},"featured_media":4924,"template":"","meta":{"_et_pb_use_builder":"","_et_pb_old_content":"","_et_gb_content_width":""},"product_brand":[],"product_cat":[1952],"product_tag":[1411,971],"class_list":{"0":"post-4923","1":"product","2":"type-product","3":"status-publish","4":"has-post-thumbnail","6":"product_cat-aso-lapat-kapa-gereblye-nyel","7":"product_tag-kertesz","8":"product_tag-kerti","10":"first","11":"instock","12":"shipping-taxable","13":"purchasable","14":"product-type-simple"},"yoast_head":"<!-- This site is optimized with the Yoast SEO plugin v27.3 - https:\/\/yoast.com\/product\/yoast-seo-wordpress\/ -->\n<title>Kerti szersz\u00e1mk\u00e9szlet 3 r\u00e9szes (gyerekeknek) - T\u00e1jkert\u00e9sz<\/title>\n<meta name=\"description\" content=\"Kerti szersz\u00e1mk\u00e9szlet 3 r\u00e9szes (gyerekeknek),\" \/>\n<meta name=\"robots\" content=\"index, follow, max-snippet:-1, max-image-preview:large, max-video-preview:-1\" \/>\n<link rel=\"canonical\" href=\"https:\/\/tajkertesz.com\/en_US\/product\/kerti-szerszamkeszlet-3-reszes-gyerekeknek\/\" \/>\n<meta property=\"og:locale\" content=\"en_US\" \/>\n<meta property=\"og:type\" content=\"article\" \/>\n<meta property=\"og:title\" content=\"Kerti szersz\u00e1mk\u00e9szlet 3 r\u00e9szes (gyerekeknek) - T\u00e1jkert\u00e9sz\" \/>\n<meta property=\"og:description\" content=\"Kerti szersz\u00e1mk\u00e9szlet 3 r\u00e9szes (gyerekeknek),\" \/>\n<meta property=\"og:url\" content=\"https:\/\/tajkertesz.com\/en_US\/product\/kerti-szerszamkeszlet-3-reszes-gyerekeknek\/\" \/>\n<meta property=\"og:site_name\" content=\"T\u00e1jkert\u00e9sz\" \/>\n<meta property=\"article:publisher\" content=\"https:\/\/www.facebook.com\/Tajkertesz\/\" \/>\n<meta property=\"article:modified_time\" content=\"2024-08-14T11:50:47+00:00\" \/>\n<meta property=\"og:image\" content=\"https:\/\/tajkertesz.com\/wp-content\/uploads\/2021\/05\/kerti-szerszamkeszlet-3-reszes-gyerekeknek_600x600-1.jpg\" \/>\n\t<meta property=\"og:image:width\" content=\"600\" \/>\n\t<meta property=\"og:image:height\" content=\"600\" \/>\n\t<meta property=\"og:image:type\" content=\"image\/jpeg\" \/>\n<meta name=\"twitter:card\" content=\"summary_large_image\" \/>\n<meta name=\"twitter:label1\" content=\"Est. reading time\" \/>\n\t<meta name=\"twitter:data1\" content=\"2 minutes\" \/>\n<script type=\"application\/ld+json\" class=\"yoast-schema-graph\">{\"@context\":\"https:\\\/\\\/schema.org\",\"@graph\":[{\"@type\":\"WebPage\",\"@id\":\"https:\\\/\\\/tajkertesz.com\\\/termek\\\/kerti-szerszamkeszlet-3-reszes-gyerekeknek\\\/\",\"url\":\"https:\\\/\\\/tajkertesz.com\\\/termek\\\/kerti-szerszamkeszlet-3-reszes-gyerekeknek\\\/\",\"name\":\"Kerti szersz\u00e1mk\u00e9szlet 3 r\u00e9szes (gyerekeknek) - T\u00e1jkert\u00e9sz\",\"isPartOf\":{\"@id\":\"https:\\\/\\\/tajkertesz.com\\\/#website\"},\"primaryImageOfPage\":{\"@id\":\"https:\\\/\\\/tajkertesz.com\\\/termek\\\/kerti-szerszamkeszlet-3-reszes-gyerekeknek\\\/#primaryimage\"},\"image\":{\"@id\":\"https:\\\/\\\/tajkertesz.com\\\/termek\\\/kerti-szerszamkeszlet-3-reszes-gyerekeknek\\\/#primaryimage\"},\"thumbnailUrl\":\"https:\\\/\\\/tajkertesz.com\\\/wp-content\\\/uploads\\\/2021\\\/05\\\/kerti-szerszamkeszlet-3-reszes-gyerekeknek_600x600-1.jpg\",\"datePublished\":\"2021-05-17T09:04:33+00:00\",\"dateModified\":\"2024-08-14T11:50:47+00:00\",\"description\":\"Kerti szersz\u00e1mk\u00e9szlet 3 r\u00e9szes (gyerekeknek),\",\"breadcrumb\":{\"@id\":\"https:\\\/\\\/tajkertesz.com\\\/termek\\\/kerti-szerszamkeszlet-3-reszes-gyerekeknek\\\/#breadcrumb\"},\"inLanguage\":\"en-US\",\"potentialAction\":[{\"@type\":\"ReadAction\",\"target\":[\"https:\\\/\\\/tajkertesz.com\\\/termek\\\/kerti-szerszamkeszlet-3-reszes-gyerekeknek\\\/\"]}]},{\"@type\":\"ImageObject\",\"inLanguage\":\"en-US\",\"@id\":\"https:\\\/\\\/tajkertesz.com\\\/termek\\\/kerti-szerszamkeszlet-3-reszes-gyerekeknek\\\/#primaryimage\",\"url\":\"https:\\\/\\\/tajkertesz.com\\\/wp-content\\\/uploads\\\/2021\\\/05\\\/kerti-szerszamkeszlet-3-reszes-gyerekeknek_600x600-1.jpg\",\"contentUrl\":\"https:\\\/\\\/tajkertesz.com\\\/wp-content\\\/uploads\\\/2021\\\/05\\\/kerti-szerszamkeszlet-3-reszes-gyerekeknek_600x600-1.jpg\",\"width\":600,\"height\":600},{\"@type\":\"BreadcrumbList\",\"@id\":\"https:\\\/\\\/tajkertesz.com\\\/termek\\\/kerti-szerszamkeszlet-3-reszes-gyerekeknek\\\/#breadcrumb\",\"itemListElement\":[{\"@type\":\"ListItem\",\"position\":1,\"name\":\"Home\",\"item\":\"https:\\\/\\\/tajkertesz.com\\\/\"},{\"@type\":\"ListItem\",\"position\":2,\"name\":\"Kezd\u0151lap\",\"item\":\"https:\\\/\\\/tajkertesz.com\\\/\"},{\"@type\":\"ListItem\",\"position\":3,\"name\":\"Kerti szersz\u00e1mk\u00e9szlet 3 r\u00e9szes (gyerekeknek)\"}]},{\"@type\":\"WebSite\",\"@id\":\"https:\\\/\\\/tajkertesz.com\\\/#website\",\"url\":\"https:\\\/\\\/tajkertesz.com\\\/\",\"name\":\"T\u00e1j-Kert\u00e9sz 84 Kft.\",\"description\":\"Kert\u00e9szeti kis- \u00e9s nagykeresked\u00e9s, D\u00edszn\u00f6v\u00e9ny web\u00e1ruh\u00e1z orsz\u00e1gos h\u00e1zhozsz\u00e1ll\u00edt\u00e1ssal!\",\"publisher\":{\"@id\":\"https:\\\/\\\/tajkertesz.com\\\/#organization\"},\"potentialAction\":[{\"@type\":\"SearchAction\",\"target\":{\"@type\":\"EntryPoint\",\"urlTemplate\":\"https:\\\/\\\/tajkertesz.com\\\/?s={search_term_string}\"},\"query-input\":{\"@type\":\"PropertyValueSpecification\",\"valueRequired\":true,\"valueName\":\"search_term_string\"}}],\"inLanguage\":\"en-US\"},{\"@type\":\"Organization\",\"@id\":\"https:\\\/\\\/tajkertesz.com\\\/#organization\",\"name\":\"T\u00e1j-Kert\u00e9sz 84 Kft.\",\"url\":\"https:\\\/\\\/tajkertesz.com\\\/\",\"logo\":{\"@type\":\"ImageObject\",\"inLanguage\":\"en-US\",\"@id\":\"https:\\\/\\\/tajkertesz.com\\\/#\\\/schema\\\/logo\\\/image\\\/\",\"url\":\"https:\\\/\\\/tajkertesz.com\\\/wp-content\\\/uploads\\\/2018\\\/02\\\/logo-2-e1518678052539.png\",\"contentUrl\":\"https:\\\/\\\/tajkertesz.com\\\/wp-content\\\/uploads\\\/2018\\\/02\\\/logo-2-e1518678052539.png\",\"width\":81,\"height\":140,\"caption\":\"T\u00e1j-Kert\u00e9sz 84 Kft.\"},\"image\":{\"@id\":\"https:\\\/\\\/tajkertesz.com\\\/#\\\/schema\\\/logo\\\/image\\\/\"},\"sameAs\":[\"https:\\\/\\\/www.facebook.com\\\/Tajkertesz\\\/\"]}]}<\/script>\n<!-- \/ Yoast SEO plugin. -->","yoast_head_json":{"title":"Kerti szersz\u00e1mk\u00e9szlet 3 r\u00e9szes (gyerekeknek) - T\u00e1jkert\u00e9sz","description":"Kerti szersz\u00e1mk\u00e9szlet 3 r\u00e9szes (gyerekeknek),","robots":{"index":"index","follow":"follow","max-snippet":"max-snippet:-1","max-image-preview":"max-image-preview:large","max-video-preview":"max-video-preview:-1"},"canonical":"https:\/\/tajkertesz.com\/en_US\/product\/kerti-szerszamkeszlet-3-reszes-gyerekeknek\/","og_locale":"en_US","og_type":"article","og_title":"Kerti szersz\u00e1mk\u00e9szlet 3 r\u00e9szes (gyerekeknek) - T\u00e1jkert\u00e9sz","og_description":"Kerti szersz\u00e1mk\u00e9szlet 3 r\u00e9szes (gyerekeknek),","og_url":"https:\/\/tajkertesz.com\/en_US\/product\/kerti-szerszamkeszlet-3-reszes-gyerekeknek\/","og_site_name":"T\u00e1jkert\u00e9sz","article_publisher":"https:\/\/www.facebook.com\/Tajkertesz\/","article_modified_time":"2024-08-14T11:50:47+00:00","og_image":[{"width":600,"height":600,"url":"https:\/\/tajkertesz.com\/wp-content\/uploads\/2021\/05\/kerti-szerszamkeszlet-3-reszes-gyerekeknek_600x600-1.jpg","type":"image\/jpeg"}],"twitter_card":"summary_large_image","twitter_misc":{"Est. reading time":"2 minutes"},"schema":{"@context":"https:\/\/schema.org","@graph":[{"@type":"WebPage","@id":"https:\/\/tajkertesz.com\/termek\/kerti-szerszamkeszlet-3-reszes-gyerekeknek\/","url":"https:\/\/tajkertesz.com\/termek\/kerti-szerszamkeszlet-3-reszes-gyerekeknek\/","name":"Kerti szersz\u00e1mk\u00e9szlet 3 r\u00e9szes (gyerekeknek) - T\u00e1jkert\u00e9sz","isPartOf":{"@id":"https:\/\/tajkertesz.com\/#website"},"primaryImageOfPage":{"@id":"https:\/\/tajkertesz.com\/termek\/kerti-szerszamkeszlet-3-reszes-gyerekeknek\/#primaryimage"},"image":{"@id":"https:\/\/tajkertesz.com\/termek\/kerti-szerszamkeszlet-3-reszes-gyerekeknek\/#primaryimage"},"thumbnailUrl":"https:\/\/tajkertesz.com\/wp-content\/uploads\/2021\/05\/kerti-szerszamkeszlet-3-reszes-gyerekeknek_600x600-1.jpg","datePublished":"2021-05-17T09:04:33+00:00","dateModified":"2024-08-14T11:50:47+00:00","description":"Kerti szersz\u00e1mk\u00e9szlet 3 r\u00e9szes (gyerekeknek),","breadcrumb":{"@id":"https:\/\/tajkertesz.com\/termek\/kerti-szerszamkeszlet-3-reszes-gyerekeknek\/#breadcrumb"},"inLanguage":"en-US","potentialAction":[{"@type":"ReadAction","target":["https:\/\/tajkertesz.com\/termek\/kerti-szerszamkeszlet-3-reszes-gyerekeknek\/"]}]},{"@type":"ImageObject","inLanguage":"en-US","@id":"https:\/\/tajkertesz.com\/termek\/kerti-szerszamkeszlet-3-reszes-gyerekeknek\/#primaryimage","url":"https:\/\/tajkertesz.com\/wp-content\/uploads\/2021\/05\/kerti-szerszamkeszlet-3-reszes-gyerekeknek_600x600-1.jpg","contentUrl":"https:\/\/tajkertesz.com\/wp-content\/uploads\/2021\/05\/kerti-szerszamkeszlet-3-reszes-gyerekeknek_600x600-1.jpg","width":600,"height":600},{"@type":"BreadcrumbList","@id":"https:\/\/tajkertesz.com\/termek\/kerti-szerszamkeszlet-3-reszes-gyerekeknek\/#breadcrumb","itemListElement":[{"@type":"ListItem","position":1,"name":"Home","item":"https:\/\/tajkertesz.com\/"},{"@type":"ListItem","position":2,"name":"Kezd\u0151lap","item":"https:\/\/tajkertesz.com\/"},{"@type":"ListItem","position":3,"name":"Kerti szersz\u00e1mk\u00e9szlet 3 r\u00e9szes (gyerekeknek)"}]},{"@type":"WebSite","@id":"https:\/\/tajkertesz.com\/#website","url":"https:\/\/tajkertesz.com\/","name":"T\u00e1j-Kert\u00e9sz 84 Kft.","description":"Kert\u00e9szeti kis- \u00e9s nagykeresked\u00e9s, D\u00edszn\u00f6v\u00e9ny web\u00e1ruh\u00e1z orsz\u00e1gos h\u00e1zhozsz\u00e1ll\u00edt\u00e1ssal!","publisher":{"@id":"https:\/\/tajkertesz.com\/#organization"},"potentialAction":[{"@type":"SearchAction","target":{"@type":"EntryPoint","urlTemplate":"https:\/\/tajkertesz.com\/?s={search_term_string}"},"query-input":{"@type":"PropertyValueSpecification","valueRequired":true,"valueName":"search_term_string"}}],"inLanguage":"en-US"},{"@type":"Organization","@id":"https:\/\/tajkertesz.com\/#organization","name":"T\u00e1j-Kert\u00e9sz 84 Kft.","url":"https:\/\/tajkertesz.com\/","logo":{"@type":"ImageObject","inLanguage":"en-US","@id":"https:\/\/tajkertesz.com\/#\/schema\/logo\/image\/","url":"https:\/\/tajkertesz.com\/wp-content\/uploads\/2018\/02\/logo-2-e1518678052539.png","contentUrl":"https:\/\/tajkertesz.com\/wp-content\/uploads\/2018\/02\/logo-2-e1518678052539.png","width":81,"height":140,"caption":"T\u00e1j-Kert\u00e9sz 84 Kft."},"image":{"@id":"https:\/\/tajkertesz.com\/#\/schema\/logo\/image\/"},"sameAs":["https:\/\/www.facebook.com\/Tajkertesz\/"]}]}},"_links":{"self":[{"href":"https:\/\/tajkertesz.com\/en_US\/wp-json\/wp\/v2\/product\/4923","targetHints":{"allow":["GET"]}}],"collection":[{"href":"https:\/\/tajkertesz.com\/en_US\/wp-json\/wp\/v2\/product"}],"about":[{"href":"https:\/\/tajkertesz.com\/en_US\/wp-json\/wp\/v2\/types\/product"}],"wp:featuredmedia":[{"embeddable":true,"href":"https:\/\/tajkertesz.com\/en_US\/wp-json\/wp\/v2\/media\/4924"}],"wp:attachment":[{"href":"https:\/\/tajkertesz.com\/en_US\/wp-json\/wp\/v2\/media?parent=4923"}],"wp:term":[{"taxonomy":"product_brand","embeddable":true,"href":"https:\/\/tajkertesz.com\/en_US\/wp-json\/wp\/v2\/product_brand?post=4923"},{"taxonomy":"product_cat","embeddable":true,"href":"https:\/\/tajkertesz.com\/en_US\/wp-json\/wp\/v2\/product_cat?post=4923"},{"taxonomy":"product_tag","embeddable":true,"href":"https:\/\/tajkertesz.com\/en_US\/wp-json\/wp\/v2\/product_tag?post=4923"}],"curies":[{"name":"wp","href":"https:\/\/api.w.org\/{rel}","templated":true}]}}