{"id":4927,"date":"2021-05-17T09:22:07","date_gmt":"2021-05-17T09:22:07","guid":{"rendered":"https:\/\/tajkertesz.com\/?post_type=product&#038;p=4927"},"modified":"2021-09-06T09:14:18","modified_gmt":"2021-09-06T09:14:18","slug":"metal-futtato-zold-muanyaggal-bevont-h150x75cm","status":"publish","type":"product","link":"https:\/\/tajkertesz.com\/en_US\/product\/metal-futtato-zold-muanyaggal-bevont-h150x75cm\/","title":{"rendered":"Met\u00e1l futtat\u00f3 z\u00f6ld, m\u0171anyaggal bevont H150x75cm"},"content":{"rendered":"<h2>Met\u00e1l futtat\u00f3 z\u00f6ld, m\u0171anyaggal bevont H150x75cm<\/h2>\n<p>Met\u00e1l futtat\u00f3 z\u00f6ld, m\u0171anyaggal bevont H150x75cm t\u00e9glalap alak\u00fa k\u00f6nnyen szerelhet\u0151 f\u00e9m r\u00e1cs kedvenc fut\u00f3 n\u00f6v\u00e9nyeinknek.<\/p>\n<p>Falra szerelhet\u0151 dekorat\u00edv t\u00e9glalap alak\u00fa f\u00e9m r\u00e1cs r\u00f6gz\u00edt\u0151 szettel egy\u00fctt csomagolva.<\/p>\n<p>Fut\u00f3 n\u00f6v\u00e9nyeink sz\u00e1m\u00e1ra elengedhetetlen valamilyen t\u00e1m rendszer.<\/p>\n<p>Itt c\u00e9lszer\u0171 t\u00e1j\u00e9koz\u00f3dni a kiv\u00e1lasztott n\u00f6v\u00e9ny fejl\u0151d\u00e9si intenzit\u00e1s\u00e1r\u00f3l hogy a\u00a0 megfelel\u0151 m\u00e9ret\u0171 \u00e9s anyag\u00fa term\u00e9ket v\u00e1lasszunk.<\/p>\n<p>Mivel igensz\u00e9les t\u00e1rh\u00e1za van a kerti futtat\u00f3knak.<\/p>\n<p>Anyaga lehet f\u00e9m, fa\u00a0 vagy m\u0171anyag.<\/p>\n<p>Falhoz r\u00f6gz\u00edthet\u0151 , kerti vir\u00e1g\u00e1gy\u00e1sba lesz\u00farhat\u00f3,\u00a0 kinyithat\u00f3 oll\u00f3s r\u00e1cs, \u00edves , obelisk form\u00e1ly\u00fa sz\u00f3val a t\u00e1rh\u00e1z szinte v\u00e9gtelen.<\/p>\n<p>Fontos elgondolkodni azon hogy milyen habitus\u00fa n\u00f6v\u00e9nyt szeretn\u00e9k a kerti r\u00e1csra vagy futtat\u00f3ra felvezetni.<\/p>\n<p>Ak\u00e1r lehet ez egyny\u00e1ri, \u00f6r\u00f6kz\u00f6ld, lombhullat\u00f3, z\u00f6lds\u00e9g vagy gy\u00fcm\u00f6lcs de t\u00f6bbnyire vir\u00e1gz\u00f3 k\u00fasz\u00f3kkal szeretik vev\u0151ink befuttatni.<\/p>\n<p>T\u00f6bbs\u00e9g\u00fck nem ig\u00e9nyel szerel\u00e9st ,de c\u00e9lszer\u0171 stabilan r\u00f6gz\u00edteni, hogy sok\u00e1ig gy\u00f6ny\u00f6rk\u00f6dhess\u00fcnk benne \u00e9s a r\u00e1tekered\u0151 n\u00f6v\u00e9nyeinkben.<\/p>\n<h4 style=\"line-height: 18.0pt; background: white; margin: 0cm 0cm 15.0pt 0cm;\"><strong><span style=\"font-family: 'Ubuntu',serif; color: black;\">El\u00e9rhet\u0151 t\u00f6bbf\u00e9le m\u00e9retben \u00e9s \u00e1rban.<\/span><\/strong><\/h4>\n<p><a href=\"https:\/\/tajkertesz.com\/termek\/metal-futtato-zold-muanyag-bevonattal-75150-cm\/\">https:\/\/tajkertesz.com\/termek\/metal-futtato-zold-muanyag-bevonattal-75150-cm\/<\/a><\/p>\n<h4 style=\"line-height: 18.0pt; background: white; margin: 0cm 0cm 15.0pt 0cm;\"><strong><span style=\"font-family: 'Ubuntu',serif; color: black;\">K\u00e9szlet\u00fcnk napi szinten v\u00e1ltozik, ez\u00e9rt k\u00e9rj\u00fck, \u00e9rdekl\u0151dj\u00f6n szem\u00e9lyesen, telefonon vagy email-en.<br \/>\nA v\u00e1ltoztat\u00e1s jog\u00e1t fenntartjuk!\u00a0<\/span><\/strong><\/h4>\n<p><a href=\"https:\/\/tajkertesz.com\/\">https:\/\/tajkertesz.com\/<\/a><\/p>\n<p><a href=\"https:\/\/www.facebook.com\/tajkertesz\">https:\/\/www.facebook.com\/tajkertesz<\/a><\/p>\n<p><span style=\"color: #ffffff;\">A meleg \u00e1gy\u00e1s val\u00f3j\u00e1ban nem m\u00e1s mint egy vastag tr\u00e1gyar\u00e9teg besz\u00f3rva valamennyi f\u00f6lddel. A meleg\u00e1gy tr\u00e1gyakever\u00e9ke att\u00f3l f\u00fcgg milyen id\u0151tartamra k\u00e9ri a meleget a rajta termeszteni k\u00edv\u00e1nt n\u00f6v\u00e9nykult\u00fara. A l\u00f3tr\u00e1gya hirtelen ad sok meleget. Ez\u00e9rt ezt t\u00e9l v\u00e9ge fel\u00e9 alkalmazt\u00e1k. A marhatr\u00e1gya lassan ad kevesebb meleget, de huzamosabb ideig. A l\u00f3 \u00e9s szarvasmarha tr\u00e1gya kever\u00e9k\u00e9t annak megfelel\u0151en kevert\u00e9k be hogy t\u00f6bb meleg kellett hirtelen, vagy kevesebb meleg hosszabb t\u00e1von. Ha kev\u00e9s a szerves tr\u00e1gya a meleg\u00e1gy al\u00e1, akkor p\u00f3tolhat\u00f3 szalm\u00e1val, \u00e9s m\u0171tr\u00e1gy\u00e1val. A meleg\u00e1gy minden esetben fedhet\u0151 az \u00e9jjeli leh\u0171l\u00e9s megakad\u00e1lyoz\u00e1s\u00e1ra.<\/span><\/p>\n<p>&nbsp;<\/p>","protected":false},"excerpt":{"rendered":"<p>A Met\u00e1l futtat\u00f3 z\u00f6ld, m\u0171anyaggal bevont H150x75cm<\/p>\n<p>t\u00e9glalap alak\u00fa k\u00f6nnyen szerelhet\u0151 f\u00e9m r\u00e1cs kedvenc fut\u00f3 n\u00f6v\u00e9nyeinknek.<\/p>\n<p>Falra szerelhet\u0151 dekorat\u00edv t\u00e9glalap alak\u00fa f\u00e9m r\u00e1cs r\u00f6gz\u00edt\u0151 szettel egy\u00fctt csomagolva.<\/p>\n<p>Fut\u00f3 n\u00f6v\u00e9nyeink sz\u00e1m\u00e1ra elengedhetetlen valamilyen t\u00e1m rendszer.<\/p>\n<p>Itt c\u00e9lszer\u0171 t\u00e1j\u00e9koz\u00f3dni a kiv\u00e1lasztott n\u00f6v\u00e9ny fejl\u0151d\u00e9si intenzit\u00e1s\u00e1r\u00f3l hogy a\u00a0 megfelel\u0151 m\u00e9ret\u0171 \u00e9s anyag\u00fa term\u00e9ket v\u00e1lasszunk.<\/p>\n<p>Mivel igensz\u00e9les t\u00e1rh\u00e1za van a kerti futtat\u00f3knak.<\/p>\n<p>Anyaga lehet f\u00e9m, fa\u00a0 vagy m\u0171anyag.<\/p>\n<p>Falhoz r\u00f6gz\u00edthet\u0151 , kerti vir\u00e1g\u00e1gy\u00e1sba lesz\u00farhat\u00f3,\u00a0 kinyithat\u00f3 oll\u00f3s r\u00e1cs, \u00edves , obelisk form\u00e1ly\u00fa sz\u00f3val a t\u00e1rh\u00e1z szinte v\u00e9gtelen.<\/p>\n<p>Fontos elgondolkodni azon hogy milyen habitus\u00fa n\u00f6v\u00e9nyt szeretn\u00e9k a kerti r\u00e1csra vagy futtat\u00f3ra felvezetni.<\/p>\n<p>Ak\u00e1r lehet ez egyny\u00e1ri, \u00f6r\u00f6kz\u00f6ld, lombhullat\u00f3, z\u00f6lds\u00e9g vagy gy\u00fcm\u00f6lcs de t\u00f6bbnyire vir\u00e1gz\u00f3 k\u00fasz\u00f3kkal szeretik vev\u0151ink befuttatni.<\/p>\n<p>T\u00f6bbs\u00e9g\u00fck nem ig\u00e9nyel szerel\u00e9st ,de c\u00e9lszer\u0171 stabilan r\u00f6gz\u00edteni, hogy sok\u00e1ig gy\u00f6ny\u00f6rk\u00f6dhess\u00fcnk benne \u00e9s a r\u00e1tekered\u0151 n\u00f6v\u00e9nyeinkben.<\/p>","protected":false},"featured_media":4926,"template":"","meta":{"_et_pb_use_builder":"","_et_pb_old_content":"","_et_gb_content_width":""},"product_brand":[],"product_cat":[1186],"product_tag":[1188,1187,1189,1078],"class_list":{"0":"post-4927","1":"product","2":"type-product","3":"status-publish","4":"has-post-thumbnail","6":"product_cat-novenyfuttatok","7":"product_tag-futtato","8":"product_tag-metal","9":"product_tag-muanyag-bevonattal","10":"product_tag-zold","12":"first","13":"instock","14":"shipping-taxable","15":"purchasable","16":"product-type-simple"},"yoast_head":"<!-- This site is optimized with the Yoast SEO plugin v27.5 - https:\/\/yoast.com\/product\/yoast-seo-wordpress\/ -->\n<title>Met\u00e1l futtat\u00f3 z\u00f6ld, m\u0171anyaggal bevont H150x75cm - T\u00e1jkert\u00e9sz<\/title>\n<meta name=\"description\" content=\"A Met\u00e1l futtat\u00f3 z\u00f6ld, m\u0171anyaggal bevont H150x75cm t\u00e9glalap alak\u00fa k\u00f6nnyen szerelhet\u0151 f\u00e9m r\u00e1cs kedvenc fut\u00f3 n\u00f6v\u00e9nyeinknek.\" \/>\n<meta name=\"robots\" content=\"index, follow, max-snippet:-1, max-image-preview:large, max-video-preview:-1\" \/>\n<link rel=\"canonical\" href=\"https:\/\/tajkertesz.com\/en_US\/product\/metal-futtato-zold-muanyaggal-bevont-h150x75cm\/\" \/>\n<meta property=\"og:locale\" content=\"en_US\" \/>\n<meta property=\"og:type\" content=\"article\" \/>\n<meta property=\"og:title\" content=\"Met\u00e1l futtat\u00f3 z\u00f6ld, m\u0171anyaggal bevont H150x75cm - T\u00e1jkert\u00e9sz\" \/>\n<meta property=\"og:description\" content=\"A Met\u00e1l futtat\u00f3 z\u00f6ld, m\u0171anyaggal bevont H150x75cm t\u00e9glalap alak\u00fa k\u00f6nnyen szerelhet\u0151 f\u00e9m r\u00e1cs kedvenc fut\u00f3 n\u00f6v\u00e9nyeinknek.\" \/>\n<meta property=\"og:url\" content=\"https:\/\/tajkertesz.com\/en_US\/product\/metal-futtato-zold-muanyaggal-bevont-h150x75cm\/\" \/>\n<meta property=\"og:site_name\" content=\"T\u00e1jkert\u00e9sz\" \/>\n<meta property=\"article:publisher\" content=\"https:\/\/www.facebook.com\/Tajkertesz\/\" \/>\n<meta property=\"article:modified_time\" content=\"2021-09-06T09:14:18+00:00\" \/>\n<meta property=\"og:image\" content=\"https:\/\/tajkertesz.com\/wp-content\/uploads\/2021\/05\/6040732.jpg\" \/>\n\t<meta property=\"og:image:width\" content=\"823\" \/>\n\t<meta property=\"og:image:height\" content=\"1252\" \/>\n\t<meta property=\"og:image:type\" content=\"image\/jpeg\" \/>\n<meta name=\"twitter:card\" content=\"summary_large_image\" \/>\n<meta name=\"twitter:label1\" content=\"Est. reading time\" \/>\n\t<meta name=\"twitter:data1\" content=\"2 minutes\" \/>\n<script type=\"application\/ld+json\" class=\"yoast-schema-graph\">{\"@context\":\"https:\\\/\\\/schema.org\",\"@graph\":[{\"@type\":\"WebPage\",\"@id\":\"https:\\\/\\\/tajkertesz.com\\\/termek\\\/metal-futtato-zold-muanyaggal-bevont-h150x75cm\\\/\",\"url\":\"https:\\\/\\\/tajkertesz.com\\\/termek\\\/metal-futtato-zold-muanyaggal-bevont-h150x75cm\\\/\",\"name\":\"Met\u00e1l futtat\u00f3 z\u00f6ld, m\u0171anyaggal bevont H150x75cm - T\u00e1jkert\u00e9sz\",\"isPartOf\":{\"@id\":\"https:\\\/\\\/tajkertesz.com\\\/#website\"},\"primaryImageOfPage\":{\"@id\":\"https:\\\/\\\/tajkertesz.com\\\/termek\\\/metal-futtato-zold-muanyaggal-bevont-h150x75cm\\\/#primaryimage\"},\"image\":{\"@id\":\"https:\\\/\\\/tajkertesz.com\\\/termek\\\/metal-futtato-zold-muanyaggal-bevont-h150x75cm\\\/#primaryimage\"},\"thumbnailUrl\":\"https:\\\/\\\/tajkertesz.com\\\/wp-content\\\/uploads\\\/2021\\\/05\\\/6040732.jpg\",\"datePublished\":\"2021-05-17T09:22:07+00:00\",\"dateModified\":\"2021-09-06T09:14:18+00:00\",\"description\":\"A Met\u00e1l futtat\u00f3 z\u00f6ld, m\u0171anyaggal bevont H150x75cm t\u00e9glalap alak\u00fa k\u00f6nnyen szerelhet\u0151 f\u00e9m r\u00e1cs kedvenc fut\u00f3 n\u00f6v\u00e9nyeinknek.\",\"breadcrumb\":{\"@id\":\"https:\\\/\\\/tajkertesz.com\\\/termek\\\/metal-futtato-zold-muanyaggal-bevont-h150x75cm\\\/#breadcrumb\"},\"inLanguage\":\"en-US\",\"potentialAction\":[{\"@type\":\"ReadAction\",\"target\":[\"https:\\\/\\\/tajkertesz.com\\\/termek\\\/metal-futtato-zold-muanyaggal-bevont-h150x75cm\\\/\"]}]},{\"@type\":\"ImageObject\",\"inLanguage\":\"en-US\",\"@id\":\"https:\\\/\\\/tajkertesz.com\\\/termek\\\/metal-futtato-zold-muanyaggal-bevont-h150x75cm\\\/#primaryimage\",\"url\":\"https:\\\/\\\/tajkertesz.com\\\/wp-content\\\/uploads\\\/2021\\\/05\\\/6040732.jpg\",\"contentUrl\":\"https:\\\/\\\/tajkertesz.com\\\/wp-content\\\/uploads\\\/2021\\\/05\\\/6040732.jpg\",\"width\":823,\"height\":1252},{\"@type\":\"BreadcrumbList\",\"@id\":\"https:\\\/\\\/tajkertesz.com\\\/termek\\\/metal-futtato-zold-muanyaggal-bevont-h150x75cm\\\/#breadcrumb\",\"itemListElement\":[{\"@type\":\"ListItem\",\"position\":1,\"name\":\"Home\",\"item\":\"https:\\\/\\\/tajkertesz.com\\\/\"},{\"@type\":\"ListItem\",\"position\":2,\"name\":\"Kezd\u0151lap\",\"item\":\"https:\\\/\\\/tajkertesz.com\\\/\"},{\"@type\":\"ListItem\",\"position\":3,\"name\":\"Met\u00e1l futtat\u00f3 z\u00f6ld, m\u0171anyaggal bevont H150x75cm\"}]},{\"@type\":\"WebSite\",\"@id\":\"https:\\\/\\\/tajkertesz.com\\\/#website\",\"url\":\"https:\\\/\\\/tajkertesz.com\\\/\",\"name\":\"T\u00e1j-Kert\u00e9sz 84 Kft.\",\"description\":\"Kert\u00e9szeti kis- \u00e9s nagykeresked\u00e9s, D\u00edszn\u00f6v\u00e9ny web\u00e1ruh\u00e1z orsz\u00e1gos h\u00e1zhozsz\u00e1ll\u00edt\u00e1ssal!\",\"publisher\":{\"@id\":\"https:\\\/\\\/tajkertesz.com\\\/#organization\"},\"potentialAction\":[{\"@type\":\"SearchAction\",\"target\":{\"@type\":\"EntryPoint\",\"urlTemplate\":\"https:\\\/\\\/tajkertesz.com\\\/?s={search_term_string}\"},\"query-input\":{\"@type\":\"PropertyValueSpecification\",\"valueRequired\":true,\"valueName\":\"search_term_string\"}}],\"inLanguage\":\"en-US\"},{\"@type\":\"Organization\",\"@id\":\"https:\\\/\\\/tajkertesz.com\\\/#organization\",\"name\":\"T\u00e1j-Kert\u00e9sz 84 Kft.\",\"url\":\"https:\\\/\\\/tajkertesz.com\\\/\",\"logo\":{\"@type\":\"ImageObject\",\"inLanguage\":\"en-US\",\"@id\":\"https:\\\/\\\/tajkertesz.com\\\/#\\\/schema\\\/logo\\\/image\\\/\",\"url\":\"https:\\\/\\\/tajkertesz.com\\\/wp-content\\\/uploads\\\/2018\\\/02\\\/logo-2-e1518678052539.png\",\"contentUrl\":\"https:\\\/\\\/tajkertesz.com\\\/wp-content\\\/uploads\\\/2018\\\/02\\\/logo-2-e1518678052539.png\",\"width\":81,\"height\":140,\"caption\":\"T\u00e1j-Kert\u00e9sz 84 Kft.\"},\"image\":{\"@id\":\"https:\\\/\\\/tajkertesz.com\\\/#\\\/schema\\\/logo\\\/image\\\/\"},\"sameAs\":[\"https:\\\/\\\/www.facebook.com\\\/Tajkertesz\\\/\"]}]}<\/script>\n<!-- \/ Yoast SEO plugin. -->","yoast_head_json":{"title":"Met\u00e1l futtat\u00f3 z\u00f6ld, m\u0171anyaggal bevont H150x75cm - T\u00e1jkert\u00e9sz","description":"A Met\u00e1l futtat\u00f3 z\u00f6ld, m\u0171anyaggal bevont H150x75cm t\u00e9glalap alak\u00fa k\u00f6nnyen szerelhet\u0151 f\u00e9m r\u00e1cs kedvenc fut\u00f3 n\u00f6v\u00e9nyeinknek.","robots":{"index":"index","follow":"follow","max-snippet":"max-snippet:-1","max-image-preview":"max-image-preview:large","max-video-preview":"max-video-preview:-1"},"canonical":"https:\/\/tajkertesz.com\/en_US\/product\/metal-futtato-zold-muanyaggal-bevont-h150x75cm\/","og_locale":"en_US","og_type":"article","og_title":"Met\u00e1l futtat\u00f3 z\u00f6ld, m\u0171anyaggal bevont H150x75cm - T\u00e1jkert\u00e9sz","og_description":"A Met\u00e1l futtat\u00f3 z\u00f6ld, m\u0171anyaggal bevont H150x75cm t\u00e9glalap alak\u00fa k\u00f6nnyen szerelhet\u0151 f\u00e9m r\u00e1cs kedvenc fut\u00f3 n\u00f6v\u00e9nyeinknek.","og_url":"https:\/\/tajkertesz.com\/en_US\/product\/metal-futtato-zold-muanyaggal-bevont-h150x75cm\/","og_site_name":"T\u00e1jkert\u00e9sz","article_publisher":"https:\/\/www.facebook.com\/Tajkertesz\/","article_modified_time":"2021-09-06T09:14:18+00:00","og_image":[{"width":823,"height":1252,"url":"https:\/\/tajkertesz.com\/wp-content\/uploads\/2021\/05\/6040732.jpg","type":"image\/jpeg"}],"twitter_card":"summary_large_image","twitter_misc":{"Est. reading time":"2 minutes"},"schema":{"@context":"https:\/\/schema.org","@graph":[{"@type":"WebPage","@id":"https:\/\/tajkertesz.com\/termek\/metal-futtato-zold-muanyaggal-bevont-h150x75cm\/","url":"https:\/\/tajkertesz.com\/termek\/metal-futtato-zold-muanyaggal-bevont-h150x75cm\/","name":"Met\u00e1l futtat\u00f3 z\u00f6ld, m\u0171anyaggal bevont H150x75cm - T\u00e1jkert\u00e9sz","isPartOf":{"@id":"https:\/\/tajkertesz.com\/#website"},"primaryImageOfPage":{"@id":"https:\/\/tajkertesz.com\/termek\/metal-futtato-zold-muanyaggal-bevont-h150x75cm\/#primaryimage"},"image":{"@id":"https:\/\/tajkertesz.com\/termek\/metal-futtato-zold-muanyaggal-bevont-h150x75cm\/#primaryimage"},"thumbnailUrl":"https:\/\/tajkertesz.com\/wp-content\/uploads\/2021\/05\/6040732.jpg","datePublished":"2021-05-17T09:22:07+00:00","dateModified":"2021-09-06T09:14:18+00:00","description":"A Met\u00e1l futtat\u00f3 z\u00f6ld, m\u0171anyaggal bevont H150x75cm t\u00e9glalap alak\u00fa k\u00f6nnyen szerelhet\u0151 f\u00e9m r\u00e1cs kedvenc fut\u00f3 n\u00f6v\u00e9nyeinknek.","breadcrumb":{"@id":"https:\/\/tajkertesz.com\/termek\/metal-futtato-zold-muanyaggal-bevont-h150x75cm\/#breadcrumb"},"inLanguage":"en-US","potentialAction":[{"@type":"ReadAction","target":["https:\/\/tajkertesz.com\/termek\/metal-futtato-zold-muanyaggal-bevont-h150x75cm\/"]}]},{"@type":"ImageObject","inLanguage":"en-US","@id":"https:\/\/tajkertesz.com\/termek\/metal-futtato-zold-muanyaggal-bevont-h150x75cm\/#primaryimage","url":"https:\/\/tajkertesz.com\/wp-content\/uploads\/2021\/05\/6040732.jpg","contentUrl":"https:\/\/tajkertesz.com\/wp-content\/uploads\/2021\/05\/6040732.jpg","width":823,"height":1252},{"@type":"BreadcrumbList","@id":"https:\/\/tajkertesz.com\/termek\/metal-futtato-zold-muanyaggal-bevont-h150x75cm\/#breadcrumb","itemListElement":[{"@type":"ListItem","position":1,"name":"Home","item":"https:\/\/tajkertesz.com\/"},{"@type":"ListItem","position":2,"name":"Kezd\u0151lap","item":"https:\/\/tajkertesz.com\/"},{"@type":"ListItem","position":3,"name":"Met\u00e1l futtat\u00f3 z\u00f6ld, m\u0171anyaggal bevont H150x75cm"}]},{"@type":"WebSite","@id":"https:\/\/tajkertesz.com\/#website","url":"https:\/\/tajkertesz.com\/","name":"T\u00e1j-Kert\u00e9sz 84 Kft.","description":"Kert\u00e9szeti kis- \u00e9s nagykeresked\u00e9s, D\u00edszn\u00f6v\u00e9ny web\u00e1ruh\u00e1z orsz\u00e1gos h\u00e1zhozsz\u00e1ll\u00edt\u00e1ssal!","publisher":{"@id":"https:\/\/tajkertesz.com\/#organization"},"potentialAction":[{"@type":"SearchAction","target":{"@type":"EntryPoint","urlTemplate":"https:\/\/tajkertesz.com\/?s={search_term_string}"},"query-input":{"@type":"PropertyValueSpecification","valueRequired":true,"valueName":"search_term_string"}}],"inLanguage":"en-US"},{"@type":"Organization","@id":"https:\/\/tajkertesz.com\/#organization","name":"T\u00e1j-Kert\u00e9sz 84 Kft.","url":"https:\/\/tajkertesz.com\/","logo":{"@type":"ImageObject","inLanguage":"en-US","@id":"https:\/\/tajkertesz.com\/#\/schema\/logo\/image\/","url":"https:\/\/tajkertesz.com\/wp-content\/uploads\/2018\/02\/logo-2-e1518678052539.png","contentUrl":"https:\/\/tajkertesz.com\/wp-content\/uploads\/2018\/02\/logo-2-e1518678052539.png","width":81,"height":140,"caption":"T\u00e1j-Kert\u00e9sz 84 Kft."},"image":{"@id":"https:\/\/tajkertesz.com\/#\/schema\/logo\/image\/"},"sameAs":["https:\/\/www.facebook.com\/Tajkertesz\/"]}]}},"_links":{"self":[{"href":"https:\/\/tajkertesz.com\/en_US\/wp-json\/wp\/v2\/product\/4927","targetHints":{"allow":["GET"]}}],"collection":[{"href":"https:\/\/tajkertesz.com\/en_US\/wp-json\/wp\/v2\/product"}],"about":[{"href":"https:\/\/tajkertesz.com\/en_US\/wp-json\/wp\/v2\/types\/product"}],"wp:featuredmedia":[{"embeddable":true,"href":"https:\/\/tajkertesz.com\/en_US\/wp-json\/wp\/v2\/media\/4926"}],"wp:attachment":[{"href":"https:\/\/tajkertesz.com\/en_US\/wp-json\/wp\/v2\/media?parent=4927"}],"wp:term":[{"taxonomy":"product_brand","embeddable":true,"href":"https:\/\/tajkertesz.com\/en_US\/wp-json\/wp\/v2\/product_brand?post=4927"},{"taxonomy":"product_cat","embeddable":true,"href":"https:\/\/tajkertesz.com\/en_US\/wp-json\/wp\/v2\/product_cat?post=4927"},{"taxonomy":"product_tag","embeddable":true,"href":"https:\/\/tajkertesz.com\/en_US\/wp-json\/wp\/v2\/product_tag?post=4927"}],"curies":[{"name":"wp","href":"https:\/\/api.w.org\/{rel}","templated":true}]}}