{"id":4947,"date":"2021-05-17T11:01:13","date_gmt":"2021-05-17T11:01:13","guid":{"rendered":"https:\/\/tajkertesz.com\/?post_type=product&#038;p=4947"},"modified":"2026-02-24T13:22:39","modified_gmt":"2026-02-24T13:22:39","slug":"magyal-ilex-furcata-agrifoglio-bonsai-tajkertesz","status":"publish","type":"product","link":"https:\/\/tajkertesz.com\/en_US\/product\/magyal-ilex-furcata-agrifoglio-bonsai-tajkertesz\/","title":{"rendered":"Magyal- Ilex furcata Agrifoglio bonsai"},"content":{"rendered":"<h3>Magyal- Ilex furcata Agrifoglio bonsai kb. 210 cm 290 L-es cser\u00e9pben<\/h3>\n<p>Magyal- Ilex furcata Agrifoglio bonsai kb. 210 cm 290 L-es cser\u00e9pben. Z\u00f6ld level\u0171 magyal, k\u00fapos alak\u00fa.\u00a0Nagyon d\u00edszes \u00e9s dekorat\u00edv.\u00a0Lass\u00fa n\u00f6veked\u00e9s\u0171, az \u00e9vek sor\u00e1n k\u00f6zepes m\u00e9ret\u0171v\u00e9 v\u00e1lik. \u00c1thatolhatatlan s\u00f6v\u00e9nynek is haszn\u00e1lj\u00e1k.K\u00edn\u00e1ban \u00e9s Kore\u00e1ban \u0151shonos.K\u00e9tlaki n\u00f6v\u00e9ny, nagy tart\u00f3s v\u00f6r\u00f6s bogy\u00f3kat hoz l\u00e9tre. Teljes naps\u00fct\u00e9st \u00e9s a f\u00e9l\u00e1rny\u00e9kot j\u00f3l toler\u00e1lja.<\/p>\n<p>Jelen term\u00e9k\u00fcnk : Kb 210 cm magas 290 L-es cser\u00e9pben<\/p>\n<p style=\"line-height: 18.0pt; background: white; margin: 0cm 0cm 15.0pt 0cm;\"><b><span style=\"font-family: 'Ubuntu',serif; color: black;\">K\u00e9szlet\u00fcnk napi szinten v\u00e1ltozik, ez\u00e9rt k\u00e9rj\u00fck, \u00e9rdekl\u0151dj\u00f6n szem\u00e9lyesen, telefonon vagy email-en.<br \/>\nA v\u00e1ltoztat\u00e1s jog\u00e1t fenntartjuk!\u00a0<\/span><\/b><\/p>\n<h3><span style=\"text-decoration: underline; color: #ff0000;\">Ezt a term\u00e9ket nem tudjuk fut\u00e1rszolg\u00e1lattal kisz\u00e1ll\u00edtani, vagy szem\u00e9lyes \u00e1tv\u00e9tellel vagy egyedi sz\u00e1ll\u00edt\u00e1ssal lehets\u00e9ges!<\/span><\/h3>\n<p>Sz\u00e1ll\u00edt\u00e1s 200 cm \u00e9s 40 kg-ig fut\u00e1rszolg\u00e1lattal lehets\u00e9ges, ezen m\u00e9retek felett egyedi sz\u00e1ll\u00edt\u00e1s megbesz\u00e9l\u00e9se sz\u00fcks\u00e9ges.<\/p>\n<p><a href=\"https:\/\/tajkertesz.com\/\">https:\/\/tajkertesz.com\/<\/a><\/p>\n<p><a href=\"https:\/\/www.facebook.com\/tajkertesz\">https:\/\/www.facebook.com\/tajkertesz<\/a><\/p>","protected":false},"excerpt":{"rendered":"<h3>Magyal- Ilex furcata Agrifoglio bonsai kb. 210 cm 290 L-es cser\u00e9pben<\/h3>\n<p>Magyal- Ilex furcata Agrifoglio bonsai kb. 210 cm 290 L-es cser\u00e9pben. Z\u00f6ld level\u0171 magyal, k\u00fapos alak\u00fa.\u00a0Nagyon d\u00edszes \u00e9s dekorat\u00edv.\u00a0Lass\u00fa n\u00f6veked\u00e9s\u0171, az \u00e9vek sor\u00e1n k\u00f6zepes m\u00e9ret\u0171v\u00e9 v\u00e1lik. \u00c1thatolhatatlan s\u00f6v\u00e9nynek is haszn\u00e1lj\u00e1k.K\u00edn\u00e1ban \u00e9s Kore\u00e1ban \u0151shonos.K\u00e9tlaki n\u00f6v\u00e9ny, nagy tart\u00f3s v\u00f6r\u00f6s bogy\u00f3kat hoz l\u00e9tre. Teljes naps\u00fct\u00e9st \u00e9s a f\u00e9l\u00e1rny\u00e9kot j\u00f3l toler\u00e1lja.<\/p>\n<ul>\n<li>Javasoljuk \u00fcltet\u00e9shez ide kattintva a\u00a0<span style=\"color: #ff0000;\"><a style=\"color: #ff0000;\" href=\"https:\/\/tajkertesz.com\/termek\/florimo-orokzold-viragfold-50-l\/\">Florimo \u00f6r\u00f6kz\u00f6ld n\u00f6v\u00e9ny f\u00f6ldet<\/a>!<\/span><\/li>\n<\/ul>","protected":false},"featured_media":13940,"template":"","meta":{"_et_pb_use_builder":"","_et_pb_old_content":"","_et_gb_content_width":""},"product_brand":[],"product_cat":[32],"product_tag":[],"class_list":{"0":"post-4947","1":"product","2":"type-product","3":"status-publish","4":"has-post-thumbnail","6":"product_cat-formanovenyek-alakfak","8":"first","9":"instock","10":"shipping-taxable","11":"purchasable","12":"product-type-simple"},"yoast_head":"<!-- This site is optimized with the Yoast SEO plugin v27.3 - https:\/\/yoast.com\/product\/yoast-seo-wordpress\/ -->\n<title>Magyal- Ilex furcata Agrifoglio bonsai - T\u00e1jkert\u00e9sz<\/title>\n<meta name=\"description\" content=\"Magyal- Ilex furcata Agrifoglio bonsai kb. 210 cm 290 L-es cser\u00e9pben. Z\u00f6ld level\u0171, nagyon d\u00edszes \u00e9s dekorat\u00edv n\u00f6v\u00e9ny. V\u00e1s\u00e1roljon web\u00e1ruh\u00e1zunkb\u00f3l!\" \/>\n<meta name=\"robots\" content=\"index, follow, max-snippet:-1, max-image-preview:large, max-video-preview:-1\" \/>\n<link rel=\"canonical\" href=\"https:\/\/tajkertesz.com\/en_US\/product\/magyal-ilex-furcata-agrifoglio-bonsai-tajkertesz\/\" \/>\n<meta property=\"og:locale\" content=\"en_US\" \/>\n<meta property=\"og:type\" content=\"article\" \/>\n<meta property=\"og:title\" content=\"Magyal- Ilex furcata Agrifoglio bonsai - T\u00e1jkert\u00e9sz\" \/>\n<meta property=\"og:description\" content=\"Magyal- Ilex furcata Agrifoglio bonsai kb. 210 cm 290 L-es cser\u00e9pben. Z\u00f6ld level\u0171, nagyon d\u00edszes \u00e9s dekorat\u00edv n\u00f6v\u00e9ny. V\u00e1s\u00e1roljon web\u00e1ruh\u00e1zunkb\u00f3l!\" \/>\n<meta property=\"og:url\" content=\"https:\/\/tajkertesz.com\/en_US\/product\/magyal-ilex-furcata-agrifoglio-bonsai-tajkertesz\/\" \/>\n<meta property=\"og:site_name\" content=\"T\u00e1jkert\u00e9sz\" \/>\n<meta property=\"article:publisher\" content=\"https:\/\/www.facebook.com\/Tajkertesz\/\" \/>\n<meta property=\"article:modified_time\" content=\"2026-02-24T13:22:39+00:00\" \/>\n<meta property=\"og:image\" content=\"https:\/\/tajkertesz.com\/wp-content\/uploads\/2021\/05\/20221025_072625-scaled.jpg\" \/>\n\t<meta property=\"og:image:width\" content=\"1154\" \/>\n\t<meta property=\"og:image:height\" content=\"2560\" \/>\n\t<meta property=\"og:image:type\" content=\"image\/jpeg\" \/>\n<meta name=\"twitter:card\" content=\"summary_large_image\" \/>\n<meta name=\"twitter:label1\" content=\"Est. reading time\" \/>\n\t<meta name=\"twitter:data1\" content=\"1 minute\" \/>\n<script type=\"application\/ld+json\" class=\"yoast-schema-graph\">{\"@context\":\"https:\\\/\\\/schema.org\",\"@graph\":[{\"@type\":\"WebPage\",\"@id\":\"https:\\\/\\\/tajkertesz.com\\\/termek\\\/magyal-ilex-furcata-agrifoglio-bonsai-tajkertesz\\\/\",\"url\":\"https:\\\/\\\/tajkertesz.com\\\/termek\\\/magyal-ilex-furcata-agrifoglio-bonsai-tajkertesz\\\/\",\"name\":\"Magyal- Ilex furcata Agrifoglio bonsai - T\u00e1jkert\u00e9sz\",\"isPartOf\":{\"@id\":\"https:\\\/\\\/tajkertesz.com\\\/#website\"},\"primaryImageOfPage\":{\"@id\":\"https:\\\/\\\/tajkertesz.com\\\/termek\\\/magyal-ilex-furcata-agrifoglio-bonsai-tajkertesz\\\/#primaryimage\"},\"image\":{\"@id\":\"https:\\\/\\\/tajkertesz.com\\\/termek\\\/magyal-ilex-furcata-agrifoglio-bonsai-tajkertesz\\\/#primaryimage\"},\"thumbnailUrl\":\"https:\\\/\\\/tajkertesz.com\\\/wp-content\\\/uploads\\\/2021\\\/05\\\/20221025_072625-scaled.jpg\",\"datePublished\":\"2021-05-17T11:01:13+00:00\",\"dateModified\":\"2026-02-24T13:22:39+00:00\",\"description\":\"Magyal- Ilex furcata Agrifoglio bonsai kb. 210 cm 290 L-es cser\u00e9pben. Z\u00f6ld level\u0171, nagyon d\u00edszes \u00e9s dekorat\u00edv n\u00f6v\u00e9ny. V\u00e1s\u00e1roljon web\u00e1ruh\u00e1zunkb\u00f3l!\",\"breadcrumb\":{\"@id\":\"https:\\\/\\\/tajkertesz.com\\\/termek\\\/magyal-ilex-furcata-agrifoglio-bonsai-tajkertesz\\\/#breadcrumb\"},\"inLanguage\":\"en-US\",\"potentialAction\":[{\"@type\":\"ReadAction\",\"target\":[\"https:\\\/\\\/tajkertesz.com\\\/termek\\\/magyal-ilex-furcata-agrifoglio-bonsai-tajkertesz\\\/\"]}]},{\"@type\":\"ImageObject\",\"inLanguage\":\"en-US\",\"@id\":\"https:\\\/\\\/tajkertesz.com\\\/termek\\\/magyal-ilex-furcata-agrifoglio-bonsai-tajkertesz\\\/#primaryimage\",\"url\":\"https:\\\/\\\/tajkertesz.com\\\/wp-content\\\/uploads\\\/2021\\\/05\\\/20221025_072625-scaled.jpg\",\"contentUrl\":\"https:\\\/\\\/tajkertesz.com\\\/wp-content\\\/uploads\\\/2021\\\/05\\\/20221025_072625-scaled.jpg\",\"width\":1154,\"height\":2560},{\"@type\":\"BreadcrumbList\",\"@id\":\"https:\\\/\\\/tajkertesz.com\\\/termek\\\/magyal-ilex-furcata-agrifoglio-bonsai-tajkertesz\\\/#breadcrumb\",\"itemListElement\":[{\"@type\":\"ListItem\",\"position\":1,\"name\":\"Home\",\"item\":\"https:\\\/\\\/tajkertesz.com\\\/\"},{\"@type\":\"ListItem\",\"position\":2,\"name\":\"Kezd\u0151lap\",\"item\":\"https:\\\/\\\/tajkertesz.com\\\/\"},{\"@type\":\"ListItem\",\"position\":3,\"name\":\"Magyal- Ilex furcata Agrifoglio bonsai\"}]},{\"@type\":\"WebSite\",\"@id\":\"https:\\\/\\\/tajkertesz.com\\\/#website\",\"url\":\"https:\\\/\\\/tajkertesz.com\\\/\",\"name\":\"T\u00e1j-Kert\u00e9sz 84 Kft.\",\"description\":\"Kert\u00e9szeti kis- \u00e9s nagykeresked\u00e9s, D\u00edszn\u00f6v\u00e9ny web\u00e1ruh\u00e1z orsz\u00e1gos h\u00e1zhozsz\u00e1ll\u00edt\u00e1ssal!\",\"publisher\":{\"@id\":\"https:\\\/\\\/tajkertesz.com\\\/#organization\"},\"potentialAction\":[{\"@type\":\"SearchAction\",\"target\":{\"@type\":\"EntryPoint\",\"urlTemplate\":\"https:\\\/\\\/tajkertesz.com\\\/?s={search_term_string}\"},\"query-input\":{\"@type\":\"PropertyValueSpecification\",\"valueRequired\":true,\"valueName\":\"search_term_string\"}}],\"inLanguage\":\"en-US\"},{\"@type\":\"Organization\",\"@id\":\"https:\\\/\\\/tajkertesz.com\\\/#organization\",\"name\":\"T\u00e1j-Kert\u00e9sz 84 Kft.\",\"url\":\"https:\\\/\\\/tajkertesz.com\\\/\",\"logo\":{\"@type\":\"ImageObject\",\"inLanguage\":\"en-US\",\"@id\":\"https:\\\/\\\/tajkertesz.com\\\/#\\\/schema\\\/logo\\\/image\\\/\",\"url\":\"https:\\\/\\\/tajkertesz.com\\\/wp-content\\\/uploads\\\/2018\\\/02\\\/logo-2-e1518678052539.png\",\"contentUrl\":\"https:\\\/\\\/tajkertesz.com\\\/wp-content\\\/uploads\\\/2018\\\/02\\\/logo-2-e1518678052539.png\",\"width\":81,\"height\":140,\"caption\":\"T\u00e1j-Kert\u00e9sz 84 Kft.\"},\"image\":{\"@id\":\"https:\\\/\\\/tajkertesz.com\\\/#\\\/schema\\\/logo\\\/image\\\/\"},\"sameAs\":[\"https:\\\/\\\/www.facebook.com\\\/Tajkertesz\\\/\"]}]}<\/script>\n<!-- \/ Yoast SEO plugin. -->","yoast_head_json":{"title":"Magyal- Ilex furcata Agrifoglio bonsai - T\u00e1jkert\u00e9sz","description":"Magyal- Ilex furcata Agrifoglio bonsai kb. 210 cm 290 L-es cser\u00e9pben. Z\u00f6ld level\u0171, nagyon d\u00edszes \u00e9s dekorat\u00edv n\u00f6v\u00e9ny. V\u00e1s\u00e1roljon web\u00e1ruh\u00e1zunkb\u00f3l!","robots":{"index":"index","follow":"follow","max-snippet":"max-snippet:-1","max-image-preview":"max-image-preview:large","max-video-preview":"max-video-preview:-1"},"canonical":"https:\/\/tajkertesz.com\/en_US\/product\/magyal-ilex-furcata-agrifoglio-bonsai-tajkertesz\/","og_locale":"en_US","og_type":"article","og_title":"Magyal- Ilex furcata Agrifoglio bonsai - T\u00e1jkert\u00e9sz","og_description":"Magyal- Ilex furcata Agrifoglio bonsai kb. 210 cm 290 L-es cser\u00e9pben. Z\u00f6ld level\u0171, nagyon d\u00edszes \u00e9s dekorat\u00edv n\u00f6v\u00e9ny. V\u00e1s\u00e1roljon web\u00e1ruh\u00e1zunkb\u00f3l!","og_url":"https:\/\/tajkertesz.com\/en_US\/product\/magyal-ilex-furcata-agrifoglio-bonsai-tajkertesz\/","og_site_name":"T\u00e1jkert\u00e9sz","article_publisher":"https:\/\/www.facebook.com\/Tajkertesz\/","article_modified_time":"2026-02-24T13:22:39+00:00","og_image":[{"width":1154,"height":2560,"url":"https:\/\/tajkertesz.com\/wp-content\/uploads\/2021\/05\/20221025_072625-scaled.jpg","type":"image\/jpeg"}],"twitter_card":"summary_large_image","twitter_misc":{"Est. reading time":"1 minute"},"schema":{"@context":"https:\/\/schema.org","@graph":[{"@type":"WebPage","@id":"https:\/\/tajkertesz.com\/termek\/magyal-ilex-furcata-agrifoglio-bonsai-tajkertesz\/","url":"https:\/\/tajkertesz.com\/termek\/magyal-ilex-furcata-agrifoglio-bonsai-tajkertesz\/","name":"Magyal- Ilex furcata Agrifoglio bonsai - T\u00e1jkert\u00e9sz","isPartOf":{"@id":"https:\/\/tajkertesz.com\/#website"},"primaryImageOfPage":{"@id":"https:\/\/tajkertesz.com\/termek\/magyal-ilex-furcata-agrifoglio-bonsai-tajkertesz\/#primaryimage"},"image":{"@id":"https:\/\/tajkertesz.com\/termek\/magyal-ilex-furcata-agrifoglio-bonsai-tajkertesz\/#primaryimage"},"thumbnailUrl":"https:\/\/tajkertesz.com\/wp-content\/uploads\/2021\/05\/20221025_072625-scaled.jpg","datePublished":"2021-05-17T11:01:13+00:00","dateModified":"2026-02-24T13:22:39+00:00","description":"Magyal- Ilex furcata Agrifoglio bonsai kb. 210 cm 290 L-es cser\u00e9pben. Z\u00f6ld level\u0171, nagyon d\u00edszes \u00e9s dekorat\u00edv n\u00f6v\u00e9ny. V\u00e1s\u00e1roljon web\u00e1ruh\u00e1zunkb\u00f3l!","breadcrumb":{"@id":"https:\/\/tajkertesz.com\/termek\/magyal-ilex-furcata-agrifoglio-bonsai-tajkertesz\/#breadcrumb"},"inLanguage":"en-US","potentialAction":[{"@type":"ReadAction","target":["https:\/\/tajkertesz.com\/termek\/magyal-ilex-furcata-agrifoglio-bonsai-tajkertesz\/"]}]},{"@type":"ImageObject","inLanguage":"en-US","@id":"https:\/\/tajkertesz.com\/termek\/magyal-ilex-furcata-agrifoglio-bonsai-tajkertesz\/#primaryimage","url":"https:\/\/tajkertesz.com\/wp-content\/uploads\/2021\/05\/20221025_072625-scaled.jpg","contentUrl":"https:\/\/tajkertesz.com\/wp-content\/uploads\/2021\/05\/20221025_072625-scaled.jpg","width":1154,"height":2560},{"@type":"BreadcrumbList","@id":"https:\/\/tajkertesz.com\/termek\/magyal-ilex-furcata-agrifoglio-bonsai-tajkertesz\/#breadcrumb","itemListElement":[{"@type":"ListItem","position":1,"name":"Home","item":"https:\/\/tajkertesz.com\/"},{"@type":"ListItem","position":2,"name":"Kezd\u0151lap","item":"https:\/\/tajkertesz.com\/"},{"@type":"ListItem","position":3,"name":"Magyal- Ilex furcata Agrifoglio bonsai"}]},{"@type":"WebSite","@id":"https:\/\/tajkertesz.com\/#website","url":"https:\/\/tajkertesz.com\/","name":"T\u00e1j-Kert\u00e9sz 84 Kft.","description":"Kert\u00e9szeti kis- \u00e9s nagykeresked\u00e9s, D\u00edszn\u00f6v\u00e9ny web\u00e1ruh\u00e1z orsz\u00e1gos h\u00e1zhozsz\u00e1ll\u00edt\u00e1ssal!","publisher":{"@id":"https:\/\/tajkertesz.com\/#organization"},"potentialAction":[{"@type":"SearchAction","target":{"@type":"EntryPoint","urlTemplate":"https:\/\/tajkertesz.com\/?s={search_term_string}"},"query-input":{"@type":"PropertyValueSpecification","valueRequired":true,"valueName":"search_term_string"}}],"inLanguage":"en-US"},{"@type":"Organization","@id":"https:\/\/tajkertesz.com\/#organization","name":"T\u00e1j-Kert\u00e9sz 84 Kft.","url":"https:\/\/tajkertesz.com\/","logo":{"@type":"ImageObject","inLanguage":"en-US","@id":"https:\/\/tajkertesz.com\/#\/schema\/logo\/image\/","url":"https:\/\/tajkertesz.com\/wp-content\/uploads\/2018\/02\/logo-2-e1518678052539.png","contentUrl":"https:\/\/tajkertesz.com\/wp-content\/uploads\/2018\/02\/logo-2-e1518678052539.png","width":81,"height":140,"caption":"T\u00e1j-Kert\u00e9sz 84 Kft."},"image":{"@id":"https:\/\/tajkertesz.com\/#\/schema\/logo\/image\/"},"sameAs":["https:\/\/www.facebook.com\/Tajkertesz\/"]}]}},"_links":{"self":[{"href":"https:\/\/tajkertesz.com\/en_US\/wp-json\/wp\/v2\/product\/4947","targetHints":{"allow":["GET"]}}],"collection":[{"href":"https:\/\/tajkertesz.com\/en_US\/wp-json\/wp\/v2\/product"}],"about":[{"href":"https:\/\/tajkertesz.com\/en_US\/wp-json\/wp\/v2\/types\/product"}],"wp:featuredmedia":[{"embeddable":true,"href":"https:\/\/tajkertesz.com\/en_US\/wp-json\/wp\/v2\/media\/13940"}],"wp:attachment":[{"href":"https:\/\/tajkertesz.com\/en_US\/wp-json\/wp\/v2\/media?parent=4947"}],"wp:term":[{"taxonomy":"product_brand","embeddable":true,"href":"https:\/\/tajkertesz.com\/en_US\/wp-json\/wp\/v2\/product_brand?post=4947"},{"taxonomy":"product_cat","embeddable":true,"href":"https:\/\/tajkertesz.com\/en_US\/wp-json\/wp\/v2\/product_cat?post=4947"},{"taxonomy":"product_tag","embeddable":true,"href":"https:\/\/tajkertesz.com\/en_US\/wp-json\/wp\/v2\/product_tag?post=4947"}],"curies":[{"name":"wp","href":"https:\/\/api.w.org\/{rel}","templated":true}]}}