{"id":4948,"date":"2021-05-17T11:09:32","date_gmt":"2021-05-17T11:09:32","guid":{"rendered":"https:\/\/tajkertesz.com\/?post_type=product&#038;p=4948"},"modified":"2026-02-25T13:35:24","modified_gmt":"2026-02-25T13:35:24","slug":"portugal-babermeggy-prunus-lusitanica","status":"publish","type":"product","link":"https:\/\/tajkertesz.com\/en_US\/product\/portugal-babermeggy-prunus-lusitanica\/","title":{"rendered":"Portug\u00e1l Bab\u00e9rmeggy (Prunus lusitanica) kb. 150 cm magas"},"content":{"rendered":"<h3>Portug\u00e1l Bab\u00e9rmeggy (Prunus lusitanica) kb. 150 cm magas<\/h3>\n<h3><\/h3>\n<p>Portug\u00e1l Bab\u00e9rmeggy (Prunus lusitanica) kb. 150 cm magas Mediterr\u00e1n t\u00e9rs\u00e9gb\u0151l sz\u00e1rmaz\u00f3 \u00f6r\u00f6kz\u00f6ld cserje vagy kisebb termet\u0171 fa.F\u00e9nyes lomb\u00fa, j\u00f3 alkalmazkod\u00f3 k\u00e9pess\u00e9g\u0171 d\u00edszcserje, mely a kora ny\u00e1r folyam\u00e1n hozza feh\u00e9r vir\u00e1gait, melyek \u00e9des illat\u00faak.Ide\u00e1lis k\u00f6r\u00fclm\u00e9nyek k\u00f6z\u00f6tt a 3-4 m\u00e9teres magass\u00e1got is el\u00e9rheti. Vir\u00e1gz\u00e1s\u00e1t id\u0151nk\u00e9nt v\u00f6r\u00f6ses term\u00e9sek k\u00f6vetik, melyek meg\u00e9rve feket\u00e9v\u00e9 v\u00e1ltoznak. Hasonl\u00edt a Magyarorsz\u00e1gon is n\u00e9pszer\u0171 balk\u00e1ni bab\u00e9rmeggyre (Prunus laurocerasus),azonban a v\u00f6r\u00f6ses hajt\u00e1sair\u00f3l \u00e9s lev\u00e9lnyeleir\u0151l, valamint fogazott sz\u00e9l\u0171, vil\u00e1gosabb z\u00f6ld leveleir\u0151l k\u00f6nnyen megk\u00fcl\u00f6nb\u00f6ztethet\u0151.<br \/>\nViszonylag ig\u00e9nytelen n\u00f6v\u00e9ny, mely rossz min\u0151s\u00e9g\u0171 talajokban is j\u00f3l fejl\u0151dik, felt\u00e9ve, hogy az j\u00f3 v\u00edz\u00e1tereszt\u0151 k\u00e9pess\u00e9ggel rendelkezik. Az id\u0151sebb p\u00e9ld\u00e1nyok j\u00f3l viselik a sz\u00e1razabb k\u00f6r\u00fclm\u00e9nyeket is, de a leger\u0151teljesebb n\u00f6veked\u00e9shez folyamatosan nyirkos k\u00f6r\u00fclm\u00e9nyek kellenek. Fagyt\u0171r\u0151 cserje, azonban hidegebb teleken n\u00e9mileg k\u00e1rosodhat, ez\u00e9rt legjobb, ha a t\u00e9li hideg szelekt\u0151l v\u00e9dett helyre \u00fcltetj\u00fck.<\/p>\n<p>Jelen term\u00e9k\u00fcnk 180L-es cser\u00e9pben, kb. 150 cm n\u00f6v\u00e9nymagass\u00e1ggal.<\/p>\n<p style=\"line-height: 18.0pt; background: white; margin: 0cm 0cm 15.0pt 0cm;\"><span style=\"font-family: 'Ubuntu',serif; color: black;\">El\u00e9rhet\u0151 t\u00f6bbf\u00e9le m\u00e9retben \u00e9s \u00e1rban.<\/span><\/p>\n<p style=\"line-height: 18.0pt; background: white; margin: 0cm 0cm 15.0pt 0cm;\"><b><span style=\"font-family: 'Ubuntu',serif; color: black;\">K\u00e9szlet\u00fcnk napi szinten v\u00e1ltozik, ez\u00e9rt k\u00e9rj\u00fck, \u00e9rdekl\u0151dj\u00f6n szem\u00e9lyesen, telefonon vagy email-en.<br \/>\nA v\u00e1ltoztat\u00e1s jog\u00e1t fenntartjuk!\u00a0<\/span><\/b><\/p>\n<p><a href=\"https:\/\/tajkertesz.com\/\">https:\/\/tajkertesz.com\/<\/a><\/p>\n<p><a href=\"https:\/\/www.facebook.com\/tajkertesz\">https:\/\/www.facebook.com\/tajkertesz<\/a><\/p>\n<h2><span id=\"Felhaszn\u00e1l\u00e1sa\" class=\"mw-headline\" style=\"color: #ffffff;\">A Bab\u00e9rmeggy felhaszn\u00e1l\u00e1sa:<\/span><\/h2>\n<p><span style=\"color: #ffffff;\">D\u00edszf\u00e1k vagy (a kisebb, gazdagon bokrosod\u00f3 v\u00e1ltozatokat) s\u00f6v\u00e9nynek \u00fcltetik, f\u0151leg szubtr\u00f3pusi \u00e9ghajlaton \u00e9s a m\u00e9rs\u00e9kelt \u00e9g\u00f6vben \u2014 a fagyot jobban t\u0171r\u0151 v\u00e1ltozatokat annak hideg r\u00e9sz\u00e9n is. A fajok alapform\u00e1it t\u00f6bbnyire magvet\u00e9ssel szapor\u00edtj\u00e1k, a kert\u00e9szeti v\u00e1ltozatokat pedig hajt\u00e1sdugv\u00e1nyr\u00f3l.<\/span><\/p>\n<p><span style=\"color: #ffffff;\">T\u00f6bb magyar, pl. J\u00f3zsa Mikl\u00f3s \u00e1ltal szelekt\u00e1lt fajt\u00e1ja t\u00e9l\u00e1ll\u00f3. N\u00e9h\u00e1ny ezek k\u00f6z\u00fcl:<\/span><\/p>\n<p><span style=\"color: #ffffff;\">&#8216;Ani&#8217; \u2014 alacsonyabb s\u00f6v\u00e9nyk\u00e9nt alkalmazhat\u00f3<\/span><\/p>\n<p><span style=\"color: #ffffff;\">&#8216;Gabi&#8217; \u2014 szoliternek, ed\u00e9nyes n\u00f6v\u00e9nynek alkalmas, fagyt\u0171r\u0151<\/span><\/p>\n<p><span style=\"color: #ffffff;\">&#8216;Hagar&#8217; \u2014 s\u00f6v\u00e9nynek, fal \u00e9s ker\u00edt\u00e9s takar\u00e1s\u00e1ra haszn\u00e1lhat\u00f3.<\/span><\/p>\n<p><span style=\"color: #ffffff;\">R\u00e9gebbi ismertebb fajt\u00e1k:<\/span><\/p>\n<p><span style=\"color: #ffffff;\">&#8216;Otto Luyken&#8217; \u2014 1-1,5 m magas, sz\u00e9les, lass\u00fa n\u00f6veked\u00e9s\u0171, sokat vir\u00e1gz\u00f3, N\u00e9metorsz\u00e1gb\u00f3l val\u00f3 kiv\u00e1l\u00f3an t\u00e9l\u00e1ll\u00f3 cserje. Szoliternek, ny\u00edrott s\u00f6v\u00e9nynek aj\u00e1nlhat\u00f3.<\/span><\/p>\n<p><span style=\"color: #ffffff;\">&#8216;Zabeliana&#8217; (syn.\u00a0<i>P. l.<\/i>\u00a0f.\u00a0<i>zabeliana<\/i>) \u2014 1-1,5 m magas sz\u00e9tter\u00fcl\u0151 cserje. Talajtakar\u00f3nak telep\u00edthet\u0151, kiv\u00e1l\u00f3an t\u00e9l\u00e1ll\u00f3 fajta.<\/span><\/p>\n<p><span style=\"color: #ffffff;\">&#8216;Mount Vernon&#8217; \u2014 30\u201340\u00a0cm magas, elter\u00fcl\u0151 habitus\u00fa, lass\u00fa n\u00f6veked\u00e9s\u0171 fajta. Sziklakertbe, temet\u0151be talajtakar\u00f3nak alkalmas.<\/span><\/p>\n<p><span style=\"color: #ffffff;\">&#8216;Magnoliifolia&#8217; \u2014 Angli\u00e1b\u00f3l val\u00f3 fajta. Magyarorsz\u00e1gon ed\u00e9nyes n\u00f6v\u00e9nynek val\u00f3, fagymentes helyen kell teleltetni. A legnagyobb level\u0171, a leggyorsabb n\u00f6veked\u00e9s\u0171 \u00e9s legnagyobbra n\u00f6v\u0151 (3-5 m\u00e9ter) fajta, de egyben a legig\u00e9nyesebb \u00e9s legfagy\u00e9rz\u00e9kenyebb.<\/span><\/p>\n<p><span style=\"color: #ffffff;\">&#8216;Zabeliana&#8217; \u2014 1-1,5 m\u00e9ter magas, sz\u00e9tter\u00fcl\u0151 n\u00f6v\u00e9s\u0171. J\u00f3 fagyt\u0171r\u0151. Levelei hossz\u00faak, keskenyek. Csaknem v\u00edzszintes \u00e1g\u00fa cserje.<\/span><\/p>\n<p><span style=\"color: #ffffff;\">&#8216;Baumgartner&#8217; \u2014 2,5 m\u00e9ter magas, sz\u00e9les bokor, levelei sz\u00e9lesek, viszonylag nagyok, \u00e9s j\u00f3 t\u00e9l\u00e1ll\u00f3ak, porcel\u00e1nszer\u0171en f\u00e9nyl\u0151k \u00e9s merevek.<\/span><\/p>\n<p>\u00dcltet\u00e9sekor fontos, hogy a g\u00f6d\u00f6rbe ker\u00fclj\u00f6n marhatr\u00e1gya ,vagy mag\u00e1t az \u00fcltet\u00e9st v\u00e9gezz\u00fck \u00f6r\u00f6kz\u00f6ld \u00fcltet\u0151 f\u00f6lddel.<\/p>\n<p>Tov\u00e1bbi sz\u00e9p \u00e9s er\u0151s fejl\u0151d\u00e9se \u00e9rdek\u00e9ben haszn\u00e1ljunk ny\u00e1ron \u00f6r\u00f6kz\u00f6ldeknek val\u00f3 t\u00e1poldatot ,vagy granul\u00e1tumot.<\/p>\n<p>Sz\u00e1ll\u00edt\u00e1s 200 cm \u00e9s 40 kg-is lehets\u00e9ges fut\u00e1rszolg\u00e1lattal, e felett egy\u00e9ni sz\u00e1ll\u00edt\u00e1si felt\u00e9tel egyeztet\u00e9se sz\u00fcks\u00e9ges.<\/p>","protected":false},"excerpt":{"rendered":"<h3 class=\"LC20lb DKV0Md\">Portug\u00e1l Bab\u00e9rmeggy (Prunus lusitanica) kb. 150 cm magas<\/h3>\n<p class=\"LC20lb DKV0Md\">Mediterr\u00e1n t\u00e9rs\u00e9gb\u0151l sz\u00e1rmaz\u00f3 \u00f6r\u00f6kz\u00f6ld cserje vagy kisebb termet\u0171 fa.F\u00e9nyes lomb\u00fa, j\u00f3 alkalmazkod\u00f3 k\u00e9pess\u00e9g\u0171 d\u00edszcserje, mely a kora ny\u00e1r folyam\u00e1n hozza feh\u00e9r vir\u00e1gait, melyek \u00e9des illat\u00faak.Ide\u00e1lis k\u00f6r\u00fclm\u00e9nyek k\u00f6z\u00f6tt a 3-4 m\u00e9teres magass\u00e1got is el\u00e9rheti. Vir\u00e1gz\u00e1s\u00e1t id\u0151nk\u00e9nt v\u00f6r\u00f6ses term\u00e9sek k\u00f6vetik, melyek meg\u00e9rve feket\u00e9v\u00e9 v\u00e1ltoznak. Hasonl\u00edt a Magyarorsz\u00e1gon is n\u00e9pszer\u0171 balk\u00e1ni bab\u00e9rmeggyre (Prunus laurocerasus),azonban a v\u00f6r\u00f6ses hajt\u00e1sair\u00f3l \u00e9s lev\u00e9lnyeleir\u0151l, valamint fogazott sz\u00e9l\u0171, vil\u00e1gosabb z\u00f6ld leveleir\u0151l k\u00f6nnyen megk\u00fcl\u00f6nb\u00f6ztethet\u0151.<br \/>\nViszonylag ig\u00e9nytelen n\u00f6v\u00e9ny, mely rossz min\u0151s\u00e9g\u0171 talajokban is j\u00f3l fejl\u0151dik, felt\u00e9ve, hogy az j\u00f3 v\u00edz\u00e1tereszt\u0151 k\u00e9pess\u00e9ggel rendelkezik. Az id\u0151sebb p\u00e9ld\u00e1nyok j\u00f3l viselik a sz\u00e1razabb k\u00f6r\u00fclm\u00e9nyeket is, de a leger\u0151teljesebb n\u00f6veked\u00e9shez folyamatosan nyirkos k\u00f6r\u00fclm\u00e9nyek kellenek. Fagyt\u0171r\u0151 cserje, azonban hidegebb teleken n\u00e9mileg k\u00e1rosodhat, ez\u00e9rt legjobb, ha a t\u00e9li hideg szelekt\u0151l v\u00e9dett helyre \u00fcltetj\u00fck.<\/p>","protected":false},"featured_media":5000,"template":"","meta":{"_et_pb_use_builder":"","_et_pb_old_content":"","_et_gb_content_width":""},"product_brand":[],"product_cat":[4192],"product_tag":[1278,1276,1277,528,763],"class_list":{"0":"post-4948","1":"product","2":"type-product","3":"status-publish","4":"has-post-thumbnail","6":"product_cat-orokzold-diszbaberok-prunus-laurocerasus","7":"product_tag-baber","8":"product_tag-babermeggy","9":"product_tag-nyirhato","10":"product_tag-soveny","11":"product_tag-sovenynoveny","13":"first","14":"instock","15":"shipping-taxable","16":"purchasable","17":"product-type-simple"},"yoast_head":"<!-- This site is optimized with the Yoast SEO plugin v27.4 - https:\/\/yoast.com\/product\/yoast-seo-wordpress\/ -->\n<title>Portug\u00e1l Bab\u00e9rmeggy (Prunus lusitanica) kb. 150 cm magas - T\u00e1jkert\u00e9sz<\/title>\n<meta name=\"description\" content=\"Portug\u00e1l Bab\u00e9rmeggy (Prunus lusitanica) kb. 150 cm magas Mediterr\u00e1n t\u00e9rs\u00e9gb\u0151l sz\u00e1rmaz\u00f3 \u00f6r\u00f6kz\u00f6ld cserje vagy kisebb termet\u0171 fa.F\u00e9nyes lomb\u00fa, j\u00f3 alkalmazkod\u00f3\" \/>\n<meta name=\"robots\" content=\"index, follow, max-snippet:-1, max-image-preview:large, max-video-preview:-1\" \/>\n<link rel=\"canonical\" href=\"https:\/\/tajkertesz.com\/en_US\/product\/portugal-babermeggy-prunus-lusitanica\/\" \/>\n<meta property=\"og:locale\" content=\"en_US\" \/>\n<meta property=\"og:type\" content=\"article\" \/>\n<meta property=\"og:title\" content=\"Portug\u00e1l Bab\u00e9rmeggy (Prunus lusitanica) kb. 150 cm magas - T\u00e1jkert\u00e9sz\" \/>\n<meta property=\"og:description\" content=\"Portug\u00e1l Bab\u00e9rmeggy (Prunus lusitanica) kb. 150 cm magas Mediterr\u00e1n t\u00e9rs\u00e9gb\u0151l sz\u00e1rmaz\u00f3 \u00f6r\u00f6kz\u00f6ld cserje vagy kisebb termet\u0171 fa.F\u00e9nyes lomb\u00fa, j\u00f3 alkalmazkod\u00f3\" \/>\n<meta property=\"og:url\" content=\"https:\/\/tajkertesz.com\/en_US\/product\/portugal-babermeggy-prunus-lusitanica\/\" \/>\n<meta property=\"og:site_name\" content=\"T\u00e1jkert\u00e9sz\" \/>\n<meta property=\"article:publisher\" content=\"https:\/\/www.facebook.com\/Tajkertesz\/\" \/>\n<meta property=\"article:modified_time\" content=\"2026-02-25T13:35:24+00:00\" \/>\n<meta property=\"og:image\" content=\"https:\/\/tajkertesz.com\/wp-content\/uploads\/2021\/05\/IMG_20210518_091415-cut-adjust-contrast_t9lbm7oz_1.jpg\" \/>\n\t<meta property=\"og:image:width\" content=\"464\" \/>\n\t<meta property=\"og:image:height\" content=\"600\" \/>\n\t<meta property=\"og:image:type\" content=\"image\/jpeg\" \/>\n<meta name=\"twitter:card\" content=\"summary_large_image\" \/>\n<meta name=\"twitter:label1\" content=\"Est. reading time\" \/>\n\t<meta name=\"twitter:data1\" content=\"3 minutes\" \/>\n<script type=\"application\/ld+json\" class=\"yoast-schema-graph\">{\"@context\":\"https:\\\/\\\/schema.org\",\"@graph\":[{\"@type\":\"WebPage\",\"@id\":\"https:\\\/\\\/tajkertesz.com\\\/termek\\\/portugal-babermeggy-prunus-lusitanica\\\/\",\"url\":\"https:\\\/\\\/tajkertesz.com\\\/termek\\\/portugal-babermeggy-prunus-lusitanica\\\/\",\"name\":\"Portug\u00e1l Bab\u00e9rmeggy (Prunus lusitanica) kb. 150 cm magas - T\u00e1jkert\u00e9sz\",\"isPartOf\":{\"@id\":\"https:\\\/\\\/tajkertesz.com\\\/#website\"},\"primaryImageOfPage\":{\"@id\":\"https:\\\/\\\/tajkertesz.com\\\/termek\\\/portugal-babermeggy-prunus-lusitanica\\\/#primaryimage\"},\"image\":{\"@id\":\"https:\\\/\\\/tajkertesz.com\\\/termek\\\/portugal-babermeggy-prunus-lusitanica\\\/#primaryimage\"},\"thumbnailUrl\":\"https:\\\/\\\/tajkertesz.com\\\/wp-content\\\/uploads\\\/2021\\\/05\\\/IMG_20210518_091415-cut-adjust-contrast_t9lbm7oz_1.jpg\",\"datePublished\":\"2021-05-17T11:09:32+00:00\",\"dateModified\":\"2026-02-25T13:35:24+00:00\",\"description\":\"Portug\u00e1l Bab\u00e9rmeggy (Prunus lusitanica) kb. 150 cm magas Mediterr\u00e1n t\u00e9rs\u00e9gb\u0151l sz\u00e1rmaz\u00f3 \u00f6r\u00f6kz\u00f6ld cserje vagy kisebb termet\u0171 fa.F\u00e9nyes lomb\u00fa, j\u00f3 alkalmazkod\u00f3\",\"breadcrumb\":{\"@id\":\"https:\\\/\\\/tajkertesz.com\\\/termek\\\/portugal-babermeggy-prunus-lusitanica\\\/#breadcrumb\"},\"inLanguage\":\"en-US\",\"potentialAction\":[{\"@type\":\"ReadAction\",\"target\":[\"https:\\\/\\\/tajkertesz.com\\\/termek\\\/portugal-babermeggy-prunus-lusitanica\\\/\"]}]},{\"@type\":\"ImageObject\",\"inLanguage\":\"en-US\",\"@id\":\"https:\\\/\\\/tajkertesz.com\\\/termek\\\/portugal-babermeggy-prunus-lusitanica\\\/#primaryimage\",\"url\":\"https:\\\/\\\/tajkertesz.com\\\/wp-content\\\/uploads\\\/2021\\\/05\\\/IMG_20210518_091415-cut-adjust-contrast_t9lbm7oz_1.jpg\",\"contentUrl\":\"https:\\\/\\\/tajkertesz.com\\\/wp-content\\\/uploads\\\/2021\\\/05\\\/IMG_20210518_091415-cut-adjust-contrast_t9lbm7oz_1.jpg\",\"width\":464,\"height\":600},{\"@type\":\"BreadcrumbList\",\"@id\":\"https:\\\/\\\/tajkertesz.com\\\/termek\\\/portugal-babermeggy-prunus-lusitanica\\\/#breadcrumb\",\"itemListElement\":[{\"@type\":\"ListItem\",\"position\":1,\"name\":\"Home\",\"item\":\"https:\\\/\\\/tajkertesz.com\\\/\"},{\"@type\":\"ListItem\",\"position\":2,\"name\":\"Kezd\u0151lap\",\"item\":\"https:\\\/\\\/tajkertesz.com\\\/\"},{\"@type\":\"ListItem\",\"position\":3,\"name\":\"Portug\u00e1l Bab\u00e9rmeggy (Prunus lusitanica) kb. 150 cm magas\"}]},{\"@type\":\"WebSite\",\"@id\":\"https:\\\/\\\/tajkertesz.com\\\/#website\",\"url\":\"https:\\\/\\\/tajkertesz.com\\\/\",\"name\":\"T\u00e1j-Kert\u00e9sz 84 Kft.\",\"description\":\"Kert\u00e9szeti kis- \u00e9s nagykeresked\u00e9s, D\u00edszn\u00f6v\u00e9ny web\u00e1ruh\u00e1z orsz\u00e1gos h\u00e1zhozsz\u00e1ll\u00edt\u00e1ssal!\",\"publisher\":{\"@id\":\"https:\\\/\\\/tajkertesz.com\\\/#organization\"},\"potentialAction\":[{\"@type\":\"SearchAction\",\"target\":{\"@type\":\"EntryPoint\",\"urlTemplate\":\"https:\\\/\\\/tajkertesz.com\\\/?s={search_term_string}\"},\"query-input\":{\"@type\":\"PropertyValueSpecification\",\"valueRequired\":true,\"valueName\":\"search_term_string\"}}],\"inLanguage\":\"en-US\"},{\"@type\":\"Organization\",\"@id\":\"https:\\\/\\\/tajkertesz.com\\\/#organization\",\"name\":\"T\u00e1j-Kert\u00e9sz 84 Kft.\",\"url\":\"https:\\\/\\\/tajkertesz.com\\\/\",\"logo\":{\"@type\":\"ImageObject\",\"inLanguage\":\"en-US\",\"@id\":\"https:\\\/\\\/tajkertesz.com\\\/#\\\/schema\\\/logo\\\/image\\\/\",\"url\":\"https:\\\/\\\/tajkertesz.com\\\/wp-content\\\/uploads\\\/2018\\\/02\\\/logo-2-e1518678052539.png\",\"contentUrl\":\"https:\\\/\\\/tajkertesz.com\\\/wp-content\\\/uploads\\\/2018\\\/02\\\/logo-2-e1518678052539.png\",\"width\":81,\"height\":140,\"caption\":\"T\u00e1j-Kert\u00e9sz 84 Kft.\"},\"image\":{\"@id\":\"https:\\\/\\\/tajkertesz.com\\\/#\\\/schema\\\/logo\\\/image\\\/\"},\"sameAs\":[\"https:\\\/\\\/www.facebook.com\\\/Tajkertesz\\\/\"]}]}<\/script>\n<!-- \/ Yoast SEO plugin. -->","yoast_head_json":{"title":"Portug\u00e1l Bab\u00e9rmeggy (Prunus lusitanica) kb. 150 cm magas - T\u00e1jkert\u00e9sz","description":"Portug\u00e1l Bab\u00e9rmeggy (Prunus lusitanica) kb. 150 cm magas Mediterr\u00e1n t\u00e9rs\u00e9gb\u0151l sz\u00e1rmaz\u00f3 \u00f6r\u00f6kz\u00f6ld cserje vagy kisebb termet\u0171 fa.F\u00e9nyes lomb\u00fa, j\u00f3 alkalmazkod\u00f3","robots":{"index":"index","follow":"follow","max-snippet":"max-snippet:-1","max-image-preview":"max-image-preview:large","max-video-preview":"max-video-preview:-1"},"canonical":"https:\/\/tajkertesz.com\/en_US\/product\/portugal-babermeggy-prunus-lusitanica\/","og_locale":"en_US","og_type":"article","og_title":"Portug\u00e1l Bab\u00e9rmeggy (Prunus lusitanica) kb. 150 cm magas - T\u00e1jkert\u00e9sz","og_description":"Portug\u00e1l Bab\u00e9rmeggy (Prunus lusitanica) kb. 150 cm magas Mediterr\u00e1n t\u00e9rs\u00e9gb\u0151l sz\u00e1rmaz\u00f3 \u00f6r\u00f6kz\u00f6ld cserje vagy kisebb termet\u0171 fa.F\u00e9nyes lomb\u00fa, j\u00f3 alkalmazkod\u00f3","og_url":"https:\/\/tajkertesz.com\/en_US\/product\/portugal-babermeggy-prunus-lusitanica\/","og_site_name":"T\u00e1jkert\u00e9sz","article_publisher":"https:\/\/www.facebook.com\/Tajkertesz\/","article_modified_time":"2026-02-25T13:35:24+00:00","og_image":[{"width":464,"height":600,"url":"https:\/\/tajkertesz.com\/wp-content\/uploads\/2021\/05\/IMG_20210518_091415-cut-adjust-contrast_t9lbm7oz_1.jpg","type":"image\/jpeg"}],"twitter_card":"summary_large_image","twitter_misc":{"Est. reading time":"3 minutes"},"schema":{"@context":"https:\/\/schema.org","@graph":[{"@type":"WebPage","@id":"https:\/\/tajkertesz.com\/termek\/portugal-babermeggy-prunus-lusitanica\/","url":"https:\/\/tajkertesz.com\/termek\/portugal-babermeggy-prunus-lusitanica\/","name":"Portug\u00e1l Bab\u00e9rmeggy (Prunus lusitanica) kb. 150 cm magas - T\u00e1jkert\u00e9sz","isPartOf":{"@id":"https:\/\/tajkertesz.com\/#website"},"primaryImageOfPage":{"@id":"https:\/\/tajkertesz.com\/termek\/portugal-babermeggy-prunus-lusitanica\/#primaryimage"},"image":{"@id":"https:\/\/tajkertesz.com\/termek\/portugal-babermeggy-prunus-lusitanica\/#primaryimage"},"thumbnailUrl":"https:\/\/tajkertesz.com\/wp-content\/uploads\/2021\/05\/IMG_20210518_091415-cut-adjust-contrast_t9lbm7oz_1.jpg","datePublished":"2021-05-17T11:09:32+00:00","dateModified":"2026-02-25T13:35:24+00:00","description":"Portug\u00e1l Bab\u00e9rmeggy (Prunus lusitanica) kb. 150 cm magas Mediterr\u00e1n t\u00e9rs\u00e9gb\u0151l sz\u00e1rmaz\u00f3 \u00f6r\u00f6kz\u00f6ld cserje vagy kisebb termet\u0171 fa.F\u00e9nyes lomb\u00fa, j\u00f3 alkalmazkod\u00f3","breadcrumb":{"@id":"https:\/\/tajkertesz.com\/termek\/portugal-babermeggy-prunus-lusitanica\/#breadcrumb"},"inLanguage":"en-US","potentialAction":[{"@type":"ReadAction","target":["https:\/\/tajkertesz.com\/termek\/portugal-babermeggy-prunus-lusitanica\/"]}]},{"@type":"ImageObject","inLanguage":"en-US","@id":"https:\/\/tajkertesz.com\/termek\/portugal-babermeggy-prunus-lusitanica\/#primaryimage","url":"https:\/\/tajkertesz.com\/wp-content\/uploads\/2021\/05\/IMG_20210518_091415-cut-adjust-contrast_t9lbm7oz_1.jpg","contentUrl":"https:\/\/tajkertesz.com\/wp-content\/uploads\/2021\/05\/IMG_20210518_091415-cut-adjust-contrast_t9lbm7oz_1.jpg","width":464,"height":600},{"@type":"BreadcrumbList","@id":"https:\/\/tajkertesz.com\/termek\/portugal-babermeggy-prunus-lusitanica\/#breadcrumb","itemListElement":[{"@type":"ListItem","position":1,"name":"Home","item":"https:\/\/tajkertesz.com\/"},{"@type":"ListItem","position":2,"name":"Kezd\u0151lap","item":"https:\/\/tajkertesz.com\/"},{"@type":"ListItem","position":3,"name":"Portug\u00e1l Bab\u00e9rmeggy (Prunus lusitanica) kb. 150 cm magas"}]},{"@type":"WebSite","@id":"https:\/\/tajkertesz.com\/#website","url":"https:\/\/tajkertesz.com\/","name":"T\u00e1j-Kert\u00e9sz 84 Kft.","description":"Kert\u00e9szeti kis- \u00e9s nagykeresked\u00e9s, D\u00edszn\u00f6v\u00e9ny web\u00e1ruh\u00e1z orsz\u00e1gos h\u00e1zhozsz\u00e1ll\u00edt\u00e1ssal!","publisher":{"@id":"https:\/\/tajkertesz.com\/#organization"},"potentialAction":[{"@type":"SearchAction","target":{"@type":"EntryPoint","urlTemplate":"https:\/\/tajkertesz.com\/?s={search_term_string}"},"query-input":{"@type":"PropertyValueSpecification","valueRequired":true,"valueName":"search_term_string"}}],"inLanguage":"en-US"},{"@type":"Organization","@id":"https:\/\/tajkertesz.com\/#organization","name":"T\u00e1j-Kert\u00e9sz 84 Kft.","url":"https:\/\/tajkertesz.com\/","logo":{"@type":"ImageObject","inLanguage":"en-US","@id":"https:\/\/tajkertesz.com\/#\/schema\/logo\/image\/","url":"https:\/\/tajkertesz.com\/wp-content\/uploads\/2018\/02\/logo-2-e1518678052539.png","contentUrl":"https:\/\/tajkertesz.com\/wp-content\/uploads\/2018\/02\/logo-2-e1518678052539.png","width":81,"height":140,"caption":"T\u00e1j-Kert\u00e9sz 84 Kft."},"image":{"@id":"https:\/\/tajkertesz.com\/#\/schema\/logo\/image\/"},"sameAs":["https:\/\/www.facebook.com\/Tajkertesz\/"]}]}},"_links":{"self":[{"href":"https:\/\/tajkertesz.com\/en_US\/wp-json\/wp\/v2\/product\/4948","targetHints":{"allow":["GET"]}}],"collection":[{"href":"https:\/\/tajkertesz.com\/en_US\/wp-json\/wp\/v2\/product"}],"about":[{"href":"https:\/\/tajkertesz.com\/en_US\/wp-json\/wp\/v2\/types\/product"}],"wp:featuredmedia":[{"embeddable":true,"href":"https:\/\/tajkertesz.com\/en_US\/wp-json\/wp\/v2\/media\/5000"}],"wp:attachment":[{"href":"https:\/\/tajkertesz.com\/en_US\/wp-json\/wp\/v2\/media?parent=4948"}],"wp:term":[{"taxonomy":"product_brand","embeddable":true,"href":"https:\/\/tajkertesz.com\/en_US\/wp-json\/wp\/v2\/product_brand?post=4948"},{"taxonomy":"product_cat","embeddable":true,"href":"https:\/\/tajkertesz.com\/en_US\/wp-json\/wp\/v2\/product_cat?post=4948"},{"taxonomy":"product_tag","embeddable":true,"href":"https:\/\/tajkertesz.com\/en_US\/wp-json\/wp\/v2\/product_tag?post=4948"}],"curies":[{"name":"wp","href":"https:\/\/api.w.org\/{rel}","templated":true}]}}