{"id":4951,"date":"2021-05-17T11:40:47","date_gmt":"2021-05-17T11:40:47","guid":{"rendered":"https:\/\/tajkertesz.com\/?post_type=product&#038;p=4951"},"modified":"2026-02-25T14:58:34","modified_gmt":"2026-02-25T14:58:34","slug":"taxus-baccata-tiszafa","status":"publish","type":"product","link":"https:\/\/tajkertesz.com\/en_US\/product\/taxus-baccata-tiszafa\/","title":{"rendered":"Taxus baccata &#8216;Kleefeld&#8217; g\u00f6mb &#8211; Tiszafa kb. 100\/125 cm magas"},"content":{"rendered":"<h3 class=\"LC20lb DKV0Md\">Taxus baccata &#8211; Tiszafa kb. 100\/125 cm magas<\/h3>\n<p>Koron\u00e1ja sz\u00e9les, tereb\u00e9lyes, k\u00fap form\u00e1j\u00fa. \u00c1gai hajl\u00e9konyak, v\u00f6r\u00f6ses barna sz\u00edn\u0171ek.Kifejlett magass\u00e1ga 4-5m, sz\u00e9less\u00e9ge 2-3m. T\u0171levelei s\u00f6t\u00e9tz\u00f6ld sz\u00edn\u0171ek, laposak. K\u00e9rge v\u00f6r\u00f6sesbarna. Napos vagy f\u00e9l\u00e1rny\u00e9kos helyet kedvel. \u00c1rny\u00e9kot is j\u00f3l t\u0171ri. J\u00f3 v\u00edzell\u00e1totts\u00e1g\u00fa,t\u00e1pd\u00fas \u00e9s j\u00f3 v\u00edzelvezet\u0151 k\u00e9pess\u00e9g\u0171 talajt ig\u00e9nyel. Ny\u00e1ron az \u00f6nt\u00f6z\u00e9sr\u0151l gondoskodnunk kell. Teljesen t\u00e9l\u00e1ll\u00f3.Lassan n\u0151, de igen sok\u00e1ig \u2013 rendszeresen 500\u20131000, egyes esetekben ak\u00e1r 2000 \u00e9vet is meg\u00e9l.K\u00f6zepes h\u0151ig\u00e9ny\u0171, \u00e1rny\u00e9kt\u0171r\u0151 n\u00f6v\u00e9ny. A napon \u00e1ll\u00f3 p\u00e9ld\u00e1nyok \u00e1gai s\u0171r\u0171bbek; az ilyen n\u00f6v\u00e9ny jobban is terem. Szinte b\u00e1rmilyen talajon meg\u00e9l; a meszet is j\u00f3l t\u0171ri. Fiatal hajt\u00e1sait \u2014 f\u0151leg szeles helyeken \u2014 a fagy k\u00e1ros\u00edthatja. A nyes\u00e9st j\u00f3l b\u00edrja, m\u00e9g id\u0151sebb r\u00e9szei is buzg\u00f3n sarjadnak. Parkokban, kertekben sz\u00e9p form\u00e1kra ny\u00edrhat\u00f3.<\/p>\n<p>Minden r\u00e9sze m\u00e9rgez\u0151. A n\u00f6v\u00e9ny \u00e9rintve nem m\u00e9rgez\u0151, ez\u00e9rt biztons\u00e1gosan nevelhet\u0151 kertekben. A cserepes kiszerel\u00e9s\u0171 \u00f6r\u00f6kz\u00f6ldek eg\u00e9sz \u00e9vben telep\u00edthet\u0151ek megfelel\u0151 \u00f6nt\u00f6z\u00e9s mellett. (Kiv\u00e9ve a t\u00e9li id\u0151szakban, tart\u00f3s nappali \u00e9s \u00e9jszakai fagyok eset\u00e9n.)<\/p>\n<p>Javasoljuk \u00fcltet\u00e9shez ide kattintva a\u00a0<span style=\"color: #ff0000;\"><a style=\"color: #ff0000;\" href=\"https:\/\/tajkertesz.com\/termek\/florimo-orokzold-viragfold-50-l\/\">Florimo \u00f6r\u00f6kz\u00f6ld n\u00f6v\u00e9ny f\u00f6ldet<\/a>!<\/span><\/p>\n<h4><span style=\"text-decoration: underline;\"><span style=\"color: #ff0000;\"><strong>Ennek a\u00a0 kont\u00e9neres n\u00f6v\u00e9ny a m\u00e9rete 200\/250cm! M\u00e9rete miatt nem tudjuk post\u00e1zni!<\/strong><\/span><\/span><\/h4>\n<h3>A n\u00f6v\u00e9ny nyitvatart\u00e1si id\u0151ben a kert\u00e9szet\u00fcnkben \u00e1tvehet\u0151, vagy kisz\u00e1ll\u00edt\u00e1ssal is rendelhet\u0151.<\/h3>\n<h3>K\u00e9rj\u00fck, online v\u00e1s\u00e1rl\u00e1s sor\u00e1n a szem\u00e9lyes \u00e1tv\u00e9tel opci\u00f3t jel\u00f6lje meg!<\/h3>\n<p><a href=\"https:\/\/www.facebook.com\/tajkertesz\">https:\/\/www.facebook.com\/tajkertesz<\/a><\/p>\n<p><a href=\"https:\/\/tajkertesz.com\/\">https:\/\/tajkertesz.com\/<\/a><\/p>\n<p><span style=\"color: #ffffff;\">t \u00e9rnek be, \u00e9s a magvak kihull\u00e1sa ut\u00e1n is sok\u00e1ig a f\u00e1n maradnak<\/span><\/p>\n<p>Jelen term\u00e9k\u00fcnk 300 L-es cser\u00e9pben van kb. 100\/125 cm magas \u00e9s ugyan ekkora a g\u00f6mb \u00e1tm\u00e9r\u0151je<\/p>\n<p>Sz\u00e1ll\u00edt\u00e1s fut\u00e1rszolg\u00e1lattal 200 cm \u00e9s 40 Kg-ig lehets\u00e9ges, e felett egyedi aj\u00e1nlat sz\u00fcks\u00e9ges.<\/p>","protected":false},"excerpt":{"rendered":"<h3 class=\"LC20lb DKV0Md\">Taxus baccata &#8211; Tiszafa kb. 75 cm magas<\/h3>\n<p>Koron\u00e1ja sz\u00e9les, tereb\u00e9lyes, k\u00fap form\u00e1j\u00fa. \u00c1gai hajl\u00e9konyak, v\u00f6r\u00f6ses barna sz\u00edn\u0171ek.Kifejlett magass\u00e1ga 4-5m, sz\u00e9less\u00e9ge 2-3m. T\u0171levelei s\u00f6t\u00e9tz\u00f6ld sz\u00edn\u0171ek, laposak. K\u00e9rge v\u00f6r\u00f6sesbarna. Napos vagy f\u00e9l\u00e1rny\u00e9kos helyet kedvel. \u00c1rny\u00e9kot is j\u00f3l t\u0171ri. J\u00f3 v\u00edzell\u00e1totts\u00e1g\u00fa,t\u00e1pd\u00fas \u00e9s j\u00f3 v\u00edzelvezet\u0151 k\u00e9pess\u00e9g\u0171 talajt ig\u00e9nyel. Ny\u00e1ron az \u00f6nt\u00f6z\u00e9sr\u0151l gondoskodnunk kell. Teljesen t\u00e9l\u00e1ll\u00f3.Lassan n\u0151, de igen sok\u00e1ig \u2013 rendszeresen 500\u20131000, egyes esetekben ak\u00e1r 2000 \u00e9vet is meg\u00e9l.K\u00f6zepes h\u0151ig\u00e9ny\u0171, \u00e1rny\u00e9kt\u0171r\u0151 n\u00f6v\u00e9ny. A napon \u00e1ll\u00f3 p\u00e9ld\u00e1nyok \u00e1gai s\u0171r\u0171bbek; az ilyen n\u00f6v\u00e9ny jobban is terem. Szinte b\u00e1rmilyen talajon meg\u00e9l; a meszet is j\u00f3l t\u0171ri. Fiatal hajt\u00e1sait \u2014 f\u0151leg szeles helyeken \u2014 a fagy k\u00e1ros\u00edthatja. A nyes\u00e9st j\u00f3l b\u00edrja, m\u00e9g id\u0151sebb r\u00e9szei is buzg\u00f3n sarjadnak. Parkokban, kertekben sz\u00e9p form\u00e1kra ny\u00edrhat\u00f3.<\/p>","protected":false},"featured_media":13893,"template":"","meta":{"_et_pb_use_builder":"","_et_pb_old_content":"","_et_gb_content_width":""},"product_brand":[],"product_cat":[4274,26],"product_tag":[1548],"class_list":{"0":"post-4951","1":"product","2":"type-product","3":"status-publish","4":"has-post-thumbnail","6":"product_cat-akcios-termekek","7":"product_cat-orokzold-novenyek","8":"product_tag-tiszafa","10":"first","11":"outofstock","12":"sale","13":"shipping-taxable","14":"purchasable","15":"product-type-simple"},"yoast_head":"<!-- This site is optimized with the Yoast SEO plugin v27.5 - https:\/\/yoast.com\/product\/yoast-seo-wordpress\/ -->\n<title>Taxus baccata &#039;Kleefeld&#039; g\u00f6mb - Tiszafa kb. 100\/125 cm magas - T\u00e1jkert\u00e9sz<\/title>\n<meta name=\"description\" content=\"Taxus baccata - Tiszafa kb. 100\/125 cm magas Koron\u00e1ja sz\u00e9les, tereb\u00e9lyes, k\u00fap form\u00e1j\u00fa. \u00c1gai hajl\u00e9konyak, v\u00f6r\u00f6ses barna sz\u00edn\u0171ek.Kifejlett magass\u00e1ga 4-5m\" \/>\n<meta name=\"robots\" content=\"index, follow, max-snippet:-1, max-image-preview:large, max-video-preview:-1\" \/>\n<link rel=\"canonical\" href=\"https:\/\/tajkertesz.com\/en_US\/product\/taxus-baccata-tiszafa\/\" \/>\n<meta property=\"og:locale\" content=\"en_US\" \/>\n<meta property=\"og:type\" content=\"article\" \/>\n<meta property=\"og:title\" content=\"Taxus baccata &#039;Kleefeld&#039; g\u00f6mb - Tiszafa kb. 100\/125 cm magas - T\u00e1jkert\u00e9sz\" \/>\n<meta property=\"og:description\" content=\"Taxus baccata - Tiszafa kb. 100\/125 cm magas Koron\u00e1ja sz\u00e9les, tereb\u00e9lyes, k\u00fap form\u00e1j\u00fa. \u00c1gai hajl\u00e9konyak, v\u00f6r\u00f6ses barna sz\u00edn\u0171ek.Kifejlett magass\u00e1ga 4-5m\" \/>\n<meta property=\"og:url\" content=\"https:\/\/tajkertesz.com\/en_US\/product\/taxus-baccata-tiszafa\/\" \/>\n<meta property=\"og:site_name\" content=\"T\u00e1jkert\u00e9sz\" \/>\n<meta property=\"article:publisher\" content=\"https:\/\/www.facebook.com\/Tajkertesz\/\" \/>\n<meta property=\"article:modified_time\" content=\"2026-02-25T14:58:34+00:00\" \/>\n<meta property=\"og:image\" content=\"https:\/\/tajkertesz.com\/wp-content\/uploads\/2021\/05\/20221024_121707-scaled-e1666607373956.jpg\" \/>\n\t<meta property=\"og:image:width\" content=\"1139\" \/>\n\t<meta property=\"og:image:height\" content=\"1068\" \/>\n\t<meta property=\"og:image:type\" content=\"image\/jpeg\" \/>\n<meta name=\"twitter:card\" content=\"summary_large_image\" \/>\n<meta name=\"twitter:label1\" content=\"Est. reading time\" \/>\n\t<meta name=\"twitter:data1\" content=\"2 minutes\" \/>\n<script type=\"application\/ld+json\" class=\"yoast-schema-graph\">{\"@context\":\"https:\\\/\\\/schema.org\",\"@graph\":[{\"@type\":\"WebPage\",\"@id\":\"https:\\\/\\\/tajkertesz.com\\\/termek\\\/taxus-baccata-tiszafa\\\/\",\"url\":\"https:\\\/\\\/tajkertesz.com\\\/termek\\\/taxus-baccata-tiszafa\\\/\",\"name\":\"Taxus baccata 'Kleefeld' g\u00f6mb - Tiszafa kb. 100\\\/125 cm magas - T\u00e1jkert\u00e9sz\",\"isPartOf\":{\"@id\":\"https:\\\/\\\/tajkertesz.com\\\/#website\"},\"primaryImageOfPage\":{\"@id\":\"https:\\\/\\\/tajkertesz.com\\\/termek\\\/taxus-baccata-tiszafa\\\/#primaryimage\"},\"image\":{\"@id\":\"https:\\\/\\\/tajkertesz.com\\\/termek\\\/taxus-baccata-tiszafa\\\/#primaryimage\"},\"thumbnailUrl\":\"https:\\\/\\\/tajkertesz.com\\\/wp-content\\\/uploads\\\/2021\\\/05\\\/20221024_121707-scaled-e1666607373956.jpg\",\"datePublished\":\"2021-05-17T11:40:47+00:00\",\"dateModified\":\"2026-02-25T14:58:34+00:00\",\"description\":\"Taxus baccata - Tiszafa kb. 100\\\/125 cm magas Koron\u00e1ja sz\u00e9les, tereb\u00e9lyes, k\u00fap form\u00e1j\u00fa. \u00c1gai hajl\u00e9konyak, v\u00f6r\u00f6ses barna sz\u00edn\u0171ek.Kifejlett magass\u00e1ga 4-5m\",\"breadcrumb\":{\"@id\":\"https:\\\/\\\/tajkertesz.com\\\/termek\\\/taxus-baccata-tiszafa\\\/#breadcrumb\"},\"inLanguage\":\"en-US\",\"potentialAction\":[{\"@type\":\"ReadAction\",\"target\":[\"https:\\\/\\\/tajkertesz.com\\\/termek\\\/taxus-baccata-tiszafa\\\/\"]}]},{\"@type\":\"ImageObject\",\"inLanguage\":\"en-US\",\"@id\":\"https:\\\/\\\/tajkertesz.com\\\/termek\\\/taxus-baccata-tiszafa\\\/#primaryimage\",\"url\":\"https:\\\/\\\/tajkertesz.com\\\/wp-content\\\/uploads\\\/2021\\\/05\\\/20221024_121707-scaled-e1666607373956.jpg\",\"contentUrl\":\"https:\\\/\\\/tajkertesz.com\\\/wp-content\\\/uploads\\\/2021\\\/05\\\/20221024_121707-scaled-e1666607373956.jpg\",\"width\":1139,\"height\":1068},{\"@type\":\"BreadcrumbList\",\"@id\":\"https:\\\/\\\/tajkertesz.com\\\/termek\\\/taxus-baccata-tiszafa\\\/#breadcrumb\",\"itemListElement\":[{\"@type\":\"ListItem\",\"position\":1,\"name\":\"Home\",\"item\":\"https:\\\/\\\/tajkertesz.com\\\/\"},{\"@type\":\"ListItem\",\"position\":2,\"name\":\"Kezd\u0151lap\",\"item\":\"https:\\\/\\\/tajkertesz.com\\\/\"},{\"@type\":\"ListItem\",\"position\":3,\"name\":\"Taxus baccata &#8216;Kleefeld&#8217; g\u00f6mb &#8211; Tiszafa kb. 100\\\/125 cm magas\"}]},{\"@type\":\"WebSite\",\"@id\":\"https:\\\/\\\/tajkertesz.com\\\/#website\",\"url\":\"https:\\\/\\\/tajkertesz.com\\\/\",\"name\":\"T\u00e1j-Kert\u00e9sz 84 Kft.\",\"description\":\"Kert\u00e9szeti kis- \u00e9s nagykeresked\u00e9s, D\u00edszn\u00f6v\u00e9ny web\u00e1ruh\u00e1z orsz\u00e1gos h\u00e1zhozsz\u00e1ll\u00edt\u00e1ssal!\",\"publisher\":{\"@id\":\"https:\\\/\\\/tajkertesz.com\\\/#organization\"},\"potentialAction\":[{\"@type\":\"SearchAction\",\"target\":{\"@type\":\"EntryPoint\",\"urlTemplate\":\"https:\\\/\\\/tajkertesz.com\\\/?s={search_term_string}\"},\"query-input\":{\"@type\":\"PropertyValueSpecification\",\"valueRequired\":true,\"valueName\":\"search_term_string\"}}],\"inLanguage\":\"en-US\"},{\"@type\":\"Organization\",\"@id\":\"https:\\\/\\\/tajkertesz.com\\\/#organization\",\"name\":\"T\u00e1j-Kert\u00e9sz 84 Kft.\",\"url\":\"https:\\\/\\\/tajkertesz.com\\\/\",\"logo\":{\"@type\":\"ImageObject\",\"inLanguage\":\"en-US\",\"@id\":\"https:\\\/\\\/tajkertesz.com\\\/#\\\/schema\\\/logo\\\/image\\\/\",\"url\":\"https:\\\/\\\/tajkertesz.com\\\/wp-content\\\/uploads\\\/2018\\\/02\\\/logo-2-e1518678052539.png\",\"contentUrl\":\"https:\\\/\\\/tajkertesz.com\\\/wp-content\\\/uploads\\\/2018\\\/02\\\/logo-2-e1518678052539.png\",\"width\":81,\"height\":140,\"caption\":\"T\u00e1j-Kert\u00e9sz 84 Kft.\"},\"image\":{\"@id\":\"https:\\\/\\\/tajkertesz.com\\\/#\\\/schema\\\/logo\\\/image\\\/\"},\"sameAs\":[\"https:\\\/\\\/www.facebook.com\\\/Tajkertesz\\\/\"]}]}<\/script>\n<!-- \/ Yoast SEO plugin. -->","yoast_head_json":{"title":"Taxus baccata 'Kleefeld' g\u00f6mb - Tiszafa kb. 100\/125 cm magas - T\u00e1jkert\u00e9sz","description":"Taxus baccata - Tiszafa kb. 100\/125 cm magas Koron\u00e1ja sz\u00e9les, tereb\u00e9lyes, k\u00fap form\u00e1j\u00fa. \u00c1gai hajl\u00e9konyak, v\u00f6r\u00f6ses barna sz\u00edn\u0171ek.Kifejlett magass\u00e1ga 4-5m","robots":{"index":"index","follow":"follow","max-snippet":"max-snippet:-1","max-image-preview":"max-image-preview:large","max-video-preview":"max-video-preview:-1"},"canonical":"https:\/\/tajkertesz.com\/en_US\/product\/taxus-baccata-tiszafa\/","og_locale":"en_US","og_type":"article","og_title":"Taxus baccata 'Kleefeld' g\u00f6mb - Tiszafa kb. 100\/125 cm magas - T\u00e1jkert\u00e9sz","og_description":"Taxus baccata - Tiszafa kb. 100\/125 cm magas Koron\u00e1ja sz\u00e9les, tereb\u00e9lyes, k\u00fap form\u00e1j\u00fa. \u00c1gai hajl\u00e9konyak, v\u00f6r\u00f6ses barna sz\u00edn\u0171ek.Kifejlett magass\u00e1ga 4-5m","og_url":"https:\/\/tajkertesz.com\/en_US\/product\/taxus-baccata-tiszafa\/","og_site_name":"T\u00e1jkert\u00e9sz","article_publisher":"https:\/\/www.facebook.com\/Tajkertesz\/","article_modified_time":"2026-02-25T14:58:34+00:00","og_image":[{"width":1139,"height":1068,"url":"https:\/\/tajkertesz.com\/wp-content\/uploads\/2021\/05\/20221024_121707-scaled-e1666607373956.jpg","type":"image\/jpeg"}],"twitter_card":"summary_large_image","twitter_misc":{"Est. reading time":"2 minutes"},"schema":{"@context":"https:\/\/schema.org","@graph":[{"@type":"WebPage","@id":"https:\/\/tajkertesz.com\/termek\/taxus-baccata-tiszafa\/","url":"https:\/\/tajkertesz.com\/termek\/taxus-baccata-tiszafa\/","name":"Taxus baccata 'Kleefeld' g\u00f6mb - Tiszafa kb. 100\/125 cm magas - T\u00e1jkert\u00e9sz","isPartOf":{"@id":"https:\/\/tajkertesz.com\/#website"},"primaryImageOfPage":{"@id":"https:\/\/tajkertesz.com\/termek\/taxus-baccata-tiszafa\/#primaryimage"},"image":{"@id":"https:\/\/tajkertesz.com\/termek\/taxus-baccata-tiszafa\/#primaryimage"},"thumbnailUrl":"https:\/\/tajkertesz.com\/wp-content\/uploads\/2021\/05\/20221024_121707-scaled-e1666607373956.jpg","datePublished":"2021-05-17T11:40:47+00:00","dateModified":"2026-02-25T14:58:34+00:00","description":"Taxus baccata - Tiszafa kb. 100\/125 cm magas Koron\u00e1ja sz\u00e9les, tereb\u00e9lyes, k\u00fap form\u00e1j\u00fa. \u00c1gai hajl\u00e9konyak, v\u00f6r\u00f6ses barna sz\u00edn\u0171ek.Kifejlett magass\u00e1ga 4-5m","breadcrumb":{"@id":"https:\/\/tajkertesz.com\/termek\/taxus-baccata-tiszafa\/#breadcrumb"},"inLanguage":"en-US","potentialAction":[{"@type":"ReadAction","target":["https:\/\/tajkertesz.com\/termek\/taxus-baccata-tiszafa\/"]}]},{"@type":"ImageObject","inLanguage":"en-US","@id":"https:\/\/tajkertesz.com\/termek\/taxus-baccata-tiszafa\/#primaryimage","url":"https:\/\/tajkertesz.com\/wp-content\/uploads\/2021\/05\/20221024_121707-scaled-e1666607373956.jpg","contentUrl":"https:\/\/tajkertesz.com\/wp-content\/uploads\/2021\/05\/20221024_121707-scaled-e1666607373956.jpg","width":1139,"height":1068},{"@type":"BreadcrumbList","@id":"https:\/\/tajkertesz.com\/termek\/taxus-baccata-tiszafa\/#breadcrumb","itemListElement":[{"@type":"ListItem","position":1,"name":"Home","item":"https:\/\/tajkertesz.com\/"},{"@type":"ListItem","position":2,"name":"Kezd\u0151lap","item":"https:\/\/tajkertesz.com\/"},{"@type":"ListItem","position":3,"name":"Taxus baccata &#8216;Kleefeld&#8217; g\u00f6mb &#8211; Tiszafa kb. 100\/125 cm magas"}]},{"@type":"WebSite","@id":"https:\/\/tajkertesz.com\/#website","url":"https:\/\/tajkertesz.com\/","name":"T\u00e1j-Kert\u00e9sz 84 Kft.","description":"Kert\u00e9szeti kis- \u00e9s nagykeresked\u00e9s, D\u00edszn\u00f6v\u00e9ny web\u00e1ruh\u00e1z orsz\u00e1gos h\u00e1zhozsz\u00e1ll\u00edt\u00e1ssal!","publisher":{"@id":"https:\/\/tajkertesz.com\/#organization"},"potentialAction":[{"@type":"SearchAction","target":{"@type":"EntryPoint","urlTemplate":"https:\/\/tajkertesz.com\/?s={search_term_string}"},"query-input":{"@type":"PropertyValueSpecification","valueRequired":true,"valueName":"search_term_string"}}],"inLanguage":"en-US"},{"@type":"Organization","@id":"https:\/\/tajkertesz.com\/#organization","name":"T\u00e1j-Kert\u00e9sz 84 Kft.","url":"https:\/\/tajkertesz.com\/","logo":{"@type":"ImageObject","inLanguage":"en-US","@id":"https:\/\/tajkertesz.com\/#\/schema\/logo\/image\/","url":"https:\/\/tajkertesz.com\/wp-content\/uploads\/2018\/02\/logo-2-e1518678052539.png","contentUrl":"https:\/\/tajkertesz.com\/wp-content\/uploads\/2018\/02\/logo-2-e1518678052539.png","width":81,"height":140,"caption":"T\u00e1j-Kert\u00e9sz 84 Kft."},"image":{"@id":"https:\/\/tajkertesz.com\/#\/schema\/logo\/image\/"},"sameAs":["https:\/\/www.facebook.com\/Tajkertesz\/"]}]}},"_links":{"self":[{"href":"https:\/\/tajkertesz.com\/en_US\/wp-json\/wp\/v2\/product\/4951","targetHints":{"allow":["GET"]}}],"collection":[{"href":"https:\/\/tajkertesz.com\/en_US\/wp-json\/wp\/v2\/product"}],"about":[{"href":"https:\/\/tajkertesz.com\/en_US\/wp-json\/wp\/v2\/types\/product"}],"wp:featuredmedia":[{"embeddable":true,"href":"https:\/\/tajkertesz.com\/en_US\/wp-json\/wp\/v2\/media\/13893"}],"wp:attachment":[{"href":"https:\/\/tajkertesz.com\/en_US\/wp-json\/wp\/v2\/media?parent=4951"}],"wp:term":[{"taxonomy":"product_brand","embeddable":true,"href":"https:\/\/tajkertesz.com\/en_US\/wp-json\/wp\/v2\/product_brand?post=4951"},{"taxonomy":"product_cat","embeddable":true,"href":"https:\/\/tajkertesz.com\/en_US\/wp-json\/wp\/v2\/product_cat?post=4951"},{"taxonomy":"product_tag","embeddable":true,"href":"https:\/\/tajkertesz.com\/en_US\/wp-json\/wp\/v2\/product_tag?post=4951"}],"curies":[{"name":"wp","href":"https:\/\/api.w.org\/{rel}","templated":true}]}}