{"id":4963,"date":"2021-05-18T06:46:33","date_gmt":"2021-05-18T06:46:33","guid":{"rendered":"https:\/\/tajkertesz.com\/?post_type=product&#038;p=4963"},"modified":"2026-02-24T11:00:29","modified_gmt":"2026-02-24T11:00:29","slug":"cupressus-sempervirens-totem-europai-ciprus-4","status":"publish","type":"product","link":"https:\/\/tajkertesz.com\/en_US\/product\/cupressus-sempervirens-totem-europai-ciprus-4\/","title":{"rendered":"Cupressus sempervirens &#8216;Totem&#8217; , Eur\u00f3pai ciprus"},"content":{"rendered":"<div id=\"attachment_13955\" style=\"width: 145px\" class=\"wp-caption alignright\"><img loading=\"lazy\" decoding=\"async\" aria-describedby=\"caption-attachment-13955\" class=\"size-medium wp-image-13955\" src=\"https:\/\/tajkertesz.com\/wp-content\/uploads\/2021\/05\/20221025_094407-135x300.jpg\" alt=\"\" width=\"135\" height=\"300\" srcset=\"https:\/\/tajkertesz.com\/wp-content\/uploads\/2021\/05\/20221025_094407-135x300.jpg 135w, https:\/\/tajkertesz.com\/wp-content\/uploads\/2021\/05\/20221025_094407-461x1024.jpg 461w, https:\/\/tajkertesz.com\/wp-content\/uploads\/2021\/05\/20221025_094407-768x1707.jpg 768w, https:\/\/tajkertesz.com\/wp-content\/uploads\/2021\/05\/20221025_094407-691x1536.jpg 691w, https:\/\/tajkertesz.com\/wp-content\/uploads\/2021\/05\/20221025_094407-922x2048.jpg 922w, https:\/\/tajkertesz.com\/wp-content\/uploads\/2021\/05\/20221025_094407-5x12.jpg 5w, https:\/\/tajkertesz.com\/wp-content\/uploads\/2021\/05\/20221025_094407-600x1333.jpg 600w, https:\/\/tajkertesz.com\/wp-content\/uploads\/2021\/05\/20221025_094407-64x142.jpg 64w, https:\/\/tajkertesz.com\/wp-content\/uploads\/2021\/05\/20221025_094407-scaled.jpg 1152w\" sizes=\"(max-width: 135px) 100vw, 135px\" \/><p id=\"caption-attachment-13955\" class=\"wp-caption-text\">Eur\u00f3pai ciprus (Totem)<\/p><\/div>\n<h3>Cupressus sempervirens &#8216;Totem&#8217; , Eur\u00f3pai ciprus<\/h3>\n<p>A\u00a0 Cupressus sempervirens &#8216;Totem&#8217; , Eur\u00f3pai ciprus fiatalon gyorsan n\u0151v\u0151, igen keskeny, oszlopos koron\u00e1j\u00fa, egyenes \u00e1grendszer\u0171, \u00f6r\u00f6kz\u00f6ld .<\/p>\n<p>Az Eur\u00f3pai ciprus ezen fajt\u00e1ja 10-15 m\u00e9teresre n\u0151v\u0151, az alapfajn\u00e1l keskenyebb koron\u00e1t nevel\u0151\u00a0 \u00f6r\u00f6kz\u00f6ld.<\/p>\n<p>Arom\u00e1s illat\u00fa hajt\u00e1sai felfel\u00e9 \u00e1llnak. Sz\u00e9lt\u0151l v\u00e9dett napos helyre \u00fcltess\u00fck. Kiv\u00e1l\u00f3 szoliter n\u00f6v\u00e9ny.<br \/>\nTalajban nem v\u00e1logat\u00f3s, j\u00f3 sz\u00e1razs\u00e1gt\u0171r\u0151, de a forr\u00f3 ny\u00e1ri id\u0151ben t\u00f6rt\u00e9n\u0151 \u00f6nt\u00f6z\u00e9st megh\u00e1l\u00e1lja.<\/p>\n<p>A mediterr\u00e1n kertek jellegzetes n\u00f6v\u00e9nye.<\/p>\n<h3><strong>Jelen term\u00e9k\u00fcnk 25 literes kont\u00e9nerben kaphat\u00f3 \u00e9s 175\/200cm magas<\/strong><\/h3>\n<p style=\"line-height: 18.0pt; background: white; margin: 0cm 0cm 15.0pt 0cm;\"><span style=\"font-family: 'Ubuntu',serif; color: black;\">El\u00e9rhet\u0151 t\u00f6bbf\u00e9le m\u00e9retben \u00e9s \u00e1rban.<\/span><\/p>\n<p style=\"line-height: 18.0pt; background: white; margin: 0cm 0cm 15.0pt 0cm;\"><b><span style=\"font-family: 'Ubuntu',serif; color: black;\">K\u00e9szlet\u00fcnk napi szinten v\u00e1ltozik, ez\u00e9rt k\u00e9rj\u00fck, \u00e9rdekl\u0151dj\u00f6n szem\u00e9lyesen, telefonon vagy email-en.<br \/>\nA v\u00e1ltoztat\u00e1s jog\u00e1t fenntartjuk!\u00a0<\/span><\/b><\/p>\n<p><a href=\"https:\/\/tajkertesz.com\/\">https:\/\/tajkertesz.com\/<\/a><\/p>\n<p><a href=\"https:\/\/www.facebook.com\/tajkertesz\">https:\/\/www.facebook.com\/tajkertesz<\/a><\/p>\n<h6><span style=\"color: #ffffff;\">Az\u00a0<b>eur\u00f3pai ciprus<\/b>\u00a0vagy\u00a0<b>\u00f6r\u00f6kz\u00f6ld ciprus<\/b>\u00a0<i>(Cupressus sempervirens)<\/i>\u00a0a\u00a0<a style=\"color: #ffffff;\" title=\"Ciprusf\u00e9l\u00e9k\" href=\"https:\/\/hu.wikipedia.org\/wiki\/Ciprusf%C3%A9l%C3%A9k\">ciprusf\u00e9l\u00e9k<\/a>\u00a0csal\u00e1dj\u00e1nak n\u00e9vad\u00f3 faja. A keleti\u00a0<a class=\"mw-redirect\" style=\"color: #ffffff;\" title=\"Mediterr\u00e1neum\" href=\"https:\/\/hu.wikipedia.org\/wiki\/Mediterr%C3%A1neum\">Mediterr\u00e1neumban<\/a>\u00a0\u0151shonos, emellett\u00a0<a style=\"color: #ffffff;\" title=\"Ir\u00e1n\" href=\"https:\/\/hu.wikipedia.org\/wiki\/Ir%C3%A1n\">Ir\u00e1nban<\/a>\u00a0van egy elszigetelt popul\u00e1ci\u00f3ja.\u00a0<a class=\"mw-redirect\" style=\"color: #ffffff;\" title=\"Kis-\u00c1zsia\" href=\"https:\/\/hu.wikipedia.org\/wiki\/Kis-%C3%81zsia\">Kis-\u00c1zsi\u00e1b\u00f3l<\/a>\u00a0m\u00e9g az \u00f3korban betelep\u00edtett\u00e9k\u00a0<a class=\"mw-redirect mw-disambig\" style=\"color: #ffffff;\" title=\"It\u00e1lia\" href=\"https:\/\/hu.wikipedia.org\/wiki\/It%C3%A1lia\">It\u00e1li\u00e1ba<\/a>, ahol kivadulva a legjellegzetesebb mediterr\u00e1n \u00f6r\u00f6kz\u00f6ldd\u00e9 v\u00e1lt (Cz\u00e1ka, R\u00e1cz); m\u00e1ra az eg\u00e9sz Mediterr\u00e1neum meghat\u00e1roz\u00f3, t\u00e1jalkot\u00f3 f\u00e1ja (Johnson, 2004).<\/span><\/h6>\n<h6><span style=\"color: #ffffff;\"><span id=\"Jellemz\u00e9se\" class=\"mw-headline\">Jellemz\u00e9se:<\/span><\/span><\/h6>\n<h6><span style=\"color: #ffffff;\">A jellegzetesen mediterr\u00e1n n\u00f6v\u00e9nyt\u00a0<a style=\"color: #ffffff;\" title=\"D\u00edszn\u00f6v\u00e9ny\" href=\"https:\/\/hu.wikipedia.org\/wiki\/D%C3%ADszn%C3%B6v%C3%A9ny\">d\u00edszn\u00f6v\u00e9nyk\u00e9nt<\/a> termesztik, vagy sz\u00e9lfog\u00f3 s\u00f6v\u00e9nyk\u00e9nt \u00fcltetik. A sz\u00fcrk\u00e9sv\u00f6r\u00f6s k\u00e9rg\u0171 f\u00e1nak kis, p\u00e1rosan \u00e1tellenesen \u00e1ll\u00f3, h\u00e1romsz\u00f6g alak\u00fa pikkelylevelei 4 sorban, tet\u0151cser\u00e9pszer\u0171en egym\u00e1sra borulnak, \u00e9s az eg\u00e9sz \u00e1gat bebor\u00edtj\u00e1k. A leveleken nincs feh\u00e9r rajzolat; illatuk gyant\u00e1s, \u00e9des.<\/span><\/h6>\n<h6><span style=\"color: #ffffff;\">A term\u0151s vir\u00e1gzatokb\u00f3l fejl\u0151dnek \u00e9retten f\u00e9nyes aranybarna, di\u00f3 m\u00e9ret\u0171\u00a0<a style=\"color: #ffffff;\" title=\"Toboz\" href=\"https:\/\/hu.wikipedia.org\/wiki\/Toboz\">tobozai<\/a>. A horgas cs\u00facs\u00fa tobozpikkelyek eleinte h\u00fasosak, deresz\u00f6ldek, majd megf\u00e1sodnak.<\/span><\/h6>\n<h6><span style=\"color: #ffffff;\">Eredeti term\u0151helyein sz\u00e9les koron\u00e1j\u00fa \u00e9s oszlopos v\u00e1ltozatai is n\u0151nek, a kert\u00e9szetek f\u0151leg ez ut\u00f3bbiakat k\u00edn\u00e1lj\u00e1k.<\/span><\/h6>\n<h6><span id=\"Gy\u00f3gy\u00e1szati_felhaszn\u00e1l\u00e1sa\" class=\"mw-headline\" style=\"color: #ffffff;\">Gy\u00f3gy\u00e1szati felhaszn\u00e1l\u00e1sa<\/span><\/h6>\n<h6><span style=\"color: #ffffff;\">Az\u00a0<a style=\"color: #ffffff;\" title=\"Oligomer\" href=\"https:\/\/hu.wikipedia.org\/wiki\/Oligomer\">oligomer<\/a>\u00a0flavonok enzimg\u00e1tl\u00f3 hat\u00e1s\u00faak. Ez a laborat\u00f3riumi k\u00f6r\u00fclm\u00e9nyek k\u00f6z\u00f6tt bizony\u00edtott tulajdons\u00e1g magyar\u00e1zza \u00e9rv\u00e9d\u0151 szerep\u00e9t a\u00a0<a class=\"mw-redirect\" style=\"color: #ffffff;\" title=\"Vissz\u00e9r\" href=\"https:\/\/hu.wikipedia.org\/wiki\/Vissz%C3%A9r\">vissz\u00e9rbetegs\u00e9gek<\/a>\u00a0kezel\u00e9s\u00e9ben.<\/span><\/h6>\n<h6><span style=\"color: #ffffff;\">Mivel hat\u00e9konynak bizonyult valamennyi vissz\u00e9r-el\u00e9gtelens\u00e9g ellen, toboz\u00e1t l\u00e1bdagad\u00e1s, vissz\u00e9rt\u00e1gulat \u00e9s\u00a0<a style=\"color: #ffffff;\" title=\"Arany\u00e9r\" href=\"https:\/\/hu.wikipedia.org\/wiki\/Arany%C3%A9r\">arany\u00e9r<\/a>\u00a0kezel\u00e9s\u00e9re aj\u00e1nlj\u00e1k. Gyakran haszn\u00e1lj\u00e1k\u00a0<a style=\"color: #ffffff;\" title=\"K\u00f6z\u00f6ns\u00e9ges vadgesztenye\" href=\"https:\/\/hu.wikipedia.org\/wiki\/K%C3%B6z%C3%B6ns%C3%A9ges_vadgesztenye\">vadgeszteny\u00e9vel<\/a>\u00a0\u00e9s\u00a0<a style=\"color: #ffffff;\" title=\"Nagylevel\u0171 csodamogyor\u00f3\" href=\"https:\/\/hu.wikipedia.org\/wiki\/Nagylevel%C5%B1_csodamogyor%C3%B3\">\u0151szi csodamogyor\u00f3val<\/a>\u00a0egy\u00fctt.<\/span><\/h6>\n<h6><span style=\"color: #ffffff;\">A ciprustoboznak semmilyen m\u00e9rgez\u0151 hat\u00e1s\u00e1t nem mutatt\u00e1k ki.<\/span><\/h6>","protected":false},"excerpt":{"rendered":"<p>Cupressus sempervirens &#8216;Totem&#8217; , Eur\u00f3pai ciprus<\/p>\n<p>A\u00a0 Cupressus sempervirens &#8216;Totem&#8217; , Eur\u00f3pai ciprus fiatalon gyorsan n\u0151v\u0151, igen keskeny, oszlopos koron\u00e1j\u00fa, egyenes \u00e1grendszer\u0171, \u00f6r\u00f6kz\u00f6ld .<\/p>\n<p>Az Eur\u00f3pai ciprus ezen fajt\u00e1ja 10-15 m\u00e9teresre n\u0151v\u0151, az alapfajn\u00e1l keskenyebb koron\u00e1t nevel\u0151\u00a0 \u00f6r\u00f6kz\u00f6ld.<\/p>\n<p>Arom\u00e1s illat\u00fa hajt\u00e1sai felfel\u00e9 \u00e1llnak. Sz\u00e9lt\u0151l v\u00e9dett napos helyre \u00fcltess\u00fck. Kiv\u00e1l\u00f3 szoliter n\u00f6v\u00e9ny.<br \/>\nTalajban nem v\u00e1logat\u00f3s, j\u00f3 sz\u00e1razs\u00e1gt\u0171r\u0151, de a forr\u00f3 ny\u00e1ri id\u0151ben t\u00f6rt\u00e9n\u0151 \u00f6nt\u00f6z\u00e9st megh\u00e1l\u00e1lja.<\/p>\n<p>A mediterr\u00e1n kertek jellegzetes n\u00f6v\u00e9nye.<\/p>\n<h3><strong>Jelen term\u00e9k\u00fcnk 25 literes kont\u00e9nerben kaphat\u00f3 \u00e9s 175\/200cm magas<\/strong><\/h3>","protected":false},"featured_media":13955,"template":"","meta":{"_et_pb_use_builder":"","_et_pb_old_content":"","_et_gb_content_width":""},"product_brand":[],"product_cat":[26],"product_tag":[899,900,4009],"class_list":{"0":"post-4963","1":"product","2":"type-product","3":"status-publish","4":"has-post-thumbnail","6":"product_cat-orokzold-novenyek","7":"product_tag-cupressus-sempervirens-totem","8":"product_tag-europai-ciprus","9":"product_tag-totem","11":"first","12":"instock","13":"shipping-taxable","14":"purchasable","15":"product-type-simple"},"yoast_head":"<!-- This site is optimized with the Yoast SEO plugin v27.4 - https:\/\/yoast.com\/product\/yoast-seo-wordpress\/ -->\n<title>Cupressus sempervirens &#039;Totem&#039; , Eur\u00f3pai ciprus - T\u00e1jkert\u00e9sz<\/title>\n<meta name=\"description\" content=\"A\u00a0 Cupressus sempervirens &#039;Totem&#039; , Eur\u00f3pai ciprus fiatalon gyorsan n\u00f6v\u0151, igen keskeny, oszlopos koron\u00e1j\u00fa, egyenes \u00e1grendszer\u0171, \u00f6r\u00f6kz\u00f6ld.\" \/>\n<meta name=\"robots\" content=\"index, follow, max-snippet:-1, max-image-preview:large, max-video-preview:-1\" \/>\n<link rel=\"canonical\" href=\"https:\/\/tajkertesz.com\/en_US\/product\/cupressus-sempervirens-totem-europai-ciprus-4\/\" \/>\n<meta property=\"og:locale\" content=\"en_US\" \/>\n<meta property=\"og:type\" content=\"article\" \/>\n<meta property=\"og:title\" content=\"Cupressus sempervirens &#039;Totem&#039; , Eur\u00f3pai ciprus - T\u00e1jkert\u00e9sz\" \/>\n<meta property=\"og:description\" content=\"A\u00a0 Cupressus sempervirens &#039;Totem&#039; , Eur\u00f3pai ciprus fiatalon gyorsan n\u00f6v\u0151, igen keskeny, oszlopos koron\u00e1j\u00fa, egyenes \u00e1grendszer\u0171, \u00f6r\u00f6kz\u00f6ld.\" \/>\n<meta property=\"og:url\" content=\"https:\/\/tajkertesz.com\/en_US\/product\/cupressus-sempervirens-totem-europai-ciprus-4\/\" \/>\n<meta property=\"og:site_name\" content=\"T\u00e1jkert\u00e9sz\" \/>\n<meta property=\"article:publisher\" content=\"https:\/\/www.facebook.com\/Tajkertesz\/\" \/>\n<meta property=\"article:modified_time\" content=\"2026-02-24T11:00:29+00:00\" \/>\n<meta property=\"og:image\" content=\"https:\/\/tajkertesz.com\/wp-content\/uploads\/2021\/05\/20221025_094407-scaled.jpg\" \/>\n\t<meta property=\"og:image:width\" content=\"1152\" \/>\n\t<meta property=\"og:image:height\" content=\"2560\" \/>\n\t<meta property=\"og:image:type\" content=\"image\/jpeg\" \/>\n<meta name=\"twitter:card\" content=\"summary_large_image\" \/>\n<meta name=\"twitter:label1\" content=\"Est. reading time\" \/>\n\t<meta name=\"twitter:data1\" content=\"2 minutes\" \/>\n<script type=\"application\/ld+json\" class=\"yoast-schema-graph\">{\"@context\":\"https:\\\/\\\/schema.org\",\"@graph\":[{\"@type\":\"WebPage\",\"@id\":\"https:\\\/\\\/tajkertesz.com\\\/termek\\\/cupressus-sempervirens-totem-europai-ciprus-4\\\/\",\"url\":\"https:\\\/\\\/tajkertesz.com\\\/termek\\\/cupressus-sempervirens-totem-europai-ciprus-4\\\/\",\"name\":\"Cupressus sempervirens 'Totem' , Eur\u00f3pai ciprus - T\u00e1jkert\u00e9sz\",\"isPartOf\":{\"@id\":\"https:\\\/\\\/tajkertesz.com\\\/#website\"},\"primaryImageOfPage\":{\"@id\":\"https:\\\/\\\/tajkertesz.com\\\/termek\\\/cupressus-sempervirens-totem-europai-ciprus-4\\\/#primaryimage\"},\"image\":{\"@id\":\"https:\\\/\\\/tajkertesz.com\\\/termek\\\/cupressus-sempervirens-totem-europai-ciprus-4\\\/#primaryimage\"},\"thumbnailUrl\":\"https:\\\/\\\/tajkertesz.com\\\/wp-content\\\/uploads\\\/2021\\\/05\\\/20221025_094407-scaled.jpg\",\"datePublished\":\"2021-05-18T06:46:33+00:00\",\"dateModified\":\"2026-02-24T11:00:29+00:00\",\"description\":\"A\u00a0 Cupressus sempervirens 'Totem' , Eur\u00f3pai ciprus fiatalon gyorsan n\u00f6v\u0151, igen keskeny, oszlopos koron\u00e1j\u00fa, egyenes \u00e1grendszer\u0171, \u00f6r\u00f6kz\u00f6ld.\",\"breadcrumb\":{\"@id\":\"https:\\\/\\\/tajkertesz.com\\\/termek\\\/cupressus-sempervirens-totem-europai-ciprus-4\\\/#breadcrumb\"},\"inLanguage\":\"en-US\",\"potentialAction\":[{\"@type\":\"ReadAction\",\"target\":[\"https:\\\/\\\/tajkertesz.com\\\/termek\\\/cupressus-sempervirens-totem-europai-ciprus-4\\\/\"]}]},{\"@type\":\"ImageObject\",\"inLanguage\":\"en-US\",\"@id\":\"https:\\\/\\\/tajkertesz.com\\\/termek\\\/cupressus-sempervirens-totem-europai-ciprus-4\\\/#primaryimage\",\"url\":\"https:\\\/\\\/tajkertesz.com\\\/wp-content\\\/uploads\\\/2021\\\/05\\\/20221025_094407-scaled.jpg\",\"contentUrl\":\"https:\\\/\\\/tajkertesz.com\\\/wp-content\\\/uploads\\\/2021\\\/05\\\/20221025_094407-scaled.jpg\",\"width\":1152,\"height\":2560,\"caption\":\"Eur\u00f3pai ciprus (Totem)\"},{\"@type\":\"BreadcrumbList\",\"@id\":\"https:\\\/\\\/tajkertesz.com\\\/termek\\\/cupressus-sempervirens-totem-europai-ciprus-4\\\/#breadcrumb\",\"itemListElement\":[{\"@type\":\"ListItem\",\"position\":1,\"name\":\"Home\",\"item\":\"https:\\\/\\\/tajkertesz.com\\\/\"},{\"@type\":\"ListItem\",\"position\":2,\"name\":\"Kezd\u0151lap\",\"item\":\"https:\\\/\\\/tajkertesz.com\\\/\"},{\"@type\":\"ListItem\",\"position\":3,\"name\":\"Cupressus sempervirens &#8216;Totem&#8217; , Eur\u00f3pai ciprus\"}]},{\"@type\":\"WebSite\",\"@id\":\"https:\\\/\\\/tajkertesz.com\\\/#website\",\"url\":\"https:\\\/\\\/tajkertesz.com\\\/\",\"name\":\"T\u00e1j-Kert\u00e9sz 84 Kft.\",\"description\":\"Kert\u00e9szeti kis- \u00e9s nagykeresked\u00e9s, D\u00edszn\u00f6v\u00e9ny web\u00e1ruh\u00e1z orsz\u00e1gos h\u00e1zhozsz\u00e1ll\u00edt\u00e1ssal!\",\"publisher\":{\"@id\":\"https:\\\/\\\/tajkertesz.com\\\/#organization\"},\"potentialAction\":[{\"@type\":\"SearchAction\",\"target\":{\"@type\":\"EntryPoint\",\"urlTemplate\":\"https:\\\/\\\/tajkertesz.com\\\/?s={search_term_string}\"},\"query-input\":{\"@type\":\"PropertyValueSpecification\",\"valueRequired\":true,\"valueName\":\"search_term_string\"}}],\"inLanguage\":\"en-US\"},{\"@type\":\"Organization\",\"@id\":\"https:\\\/\\\/tajkertesz.com\\\/#organization\",\"name\":\"T\u00e1j-Kert\u00e9sz 84 Kft.\",\"url\":\"https:\\\/\\\/tajkertesz.com\\\/\",\"logo\":{\"@type\":\"ImageObject\",\"inLanguage\":\"en-US\",\"@id\":\"https:\\\/\\\/tajkertesz.com\\\/#\\\/schema\\\/logo\\\/image\\\/\",\"url\":\"https:\\\/\\\/tajkertesz.com\\\/wp-content\\\/uploads\\\/2018\\\/02\\\/logo-2-e1518678052539.png\",\"contentUrl\":\"https:\\\/\\\/tajkertesz.com\\\/wp-content\\\/uploads\\\/2018\\\/02\\\/logo-2-e1518678052539.png\",\"width\":81,\"height\":140,\"caption\":\"T\u00e1j-Kert\u00e9sz 84 Kft.\"},\"image\":{\"@id\":\"https:\\\/\\\/tajkertesz.com\\\/#\\\/schema\\\/logo\\\/image\\\/\"},\"sameAs\":[\"https:\\\/\\\/www.facebook.com\\\/Tajkertesz\\\/\"]}]}<\/script>\n<!-- \/ Yoast SEO plugin. -->","yoast_head_json":{"title":"Cupressus sempervirens 'Totem' , Eur\u00f3pai ciprus - T\u00e1jkert\u00e9sz","description":"A\u00a0 Cupressus sempervirens 'Totem' , Eur\u00f3pai ciprus fiatalon gyorsan n\u00f6v\u0151, igen keskeny, oszlopos koron\u00e1j\u00fa, egyenes \u00e1grendszer\u0171, \u00f6r\u00f6kz\u00f6ld.","robots":{"index":"index","follow":"follow","max-snippet":"max-snippet:-1","max-image-preview":"max-image-preview:large","max-video-preview":"max-video-preview:-1"},"canonical":"https:\/\/tajkertesz.com\/en_US\/product\/cupressus-sempervirens-totem-europai-ciprus-4\/","og_locale":"en_US","og_type":"article","og_title":"Cupressus sempervirens 'Totem' , Eur\u00f3pai ciprus - T\u00e1jkert\u00e9sz","og_description":"A\u00a0 Cupressus sempervirens 'Totem' , Eur\u00f3pai ciprus fiatalon gyorsan n\u00f6v\u0151, igen keskeny, oszlopos koron\u00e1j\u00fa, egyenes \u00e1grendszer\u0171, \u00f6r\u00f6kz\u00f6ld.","og_url":"https:\/\/tajkertesz.com\/en_US\/product\/cupressus-sempervirens-totem-europai-ciprus-4\/","og_site_name":"T\u00e1jkert\u00e9sz","article_publisher":"https:\/\/www.facebook.com\/Tajkertesz\/","article_modified_time":"2026-02-24T11:00:29+00:00","og_image":[{"width":1152,"height":2560,"url":"https:\/\/tajkertesz.com\/wp-content\/uploads\/2021\/05\/20221025_094407-scaled.jpg","type":"image\/jpeg"}],"twitter_card":"summary_large_image","twitter_misc":{"Est. reading time":"2 minutes"},"schema":{"@context":"https:\/\/schema.org","@graph":[{"@type":"WebPage","@id":"https:\/\/tajkertesz.com\/termek\/cupressus-sempervirens-totem-europai-ciprus-4\/","url":"https:\/\/tajkertesz.com\/termek\/cupressus-sempervirens-totem-europai-ciprus-4\/","name":"Cupressus sempervirens 'Totem' , Eur\u00f3pai ciprus - T\u00e1jkert\u00e9sz","isPartOf":{"@id":"https:\/\/tajkertesz.com\/#website"},"primaryImageOfPage":{"@id":"https:\/\/tajkertesz.com\/termek\/cupressus-sempervirens-totem-europai-ciprus-4\/#primaryimage"},"image":{"@id":"https:\/\/tajkertesz.com\/termek\/cupressus-sempervirens-totem-europai-ciprus-4\/#primaryimage"},"thumbnailUrl":"https:\/\/tajkertesz.com\/wp-content\/uploads\/2021\/05\/20221025_094407-scaled.jpg","datePublished":"2021-05-18T06:46:33+00:00","dateModified":"2026-02-24T11:00:29+00:00","description":"A\u00a0 Cupressus sempervirens 'Totem' , Eur\u00f3pai ciprus fiatalon gyorsan n\u00f6v\u0151, igen keskeny, oszlopos koron\u00e1j\u00fa, egyenes \u00e1grendszer\u0171, \u00f6r\u00f6kz\u00f6ld.","breadcrumb":{"@id":"https:\/\/tajkertesz.com\/termek\/cupressus-sempervirens-totem-europai-ciprus-4\/#breadcrumb"},"inLanguage":"en-US","potentialAction":[{"@type":"ReadAction","target":["https:\/\/tajkertesz.com\/termek\/cupressus-sempervirens-totem-europai-ciprus-4\/"]}]},{"@type":"ImageObject","inLanguage":"en-US","@id":"https:\/\/tajkertesz.com\/termek\/cupressus-sempervirens-totem-europai-ciprus-4\/#primaryimage","url":"https:\/\/tajkertesz.com\/wp-content\/uploads\/2021\/05\/20221025_094407-scaled.jpg","contentUrl":"https:\/\/tajkertesz.com\/wp-content\/uploads\/2021\/05\/20221025_094407-scaled.jpg","width":1152,"height":2560,"caption":"Eur\u00f3pai ciprus (Totem)"},{"@type":"BreadcrumbList","@id":"https:\/\/tajkertesz.com\/termek\/cupressus-sempervirens-totem-europai-ciprus-4\/#breadcrumb","itemListElement":[{"@type":"ListItem","position":1,"name":"Home","item":"https:\/\/tajkertesz.com\/"},{"@type":"ListItem","position":2,"name":"Kezd\u0151lap","item":"https:\/\/tajkertesz.com\/"},{"@type":"ListItem","position":3,"name":"Cupressus sempervirens &#8216;Totem&#8217; , Eur\u00f3pai ciprus"}]},{"@type":"WebSite","@id":"https:\/\/tajkertesz.com\/#website","url":"https:\/\/tajkertesz.com\/","name":"T\u00e1j-Kert\u00e9sz 84 Kft.","description":"Kert\u00e9szeti kis- \u00e9s nagykeresked\u00e9s, D\u00edszn\u00f6v\u00e9ny web\u00e1ruh\u00e1z orsz\u00e1gos h\u00e1zhozsz\u00e1ll\u00edt\u00e1ssal!","publisher":{"@id":"https:\/\/tajkertesz.com\/#organization"},"potentialAction":[{"@type":"SearchAction","target":{"@type":"EntryPoint","urlTemplate":"https:\/\/tajkertesz.com\/?s={search_term_string}"},"query-input":{"@type":"PropertyValueSpecification","valueRequired":true,"valueName":"search_term_string"}}],"inLanguage":"en-US"},{"@type":"Organization","@id":"https:\/\/tajkertesz.com\/#organization","name":"T\u00e1j-Kert\u00e9sz 84 Kft.","url":"https:\/\/tajkertesz.com\/","logo":{"@type":"ImageObject","inLanguage":"en-US","@id":"https:\/\/tajkertesz.com\/#\/schema\/logo\/image\/","url":"https:\/\/tajkertesz.com\/wp-content\/uploads\/2018\/02\/logo-2-e1518678052539.png","contentUrl":"https:\/\/tajkertesz.com\/wp-content\/uploads\/2018\/02\/logo-2-e1518678052539.png","width":81,"height":140,"caption":"T\u00e1j-Kert\u00e9sz 84 Kft."},"image":{"@id":"https:\/\/tajkertesz.com\/#\/schema\/logo\/image\/"},"sameAs":["https:\/\/www.facebook.com\/Tajkertesz\/"]}]}},"_links":{"self":[{"href":"https:\/\/tajkertesz.com\/en_US\/wp-json\/wp\/v2\/product\/4963","targetHints":{"allow":["GET"]}}],"collection":[{"href":"https:\/\/tajkertesz.com\/en_US\/wp-json\/wp\/v2\/product"}],"about":[{"href":"https:\/\/tajkertesz.com\/en_US\/wp-json\/wp\/v2\/types\/product"}],"wp:featuredmedia":[{"embeddable":true,"href":"https:\/\/tajkertesz.com\/en_US\/wp-json\/wp\/v2\/media\/13955"}],"wp:attachment":[{"href":"https:\/\/tajkertesz.com\/en_US\/wp-json\/wp\/v2\/media?parent=4963"}],"wp:term":[{"taxonomy":"product_brand","embeddable":true,"href":"https:\/\/tajkertesz.com\/en_US\/wp-json\/wp\/v2\/product_brand?post=4963"},{"taxonomy":"product_cat","embeddable":true,"href":"https:\/\/tajkertesz.com\/en_US\/wp-json\/wp\/v2\/product_cat?post=4963"},{"taxonomy":"product_tag","embeddable":true,"href":"https:\/\/tajkertesz.com\/en_US\/wp-json\/wp\/v2\/product_tag?post=4963"}],"curies":[{"name":"wp","href":"https:\/\/api.w.org\/{rel}","templated":true}]}}