{"id":5009,"date":"2021-05-18T10:14:31","date_gmt":"2021-05-18T10:14:31","guid":{"rendered":"https:\/\/tajkertesz.com\/?post_type=product&#038;p=5009"},"modified":"2024-06-11T07:38:03","modified_gmt":"2024-06-11T07:38:03","slug":"puszpang-levelu-fagyal-ligustrum-jonandrum-tajkertesz","status":"publish","type":"product","link":"https:\/\/tajkertesz.com\/en_US\/product\/puszpang-levelu-fagyal-ligustrum-jonandrum-tajkertesz\/","title":{"rendered":"Puszp\u00e1ng level\u0171 fagyal &#8211; Ligustrum jonandrum  kb. 140 cm magas"},"content":{"rendered":"<p>Puszp\u00e1ng level\u0171 fagyal &#8211; Ligustrum jonandrum kb. 140 cm magas<\/p>\n<p>&nbsp;<\/p>\n<p>A Puszp\u00e1ng level\u0171 fagyal &#8211; Ligustrum jonandrum kb. 140 cm magas\u00a0 apr\u00f3, \u00f6r\u00f6kz\u00f6ld level\u0171, K\u00edn\u00e1b\u00f3l sz\u00e1rmaz\u00f3 cserje, melynek k\u00e9s\u0151 tavaszt\u00f3l ny\u00e1r derek\u00e1ig folyamatosan ny\u00edlnak feh\u00e9r, kifejezetten illatos vir\u00e1gai. Kiv\u00e1l\u00f3 s\u00f6v\u00e9nyn\u00f6v\u00e9ny, de sz\u00e9p d\u00e9zs\u00e1s n\u00f6v\u00e9nyk\u00e9nt is.<\/p>\n<p style=\"line-height: 18.0pt; background: white; margin: 0cm 0cm 15.0pt 0cm;\"><b><span style=\"font-family: 'Ubuntu',serif; color: black;\">K\u00e9szlet\u00fcnk napi szinten v\u00e1ltozik, ez\u00e9rt k\u00e9rj\u00fck, \u00e9rdekl\u0151dj\u00f6n szem\u00e9lyesen, telefonon vagy email-en.<br \/>\nA v\u00e1ltoztat\u00e1s jog\u00e1t fenntartjuk!\u00a0<\/span><\/b><\/p>\n<p><a href=\"https:\/\/tajkertesz.com\/\">https:\/\/tajkertesz.com\/<\/a><\/p>\n<p><a href=\"https:\/\/www.facebook.com\/tajkertesz\">https:\/\/www.facebook.com\/tajkertesz<\/a><\/p>\n<p>&nbsp;<\/p>\n<p>Jelen term\u00e9k\u00fcnk : kb. 140 cm magas 3-4 g\u00f6mb\u00f6s<\/p>\n<p>&nbsp;<\/p>\n<h2><span id=\"Szapor\u00edt\u00e1s\" class=\"mw-headline\" style=\"color: #ffffff;\">Szapor\u00edt\u00e1s:\u00a0<\/span><\/h2>\n<p><span style=\"color: #ffffff;\">Magvet\u00e9s \u0151sszel, vagy r\u00e9tegez\u00e9s ut\u00e1n tavasszal a szabadba. A\u00a0<i>Ligustrum<\/i>\u00a0fajok magja szeptember v\u00e9g\u00e9t\u0151l \u00e9rik. Ha ekkor megszedj\u00fck \u00e9s a term\u00e9sh\u00fasb\u00f3l nagyj\u00e1b\u00f3l kitiszt\u00edtva azonnal elr\u00e9tegezz\u00fck vagy elvetj\u00fck, a k\u00f6vetkez\u0151 \u00e9v tavasz\u00e1n kikel. Ha a mag megsz\u00e1rad, kialakul benne az elfekv\u00e9si hajlam. Az ilyen (p\u00e9ld\u00e1ul v\u00e1s\u00e1rl\u00e1sb\u00f3l sz\u00e1rmaz\u00f3) magot egy teljes \u00e9vig r\u00e9tegezni kell, \u00e9s csak k\u00f6vetkez\u0151 \u00e9v \u0151sz\u00e9n (vagy a r\u00e1k\u00f6vetkez\u0151 kora tavaszon) \u00e9rdemes elvetni szabad f\u00f6ldbe, 2\u20133\u00a0cm m\u00e9lyen. A tavaszin\u00e1l jobb az \u0151szi vet\u00e9s, okt\u00f3bert\u0151l a fagyok be\u00e1llt\u00e1ig. A magvet\u00e9skor sz\u00e1molni kell a fagyal tavaszi &#8222;d\u0151l\u00e9s\u00e9vel&#8221;: kel\u00e9s ut\u00e1n 2-3 leveles korban a csemet\u00e9k egy r\u00e9sze elsz\u00e1rad, egy r\u00e9sze pedig kid\u0151l, de n\u00e9ha m\u00e9g \u00edgy is sok \u00e9letben marad. A betegs\u00e9g a csemet\u00e9k 20-50%-\u00e1t k\u00e1ros\u00edtja, ez\u00e9rt vet\u00e9skor a k\u00edv\u00e1nt 400-600 db n\u00f6v\u00e9ny\/m2 el\u00e9r\u00e9s\u00e9hez sz\u00fcks\u00e9ges maghoz 25-40%-ot hozz\u00e1adunk. A csemet\u00e9k 1-2 (ritk\u00e1n 3) \u00e9vig maradnak a mag\u00e1gyban. Al\u00e1v\u00e1g\u00e1sukra nincs sz\u00fcks\u00e9g, mivel an\u00e9lk\u00fcl is d\u00fas, s\u0171r\u0171n el\u00e1gaz\u00f3, nem t\u00fal m\u00e9lyre hatol\u00f3 gy\u00f6k\u00e9rzetet nevelnek. Fajt\u00e1kat f\u00e1s dugv\u00e1nyoz\u00e1ssal, z\u00f6lddugv\u00e1nyoz\u00e1ssal.<\/span><\/p>\n<h2><span id=\"Szapor\u00edt\u00e1s\" class=\"mw-headline\" style=\"color: #ffffff;\">Szapor\u00edt\u00e1s<\/span><\/h2>\n<p><span style=\"color: #ffffff;\">Magvet\u00e9s \u0151sszel, vagy r\u00e9tegez\u00e9s ut\u00e1n tavasszal a szabadba. A\u00a0<i>Ligustrum<\/i>\u00a0fajok magja szeptember v\u00e9g\u00e9t\u0151l \u00e9rik. Ha ekkor megszedj\u00fck \u00e9s a term\u00e9sh\u00fasb\u00f3l nagyj\u00e1b\u00f3l kitiszt\u00edtva azonnal elr\u00e9tegezz\u00fck vagy elvetj\u00fck, a k\u00f6vetkez\u0151 \u00e9v tavasz\u00e1n kikel. Ha a mag megsz\u00e1rad, kialakul benne az elfekv\u00e9si hajlam. Az ilyen (p\u00e9ld\u00e1ul v\u00e1s\u00e1rl\u00e1sb\u00f3l sz\u00e1rmaz\u00f3) magot egy teljes \u00e9vig r\u00e9tegezni kell, \u00e9s csak k\u00f6vetkez\u0151 \u00e9v \u0151sz\u00e9n (vagy a r\u00e1k\u00f6vetkez\u0151 kora ravaszon) \u00e9rdemes elvetni szabad f\u00f6ldbe, 2\u20133\u00a0cm m\u00e9lyen. A tavaszin\u00e1l jobb az \u0151szi vet\u00e9s, okt\u00f3bert\u0151l a fagyok be\u00e1llt\u00e1ig. A magvet\u00e9skor sz\u00e1molni kell a fagyal tavaszi &#8222;d\u0151l\u00e9s\u00e9vel&#8221;: kel\u00e9s ut\u00e1n 2-3 leveles korban a csemet\u00e9k egy r\u00e9sze elsz\u00e1rad, egy r\u00e9sze pedig kid\u0151l, de n\u00e9ha m\u00e9g \u00edgy is sok \u00e9letben marad. A betegs\u00e9g a csemet\u00e9k 20-50%-\u00e1t k\u00e1ros\u00edtja, ez\u00e9rt vet\u00e9skor a k\u00edv\u00e1nt 400-600 db n\u00f6v\u00e9ny\/m2 el\u00e9r\u00e9s\u00e9hez sz\u00fcks\u00e9ges maghoz 25-40%-ot hozz\u00e1adunk. A csemet\u00e9k 1-2 (ritk\u00e1n 3) \u00e9vig maradnak a mag\u00e1gyban. Al\u00e1v\u00e1g\u00e1sukra nincs sz\u00fcks\u00e9g, mivel an\u00e9lk\u00fcl is d\u00fas, s\u0171r\u0171n el\u00e1gaz\u00f3, nem t\u00fal m\u00e9lyre hatol\u00f3 gy\u00f6k\u00e9rzetet nevelnek. Fajt\u00e1kat f\u00e1s dugv\u00e1nyoz\u00e1ssal, z\u00f6lddugv\u00e1nyoz\u00e1ssal.<\/span><\/p>\n<p>&nbsp;<\/p>","protected":false},"excerpt":{"rendered":"<p>A Puszp\u00e1ng level\u0171 fagyal &#8211; Ligustrum jonandrum kb. 140 cm magas<\/p>\n<p>Apr\u00f3, \u00f6r\u00f6kz\u00f6ld level\u0171, K\u00edn\u00e1b\u00f3l sz\u00e1rmaz\u00f3 cserje, melynek k\u00e9s\u0151 tavaszt\u00f3l ny\u00e1r derek\u00e1ig folyamatosan ny\u00edlnak feh\u00e9r, kifejezetten illatos vir\u00e1gai. Kiv\u00e1l\u00f3 s\u00f6v\u00e9nyn\u00f6v\u00e9ny, de sz\u00e9p d\u00e9zs\u00e1s n\u00f6v\u00e9nyk\u00e9nt is.<\/p>","protected":false},"featured_media":5018,"template":"","meta":{"_et_pb_use_builder":"","_et_pb_old_content":"","_et_gb_content_width":""},"product_brand":[],"product_cat":[32],"product_tag":[1553,1554],"class_list":{"0":"post-5009","1":"product","2":"type-product","3":"status-publish","4":"has-post-thumbnail","6":"product_cat-formanovenyek-alakfak","7":"product_tag-ligustrum-jonandrum","8":"product_tag-puszpang-levelu-fagyal","10":"first","11":"outofstock","12":"shipping-taxable","13":"purchasable","14":"product-type-simple"},"yoast_head":"<!-- This site is optimized with the Yoast SEO plugin v27.4 - https:\/\/yoast.com\/product\/yoast-seo-wordpress\/ -->\n<title>Puszp\u00e1ng level\u0171 fagyal - Ligustrum jonandrum kb. 140 cm magas - T\u00e1jkert\u00e9sz<\/title>\n<meta name=\"description\" content=\"A Puszp\u00e1ng level\u0171 fagyal - Ligustrum jonandrum kb. 140 cm magas\u00a0 apr\u00f3, \u00f6r\u00f6kz\u00f6ld level\u0171, K\u00edn\u00e1b\u00f3l sz\u00e1rmaz\u00f3 cserje, melynek k\u00e9s\u0151 tavaszt\u00f3l ny\u00e1r\" \/>\n<meta name=\"robots\" content=\"index, follow, max-snippet:-1, max-image-preview:large, max-video-preview:-1\" \/>\n<link rel=\"canonical\" href=\"https:\/\/tajkertesz.com\/en_US\/product\/puszpang-levelu-fagyal-ligustrum-jonandrum-tajkertesz\/\" \/>\n<meta property=\"og:locale\" content=\"en_US\" \/>\n<meta property=\"og:type\" content=\"article\" \/>\n<meta property=\"og:title\" content=\"Puszp\u00e1ng level\u0171 fagyal - Ligustrum jonandrum kb. 140 cm magas - T\u00e1jkert\u00e9sz\" \/>\n<meta property=\"og:description\" content=\"A Puszp\u00e1ng level\u0171 fagyal - Ligustrum jonandrum kb. 140 cm magas\u00a0 apr\u00f3, \u00f6r\u00f6kz\u00f6ld level\u0171, K\u00edn\u00e1b\u00f3l sz\u00e1rmaz\u00f3 cserje, melynek k\u00e9s\u0151 tavaszt\u00f3l ny\u00e1r\" \/>\n<meta property=\"og:url\" content=\"https:\/\/tajkertesz.com\/en_US\/product\/puszpang-levelu-fagyal-ligustrum-jonandrum-tajkertesz\/\" \/>\n<meta property=\"og:site_name\" content=\"T\u00e1jkert\u00e9sz\" \/>\n<meta property=\"article:publisher\" content=\"https:\/\/www.facebook.com\/Tajkertesz\/\" \/>\n<meta property=\"article:modified_time\" content=\"2024-06-11T07:38:03+00:00\" \/>\n<meta property=\"og:image\" content=\"https:\/\/tajkertesz.com\/wp-content\/uploads\/2021\/05\/IMG_20210518_093207-cut-adjust-contrast_wzwa78ki_1.jpg\" \/>\n\t<meta property=\"og:image:width\" content=\"373\" \/>\n\t<meta property=\"og:image:height\" content=\"600\" \/>\n\t<meta property=\"og:image:type\" content=\"image\/jpeg\" \/>\n<meta name=\"twitter:card\" content=\"summary_large_image\" \/>\n<meta name=\"twitter:label1\" content=\"Est. reading time\" \/>\n\t<meta name=\"twitter:data1\" content=\"3 minutes\" \/>\n<script type=\"application\/ld+json\" class=\"yoast-schema-graph\">{\"@context\":\"https:\\\/\\\/schema.org\",\"@graph\":[{\"@type\":\"WebPage\",\"@id\":\"https:\\\/\\\/tajkertesz.com\\\/termek\\\/puszpang-levelu-fagyal-ligustrum-jonandrum-tajkertesz\\\/\",\"url\":\"https:\\\/\\\/tajkertesz.com\\\/termek\\\/puszpang-levelu-fagyal-ligustrum-jonandrum-tajkertesz\\\/\",\"name\":\"Puszp\u00e1ng level\u0171 fagyal - Ligustrum jonandrum kb. 140 cm magas - T\u00e1jkert\u00e9sz\",\"isPartOf\":{\"@id\":\"https:\\\/\\\/tajkertesz.com\\\/#website\"},\"primaryImageOfPage\":{\"@id\":\"https:\\\/\\\/tajkertesz.com\\\/termek\\\/puszpang-levelu-fagyal-ligustrum-jonandrum-tajkertesz\\\/#primaryimage\"},\"image\":{\"@id\":\"https:\\\/\\\/tajkertesz.com\\\/termek\\\/puszpang-levelu-fagyal-ligustrum-jonandrum-tajkertesz\\\/#primaryimage\"},\"thumbnailUrl\":\"https:\\\/\\\/tajkertesz.com\\\/wp-content\\\/uploads\\\/2021\\\/05\\\/IMG_20210518_093207-cut-adjust-contrast_wzwa78ki_1.jpg\",\"datePublished\":\"2021-05-18T10:14:31+00:00\",\"dateModified\":\"2024-06-11T07:38:03+00:00\",\"description\":\"A Puszp\u00e1ng level\u0171 fagyal - Ligustrum jonandrum kb. 140 cm magas\u00a0 apr\u00f3, \u00f6r\u00f6kz\u00f6ld level\u0171, K\u00edn\u00e1b\u00f3l sz\u00e1rmaz\u00f3 cserje, melynek k\u00e9s\u0151 tavaszt\u00f3l ny\u00e1r\",\"breadcrumb\":{\"@id\":\"https:\\\/\\\/tajkertesz.com\\\/termek\\\/puszpang-levelu-fagyal-ligustrum-jonandrum-tajkertesz\\\/#breadcrumb\"},\"inLanguage\":\"en-US\",\"potentialAction\":[{\"@type\":\"ReadAction\",\"target\":[\"https:\\\/\\\/tajkertesz.com\\\/termek\\\/puszpang-levelu-fagyal-ligustrum-jonandrum-tajkertesz\\\/\"]}]},{\"@type\":\"ImageObject\",\"inLanguage\":\"en-US\",\"@id\":\"https:\\\/\\\/tajkertesz.com\\\/termek\\\/puszpang-levelu-fagyal-ligustrum-jonandrum-tajkertesz\\\/#primaryimage\",\"url\":\"https:\\\/\\\/tajkertesz.com\\\/wp-content\\\/uploads\\\/2021\\\/05\\\/IMG_20210518_093207-cut-adjust-contrast_wzwa78ki_1.jpg\",\"contentUrl\":\"https:\\\/\\\/tajkertesz.com\\\/wp-content\\\/uploads\\\/2021\\\/05\\\/IMG_20210518_093207-cut-adjust-contrast_wzwa78ki_1.jpg\",\"width\":373,\"height\":600},{\"@type\":\"BreadcrumbList\",\"@id\":\"https:\\\/\\\/tajkertesz.com\\\/termek\\\/puszpang-levelu-fagyal-ligustrum-jonandrum-tajkertesz\\\/#breadcrumb\",\"itemListElement\":[{\"@type\":\"ListItem\",\"position\":1,\"name\":\"Home\",\"item\":\"https:\\\/\\\/tajkertesz.com\\\/\"},{\"@type\":\"ListItem\",\"position\":2,\"name\":\"Kezd\u0151lap\",\"item\":\"https:\\\/\\\/tajkertesz.com\\\/\"},{\"@type\":\"ListItem\",\"position\":3,\"name\":\"Puszp\u00e1ng level\u0171 fagyal &#8211; Ligustrum jonandrum kb. 140 cm magas\"}]},{\"@type\":\"WebSite\",\"@id\":\"https:\\\/\\\/tajkertesz.com\\\/#website\",\"url\":\"https:\\\/\\\/tajkertesz.com\\\/\",\"name\":\"T\u00e1j-Kert\u00e9sz 84 Kft.\",\"description\":\"Kert\u00e9szeti kis- \u00e9s nagykeresked\u00e9s, D\u00edszn\u00f6v\u00e9ny web\u00e1ruh\u00e1z orsz\u00e1gos h\u00e1zhozsz\u00e1ll\u00edt\u00e1ssal!\",\"publisher\":{\"@id\":\"https:\\\/\\\/tajkertesz.com\\\/#organization\"},\"potentialAction\":[{\"@type\":\"SearchAction\",\"target\":{\"@type\":\"EntryPoint\",\"urlTemplate\":\"https:\\\/\\\/tajkertesz.com\\\/?s={search_term_string}\"},\"query-input\":{\"@type\":\"PropertyValueSpecification\",\"valueRequired\":true,\"valueName\":\"search_term_string\"}}],\"inLanguage\":\"en-US\"},{\"@type\":\"Organization\",\"@id\":\"https:\\\/\\\/tajkertesz.com\\\/#organization\",\"name\":\"T\u00e1j-Kert\u00e9sz 84 Kft.\",\"url\":\"https:\\\/\\\/tajkertesz.com\\\/\",\"logo\":{\"@type\":\"ImageObject\",\"inLanguage\":\"en-US\",\"@id\":\"https:\\\/\\\/tajkertesz.com\\\/#\\\/schema\\\/logo\\\/image\\\/\",\"url\":\"https:\\\/\\\/tajkertesz.com\\\/wp-content\\\/uploads\\\/2018\\\/02\\\/logo-2-e1518678052539.png\",\"contentUrl\":\"https:\\\/\\\/tajkertesz.com\\\/wp-content\\\/uploads\\\/2018\\\/02\\\/logo-2-e1518678052539.png\",\"width\":81,\"height\":140,\"caption\":\"T\u00e1j-Kert\u00e9sz 84 Kft.\"},\"image\":{\"@id\":\"https:\\\/\\\/tajkertesz.com\\\/#\\\/schema\\\/logo\\\/image\\\/\"},\"sameAs\":[\"https:\\\/\\\/www.facebook.com\\\/Tajkertesz\\\/\"]}]}<\/script>\n<!-- \/ Yoast SEO plugin. -->","yoast_head_json":{"title":"Puszp\u00e1ng level\u0171 fagyal - Ligustrum jonandrum kb. 140 cm magas - T\u00e1jkert\u00e9sz","description":"A Puszp\u00e1ng level\u0171 fagyal - Ligustrum jonandrum kb. 140 cm magas\u00a0 apr\u00f3, \u00f6r\u00f6kz\u00f6ld level\u0171, K\u00edn\u00e1b\u00f3l sz\u00e1rmaz\u00f3 cserje, melynek k\u00e9s\u0151 tavaszt\u00f3l ny\u00e1r","robots":{"index":"index","follow":"follow","max-snippet":"max-snippet:-1","max-image-preview":"max-image-preview:large","max-video-preview":"max-video-preview:-1"},"canonical":"https:\/\/tajkertesz.com\/en_US\/product\/puszpang-levelu-fagyal-ligustrum-jonandrum-tajkertesz\/","og_locale":"en_US","og_type":"article","og_title":"Puszp\u00e1ng level\u0171 fagyal - Ligustrum jonandrum kb. 140 cm magas - T\u00e1jkert\u00e9sz","og_description":"A Puszp\u00e1ng level\u0171 fagyal - Ligustrum jonandrum kb. 140 cm magas\u00a0 apr\u00f3, \u00f6r\u00f6kz\u00f6ld level\u0171, K\u00edn\u00e1b\u00f3l sz\u00e1rmaz\u00f3 cserje, melynek k\u00e9s\u0151 tavaszt\u00f3l ny\u00e1r","og_url":"https:\/\/tajkertesz.com\/en_US\/product\/puszpang-levelu-fagyal-ligustrum-jonandrum-tajkertesz\/","og_site_name":"T\u00e1jkert\u00e9sz","article_publisher":"https:\/\/www.facebook.com\/Tajkertesz\/","article_modified_time":"2024-06-11T07:38:03+00:00","og_image":[{"width":373,"height":600,"url":"https:\/\/tajkertesz.com\/wp-content\/uploads\/2021\/05\/IMG_20210518_093207-cut-adjust-contrast_wzwa78ki_1.jpg","type":"image\/jpeg"}],"twitter_card":"summary_large_image","twitter_misc":{"Est. reading time":"3 minutes"},"schema":{"@context":"https:\/\/schema.org","@graph":[{"@type":"WebPage","@id":"https:\/\/tajkertesz.com\/termek\/puszpang-levelu-fagyal-ligustrum-jonandrum-tajkertesz\/","url":"https:\/\/tajkertesz.com\/termek\/puszpang-levelu-fagyal-ligustrum-jonandrum-tajkertesz\/","name":"Puszp\u00e1ng level\u0171 fagyal - Ligustrum jonandrum kb. 140 cm magas - T\u00e1jkert\u00e9sz","isPartOf":{"@id":"https:\/\/tajkertesz.com\/#website"},"primaryImageOfPage":{"@id":"https:\/\/tajkertesz.com\/termek\/puszpang-levelu-fagyal-ligustrum-jonandrum-tajkertesz\/#primaryimage"},"image":{"@id":"https:\/\/tajkertesz.com\/termek\/puszpang-levelu-fagyal-ligustrum-jonandrum-tajkertesz\/#primaryimage"},"thumbnailUrl":"https:\/\/tajkertesz.com\/wp-content\/uploads\/2021\/05\/IMG_20210518_093207-cut-adjust-contrast_wzwa78ki_1.jpg","datePublished":"2021-05-18T10:14:31+00:00","dateModified":"2024-06-11T07:38:03+00:00","description":"A Puszp\u00e1ng level\u0171 fagyal - Ligustrum jonandrum kb. 140 cm magas\u00a0 apr\u00f3, \u00f6r\u00f6kz\u00f6ld level\u0171, K\u00edn\u00e1b\u00f3l sz\u00e1rmaz\u00f3 cserje, melynek k\u00e9s\u0151 tavaszt\u00f3l ny\u00e1r","breadcrumb":{"@id":"https:\/\/tajkertesz.com\/termek\/puszpang-levelu-fagyal-ligustrum-jonandrum-tajkertesz\/#breadcrumb"},"inLanguage":"en-US","potentialAction":[{"@type":"ReadAction","target":["https:\/\/tajkertesz.com\/termek\/puszpang-levelu-fagyal-ligustrum-jonandrum-tajkertesz\/"]}]},{"@type":"ImageObject","inLanguage":"en-US","@id":"https:\/\/tajkertesz.com\/termek\/puszpang-levelu-fagyal-ligustrum-jonandrum-tajkertesz\/#primaryimage","url":"https:\/\/tajkertesz.com\/wp-content\/uploads\/2021\/05\/IMG_20210518_093207-cut-adjust-contrast_wzwa78ki_1.jpg","contentUrl":"https:\/\/tajkertesz.com\/wp-content\/uploads\/2021\/05\/IMG_20210518_093207-cut-adjust-contrast_wzwa78ki_1.jpg","width":373,"height":600},{"@type":"BreadcrumbList","@id":"https:\/\/tajkertesz.com\/termek\/puszpang-levelu-fagyal-ligustrum-jonandrum-tajkertesz\/#breadcrumb","itemListElement":[{"@type":"ListItem","position":1,"name":"Home","item":"https:\/\/tajkertesz.com\/"},{"@type":"ListItem","position":2,"name":"Kezd\u0151lap","item":"https:\/\/tajkertesz.com\/"},{"@type":"ListItem","position":3,"name":"Puszp\u00e1ng level\u0171 fagyal &#8211; Ligustrum jonandrum kb. 140 cm magas"}]},{"@type":"WebSite","@id":"https:\/\/tajkertesz.com\/#website","url":"https:\/\/tajkertesz.com\/","name":"T\u00e1j-Kert\u00e9sz 84 Kft.","description":"Kert\u00e9szeti kis- \u00e9s nagykeresked\u00e9s, D\u00edszn\u00f6v\u00e9ny web\u00e1ruh\u00e1z orsz\u00e1gos h\u00e1zhozsz\u00e1ll\u00edt\u00e1ssal!","publisher":{"@id":"https:\/\/tajkertesz.com\/#organization"},"potentialAction":[{"@type":"SearchAction","target":{"@type":"EntryPoint","urlTemplate":"https:\/\/tajkertesz.com\/?s={search_term_string}"},"query-input":{"@type":"PropertyValueSpecification","valueRequired":true,"valueName":"search_term_string"}}],"inLanguage":"en-US"},{"@type":"Organization","@id":"https:\/\/tajkertesz.com\/#organization","name":"T\u00e1j-Kert\u00e9sz 84 Kft.","url":"https:\/\/tajkertesz.com\/","logo":{"@type":"ImageObject","inLanguage":"en-US","@id":"https:\/\/tajkertesz.com\/#\/schema\/logo\/image\/","url":"https:\/\/tajkertesz.com\/wp-content\/uploads\/2018\/02\/logo-2-e1518678052539.png","contentUrl":"https:\/\/tajkertesz.com\/wp-content\/uploads\/2018\/02\/logo-2-e1518678052539.png","width":81,"height":140,"caption":"T\u00e1j-Kert\u00e9sz 84 Kft."},"image":{"@id":"https:\/\/tajkertesz.com\/#\/schema\/logo\/image\/"},"sameAs":["https:\/\/www.facebook.com\/Tajkertesz\/"]}]}},"_links":{"self":[{"href":"https:\/\/tajkertesz.com\/en_US\/wp-json\/wp\/v2\/product\/5009","targetHints":{"allow":["GET"]}}],"collection":[{"href":"https:\/\/tajkertesz.com\/en_US\/wp-json\/wp\/v2\/product"}],"about":[{"href":"https:\/\/tajkertesz.com\/en_US\/wp-json\/wp\/v2\/types\/product"}],"wp:featuredmedia":[{"embeddable":true,"href":"https:\/\/tajkertesz.com\/en_US\/wp-json\/wp\/v2\/media\/5018"}],"wp:attachment":[{"href":"https:\/\/tajkertesz.com\/en_US\/wp-json\/wp\/v2\/media?parent=5009"}],"wp:term":[{"taxonomy":"product_brand","embeddable":true,"href":"https:\/\/tajkertesz.com\/en_US\/wp-json\/wp\/v2\/product_brand?post=5009"},{"taxonomy":"product_cat","embeddable":true,"href":"https:\/\/tajkertesz.com\/en_US\/wp-json\/wp\/v2\/product_cat?post=5009"},{"taxonomy":"product_tag","embeddable":true,"href":"https:\/\/tajkertesz.com\/en_US\/wp-json\/wp\/v2\/product_tag?post=5009"}],"curies":[{"name":"wp","href":"https:\/\/api.w.org\/{rel}","templated":true}]}}