{"id":5062,"date":"2021-05-18T11:52:01","date_gmt":"2021-05-18T11:52:01","guid":{"rendered":"https:\/\/tajkertesz.com\/?post_type=product&#038;p=5062"},"modified":"2026-02-24T13:22:01","modified_gmt":"2026-02-24T13:22:01","slug":"magyal-ilex-mutchagara-nellie-r-stevens-alakfa-tajkertesz","status":"publish","type":"product","link":"https:\/\/tajkertesz.com\/en_US\/product\/magyal-ilex-mutchagara-nellie-r-stevens-alakfa-tajkertesz\/","title":{"rendered":"Magyal &#8211; Ilex mutchagara &#8216;Nellie R. Stevens&#8217; kb. 220 cm magas"},"content":{"rendered":"<h3><img loading=\"lazy\" decoding=\"async\" class=\"size-medium wp-image-13941 alignleft\" src=\"https:\/\/tajkertesz.com\/wp-content\/uploads\/2021\/05\/20221025_072716-135x300.jpg\" alt=\"\" width=\"135\" height=\"300\" srcset=\"https:\/\/tajkertesz.com\/wp-content\/uploads\/2021\/05\/20221025_072716-135x300.jpg 135w, https:\/\/tajkertesz.com\/wp-content\/uploads\/2021\/05\/20221025_072716-462x1024.jpg 462w, https:\/\/tajkertesz.com\/wp-content\/uploads\/2021\/05\/20221025_072716-768x1704.jpg 768w, https:\/\/tajkertesz.com\/wp-content\/uploads\/2021\/05\/20221025_072716-692x1536.jpg 692w, https:\/\/tajkertesz.com\/wp-content\/uploads\/2021\/05\/20221025_072716-923x2048.jpg 923w, https:\/\/tajkertesz.com\/wp-content\/uploads\/2021\/05\/20221025_072716-5x12.jpg 5w, https:\/\/tajkertesz.com\/wp-content\/uploads\/2021\/05\/20221025_072716-600x1331.jpg 600w, https:\/\/tajkertesz.com\/wp-content\/uploads\/2021\/05\/20221025_072716-64x142.jpg 64w, https:\/\/tajkertesz.com\/wp-content\/uploads\/2021\/05\/20221025_072716-scaled.jpg 1154w\" sizes=\"(max-width: 135px) 100vw, 135px\" \/>Magyal &#8211; Ilex mutchagara &#8216;Nellie R. Stevens&#8217; kb. 220 cm magas<\/h3>\n<p>Magyal &#8211; Ilex mutchagara &#8216;Nellie R. Stevens&#8217; kb. 220 cm magas. Gyorsan n\u00f6veked\u0151, \u00f6r\u00f6kz\u00f6ld cserje, amely ak\u00e1r az 5 m\u00e9teres magass\u00e1got is el\u00e9rheti.<br \/>\nEnyh\u00e9n fogazott levelei ov\u00e1lis- toj\u00e1sdad alak\u00faak, f\u00e9nyesek, s\u00f6t\u00e9tz\u00f6ldek. Vir\u00e1gai feh\u00e9rek, k\u00e9s\u0151bb megjelen\u0151 term\u00e9sei v\u00f6r\u00f6s sz\u00edn\u0171ek, f\u00e9nyes fel\u00fclet\u0171ek.<br \/>\nV\u00edzig\u00e9nye k\u00f6zepes, vil\u00e1gos- f\u00e9l\u00e1rny\u00e9kos helyet kedvel, viszonylag ig\u00e9nytelen fajta.<\/p>\n<p>Jelen term\u00e9k\u00fcnk : Kb 110 cm t\u00f6rzsmagass\u00e1ggal , teljes n\u00f6v\u00e9ny\u00a0 magass\u00e1g kb. 220 ccm<\/p>\n<p style=\"line-height: 18.0pt; background: white; margin: 0cm 0cm 15.0pt 0cm;\"><b><span style=\"font-family: 'Ubuntu',serif; color: black;\">K\u00e9szlet\u00fcnk napi szinten v\u00e1ltozik, ez\u00e9rt k\u00e9rj\u00fck, \u00e9rdekl\u0151dj\u00f6n szem\u00e9lyesen, telefonon vagy email-en.<br \/>\nA v\u00e1ltoztat\u00e1s jog\u00e1t fenntartjuk!\u00a0<\/span><\/b><\/p>\n<h3><span style=\"color: #ff0000;\">Ezt a term\u00e9ket nem tudjuk fut\u00e1rszolg\u00e1lattal kisz\u00e1ll\u00edtani, vagy szem\u00e9lyes \u00e1tv\u00e9tellel vagy egyedi sz\u00e1ll\u00edt\u00e1ssal lehets\u00e9ges!<\/span><\/h3>\n<p>Sz\u00e1ll\u00edt\u00e1s 200 cm \u00e9s 40 kg-ig fut\u00e1rszolg\u00e1lattal lehets\u00e9ges, ezen m\u00e9retek felett egyedi sz\u00e1ll\u00edt\u00e1s megbesz\u00e9l\u00e9se sz\u00fcks\u00e9ges.<\/p>\n<p><a href=\"https:\/\/tajkertesz.com\/\">https:\/\/tajkertesz.com\/<\/a><\/p>\n<p><a href=\"https:\/\/www.facebook.com\/tajkertesz\">https:\/\/www.facebook.com\/tajkertesz<\/a><\/p>","protected":false},"excerpt":{"rendered":"<h3>Magyal &#8211; Ilex mutchagara &#8216;Nellie R. Stevens&#8217; kb. 210 cm magas<\/h3>\n<p>Magyal &#8211; Ilex mutchagara &#8216;Nellie R. Stevens&#8217; kb. 210 cm magas. Gyorsan n\u00f6veked\u0151, \u00f6r\u00f6kz\u00f6ld cserje, amely ak\u00e1r az 5 m\u00e9teres magass\u00e1got is el\u00e9rheti.<br \/>\nEnyh\u00e9n fogazott levelei ov\u00e1lis- toj\u00e1sdad alak\u00faak, f\u00e9nyesek, s\u00f6t\u00e9tz\u00f6ldek. Vir\u00e1gai feh\u00e9rek, k\u00e9s\u0151bb megjelen\u0151 term\u00e9sei v\u00f6r\u00f6s sz\u00edn\u0171ek, f\u00e9nyes fel\u00fclet\u0171ek.<br \/>\nV\u00edzig\u00e9nye k\u00f6zepes, vil\u00e1gos- f\u00e9l\u00e1rny\u00e9kos helyet kedvel, viszonylag ig\u00e9nytelen fajta.<\/p>\n<p>\u00dcltet\u00e9shez aj\u00e1nljuk az al\u00e1bbi term\u00e9ket:<\/p>\n<p>https:\/\/tajkertesz.com\/termek\/marhatragya-15-literes\/<\/p>","protected":false},"featured_media":13943,"template":"","meta":{"_et_pb_use_builder":"","_et_pb_old_content":"","_et_gb_content_width":""},"product_brand":[],"product_cat":[32],"product_tag":[1565],"class_list":{"0":"post-5062","1":"product","2":"type-product","3":"status-publish","4":"has-post-thumbnail","6":"product_cat-formanovenyek-alakfak","7":"product_tag-magyal-ilex-mutchagara-nellie-r-stevens","9":"first","10":"instock","11":"shipping-taxable","12":"purchasable","13":"product-type-simple"},"yoast_head":"<!-- This site is optimized with the Yoast SEO plugin v27.4 - https:\/\/yoast.com\/product\/yoast-seo-wordpress\/ -->\n<title>Magyal - Ilex mutchagara &#039;Nellie R. Stevens&#039; kb. 220 cm magas - T\u00e1jkert\u00e9sz<\/title>\n<meta name=\"description\" content=\"Magyal - Ilex mutchagara &#039;Nellie R. Stevens&#039; kb. 220 cm magas Magyal. V\u00e1s\u00e1roljon web\u00e1ruh\u00e1zunkb\u00f3l fantasztikus n\u00f6v\u00e9nyeket vagy kert\u00e9szeti kieg\u00e9sz\u00edt\u0151ket.\" \/>\n<meta name=\"robots\" content=\"index, follow, max-snippet:-1, max-image-preview:large, max-video-preview:-1\" \/>\n<link rel=\"canonical\" href=\"https:\/\/tajkertesz.com\/en_US\/product\/magyal-ilex-mutchagara-nellie-r-stevens-alakfa-tajkertesz\/\" \/>\n<meta property=\"og:locale\" content=\"en_US\" \/>\n<meta property=\"og:type\" content=\"article\" \/>\n<meta property=\"og:title\" content=\"Magyal - Ilex mutchagara &#039;Nellie R. Stevens&#039; kb. 220 cm magas - T\u00e1jkert\u00e9sz\" \/>\n<meta property=\"og:description\" content=\"Magyal - Ilex mutchagara &#039;Nellie R. Stevens&#039; kb. 220 cm magas Magyal. V\u00e1s\u00e1roljon web\u00e1ruh\u00e1zunkb\u00f3l fantasztikus n\u00f6v\u00e9nyeket vagy kert\u00e9szeti kieg\u00e9sz\u00edt\u0151ket.\" \/>\n<meta property=\"og:url\" content=\"https:\/\/tajkertesz.com\/en_US\/product\/magyal-ilex-mutchagara-nellie-r-stevens-alakfa-tajkertesz\/\" \/>\n<meta property=\"og:site_name\" content=\"T\u00e1jkert\u00e9sz\" \/>\n<meta property=\"article:publisher\" content=\"https:\/\/www.facebook.com\/Tajkertesz\/\" \/>\n<meta property=\"article:modified_time\" content=\"2026-02-24T13:22:01+00:00\" \/>\n<meta property=\"og:image\" content=\"https:\/\/tajkertesz.com\/wp-content\/uploads\/2021\/05\/20221025_092824-scaled.jpg\" \/>\n\t<meta property=\"og:image:width\" content=\"1154\" \/>\n\t<meta property=\"og:image:height\" content=\"2560\" \/>\n\t<meta property=\"og:image:type\" content=\"image\/jpeg\" \/>\n<meta name=\"twitter:card\" content=\"summary_large_image\" \/>\n<meta name=\"twitter:label1\" content=\"Est. reading time\" \/>\n\t<meta name=\"twitter:data1\" content=\"1 minute\" \/>\n<script type=\"application\/ld+json\" class=\"yoast-schema-graph\">{\"@context\":\"https:\\\/\\\/schema.org\",\"@graph\":[{\"@type\":\"WebPage\",\"@id\":\"https:\\\/\\\/tajkertesz.com\\\/termek\\\/magyal-ilex-mutchagara-nellie-r-stevens-alakfa-tajkertesz\\\/\",\"url\":\"https:\\\/\\\/tajkertesz.com\\\/termek\\\/magyal-ilex-mutchagara-nellie-r-stevens-alakfa-tajkertesz\\\/\",\"name\":\"Magyal - Ilex mutchagara 'Nellie R. Stevens' kb. 220 cm magas - T\u00e1jkert\u00e9sz\",\"isPartOf\":{\"@id\":\"https:\\\/\\\/tajkertesz.com\\\/#website\"},\"primaryImageOfPage\":{\"@id\":\"https:\\\/\\\/tajkertesz.com\\\/termek\\\/magyal-ilex-mutchagara-nellie-r-stevens-alakfa-tajkertesz\\\/#primaryimage\"},\"image\":{\"@id\":\"https:\\\/\\\/tajkertesz.com\\\/termek\\\/magyal-ilex-mutchagara-nellie-r-stevens-alakfa-tajkertesz\\\/#primaryimage\"},\"thumbnailUrl\":\"https:\\\/\\\/tajkertesz.com\\\/wp-content\\\/uploads\\\/2021\\\/05\\\/20221025_092824-scaled.jpg\",\"datePublished\":\"2021-05-18T11:52:01+00:00\",\"dateModified\":\"2026-02-24T13:22:01+00:00\",\"description\":\"Magyal - Ilex mutchagara 'Nellie R. Stevens' kb. 220 cm magas Magyal. V\u00e1s\u00e1roljon web\u00e1ruh\u00e1zunkb\u00f3l fantasztikus n\u00f6v\u00e9nyeket vagy kert\u00e9szeti kieg\u00e9sz\u00edt\u0151ket.\",\"breadcrumb\":{\"@id\":\"https:\\\/\\\/tajkertesz.com\\\/termek\\\/magyal-ilex-mutchagara-nellie-r-stevens-alakfa-tajkertesz\\\/#breadcrumb\"},\"inLanguage\":\"en-US\",\"potentialAction\":[{\"@type\":\"ReadAction\",\"target\":[\"https:\\\/\\\/tajkertesz.com\\\/termek\\\/magyal-ilex-mutchagara-nellie-r-stevens-alakfa-tajkertesz\\\/\"]}]},{\"@type\":\"ImageObject\",\"inLanguage\":\"en-US\",\"@id\":\"https:\\\/\\\/tajkertesz.com\\\/termek\\\/magyal-ilex-mutchagara-nellie-r-stevens-alakfa-tajkertesz\\\/#primaryimage\",\"url\":\"https:\\\/\\\/tajkertesz.com\\\/wp-content\\\/uploads\\\/2021\\\/05\\\/20221025_092824-scaled.jpg\",\"contentUrl\":\"https:\\\/\\\/tajkertesz.com\\\/wp-content\\\/uploads\\\/2021\\\/05\\\/20221025_092824-scaled.jpg\",\"width\":1154,\"height\":2560},{\"@type\":\"BreadcrumbList\",\"@id\":\"https:\\\/\\\/tajkertesz.com\\\/termek\\\/magyal-ilex-mutchagara-nellie-r-stevens-alakfa-tajkertesz\\\/#breadcrumb\",\"itemListElement\":[{\"@type\":\"ListItem\",\"position\":1,\"name\":\"Home\",\"item\":\"https:\\\/\\\/tajkertesz.com\\\/\"},{\"@type\":\"ListItem\",\"position\":2,\"name\":\"Kezd\u0151lap\",\"item\":\"https:\\\/\\\/tajkertesz.com\\\/\"},{\"@type\":\"ListItem\",\"position\":3,\"name\":\"Magyal &#8211; Ilex mutchagara &#8216;Nellie R. Stevens&#8217; kb. 220 cm magas\"}]},{\"@type\":\"WebSite\",\"@id\":\"https:\\\/\\\/tajkertesz.com\\\/#website\",\"url\":\"https:\\\/\\\/tajkertesz.com\\\/\",\"name\":\"T\u00e1j-Kert\u00e9sz 84 Kft.\",\"description\":\"Kert\u00e9szeti kis- \u00e9s nagykeresked\u00e9s, D\u00edszn\u00f6v\u00e9ny web\u00e1ruh\u00e1z orsz\u00e1gos h\u00e1zhozsz\u00e1ll\u00edt\u00e1ssal!\",\"publisher\":{\"@id\":\"https:\\\/\\\/tajkertesz.com\\\/#organization\"},\"potentialAction\":[{\"@type\":\"SearchAction\",\"target\":{\"@type\":\"EntryPoint\",\"urlTemplate\":\"https:\\\/\\\/tajkertesz.com\\\/?s={search_term_string}\"},\"query-input\":{\"@type\":\"PropertyValueSpecification\",\"valueRequired\":true,\"valueName\":\"search_term_string\"}}],\"inLanguage\":\"en-US\"},{\"@type\":\"Organization\",\"@id\":\"https:\\\/\\\/tajkertesz.com\\\/#organization\",\"name\":\"T\u00e1j-Kert\u00e9sz 84 Kft.\",\"url\":\"https:\\\/\\\/tajkertesz.com\\\/\",\"logo\":{\"@type\":\"ImageObject\",\"inLanguage\":\"en-US\",\"@id\":\"https:\\\/\\\/tajkertesz.com\\\/#\\\/schema\\\/logo\\\/image\\\/\",\"url\":\"https:\\\/\\\/tajkertesz.com\\\/wp-content\\\/uploads\\\/2018\\\/02\\\/logo-2-e1518678052539.png\",\"contentUrl\":\"https:\\\/\\\/tajkertesz.com\\\/wp-content\\\/uploads\\\/2018\\\/02\\\/logo-2-e1518678052539.png\",\"width\":81,\"height\":140,\"caption\":\"T\u00e1j-Kert\u00e9sz 84 Kft.\"},\"image\":{\"@id\":\"https:\\\/\\\/tajkertesz.com\\\/#\\\/schema\\\/logo\\\/image\\\/\"},\"sameAs\":[\"https:\\\/\\\/www.facebook.com\\\/Tajkertesz\\\/\"]}]}<\/script>\n<!-- \/ Yoast SEO plugin. -->","yoast_head_json":{"title":"Magyal - Ilex mutchagara 'Nellie R. Stevens' kb. 220 cm magas - T\u00e1jkert\u00e9sz","description":"Magyal - Ilex mutchagara 'Nellie R. Stevens' kb. 220 cm magas Magyal. V\u00e1s\u00e1roljon web\u00e1ruh\u00e1zunkb\u00f3l fantasztikus n\u00f6v\u00e9nyeket vagy kert\u00e9szeti kieg\u00e9sz\u00edt\u0151ket.","robots":{"index":"index","follow":"follow","max-snippet":"max-snippet:-1","max-image-preview":"max-image-preview:large","max-video-preview":"max-video-preview:-1"},"canonical":"https:\/\/tajkertesz.com\/en_US\/product\/magyal-ilex-mutchagara-nellie-r-stevens-alakfa-tajkertesz\/","og_locale":"en_US","og_type":"article","og_title":"Magyal - Ilex mutchagara 'Nellie R. Stevens' kb. 220 cm magas - T\u00e1jkert\u00e9sz","og_description":"Magyal - Ilex mutchagara 'Nellie R. Stevens' kb. 220 cm magas Magyal. V\u00e1s\u00e1roljon web\u00e1ruh\u00e1zunkb\u00f3l fantasztikus n\u00f6v\u00e9nyeket vagy kert\u00e9szeti kieg\u00e9sz\u00edt\u0151ket.","og_url":"https:\/\/tajkertesz.com\/en_US\/product\/magyal-ilex-mutchagara-nellie-r-stevens-alakfa-tajkertesz\/","og_site_name":"T\u00e1jkert\u00e9sz","article_publisher":"https:\/\/www.facebook.com\/Tajkertesz\/","article_modified_time":"2026-02-24T13:22:01+00:00","og_image":[{"width":1154,"height":2560,"url":"https:\/\/tajkertesz.com\/wp-content\/uploads\/2021\/05\/20221025_092824-scaled.jpg","type":"image\/jpeg"}],"twitter_card":"summary_large_image","twitter_misc":{"Est. reading time":"1 minute"},"schema":{"@context":"https:\/\/schema.org","@graph":[{"@type":"WebPage","@id":"https:\/\/tajkertesz.com\/termek\/magyal-ilex-mutchagara-nellie-r-stevens-alakfa-tajkertesz\/","url":"https:\/\/tajkertesz.com\/termek\/magyal-ilex-mutchagara-nellie-r-stevens-alakfa-tajkertesz\/","name":"Magyal - Ilex mutchagara 'Nellie R. Stevens' kb. 220 cm magas - T\u00e1jkert\u00e9sz","isPartOf":{"@id":"https:\/\/tajkertesz.com\/#website"},"primaryImageOfPage":{"@id":"https:\/\/tajkertesz.com\/termek\/magyal-ilex-mutchagara-nellie-r-stevens-alakfa-tajkertesz\/#primaryimage"},"image":{"@id":"https:\/\/tajkertesz.com\/termek\/magyal-ilex-mutchagara-nellie-r-stevens-alakfa-tajkertesz\/#primaryimage"},"thumbnailUrl":"https:\/\/tajkertesz.com\/wp-content\/uploads\/2021\/05\/20221025_092824-scaled.jpg","datePublished":"2021-05-18T11:52:01+00:00","dateModified":"2026-02-24T13:22:01+00:00","description":"Magyal - Ilex mutchagara 'Nellie R. Stevens' kb. 220 cm magas Magyal. V\u00e1s\u00e1roljon web\u00e1ruh\u00e1zunkb\u00f3l fantasztikus n\u00f6v\u00e9nyeket vagy kert\u00e9szeti kieg\u00e9sz\u00edt\u0151ket.","breadcrumb":{"@id":"https:\/\/tajkertesz.com\/termek\/magyal-ilex-mutchagara-nellie-r-stevens-alakfa-tajkertesz\/#breadcrumb"},"inLanguage":"en-US","potentialAction":[{"@type":"ReadAction","target":["https:\/\/tajkertesz.com\/termek\/magyal-ilex-mutchagara-nellie-r-stevens-alakfa-tajkertesz\/"]}]},{"@type":"ImageObject","inLanguage":"en-US","@id":"https:\/\/tajkertesz.com\/termek\/magyal-ilex-mutchagara-nellie-r-stevens-alakfa-tajkertesz\/#primaryimage","url":"https:\/\/tajkertesz.com\/wp-content\/uploads\/2021\/05\/20221025_092824-scaled.jpg","contentUrl":"https:\/\/tajkertesz.com\/wp-content\/uploads\/2021\/05\/20221025_092824-scaled.jpg","width":1154,"height":2560},{"@type":"BreadcrumbList","@id":"https:\/\/tajkertesz.com\/termek\/magyal-ilex-mutchagara-nellie-r-stevens-alakfa-tajkertesz\/#breadcrumb","itemListElement":[{"@type":"ListItem","position":1,"name":"Home","item":"https:\/\/tajkertesz.com\/"},{"@type":"ListItem","position":2,"name":"Kezd\u0151lap","item":"https:\/\/tajkertesz.com\/"},{"@type":"ListItem","position":3,"name":"Magyal &#8211; Ilex mutchagara &#8216;Nellie R. Stevens&#8217; kb. 220 cm magas"}]},{"@type":"WebSite","@id":"https:\/\/tajkertesz.com\/#website","url":"https:\/\/tajkertesz.com\/","name":"T\u00e1j-Kert\u00e9sz 84 Kft.","description":"Kert\u00e9szeti kis- \u00e9s nagykeresked\u00e9s, D\u00edszn\u00f6v\u00e9ny web\u00e1ruh\u00e1z orsz\u00e1gos h\u00e1zhozsz\u00e1ll\u00edt\u00e1ssal!","publisher":{"@id":"https:\/\/tajkertesz.com\/#organization"},"potentialAction":[{"@type":"SearchAction","target":{"@type":"EntryPoint","urlTemplate":"https:\/\/tajkertesz.com\/?s={search_term_string}"},"query-input":{"@type":"PropertyValueSpecification","valueRequired":true,"valueName":"search_term_string"}}],"inLanguage":"en-US"},{"@type":"Organization","@id":"https:\/\/tajkertesz.com\/#organization","name":"T\u00e1j-Kert\u00e9sz 84 Kft.","url":"https:\/\/tajkertesz.com\/","logo":{"@type":"ImageObject","inLanguage":"en-US","@id":"https:\/\/tajkertesz.com\/#\/schema\/logo\/image\/","url":"https:\/\/tajkertesz.com\/wp-content\/uploads\/2018\/02\/logo-2-e1518678052539.png","contentUrl":"https:\/\/tajkertesz.com\/wp-content\/uploads\/2018\/02\/logo-2-e1518678052539.png","width":81,"height":140,"caption":"T\u00e1j-Kert\u00e9sz 84 Kft."},"image":{"@id":"https:\/\/tajkertesz.com\/#\/schema\/logo\/image\/"},"sameAs":["https:\/\/www.facebook.com\/Tajkertesz\/"]}]}},"_links":{"self":[{"href":"https:\/\/tajkertesz.com\/en_US\/wp-json\/wp\/v2\/product\/5062","targetHints":{"allow":["GET"]}}],"collection":[{"href":"https:\/\/tajkertesz.com\/en_US\/wp-json\/wp\/v2\/product"}],"about":[{"href":"https:\/\/tajkertesz.com\/en_US\/wp-json\/wp\/v2\/types\/product"}],"wp:featuredmedia":[{"embeddable":true,"href":"https:\/\/tajkertesz.com\/en_US\/wp-json\/wp\/v2\/media\/13943"}],"wp:attachment":[{"href":"https:\/\/tajkertesz.com\/en_US\/wp-json\/wp\/v2\/media?parent=5062"}],"wp:term":[{"taxonomy":"product_brand","embeddable":true,"href":"https:\/\/tajkertesz.com\/en_US\/wp-json\/wp\/v2\/product_brand?post=5062"},{"taxonomy":"product_cat","embeddable":true,"href":"https:\/\/tajkertesz.com\/en_US\/wp-json\/wp\/v2\/product_cat?post=5062"},{"taxonomy":"product_tag","embeddable":true,"href":"https:\/\/tajkertesz.com\/en_US\/wp-json\/wp\/v2\/product_tag?post=5062"}],"curies":[{"name":"wp","href":"https:\/\/api.w.org\/{rel}","templated":true}]}}