{"id":5067,"date":"2021-05-18T11:57:16","date_gmt":"2021-05-18T11:57:16","guid":{"rendered":"https:\/\/tajkertesz.com\/?post_type=product&#038;p=5067"},"modified":"2024-06-11T10:47:44","modified_gmt":"2024-06-11T10:47:44","slug":"torpe-gomb-japanciprus-cryptomeria-japonica-globosa-nana","status":"publish","type":"product","link":"https:\/\/tajkertesz.com\/en_US\/product\/torpe-gomb-japanciprus-cryptomeria-japonica-globosa-nana\/","title":{"rendered":"T\u00f6rpe g\u00f6mb jap\u00e1nciprus &#8211; Cryptomeria japonica &#8216;Globosa Nana&#8217; kb. 45 cm"},"content":{"rendered":"<h3>T\u00f6rpe g\u00f6mb jap\u00e1nciprus &#8211; Cryptomeria japonica &#8216;Globosa Nana&#8217; kb. 45 cm<\/h3>\n<p style=\"line-height: 18.0pt; background: white; margin: 0cm 0cm 15.0pt 0cm;\">T\u00f6rpe g\u00f6mb jap\u00e1nciprus &#8211; Cryptomeria japonica &#8216;Globosa Nana&#8217; kb. 45 cm az egyik legmeglep\u0151bb k\u00fcllem\u0171 \u00f6r\u00f6kz\u00f6ld t\u0171level\u0171. Fiatalon a szobafeny\u0151h\u00f6z hasonl\u00f3 habitus\u00fa, n\u00e1lunk 1-2 m\u00e9terre n\u00f6v\u0151. J\u00f3 v\u00edzell\u00e1totts\u00e1g\u00fa, \u00e1tlagos, de ink\u00e1bb humuszban gazdag\u00edtott talajban fejl\u0151dik megfelel\u0151en. Fiatal korban t\u0151takar\u00e1st ig\u00e9nyel t\u00e9len.<\/p>\n<p>&nbsp;<\/p>\n<h3>Sz\u00e1rmaz\u00e1sa, elterjed\u00e9se:<\/h3>\n<p>Kiz\u00e1r\u00f3lag Jap\u00e1n h\u00e1rom sziget\u00e9n \u2013 Hons\u00fan, Sikokun \u00e9s Jakusim\u00e1n \u2013 honos; minden m\u00e1s \u00e9l\u0151hely\u00e9n betelep\u00edtett (m\u00e9g ha t\u00f6bb sz\u00e1z \u00e9ve is).A jap\u00e1nok egyik szent n\u00f6v\u00e9nye. A legenda szerint Tokugava Iejaszu hal\u00e1la ut\u00e1n hatalmas t\u00f6megek j\u00e1rultak s\u00edrj\u00e1hoz, hogy k\u00f6vekkel \u00e9s l\u00e1mp\u00e1sokkal d\u00edsz\u00edts\u00e9k s\u00edrhely\u00e9t. Egy szeg\u00e9ny ember, akinek m\u00e9g l\u00e1mp\u00e1sra sem telt, azzal fejezte ki a halott s\u00f3gun ir\u00e1nti tisztelet\u00e9t, hogy f\u00e1kat \u00fcltetett a s\u00edrhoz vezet\u0151 \u00fat ment\u00e9n: hadd v\u00e9dje \u00e1rny\u00e9kuk a j\u00f6v\u0151 zar\u00e1ndokait a t\u0171z\u0151 napt\u00f3l. Ezekb\u0151l a jap\u00e1nciprusokb\u00f3l m\u00e1ra Jap\u00e1n egyik legszebb fasora lett: a 60\u201370 m\u00e9ter magas f\u00e1k t\u00f6rzs\u00e9nek ker\u00fclete mintegy 8 m\u00e9ter.<\/p>\n<p>Eredeti \u00e9l\u0151helyein \u00e1llom\u00e1nyai kicsik \u00e9s er\u0151sen sz\u00e9ttagoltak, \u00fcltetett erd\u0151i viszont sz\u00e9pen gyarapodnak. A megmaradt term\u00e9szetes erd\u0151foltok t\u00f6bbs\u00e9g\u00e9t Jakusim\u00e1n tal\u00e1lhatjuk, ezekben sok fa ezer \u00e9vesn\u00e9l is id\u0151sebb.<\/p>\n<p>Legnagyobb telep\u00edtett \u00e1llom\u00e1nyai K\u00edna Hupej tartom\u00e1ny\u00e1ban n\u0151nek; k\u00ednai v\u00e1ltozata mostanra k\u00fcl\u00f6n alfajnak sz\u00e1m\u00edt. Jelent\u0151s erd\u0151it \u00fcltett\u00e9k Bol\u00edvi\u00e1ban \u00e9s Kolumbia Antioquia megy\u00e9j\u00e9ben.<\/p>\n<p style=\"line-height: 18.0pt; background: white; margin: 0cm 0cm 15.0pt 0cm;\"><b><span style=\"font-family: 'Ubuntu',serif; color: black;\">K\u00e9szlet\u00fcnk napi szinten v\u00e1ltozik, ez\u00e9rt k\u00e9rj\u00fck, \u00e9rdekl\u0151dj\u00f6n szem\u00e9lyesen, telefonon vagy email-en.<br \/>\nA v\u00e1ltoztat\u00e1s jog\u00e1t fenntartjuk!<\/span><\/b><\/p>\n<p>Jelen term\u00e9k\u00fcnk : kb. 45 cm magas 18 L-es cser\u00e9pben<\/p>\n<p>Sz\u00e1ll\u00edt\u00e1s 200 cm \u00e9s 40 kg-ig lehets\u00e9ges fut\u00e1rszolg\u00e1lattal, ezen m\u00e9retek felett egyedi sz\u00e1ll\u00edt\u00e1s megbesz\u00e9l\u00e9se sz\u00fcks\u00e9ges.<\/p>\n<p><a href=\"https:\/\/tajkertesz.com\/\">https:\/\/tajkertesz.com\/<\/a><\/p>\n<p><a href=\"https:\/\/hu.wikipedia.org\/wiki\/Jap%C3%A1nciprus\">https:\/\/hu.wikipedia.org\/wiki\/Jap%C3%A1nciprus<\/a><\/p>\n<h6><span style=\"color: #ffffff;\">K\u00f6z\u00e9p-<a style=\"color: #ffffff;\" title=\"Jap\u00e1n\" href=\"https:\/\/hu.wikipedia.org\/wiki\/Jap%C3%A1n\">Jap\u00e1n<\/a>\u00a0erd\u0151s\u00e9giben \u0151shonos, ez\u00e9rt a szint\u00e9n onnan sz\u00e1rmaz\u00f3\u00a0<a style=\"color: #ffffff;\" title=\"Szavara hamisciprus\" href=\"https:\/\/hu.wikipedia.org\/wiki\/Szavara_hamisciprus\">szavara hamisciprussal<\/a>\u00a0egy\u00fctt\u00a0<b>jap\u00e1n hamisciprus<\/b>k\u00e9nt is eml\u00edtik. Nev\u00e9t \u2014 a\u00a0<i>hinoki<\/i>\u00a0jap\u00e1nul \u201et\u0171zf\u00e1t\u201d jelent \u2014 arr\u00f3l kapta, hogy eredeti term\u0151hely\u00e9n rendszerint \u00fagy pusztul el, hogy egy vill\u00e1mcsap\u00e1st\u00f3l t\u00fczet fog, \u00e9s \u00f3ri\u00e1sf\u00e1klyak\u00e9nt \u00e9g el. Jap\u00e1nban sz\u00edvesen nevelnek bel\u0151le\u00a0<a style=\"color: #ffffff;\" title=\"Bonszai\" href=\"https:\/\/hu.wikipedia.org\/wiki\/Bonszai\">bonszait<\/a>.<\/span><\/h6>\n<h6><span style=\"color: #ffffff;\">Eur\u00f3p\u00e1ban j\u00f3val kisebb, sokszor csak nagyobb bokor. Itt els\u0151sorban azok az enyhe kl\u00edm\u00e1j\u00fa r\u00e9gi\u00f3k felelnek meg neki, amelyekben a\u00a0<a style=\"color: #ffffff;\" title=\"Szel\u00eddgesztenye\" href=\"https:\/\/hu.wikipedia.org\/wiki\/Szel%C3%ADdgesztenye\">szel\u00eddgesztenye<\/a>\u00a0a\u00a0<a style=\"color: #ffffff;\" title=\"B\u00fckk (n\u00f6v\u00e9nynemzets\u00e9g)\" href=\"https:\/\/hu.wikipedia.org\/wiki\/B%C3%BCkk_(n%C3%B6v%C3%A9nynemzets%C3%A9g)\">b\u00fckkel<\/a>\u00a0elegyesen n\u0151 \u2014 haz\u00e1nkban ilyen helyek\u00a0<a style=\"color: #ffffff;\" title=\"Sopron\" href=\"https:\/\/hu.wikipedia.org\/wiki\/Sopron\">Sopron<\/a>,\u00a0<a style=\"color: #ffffff;\" title=\"K\u0151szeg\" href=\"https:\/\/hu.wikipedia.org\/wiki\/K%C5%91szeg\">K\u0151szeg<\/a>,\u00a0<a style=\"color: #ffffff;\" title=\"Nagykanizsa\" href=\"https:\/\/hu.wikipedia.org\/wiki\/Nagykanizsa\">Nagykanizsa<\/a>\u00a0\u00e9s\u00a0<a style=\"color: #ffffff;\" title=\"Kaposv\u00e1r\" href=\"https:\/\/hu.wikipedia.org\/wiki\/Kaposv%C3%A1r\">Kaposv\u00e1r<\/a>\u00a0k\u00f6rny\u00e9k\u00e9n vannak.<\/span><\/h6>\n<h3><span style=\"color: #ffffff;\"><span id=\"Megjelen.C3.A9se.2C_fel.C3.A9p.C3.ADt.C3.A9se\"><\/span><span id=\"Megjelen\u00e9se,_fel\u00e9p\u00edt\u00e9se\" class=\"mw-headline\">Megjelen\u00e9se, fel\u00e9p\u00edt\u00e9se<\/span><span class=\"mw-editsection\"><span class=\"mw-editsection-bracket\">[<\/span><a style=\"color: #ffffff;\" title=\"Szakasz szerkeszt\u00e9se: Megjelen\u00e9se, fel\u00e9p\u00edt\u00e9se\" href=\"https:\/\/hu.wikipedia.org\/w\/index.php?title=Hinoki_hamisciprus&amp;action=edit&amp;section=2\">szerkeszt\u00e9s<\/a><span class=\"mw-editsection-bracket\">]<\/span><\/span><\/span><\/h3>\n<h6><span style=\"color: #ffffff;\">20\u201340\u00a0m magas fa, szab\u00e1lyos k\u00fap alak\u00fa koron\u00e1val. Vastag, tompa cs\u00facs\u00fa pikkelylevelei fel\u00fcl f\u00e9nyes z\u00f6ldekfon\u00e1kukon ez\u00fcst\u00f6s rajzolat l\u00e1that\u00f3. A pikkelylevelek t\u00f6v\u00e9ben sorj\u00e1z\u00f3 olajmirigyek sz\u00e9td\u00f6rzs\u00f6lve kellemes gyantaillatot \u00e1rasztanak. 8\u201310\u00a0mm-es, g\u00f6mb alak\u00fa toboza v\u00f6r\u00f6sesbarna.<\/span><\/h6>\n<h6><span style=\"color: #ffffff;\"><span id=\".C3.89letm.C3.B3dja.2C_term.C5.91helye\"><\/span><span id=\"\u00c9letm\u00f3dja,_term\u0151helye\" class=\"mw-headline\">\u00c9letm\u00f3dja, term\u0151helye<\/span><span class=\"mw-editsection\"><span class=\"mw-editsection-bracket\">[<\/span><a style=\"color: #ffffff;\" title=\"Szakasz szerkeszt\u00e9se: \u00c9letm\u00f3dja, term\u0151helye\" href=\"https:\/\/hu.wikipedia.org\/w\/index.php?title=Hinoki_hamisciprus&amp;action=edit&amp;section=3\">szerkeszt\u00e9s<\/a><span class=\"mw-editsection-bracket\">]<\/span><\/span><\/span><\/h6>\n<h6><span style=\"color: #ffffff;\">Sz\u00e1rmaz\u00e1si hely\u00e9n ak\u00e1r negyven m\u00e9ter magasra is megn\u00f6v\u0151, \u00e1llom\u00e1nyalkot\u00f3 fa. A humuszban gazdag, j\u00f3 v\u00edz-, \u00e9s t\u00e1panyag-ell\u00e1totts\u00e1g\u00fa, ink\u00e1bb laza, mint k\u00f6z\u00f6tt talajt kedvel. Savany\u00fa, vagy semleges talajon jobban fejl\u0151dik. T\u00e9l\u00e1ll\u00f3s\u00e1ga k\u00fcl\u00f6n\u00f6sen id\u0151s korban j\u00f3nak mondhat\u00f3. Szereti a magasabb relat\u00edv p\u00e1ratartalmat, a sz\u00e9lt\u0151l v\u00e9dett laza f\u00e9l\u00e1rny\u00e9kot, a b\u0151s\u00e9ges csapad\u00e9kot.<\/span><\/h6>\n<h6><span style=\"color: #ffffff;\">Nagyon lassan fejl\u0151dik \u00e9s magas kort \u00e9r meg. Ez\u00e9rt is kedvelt bonszaik\u00e9nt, de kedvelt kiskerti, temet\u0151i d\u00edszn\u00f6v\u00e9nyk\u00e9nt is. Az els\u0151 \u00e9vben \u00e9r\u0151 tobozai<\/span><\/h6>\n<h6><span style=\"color: #ffffff;\"><span id=\"Kert.C3.A9szeti_v.C3.A1ltozatok\"><\/span><span id=\"Kert\u00e9szeti_v\u00e1ltozatok\" class=\"mw-headline\">Kert\u00e9szeti v\u00e1ltozatok<\/span><span class=\"mw-editsection\"><span class=\"mw-editsection-bracket\">[<\/span><a style=\"color: #ffffff;\" title=\"Szakasz szerkeszt\u00e9se: Kert\u00e9szeti v\u00e1ltozatok\" href=\"https:\/\/hu.wikipedia.org\/w\/index.php?title=Hinoki_hamisciprus&amp;action=edit&amp;section=4\">szerkeszt\u00e9s<\/a><span class=\"mw-editsection-bracket\">]<\/span><\/span><\/span><\/h6>\n<h6><span style=\"color: #ffffff;\">Az alapfajt kertekben csak ritk\u00e1n \u00fcltetik, de a le\u00edrt kert\u00e9szeti v\u00e1ltozatok sz\u00e1ma 70-n\u00e9l is t\u00f6bb. K\u00fcl\u00f6n\u00f6sen kedveltek a t\u00f6rpe n\u00f6v\u00e9s\u0171 fajt\u00e1k. Ezek (az alany hat\u00e1s\u00e1ra) oltv\u00e1nyk\u00e9nt l\u00e9nyegesen jobban fejl\u0151dnek, nagyobbra n\u0151nek, mint magr\u00f3l szapor\u00edtva.<\/span><\/h6>\n<h6><\/h6>\n<p>&nbsp;<\/p>\n<h1><\/h1>\n","protected":false},"excerpt":{"rendered":"<h3>T\u00f6rpe g\u00f6mb jap\u00e1nciprus &#8211; Cryptomeria japonica &#8216;Globosa Nana&#8217; kb. 45 cm<\/h3>\n<p style=\"line-height: 18.0pt; background: white; margin: 0cm 0cm 15.0pt 0cm;\">T\u00f6rpe g\u00f6mb jap\u00e1nciprus &#8211; Cryptomeria japonica &#8216;Globosa Nana&#8217; kb. 45 cm az egyik legmeglep\u0151bb k\u00fcllem\u0171 \u00f6r\u00f6kz\u00f6ld t\u0171level\u0171. Fiatalon a szobafeny\u0151h\u00f6z hasonl\u00f3 habitus\u00fa, n\u00e1lunk 10-15 m\u00e9terre n\u00f6v\u0151. J\u00f3 v\u00edzell\u00e1totts\u00e1g\u00fa, \u00e1tlagos, de ink\u00e1bb humuszban gazdag\u00edtott talajban fejl\u0151dik megfelel\u0151en. Fiatal korban t\u0151takar\u00e1st ig\u00e9nyel t\u00e9len.<\/p>\n<p>&nbsp;<\/p>","protected":false},"featured_media":5068,"template":"","meta":{"_et_pb_use_builder":"","_et_pb_old_content":"","_et_gb_content_width":""},"product_brand":[],"product_cat":[26],"product_tag":[1566,1567],"class_list":{"0":"post-5067","1":"product","2":"type-product","3":"status-publish","4":"has-post-thumbnail","6":"product_cat-orokzold-novenyek","7":"product_tag-cryptomeria-japonica-globosa-nana","8":"product_tag-torpe-gomb-japanciprus-cryptomeria-japonica-globosa-nana","10":"first","11":"outofstock","12":"shipping-taxable","13":"product-type-simple"},"yoast_head":"<!-- This site is optimized with the Yoast SEO plugin v27.5 - https:\/\/yoast.com\/product\/yoast-seo-wordpress\/ -->\n<title>T\u00f6rpe g\u00f6mb jap\u00e1nciprus - Cryptomeria japonica &#039;Globosa Nana&#039; kb. 45 cm - T\u00e1jkert\u00e9sz<\/title>\n<meta name=\"description\" content=\"T\u00f6rpe g\u00f6mb jap\u00e1nciprus - Cryptomeria japonica &#039;Globosa Nana&#039; kb. 45 cm az egyik legmeglep\u0151bb k\u00fcllem\u0171 \u00f6r\u00f6kz\u00f6ld t\u0171level\u0171. Fiatalon a\" \/>\n<meta name=\"robots\" content=\"index, follow, max-snippet:-1, max-image-preview:large, max-video-preview:-1\" \/>\n<link rel=\"canonical\" href=\"https:\/\/tajkertesz.com\/en_US\/product\/torpe-gomb-japanciprus-cryptomeria-japonica-globosa-nana\/\" \/>\n<meta property=\"og:locale\" content=\"en_US\" \/>\n<meta property=\"og:type\" content=\"article\" \/>\n<meta property=\"og:title\" content=\"https:\/\/www.facebook.com\/tajkertesz\/\" \/>\n<meta property=\"og:description\" content=\"T\u00f6rpe g\u00f6mb jap\u00e1nciprus - Cryptomeria japonica &#039;Globosa Nana&#039; kb. 45 cm az egyik legmeglep\u0151bb k\u00fcllem\u0171 \u00f6r\u00f6kz\u00f6ld t\u0171level\u0171. Fiatalon a\" \/>\n<meta property=\"og:url\" content=\"https:\/\/tajkertesz.com\/en_US\/product\/torpe-gomb-japanciprus-cryptomeria-japonica-globosa-nana\/\" \/>\n<meta property=\"og:site_name\" content=\"T\u00e1jkert\u00e9sz\" \/>\n<meta property=\"article:publisher\" content=\"https:\/\/www.facebook.com\/Tajkertesz\/\" \/>\n<meta property=\"article:modified_time\" content=\"2024-06-11T10:47:44+00:00\" \/>\n<meta property=\"og:image\" content=\"https:\/\/tajkertesz.com\/wp-content\/uploads\/2021\/05\/IMG_20210518_092043-cut-adjust-contrast_sfx91cst_1-cut_s0dubout_1-350x350-1.jpg\" \/>\n\t<meta property=\"og:image:width\" content=\"350\" \/>\n\t<meta property=\"og:image:height\" content=\"350\" \/>\n\t<meta property=\"og:image:type\" content=\"image\/jpeg\" \/>\n<meta name=\"twitter:card\" content=\"summary_large_image\" \/>\n<meta name=\"twitter:description\" content=\"T\u00f6rpe g\u00f6mb jap\u00e1nciprus - Cryptomeria japonica &#039;Globosa Nana&#039; kb. 45 cm az egyik legmeglep\u0151bb k\u00fcllem\u0171 \u00f6r\u00f6kz\u00f6ld t\u0171level\u0171. Fiatalon a szobafeny\u0151h\u00f6z hasonl\u00f3 habitus\u00fa, n\u00e1lunk 10-15 m\u00e9terre n\u00f6v\u0151. J\u00f3 v\u00edzell\u00e1totts\u00e1g\u00fa, \u00e1tlagos, de ink\u00e1bb humuszban gazdag\u00edtott talajban fejl\u0151dik megfelel\u0151en. Fiatal korban t\u0151takar\u00e1st ig\u00e9nyel t\u00e9len.\" \/>\n<meta name=\"twitter:label1\" content=\"Est. reading time\" \/>\n\t<meta name=\"twitter:data1\" content=\"3 minutes\" \/>\n<script type=\"application\/ld+json\" class=\"yoast-schema-graph\">{\"@context\":\"https:\\\/\\\/schema.org\",\"@graph\":[{\"@type\":\"WebPage\",\"@id\":\"https:\\\/\\\/tajkertesz.com\\\/termek\\\/torpe-gomb-japanciprus-cryptomeria-japonica-globosa-nana\\\/\",\"url\":\"https:\\\/\\\/tajkertesz.com\\\/termek\\\/torpe-gomb-japanciprus-cryptomeria-japonica-globosa-nana\\\/\",\"name\":\"T\u00f6rpe g\u00f6mb jap\u00e1nciprus - Cryptomeria japonica 'Globosa Nana' kb. 45 cm - T\u00e1jkert\u00e9sz\",\"isPartOf\":{\"@id\":\"https:\\\/\\\/tajkertesz.com\\\/#website\"},\"primaryImageOfPage\":{\"@id\":\"https:\\\/\\\/tajkertesz.com\\\/termek\\\/torpe-gomb-japanciprus-cryptomeria-japonica-globosa-nana\\\/#primaryimage\"},\"image\":{\"@id\":\"https:\\\/\\\/tajkertesz.com\\\/termek\\\/torpe-gomb-japanciprus-cryptomeria-japonica-globosa-nana\\\/#primaryimage\"},\"thumbnailUrl\":\"https:\\\/\\\/tajkertesz.com\\\/wp-content\\\/uploads\\\/2021\\\/05\\\/IMG_20210518_092043-cut-adjust-contrast_sfx91cst_1-cut_s0dubout_1.jpg\",\"datePublished\":\"2021-05-18T11:57:16+00:00\",\"dateModified\":\"2024-06-11T10:47:44+00:00\",\"description\":\"T\u00f6rpe g\u00f6mb jap\u00e1nciprus - Cryptomeria japonica 'Globosa Nana' kb. 45 cm az egyik legmeglep\u0151bb k\u00fcllem\u0171 \u00f6r\u00f6kz\u00f6ld t\u0171level\u0171. Fiatalon a\",\"breadcrumb\":{\"@id\":\"https:\\\/\\\/tajkertesz.com\\\/termek\\\/torpe-gomb-japanciprus-cryptomeria-japonica-globosa-nana\\\/#breadcrumb\"},\"inLanguage\":\"en-US\",\"potentialAction\":[{\"@type\":\"ReadAction\",\"target\":[\"https:\\\/\\\/tajkertesz.com\\\/termek\\\/torpe-gomb-japanciprus-cryptomeria-japonica-globosa-nana\\\/\"]}]},{\"@type\":\"ImageObject\",\"inLanguage\":\"en-US\",\"@id\":\"https:\\\/\\\/tajkertesz.com\\\/termek\\\/torpe-gomb-japanciprus-cryptomeria-japonica-globosa-nana\\\/#primaryimage\",\"url\":\"https:\\\/\\\/tajkertesz.com\\\/wp-content\\\/uploads\\\/2021\\\/05\\\/IMG_20210518_092043-cut-adjust-contrast_sfx91cst_1-cut_s0dubout_1.jpg\",\"contentUrl\":\"https:\\\/\\\/tajkertesz.com\\\/wp-content\\\/uploads\\\/2021\\\/05\\\/IMG_20210518_092043-cut-adjust-contrast_sfx91cst_1-cut_s0dubout_1.jpg\",\"width\":487,\"height\":600},{\"@type\":\"BreadcrumbList\",\"@id\":\"https:\\\/\\\/tajkertesz.com\\\/termek\\\/torpe-gomb-japanciprus-cryptomeria-japonica-globosa-nana\\\/#breadcrumb\",\"itemListElement\":[{\"@type\":\"ListItem\",\"position\":1,\"name\":\"Home\",\"item\":\"https:\\\/\\\/tajkertesz.com\\\/\"},{\"@type\":\"ListItem\",\"position\":2,\"name\":\"Kezd\u0151lap\",\"item\":\"https:\\\/\\\/tajkertesz.com\\\/\"},{\"@type\":\"ListItem\",\"position\":3,\"name\":\"T\u00f6rpe g\u00f6mb jap\u00e1nciprus &#8211; Cryptomeria japonica &#8216;Globosa Nana&#8217; kb. 45 cm\"}]},{\"@type\":\"WebSite\",\"@id\":\"https:\\\/\\\/tajkertesz.com\\\/#website\",\"url\":\"https:\\\/\\\/tajkertesz.com\\\/\",\"name\":\"T\u00e1j-Kert\u00e9sz 84 Kft.\",\"description\":\"Kert\u00e9szeti kis- \u00e9s nagykeresked\u00e9s, D\u00edszn\u00f6v\u00e9ny web\u00e1ruh\u00e1z orsz\u00e1gos h\u00e1zhozsz\u00e1ll\u00edt\u00e1ssal!\",\"publisher\":{\"@id\":\"https:\\\/\\\/tajkertesz.com\\\/#organization\"},\"potentialAction\":[{\"@type\":\"SearchAction\",\"target\":{\"@type\":\"EntryPoint\",\"urlTemplate\":\"https:\\\/\\\/tajkertesz.com\\\/?s={search_term_string}\"},\"query-input\":{\"@type\":\"PropertyValueSpecification\",\"valueRequired\":true,\"valueName\":\"search_term_string\"}}],\"inLanguage\":\"en-US\"},{\"@type\":\"Organization\",\"@id\":\"https:\\\/\\\/tajkertesz.com\\\/#organization\",\"name\":\"T\u00e1j-Kert\u00e9sz 84 Kft.\",\"url\":\"https:\\\/\\\/tajkertesz.com\\\/\",\"logo\":{\"@type\":\"ImageObject\",\"inLanguage\":\"en-US\",\"@id\":\"https:\\\/\\\/tajkertesz.com\\\/#\\\/schema\\\/logo\\\/image\\\/\",\"url\":\"https:\\\/\\\/tajkertesz.com\\\/wp-content\\\/uploads\\\/2018\\\/02\\\/logo-2-e1518678052539.png\",\"contentUrl\":\"https:\\\/\\\/tajkertesz.com\\\/wp-content\\\/uploads\\\/2018\\\/02\\\/logo-2-e1518678052539.png\",\"width\":81,\"height\":140,\"caption\":\"T\u00e1j-Kert\u00e9sz 84 Kft.\"},\"image\":{\"@id\":\"https:\\\/\\\/tajkertesz.com\\\/#\\\/schema\\\/logo\\\/image\\\/\"},\"sameAs\":[\"https:\\\/\\\/www.facebook.com\\\/Tajkertesz\\\/\"]}]}<\/script>\n<!-- \/ Yoast SEO plugin. -->","yoast_head_json":{"title":"T\u00f6rpe g\u00f6mb jap\u00e1nciprus - Cryptomeria japonica 'Globosa Nana' kb. 45 cm - T\u00e1jkert\u00e9sz","description":"T\u00f6rpe g\u00f6mb jap\u00e1nciprus - Cryptomeria japonica 'Globosa Nana' kb. 45 cm az egyik legmeglep\u0151bb k\u00fcllem\u0171 \u00f6r\u00f6kz\u00f6ld t\u0171level\u0171. Fiatalon a","robots":{"index":"index","follow":"follow","max-snippet":"max-snippet:-1","max-image-preview":"max-image-preview:large","max-video-preview":"max-video-preview:-1"},"canonical":"https:\/\/tajkertesz.com\/en_US\/product\/torpe-gomb-japanciprus-cryptomeria-japonica-globosa-nana\/","og_locale":"en_US","og_type":"article","og_title":"https:\/\/www.facebook.com\/tajkertesz\/","og_description":"T\u00f6rpe g\u00f6mb jap\u00e1nciprus - Cryptomeria japonica 'Globosa Nana' kb. 45 cm az egyik legmeglep\u0151bb k\u00fcllem\u0171 \u00f6r\u00f6kz\u00f6ld t\u0171level\u0171. Fiatalon a","og_url":"https:\/\/tajkertesz.com\/en_US\/product\/torpe-gomb-japanciprus-cryptomeria-japonica-globosa-nana\/","og_site_name":"T\u00e1jkert\u00e9sz","article_publisher":"https:\/\/www.facebook.com\/Tajkertesz\/","article_modified_time":"2024-06-11T10:47:44+00:00","og_image":[{"width":350,"height":350,"url":"https:\/\/tajkertesz.com\/wp-content\/uploads\/2021\/05\/IMG_20210518_092043-cut-adjust-contrast_sfx91cst_1-cut_s0dubout_1-350x350-1.jpg","type":"image\/jpeg"}],"twitter_card":"summary_large_image","twitter_description":"T\u00f6rpe g\u00f6mb jap\u00e1nciprus - Cryptomeria japonica 'Globosa Nana' kb. 45 cm az egyik legmeglep\u0151bb k\u00fcllem\u0171 \u00f6r\u00f6kz\u00f6ld t\u0171level\u0171. Fiatalon a szobafeny\u0151h\u00f6z hasonl\u00f3 habitus\u00fa, n\u00e1lunk 10-15 m\u00e9terre n\u00f6v\u0151. J\u00f3 v\u00edzell\u00e1totts\u00e1g\u00fa, \u00e1tlagos, de ink\u00e1bb humuszban gazdag\u00edtott talajban fejl\u0151dik megfelel\u0151en. Fiatal korban t\u0151takar\u00e1st ig\u00e9nyel t\u00e9len.","twitter_misc":{"Est. reading time":"3 minutes"},"schema":{"@context":"https:\/\/schema.org","@graph":[{"@type":"WebPage","@id":"https:\/\/tajkertesz.com\/termek\/torpe-gomb-japanciprus-cryptomeria-japonica-globosa-nana\/","url":"https:\/\/tajkertesz.com\/termek\/torpe-gomb-japanciprus-cryptomeria-japonica-globosa-nana\/","name":"T\u00f6rpe g\u00f6mb jap\u00e1nciprus - Cryptomeria japonica 'Globosa Nana' kb. 45 cm - T\u00e1jkert\u00e9sz","isPartOf":{"@id":"https:\/\/tajkertesz.com\/#website"},"primaryImageOfPage":{"@id":"https:\/\/tajkertesz.com\/termek\/torpe-gomb-japanciprus-cryptomeria-japonica-globosa-nana\/#primaryimage"},"image":{"@id":"https:\/\/tajkertesz.com\/termek\/torpe-gomb-japanciprus-cryptomeria-japonica-globosa-nana\/#primaryimage"},"thumbnailUrl":"https:\/\/tajkertesz.com\/wp-content\/uploads\/2021\/05\/IMG_20210518_092043-cut-adjust-contrast_sfx91cst_1-cut_s0dubout_1.jpg","datePublished":"2021-05-18T11:57:16+00:00","dateModified":"2024-06-11T10:47:44+00:00","description":"T\u00f6rpe g\u00f6mb jap\u00e1nciprus - Cryptomeria japonica 'Globosa Nana' kb. 45 cm az egyik legmeglep\u0151bb k\u00fcllem\u0171 \u00f6r\u00f6kz\u00f6ld t\u0171level\u0171. Fiatalon a","breadcrumb":{"@id":"https:\/\/tajkertesz.com\/termek\/torpe-gomb-japanciprus-cryptomeria-japonica-globosa-nana\/#breadcrumb"},"inLanguage":"en-US","potentialAction":[{"@type":"ReadAction","target":["https:\/\/tajkertesz.com\/termek\/torpe-gomb-japanciprus-cryptomeria-japonica-globosa-nana\/"]}]},{"@type":"ImageObject","inLanguage":"en-US","@id":"https:\/\/tajkertesz.com\/termek\/torpe-gomb-japanciprus-cryptomeria-japonica-globosa-nana\/#primaryimage","url":"https:\/\/tajkertesz.com\/wp-content\/uploads\/2021\/05\/IMG_20210518_092043-cut-adjust-contrast_sfx91cst_1-cut_s0dubout_1.jpg","contentUrl":"https:\/\/tajkertesz.com\/wp-content\/uploads\/2021\/05\/IMG_20210518_092043-cut-adjust-contrast_sfx91cst_1-cut_s0dubout_1.jpg","width":487,"height":600},{"@type":"BreadcrumbList","@id":"https:\/\/tajkertesz.com\/termek\/torpe-gomb-japanciprus-cryptomeria-japonica-globosa-nana\/#breadcrumb","itemListElement":[{"@type":"ListItem","position":1,"name":"Home","item":"https:\/\/tajkertesz.com\/"},{"@type":"ListItem","position":2,"name":"Kezd\u0151lap","item":"https:\/\/tajkertesz.com\/"},{"@type":"ListItem","position":3,"name":"T\u00f6rpe g\u00f6mb jap\u00e1nciprus &#8211; Cryptomeria japonica &#8216;Globosa Nana&#8217; kb. 45 cm"}]},{"@type":"WebSite","@id":"https:\/\/tajkertesz.com\/#website","url":"https:\/\/tajkertesz.com\/","name":"T\u00e1j-Kert\u00e9sz 84 Kft.","description":"Kert\u00e9szeti kis- \u00e9s nagykeresked\u00e9s, D\u00edszn\u00f6v\u00e9ny web\u00e1ruh\u00e1z orsz\u00e1gos h\u00e1zhozsz\u00e1ll\u00edt\u00e1ssal!","publisher":{"@id":"https:\/\/tajkertesz.com\/#organization"},"potentialAction":[{"@type":"SearchAction","target":{"@type":"EntryPoint","urlTemplate":"https:\/\/tajkertesz.com\/?s={search_term_string}"},"query-input":{"@type":"PropertyValueSpecification","valueRequired":true,"valueName":"search_term_string"}}],"inLanguage":"en-US"},{"@type":"Organization","@id":"https:\/\/tajkertesz.com\/#organization","name":"T\u00e1j-Kert\u00e9sz 84 Kft.","url":"https:\/\/tajkertesz.com\/","logo":{"@type":"ImageObject","inLanguage":"en-US","@id":"https:\/\/tajkertesz.com\/#\/schema\/logo\/image\/","url":"https:\/\/tajkertesz.com\/wp-content\/uploads\/2018\/02\/logo-2-e1518678052539.png","contentUrl":"https:\/\/tajkertesz.com\/wp-content\/uploads\/2018\/02\/logo-2-e1518678052539.png","width":81,"height":140,"caption":"T\u00e1j-Kert\u00e9sz 84 Kft."},"image":{"@id":"https:\/\/tajkertesz.com\/#\/schema\/logo\/image\/"},"sameAs":["https:\/\/www.facebook.com\/Tajkertesz\/"]}]}},"_links":{"self":[{"href":"https:\/\/tajkertesz.com\/en_US\/wp-json\/wp\/v2\/product\/5067","targetHints":{"allow":["GET"]}}],"collection":[{"href":"https:\/\/tajkertesz.com\/en_US\/wp-json\/wp\/v2\/product"}],"about":[{"href":"https:\/\/tajkertesz.com\/en_US\/wp-json\/wp\/v2\/types\/product"}],"wp:featuredmedia":[{"embeddable":true,"href":"https:\/\/tajkertesz.com\/en_US\/wp-json\/wp\/v2\/media\/5068"}],"wp:attachment":[{"href":"https:\/\/tajkertesz.com\/en_US\/wp-json\/wp\/v2\/media?parent=5067"}],"wp:term":[{"taxonomy":"product_brand","embeddable":true,"href":"https:\/\/tajkertesz.com\/en_US\/wp-json\/wp\/v2\/product_brand?post=5067"},{"taxonomy":"product_cat","embeddable":true,"href":"https:\/\/tajkertesz.com\/en_US\/wp-json\/wp\/v2\/product_cat?post=5067"},{"taxonomy":"product_tag","embeddable":true,"href":"https:\/\/tajkertesz.com\/en_US\/wp-json\/wp\/v2\/product_tag?post=5067"}],"curies":[{"name":"wp","href":"https:\/\/api.w.org\/{rel}","templated":true}]}}