{"id":5165,"date":"2021-05-20T10:53:24","date_gmt":"2021-05-20T10:53:24","guid":{"rendered":"https:\/\/tajkertesz.com\/?post_type=product&#038;p=5165"},"modified":"2024-04-26T09:57:12","modified_gmt":"2024-04-26T09:57:12","slug":"fiume-kotal","status":"publish","type":"product","link":"https:\/\/tajkertesz.com\/en_US\/product\/fiume-kotal\/","title":{"rendered":"Jov\u00e1n FIUME k\u0151t\u00e1l"},"content":{"rendered":"<div class=\"artdet__name-rating d-none d-lg-block\">\n<div class=\"row gutters-5\">\n<div class=\"col\">\n<div class=\"artdet__name-pagination-wrap d-flex\">\n<div class=\"top product-page-top\">\n<div class=\"center product-page-center\">\n<div class=\"artdet__name-pagination-wrap d-flex\">\n<div class=\"summary entry-summary\">\n<div class=\"elementor-column elementor-col-50 elementor-inner-column elementor-element elementor-element-072daa9\" data-id=\"072daa9\" data-element_type=\"column\">\n<div class=\"elementor-widget-wrap elementor-element-populated\">\n<div class=\"elementor-element elementor-element-54ae97b elementor-widget__width-auto elementor-widget elementor-widget-jet-single-title\" data-id=\"54ae97b\" data-element_type=\"widget\" data-widget_type=\"jet-single-title.default\">\n<div class=\"elementor-widget-container\">\n<div class=\"elementor-jet-single-title jet-woo-builder\">\n<div class=\"elementor-column elementor-col-50 elementor-inner-column elementor-element elementor-element-072daa9\" data-id=\"072daa9\" data-element_type=\"column\">\n<div class=\"elementor-widget-wrap elementor-element-populated\">\n<div class=\"elementor-element elementor-element-54ae97b elementor-widget__width-auto elementor-widget elementor-widget-jet-single-title\" data-id=\"54ae97b\" data-element_type=\"widget\" data-widget_type=\"jet-single-title.default\">\n<div class=\"elementor-widget-container\">\n<div class=\"elementor-jet-single-title jet-woo-builder\">\n<div class=\"elementor-column elementor-col-50 elementor-inner-column elementor-element elementor-element-072daa9\" data-id=\"072daa9\" data-element_type=\"column\">\n<div class=\"elementor-widget-wrap elementor-element-populated\">\n<div class=\"elementor-element elementor-element-54ae97b elementor-widget__width-auto elementor-widget elementor-widget-jet-single-title\" data-id=\"54ae97b\" data-element_type=\"widget\" data-widget_type=\"jet-single-title.default\">\n<div class=\"elementor-widget-container\">\n<div class=\"elementor-jet-single-title jet-woo-builder\">\n<div class=\"elementor-column elementor-col-50 elementor-inner-column elementor-element elementor-element-072daa9\" data-id=\"072daa9\" data-element_type=\"column\">\n<div class=\"elementor-widget-wrap elementor-element-populated\">\n<div class=\"elementor-element elementor-element-54ae97b elementor-widget__width-auto elementor-widget elementor-widget-jet-single-title\" data-id=\"54ae97b\" data-element_type=\"widget\" data-widget_type=\"jet-single-title.default\">\n<div class=\"elementor-widget-container\">\n<div class=\"elementor-jet-single-title jet-woo-builder\"><\/div>\n<\/div>\n<\/div>\n<\/div>\n<\/div>\n<\/div>\n<\/div>\n<\/div>\n<\/div>\n<\/div>\n<\/div>\n<\/div>\n<\/div>\n<\/div>\n<\/div>\n<\/div>\n<\/div>\n<\/div>\n<\/div>\n<\/div>\n<div id=\"jupiterxWooAccordion\" class=\"woocommerce-tabs accordion\">\n<div class=\"card\">\n<div id=\"collapsedescription\" class=\"collapse show\" aria-labelledby=\"headingdescription\" data-parent=\"#jupiterxWooAccordion\">\n<div class=\"elementor-element elementor-element-a3d7314 elementor-widget elementor-widget-jet-single-content\" data-id=\"a3d7314\" data-element_type=\"widget\" data-widget_type=\"jet-single-content.default\">\n<div class=\"elementor-widget-container\">\n<div class=\"elementor-jet-single-content jet-woo-builder\">\n<div class=\"jet-single-content\">\n<div class=\"elementor elementor-13037\" data-elementor-type=\"wp-post\" data-elementor-id=\"13037\" data-elementor-settings=\"[]\">\n<div class=\"elementor-section-wrap\">\n<section class=\"elementor-section elementor-top-section elementor-element elementor-element-eaff891 elementor-section-boxed elementor-section-height-default elementor-section-height-default\" data-id=\"eaff891\" data-element_type=\"section\">\n<div class=\"elementor-container elementor-column-gap-no\">\n<div class=\"elementor-column elementor-col-100 elementor-top-column elementor-element elementor-element-746aa27\" data-id=\"746aa27\" data-element_type=\"column\">\n<div class=\"elementor-widget-wrap elementor-element-populated\">\n<section class=\"elementor-section elementor-inner-section elementor-element elementor-element-b844f42 elementor-section-boxed elementor-section-height-default elementor-section-height-default\" data-id=\"b844f42\" data-element_type=\"section\">\n<div class=\"elementor-container elementor-column-gap-no\">\n<div class=\"elementor-column elementor-col-100 elementor-inner-column elementor-element elementor-element-1047819\" data-id=\"1047819\" data-element_type=\"column\">\n<div class=\"elementor-widget-wrap elementor-element-populated\">\n<div class=\"elementor-element elementor-element-656c875 elementor-widget__width-initial elementor-icon-list--layout-traditional elementor-list-item-link-full_width elementor-widget elementor-widget-icon-list\" data-id=\"656c875\" data-element_type=\"widget\" data-widget_type=\"icon-list.default\">\n<div class=\"elementor-widget-container\">\n<p>&nbsp;<\/p>\n<\/div>\n<\/div>\n<\/div>\n<\/div>\n<\/div>\n<\/section>\n<\/div>\n<\/div>\n<\/div>\n<\/section>\n<\/div>\n<\/div>\n<\/div>\n<\/div>\n<\/div>\n<\/div>\n<\/div>\n<\/div>\n<\/div>\n<\/div>\n<\/div>\n<\/div>\n<\/div>\n<\/div>\n<\/div>\n<\/div>\n<\/div>\n<div>\n<p>FIUME k\u0151t\u00e1l<\/p>\n<p>A FIUME k\u0151t\u00e1l egy egyedi gy\u00e1rt\u00e1s\u00fa k\u00e9zm\u0171ves term\u00e9k.<\/p>\n<p>Magyar csal\u00e1di manufakt\u00fara term\u00e9ke!<\/p>\n<p>K\u00fclt\u00e9ri, fagy\u00e1ll\u00f3, k\u00f6zvetlen\u00fcl is \u00fcltethet\u0151!<\/p>\n<p>A feh\u00e9rcement \u00e9s beton alapanyagoknak, illetve a speci\u00e1lis ut\u00f3lagos sz\u00ednez\u00e9si elj\u00e1r\u00e1snak k\u00f6sz\u00f6nhet\u0151en vir\u00e1gtart\u00f3ink, balkonl\u00e1d\u00e1ink gondoz\u00e1smentes, id\u0151j\u00e1r\u00e1s- \u00e9s fagy\u00e1ll\u00f3 term\u00e9kek.<\/p>\n<p>A fagy\u00e1ll\u00f3s\u00e1g biztos\u00edt\u00e1s\u00e1ra a kasp\u00f3 alj\u00e1ba kavics\u00e1gy elhelyez\u00e9se, majd ezt k\u00f6vet\u0151en egy r\u00e9teg geotext\u00edlia alkalmaz\u00e1sa javasolt.<\/p>\n<p>A speci\u00e1lis sz\u00ednez\u00e9si elj\u00e1r\u00e1s miatt a k\u00e9sz term\u00e9keink sz\u00edne a val\u00f3s\u00e1gban elt\u00e9rhet a k\u00e9pen l\u00e1that\u00f3 sz\u00ednekt\u0151l. Magasnyom\u00e1s\u00fa k\u00e9sz\u00fcl\u00e9kkel t\u00f6rt\u00e9n\u0151 tiszt\u00edt\u00e1s k\u00e1rt tehet a sz\u00ednez\u00e9sben, k\u00e9rj\u00fck ker\u00fclje alkalmaz\u00e1s\u00e1t.<\/p>\n<p>&nbsp;<\/p>\n<p>Az\u00a0al\u00e1t\u00e9t nem tartoz\u00e9k<\/p>\n<p>Tulajdons\u00e1gok<br \/>\nFagy\u00e1ll\u00f3, k\u00fclt\u00e9ri kivitel<br \/>\nAlapanyag: beton<br \/>\nManufaktur\u00e1lis m\u00f3dszerekkel k\u00e9sz\u00fclt<br \/>\nEgyedi formaterv<br \/>\nT\u00f6meg: 28 kg<br \/>\nM\u00e9retek: 56 \u00d7 56 \u00d7 16 cm<\/p>\n<\/div>\n<div><a href=\"https:\/\/www.facebook.com\/tajkertesz\">https:\/\/www.facebook.com\/tajkertesz<\/a><\/div>\n<div>\n<p><a href=\"https:\/\/tajkertesz.com\/\">https:\/\/tajkertesz.com\/<\/a><\/p>\n<\/div>\n<div>\n<p><b>K\u00e9szlet\u00fcnk napi szinten v\u00e1ltozik, ez\u00e9rt k\u00e9rj\u00fck, \u00e9rdekl\u0151dj\u00f6n szem\u00e9lyesen, telefonon vagy email-en.<br \/>\nA v\u00e1ltoztat\u00e1s jog\u00e1t fenntartjuk!\u00a0<\/b><\/p>\n<p><strong>El\u00e9rhet\u0151 sz\u00ednekr\u0151l k\u00e9rem \u00e9rdekl\u0151djenek!<\/strong><\/p>\n<p>Enn\u00e9l a term\u00e9kn\u00e9l a sz\u00e1ll\u00edt\u00e1s csak egyedi megbesz\u00e9l\u00e9s alapj\u00e1n, illetve szem\u00e9lyes \u00e1tv\u00e9tellel lehets\u00e9ges.<\/p>\n<\/div>\n<h3><span style=\"color: #ffffff;\"><strong>A cement:<\/strong><\/span><\/h3>\n<p><span style=\"color: #ffffff;\">A\u00a0<b>cement<\/b> olyan hidraulikus k\u00f6t\u0151anyag, amelyben a k\u00f6t\u0151- \u00e9s adal\u00e9kanyagok v\u00edz hozz\u00e1ad\u00e1s\u00e1val k\u00e9miai reakci\u00f3ba l\u00e9pnek egym\u00e1ssal \u00e9s azokat a cement k\u00e9pes tart\u00f3san \u00f6sszeragasztani. Az \u00e9venk\u00e9nti cementgy\u00e1rt\u00e1s a vil\u00e1gon 4,2 milli\u00e1rd tonna nagys\u00e1grend\u0171re becs\u00fclhet\u0151.<sup id=\"cite_ref-1\" class=\"reference\"><\/sup><\/span><\/p>\n<p><span style=\"color: #ffffff;\">A cement elnevez\u00e9s a r\u00f3mai id\u0151kig ny\u00falik vissza, amikor is az\u00a0<i>opus caementitium<\/i> kifejez\u00e9st az olyan (a betonhoz hasonl\u00f3) falazott szerkezetekre haszn\u00e1lt\u00e1k, amelyek k\u0151z\u00fazal\u00e9kb\u00f3l \u00e9s az azt \u00f6sszetart\u00f3\u00a0 \u00e9getett m\u00e9szb\u0151l\u00a0 k\u00e9sz\u00fcltek.<\/span><\/p>\n<h4><span style=\"color: #ffffff;\">Beton:<\/span><\/h4>\n<div id=\"mw-fr-revisiontag\" class=\"flaggedrevs_short flaggedrevs_stable_synced plainlinks noprint\">\n<div class=\"flaggedrevs_short_basic\">\n<div><span style=\"color: #ffffff;\">A <b>beton<\/b> mesters\u00e9ges \u00e9p\u00edt\u0151anyag, melynek \u00f6sszetev\u0151i a kavics, a homok, a cement \u00e9s a v\u00edz. Er\u0151sen l\u00fagos. El\u0151nye, hogy b\u00e1rmilyen alakra form\u00e1zhat\u00f3, megszil\u00e1rdulva pedig nagy szil\u00e1rds\u00e1g\u00fa tart\u00f3szerkezetk\u00e9nt m\u0171k\u00f6dik. L\u00e9nyege, hogy a k\u0151szer\u0171, szemcs\u00e9s \u00f6sszetev\u0151ket (kavics\/k\u0151t\u00f6rmel\u00e9k \u00e9s homok), a cement, mint \u201ek\u00f6t\u0151anyag\u201d v\u00edz k\u00f6zrem\u0171k\u00f6d\u00e9se mellett \u00f6sszeragasztja. A nagyobb szemcs\u00e9s kavicsr\u00e9sz adja a beton \u201ek\u0151kem\u00e9ny\u201d \u00e9p\u00edt\u0151r\u00e9szecsk\u00e9it, a homok apr\u00f3 szemcs\u00e9i a nagy kavicsok k\u00f6zti r\u00e9sek h\u00e9zagmentes kit\u00f6lt\u00e9s\u00e9t biztos\u00edtj\u00e1k, a cement pedig ragaszt\u00f3anyagk\u00e9nt (k\u00f6t\u0151anyag) e szemcs\u00e9ket k\u0151szer\u0171en kem\u00e9ny anyagg\u00e1 ragasztja \u00f6ssze k\u00e9miai-fizikai k\u00f6t\u00e9ssel. Az \u00f6sszekevert alkot\u00f3anyagokb\u00f3l <i>k\u00e9sz\u00fclt friss<\/i>\u00a0beton r\u00f6vid ideig szabadon form\u00e1zhat\u00f3, majd a cement a v\u00edzzel beindul\u00f3 k\u00e9miai-fizikai folyamatok hat\u00e1s\u00e1ra megszil\u00e1rdul, \u00e9s a kavicsos-homokszemcs\u00e9s \u00f6sszetev\u0151kkel nagy teherb\u00edr\u00e1s\u00fa mesters\u00e9ges k\u00f6vet k\u00e9pez (a beton megk\u00f6t), l\u00e9trehozva a\u00a0<i>megszil\u00e1rdult beton<\/i>t. A v\u00edz nagy r\u00e9sze ek\u00f6zben elp\u00e1rolog. A k\u00e9sz beton leveg\u0151t is tartalmaz. A beton tulajdons\u00e1gait kever\u00e9skor tov\u00e1bbi adal\u00e9kszerekkel (k\u00e9pl\u00e9keny\u00edt\u0151, l\u00e9gp\u00f3rusk\u00e9pz\u0151, szil\u00e1<\/span><\/div>\n<\/div>\n<\/div>","protected":false},"excerpt":{"rendered":"<p>&nbsp;<\/p>\n<p>&nbsp;<\/p>\n<p>&nbsp;<\/p>\n<p>FIUME k\u0151t\u00e1l<\/p>\n<p>&nbsp;<\/p>\n<p>&nbsp;<\/p>\n<p>Egyedi gy\u00e1rt\u00e1s\u00fa k\u00e9zm\u0171ves term\u00e9k.<\/p>\n<p>Magyar csal\u00e1di manufakt\u00fara term\u00e9ke!<\/p>\n<p>K\u00fclt\u00e9ri, fagy\u00e1ll\u00f3, k\u00f6zvetlen\u00fcl is \u00fcltethet\u0151!<\/p>","protected":false},"featured_media":5166,"template":"","meta":{"_et_pb_use_builder":"","_et_pb_old_content":"","_et_gb_content_width":""},"product_brand":[],"product_cat":[1572],"product_tag":[3536,1535,1536],"class_list":{"0":"post-5165","1":"product","2":"type-product","3":"status-publish","4":"has-post-thumbnail","6":"product_cat-novenytartok-kaspok","7":"product_tag-fiume-kotal","8":"product_tag-jovan","9":"product_tag-manufaktura","11":"first","12":"outofstock","13":"shipping-taxable","14":"product-type-simple"},"yoast_head":"<!-- This site is optimized with the Yoast SEO plugin v27.3 - https:\/\/yoast.com\/product\/yoast-seo-wordpress\/ -->\n<title>Jov\u00e1n FIUME k\u0151t\u00e1l - T\u00e1jkert\u00e9sz<\/title>\n<meta name=\"description\" content=\"A FIUME k\u0151t\u00e1l egy egyedi gy\u00e1rt\u00e1s\u00fa k\u00e9zm\u0171ves term\u00e9k. Magyar csal\u00e1di manufakt\u00fara term\u00e9ke! K\u00fclt\u00e9ri \u00e9s fagy\u00e1ll\u00f3.\" \/>\n<meta name=\"robots\" content=\"index, follow, max-snippet:-1, max-image-preview:large, max-video-preview:-1\" \/>\n<link rel=\"canonical\" href=\"https:\/\/tajkertesz.com\/en_US\/product\/fiume-kotal\/\" \/>\n<meta property=\"og:locale\" content=\"en_US\" \/>\n<meta property=\"og:type\" content=\"article\" \/>\n<meta property=\"og:title\" content=\"Jov\u00e1n FIUME k\u0151t\u00e1l - T\u00e1jkert\u00e9sz\" \/>\n<meta property=\"og:description\" content=\"A FIUME k\u0151t\u00e1l egy egyedi gy\u00e1rt\u00e1s\u00fa k\u00e9zm\u0171ves term\u00e9k. Magyar csal\u00e1di manufakt\u00fara term\u00e9ke! K\u00fclt\u00e9ri \u00e9s fagy\u00e1ll\u00f3.\" \/>\n<meta property=\"og:url\" content=\"https:\/\/tajkertesz.com\/en_US\/product\/fiume-kotal\/\" \/>\n<meta property=\"og:site_name\" content=\"T\u00e1jkert\u00e9sz\" \/>\n<meta property=\"article:publisher\" content=\"https:\/\/www.facebook.com\/Tajkertesz\/\" \/>\n<meta property=\"article:modified_time\" content=\"2024-04-26T09:57:12+00:00\" \/>\n<meta property=\"og:image\" content=\"https:\/\/tajkertesz.com\/wp-content\/uploads\/2021\/05\/fiume-kotal_c.jpg\" \/>\n\t<meta property=\"og:image:width\" content=\"512\" \/>\n\t<meta property=\"og:image:height\" content=\"644\" \/>\n\t<meta property=\"og:image:type\" content=\"image\/jpeg\" \/>\n<meta name=\"twitter:card\" content=\"summary_large_image\" \/>\n<meta name=\"twitter:label1\" content=\"Est. reading time\" \/>\n\t<meta name=\"twitter:data1\" content=\"2 minutes\" \/>\n<script type=\"application\/ld+json\" class=\"yoast-schema-graph\">{\"@context\":\"https:\\\/\\\/schema.org\",\"@graph\":[{\"@type\":\"WebPage\",\"@id\":\"https:\\\/\\\/tajkertesz.com\\\/termek\\\/fiume-kotal\\\/\",\"url\":\"https:\\\/\\\/tajkertesz.com\\\/termek\\\/fiume-kotal\\\/\",\"name\":\"Jov\u00e1n FIUME k\u0151t\u00e1l - T\u00e1jkert\u00e9sz\",\"isPartOf\":{\"@id\":\"https:\\\/\\\/tajkertesz.com\\\/#website\"},\"primaryImageOfPage\":{\"@id\":\"https:\\\/\\\/tajkertesz.com\\\/termek\\\/fiume-kotal\\\/#primaryimage\"},\"image\":{\"@id\":\"https:\\\/\\\/tajkertesz.com\\\/termek\\\/fiume-kotal\\\/#primaryimage\"},\"thumbnailUrl\":\"https:\\\/\\\/tajkertesz.com\\\/wp-content\\\/uploads\\\/2021\\\/05\\\/fiume-kotal_c.jpg\",\"datePublished\":\"2021-05-20T10:53:24+00:00\",\"dateModified\":\"2024-04-26T09:57:12+00:00\",\"description\":\"A FIUME k\u0151t\u00e1l egy egyedi gy\u00e1rt\u00e1s\u00fa k\u00e9zm\u0171ves term\u00e9k. Magyar csal\u00e1di manufakt\u00fara term\u00e9ke! K\u00fclt\u00e9ri \u00e9s fagy\u00e1ll\u00f3.\",\"breadcrumb\":{\"@id\":\"https:\\\/\\\/tajkertesz.com\\\/termek\\\/fiume-kotal\\\/#breadcrumb\"},\"inLanguage\":\"en-US\",\"potentialAction\":[{\"@type\":\"ReadAction\",\"target\":[\"https:\\\/\\\/tajkertesz.com\\\/termek\\\/fiume-kotal\\\/\"]}]},{\"@type\":\"ImageObject\",\"inLanguage\":\"en-US\",\"@id\":\"https:\\\/\\\/tajkertesz.com\\\/termek\\\/fiume-kotal\\\/#primaryimage\",\"url\":\"https:\\\/\\\/tajkertesz.com\\\/wp-content\\\/uploads\\\/2021\\\/05\\\/fiume-kotal_c.jpg\",\"contentUrl\":\"https:\\\/\\\/tajkertesz.com\\\/wp-content\\\/uploads\\\/2021\\\/05\\\/fiume-kotal_c.jpg\",\"width\":512,\"height\":644},{\"@type\":\"BreadcrumbList\",\"@id\":\"https:\\\/\\\/tajkertesz.com\\\/termek\\\/fiume-kotal\\\/#breadcrumb\",\"itemListElement\":[{\"@type\":\"ListItem\",\"position\":1,\"name\":\"Home\",\"item\":\"https:\\\/\\\/tajkertesz.com\\\/\"},{\"@type\":\"ListItem\",\"position\":2,\"name\":\"Kezd\u0151lap\",\"item\":\"https:\\\/\\\/tajkertesz.com\\\/\"},{\"@type\":\"ListItem\",\"position\":3,\"name\":\"Jov\u00e1n FIUME k\u0151t\u00e1l\"}]},{\"@type\":\"WebSite\",\"@id\":\"https:\\\/\\\/tajkertesz.com\\\/#website\",\"url\":\"https:\\\/\\\/tajkertesz.com\\\/\",\"name\":\"T\u00e1j-Kert\u00e9sz 84 Kft.\",\"description\":\"Kert\u00e9szeti kis- \u00e9s nagykeresked\u00e9s, D\u00edszn\u00f6v\u00e9ny web\u00e1ruh\u00e1z orsz\u00e1gos h\u00e1zhozsz\u00e1ll\u00edt\u00e1ssal!\",\"publisher\":{\"@id\":\"https:\\\/\\\/tajkertesz.com\\\/#organization\"},\"potentialAction\":[{\"@type\":\"SearchAction\",\"target\":{\"@type\":\"EntryPoint\",\"urlTemplate\":\"https:\\\/\\\/tajkertesz.com\\\/?s={search_term_string}\"},\"query-input\":{\"@type\":\"PropertyValueSpecification\",\"valueRequired\":true,\"valueName\":\"search_term_string\"}}],\"inLanguage\":\"en-US\"},{\"@type\":\"Organization\",\"@id\":\"https:\\\/\\\/tajkertesz.com\\\/#organization\",\"name\":\"T\u00e1j-Kert\u00e9sz 84 Kft.\",\"url\":\"https:\\\/\\\/tajkertesz.com\\\/\",\"logo\":{\"@type\":\"ImageObject\",\"inLanguage\":\"en-US\",\"@id\":\"https:\\\/\\\/tajkertesz.com\\\/#\\\/schema\\\/logo\\\/image\\\/\",\"url\":\"https:\\\/\\\/tajkertesz.com\\\/wp-content\\\/uploads\\\/2018\\\/02\\\/logo-2-e1518678052539.png\",\"contentUrl\":\"https:\\\/\\\/tajkertesz.com\\\/wp-content\\\/uploads\\\/2018\\\/02\\\/logo-2-e1518678052539.png\",\"width\":81,\"height\":140,\"caption\":\"T\u00e1j-Kert\u00e9sz 84 Kft.\"},\"image\":{\"@id\":\"https:\\\/\\\/tajkertesz.com\\\/#\\\/schema\\\/logo\\\/image\\\/\"},\"sameAs\":[\"https:\\\/\\\/www.facebook.com\\\/Tajkertesz\\\/\"]}]}<\/script>\n<!-- \/ Yoast SEO plugin. -->","yoast_head_json":{"title":"Jov\u00e1n FIUME k\u0151t\u00e1l - T\u00e1jkert\u00e9sz","description":"A FIUME k\u0151t\u00e1l egy egyedi gy\u00e1rt\u00e1s\u00fa k\u00e9zm\u0171ves term\u00e9k. Magyar csal\u00e1di manufakt\u00fara term\u00e9ke! K\u00fclt\u00e9ri \u00e9s fagy\u00e1ll\u00f3.","robots":{"index":"index","follow":"follow","max-snippet":"max-snippet:-1","max-image-preview":"max-image-preview:large","max-video-preview":"max-video-preview:-1"},"canonical":"https:\/\/tajkertesz.com\/en_US\/product\/fiume-kotal\/","og_locale":"en_US","og_type":"article","og_title":"Jov\u00e1n FIUME k\u0151t\u00e1l - T\u00e1jkert\u00e9sz","og_description":"A FIUME k\u0151t\u00e1l egy egyedi gy\u00e1rt\u00e1s\u00fa k\u00e9zm\u0171ves term\u00e9k. Magyar csal\u00e1di manufakt\u00fara term\u00e9ke! K\u00fclt\u00e9ri \u00e9s fagy\u00e1ll\u00f3.","og_url":"https:\/\/tajkertesz.com\/en_US\/product\/fiume-kotal\/","og_site_name":"T\u00e1jkert\u00e9sz","article_publisher":"https:\/\/www.facebook.com\/Tajkertesz\/","article_modified_time":"2024-04-26T09:57:12+00:00","og_image":[{"width":512,"height":644,"url":"https:\/\/tajkertesz.com\/wp-content\/uploads\/2021\/05\/fiume-kotal_c.jpg","type":"image\/jpeg"}],"twitter_card":"summary_large_image","twitter_misc":{"Est. reading time":"2 minutes"},"schema":{"@context":"https:\/\/schema.org","@graph":[{"@type":"WebPage","@id":"https:\/\/tajkertesz.com\/termek\/fiume-kotal\/","url":"https:\/\/tajkertesz.com\/termek\/fiume-kotal\/","name":"Jov\u00e1n FIUME k\u0151t\u00e1l - T\u00e1jkert\u00e9sz","isPartOf":{"@id":"https:\/\/tajkertesz.com\/#website"},"primaryImageOfPage":{"@id":"https:\/\/tajkertesz.com\/termek\/fiume-kotal\/#primaryimage"},"image":{"@id":"https:\/\/tajkertesz.com\/termek\/fiume-kotal\/#primaryimage"},"thumbnailUrl":"https:\/\/tajkertesz.com\/wp-content\/uploads\/2021\/05\/fiume-kotal_c.jpg","datePublished":"2021-05-20T10:53:24+00:00","dateModified":"2024-04-26T09:57:12+00:00","description":"A FIUME k\u0151t\u00e1l egy egyedi gy\u00e1rt\u00e1s\u00fa k\u00e9zm\u0171ves term\u00e9k. Magyar csal\u00e1di manufakt\u00fara term\u00e9ke! K\u00fclt\u00e9ri \u00e9s fagy\u00e1ll\u00f3.","breadcrumb":{"@id":"https:\/\/tajkertesz.com\/termek\/fiume-kotal\/#breadcrumb"},"inLanguage":"en-US","potentialAction":[{"@type":"ReadAction","target":["https:\/\/tajkertesz.com\/termek\/fiume-kotal\/"]}]},{"@type":"ImageObject","inLanguage":"en-US","@id":"https:\/\/tajkertesz.com\/termek\/fiume-kotal\/#primaryimage","url":"https:\/\/tajkertesz.com\/wp-content\/uploads\/2021\/05\/fiume-kotal_c.jpg","contentUrl":"https:\/\/tajkertesz.com\/wp-content\/uploads\/2021\/05\/fiume-kotal_c.jpg","width":512,"height":644},{"@type":"BreadcrumbList","@id":"https:\/\/tajkertesz.com\/termek\/fiume-kotal\/#breadcrumb","itemListElement":[{"@type":"ListItem","position":1,"name":"Home","item":"https:\/\/tajkertesz.com\/"},{"@type":"ListItem","position":2,"name":"Kezd\u0151lap","item":"https:\/\/tajkertesz.com\/"},{"@type":"ListItem","position":3,"name":"Jov\u00e1n FIUME k\u0151t\u00e1l"}]},{"@type":"WebSite","@id":"https:\/\/tajkertesz.com\/#website","url":"https:\/\/tajkertesz.com\/","name":"T\u00e1j-Kert\u00e9sz 84 Kft.","description":"Kert\u00e9szeti kis- \u00e9s nagykeresked\u00e9s, D\u00edszn\u00f6v\u00e9ny web\u00e1ruh\u00e1z orsz\u00e1gos h\u00e1zhozsz\u00e1ll\u00edt\u00e1ssal!","publisher":{"@id":"https:\/\/tajkertesz.com\/#organization"},"potentialAction":[{"@type":"SearchAction","target":{"@type":"EntryPoint","urlTemplate":"https:\/\/tajkertesz.com\/?s={search_term_string}"},"query-input":{"@type":"PropertyValueSpecification","valueRequired":true,"valueName":"search_term_string"}}],"inLanguage":"en-US"},{"@type":"Organization","@id":"https:\/\/tajkertesz.com\/#organization","name":"T\u00e1j-Kert\u00e9sz 84 Kft.","url":"https:\/\/tajkertesz.com\/","logo":{"@type":"ImageObject","inLanguage":"en-US","@id":"https:\/\/tajkertesz.com\/#\/schema\/logo\/image\/","url":"https:\/\/tajkertesz.com\/wp-content\/uploads\/2018\/02\/logo-2-e1518678052539.png","contentUrl":"https:\/\/tajkertesz.com\/wp-content\/uploads\/2018\/02\/logo-2-e1518678052539.png","width":81,"height":140,"caption":"T\u00e1j-Kert\u00e9sz 84 Kft."},"image":{"@id":"https:\/\/tajkertesz.com\/#\/schema\/logo\/image\/"},"sameAs":["https:\/\/www.facebook.com\/Tajkertesz\/"]}]}},"_links":{"self":[{"href":"https:\/\/tajkertesz.com\/en_US\/wp-json\/wp\/v2\/product\/5165","targetHints":{"allow":["GET"]}}],"collection":[{"href":"https:\/\/tajkertesz.com\/en_US\/wp-json\/wp\/v2\/product"}],"about":[{"href":"https:\/\/tajkertesz.com\/en_US\/wp-json\/wp\/v2\/types\/product"}],"wp:featuredmedia":[{"embeddable":true,"href":"https:\/\/tajkertesz.com\/en_US\/wp-json\/wp\/v2\/media\/5166"}],"wp:attachment":[{"href":"https:\/\/tajkertesz.com\/en_US\/wp-json\/wp\/v2\/media?parent=5165"}],"wp:term":[{"taxonomy":"product_brand","embeddable":true,"href":"https:\/\/tajkertesz.com\/en_US\/wp-json\/wp\/v2\/product_brand?post=5165"},{"taxonomy":"product_cat","embeddable":true,"href":"https:\/\/tajkertesz.com\/en_US\/wp-json\/wp\/v2\/product_cat?post=5165"},{"taxonomy":"product_tag","embeddable":true,"href":"https:\/\/tajkertesz.com\/en_US\/wp-json\/wp\/v2\/product_tag?post=5165"}],"curies":[{"name":"wp","href":"https:\/\/api.w.org\/{rel}","templated":true}]}}