{"id":5168,"date":"2021-05-20T11:36:05","date_gmt":"2021-05-20T11:36:05","guid":{"rendered":"https:\/\/tajkertesz.com\/?post_type=product&#038;p=5168"},"modified":"2026-03-06T08:55:10","modified_gmt":"2026-03-06T08:55:10","slug":"voros-kozepes-fenyokereg-1-4cm-60l","status":"publish","type":"product","link":"https:\/\/tajkertesz.com\/en_US\/product\/voros-kozepes-fenyokereg-1-4cm-60l\/","title":{"rendered":"V\u00f6r\u00f6s k\u00f6zepes feny\u0151k\u00e9reg (1-4cm ) 60l"},"content":{"rendered":"<h3>V\u00f6r\u00f6s k\u00f6zepes feny\u0151k\u00e9reg (1-4cm ) 60l<\/h3>\n<p>&nbsp;<\/p>\n<p>Azon k\u00edv\u00fcl hogy magas eszt\u00e9tikai l\u00e1tv\u00e1nyt ny\u00fajt, kiv\u00e1l\u00f3 min\u0151s\u00e9g\u0171, de rengeteg \u00f6nt\u00f6z\u0151vizet is megsp\u00f3rolhatunk vele illetve a gyomosod\u00e1st is g\u00e1tolja. Es\u0151ben megel\u0151zi a s\u00e1r felcsap\u00f3d\u00e1s\u00e1t a n\u00f6v\u00e9nyekre. Seg\u00edti a n\u00f6v\u00e9nyek fejl\u0151d\u00e9s\u00e9t \u00e9s kellemes az illata.<\/p>\n<p>Jelen term\u00e9k\u00fcnk : 60 L<\/p>\n<p>&nbsp;<\/p>\n<p><a href=\"https:\/\/tajkertesz.com\/\">https:\/\/tajkertesz.com\/<\/a><\/p>\n<p><a href=\"https:\/\/www.facebook.com\/tajkertesz\">https:\/\/www.facebook.com\/tajkertesz<\/a><\/p>\n<p>&nbsp;<\/p>\n<h3><span style=\"color: #ffffff;\">Sok anyagot haszn\u00e1lnak :<\/span><\/h3>\n<p><span style=\"color: #ffffff;\">talajtakar\u00f3k\u00e9nt, amelyek a <a style=\"color: #ffffff;\" title=\"Talajnedvess\u00e9g\" href=\"https:\/\/gaz.wiki\/wiki\/hu\/Soil_moisture\">talaj nedvess\u00e9g\u00e9nek<\/a>\u00a0megtart\u00e1s\u00e1ra\u00a0, a talaj h\u0151m\u00e9rs\u00e9klet\u00e9nek szab\u00e1lyoz\u00e1s\u00e1ra, a gyomn\u00f6veked\u00e9s elnyom\u00e1s\u00e1ra \u00e9s eszt\u00e9tikai\u00a0c\u00e9lokra\u00a0szolg\u00e1lnak.\u00a0<sup id=\"cite_ref-TurgeonMcCarty2009_2-0\" class=\"reference\"><a style=\"color: #ffffff;\" href=\"https:\/\/gaz.wiki\/wiki\/hu\/Mulch#cite_note-TurgeonMcCarty2009-2\">[2]<\/a><\/sup>\u00a0A talaj felsz\u00edn\u00e9re,\u00a0<sup id=\"cite_ref-UpadhyayaBlackshaw2007_3-0\" class=\"reference\"><a style=\"color: #ffffff;\" href=\"https:\/\/gaz.wiki\/wiki\/hu\/Mulch#cite_note-UpadhyayaBlackshaw2007-3\">[3]<\/a><\/sup>\u00a0a f\u00e1k, \u00f6sv\u00e9nyek, vir\u00e1g\u00e1gy\u00e1sok k\u00f6r\u00e9 alkalmazz\u00e1k, hogy megakad\u00e1lyozz\u00e1k\u00a0a lejt\u0151k\u00f6n a\u00a0<a style=\"color: #ffffff;\" title=\"Talajer\u00f3zi\u00f3\" href=\"https:\/\/gaz.wiki\/wiki\/hu\/Soil_erosion\">talajer\u00f3zi\u00f3t<\/a>\u00a0, valamint a vir\u00e1g- \u00e9s z\u00f6lds\u00e9gn\u00f6v\u00e9nyek term\u0151ter\u00fcletein. A talajtakar\u00f3 r\u00e9tegek \u00e1ltal\u00e1ban 5 h\u00fcvelyk (5 h\u00fcvelyk) vagy ann\u00e1l m\u00e9lyebbek, ha felhordj\u00e1k \u0151ket.\u00a0<sup id=\"cite_ref-4\" class=\"reference\"><a style=\"color: #ffffff;\" href=\"https:\/\/gaz.wiki\/wiki\/hu\/Mulch#cite_note-4\">[4]\u00a0<\/a><\/sup><sup id=\"cite_ref-Pittenger2002_5-0\" class=\"reference\"><a style=\"color: #ffffff;\" href=\"https:\/\/gaz.wiki\/wiki\/hu\/Mulch#cite_note-Pittenger2002-5\">[5]<\/a><\/sup><\/span><\/p>\n<h3><span style=\"color: #ffffff;\">A c\u00e9lt\u00f3l f\u00fcgg\u0151en:<\/span><\/h3>\n<p><span style=\"color: #ffffff;\"> az \u00e9v k\u00fcl\u00f6nb\u00f6z\u0151 id\u0151szakaiban alkalmazz\u00e1k \u0151ket. A <a style=\"color: #ffffff;\" title=\"N\u00f6veked\u00e9si \u00e9vszak\" href=\"https:\/\/gaz.wiki\/wiki\/hu\/Growing_season\">teny\u00e9szid\u0151<\/a>\u00a0kezdete fel\u00e9 a\u00a0talajtakar\u00f3k kezdetben a talaj felmeleged\u00e9s\u00e9t szolg\u00e1lj\u00e1k, seg\u00edtve az \u00e9jszakai h\u0151vesztes\u00e9get. Ez lehet\u0151v\u00e9 teszi bizonyos n\u00f6v\u00e9nyek korai vet\u00e9s\u00e9t \u00e9s \u00e1t\u00fcltet\u00e9s\u00e9t, \u00e9s \u00f6szt\u00f6nzi a gyorsabb n\u00f6veked\u00e9st. Az \u00e9vszak el\u0151rehaladt\u00e1val a talajtakar\u00f3 stabiliz\u00e1lja a\u00a0<a class=\"new\" style=\"color: #ffffff;\" title=\"Talajh\u0151m\u00e9rs\u00e9klet (az oldal nem l\u00e9tezik)\" href=\"https:\/\/hu.wikipedia.org\/w\/index.php?title=Soil_temperature&amp;action=edit&amp;redlink=1\" target=\"_blank\" rel=\"nofollow noopener\">talaj h\u0151m\u00e9rs\u00e9klet\u00e9t<\/a>\u00a0\u00e9s nedvess\u00e9g\u00e9t, \u00e9s megakad\u00e1lyozza a gyomok magvakb\u00f3l t\u00f6rt\u00e9n\u0151 n\u00f6veked\u00e9s\u00e9t.\u00a0<sup id=\"cite_ref-Louise1996_6-0\" class=\"reference\"><a style=\"color: #ffffff;\" href=\"https:\/\/gaz.wiki\/wiki\/hu\/Mulch#cite_note-Louise1996-6\">[6]<\/a><\/sup>\u00a0A\u00a0<a class=\"mw-redirect\" style=\"color: #ffffff;\" title=\"M\u00e9rs\u00e9kelt \u00e9ghajlat\" href=\"https:\/\/gaz.wiki\/wiki\/hu\/Temperate_climates\">m\u00e9rs\u00e9kelt \u00e9ghajlaton<\/a>\u00a0, a hat\u00e1s talajtakar\u00f3 f\u00fcgg az \u00e9vszakt\u00f3l alkalmazz\u00e1k \u0151ket, \u00e9s ha alkalmazz\u00e1k \u0151sszel \u00e9s t\u00e9len, arra haszn\u00e1lj\u00e1k, hogy k\u00e9sleltesse a n\u00f6veked\u00e9s \u00e9vel\u0151 n\u00f6v\u00e9nyek tavasszal vagy n\u00f6veked\u00e9s\u00e9nek megakad\u00e1lyoz\u00e1s\u00e1ra, t\u00e9len a meleg var\u00e1zslatok, amely korl\u00e1tozza a fagyos olvad\u00e1si k\u00e1rokat.\u00a0<sup id=\"cite_ref-Snyder2000_7-0\" class=\"reference\"><a style=\"color: #ffffff;\" href=\"https:\/\/gaz.wiki\/wiki\/hu\/Mulch#cite_note-Snyder2000-7\">[7]<\/a><\/sup><\/span><\/p>\n<p><span style=\"color: #ffffff;\">A talajtakar\u00f3 el\u0151nyeinek maximaliz\u00e1l\u00e1sa \u00e9s negat\u00edv hat\u00e1sainak minimaliz\u00e1l\u00e1sa mellett gyakran k\u00e9s\u0151 tavasszal \/ ny\u00e1r elej\u00e9n alkalmazz\u00e1k, amikor a talaj h\u0151m\u00e9rs\u00e9klete kell\u0151en megemelkedik, de a talaj nedvess\u00e9gtartalma m\u00e9g mindig viszonylag magas.\u00a0<sup id=\"cite_ref-Whitefield_10-0\" class=\"reference\"><a style=\"color: #ffffff;\" href=\"https:\/\/gaz.wiki\/wiki\/hu\/Mulch#cite_note-Whitefield-10\">[10]<\/a><\/sup>\u00a0Az \u00e1lland\u00f3 mulcsot azonban az egyszer\u0171s\u00e9ge miatt is sz\u00e9les k\u00f6rben haszn\u00e1lj\u00e1k \u00e9s \u00e9rt\u00e9kelik, amint azt\u00a0<a style=\"color: #ffffff;\" title=\"Ruth Stout\" href=\"https:\/\/gaz.wiki\/wiki\/hu\/Ruth_Stout\">Ruth Stout<\/a>\u00a0\u00edr\u00f3 n\u00e9pszer\u0171s\u00edtette:\u00a0\u201eAz az utam, hogy egyszer\u0171en megtartok minden n\u00f6v\u00e9nyi anyag vastag talajtakar\u00f3j\u00e1t, amely a z\u00f6lds\u00e9gem mindk\u00e9t oldal\u00e1n rothad. vir\u00e1goskert eg\u00e9sz \u00e9vben. Mivel lebomlik \u00e9s gazdag\u00edtja a talajokat, m\u00e9g t\u00f6bbet adok hozz\u00e1. &#8221;\u00a0<sup id=\"cite_ref-11\" class=\"reference\"><a style=\"color: #ffffff;\" href=\"https:\/\/gaz.wiki\/wiki\/hu\/Mulch#cite_note-11\">[11]<\/a><\/sup><\/span><\/p>\n<div id=\"mw-content-text\" class=\"mw-content-ltr\" dir=\"ltr\" lang=\"hu\">\n<div class=\"mw-parser-output\">\n<p><span style=\"color: #ffffff;\">A\u00a0<b>mulcsol\u00e1s<\/b>\u00a0kertm\u0171vel\u00e9si technika,\u00a0<a style=\"color: #ffffff;\" title=\"Talaj\" href=\"https:\/\/hu.wikipedia.org\/wiki\/Talaj\">talajtakar\u00e1st<\/a>\u00a0jelent, \u00e1ltal\u00e1ban valamilyen\u00a0<a style=\"color: #ffffff;\" title=\"Kert\" href=\"https:\/\/hu.wikipedia.org\/wiki\/Kert\">kerti<\/a>\u00a0vagy\u00a0<a style=\"color: #ffffff;\" title=\"Mez\u0151gazdas\u00e1g\" href=\"https:\/\/hu.wikipedia.org\/wiki\/Mez%C5%91gazdas%C3%A1g\">mez\u0151gazdas\u00e1gi<\/a>\u00a0hullad\u00e9kanyaggal, mint f\u0171nyesed\u00e9k, fak\u00e9reg,\u00a0<a style=\"color: #ffffff;\" title=\"Szalma\" href=\"https:\/\/hu.wikipedia.org\/wiki\/Szalma\">szalma<\/a>\u00a0vagy ist\u00e1ll\u00f3<a style=\"color: #ffffff;\" title=\"Tr\u00e1gya\" href=\"https:\/\/hu.wikipedia.org\/wiki\/Tr%C3%A1gya\">tr\u00e1gya<\/a>. A talajtakar\u00e1s a talaj bolygat\u00e1s\u00e1nak, rendszeres kap\u00e1l\u00e1s\u00e1nak, \u00e1s\u00e1s\u00e1nak vagy g\u00e9pi megm\u0171vel\u00e9s\u00e9nek talajbar\u00e1t alternat\u00edv\u00e1ja.<\/span><\/p>\n<p><span style=\"color: #ffffff;\">A mulcsnak sz\u00e1mos kedvez\u0151 hat\u00e1sa van a talajra \u00e9s a n\u00f6v\u00e9nyekre. A takar\u00e1s \u00f3vja a talajt a nagy\u00a0<a class=\"new\" style=\"color: #ffffff;\" title=\"Fagy (a lap nem l\u00e9tezik)\" href=\"https:\/\/hu.wikipedia.org\/w\/index.php?title=Fagy&amp;action=edit&amp;redlink=1\">fagyokt\u00f3l<\/a>\u00a0\u00e9s a kisz\u00e1rad\u00e1st\u00f3l, a takart kert l\u00e9nyegesen kevesebb\u00a0<a style=\"color: #ffffff;\" title=\"\u00d6nt\u00f6z\u00e9s\" href=\"https:\/\/hu.wikipedia.org\/wiki\/%C3%96nt%C3%B6z%C3%A9s\">\u00f6nt\u00f6z\u00e9st<\/a>\u00a0ig\u00e9nyel, nem jelentkezik benne a g\u00e9pek t\u00f6m\u00f6r\u00edt\u0151 hat\u00e1sa. A mulcs alatt intenz\u00edv a talaj\u00e9let, a talajlak\u00f3 \u00e9l\u0151l\u00e9nyek \u201efel\u00e1ss\u00e1k\u201d a talajt. A\u00a0<a class=\"mw-redirect\" style=\"color: #ffffff;\" title=\"\" href=\"https:\/\/hu.wikipedia.org\/wiki\/Gyom\">gyomosod\u00e1s<\/a>\u00a0t\u00f6red\u00e9k\u00e9re esik vissza (a mulcsolt kert a lusta ember kertje), a talaj a mulcs boml\u00e1s\u00e1nak eredm\u00e9nyek\u00e9ppen\u00a0<a style=\"color: #ffffff;\" title=\"Humusz\" href=\"https:\/\/hu.wikipedia.org\/wiki\/Humusz\">humuszban<\/a>\u00a0gazdagodik. Javul a szerkezete, \u00e9s helyre\u00e1ll benne a norm\u00e1lis talaj\u00e9let.<\/span><\/p>\n<\/div>\n<\/div>\n<p><b>K\u00e9szlet\u00fcnk napi szinten v\u00e1ltozik, ez\u00e9rt k\u00e9rj\u00fck, \u00e9rdekl\u0151dj\u00f6n szem\u00e9lyesen, telefonon vagy email-en.<br \/>\nA v\u00e1ltoztat\u00e1s jog\u00e1t fenntartjuk!\u00a0<\/b><\/p>\n<p>Sz\u00e1ll\u00edt\u00e1s fut\u00e1rszolg\u00e1lattal 200 cm-is, \u00e9s 40 kg-ig lehets\u00e9ges. E felett szem\u00e9lyes \u00e1tv\u00e9tellel vagy egyeztetett sz\u00e1ll\u00edt\u00e1si felt\u00e9tellel lehet.<\/p>\n","protected":false},"excerpt":{"rendered":"<h3>V\u00f6r\u00f6s k\u00f6zepes feny\u0151k\u00e9reg (1-4cm ) 60l<\/h3>\n<p>Azon k\u00edv\u00fcl hogy magas eszt\u00e9tikai l\u00e1tv\u00e1nyt ny\u00fajt, kiv\u00e1l\u00f3 min\u0151s\u00e9g\u0171, de rengeteg \u00f6nt\u00f6z\u0151vizet is megsp\u00f3rolhatunk vele illetve a gyomosod\u00e1st is g\u00e1tolja. Es\u0151ben megel\u0151zi a s\u00e1r felcsap\u00f3d\u00e1s\u00e1t a n\u00f6v\u00e9nyekre. Seg\u00edti a n\u00f6v\u00e9nyek fejl\u0151d\u00e9s\u00e9t \u00e9s kellemes az illata.<\/p>","protected":false},"featured_media":10283,"template":"","meta":{"_et_pb_use_builder":"","_et_pb_old_content":"","_et_gb_content_width":""},"product_brand":[],"product_cat":[4136],"product_tag":[1573,971],"class_list":{"0":"post-5168","1":"product","2":"type-product","3":"status-publish","4":"has-post-thumbnail","6":"product_cat-fenyokergek","7":"product_tag-fenyokereg","8":"product_tag-kerti","10":"first","11":"instock","12":"shipping-taxable","13":"purchasable","14":"product-type-simple"},"yoast_head":"<!-- This site is optimized with the Yoast SEO plugin v27.5 - https:\/\/yoast.com\/product\/yoast-seo-wordpress\/ -->\n<title>V\u00f6r\u00f6s k\u00f6zepes feny\u0151k\u00e9reg (1-4cm ) 60l - T\u00e1jkert\u00e9sz<\/title>\n<meta name=\"description\" content=\"V\u00f6r\u00f6s k\u00f6zepes feny\u0151k\u00e9reg (1-4cm ) 60l Azon k\u00edv\u00fcl hogy magas eszt\u00e9tikai l\u00e1tv\u00e1nyt ny\u00fajt, kiv\u00e1l\u00f3 min\u0151s\u00e9g\u0171, de rengeteg \u00f6nt\u00f6z\u0151vizet is\" \/>\n<meta name=\"robots\" content=\"index, follow, max-snippet:-1, max-image-preview:large, max-video-preview:-1\" \/>\n<link rel=\"canonical\" href=\"https:\/\/tajkertesz.com\/en_US\/product\/voros-kozepes-fenyokereg-1-4cm-60l\/\" \/>\n<meta property=\"og:locale\" content=\"en_US\" \/>\n<meta property=\"og:type\" content=\"article\" \/>\n<meta property=\"og:title\" content=\"V\u00f6r\u00f6s k\u00f6zepes feny\u0151k\u00e9reg (1-4cm ) 60l - T\u00e1jkert\u00e9sz\" \/>\n<meta property=\"og:description\" content=\"V\u00f6r\u00f6s k\u00f6zepes feny\u0151k\u00e9reg (1-4cm ) 60l Azon k\u00edv\u00fcl hogy magas eszt\u00e9tikai l\u00e1tv\u00e1nyt ny\u00fajt, kiv\u00e1l\u00f3 min\u0151s\u00e9g\u0171, de rengeteg \u00f6nt\u00f6z\u0151vizet is\" \/>\n<meta property=\"og:url\" content=\"https:\/\/tajkertesz.com\/en_US\/product\/voros-kozepes-fenyokereg-1-4cm-60l\/\" \/>\n<meta property=\"og:site_name\" content=\"T\u00e1jkert\u00e9sz\" \/>\n<meta property=\"article:publisher\" content=\"https:\/\/www.facebook.com\/Tajkertesz\/\" \/>\n<meta property=\"article:modified_time\" content=\"2026-03-06T08:55:10+00:00\" \/>\n<meta property=\"og:image\" content=\"https:\/\/tajkertesz.com\/wp-content\/uploads\/2021\/05\/IMG_20211011_102122-scaled.jpg\" \/>\n\t<meta property=\"og:image:width\" content=\"2560\" \/>\n\t<meta property=\"og:image:height\" content=\"2184\" \/>\n\t<meta property=\"og:image:type\" content=\"image\/jpeg\" \/>\n<meta name=\"twitter:card\" content=\"summary_large_image\" \/>\n<meta name=\"twitter:label1\" content=\"Est. reading time\" \/>\n\t<meta name=\"twitter:data1\" content=\"3 minutes\" \/>\n<script type=\"application\/ld+json\" class=\"yoast-schema-graph\">{\"@context\":\"https:\\\/\\\/schema.org\",\"@graph\":[{\"@type\":\"WebPage\",\"@id\":\"https:\\\/\\\/tajkertesz.com\\\/termek\\\/voros-kozepes-fenyokereg-1-4cm-60l\\\/\",\"url\":\"https:\\\/\\\/tajkertesz.com\\\/termek\\\/voros-kozepes-fenyokereg-1-4cm-60l\\\/\",\"name\":\"V\u00f6r\u00f6s k\u00f6zepes feny\u0151k\u00e9reg (1-4cm ) 60l - T\u00e1jkert\u00e9sz\",\"isPartOf\":{\"@id\":\"https:\\\/\\\/tajkertesz.com\\\/#website\"},\"primaryImageOfPage\":{\"@id\":\"https:\\\/\\\/tajkertesz.com\\\/termek\\\/voros-kozepes-fenyokereg-1-4cm-60l\\\/#primaryimage\"},\"image\":{\"@id\":\"https:\\\/\\\/tajkertesz.com\\\/termek\\\/voros-kozepes-fenyokereg-1-4cm-60l\\\/#primaryimage\"},\"thumbnailUrl\":\"https:\\\/\\\/tajkertesz.com\\\/wp-content\\\/uploads\\\/2021\\\/05\\\/IMG_20211011_102122-scaled.jpg\",\"datePublished\":\"2021-05-20T11:36:05+00:00\",\"dateModified\":\"2026-03-06T08:55:10+00:00\",\"description\":\"V\u00f6r\u00f6s k\u00f6zepes feny\u0151k\u00e9reg (1-4cm ) 60l Azon k\u00edv\u00fcl hogy magas eszt\u00e9tikai l\u00e1tv\u00e1nyt ny\u00fajt, kiv\u00e1l\u00f3 min\u0151s\u00e9g\u0171, de rengeteg \u00f6nt\u00f6z\u0151vizet is\",\"breadcrumb\":{\"@id\":\"https:\\\/\\\/tajkertesz.com\\\/termek\\\/voros-kozepes-fenyokereg-1-4cm-60l\\\/#breadcrumb\"},\"inLanguage\":\"en-US\",\"potentialAction\":[{\"@type\":\"ReadAction\",\"target\":[\"https:\\\/\\\/tajkertesz.com\\\/termek\\\/voros-kozepes-fenyokereg-1-4cm-60l\\\/\"]}]},{\"@type\":\"ImageObject\",\"inLanguage\":\"en-US\",\"@id\":\"https:\\\/\\\/tajkertesz.com\\\/termek\\\/voros-kozepes-fenyokereg-1-4cm-60l\\\/#primaryimage\",\"url\":\"https:\\\/\\\/tajkertesz.com\\\/wp-content\\\/uploads\\\/2021\\\/05\\\/IMG_20211011_102122-scaled.jpg\",\"contentUrl\":\"https:\\\/\\\/tajkertesz.com\\\/wp-content\\\/uploads\\\/2021\\\/05\\\/IMG_20211011_102122-scaled.jpg\",\"width\":2560,\"height\":2184,\"caption\":\"hdr\"},{\"@type\":\"BreadcrumbList\",\"@id\":\"https:\\\/\\\/tajkertesz.com\\\/termek\\\/voros-kozepes-fenyokereg-1-4cm-60l\\\/#breadcrumb\",\"itemListElement\":[{\"@type\":\"ListItem\",\"position\":1,\"name\":\"Home\",\"item\":\"https:\\\/\\\/tajkertesz.com\\\/\"},{\"@type\":\"ListItem\",\"position\":2,\"name\":\"Kezd\u0151lap\",\"item\":\"https:\\\/\\\/tajkertesz.com\\\/\"},{\"@type\":\"ListItem\",\"position\":3,\"name\":\"V\u00f6r\u00f6s k\u00f6zepes feny\u0151k\u00e9reg (1-4cm ) 60l\"}]},{\"@type\":\"WebSite\",\"@id\":\"https:\\\/\\\/tajkertesz.com\\\/#website\",\"url\":\"https:\\\/\\\/tajkertesz.com\\\/\",\"name\":\"T\u00e1j-Kert\u00e9sz 84 Kft.\",\"description\":\"Kert\u00e9szeti kis- \u00e9s nagykeresked\u00e9s, D\u00edszn\u00f6v\u00e9ny web\u00e1ruh\u00e1z orsz\u00e1gos h\u00e1zhozsz\u00e1ll\u00edt\u00e1ssal!\",\"publisher\":{\"@id\":\"https:\\\/\\\/tajkertesz.com\\\/#organization\"},\"potentialAction\":[{\"@type\":\"SearchAction\",\"target\":{\"@type\":\"EntryPoint\",\"urlTemplate\":\"https:\\\/\\\/tajkertesz.com\\\/?s={search_term_string}\"},\"query-input\":{\"@type\":\"PropertyValueSpecification\",\"valueRequired\":true,\"valueName\":\"search_term_string\"}}],\"inLanguage\":\"en-US\"},{\"@type\":\"Organization\",\"@id\":\"https:\\\/\\\/tajkertesz.com\\\/#organization\",\"name\":\"T\u00e1j-Kert\u00e9sz 84 Kft.\",\"url\":\"https:\\\/\\\/tajkertesz.com\\\/\",\"logo\":{\"@type\":\"ImageObject\",\"inLanguage\":\"en-US\",\"@id\":\"https:\\\/\\\/tajkertesz.com\\\/#\\\/schema\\\/logo\\\/image\\\/\",\"url\":\"https:\\\/\\\/tajkertesz.com\\\/wp-content\\\/uploads\\\/2018\\\/02\\\/logo-2-e1518678052539.png\",\"contentUrl\":\"https:\\\/\\\/tajkertesz.com\\\/wp-content\\\/uploads\\\/2018\\\/02\\\/logo-2-e1518678052539.png\",\"width\":81,\"height\":140,\"caption\":\"T\u00e1j-Kert\u00e9sz 84 Kft.\"},\"image\":{\"@id\":\"https:\\\/\\\/tajkertesz.com\\\/#\\\/schema\\\/logo\\\/image\\\/\"},\"sameAs\":[\"https:\\\/\\\/www.facebook.com\\\/Tajkertesz\\\/\"]}]}<\/script>\n<!-- \/ Yoast SEO plugin. -->","yoast_head_json":{"title":"V\u00f6r\u00f6s k\u00f6zepes feny\u0151k\u00e9reg (1-4cm ) 60l - T\u00e1jkert\u00e9sz","description":"V\u00f6r\u00f6s k\u00f6zepes feny\u0151k\u00e9reg (1-4cm ) 60l Azon k\u00edv\u00fcl hogy magas eszt\u00e9tikai l\u00e1tv\u00e1nyt ny\u00fajt, kiv\u00e1l\u00f3 min\u0151s\u00e9g\u0171, de rengeteg \u00f6nt\u00f6z\u0151vizet is","robots":{"index":"index","follow":"follow","max-snippet":"max-snippet:-1","max-image-preview":"max-image-preview:large","max-video-preview":"max-video-preview:-1"},"canonical":"https:\/\/tajkertesz.com\/en_US\/product\/voros-kozepes-fenyokereg-1-4cm-60l\/","og_locale":"en_US","og_type":"article","og_title":"V\u00f6r\u00f6s k\u00f6zepes feny\u0151k\u00e9reg (1-4cm ) 60l - T\u00e1jkert\u00e9sz","og_description":"V\u00f6r\u00f6s k\u00f6zepes feny\u0151k\u00e9reg (1-4cm ) 60l Azon k\u00edv\u00fcl hogy magas eszt\u00e9tikai l\u00e1tv\u00e1nyt ny\u00fajt, kiv\u00e1l\u00f3 min\u0151s\u00e9g\u0171, de rengeteg \u00f6nt\u00f6z\u0151vizet is","og_url":"https:\/\/tajkertesz.com\/en_US\/product\/voros-kozepes-fenyokereg-1-4cm-60l\/","og_site_name":"T\u00e1jkert\u00e9sz","article_publisher":"https:\/\/www.facebook.com\/Tajkertesz\/","article_modified_time":"2026-03-06T08:55:10+00:00","og_image":[{"width":2560,"height":2184,"url":"https:\/\/tajkertesz.com\/wp-content\/uploads\/2021\/05\/IMG_20211011_102122-scaled.jpg","type":"image\/jpeg"}],"twitter_card":"summary_large_image","twitter_misc":{"Est. reading time":"3 minutes"},"schema":{"@context":"https:\/\/schema.org","@graph":[{"@type":"WebPage","@id":"https:\/\/tajkertesz.com\/termek\/voros-kozepes-fenyokereg-1-4cm-60l\/","url":"https:\/\/tajkertesz.com\/termek\/voros-kozepes-fenyokereg-1-4cm-60l\/","name":"V\u00f6r\u00f6s k\u00f6zepes feny\u0151k\u00e9reg (1-4cm ) 60l - T\u00e1jkert\u00e9sz","isPartOf":{"@id":"https:\/\/tajkertesz.com\/#website"},"primaryImageOfPage":{"@id":"https:\/\/tajkertesz.com\/termek\/voros-kozepes-fenyokereg-1-4cm-60l\/#primaryimage"},"image":{"@id":"https:\/\/tajkertesz.com\/termek\/voros-kozepes-fenyokereg-1-4cm-60l\/#primaryimage"},"thumbnailUrl":"https:\/\/tajkertesz.com\/wp-content\/uploads\/2021\/05\/IMG_20211011_102122-scaled.jpg","datePublished":"2021-05-20T11:36:05+00:00","dateModified":"2026-03-06T08:55:10+00:00","description":"V\u00f6r\u00f6s k\u00f6zepes feny\u0151k\u00e9reg (1-4cm ) 60l Azon k\u00edv\u00fcl hogy magas eszt\u00e9tikai l\u00e1tv\u00e1nyt ny\u00fajt, kiv\u00e1l\u00f3 min\u0151s\u00e9g\u0171, de rengeteg \u00f6nt\u00f6z\u0151vizet is","breadcrumb":{"@id":"https:\/\/tajkertesz.com\/termek\/voros-kozepes-fenyokereg-1-4cm-60l\/#breadcrumb"},"inLanguage":"en-US","potentialAction":[{"@type":"ReadAction","target":["https:\/\/tajkertesz.com\/termek\/voros-kozepes-fenyokereg-1-4cm-60l\/"]}]},{"@type":"ImageObject","inLanguage":"en-US","@id":"https:\/\/tajkertesz.com\/termek\/voros-kozepes-fenyokereg-1-4cm-60l\/#primaryimage","url":"https:\/\/tajkertesz.com\/wp-content\/uploads\/2021\/05\/IMG_20211011_102122-scaled.jpg","contentUrl":"https:\/\/tajkertesz.com\/wp-content\/uploads\/2021\/05\/IMG_20211011_102122-scaled.jpg","width":2560,"height":2184,"caption":"hdr"},{"@type":"BreadcrumbList","@id":"https:\/\/tajkertesz.com\/termek\/voros-kozepes-fenyokereg-1-4cm-60l\/#breadcrumb","itemListElement":[{"@type":"ListItem","position":1,"name":"Home","item":"https:\/\/tajkertesz.com\/"},{"@type":"ListItem","position":2,"name":"Kezd\u0151lap","item":"https:\/\/tajkertesz.com\/"},{"@type":"ListItem","position":3,"name":"V\u00f6r\u00f6s k\u00f6zepes feny\u0151k\u00e9reg (1-4cm ) 60l"}]},{"@type":"WebSite","@id":"https:\/\/tajkertesz.com\/#website","url":"https:\/\/tajkertesz.com\/","name":"T\u00e1j-Kert\u00e9sz 84 Kft.","description":"Kert\u00e9szeti kis- \u00e9s nagykeresked\u00e9s, D\u00edszn\u00f6v\u00e9ny web\u00e1ruh\u00e1z orsz\u00e1gos h\u00e1zhozsz\u00e1ll\u00edt\u00e1ssal!","publisher":{"@id":"https:\/\/tajkertesz.com\/#organization"},"potentialAction":[{"@type":"SearchAction","target":{"@type":"EntryPoint","urlTemplate":"https:\/\/tajkertesz.com\/?s={search_term_string}"},"query-input":{"@type":"PropertyValueSpecification","valueRequired":true,"valueName":"search_term_string"}}],"inLanguage":"en-US"},{"@type":"Organization","@id":"https:\/\/tajkertesz.com\/#organization","name":"T\u00e1j-Kert\u00e9sz 84 Kft.","url":"https:\/\/tajkertesz.com\/","logo":{"@type":"ImageObject","inLanguage":"en-US","@id":"https:\/\/tajkertesz.com\/#\/schema\/logo\/image\/","url":"https:\/\/tajkertesz.com\/wp-content\/uploads\/2018\/02\/logo-2-e1518678052539.png","contentUrl":"https:\/\/tajkertesz.com\/wp-content\/uploads\/2018\/02\/logo-2-e1518678052539.png","width":81,"height":140,"caption":"T\u00e1j-Kert\u00e9sz 84 Kft."},"image":{"@id":"https:\/\/tajkertesz.com\/#\/schema\/logo\/image\/"},"sameAs":["https:\/\/www.facebook.com\/Tajkertesz\/"]}]}},"_links":{"self":[{"href":"https:\/\/tajkertesz.com\/en_US\/wp-json\/wp\/v2\/product\/5168","targetHints":{"allow":["GET"]}}],"collection":[{"href":"https:\/\/tajkertesz.com\/en_US\/wp-json\/wp\/v2\/product"}],"about":[{"href":"https:\/\/tajkertesz.com\/en_US\/wp-json\/wp\/v2\/types\/product"}],"wp:featuredmedia":[{"embeddable":true,"href":"https:\/\/tajkertesz.com\/en_US\/wp-json\/wp\/v2\/media\/10283"}],"wp:attachment":[{"href":"https:\/\/tajkertesz.com\/en_US\/wp-json\/wp\/v2\/media?parent=5168"}],"wp:term":[{"taxonomy":"product_brand","embeddable":true,"href":"https:\/\/tajkertesz.com\/en_US\/wp-json\/wp\/v2\/product_brand?post=5168"},{"taxonomy":"product_cat","embeddable":true,"href":"https:\/\/tajkertesz.com\/en_US\/wp-json\/wp\/v2\/product_cat?post=5168"},{"taxonomy":"product_tag","embeddable":true,"href":"https:\/\/tajkertesz.com\/en_US\/wp-json\/wp\/v2\/product_tag?post=5168"}],"curies":[{"name":"wp","href":"https:\/\/api.w.org\/{rel}","templated":true}]}}