{"id":5193,"date":"2021-05-20T12:36:14","date_gmt":"2021-05-20T12:36:14","guid":{"rendered":"https:\/\/tajkertesz.com\/?post_type=product&#038;p=5193"},"modified":"2026-02-17T14:11:35","modified_gmt":"2026-02-17T14:11:35","slug":"talajtakaro-feher-geotextilia-2-m-szeles-folyometerre-vasarolhato","status":"publish","type":"product","link":"https:\/\/tajkertesz.com\/en_US\/product\/talajtakaro-feher-geotextilia-2-m-szeles-folyometerre-vasarolhato\/","title":{"rendered":"Talajtakar\u00f3 feh\u00e9r 100g\/m2-es geotext\u00edlia"},"content":{"rendered":"<h1>Talajtakar\u00f3 feh\u00e9r 100g\/m2-es geotext\u00edlia<\/h1>\n<p>Talajtakar\u00f3 feh\u00e9r 100g\/m2-es geotext\u00edlia<\/p>\n<h5 class=\"page-head-title product-page-head-title position-relative\">100g\/m2-es geotext\u00edlia 2 m sz\u00e9les foly\u00f3m\u00e9terre v\u00e1s\u00e1rolhat\u00f3.<\/h5>\n<p>Sz\u00edne: feh\u00e9r<\/p>\n<p class=\"page-head-title product-page-head-title position-relative\">Talajtakar\u00f3 feh\u00e9r 100g\/m2-es geotext\u00edlia<\/p>\n<h4 class=\"page-head-title product-page-head-title position-relative\">Term\u00e9szetesen a gyomok ellen!<\/h4>\n<p>A geotextil egy rendk\u00edv\u00fcl sokoldal\u00fa anyag, amelyet sz\u00e1mos kert\u00e9szeti \u00e9s \u00e9p\u00edt\u00e9szeti c\u00e9lra haszn\u00e1lnak.<\/p>\n<h4>\u00cdme n\u00e9h\u00e1ny f\u0151 felhaszn\u00e1l\u00e1si ter\u00fclete:<\/h4>\n<p>Gyomelnyom\u00e1s: A geotextil seg\u00edt megakad\u00e1lyozni a gyomok n\u00f6veked\u00e9s\u00e9t, \u00edgy kevesebb id\u0151t kell gyoml\u00e1l\u00e1ssal t\u00f6lteni.<br \/>\nTalajstabiliz\u00e1l\u00e1s: K\u00fcl\u00f6nb\u00f6z\u0151 talajr\u00e9tegek elv\u00e1laszt\u00e1s\u00e1ra \u00e9s stabiliz\u00e1l\u00e1s\u00e1ra haszn\u00e1lj\u00e1k, p\u00e9ld\u00e1ul \u00fat\u00e9p\u00edt\u00e9sekn\u00e9l vagy kerti \u00f6sv\u00e9nyekn\u00e9l.<br \/>\nV\u00edzelvezet\u00e9s: Kiv\u00e1l\u00f3an alkalmas v\u00edzelvezet\u0151 rendszerek kialak\u00edt\u00e1s\u00e1ra, mivel \u00e1tengedi a vizet, de visszatartja a talajszemcs\u00e9ket.<br \/>\nH\u0151szigetel\u00e9s: V\u00e9di a n\u00f6v\u00e9nyeket a fagyt\u00f3l t\u00e9len \u00e9s a kisz\u00e1rad\u00e1st\u00f3l ny\u00e1ron.<br \/>\nEszt\u00e9tikai c\u00e9lok: Mulcsol\u00e1ssal kombin\u00e1lva sz\u00e9p \u00e9s rendezett \u00e1gy\u00e1sokat lehet kialak\u00edtani.<br \/>\nA geotextil teh\u00e1t egy igaz\u00e1n praktikus \u00e9s sokoldal\u00fa anyag, amely megk\u00f6nny\u00edti a kert\u00e9szked\u00e9st \u00e9s hozz\u00e1j\u00e1rul a kert sz\u00e9ps\u00e9g\u00e9hez \u00e9s eg\u00e9szs\u00e9g\u00e9hez.<\/p>\n<p>Teh\u00e1t a geotextil vagy geotext\u00edlia egy olyan speci\u00e1lis, filcszer\u0171 anyag, ami szerkezet\u00e9nek \u00e9s alapanyag\u00e1nak k\u00f6sz\u00f6nhet\u0151en t\u00f6k\u00e9letesen alkalmas a\u00a0<strong>talaj stabiliz\u00e1l\u00e1s\u00e1ra, v\u00edzelvezet\u00e9sre, gyomelnyom\u00e1sra, h\u0151szigetel\u00e9sre, sz\u0171r\u00e9sre, kert\u00e9p\u00edt\u00e9sre vagy a kerti t\u00f3 \u201ekib\u00e9lel\u00e9s\u00e9re\u201d<\/strong>.<\/p>\n<p class=\"page-head-title product-page-head-title position-relative\">Tulajdons\u00e1gainak k\u00f6sz\u00f6nhet\u0151en sz\u00e9les k\u00f6rben haszn\u00e1lj\u00e1k a kert\u00e9szeti, faiskolai \u00e9s mulcsoz\u00f3 mez\u0151gazdas\u00e1gban.<\/p>\n<p class=\"page-head-title product-page-head-title position-relative\">El\u0151ny\u00f6k \u00e9s tulajdons\u00e1gok:<br \/>\n\u2013 megakad\u00e1lyozza a gyomok elszaporod\u00e1s\u00e1t<br \/>\n\u2013 fenntartja a megfelel\u0151 talajnedvess\u00e9get \u00e9s meleget<br \/>\n\u2013 a n\u00f6v\u00e9nyek sz\u00e1m\u00e1ra kedvez\u0151 k\u00f6r\u00fclm\u00e9nyek jav\u00edtj\u00e1k a n\u00f6v\u00e9nyek min\u0151s\u00e9g\u00e9t<\/p>\n<div id=\"bodyContent\" class=\"mw-body-content\">\n<div id=\"mw-content-text\" class=\"mw-content-ltr\" dir=\"ltr\" lang=\"hu\">\n<div id=\"bodyContent\" class=\"mw-body-content\">\n<div id=\"mw-content-text\" class=\"mw-content-ltr\" dir=\"ltr\" lang=\"hu\">\n<p>Kisz\u00e1ll\u00edt\u00e1s: 200 cm \u00e9s 40 kg is a sz\u00e1ll\u00edt\u00e1s fut\u00e1rszolg\u00e1lattal t\u00f6rt\u00e9nik.<\/p>\n<\/div>\n<\/div>\n<\/div>\n<\/div>\n<p><b>K\u00e9szlet\u00fcnk napi szinten v\u00e1ltozik, ez\u00e9rt k\u00e9rj\u00fck, \u00e9rdekl\u0151dj\u00f6n szem\u00e9lyesen, telefonon vagy email-en.<br \/>\nA v\u00e1ltoztat\u00e1s jog\u00e1t fenntartjuk!\u00a0<\/b><\/p>\n<p><a href=\"https:\/\/tajkertesz.com\/\">https:\/\/tajkertesz.com\/<\/a><\/p>\n<p><a href=\"https:\/\/www.facebook.com\/tajkertesz\">https:\/\/www.facebook.com\/tajkertesz<\/a><\/p>","protected":false},"excerpt":{"rendered":"<p class=\"page-head-title product-page-head-title position-relative\">Talajtakar\u00f3 feh\u00e9r sz\u00edn\u0171 geotext\u00edlia 2 m sz\u00e9les foly\u00f3m\u00e9terre v\u00e1s\u00e1rolhat\u00f3<\/p>\n<p class=\"page-head-title product-page-head-title position-relative\">Tulajdons\u00e1gainak k\u00f6sz\u00f6nhet\u0151en sz\u00e9les k\u00f6rben haszn\u00e1lj\u00e1k a kert\u00e9szeti, faiskolai \u00e9s mulcsoz\u00f3 mez\u0151gazdas\u00e1gban.<\/p>\n<p><em><strong>A felt\u00fcntetett \u00e1r 1 foly\u00f3m\u00e9terre vonatkozik vagyis 2nm-re, ez a legkisebb v\u00e1s\u00e1rolhat\u00f3 mennyis\u00e9g!<\/strong><\/em><\/p>\n<p>El\u0151ny\u00f6k \u00e9s tulajdons\u00e1gok:<br \/>\n\u2013 megakad\u00e1lyozza a gyomok elszaporod\u00e1s\u00e1t<br \/>\n\u2013 fenntartja a megfelel\u0151 talajnedvess\u00e9get \u00e9s meleget<br \/>\n\u2013 a n\u00f6v\u00e9nyek sz\u00e1m\u00e1ra kedvez\u0151 k\u00f6r\u00fclm\u00e9nyek jav\u00edtj\u00e1k a n\u00f6v\u00e9nyek min\u0151s\u00e9g\u00e9t<\/p>","protected":false},"featured_media":5191,"template":"","meta":{"_et_pb_use_builder":"","_et_pb_old_content":"","_et_gb_content_width":""},"product_brand":[],"product_cat":[1574],"product_tag":[3846,3847,1575],"class_list":{"0":"post-5193","1":"product","2":"type-product","3":"status-publish","4":"has-post-thumbnail","6":"product_cat-foliak-geotextiliak-vakondhalok-talajtakaro-anyagok","7":"product_tag-feher-geo","8":"product_tag-geotextil","9":"product_tag-geotextilia","11":"first","12":"instock","13":"shipping-taxable","14":"purchasable","15":"product-type-simple"},"yoast_head":"<!-- This site is optimized with the Yoast SEO plugin v27.4 - https:\/\/yoast.com\/product\/yoast-seo-wordpress\/ -->\n<title>Talajtakar\u00f3 feh\u00e9r 100g\/m2-es geotext\u00edlia - T\u00e1jkert\u00e9sz<\/title>\n<meta name=\"description\" content=\"Talajtakar\u00f3 feh\u00e9r geotext\u00edlia 2 m sz\u00e9les foly\u00f3m\u00e9terre v\u00e1s\u00e1rolhat\u00f3 Tulajdons\u00e1gainak k\u00f6sz\u00f6nhet\u0151en sz\u00e9les k\u00f6rben haszn\u00e1lj\u00e1k a kert\u00e9szeti,\" \/>\n<meta name=\"robots\" content=\"index, follow, max-snippet:-1, max-image-preview:large, max-video-preview:-1\" \/>\n<link rel=\"canonical\" href=\"https:\/\/tajkertesz.com\/en_US\/product\/talajtakaro-feher-geotextilia-2-m-szeles-folyometerre-vasarolhato\/\" \/>\n<meta property=\"og:locale\" content=\"en_US\" \/>\n<meta property=\"og:type\" content=\"article\" \/>\n<meta property=\"og:title\" content=\"Talajtakar\u00f3 feh\u00e9r 100g\/m2-es geotext\u00edlia - T\u00e1jkert\u00e9sz\" \/>\n<meta property=\"og:description\" content=\"Talajtakar\u00f3 feh\u00e9r geotext\u00edlia 2 m sz\u00e9les foly\u00f3m\u00e9terre v\u00e1s\u00e1rolhat\u00f3 Tulajdons\u00e1gainak k\u00f6sz\u00f6nhet\u0151en sz\u00e9les k\u00f6rben haszn\u00e1lj\u00e1k a kert\u00e9szeti,\" \/>\n<meta property=\"og:url\" content=\"https:\/\/tajkertesz.com\/en_US\/product\/talajtakaro-feher-geotextilia-2-m-szeles-folyometerre-vasarolhato\/\" \/>\n<meta property=\"og:site_name\" content=\"T\u00e1jkert\u00e9sz\" \/>\n<meta property=\"article:publisher\" content=\"https:\/\/www.facebook.com\/Tajkertesz\/\" \/>\n<meta property=\"article:modified_time\" content=\"2026-02-17T14:11:35+00:00\" \/>\n<meta property=\"og:image\" content=\"https:\/\/tajkertesz.com\/wp-content\/uploads\/2021\/05\/IMG_20210519_080014-scaled.jpg\" \/>\n\t<meta property=\"og:image:width\" content=\"2560\" \/>\n\t<meta property=\"og:image:height\" content=\"1667\" \/>\n\t<meta property=\"og:image:type\" content=\"image\/jpeg\" \/>\n<meta name=\"twitter:card\" content=\"summary_large_image\" \/>\n<meta name=\"twitter:label1\" content=\"Est. reading time\" \/>\n\t<meta name=\"twitter:data1\" content=\"2 minutes\" \/>\n<script type=\"application\/ld+json\" class=\"yoast-schema-graph\">{\"@context\":\"https:\\\/\\\/schema.org\",\"@graph\":[{\"@type\":\"WebPage\",\"@id\":\"https:\\\/\\\/tajkertesz.com\\\/termek\\\/talajtakaro-feher-geotextilia-2-m-szeles-folyometerre-vasarolhato\\\/\",\"url\":\"https:\\\/\\\/tajkertesz.com\\\/termek\\\/talajtakaro-feher-geotextilia-2-m-szeles-folyometerre-vasarolhato\\\/\",\"name\":\"Talajtakar\u00f3 feh\u00e9r 100g\\\/m2-es geotext\u00edlia - T\u00e1jkert\u00e9sz\",\"isPartOf\":{\"@id\":\"https:\\\/\\\/tajkertesz.com\\\/#website\"},\"primaryImageOfPage\":{\"@id\":\"https:\\\/\\\/tajkertesz.com\\\/termek\\\/talajtakaro-feher-geotextilia-2-m-szeles-folyometerre-vasarolhato\\\/#primaryimage\"},\"image\":{\"@id\":\"https:\\\/\\\/tajkertesz.com\\\/termek\\\/talajtakaro-feher-geotextilia-2-m-szeles-folyometerre-vasarolhato\\\/#primaryimage\"},\"thumbnailUrl\":\"https:\\\/\\\/tajkertesz.com\\\/wp-content\\\/uploads\\\/2021\\\/05\\\/IMG_20210519_080014-scaled.jpg\",\"datePublished\":\"2021-05-20T12:36:14+00:00\",\"dateModified\":\"2026-02-17T14:11:35+00:00\",\"description\":\"Talajtakar\u00f3 feh\u00e9r geotext\u00edlia 2 m sz\u00e9les foly\u00f3m\u00e9terre v\u00e1s\u00e1rolhat\u00f3 Tulajdons\u00e1gainak k\u00f6sz\u00f6nhet\u0151en sz\u00e9les k\u00f6rben haszn\u00e1lj\u00e1k a kert\u00e9szeti,\",\"breadcrumb\":{\"@id\":\"https:\\\/\\\/tajkertesz.com\\\/termek\\\/talajtakaro-feher-geotextilia-2-m-szeles-folyometerre-vasarolhato\\\/#breadcrumb\"},\"inLanguage\":\"en-US\",\"potentialAction\":[{\"@type\":\"ReadAction\",\"target\":[\"https:\\\/\\\/tajkertesz.com\\\/termek\\\/talajtakaro-feher-geotextilia-2-m-szeles-folyometerre-vasarolhato\\\/\"]}]},{\"@type\":\"ImageObject\",\"inLanguage\":\"en-US\",\"@id\":\"https:\\\/\\\/tajkertesz.com\\\/termek\\\/talajtakaro-feher-geotextilia-2-m-szeles-folyometerre-vasarolhato\\\/#primaryimage\",\"url\":\"https:\\\/\\\/tajkertesz.com\\\/wp-content\\\/uploads\\\/2021\\\/05\\\/IMG_20210519_080014-scaled.jpg\",\"contentUrl\":\"https:\\\/\\\/tajkertesz.com\\\/wp-content\\\/uploads\\\/2021\\\/05\\\/IMG_20210519_080014-scaled.jpg\",\"width\":2560,\"height\":1667,\"caption\":\"Talajtakar\u00f3 feh\u00e9r 100g\\\/m2-es geotext\u00edlia\"},{\"@type\":\"BreadcrumbList\",\"@id\":\"https:\\\/\\\/tajkertesz.com\\\/termek\\\/talajtakaro-feher-geotextilia-2-m-szeles-folyometerre-vasarolhato\\\/#breadcrumb\",\"itemListElement\":[{\"@type\":\"ListItem\",\"position\":1,\"name\":\"Home\",\"item\":\"https:\\\/\\\/tajkertesz.com\\\/\"},{\"@type\":\"ListItem\",\"position\":2,\"name\":\"Kezd\u0151lap\",\"item\":\"https:\\\/\\\/tajkertesz.com\\\/\"},{\"@type\":\"ListItem\",\"position\":3,\"name\":\"Talajtakar\u00f3 feh\u00e9r 100g\\\/m2-es geotext\u00edlia\"}]},{\"@type\":\"WebSite\",\"@id\":\"https:\\\/\\\/tajkertesz.com\\\/#website\",\"url\":\"https:\\\/\\\/tajkertesz.com\\\/\",\"name\":\"T\u00e1j-Kert\u00e9sz 84 Kft.\",\"description\":\"Kert\u00e9szeti kis- \u00e9s nagykeresked\u00e9s, D\u00edszn\u00f6v\u00e9ny web\u00e1ruh\u00e1z orsz\u00e1gos h\u00e1zhozsz\u00e1ll\u00edt\u00e1ssal!\",\"publisher\":{\"@id\":\"https:\\\/\\\/tajkertesz.com\\\/#organization\"},\"potentialAction\":[{\"@type\":\"SearchAction\",\"target\":{\"@type\":\"EntryPoint\",\"urlTemplate\":\"https:\\\/\\\/tajkertesz.com\\\/?s={search_term_string}\"},\"query-input\":{\"@type\":\"PropertyValueSpecification\",\"valueRequired\":true,\"valueName\":\"search_term_string\"}}],\"inLanguage\":\"en-US\"},{\"@type\":\"Organization\",\"@id\":\"https:\\\/\\\/tajkertesz.com\\\/#organization\",\"name\":\"T\u00e1j-Kert\u00e9sz 84 Kft.\",\"url\":\"https:\\\/\\\/tajkertesz.com\\\/\",\"logo\":{\"@type\":\"ImageObject\",\"inLanguage\":\"en-US\",\"@id\":\"https:\\\/\\\/tajkertesz.com\\\/#\\\/schema\\\/logo\\\/image\\\/\",\"url\":\"https:\\\/\\\/tajkertesz.com\\\/wp-content\\\/uploads\\\/2018\\\/02\\\/logo-2-e1518678052539.png\",\"contentUrl\":\"https:\\\/\\\/tajkertesz.com\\\/wp-content\\\/uploads\\\/2018\\\/02\\\/logo-2-e1518678052539.png\",\"width\":81,\"height\":140,\"caption\":\"T\u00e1j-Kert\u00e9sz 84 Kft.\"},\"image\":{\"@id\":\"https:\\\/\\\/tajkertesz.com\\\/#\\\/schema\\\/logo\\\/image\\\/\"},\"sameAs\":[\"https:\\\/\\\/www.facebook.com\\\/Tajkertesz\\\/\"]}]}<\/script>\n<!-- \/ Yoast SEO plugin. -->","yoast_head_json":{"title":"Talajtakar\u00f3 feh\u00e9r 100g\/m2-es geotext\u00edlia - T\u00e1jkert\u00e9sz","description":"Talajtakar\u00f3 feh\u00e9r geotext\u00edlia 2 m sz\u00e9les foly\u00f3m\u00e9terre v\u00e1s\u00e1rolhat\u00f3 Tulajdons\u00e1gainak k\u00f6sz\u00f6nhet\u0151en sz\u00e9les k\u00f6rben haszn\u00e1lj\u00e1k a kert\u00e9szeti,","robots":{"index":"index","follow":"follow","max-snippet":"max-snippet:-1","max-image-preview":"max-image-preview:large","max-video-preview":"max-video-preview:-1"},"canonical":"https:\/\/tajkertesz.com\/en_US\/product\/talajtakaro-feher-geotextilia-2-m-szeles-folyometerre-vasarolhato\/","og_locale":"en_US","og_type":"article","og_title":"Talajtakar\u00f3 feh\u00e9r 100g\/m2-es geotext\u00edlia - T\u00e1jkert\u00e9sz","og_description":"Talajtakar\u00f3 feh\u00e9r geotext\u00edlia 2 m sz\u00e9les foly\u00f3m\u00e9terre v\u00e1s\u00e1rolhat\u00f3 Tulajdons\u00e1gainak k\u00f6sz\u00f6nhet\u0151en sz\u00e9les k\u00f6rben haszn\u00e1lj\u00e1k a kert\u00e9szeti,","og_url":"https:\/\/tajkertesz.com\/en_US\/product\/talajtakaro-feher-geotextilia-2-m-szeles-folyometerre-vasarolhato\/","og_site_name":"T\u00e1jkert\u00e9sz","article_publisher":"https:\/\/www.facebook.com\/Tajkertesz\/","article_modified_time":"2026-02-17T14:11:35+00:00","og_image":[{"width":2560,"height":1667,"url":"https:\/\/tajkertesz.com\/wp-content\/uploads\/2021\/05\/IMG_20210519_080014-scaled.jpg","type":"image\/jpeg"}],"twitter_card":"summary_large_image","twitter_misc":{"Est. reading time":"2 minutes"},"schema":{"@context":"https:\/\/schema.org","@graph":[{"@type":"WebPage","@id":"https:\/\/tajkertesz.com\/termek\/talajtakaro-feher-geotextilia-2-m-szeles-folyometerre-vasarolhato\/","url":"https:\/\/tajkertesz.com\/termek\/talajtakaro-feher-geotextilia-2-m-szeles-folyometerre-vasarolhato\/","name":"Talajtakar\u00f3 feh\u00e9r 100g\/m2-es geotext\u00edlia - T\u00e1jkert\u00e9sz","isPartOf":{"@id":"https:\/\/tajkertesz.com\/#website"},"primaryImageOfPage":{"@id":"https:\/\/tajkertesz.com\/termek\/talajtakaro-feher-geotextilia-2-m-szeles-folyometerre-vasarolhato\/#primaryimage"},"image":{"@id":"https:\/\/tajkertesz.com\/termek\/talajtakaro-feher-geotextilia-2-m-szeles-folyometerre-vasarolhato\/#primaryimage"},"thumbnailUrl":"https:\/\/tajkertesz.com\/wp-content\/uploads\/2021\/05\/IMG_20210519_080014-scaled.jpg","datePublished":"2021-05-20T12:36:14+00:00","dateModified":"2026-02-17T14:11:35+00:00","description":"Talajtakar\u00f3 feh\u00e9r geotext\u00edlia 2 m sz\u00e9les foly\u00f3m\u00e9terre v\u00e1s\u00e1rolhat\u00f3 Tulajdons\u00e1gainak k\u00f6sz\u00f6nhet\u0151en sz\u00e9les k\u00f6rben haszn\u00e1lj\u00e1k a kert\u00e9szeti,","breadcrumb":{"@id":"https:\/\/tajkertesz.com\/termek\/talajtakaro-feher-geotextilia-2-m-szeles-folyometerre-vasarolhato\/#breadcrumb"},"inLanguage":"en-US","potentialAction":[{"@type":"ReadAction","target":["https:\/\/tajkertesz.com\/termek\/talajtakaro-feher-geotextilia-2-m-szeles-folyometerre-vasarolhato\/"]}]},{"@type":"ImageObject","inLanguage":"en-US","@id":"https:\/\/tajkertesz.com\/termek\/talajtakaro-feher-geotextilia-2-m-szeles-folyometerre-vasarolhato\/#primaryimage","url":"https:\/\/tajkertesz.com\/wp-content\/uploads\/2021\/05\/IMG_20210519_080014-scaled.jpg","contentUrl":"https:\/\/tajkertesz.com\/wp-content\/uploads\/2021\/05\/IMG_20210519_080014-scaled.jpg","width":2560,"height":1667,"caption":"Talajtakar\u00f3 feh\u00e9r 100g\/m2-es geotext\u00edlia"},{"@type":"BreadcrumbList","@id":"https:\/\/tajkertesz.com\/termek\/talajtakaro-feher-geotextilia-2-m-szeles-folyometerre-vasarolhato\/#breadcrumb","itemListElement":[{"@type":"ListItem","position":1,"name":"Home","item":"https:\/\/tajkertesz.com\/"},{"@type":"ListItem","position":2,"name":"Kezd\u0151lap","item":"https:\/\/tajkertesz.com\/"},{"@type":"ListItem","position":3,"name":"Talajtakar\u00f3 feh\u00e9r 100g\/m2-es geotext\u00edlia"}]},{"@type":"WebSite","@id":"https:\/\/tajkertesz.com\/#website","url":"https:\/\/tajkertesz.com\/","name":"T\u00e1j-Kert\u00e9sz 84 Kft.","description":"Kert\u00e9szeti kis- \u00e9s nagykeresked\u00e9s, D\u00edszn\u00f6v\u00e9ny web\u00e1ruh\u00e1z orsz\u00e1gos h\u00e1zhozsz\u00e1ll\u00edt\u00e1ssal!","publisher":{"@id":"https:\/\/tajkertesz.com\/#organization"},"potentialAction":[{"@type":"SearchAction","target":{"@type":"EntryPoint","urlTemplate":"https:\/\/tajkertesz.com\/?s={search_term_string}"},"query-input":{"@type":"PropertyValueSpecification","valueRequired":true,"valueName":"search_term_string"}}],"inLanguage":"en-US"},{"@type":"Organization","@id":"https:\/\/tajkertesz.com\/#organization","name":"T\u00e1j-Kert\u00e9sz 84 Kft.","url":"https:\/\/tajkertesz.com\/","logo":{"@type":"ImageObject","inLanguage":"en-US","@id":"https:\/\/tajkertesz.com\/#\/schema\/logo\/image\/","url":"https:\/\/tajkertesz.com\/wp-content\/uploads\/2018\/02\/logo-2-e1518678052539.png","contentUrl":"https:\/\/tajkertesz.com\/wp-content\/uploads\/2018\/02\/logo-2-e1518678052539.png","width":81,"height":140,"caption":"T\u00e1j-Kert\u00e9sz 84 Kft."},"image":{"@id":"https:\/\/tajkertesz.com\/#\/schema\/logo\/image\/"},"sameAs":["https:\/\/www.facebook.com\/Tajkertesz\/"]}]}},"_links":{"self":[{"href":"https:\/\/tajkertesz.com\/en_US\/wp-json\/wp\/v2\/product\/5193","targetHints":{"allow":["GET"]}}],"collection":[{"href":"https:\/\/tajkertesz.com\/en_US\/wp-json\/wp\/v2\/product"}],"about":[{"href":"https:\/\/tajkertesz.com\/en_US\/wp-json\/wp\/v2\/types\/product"}],"wp:featuredmedia":[{"embeddable":true,"href":"https:\/\/tajkertesz.com\/en_US\/wp-json\/wp\/v2\/media\/5191"}],"wp:attachment":[{"href":"https:\/\/tajkertesz.com\/en_US\/wp-json\/wp\/v2\/media?parent=5193"}],"wp:term":[{"taxonomy":"product_brand","embeddable":true,"href":"https:\/\/tajkertesz.com\/en_US\/wp-json\/wp\/v2\/product_brand?post=5193"},{"taxonomy":"product_cat","embeddable":true,"href":"https:\/\/tajkertesz.com\/en_US\/wp-json\/wp\/v2\/product_cat?post=5193"},{"taxonomy":"product_tag","embeddable":true,"href":"https:\/\/tajkertesz.com\/en_US\/wp-json\/wp\/v2\/product_tag?post=5193"}],"curies":[{"name":"wp","href":"https:\/\/api.w.org\/{rel}","templated":true}]}}