{"id":5196,"date":"2021-05-20T12:46:26","date_gmt":"2021-05-20T12:46:26","guid":{"rendered":"https:\/\/tajkertesz.com\/?post_type=product&#038;p=5196"},"modified":"2026-02-24T14:32:07","modified_gmt":"2026-02-24T14:32:07","slug":"hpde-feluletszivargo-lemez-dorkenlemez-15-meter","status":"publish","type":"product","link":"https:\/\/tajkertesz.com\/en_US\/product\/hpde-feluletszivargo-lemez-dorkenlemez-15-meter\/","title":{"rendered":"Fel\u00fcletsziv\u00e1rg\u00f3 lemez 1,5 m\u00e9ter sz\u00e9les foly\u00f3m\u00e9terre v\u00e1s\u00e1rolhat\u00f3"},"content":{"rendered":"<h1 class=\"page-head-title product-page-head-title position-relative\">Fel\u00fcletsziv\u00e1rg\u00f3 HPDE lemez 1,5 m\u00e9ter sz\u00e9les foly\u00f3m\u00e9terre v\u00e1s\u00e1rolhat\u00f3<\/h1>\n<p class=\"page-head-title product-page-head-title position-relative\">Fel\u00fcletsziv\u00e1rg\u00f3 lemez 1,5 m\u00e9ter sz\u00e9les foly\u00f3m\u00e9terre v\u00e1s\u00e1rolhat\u00f3<\/p>\n<p class=\"page-head-title product-page-head-title position-relative\">N\u00f6v\u00e9nyzettel telep\u00edtett extenz\u00edv vagy intenz\u00edv z\u00f6ldtet\u0151k v\u00edzelvezet\u0151 \u00e9s v\u00edzmegtart\u00f3 r\u00e9tege, egy\u00fattal az alatta l\u00e9v\u0151 v\u00edzszigetel\u00e9s mechanikai v\u00e9d\u0151r\u00e9tege. A domborulatokkal lefel\u00e9, perfor\u00e1ci\u00f3val fel\u00fcl fektetett lemez v\u00edzmegtart\u00f3 k\u00e9pess\u00e9ge r\u00e9v\u00e9n megakad\u00e1lyozza a n\u00f6v\u00e9nyzet gyors kisz\u00e1rad\u00e1s\u00e1t, m\u00edg a felesleges v\u00edzmennyis\u00e9g a perfor\u00e1ci\u00f3nak \u00e9s az alatta l\u00e9v\u0151 v\u00edzszigetel\u00e9snek k\u00f6sz\u00f6nhet\u0151en elvezet\u00e9sre ker\u00fcl.<\/p>\n<p>A fel\u00fcletsziv\u00e1rg\u00f3 lemez\u00a0kiv\u00e1l\u00f3 megold\u00e1s a v\u00edzelvezet\u00e9sre \u00e9s v\u00e9delemre\u00a0az alapok\u00a0\u00e9s a pinc\u00e9k tekintet\u00e9ben.\u00a0Ide\u00e1lis v\u00e9delem\u00a0ott,\u00a0ahol a f\u00f6ldnyom\u00e1s k\u00e1ros\u00edthatja a v\u00edzszigetel\u0151 r\u00e9teget.\u00a0A talajv\u00edz a f\u0151 oka az \u00e9p\u00fcletek \u00f6sszeoml\u00e1s\u00e1hoz vezet\u0151, struktur\u00e1lis gyenges\u00e9gek kialakul\u00e1s\u00e1nak.<\/p>\n<p>A fel\u00fcletsziv\u00e1rg\u00f3 lemez\u00a0k\u00e9pes\u00a0ellen\u00e1llni a legfeljebb 250 kN\/m\u00a0nyom\u00e1snak.<\/p>\n<p><strong>1 foly\u00f3m\u00e9ter fel\u00fcletsziv\u00e1rg\u00f3 lemez \u00e1ra 1.125. Ft, k\u00e9rj\u00fck jelezze mennyi foly\u00f3m\u00e9tert szeretne! N\u00e9gyzetm\u00e9ter \u00e1ra 750 Ft<\/strong><\/p>\n<h3><span id=\"T\u00e1voltart\u00e1sa\" class=\"mw-headline\" style=\"color: #ffffff;\">A<\/span><\/h3>\n<div id=\"bodyContent\" class=\"mw-body-content\">\n<div id=\"mw-content-text\" class=\"mw-content-ltr\" dir=\"ltr\" lang=\"hu\">\n<div id=\"bodyContent\" class=\"mw-body-content\">\n<div id=\"mw-content-text\" class=\"mw-content-ltr\" dir=\"ltr\" lang=\"hu\">\n<p>Kisz\u00e1ll\u00edt\u00e1s: 200 cm \u00e9s 40 kg is a sz\u00e1ll\u00edt\u00e1s fut\u00e1rszolg\u00e1lattal t\u00f6rt\u00e9nik.<\/p>\n<\/div>\n<\/div>\n<\/div>\n<\/div>\n<p style=\"line-height: 18.0pt; background: white; margin: 0cm 0cm 15.0pt 0cm;\"><b><span style=\"font-family: 'Ubuntu',serif; color: black;\">K\u00e9szlet\u00fcnk napi szinten v\u00e1ltozik, ez\u00e9rt k\u00e9rj\u00fck, \u00e9rdekl\u0151dj\u00f6n szem\u00e9lyesen, telefonon vagy email-en.<br \/>\nA v\u00e1ltoztat\u00e1s jog\u00e1t fenntartjuk!\u00a0<\/span><\/b><\/p>\n<p><a href=\"https:\/\/tajkertesz.com\/\">https:\/\/tajkertesz.com\/<\/a><\/p>\n<p><a href=\"https:\/\/www.facebook.com\/tajkertesz\">https:\/\/www.facebook.com\/tajkertesz<\/a><\/p>\n<h6 class=\"page-head-title product-page-head-title position-relative\"><span style=\"color: #ffffff;\">Fel\u00fcletsziv\u00e1rg\u00f3 lemez 1,5 m\u00e9ter sz\u00e9les foly\u00f3m\u00e9terre v\u00e1s\u00e1rolhat\u00f3\u00a0N\u00f6v\u00e9nyzettel telep\u00edtett extenz\u00edv vagy intenz\u00edv z\u00f6ldtet\u0151k v\u00edzelvezet\u0151 \u00e9s v\u00edzmegtart\u00f3 r\u00e9tege, egy\u00fattal az alatta l\u00e9v\u0151 v\u00edzszigetel\u00e9s mechanikai v\u00e9d\u0151r\u00e9tege. A domborulatokkal lefel\u00e9, perfor\u00e1ci\u00f3val fel\u00fcl fektetett lemez v\u00edzmegtart\u00f3 k\u00e9pess\u00e9ge r\u00e9v\u00e9n megakad\u00e1lyozza a n\u00f6v\u00e9nyzet gyors kisz\u00e1rad\u00e1s\u00e1t, m\u00edg a felesleges v\u00edzmennyis\u00e9g a perfor\u00e1ci\u00f3nak \u00e9s az alatta l\u00e9v\u0151 v\u00edzszigetel\u00e9snek k\u00f6sz\u00f6nhet\u0151en elvezet\u00e9sre ker\u00fcl.\u00a0A fel\u00fcletsziv\u00e1rg\u00f3 lemez kiv\u00e1l\u00f3 megold\u00e1s a v\u00edzelvezet\u00e9sre \u00e9s v\u00e9delemre az alapok \u00e9s a pinc\u00e9k tekintet\u00e9ben. Ide\u00e1lis v\u00e9delem ott, ahol a f\u00f6ldnyom\u00e1s k\u00e1ros\u00edthatja a v\u00edzszigetel\u0151 r\u00e9teget. A talajv\u00edz a f\u0151 oka az \u00e9p\u00fcletek \u00f6sszeoml\u00e1s\u00e1hoz vezet\u0151, struktur\u00e1lis gyenges\u00e9gek kialakul\u00e1s\u00e1nak.\u00a0A fel\u00fcletsziv\u00e1rg\u00f3 lemez\u00a0k\u00e9pes\u00a0ellen\u00e1llni a legfeljebb 250 kN\/m\u00a0nyom\u00e1snak.<\/span><\/h6>","protected":false},"excerpt":{"rendered":"<h3 class=\"page-head-title product-page-head-title position-relative\">Fel\u00fcletsziv\u00e1rg\u00f3 HPDE lemez 1,5 m\u00e9ter sz\u00e9les foly\u00f3m\u00e9terre v\u00e1s\u00e1rolhat\u00f3<\/h3>\n<p class=\"page-head-title product-page-head-title position-relative\">N\u00f6v\u00e9nyzettel telep\u00edtett extenz\u00edv vagy intenz\u00edv z\u00f6ldtet\u0151k v\u00edzelvezet\u0151 \u00e9s v\u00edzmegtart\u00f3 r\u00e9tege, egy\u00fattal az alatta l\u00e9v\u0151 v\u00edzszigetel\u00e9s mechanikai v\u00e9d\u0151r\u00e9tege. A domborulatokkal lefel\u00e9, perfor\u00e1ci\u00f3val fel\u00fcl fektetett lemez v\u00edzmegtart\u00f3 k\u00e9pess\u00e9ge r\u00e9v\u00e9n megakad\u00e1lyozza a n\u00f6v\u00e9nyzet gyors kisz\u00e1rad\u00e1s\u00e1t, m\u00edg a felesleges v\u00edzmennyis\u00e9g a perfor\u00e1ci\u00f3nak \u00e9s az alatta l\u00e9v\u0151 v\u00edzszigetel\u00e9snek k\u00f6sz\u00f6nhet\u0151en elvezet\u00e9sre ker\u00fcl.<\/p>","protected":false},"featured_media":5198,"template":"","meta":{"_et_pb_use_builder":"","_et_pb_old_content":"","_et_gb_content_width":""},"product_brand":[],"product_cat":[1574],"product_tag":[8064,8062,8063],"class_list":{"0":"post-5196","1":"product","2":"type-product","3":"status-publish","4":"has-post-thumbnail","6":"product_cat-foliak-geotextiliak-vakondhalok-talajtakaro-anyagok","7":"product_tag-dren","8":"product_tag-feluletszivargo","9":"product_tag-lemez","11":"first","12":"instock","13":"shipping-taxable","14":"purchasable","15":"product-type-simple"},"yoast_head":"<!-- This site is optimized with the Yoast SEO plugin v27.4 - https:\/\/yoast.com\/product\/yoast-seo-wordpress\/ -->\n<title>Fel\u00fcletsziv\u00e1rg\u00f3 lemez 1,5 m\u00e9ter sz\u00e9les foly\u00f3m\u00e9terre v\u00e1s\u00e1rolhat\u00f3 - T\u00e1jkert\u00e9sz<\/title>\n<meta name=\"description\" content=\"Fel\u00fcletsziv\u00e1rg\u00f3 lemez 1,5 m\u00e9ter sz\u00e9les foly\u00f3m\u00e9terre v\u00e1s\u00e1rolhat\u00f3 N\u00f6v\u00e9nyzettel telep\u00edtett extenz\u00edv vagy intenz\u00edv z\u00f6ldtet\u0151k v\u00edzelvezet\u0151 \u00e9s v\u00edzmegtart\u00f3 r\u00e9tege,\" \/>\n<meta name=\"robots\" content=\"index, follow, max-snippet:-1, max-image-preview:large, max-video-preview:-1\" \/>\n<link rel=\"canonical\" href=\"https:\/\/tajkertesz.com\/en_US\/product\/hpde-feluletszivargo-lemez-dorkenlemez-15-meter\/\" \/>\n<meta property=\"og:locale\" content=\"en_US\" \/>\n<meta property=\"og:type\" content=\"article\" \/>\n<meta property=\"og:title\" content=\"Fel\u00fcletsziv\u00e1rg\u00f3 lemez 1,5 m\u00e9ter sz\u00e9les foly\u00f3m\u00e9terre v\u00e1s\u00e1rolhat\u00f3 - T\u00e1jkert\u00e9sz\" \/>\n<meta property=\"og:description\" content=\"Fel\u00fcletsziv\u00e1rg\u00f3 lemez 1,5 m\u00e9ter sz\u00e9les foly\u00f3m\u00e9terre v\u00e1s\u00e1rolhat\u00f3 N\u00f6v\u00e9nyzettel telep\u00edtett extenz\u00edv vagy intenz\u00edv z\u00f6ldtet\u0151k v\u00edzelvezet\u0151 \u00e9s v\u00edzmegtart\u00f3 r\u00e9tege,\" \/>\n<meta property=\"og:url\" content=\"https:\/\/tajkertesz.com\/en_US\/product\/hpde-feluletszivargo-lemez-dorkenlemez-15-meter\/\" \/>\n<meta property=\"og:site_name\" content=\"T\u00e1jkert\u00e9sz\" \/>\n<meta property=\"article:publisher\" content=\"https:\/\/www.facebook.com\/Tajkertesz\/\" \/>\n<meta property=\"article:modified_time\" content=\"2026-02-24T14:32:07+00:00\" \/>\n<meta property=\"og:image\" content=\"https:\/\/tajkertesz.com\/wp-content\/uploads\/2021\/05\/IMG_20210519_080111-scaled.jpg\" \/>\n\t<meta property=\"og:image:width\" content=\"2560\" \/>\n\t<meta property=\"og:image:height\" content=\"1553\" \/>\n\t<meta property=\"og:image:type\" content=\"image\/jpeg\" \/>\n<meta name=\"twitter:card\" content=\"summary_large_image\" \/>\n<meta name=\"twitter:label1\" content=\"Est. reading time\" \/>\n\t<meta name=\"twitter:data1\" content=\"2 minutes\" \/>\n<script type=\"application\/ld+json\" class=\"yoast-schema-graph\">{\"@context\":\"https:\\\/\\\/schema.org\",\"@graph\":[{\"@type\":\"WebPage\",\"@id\":\"https:\\\/\\\/tajkertesz.com\\\/termek\\\/hpde-feluletszivargo-lemez-dorkenlemez-15-meter\\\/\",\"url\":\"https:\\\/\\\/tajkertesz.com\\\/termek\\\/hpde-feluletszivargo-lemez-dorkenlemez-15-meter\\\/\",\"name\":\"Fel\u00fcletsziv\u00e1rg\u00f3 lemez 1,5 m\u00e9ter sz\u00e9les foly\u00f3m\u00e9terre v\u00e1s\u00e1rolhat\u00f3 - T\u00e1jkert\u00e9sz\",\"isPartOf\":{\"@id\":\"https:\\\/\\\/tajkertesz.com\\\/#website\"},\"primaryImageOfPage\":{\"@id\":\"https:\\\/\\\/tajkertesz.com\\\/termek\\\/hpde-feluletszivargo-lemez-dorkenlemez-15-meter\\\/#primaryimage\"},\"image\":{\"@id\":\"https:\\\/\\\/tajkertesz.com\\\/termek\\\/hpde-feluletszivargo-lemez-dorkenlemez-15-meter\\\/#primaryimage\"},\"thumbnailUrl\":\"https:\\\/\\\/tajkertesz.com\\\/wp-content\\\/uploads\\\/2021\\\/05\\\/IMG_20210519_080111-scaled.jpg\",\"datePublished\":\"2021-05-20T12:46:26+00:00\",\"dateModified\":\"2026-02-24T14:32:07+00:00\",\"description\":\"Fel\u00fcletsziv\u00e1rg\u00f3 lemez 1,5 m\u00e9ter sz\u00e9les foly\u00f3m\u00e9terre v\u00e1s\u00e1rolhat\u00f3 N\u00f6v\u00e9nyzettel telep\u00edtett extenz\u00edv vagy intenz\u00edv z\u00f6ldtet\u0151k v\u00edzelvezet\u0151 \u00e9s v\u00edzmegtart\u00f3 r\u00e9tege,\",\"breadcrumb\":{\"@id\":\"https:\\\/\\\/tajkertesz.com\\\/termek\\\/hpde-feluletszivargo-lemez-dorkenlemez-15-meter\\\/#breadcrumb\"},\"inLanguage\":\"en-US\",\"potentialAction\":[{\"@type\":\"ReadAction\",\"target\":[\"https:\\\/\\\/tajkertesz.com\\\/termek\\\/hpde-feluletszivargo-lemez-dorkenlemez-15-meter\\\/\"]}]},{\"@type\":\"ImageObject\",\"inLanguage\":\"en-US\",\"@id\":\"https:\\\/\\\/tajkertesz.com\\\/termek\\\/hpde-feluletszivargo-lemez-dorkenlemez-15-meter\\\/#primaryimage\",\"url\":\"https:\\\/\\\/tajkertesz.com\\\/wp-content\\\/uploads\\\/2021\\\/05\\\/IMG_20210519_080111-scaled.jpg\",\"contentUrl\":\"https:\\\/\\\/tajkertesz.com\\\/wp-content\\\/uploads\\\/2021\\\/05\\\/IMG_20210519_080111-scaled.jpg\",\"width\":2560,\"height\":1553,\"caption\":\"hdr\"},{\"@type\":\"BreadcrumbList\",\"@id\":\"https:\\\/\\\/tajkertesz.com\\\/termek\\\/hpde-feluletszivargo-lemez-dorkenlemez-15-meter\\\/#breadcrumb\",\"itemListElement\":[{\"@type\":\"ListItem\",\"position\":1,\"name\":\"Home\",\"item\":\"https:\\\/\\\/tajkertesz.com\\\/\"},{\"@type\":\"ListItem\",\"position\":2,\"name\":\"Kezd\u0151lap\",\"item\":\"https:\\\/\\\/tajkertesz.com\\\/\"},{\"@type\":\"ListItem\",\"position\":3,\"name\":\"Fel\u00fcletsziv\u00e1rg\u00f3 lemez 1,5 m\u00e9ter sz\u00e9les foly\u00f3m\u00e9terre v\u00e1s\u00e1rolhat\u00f3\"}]},{\"@type\":\"WebSite\",\"@id\":\"https:\\\/\\\/tajkertesz.com\\\/#website\",\"url\":\"https:\\\/\\\/tajkertesz.com\\\/\",\"name\":\"T\u00e1j-Kert\u00e9sz 84 Kft.\",\"description\":\"Kert\u00e9szeti kis- \u00e9s nagykeresked\u00e9s, D\u00edszn\u00f6v\u00e9ny web\u00e1ruh\u00e1z orsz\u00e1gos h\u00e1zhozsz\u00e1ll\u00edt\u00e1ssal!\",\"publisher\":{\"@id\":\"https:\\\/\\\/tajkertesz.com\\\/#organization\"},\"potentialAction\":[{\"@type\":\"SearchAction\",\"target\":{\"@type\":\"EntryPoint\",\"urlTemplate\":\"https:\\\/\\\/tajkertesz.com\\\/?s={search_term_string}\"},\"query-input\":{\"@type\":\"PropertyValueSpecification\",\"valueRequired\":true,\"valueName\":\"search_term_string\"}}],\"inLanguage\":\"en-US\"},{\"@type\":\"Organization\",\"@id\":\"https:\\\/\\\/tajkertesz.com\\\/#organization\",\"name\":\"T\u00e1j-Kert\u00e9sz 84 Kft.\",\"url\":\"https:\\\/\\\/tajkertesz.com\\\/\",\"logo\":{\"@type\":\"ImageObject\",\"inLanguage\":\"en-US\",\"@id\":\"https:\\\/\\\/tajkertesz.com\\\/#\\\/schema\\\/logo\\\/image\\\/\",\"url\":\"https:\\\/\\\/tajkertesz.com\\\/wp-content\\\/uploads\\\/2018\\\/02\\\/logo-2-e1518678052539.png\",\"contentUrl\":\"https:\\\/\\\/tajkertesz.com\\\/wp-content\\\/uploads\\\/2018\\\/02\\\/logo-2-e1518678052539.png\",\"width\":81,\"height\":140,\"caption\":\"T\u00e1j-Kert\u00e9sz 84 Kft.\"},\"image\":{\"@id\":\"https:\\\/\\\/tajkertesz.com\\\/#\\\/schema\\\/logo\\\/image\\\/\"},\"sameAs\":[\"https:\\\/\\\/www.facebook.com\\\/Tajkertesz\\\/\"]}]}<\/script>\n<!-- \/ Yoast SEO plugin. -->","yoast_head_json":{"title":"Fel\u00fcletsziv\u00e1rg\u00f3 lemez 1,5 m\u00e9ter sz\u00e9les foly\u00f3m\u00e9terre v\u00e1s\u00e1rolhat\u00f3 - T\u00e1jkert\u00e9sz","description":"Fel\u00fcletsziv\u00e1rg\u00f3 lemez 1,5 m\u00e9ter sz\u00e9les foly\u00f3m\u00e9terre v\u00e1s\u00e1rolhat\u00f3 N\u00f6v\u00e9nyzettel telep\u00edtett extenz\u00edv vagy intenz\u00edv z\u00f6ldtet\u0151k v\u00edzelvezet\u0151 \u00e9s v\u00edzmegtart\u00f3 r\u00e9tege,","robots":{"index":"index","follow":"follow","max-snippet":"max-snippet:-1","max-image-preview":"max-image-preview:large","max-video-preview":"max-video-preview:-1"},"canonical":"https:\/\/tajkertesz.com\/en_US\/product\/hpde-feluletszivargo-lemez-dorkenlemez-15-meter\/","og_locale":"en_US","og_type":"article","og_title":"Fel\u00fcletsziv\u00e1rg\u00f3 lemez 1,5 m\u00e9ter sz\u00e9les foly\u00f3m\u00e9terre v\u00e1s\u00e1rolhat\u00f3 - T\u00e1jkert\u00e9sz","og_description":"Fel\u00fcletsziv\u00e1rg\u00f3 lemez 1,5 m\u00e9ter sz\u00e9les foly\u00f3m\u00e9terre v\u00e1s\u00e1rolhat\u00f3 N\u00f6v\u00e9nyzettel telep\u00edtett extenz\u00edv vagy intenz\u00edv z\u00f6ldtet\u0151k v\u00edzelvezet\u0151 \u00e9s v\u00edzmegtart\u00f3 r\u00e9tege,","og_url":"https:\/\/tajkertesz.com\/en_US\/product\/hpde-feluletszivargo-lemez-dorkenlemez-15-meter\/","og_site_name":"T\u00e1jkert\u00e9sz","article_publisher":"https:\/\/www.facebook.com\/Tajkertesz\/","article_modified_time":"2026-02-24T14:32:07+00:00","og_image":[{"width":2560,"height":1553,"url":"https:\/\/tajkertesz.com\/wp-content\/uploads\/2021\/05\/IMG_20210519_080111-scaled.jpg","type":"image\/jpeg"}],"twitter_card":"summary_large_image","twitter_misc":{"Est. reading time":"2 minutes"},"schema":{"@context":"https:\/\/schema.org","@graph":[{"@type":"WebPage","@id":"https:\/\/tajkertesz.com\/termek\/hpde-feluletszivargo-lemez-dorkenlemez-15-meter\/","url":"https:\/\/tajkertesz.com\/termek\/hpde-feluletszivargo-lemez-dorkenlemez-15-meter\/","name":"Fel\u00fcletsziv\u00e1rg\u00f3 lemez 1,5 m\u00e9ter sz\u00e9les foly\u00f3m\u00e9terre v\u00e1s\u00e1rolhat\u00f3 - T\u00e1jkert\u00e9sz","isPartOf":{"@id":"https:\/\/tajkertesz.com\/#website"},"primaryImageOfPage":{"@id":"https:\/\/tajkertesz.com\/termek\/hpde-feluletszivargo-lemez-dorkenlemez-15-meter\/#primaryimage"},"image":{"@id":"https:\/\/tajkertesz.com\/termek\/hpde-feluletszivargo-lemez-dorkenlemez-15-meter\/#primaryimage"},"thumbnailUrl":"https:\/\/tajkertesz.com\/wp-content\/uploads\/2021\/05\/IMG_20210519_080111-scaled.jpg","datePublished":"2021-05-20T12:46:26+00:00","dateModified":"2026-02-24T14:32:07+00:00","description":"Fel\u00fcletsziv\u00e1rg\u00f3 lemez 1,5 m\u00e9ter sz\u00e9les foly\u00f3m\u00e9terre v\u00e1s\u00e1rolhat\u00f3 N\u00f6v\u00e9nyzettel telep\u00edtett extenz\u00edv vagy intenz\u00edv z\u00f6ldtet\u0151k v\u00edzelvezet\u0151 \u00e9s v\u00edzmegtart\u00f3 r\u00e9tege,","breadcrumb":{"@id":"https:\/\/tajkertesz.com\/termek\/hpde-feluletszivargo-lemez-dorkenlemez-15-meter\/#breadcrumb"},"inLanguage":"en-US","potentialAction":[{"@type":"ReadAction","target":["https:\/\/tajkertesz.com\/termek\/hpde-feluletszivargo-lemez-dorkenlemez-15-meter\/"]}]},{"@type":"ImageObject","inLanguage":"en-US","@id":"https:\/\/tajkertesz.com\/termek\/hpde-feluletszivargo-lemez-dorkenlemez-15-meter\/#primaryimage","url":"https:\/\/tajkertesz.com\/wp-content\/uploads\/2021\/05\/IMG_20210519_080111-scaled.jpg","contentUrl":"https:\/\/tajkertesz.com\/wp-content\/uploads\/2021\/05\/IMG_20210519_080111-scaled.jpg","width":2560,"height":1553,"caption":"hdr"},{"@type":"BreadcrumbList","@id":"https:\/\/tajkertesz.com\/termek\/hpde-feluletszivargo-lemez-dorkenlemez-15-meter\/#breadcrumb","itemListElement":[{"@type":"ListItem","position":1,"name":"Home","item":"https:\/\/tajkertesz.com\/"},{"@type":"ListItem","position":2,"name":"Kezd\u0151lap","item":"https:\/\/tajkertesz.com\/"},{"@type":"ListItem","position":3,"name":"Fel\u00fcletsziv\u00e1rg\u00f3 lemez 1,5 m\u00e9ter sz\u00e9les foly\u00f3m\u00e9terre v\u00e1s\u00e1rolhat\u00f3"}]},{"@type":"WebSite","@id":"https:\/\/tajkertesz.com\/#website","url":"https:\/\/tajkertesz.com\/","name":"T\u00e1j-Kert\u00e9sz 84 Kft.","description":"Kert\u00e9szeti kis- \u00e9s nagykeresked\u00e9s, D\u00edszn\u00f6v\u00e9ny web\u00e1ruh\u00e1z orsz\u00e1gos h\u00e1zhozsz\u00e1ll\u00edt\u00e1ssal!","publisher":{"@id":"https:\/\/tajkertesz.com\/#organization"},"potentialAction":[{"@type":"SearchAction","target":{"@type":"EntryPoint","urlTemplate":"https:\/\/tajkertesz.com\/?s={search_term_string}"},"query-input":{"@type":"PropertyValueSpecification","valueRequired":true,"valueName":"search_term_string"}}],"inLanguage":"en-US"},{"@type":"Organization","@id":"https:\/\/tajkertesz.com\/#organization","name":"T\u00e1j-Kert\u00e9sz 84 Kft.","url":"https:\/\/tajkertesz.com\/","logo":{"@type":"ImageObject","inLanguage":"en-US","@id":"https:\/\/tajkertesz.com\/#\/schema\/logo\/image\/","url":"https:\/\/tajkertesz.com\/wp-content\/uploads\/2018\/02\/logo-2-e1518678052539.png","contentUrl":"https:\/\/tajkertesz.com\/wp-content\/uploads\/2018\/02\/logo-2-e1518678052539.png","width":81,"height":140,"caption":"T\u00e1j-Kert\u00e9sz 84 Kft."},"image":{"@id":"https:\/\/tajkertesz.com\/#\/schema\/logo\/image\/"},"sameAs":["https:\/\/www.facebook.com\/Tajkertesz\/"]}]}},"_links":{"self":[{"href":"https:\/\/tajkertesz.com\/en_US\/wp-json\/wp\/v2\/product\/5196","targetHints":{"allow":["GET"]}}],"collection":[{"href":"https:\/\/tajkertesz.com\/en_US\/wp-json\/wp\/v2\/product"}],"about":[{"href":"https:\/\/tajkertesz.com\/en_US\/wp-json\/wp\/v2\/types\/product"}],"wp:featuredmedia":[{"embeddable":true,"href":"https:\/\/tajkertesz.com\/en_US\/wp-json\/wp\/v2\/media\/5198"}],"wp:attachment":[{"href":"https:\/\/tajkertesz.com\/en_US\/wp-json\/wp\/v2\/media?parent=5196"}],"wp:term":[{"taxonomy":"product_brand","embeddable":true,"href":"https:\/\/tajkertesz.com\/en_US\/wp-json\/wp\/v2\/product_brand?post=5196"},{"taxonomy":"product_cat","embeddable":true,"href":"https:\/\/tajkertesz.com\/en_US\/wp-json\/wp\/v2\/product_cat?post=5196"},{"taxonomy":"product_tag","embeddable":true,"href":"https:\/\/tajkertesz.com\/en_US\/wp-json\/wp\/v2\/product_tag?post=5196"}],"curies":[{"name":"wp","href":"https:\/\/api.w.org\/{rel}","templated":true}]}}