{"id":5199,"date":"2021-05-20T12:53:42","date_gmt":"2021-05-20T12:53:42","guid":{"rendered":"https:\/\/tajkertesz.com\/?post_type=product&#038;p=5199"},"modified":"2026-02-24T14:25:23","modified_gmt":"2026-02-24T14:25:23","slug":"vakondhalo-1-meter-szeles-1519-mm-folyometerre","status":"publish","type":"product","link":"https:\/\/tajkertesz.com\/en_US\/product\/vakondhalo-1-meter-szeles-1519-mm-folyometerre\/","title":{"rendered":"Vakondh\u00e1l\u00f3 1 m\u00e9ter sz\u00e9les 15*19 mm foly\u00f3m\u00e9terre v\u00e1s\u00e1rolhat\u00f3"},"content":{"rendered":"<h1 class=\"page-head-title product-page-head-title position-relative\">Vakondh\u00e1l\u00f3 1 m\u00e9ter sz\u00e9les 15*19 mm foly\u00f3m\u00e9terre v\u00e1s\u00e1rolhat\u00f3<\/h1>\n<p class=\"page-head-title product-page-head-title position-relative\">Vakondh\u00e1l\u00f3 1 m\u00e9ter sz\u00e9les 15*19 mm foly\u00f3m\u00e9terre v\u00e1s\u00e1rolhat\u00f3<\/p>\n<p class=\"page-head-title product-page-head-title position-relative\"><span class=\"product-page-product-name\"> Gyepes\u00edt\u00e9s el\u0151tt a f\u00f6ldbe helyezve megakad\u00e1lyozza a vakond felsz\u00ednre jut\u00e1s\u00e1t. Biztos v\u00e9delemet ny\u00fajt. Anyaga: polipropil\u00e9n. A h\u00e1l\u00f3 Uv-stabiliz\u00e1tor anyagot tartalmaz.<\/span><\/p>\n<p><strong>1 foly\u00f3m\u00e9ter vakondh\u00e1l\u00f3 230 Ft, k\u00e9rj\u00fck jelezze mennyit szeretne v\u00e1s\u00e1rolni!<\/strong><\/p>\n<p><span id=\"T\u00e1voltart\u00e1sa\" class=\"mw-headline\" style=\"color: #ffffff;\">A vakond t\u00e1voltart\u00e1sa:\u00a0<\/span><\/p>\n<p><span style=\"color: #ffffff;\">Ahol k\u00e1rt okoz, a vakondot ott sem szabad meg\u00f6lni (ami v\u00e9detts\u00e9ge miatt am\u00fagy is szab\u00e1lys\u00e9rt\u00e9s), mert hat\u00e9kony eszk\u00f6z\u00f6kkel el is lehet \u0171zni. Vegyi anyagokat, egy\u00e9b m\u00e9rgeket, \u00fcvegcserepet ne sz\u00f3rjunk a f\u00f6ldbe, mert vel\u00fck a vakonddal egy\u00fctt a k\u00f6rnyezet\u00fcnket is puszt\u00edtjuk. A vakondmentes kerthez vezet\u0151 legbiztosabb megold\u00e1st az jelenti ha a vakondot elz\u00e1rjuk az \u00e9lelemforr\u00e1st\u00f3l, \u00e9s fizikailag akad\u00e1lyozzuk meg, hogy a j\u00e1rataiban felhalmoz\u00f3dott f\u00f6ldet a felsz\u00ednre t\u00farja.<\/span><\/p>\n<p><span style=\"color: #ffffff;\">A vakond \u00e1lland\u00f3 t\u00e1vol tart\u00e1s\u00e1hoz legjobb az adott ter\u00fcletet keskeny, lehet\u0151leg m\u00e9ly \u00e1rokkal k\u00f6r\u00fclvenni, amely akad\u00e1lyt jelent az \u00e1s\u00e1sban. \u00dajszer\u0171 m\u00f3dszer a vakondh\u00e1l\u00f3 haszn\u00e1lata, melyet vakondh\u00e1l\u00f3 r\u00f6gz\u00edt\u0151 szeggel er\u0151s\u00edtenek a talajhoz<\/span><\/p>\n<p><span style=\"color: #ffffff;\">Egy korszer\u0171 m\u00f3dszer az elektromos vakondriaszt\u00f3 haszn\u00e1lata. A vakond \u00e9rz\u00e9keny az 1000 Hz alatti frekvenci\u00e1j\u00fa hangra, \u00edgy a k\u00e9sz\u00fcl\u00e9k \u00e1ltal kibocs\u00e1tott 300\u2013400 Hz (m\u00e1s esetben 100\u2013700 Hz) frekvenci\u00e1j\u00fa hangimpulzusok &#8211; melyek a f\u00f6ldben t\u00f6bb tucat m\u00e9terre terjednek &#8211; irrit\u00e1lj\u00e1k az \u00e1llatot, ez\u00e9rt elhagyja a ter\u00fcletet.<sup id=\"cite_ref-9\" class=\"reference\"><\/sup><\/span><\/p>\n<p><span style=\"color: #ffffff;\">A kert\u00e9szek \u00e1ltal is alkalmazott r\u00e9gi bev\u00e1lt m\u00f3dszer, hogy petr\u00f3leummal vagy terpentinnel \u00e1titatott rongyokat helyeznek el a vakond f\u0151folyos\u00f3j\u00e1nak n\u00e9h\u00e1ny hely\u00e9n. Ezek szag\u00e1t nem b\u00edrja az \u00e1llat, nem k\u00e9pes zs\u00e1km\u00e1ny\u00e1t kiszimatolni, ez\u00e9rt ink\u00e1bb elmenek\u00fcl a ter\u00fcletr\u0151l.<\/span><\/p>\n<p><span style=\"color: #ffffff;\">A meleg\u00e1gyakat \u00fagy v\u00e9dhetj\u00fck meg, hogy fenek\u00fcket vakondh\u00e1l\u00f3val b\u00e9lelj\u00fck ki, vagy pedig a talaj \u00e9s a tr\u00e1gyak\u00e9reg k\u00f6z\u00e9 egy sor bor\u00f3ka\u00e1gat rakunk be, ez ut\u00f3bbiak t\u00f6visei ugyanis a vakondot az \u00e1s\u00e1sban akad\u00e1lyozz\u00e1k.<\/span><\/p>\n<p><span style=\"color: #ffffff;\">A nagy s\u00e1rf\u0171 (Vakond\u0171z\u0151 f\u0171)\u00a0mint n\u00e9pies nev\u00e9ben is benne van, t\u00e1vol tartja a kertb\u0151l eme \u00e1llatokat. Viszonylag ig\u00e9nytelen n\u00f6v\u00e9ny, k\u00f6nnyen elszaporodik a kertben. Hasonl\u00f3 hat\u00e1s\u00fa a cs\u00e1sz\u00e1rkorona\u00a0<i>(Fritillaria imperialis)<\/i>, melynek er\u0151s szag\u00fa gy\u00f6kerei tartj\u00e1k t\u00e1vol a vakondokat, egereket \u00e9s egy\u00e9b r\u00e1gcs\u00e1l\u00f3kat.<\/span><\/p>\n<p><span style=\"color: #ffffff;\">R\u00e9gebben m\u00e9rgeket (pl. k\u00e1lcium &#8211; karbid, alum\u00ednium &#8211; foszfid) vagy a kif\u00fcst\u00f6l\u00e9st elterjedten alkalmazt\u00e1k, azonban ezek a m\u00f3dszerek elpuszt\u00edtj\u00e1k az \u00e1llatot, \u00edgy ker\u00fclend\u0151k.<\/span><\/p>\n<p>&nbsp;<\/p>\n<div id=\"bodyContent\" class=\"mw-body-content\">\n<div id=\"mw-content-text\" class=\"mw-content-ltr\" dir=\"ltr\" lang=\"hu\">\n<div id=\"bodyContent\" class=\"mw-body-content\">\n<div id=\"mw-content-text\" class=\"mw-content-ltr\" dir=\"ltr\" lang=\"hu\">\n<p>Kisz\u00e1ll\u00edt\u00e1s: 200 cm \u00e9s 40 kg is a sz\u00e1ll\u00edt\u00e1s fut\u00e1rszolg\u00e1lattal t\u00f6rt\u00e9nik.<\/p>\n<\/div>\n<\/div>\n<\/div>\n<\/div>\n<p style=\"line-height: 18.0pt; background: white; margin: 0cm 0cm 15.0pt 0cm;\"><b><span style=\"font-family: 'Ubuntu',serif; color: black;\">K\u00e9szlet\u00fcnk napi szinten v\u00e1ltozik, ez\u00e9rt k\u00e9rj\u00fck, \u00e9rdekl\u0151dj\u00f6n szem\u00e9lyesen, telefonon vagy email-en.<br \/>\nA v\u00e1ltoztat\u00e1s jog\u00e1t fenntartjuk!\u00a0<\/span><\/b><\/p>\n<p><a href=\"https:\/\/tajkertesz.com\/\">https:\/\/tajkertesz.com\/<\/a><\/p>\n<p><a href=\"https:\/\/www.facebook.com\/tajkertesz\">https:\/\/www.facebook.com\/tajkertesz<\/a><\/p>","protected":false},"excerpt":{"rendered":"<h3 class=\"page-head-title product-page-head-title position-relative\">Vakondh\u00e1l\u00f3 1 m\u00e9ter sz\u00e9les 15*19 mm foly\u00f3m\u00e9terre v\u00e1s\u00e1rolhat\u00f3<\/h3>\n<p class=\"page-head-title product-page-head-title position-relative\"><span class=\"product-page-product-name\"> Gyepes\u00edt\u00e9s el\u0151tt a f\u00f6ldbe helyezve megakad\u00e1lyozza a vakond felsz\u00ednre jut\u00e1s\u00e1t. Biztos v\u00e9delemet ny\u00fajt. Anyaga: polipropil\u00e9n. A h\u00e1l\u00f3 Uv-stabiliz\u00e1tor anyagot tartalmaz.<\/span><\/p>\n<p>A\u00a0<strong>vakondh\u00e1l\u00f3<\/strong>\u00a0el\u0151nyei: k\u00f6lts\u00e9ghat\u00e9kony megold\u00e1s, nem \u00f6li meg a vakondot, mely v\u00e9dett \u00e1llat, nem befoly\u00e1solja a n\u00f6v\u00e9nyek n\u00f6veked\u00e9s\u00e9t, k\u00f6nnyen \u00e9s gyorsan telep\u00edthet\u0151. Biztos v\u00e9delemet ny\u00fajt \u00e9vtizedekig.<\/p>","protected":false},"featured_media":4495,"template":"","meta":{"_et_pb_use_builder":"","_et_pb_old_content":"","_et_gb_content_width":""},"product_brand":[],"product_cat":[1574],"product_tag":[1509],"class_list":{"0":"post-5199","1":"product","2":"type-product","3":"status-publish","4":"has-post-thumbnail","6":"product_cat-foliak-geotextiliak-vakondhalok-talajtakaro-anyagok","7":"product_tag-vakondhalo","9":"first","10":"instock","11":"shipping-taxable","12":"purchasable","13":"product-type-simple"},"yoast_head":"<!-- This site is optimized with the Yoast SEO plugin v27.4 - https:\/\/yoast.com\/product\/yoast-seo-wordpress\/ -->\n<title>Nortene antimole vakondh\u00e1l\u00f3 m\u00e9retre v\u00e1gva.<\/title>\n<meta name=\"description\" content=\"Vakondh\u00e1l\u00f3 1 m\u00e9ter sz\u00e9les 15*19 mm foly\u00f3m\u00e9terre v\u00e1s\u00e1rolhat\u00f3 Gyepes\u00edt\u00e9s el\u0151tt a f\u00f6ldbe helyezve megakad\u00e1lyozza a vakond felsz\u00ednre jut\u00e1s\u00e1t.\" \/>\n<meta name=\"robots\" content=\"index, follow, max-snippet:-1, max-image-preview:large, max-video-preview:-1\" \/>\n<link rel=\"canonical\" href=\"https:\/\/tajkertesz.com\/en_US\/product\/vakondhalo-1-meter-szeles-1519-mm-folyometerre\/\" \/>\n<meta property=\"og:locale\" content=\"en_US\" \/>\n<meta property=\"og:type\" content=\"article\" \/>\n<meta property=\"og:title\" content=\"Nortene antimole vakondh\u00e1l\u00f3 m\u00e9retre v\u00e1gva.\" \/>\n<meta property=\"og:description\" content=\"Vakondh\u00e1l\u00f3 1 m\u00e9ter sz\u00e9les 15*19 mm foly\u00f3m\u00e9terre v\u00e1s\u00e1rolhat\u00f3 Gyepes\u00edt\u00e9s el\u0151tt a f\u00f6ldbe helyezve megakad\u00e1lyozza a vakond felsz\u00ednre jut\u00e1s\u00e1t.\" \/>\n<meta property=\"og:url\" content=\"https:\/\/tajkertesz.com\/en_US\/product\/vakondhalo-1-meter-szeles-1519-mm-folyometerre\/\" \/>\n<meta property=\"og:site_name\" content=\"T\u00e1jkert\u00e9sz\" \/>\n<meta property=\"article:publisher\" content=\"https:\/\/www.facebook.com\/Tajkertesz\/\" \/>\n<meta property=\"article:modified_time\" content=\"2026-02-24T14:25:23+00:00\" \/>\n<meta property=\"og:image\" content=\"https:\/\/tajkertesz.com\/wp-content\/uploads\/2021\/05\/res_a6293de6d776b3aca0095b352b9f1adf_full.jpg\" \/>\n\t<meta property=\"og:image:width\" content=\"900\" \/>\n\t<meta property=\"og:image:height\" content=\"900\" \/>\n\t<meta property=\"og:image:type\" content=\"image\/jpeg\" \/>\n<meta name=\"twitter:card\" content=\"summary_large_image\" \/>\n<meta name=\"twitter:label1\" content=\"Est. reading time\" \/>\n\t<meta name=\"twitter:data1\" content=\"2 minutes\" \/>\n<script type=\"application\/ld+json\" class=\"yoast-schema-graph\">{\"@context\":\"https:\\\/\\\/schema.org\",\"@graph\":[{\"@type\":\"WebPage\",\"@id\":\"https:\\\/\\\/tajkertesz.com\\\/termek\\\/vakondhalo-1-meter-szeles-1519-mm-folyometerre\\\/\",\"url\":\"https:\\\/\\\/tajkertesz.com\\\/termek\\\/vakondhalo-1-meter-szeles-1519-mm-folyometerre\\\/\",\"name\":\"Nortene antimole vakondh\u00e1l\u00f3 m\u00e9retre v\u00e1gva.\",\"isPartOf\":{\"@id\":\"https:\\\/\\\/tajkertesz.com\\\/#website\"},\"primaryImageOfPage\":{\"@id\":\"https:\\\/\\\/tajkertesz.com\\\/termek\\\/vakondhalo-1-meter-szeles-1519-mm-folyometerre\\\/#primaryimage\"},\"image\":{\"@id\":\"https:\\\/\\\/tajkertesz.com\\\/termek\\\/vakondhalo-1-meter-szeles-1519-mm-folyometerre\\\/#primaryimage\"},\"thumbnailUrl\":\"https:\\\/\\\/tajkertesz.com\\\/wp-content\\\/uploads\\\/2021\\\/05\\\/res_a6293de6d776b3aca0095b352b9f1adf_full.jpg\",\"datePublished\":\"2021-05-20T12:53:42+00:00\",\"dateModified\":\"2026-02-24T14:25:23+00:00\",\"description\":\"Vakondh\u00e1l\u00f3 1 m\u00e9ter sz\u00e9les 15*19 mm foly\u00f3m\u00e9terre v\u00e1s\u00e1rolhat\u00f3 Gyepes\u00edt\u00e9s el\u0151tt a f\u00f6ldbe helyezve megakad\u00e1lyozza a vakond felsz\u00ednre jut\u00e1s\u00e1t.\",\"breadcrumb\":{\"@id\":\"https:\\\/\\\/tajkertesz.com\\\/termek\\\/vakondhalo-1-meter-szeles-1519-mm-folyometerre\\\/#breadcrumb\"},\"inLanguage\":\"en-US\",\"potentialAction\":[{\"@type\":\"ReadAction\",\"target\":[\"https:\\\/\\\/tajkertesz.com\\\/termek\\\/vakondhalo-1-meter-szeles-1519-mm-folyometerre\\\/\"]}]},{\"@type\":\"ImageObject\",\"inLanguage\":\"en-US\",\"@id\":\"https:\\\/\\\/tajkertesz.com\\\/termek\\\/vakondhalo-1-meter-szeles-1519-mm-folyometerre\\\/#primaryimage\",\"url\":\"https:\\\/\\\/tajkertesz.com\\\/wp-content\\\/uploads\\\/2021\\\/05\\\/res_a6293de6d776b3aca0095b352b9f1adf_full.jpg\",\"contentUrl\":\"https:\\\/\\\/tajkertesz.com\\\/wp-content\\\/uploads\\\/2021\\\/05\\\/res_a6293de6d776b3aca0095b352b9f1adf_full.jpg\",\"width\":900,\"height\":900},{\"@type\":\"BreadcrumbList\",\"@id\":\"https:\\\/\\\/tajkertesz.com\\\/termek\\\/vakondhalo-1-meter-szeles-1519-mm-folyometerre\\\/#breadcrumb\",\"itemListElement\":[{\"@type\":\"ListItem\",\"position\":1,\"name\":\"Home\",\"item\":\"https:\\\/\\\/tajkertesz.com\\\/\"},{\"@type\":\"ListItem\",\"position\":2,\"name\":\"Kezd\u0151lap\",\"item\":\"https:\\\/\\\/tajkertesz.com\\\/\"},{\"@type\":\"ListItem\",\"position\":3,\"name\":\"Vakondh\u00e1l\u00f3 1 m\u00e9ter sz\u00e9les 15*19 mm foly\u00f3m\u00e9terre v\u00e1s\u00e1rolhat\u00f3\"}]},{\"@type\":\"WebSite\",\"@id\":\"https:\\\/\\\/tajkertesz.com\\\/#website\",\"url\":\"https:\\\/\\\/tajkertesz.com\\\/\",\"name\":\"T\u00e1j-Kert\u00e9sz 84 Kft.\",\"description\":\"Kert\u00e9szeti kis- \u00e9s nagykeresked\u00e9s, D\u00edszn\u00f6v\u00e9ny web\u00e1ruh\u00e1z orsz\u00e1gos h\u00e1zhozsz\u00e1ll\u00edt\u00e1ssal!\",\"publisher\":{\"@id\":\"https:\\\/\\\/tajkertesz.com\\\/#organization\"},\"potentialAction\":[{\"@type\":\"SearchAction\",\"target\":{\"@type\":\"EntryPoint\",\"urlTemplate\":\"https:\\\/\\\/tajkertesz.com\\\/?s={search_term_string}\"},\"query-input\":{\"@type\":\"PropertyValueSpecification\",\"valueRequired\":true,\"valueName\":\"search_term_string\"}}],\"inLanguage\":\"en-US\"},{\"@type\":\"Organization\",\"@id\":\"https:\\\/\\\/tajkertesz.com\\\/#organization\",\"name\":\"T\u00e1j-Kert\u00e9sz 84 Kft.\",\"url\":\"https:\\\/\\\/tajkertesz.com\\\/\",\"logo\":{\"@type\":\"ImageObject\",\"inLanguage\":\"en-US\",\"@id\":\"https:\\\/\\\/tajkertesz.com\\\/#\\\/schema\\\/logo\\\/image\\\/\",\"url\":\"https:\\\/\\\/tajkertesz.com\\\/wp-content\\\/uploads\\\/2018\\\/02\\\/logo-2-e1518678052539.png\",\"contentUrl\":\"https:\\\/\\\/tajkertesz.com\\\/wp-content\\\/uploads\\\/2018\\\/02\\\/logo-2-e1518678052539.png\",\"width\":81,\"height\":140,\"caption\":\"T\u00e1j-Kert\u00e9sz 84 Kft.\"},\"image\":{\"@id\":\"https:\\\/\\\/tajkertesz.com\\\/#\\\/schema\\\/logo\\\/image\\\/\"},\"sameAs\":[\"https:\\\/\\\/www.facebook.com\\\/Tajkertesz\\\/\"]}]}<\/script>\n<!-- \/ Yoast SEO plugin. -->","yoast_head_json":{"title":"Nortene antimole vakondh\u00e1l\u00f3 m\u00e9retre v\u00e1gva.","description":"Vakondh\u00e1l\u00f3 1 m\u00e9ter sz\u00e9les 15*19 mm foly\u00f3m\u00e9terre v\u00e1s\u00e1rolhat\u00f3 Gyepes\u00edt\u00e9s el\u0151tt a f\u00f6ldbe helyezve megakad\u00e1lyozza a vakond felsz\u00ednre jut\u00e1s\u00e1t.","robots":{"index":"index","follow":"follow","max-snippet":"max-snippet:-1","max-image-preview":"max-image-preview:large","max-video-preview":"max-video-preview:-1"},"canonical":"https:\/\/tajkertesz.com\/en_US\/product\/vakondhalo-1-meter-szeles-1519-mm-folyometerre\/","og_locale":"en_US","og_type":"article","og_title":"Nortene antimole vakondh\u00e1l\u00f3 m\u00e9retre v\u00e1gva.","og_description":"Vakondh\u00e1l\u00f3 1 m\u00e9ter sz\u00e9les 15*19 mm foly\u00f3m\u00e9terre v\u00e1s\u00e1rolhat\u00f3 Gyepes\u00edt\u00e9s el\u0151tt a f\u00f6ldbe helyezve megakad\u00e1lyozza a vakond felsz\u00ednre jut\u00e1s\u00e1t.","og_url":"https:\/\/tajkertesz.com\/en_US\/product\/vakondhalo-1-meter-szeles-1519-mm-folyometerre\/","og_site_name":"T\u00e1jkert\u00e9sz","article_publisher":"https:\/\/www.facebook.com\/Tajkertesz\/","article_modified_time":"2026-02-24T14:25:23+00:00","og_image":[{"width":900,"height":900,"url":"https:\/\/tajkertesz.com\/wp-content\/uploads\/2021\/05\/res_a6293de6d776b3aca0095b352b9f1adf_full.jpg","type":"image\/jpeg"}],"twitter_card":"summary_large_image","twitter_misc":{"Est. reading time":"2 minutes"},"schema":{"@context":"https:\/\/schema.org","@graph":[{"@type":"WebPage","@id":"https:\/\/tajkertesz.com\/termek\/vakondhalo-1-meter-szeles-1519-mm-folyometerre\/","url":"https:\/\/tajkertesz.com\/termek\/vakondhalo-1-meter-szeles-1519-mm-folyometerre\/","name":"Nortene antimole vakondh\u00e1l\u00f3 m\u00e9retre v\u00e1gva.","isPartOf":{"@id":"https:\/\/tajkertesz.com\/#website"},"primaryImageOfPage":{"@id":"https:\/\/tajkertesz.com\/termek\/vakondhalo-1-meter-szeles-1519-mm-folyometerre\/#primaryimage"},"image":{"@id":"https:\/\/tajkertesz.com\/termek\/vakondhalo-1-meter-szeles-1519-mm-folyometerre\/#primaryimage"},"thumbnailUrl":"https:\/\/tajkertesz.com\/wp-content\/uploads\/2021\/05\/res_a6293de6d776b3aca0095b352b9f1adf_full.jpg","datePublished":"2021-05-20T12:53:42+00:00","dateModified":"2026-02-24T14:25:23+00:00","description":"Vakondh\u00e1l\u00f3 1 m\u00e9ter sz\u00e9les 15*19 mm foly\u00f3m\u00e9terre v\u00e1s\u00e1rolhat\u00f3 Gyepes\u00edt\u00e9s el\u0151tt a f\u00f6ldbe helyezve megakad\u00e1lyozza a vakond felsz\u00ednre jut\u00e1s\u00e1t.","breadcrumb":{"@id":"https:\/\/tajkertesz.com\/termek\/vakondhalo-1-meter-szeles-1519-mm-folyometerre\/#breadcrumb"},"inLanguage":"en-US","potentialAction":[{"@type":"ReadAction","target":["https:\/\/tajkertesz.com\/termek\/vakondhalo-1-meter-szeles-1519-mm-folyometerre\/"]}]},{"@type":"ImageObject","inLanguage":"en-US","@id":"https:\/\/tajkertesz.com\/termek\/vakondhalo-1-meter-szeles-1519-mm-folyometerre\/#primaryimage","url":"https:\/\/tajkertesz.com\/wp-content\/uploads\/2021\/05\/res_a6293de6d776b3aca0095b352b9f1adf_full.jpg","contentUrl":"https:\/\/tajkertesz.com\/wp-content\/uploads\/2021\/05\/res_a6293de6d776b3aca0095b352b9f1adf_full.jpg","width":900,"height":900},{"@type":"BreadcrumbList","@id":"https:\/\/tajkertesz.com\/termek\/vakondhalo-1-meter-szeles-1519-mm-folyometerre\/#breadcrumb","itemListElement":[{"@type":"ListItem","position":1,"name":"Home","item":"https:\/\/tajkertesz.com\/"},{"@type":"ListItem","position":2,"name":"Kezd\u0151lap","item":"https:\/\/tajkertesz.com\/"},{"@type":"ListItem","position":3,"name":"Vakondh\u00e1l\u00f3 1 m\u00e9ter sz\u00e9les 15*19 mm foly\u00f3m\u00e9terre v\u00e1s\u00e1rolhat\u00f3"}]},{"@type":"WebSite","@id":"https:\/\/tajkertesz.com\/#website","url":"https:\/\/tajkertesz.com\/","name":"T\u00e1j-Kert\u00e9sz 84 Kft.","description":"Kert\u00e9szeti kis- \u00e9s nagykeresked\u00e9s, D\u00edszn\u00f6v\u00e9ny web\u00e1ruh\u00e1z orsz\u00e1gos h\u00e1zhozsz\u00e1ll\u00edt\u00e1ssal!","publisher":{"@id":"https:\/\/tajkertesz.com\/#organization"},"potentialAction":[{"@type":"SearchAction","target":{"@type":"EntryPoint","urlTemplate":"https:\/\/tajkertesz.com\/?s={search_term_string}"},"query-input":{"@type":"PropertyValueSpecification","valueRequired":true,"valueName":"search_term_string"}}],"inLanguage":"en-US"},{"@type":"Organization","@id":"https:\/\/tajkertesz.com\/#organization","name":"T\u00e1j-Kert\u00e9sz 84 Kft.","url":"https:\/\/tajkertesz.com\/","logo":{"@type":"ImageObject","inLanguage":"en-US","@id":"https:\/\/tajkertesz.com\/#\/schema\/logo\/image\/","url":"https:\/\/tajkertesz.com\/wp-content\/uploads\/2018\/02\/logo-2-e1518678052539.png","contentUrl":"https:\/\/tajkertesz.com\/wp-content\/uploads\/2018\/02\/logo-2-e1518678052539.png","width":81,"height":140,"caption":"T\u00e1j-Kert\u00e9sz 84 Kft."},"image":{"@id":"https:\/\/tajkertesz.com\/#\/schema\/logo\/image\/"},"sameAs":["https:\/\/www.facebook.com\/Tajkertesz\/"]}]}},"_links":{"self":[{"href":"https:\/\/tajkertesz.com\/en_US\/wp-json\/wp\/v2\/product\/5199","targetHints":{"allow":["GET"]}}],"collection":[{"href":"https:\/\/tajkertesz.com\/en_US\/wp-json\/wp\/v2\/product"}],"about":[{"href":"https:\/\/tajkertesz.com\/en_US\/wp-json\/wp\/v2\/types\/product"}],"wp:featuredmedia":[{"embeddable":true,"href":"https:\/\/tajkertesz.com\/en_US\/wp-json\/wp\/v2\/media\/4495"}],"wp:attachment":[{"href":"https:\/\/tajkertesz.com\/en_US\/wp-json\/wp\/v2\/media?parent=5199"}],"wp:term":[{"taxonomy":"product_brand","embeddable":true,"href":"https:\/\/tajkertesz.com\/en_US\/wp-json\/wp\/v2\/product_brand?post=5199"},{"taxonomy":"product_cat","embeddable":true,"href":"https:\/\/tajkertesz.com\/en_US\/wp-json\/wp\/v2\/product_cat?post=5199"},{"taxonomy":"product_tag","embeddable":true,"href":"https:\/\/tajkertesz.com\/en_US\/wp-json\/wp\/v2\/product_tag?post=5199"}],"curies":[{"name":"wp","href":"https:\/\/api.w.org\/{rel}","templated":true}]}}