{"id":5206,"date":"2021-05-21T06:19:47","date_gmt":"2021-05-21T06:19:47","guid":{"rendered":"https:\/\/tajkertesz.com\/?post_type=product&#038;p=5206"},"modified":"2022-02-14T15:11:29","modified_gmt":"2022-02-14T15:11:29","slug":"uv-stabil-folia-foliasatrakhoz-folia-65-m-x-015-szeles","status":"publish","type":"product","link":"https:\/\/tajkertesz.com\/en_US\/product\/uv-stabil-folia-foliasatrakhoz-folia-65-m-x-015-szeles\/","title":{"rendered":"UV stabil f\u00f3lia f\u00f3lias\u00e1trakhoz  f\u00f3lia 6,5 m x 0,15mm foly\u00f3m\u00e9terre v\u00e1s\u00e1rolhat\u00f3"},"content":{"rendered":"<h1 class=\"page-head-title product-page-head-title position-relative\">UV stabil f\u00f3lia f\u00f3lias\u00e1trakhoz f\u00f3lia 6,5 m x 0,15mm foly\u00f3m\u00e9terre v\u00e1s\u00e1rolhat\u00f3<\/h1>\n<p class=\"page-head-title product-page-head-title position-relative\">UV stabil f\u00f3lia f\u00f3lias\u00e1trakhoz f\u00f3lia 6,5 m x 0,15mm<\/p>\n<p><strong>1 foly\u00f3m\u00e9ter f\u00f3lia \u00e1ra 2.990. Ft, k\u00e9rj\u00fck jelezze mennyi foly\u00f3m\u00e9tert szeretne! <\/strong><\/p>\n<p><strong>N\u00e9gyzetm\u00e9ter \u00e1ra: 460 Ft<\/strong><\/p>\n<p>&nbsp;<\/p>\n<h3>Kisz\u00e1ll\u00edt\u00e1s: 200 cm \u00e9s 40 kg is a sz\u00e1ll\u00edt\u00e1s fut\u00e1rszolg\u00e1lattal t\u00f6rt\u00e9nik.<\/h3>\n<p style=\"line-height: 18.0pt; background: white; margin: 0cm 0cm 15.0pt 0cm;\"><b><span style=\"font-family: 'Ubuntu',serif; color: black;\">K\u00e9szlet\u00fcnk napi szinten v\u00e1ltozik, ez\u00e9rt k\u00e9rj\u00fck, \u00e9rdekl\u0151dj\u00f6n szem\u00e9lyesen, telefonon vagy email-en.<br \/>\nA v\u00e1ltoztat\u00e1s jog\u00e1t fenntartjuk!\u00a0<\/span><\/b><\/p>\n<p><a href=\"https:\/\/tajkertesz.com\/\">https:\/\/tajkertesz.com\/<\/a><\/p>\n<p><a href=\"https:\/\/www.facebook.com\/tajkertesz\">https:\/\/www.facebook.com\/tajkertesz<\/a><\/p>\n<p>&nbsp;<\/p>","protected":false},"excerpt":{"rendered":"<h1 class=\"page-head-title product-page-head-title position-relative\">UV stabil f\u00f3lia f\u00f3lias\u00e1trakhoz f\u00f3lia 6,5 m x 0,15mm foly\u00f3m\u00e9terre v\u00e1s\u00e1rolhat\u00f3<\/h1>\n<p class=\"page-head-title product-page-head-title position-relative\">UV stabil f\u00f3lia f\u00f3lias\u00e1trakhoz f\u00f3lia 6,5 m x 0,15mm<\/p>","protected":false},"featured_media":12383,"template":"","meta":{"_et_pb_use_builder":"","_et_pb_old_content":"","_et_gb_content_width":""},"product_brand":[],"product_cat":[1574],"product_tag":[1579,1580],"class_list":{"0":"post-5206","1":"product","2":"type-product","3":"status-publish","4":"has-post-thumbnail","6":"product_cat-foliak-geotextiliak-vakondhalok-talajtakaro-anyagok","7":"product_tag-folia","8":"product_tag-foliasatrakhoz","10":"first","11":"instock","12":"shipping-taxable","13":"purchasable","14":"product-type-simple"},"yoast_head":"<!-- This site is optimized with the Yoast SEO plugin v27.4 - https:\/\/yoast.com\/product\/yoast-seo-wordpress\/ -->\n<title>UV stabil f\u00f3lia f\u00f3lias\u00e1trakhoz.<\/title>\n<meta name=\"description\" content=\"UV stabil f\u00f3lia f\u00f3lias\u00e1trakhoz f\u00f3lia 6,5 m x 0,15mm foly\u00f3m\u00e9terre v\u00e1s\u00e1rolhat\u00f3, UV stabil f\u00f3lia f\u00f3lias\u00e1trakhoz f\u00f3lia 6,5 m x 0,15mm\" \/>\n<meta name=\"robots\" content=\"index, follow, max-snippet:-1, max-image-preview:large, max-video-preview:-1\" \/>\n<link rel=\"canonical\" href=\"https:\/\/tajkertesz.com\/en_US\/product\/uv-stabil-folia-foliasatrakhoz-folia-65-m-x-015-szeles\/\" \/>\n<meta property=\"og:locale\" content=\"en_US\" \/>\n<meta property=\"og:type\" content=\"article\" \/>\n<meta property=\"og:title\" content=\"UV stabil f\u00f3lia f\u00f3lias\u00e1trakhoz.\" \/>\n<meta property=\"og:description\" content=\"UV stabil f\u00f3lia f\u00f3lias\u00e1trakhoz f\u00f3lia 6,5 m x 0,15mm foly\u00f3m\u00e9terre v\u00e1s\u00e1rolhat\u00f3, UV stabil f\u00f3lia f\u00f3lias\u00e1trakhoz f\u00f3lia 6,5 m x 0,15mm\" \/>\n<meta property=\"og:url\" content=\"https:\/\/tajkertesz.com\/en_US\/product\/uv-stabil-folia-foliasatrakhoz-folia-65-m-x-015-szeles\/\" \/>\n<meta property=\"og:site_name\" content=\"T\u00e1jkert\u00e9sz\" \/>\n<meta property=\"article:publisher\" content=\"https:\/\/www.facebook.com\/Tajkertesz\/\" \/>\n<meta property=\"article:modified_time\" content=\"2022-02-14T15:11:29+00:00\" \/>\n<meta property=\"og:image\" content=\"https:\/\/tajkertesz.com\/wp-content\/uploads\/2021\/05\/Rubrik_Aufgaben_3-2.jpg\" \/>\n\t<meta property=\"og:image:width\" content=\"1500\" \/>\n\t<meta property=\"og:image:height\" content=\"718\" \/>\n\t<meta property=\"og:image:type\" content=\"image\/jpeg\" \/>\n<meta name=\"twitter:card\" content=\"summary_large_image\" \/>\n<meta name=\"twitter:label1\" content=\"Est. reading time\" \/>\n\t<meta name=\"twitter:data1\" content=\"1 minute\" \/>\n<script type=\"application\/ld+json\" class=\"yoast-schema-graph\">{\"@context\":\"https:\\\/\\\/schema.org\",\"@graph\":[{\"@type\":\"WebPage\",\"@id\":\"https:\\\/\\\/tajkertesz.com\\\/termek\\\/uv-stabil-folia-foliasatrakhoz-folia-65-m-x-015-szeles\\\/\",\"url\":\"https:\\\/\\\/tajkertesz.com\\\/termek\\\/uv-stabil-folia-foliasatrakhoz-folia-65-m-x-015-szeles\\\/\",\"name\":\"UV stabil f\u00f3lia f\u00f3lias\u00e1trakhoz.\",\"isPartOf\":{\"@id\":\"https:\\\/\\\/tajkertesz.com\\\/#website\"},\"primaryImageOfPage\":{\"@id\":\"https:\\\/\\\/tajkertesz.com\\\/termek\\\/uv-stabil-folia-foliasatrakhoz-folia-65-m-x-015-szeles\\\/#primaryimage\"},\"image\":{\"@id\":\"https:\\\/\\\/tajkertesz.com\\\/termek\\\/uv-stabil-folia-foliasatrakhoz-folia-65-m-x-015-szeles\\\/#primaryimage\"},\"thumbnailUrl\":\"https:\\\/\\\/tajkertesz.com\\\/wp-content\\\/uploads\\\/2021\\\/05\\\/Rubrik_Aufgaben_3-2.jpg\",\"datePublished\":\"2021-05-21T06:19:47+00:00\",\"dateModified\":\"2022-02-14T15:11:29+00:00\",\"description\":\"UV stabil f\u00f3lia f\u00f3lias\u00e1trakhoz f\u00f3lia 6,5 m x 0,15mm foly\u00f3m\u00e9terre v\u00e1s\u00e1rolhat\u00f3, UV stabil f\u00f3lia f\u00f3lias\u00e1trakhoz f\u00f3lia 6,5 m x 0,15mm\",\"breadcrumb\":{\"@id\":\"https:\\\/\\\/tajkertesz.com\\\/termek\\\/uv-stabil-folia-foliasatrakhoz-folia-65-m-x-015-szeles\\\/#breadcrumb\"},\"inLanguage\":\"en-US\",\"potentialAction\":[{\"@type\":\"ReadAction\",\"target\":[\"https:\\\/\\\/tajkertesz.com\\\/termek\\\/uv-stabil-folia-foliasatrakhoz-folia-65-m-x-015-szeles\\\/\"]}]},{\"@type\":\"ImageObject\",\"inLanguage\":\"en-US\",\"@id\":\"https:\\\/\\\/tajkertesz.com\\\/termek\\\/uv-stabil-folia-foliasatrakhoz-folia-65-m-x-015-szeles\\\/#primaryimage\",\"url\":\"https:\\\/\\\/tajkertesz.com\\\/wp-content\\\/uploads\\\/2021\\\/05\\\/Rubrik_Aufgaben_3-2.jpg\",\"contentUrl\":\"https:\\\/\\\/tajkertesz.com\\\/wp-content\\\/uploads\\\/2021\\\/05\\\/Rubrik_Aufgaben_3-2.jpg\",\"width\":1500,\"height\":718},{\"@type\":\"BreadcrumbList\",\"@id\":\"https:\\\/\\\/tajkertesz.com\\\/termek\\\/uv-stabil-folia-foliasatrakhoz-folia-65-m-x-015-szeles\\\/#breadcrumb\",\"itemListElement\":[{\"@type\":\"ListItem\",\"position\":1,\"name\":\"Home\",\"item\":\"https:\\\/\\\/tajkertesz.com\\\/\"},{\"@type\":\"ListItem\",\"position\":2,\"name\":\"Kezd\u0151lap\",\"item\":\"https:\\\/\\\/tajkertesz.com\\\/\"},{\"@type\":\"ListItem\",\"position\":3,\"name\":\"UV stabil f\u00f3lia f\u00f3lias\u00e1trakhoz f\u00f3lia 6,5 m x 0,15mm foly\u00f3m\u00e9terre v\u00e1s\u00e1rolhat\u00f3\"}]},{\"@type\":\"WebSite\",\"@id\":\"https:\\\/\\\/tajkertesz.com\\\/#website\",\"url\":\"https:\\\/\\\/tajkertesz.com\\\/\",\"name\":\"T\u00e1j-Kert\u00e9sz 84 Kft.\",\"description\":\"Kert\u00e9szeti kis- \u00e9s nagykeresked\u00e9s, D\u00edszn\u00f6v\u00e9ny web\u00e1ruh\u00e1z orsz\u00e1gos h\u00e1zhozsz\u00e1ll\u00edt\u00e1ssal!\",\"publisher\":{\"@id\":\"https:\\\/\\\/tajkertesz.com\\\/#organization\"},\"potentialAction\":[{\"@type\":\"SearchAction\",\"target\":{\"@type\":\"EntryPoint\",\"urlTemplate\":\"https:\\\/\\\/tajkertesz.com\\\/?s={search_term_string}\"},\"query-input\":{\"@type\":\"PropertyValueSpecification\",\"valueRequired\":true,\"valueName\":\"search_term_string\"}}],\"inLanguage\":\"en-US\"},{\"@type\":\"Organization\",\"@id\":\"https:\\\/\\\/tajkertesz.com\\\/#organization\",\"name\":\"T\u00e1j-Kert\u00e9sz 84 Kft.\",\"url\":\"https:\\\/\\\/tajkertesz.com\\\/\",\"logo\":{\"@type\":\"ImageObject\",\"inLanguage\":\"en-US\",\"@id\":\"https:\\\/\\\/tajkertesz.com\\\/#\\\/schema\\\/logo\\\/image\\\/\",\"url\":\"https:\\\/\\\/tajkertesz.com\\\/wp-content\\\/uploads\\\/2018\\\/02\\\/logo-2-e1518678052539.png\",\"contentUrl\":\"https:\\\/\\\/tajkertesz.com\\\/wp-content\\\/uploads\\\/2018\\\/02\\\/logo-2-e1518678052539.png\",\"width\":81,\"height\":140,\"caption\":\"T\u00e1j-Kert\u00e9sz 84 Kft.\"},\"image\":{\"@id\":\"https:\\\/\\\/tajkertesz.com\\\/#\\\/schema\\\/logo\\\/image\\\/\"},\"sameAs\":[\"https:\\\/\\\/www.facebook.com\\\/Tajkertesz\\\/\"]}]}<\/script>\n<!-- \/ Yoast SEO plugin. -->","yoast_head_json":{"title":"UV stabil f\u00f3lia f\u00f3lias\u00e1trakhoz.","description":"UV stabil f\u00f3lia f\u00f3lias\u00e1trakhoz f\u00f3lia 6,5 m x 0,15mm foly\u00f3m\u00e9terre v\u00e1s\u00e1rolhat\u00f3, UV stabil f\u00f3lia f\u00f3lias\u00e1trakhoz f\u00f3lia 6,5 m x 0,15mm","robots":{"index":"index","follow":"follow","max-snippet":"max-snippet:-1","max-image-preview":"max-image-preview:large","max-video-preview":"max-video-preview:-1"},"canonical":"https:\/\/tajkertesz.com\/en_US\/product\/uv-stabil-folia-foliasatrakhoz-folia-65-m-x-015-szeles\/","og_locale":"en_US","og_type":"article","og_title":"UV stabil f\u00f3lia f\u00f3lias\u00e1trakhoz.","og_description":"UV stabil f\u00f3lia f\u00f3lias\u00e1trakhoz f\u00f3lia 6,5 m x 0,15mm foly\u00f3m\u00e9terre v\u00e1s\u00e1rolhat\u00f3, UV stabil f\u00f3lia f\u00f3lias\u00e1trakhoz f\u00f3lia 6,5 m x 0,15mm","og_url":"https:\/\/tajkertesz.com\/en_US\/product\/uv-stabil-folia-foliasatrakhoz-folia-65-m-x-015-szeles\/","og_site_name":"T\u00e1jkert\u00e9sz","article_publisher":"https:\/\/www.facebook.com\/Tajkertesz\/","article_modified_time":"2022-02-14T15:11:29+00:00","og_image":[{"width":1500,"height":718,"url":"https:\/\/tajkertesz.com\/wp-content\/uploads\/2021\/05\/Rubrik_Aufgaben_3-2.jpg","type":"image\/jpeg"}],"twitter_card":"summary_large_image","twitter_misc":{"Est. reading time":"1 minute"},"schema":{"@context":"https:\/\/schema.org","@graph":[{"@type":"WebPage","@id":"https:\/\/tajkertesz.com\/termek\/uv-stabil-folia-foliasatrakhoz-folia-65-m-x-015-szeles\/","url":"https:\/\/tajkertesz.com\/termek\/uv-stabil-folia-foliasatrakhoz-folia-65-m-x-015-szeles\/","name":"UV stabil f\u00f3lia f\u00f3lias\u00e1trakhoz.","isPartOf":{"@id":"https:\/\/tajkertesz.com\/#website"},"primaryImageOfPage":{"@id":"https:\/\/tajkertesz.com\/termek\/uv-stabil-folia-foliasatrakhoz-folia-65-m-x-015-szeles\/#primaryimage"},"image":{"@id":"https:\/\/tajkertesz.com\/termek\/uv-stabil-folia-foliasatrakhoz-folia-65-m-x-015-szeles\/#primaryimage"},"thumbnailUrl":"https:\/\/tajkertesz.com\/wp-content\/uploads\/2021\/05\/Rubrik_Aufgaben_3-2.jpg","datePublished":"2021-05-21T06:19:47+00:00","dateModified":"2022-02-14T15:11:29+00:00","description":"UV stabil f\u00f3lia f\u00f3lias\u00e1trakhoz f\u00f3lia 6,5 m x 0,15mm foly\u00f3m\u00e9terre v\u00e1s\u00e1rolhat\u00f3, UV stabil f\u00f3lia f\u00f3lias\u00e1trakhoz f\u00f3lia 6,5 m x 0,15mm","breadcrumb":{"@id":"https:\/\/tajkertesz.com\/termek\/uv-stabil-folia-foliasatrakhoz-folia-65-m-x-015-szeles\/#breadcrumb"},"inLanguage":"en-US","potentialAction":[{"@type":"ReadAction","target":["https:\/\/tajkertesz.com\/termek\/uv-stabil-folia-foliasatrakhoz-folia-65-m-x-015-szeles\/"]}]},{"@type":"ImageObject","inLanguage":"en-US","@id":"https:\/\/tajkertesz.com\/termek\/uv-stabil-folia-foliasatrakhoz-folia-65-m-x-015-szeles\/#primaryimage","url":"https:\/\/tajkertesz.com\/wp-content\/uploads\/2021\/05\/Rubrik_Aufgaben_3-2.jpg","contentUrl":"https:\/\/tajkertesz.com\/wp-content\/uploads\/2021\/05\/Rubrik_Aufgaben_3-2.jpg","width":1500,"height":718},{"@type":"BreadcrumbList","@id":"https:\/\/tajkertesz.com\/termek\/uv-stabil-folia-foliasatrakhoz-folia-65-m-x-015-szeles\/#breadcrumb","itemListElement":[{"@type":"ListItem","position":1,"name":"Home","item":"https:\/\/tajkertesz.com\/"},{"@type":"ListItem","position":2,"name":"Kezd\u0151lap","item":"https:\/\/tajkertesz.com\/"},{"@type":"ListItem","position":3,"name":"UV stabil f\u00f3lia f\u00f3lias\u00e1trakhoz f\u00f3lia 6,5 m x 0,15mm foly\u00f3m\u00e9terre v\u00e1s\u00e1rolhat\u00f3"}]},{"@type":"WebSite","@id":"https:\/\/tajkertesz.com\/#website","url":"https:\/\/tajkertesz.com\/","name":"T\u00e1j-Kert\u00e9sz 84 Kft.","description":"Kert\u00e9szeti kis- \u00e9s nagykeresked\u00e9s, D\u00edszn\u00f6v\u00e9ny web\u00e1ruh\u00e1z orsz\u00e1gos h\u00e1zhozsz\u00e1ll\u00edt\u00e1ssal!","publisher":{"@id":"https:\/\/tajkertesz.com\/#organization"},"potentialAction":[{"@type":"SearchAction","target":{"@type":"EntryPoint","urlTemplate":"https:\/\/tajkertesz.com\/?s={search_term_string}"},"query-input":{"@type":"PropertyValueSpecification","valueRequired":true,"valueName":"search_term_string"}}],"inLanguage":"en-US"},{"@type":"Organization","@id":"https:\/\/tajkertesz.com\/#organization","name":"T\u00e1j-Kert\u00e9sz 84 Kft.","url":"https:\/\/tajkertesz.com\/","logo":{"@type":"ImageObject","inLanguage":"en-US","@id":"https:\/\/tajkertesz.com\/#\/schema\/logo\/image\/","url":"https:\/\/tajkertesz.com\/wp-content\/uploads\/2018\/02\/logo-2-e1518678052539.png","contentUrl":"https:\/\/tajkertesz.com\/wp-content\/uploads\/2018\/02\/logo-2-e1518678052539.png","width":81,"height":140,"caption":"T\u00e1j-Kert\u00e9sz 84 Kft."},"image":{"@id":"https:\/\/tajkertesz.com\/#\/schema\/logo\/image\/"},"sameAs":["https:\/\/www.facebook.com\/Tajkertesz\/"]}]}},"_links":{"self":[{"href":"https:\/\/tajkertesz.com\/en_US\/wp-json\/wp\/v2\/product\/5206","targetHints":{"allow":["GET"]}}],"collection":[{"href":"https:\/\/tajkertesz.com\/en_US\/wp-json\/wp\/v2\/product"}],"about":[{"href":"https:\/\/tajkertesz.com\/en_US\/wp-json\/wp\/v2\/types\/product"}],"wp:featuredmedia":[{"embeddable":true,"href":"https:\/\/tajkertesz.com\/en_US\/wp-json\/wp\/v2\/media\/12383"}],"wp:attachment":[{"href":"https:\/\/tajkertesz.com\/en_US\/wp-json\/wp\/v2\/media?parent=5206"}],"wp:term":[{"taxonomy":"product_brand","embeddable":true,"href":"https:\/\/tajkertesz.com\/en_US\/wp-json\/wp\/v2\/product_brand?post=5206"},{"taxonomy":"product_cat","embeddable":true,"href":"https:\/\/tajkertesz.com\/en_US\/wp-json\/wp\/v2\/product_cat?post=5206"},{"taxonomy":"product_tag","embeddable":true,"href":"https:\/\/tajkertesz.com\/en_US\/wp-json\/wp\/v2\/product_tag?post=5206"}],"curies":[{"name":"wp","href":"https:\/\/api.w.org\/{rel}","templated":true}]}}