{"id":5214,"date":"2021-05-21T06:45:42","date_gmt":"2021-05-21T06:45:42","guid":{"rendered":"https:\/\/tajkertesz.com\/?post_type=product&#038;p=5214"},"modified":"2026-02-17T14:11:16","modified_gmt":"2026-02-17T14:11:16","slug":"vilagjaro-keszulek-mrbp","status":"publish","type":"product","link":"https:\/\/tajkertesz.com\/en_US\/product\/vilagjaro-keszulek-mrbp\/","title":{"rendered":"Thermacell Vil\u00e1gj\u00e1r\u00f3 k\u00e9sz\u00fcl\u00e9k MRBP"},"content":{"rendered":"<div class=\"artdet__name-rating d-none d-lg-block\">\n<div class=\"row gutters-5\">\n<div class=\"col\">\n<div class=\"artdet__name-pagination-wrap d-flex\">\n<div class=\"top product-page-top\">\n<div class=\"center product-page-center\">\n<div class=\"artdet__name-pagination-wrap d-flex\">\n<div class=\"summary entry-summary\">\n<div class=\"elementor-column elementor-col-50 elementor-inner-column elementor-element elementor-element-072daa9\" data-id=\"072daa9\" data-element_type=\"column\">\n<div class=\"elementor-widget-wrap elementor-element-populated\">\n<div class=\"elementor-element elementor-element-54ae97b elementor-widget__width-auto elementor-widget elementor-widget-jet-single-title\" data-id=\"54ae97b\" data-element_type=\"widget\" data-widget_type=\"jet-single-title.default\">\n<div class=\"elementor-widget-container\">\n<div class=\"elementor-jet-single-title jet-woo-builder\">\n<h2>Thermacell Vil\u00e1gj\u00e1r\u00f3 k\u00e9sz\u00fcl\u00e9k MRBP<\/h2>\n<p>&nbsp;<\/p>\n<p>Vil\u00e1gj\u00e1r\u00f3 k\u00e9sz\u00fcl\u00e9k MRBP:<\/p>\n<p>Minden kir\u00e1ndul\u00e1s \u00e1tgondolt el\u0151k\u00e9sz\u00fcleteket<br \/>\nk\u00edv\u00e1n meg. A csomagok s\u00falya \u00e9s a v\u00e9rsz\u00edv\u00f3k elleni<br \/>\nv\u00e9delem a legfontosabb szempontok k\u00f6z\u00e9 tartozik.<br \/>\nAhol minden centi \u00e9s minden gramm sz\u00e1m\u00edt, ott<br \/>\na v\u00e1ltozatlan sz\u00fanyogok elleni v\u00e9delem mellett,<br \/>\nkisebb m\u00e9ret\u00e9vel a VIL\u00c1GJ\u00c1R\u00d3 az ide\u00e1lis v\u00e1laszt\u00e1s.<\/p>\n<p>A kemping g\u00e1zpalack nem tartoz\u00e9k<\/p>\n<p>Ut\u00e1nt\u00f6lt\u0151k:<br \/>\nM24 \u00e9s M48<\/p>\n<p>A praktikus VIL\u00c1GJ\u00c1R\u00d3 K\u00c9SZ\u00dcL\u00c9K a mi kompakt megold\u00e1sunk. Kemping g\u00e1zpalckr\u00f3l* (nem<br \/>\ntartoz\u00e9k) m\u0171k\u00f6dtethet\u0151, megb\u00edzhat\u00f3, energiatakar\u00e9kos \u00e9s hat\u00e9konyan v\u00e9d a sz\u00fanyogok ellen<br \/>\neg\u00e9sz \u00e9jjel. Kevesebb g\u00e1zt haszn\u00e1l mint ami egy ed\u00e9ny v\u00edz felforral\u00e1s\u00e1hoz kell. K\u00f6rnyezetbar\u00e1t<br \/>\n\u00e9s hat\u00e9konys\u00e1g\u00e1val k\u00edm\u00e9li a term\u00e9szetes energiaforr\u00e1sokat.<br \/>\nKIR\u00c1NDUL\u00c1SHOZ ELENGEDHETETLEN<br \/>\n* minden 7\/16\u201d \u2013 28 UNEF menettel forgalmazott<br \/>\nkemping g\u00e1zpalackkal haszn\u00e1lhat\u00f3<\/p>\n<\/div>\n<\/div>\n<\/div>\n<\/div>\n<\/div>\n<div class=\"elementor-column elementor-col-50 elementor-inner-column elementor-element elementor-element-072daa9\" data-id=\"072daa9\" data-element_type=\"column\">\n<div class=\"elementor-widget-wrap elementor-element-populated\">\n<div class=\"elementor-element elementor-element-54ae97b elementor-widget__width-auto elementor-widget elementor-widget-jet-single-title\" data-id=\"54ae97b\" data-element_type=\"widget\" data-widget_type=\"jet-single-title.default\">\n<div class=\"elementor-widget-container\">\n<div class=\"elementor-jet-single-title jet-woo-builder\">\n<p>&nbsp;<\/p>\n<\/div>\n<\/div>\n<\/div>\n<\/div>\n<\/div>\n<\/div>\n<\/div>\n<\/div>\n<\/div>\n<\/div>\n<\/div>\n<\/div>\n<\/div>\n<div><a href=\"https:\/\/www.facebook.com\/tajkertesz\">https:\/\/www.facebook.com\/tajkertesz<\/a><\/div>\n<div>\n<p><a href=\"https:\/\/tajkertesz.com\/\">https:\/\/tajkertesz.com\/<\/a><\/p>\n<\/div>\n<p>&nbsp;<\/p>\n<p><span style=\"color: #ffffff;\">Elengedhetetlen fontoss\u00e1g\u00fa annak ismerete, hogy melyik\u00a0<i>rovarriaszt\u00f3<\/i>\u00a0term\u00e9kek kisz\u00e1m\u00edthat\u00f3k \u00e9s tart\u00f3s v\u00e9delmet ny\u00fajtanak. K\u00f6zel 100%-os v\u00e9delem \u00e9rhet\u0151 el, ha hosszabb hat\u00e1startam\u00fa rovar\u0171z\u0151 szereket c\u00e9lszer\u0171 haszn\u00e1lunk, kombin\u00e1lva\u00a0<i>permetrinnel<\/i> kezelt ruh\u00e1zattal. Ugyanolyan szem\u00e9lyi v\u00e9delmi int\u00e9zked\u00e9seket kell foganatos\u00edtani kullancsok \u00e9s cs\u00edp\u0151s rovarok, legyek eset\u00e9ben, mint a sz\u00fanyogokn\u00e1l, mert ezek az \u00e9l\u0151sk\u00f6d\u0151k is tov\u00e1bb\u00edtja a Lyme-k\u00f3rt, kullancsencephalitist, visszat\u00e9r\u0151 l\u00e1zt, t\u00edfuszt, leishmaniasist, onchocerciasist, trypanosomiasist, \u00e9s sz\u00e1mos m\u00e1s tr\u00f3pusi \u00e9s fert\u0151z\u0151 betegs\u00e9geket.<\/span><\/p>\n<p><span style=\"color: #ffffff;\">A\u00a0<b>permetrin:<\/b><\/span><\/p>\n<p><span style=\"color: #ffffff;\">a piretroidok k\u00f6z\u00e9 tartoz\u00f3 rovar- \u00e9s atkairt\u00f3 hat\u00f3anyag, amelyet tet\u0171- \u00e9s bolhairt\u00f3k\u00e9nt a hum\u00e1n- \u00e9s \u00e1llatgy\u00f3gy\u00e1szatban, biocidk\u00e9nt pedig \u00e1ltal\u00e1nos rovarirt\u00f3szerekben alkalmaznak. K\u00f6rnyezetk\u00e1ros\u00edt\u00f3 hat\u00e1sa miatt 2003 \u00f3ta az Eur\u00f3pai Uni\u00f3ban nem haszn\u00e1lhat\u00f3 n\u00f6v\u00e9nyv\u00e9d\u0151szerk\u00e9nt. Az \u0151szi margitvir\u00e1gban tal\u00e1lhat\u00f3 term\u00e9szetes rovar\u00f6l\u0151 anyag alapj\u00e1n fejlesztett\u00e9k ki, majd kezdt\u00e9k el ipari gy\u00e1rt\u00e1s\u00e1t.<\/span><\/p>\n<p><b>K\u00e9szlet\u00fcnk napi szinten v\u00e1ltozik, ez\u00e9rt k\u00e9rj\u00fck, \u00e9rdekl\u0151dj\u00f6n szem\u00e9lyesen, telefonon vagy email-en.<br \/>\nA v\u00e1ltoztat\u00e1s jog\u00e1t fenntartjuk!\u00a0<\/b><\/p>","protected":false},"excerpt":{"rendered":"<div class=\"artdet__name-rating d-none d-lg-block\">\n<div class=\"row gutters-5\">\n<div class=\"col\">\n<div class=\"artdet__name-rating d-none d-lg-block\">\n<div class=\"row gutters-5\">\n<div class=\"col\">\n<div class=\"artdet__name-rating d-none d-lg-block\">\n<div class=\"row gutters-5\">\n<div class=\"col\">\n<div class=\"artdet__name-rating d-none d-lg-block\">\n<div class=\"row gutters-5\">\n<div class=\"col\">\n<div class=\"artdet__name-rating d-none d-lg-block\">\n<div class=\"row gutters-5\">\n<div class=\"col\">\n<div class=\"artdet__name-rating d-none d-lg-block\">\n<div class=\"row gutters-5\">\n<div class=\"col\">\n<div class=\"artdet__name-rating d-none d-lg-block\">\n<div class=\"row gutters-5\">\n<div class=\"col\">\n<div class=\"artdet__name-rating d-none d-lg-block\">\n<div class=\"row gutters-5\">\n<div class=\"col\">\n<div class=\"artdet__name-rating d-none d-lg-block\">\n<div class=\"row gutters-5\">\n<div class=\"col\">\n<div class=\"artdet__name-rating d-none d-lg-block\">\n<div class=\"row gutters-5\">\n<div class=\"col\">\n<div class=\"artdet__name-rating d-none d-lg-block\">\n<div class=\"row gutters-5\">\n<div class=\"col\">\n<div class=\"artdet__name-rating d-none d-lg-block\">\n<div class=\"row gutters-5\">\n<div class=\"col\">\n<div class=\"artdet__name-pagination-wrap d-flex\">\n<div class=\"artdet__name-pagination-wrap d-flex\">\n<div class=\"artdet__name-pagination-wrap d-flex\">\n<div class=\"artdet__name-pagination-wrap d-flex\">\n<div class=\"artdet__name-rating d-none d-lg-block\">\n<div class=\"row gutters-5\">\n<div class=\"col\">\n<div class=\"artdet__name-pagination-wrap d-flex\">\n<div class=\"artdet__name-pagination-wrap d-flex\">\n<div class=\"artdet__name-pagination-wrap d-flex\">\n<div class=\"top product-page-top\">\n<div class=\"center product-page-center\">\n<div class=\"elementor-column elementor-col-50 elementor-inner-column elementor-element elementor-element-072daa9\" data-id=\"072daa9\" data-element_type=\"column\">\n<div class=\"elementor-widget-wrap elementor-element-populated\">\n<div class=\"elementor-element elementor-element-54ae97b elementor-widget__width-auto elementor-widget elementor-widget-jet-single-title\" data-id=\"54ae97b\" data-element_type=\"widget\" data-widget_type=\"jet-single-title.default\">\n<div class=\"elementor-widget-container\">\n<div class=\"elementor-jet-single-title jet-woo-builder\">\n<div class=\"elementor-column elementor-col-50 elementor-inner-column elementor-element elementor-element-072daa9\" data-id=\"072daa9\" data-element_type=\"column\">\n<div class=\"elementor-widget-wrap elementor-element-populated\">\n<div class=\"elementor-element elementor-element-54ae97b elementor-widget__width-auto elementor-widget elementor-widget-jet-single-title\" data-id=\"54ae97b\" data-element_type=\"widget\" data-widget_type=\"jet-single-title.default\">\n<div class=\"elementor-widget-container\">\n<div class=\"elementor-jet-single-title jet-woo-builder\">\n<div class=\"elementor-column elementor-col-50 elementor-inner-column elementor-element elementor-element-072daa9\" data-id=\"072daa9\" data-element_type=\"column\">\n<div class=\"elementor-widget-wrap elementor-element-populated\">\n<div class=\"elementor-element elementor-element-54ae97b elementor-widget__width-auto elementor-widget elementor-widget-jet-single-title\" data-id=\"54ae97b\" data-element_type=\"widget\" data-widget_type=\"jet-single-title.default\">\n<div class=\"elementor-widget-container\">\n<div class=\"elementor-jet-single-title jet-woo-builder\">\n<div class=\"elementor-column elementor-col-50 elementor-inner-column elementor-element elementor-element-072daa9\" data-id=\"072daa9\" data-element_type=\"column\">\n<div class=\"elementor-widget-wrap elementor-element-populated\">\n<div class=\"elementor-element elementor-element-54ae97b elementor-widget__width-auto elementor-widget elementor-widget-jet-single-title\" data-id=\"54ae97b\" data-element_type=\"widget\" data-widget_type=\"jet-single-title.default\">\n<div class=\"elementor-widget-container\">\n<div class=\"elementor-jet-single-title jet-woo-builder\">\n<div class=\"elementor-column elementor-col-50 elementor-inner-column elementor-element elementor-element-072daa9\" data-id=\"072daa9\" data-element_type=\"column\">\n<div class=\"elementor-widget-wrap elementor-element-populated\">\n<div class=\"elementor-element elementor-element-54ae97b elementor-widget__width-auto elementor-widget elementor-widget-jet-single-title\" data-id=\"54ae97b\" data-element_type=\"widget\" data-widget_type=\"jet-single-title.default\">\n<div class=\"elementor-widget-container\">\n<div class=\"elementor-jet-single-title jet-woo-builder\">\n<p>Vil\u00e1gj\u00e1r\u00f3 k\u00e9sz\u00fcl\u00e9k MRBP:<\/p>\n<p>Minden kir\u00e1ndul\u00e1s \u00e1tgondolt el\u0151k\u00e9sz\u00fcleteket<br \/>\nk\u00edv\u00e1n meg. A csomagok s\u00falya \u00e9s a v\u00e9rsz\u00edv\u00f3k elleni<br \/>\nv\u00e9delem a legfontosabb szempontok k\u00f6z\u00e9 tartozik.<br \/>\nAhol minden centi \u00e9s minden gramm sz\u00e1m\u00edt, ott<br \/>\na v\u00e1ltozatlan sz\u00fanyogok elleni v\u00e9delem mellett,<br \/>\nkisebb m\u00e9ret\u00e9vel a VIL\u00c1GJ\u00c1R\u00d3 az ide\u00e1lis v\u00e1laszt\u00e1s.<\/p>\n<\/div>\n<\/div>\n<\/div>\n<\/div>\n<\/div>\n<\/div>\n<\/div>\n<\/div>\n<\/div>\n<\/div>\n<\/div>\n<\/div>\n<\/div>\n<\/div>\n<\/div>\n<\/div>\n<\/div>\n<\/div>\n<\/div>\n<\/div>\n<\/div>\n<\/div>\n<\/div>\n<\/div>\n<\/div>\n<\/div>\n<\/div>\n<\/div>\n<\/div>\n<\/div>\n<\/div>\n<\/div>\n<\/div>\n<\/div>\n<\/div>\n<\/div>\n<\/div>\n<\/div>\n<\/div>\n<\/div>\n<\/div>\n<\/div>\n<\/div>\n<\/div>\n<\/div>\n<\/div>\n<\/div>\n<\/div>\n<\/div>\n<\/div>\n<\/div>\n<\/div>\n<\/div>\n<\/div>\n<\/div>\n<\/div>\n<\/div>\n<\/div>\n<\/div>\n<\/div>\n<\/div>\n<\/div>\n<\/div>\n<\/div>\n<\/div>\n<\/div>\n<\/div>\n<\/div>\n<\/div>\n<\/div>\n<\/div>\n<\/div>\n<\/div>","protected":false},"featured_media":5215,"template":"","meta":{"_et_pb_use_builder":"","_et_pb_old_content":"","_et_gb_content_width":""},"product_brand":[],"product_cat":[4087],"product_tag":[1583,1582,1581],"class_list":{"0":"post-5214","1":"product","2":"type-product","3":"status-publish","4":"has-post-thumbnail","6":"product_cat-thermacell","7":"product_tag-riaszto","8":"product_tag-szugyog","9":"product_tag-thermacell","11":"first","12":"outofstock","13":"shipping-taxable","14":"purchasable","15":"product-type-simple"},"yoast_head":"<!-- This site is optimized with the Yoast SEO plugin v27.4 - https:\/\/yoast.com\/product\/yoast-seo-wordpress\/ -->\n<title>Thermacell Vil\u00e1gj\u00e1r\u00f3 k\u00e9sz\u00fcl\u00e9k MRBP - T\u00e1jkert\u00e9sz<\/title>\n<meta name=\"description\" content=\"Vil\u00e1gj\u00e1r\u00f3 k\u00e9sz\u00fcl\u00e9k MRBP:Minden kir\u00e1ndul\u00e1s \u00e1tgondolt el\u0151k\u00e9sz\u00fcleteket k\u00edv\u00e1n meg. A csomagok s\u00falya \u00e9s a v\u00e9rsz\u00edv\u00f3k elleni v\u00e9delem a legfontosabb\" \/>\n<meta name=\"robots\" content=\"index, follow, max-snippet:-1, max-image-preview:large, max-video-preview:-1\" \/>\n<link rel=\"canonical\" href=\"https:\/\/tajkertesz.com\/en_US\/product\/vilagjaro-keszulek-mrbp\/\" \/>\n<meta property=\"og:locale\" content=\"en_US\" \/>\n<meta property=\"og:type\" content=\"article\" \/>\n<meta property=\"og:title\" content=\"Thermacell Vil\u00e1gj\u00e1r\u00f3 k\u00e9sz\u00fcl\u00e9k MRBP - T\u00e1jkert\u00e9sz\" \/>\n<meta property=\"og:description\" content=\"Vil\u00e1gj\u00e1r\u00f3 k\u00e9sz\u00fcl\u00e9k MRBP:Minden kir\u00e1ndul\u00e1s \u00e1tgondolt el\u0151k\u00e9sz\u00fcleteket k\u00edv\u00e1n meg. A csomagok s\u00falya \u00e9s a v\u00e9rsz\u00edv\u00f3k elleni v\u00e9delem a legfontosabb\" \/>\n<meta property=\"og:url\" content=\"https:\/\/tajkertesz.com\/en_US\/product\/vilagjaro-keszulek-mrbp\/\" \/>\n<meta property=\"og:site_name\" content=\"T\u00e1jkert\u00e9sz\" \/>\n<meta property=\"article:publisher\" content=\"https:\/\/www.facebook.com\/Tajkertesz\/\" \/>\n<meta property=\"article:modified_time\" content=\"2026-02-17T14:11:16+00:00\" \/>\n<meta property=\"og:image\" content=\"https:\/\/tajkertesz.com\/wp-content\/uploads\/2021\/05\/186532403_5699440966797816_8744844235582343272_n.png\" \/>\n\t<meta property=\"og:image:width\" content=\"404\" \/>\n\t<meta property=\"og:image:height\" content=\"495\" \/>\n\t<meta property=\"og:image:type\" content=\"image\/png\" \/>\n<meta name=\"twitter:card\" content=\"summary_large_image\" \/>\n<meta name=\"twitter:label1\" content=\"Est. reading time\" \/>\n\t<meta name=\"twitter:data1\" content=\"2 minutes\" \/>\n<script type=\"application\/ld+json\" class=\"yoast-schema-graph\">{\"@context\":\"https:\\\/\\\/schema.org\",\"@graph\":[{\"@type\":\"WebPage\",\"@id\":\"https:\\\/\\\/tajkertesz.com\\\/termek\\\/vilagjaro-keszulek-mrbp\\\/\",\"url\":\"https:\\\/\\\/tajkertesz.com\\\/termek\\\/vilagjaro-keszulek-mrbp\\\/\",\"name\":\"Thermacell Vil\u00e1gj\u00e1r\u00f3 k\u00e9sz\u00fcl\u00e9k MRBP - T\u00e1jkert\u00e9sz\",\"isPartOf\":{\"@id\":\"https:\\\/\\\/tajkertesz.com\\\/#website\"},\"primaryImageOfPage\":{\"@id\":\"https:\\\/\\\/tajkertesz.com\\\/termek\\\/vilagjaro-keszulek-mrbp\\\/#primaryimage\"},\"image\":{\"@id\":\"https:\\\/\\\/tajkertesz.com\\\/termek\\\/vilagjaro-keszulek-mrbp\\\/#primaryimage\"},\"thumbnailUrl\":\"https:\\\/\\\/tajkertesz.com\\\/wp-content\\\/uploads\\\/2021\\\/05\\\/186532403_5699440966797816_8744844235582343272_n.png\",\"datePublished\":\"2021-05-21T06:45:42+00:00\",\"dateModified\":\"2026-02-17T14:11:16+00:00\",\"description\":\"Vil\u00e1gj\u00e1r\u00f3 k\u00e9sz\u00fcl\u00e9k MRBP:Minden kir\u00e1ndul\u00e1s \u00e1tgondolt el\u0151k\u00e9sz\u00fcleteket k\u00edv\u00e1n meg. A csomagok s\u00falya \u00e9s a v\u00e9rsz\u00edv\u00f3k elleni v\u00e9delem a legfontosabb\",\"breadcrumb\":{\"@id\":\"https:\\\/\\\/tajkertesz.com\\\/termek\\\/vilagjaro-keszulek-mrbp\\\/#breadcrumb\"},\"inLanguage\":\"en-US\",\"potentialAction\":[{\"@type\":\"ReadAction\",\"target\":[\"https:\\\/\\\/tajkertesz.com\\\/termek\\\/vilagjaro-keszulek-mrbp\\\/\"]}]},{\"@type\":\"ImageObject\",\"inLanguage\":\"en-US\",\"@id\":\"https:\\\/\\\/tajkertesz.com\\\/termek\\\/vilagjaro-keszulek-mrbp\\\/#primaryimage\",\"url\":\"https:\\\/\\\/tajkertesz.com\\\/wp-content\\\/uploads\\\/2021\\\/05\\\/186532403_5699440966797816_8744844235582343272_n.png\",\"contentUrl\":\"https:\\\/\\\/tajkertesz.com\\\/wp-content\\\/uploads\\\/2021\\\/05\\\/186532403_5699440966797816_8744844235582343272_n.png\",\"width\":404,\"height\":495},{\"@type\":\"BreadcrumbList\",\"@id\":\"https:\\\/\\\/tajkertesz.com\\\/termek\\\/vilagjaro-keszulek-mrbp\\\/#breadcrumb\",\"itemListElement\":[{\"@type\":\"ListItem\",\"position\":1,\"name\":\"Home\",\"item\":\"https:\\\/\\\/tajkertesz.com\\\/\"},{\"@type\":\"ListItem\",\"position\":2,\"name\":\"Kezd\u0151lap\",\"item\":\"https:\\\/\\\/tajkertesz.com\\\/\"},{\"@type\":\"ListItem\",\"position\":3,\"name\":\"Thermacell Vil\u00e1gj\u00e1r\u00f3 k\u00e9sz\u00fcl\u00e9k MRBP\"}]},{\"@type\":\"WebSite\",\"@id\":\"https:\\\/\\\/tajkertesz.com\\\/#website\",\"url\":\"https:\\\/\\\/tajkertesz.com\\\/\",\"name\":\"T\u00e1j-Kert\u00e9sz 84 Kft.\",\"description\":\"Kert\u00e9szeti kis- \u00e9s nagykeresked\u00e9s, D\u00edszn\u00f6v\u00e9ny web\u00e1ruh\u00e1z orsz\u00e1gos h\u00e1zhozsz\u00e1ll\u00edt\u00e1ssal!\",\"publisher\":{\"@id\":\"https:\\\/\\\/tajkertesz.com\\\/#organization\"},\"potentialAction\":[{\"@type\":\"SearchAction\",\"target\":{\"@type\":\"EntryPoint\",\"urlTemplate\":\"https:\\\/\\\/tajkertesz.com\\\/?s={search_term_string}\"},\"query-input\":{\"@type\":\"PropertyValueSpecification\",\"valueRequired\":true,\"valueName\":\"search_term_string\"}}],\"inLanguage\":\"en-US\"},{\"@type\":\"Organization\",\"@id\":\"https:\\\/\\\/tajkertesz.com\\\/#organization\",\"name\":\"T\u00e1j-Kert\u00e9sz 84 Kft.\",\"url\":\"https:\\\/\\\/tajkertesz.com\\\/\",\"logo\":{\"@type\":\"ImageObject\",\"inLanguage\":\"en-US\",\"@id\":\"https:\\\/\\\/tajkertesz.com\\\/#\\\/schema\\\/logo\\\/image\\\/\",\"url\":\"https:\\\/\\\/tajkertesz.com\\\/wp-content\\\/uploads\\\/2018\\\/02\\\/logo-2-e1518678052539.png\",\"contentUrl\":\"https:\\\/\\\/tajkertesz.com\\\/wp-content\\\/uploads\\\/2018\\\/02\\\/logo-2-e1518678052539.png\",\"width\":81,\"height\":140,\"caption\":\"T\u00e1j-Kert\u00e9sz 84 Kft.\"},\"image\":{\"@id\":\"https:\\\/\\\/tajkertesz.com\\\/#\\\/schema\\\/logo\\\/image\\\/\"},\"sameAs\":[\"https:\\\/\\\/www.facebook.com\\\/Tajkertesz\\\/\"]}]}<\/script>\n<!-- \/ Yoast SEO plugin. -->","yoast_head_json":{"title":"Thermacell Vil\u00e1gj\u00e1r\u00f3 k\u00e9sz\u00fcl\u00e9k MRBP - T\u00e1jkert\u00e9sz","description":"Vil\u00e1gj\u00e1r\u00f3 k\u00e9sz\u00fcl\u00e9k MRBP:Minden kir\u00e1ndul\u00e1s \u00e1tgondolt el\u0151k\u00e9sz\u00fcleteket k\u00edv\u00e1n meg. A csomagok s\u00falya \u00e9s a v\u00e9rsz\u00edv\u00f3k elleni v\u00e9delem a legfontosabb","robots":{"index":"index","follow":"follow","max-snippet":"max-snippet:-1","max-image-preview":"max-image-preview:large","max-video-preview":"max-video-preview:-1"},"canonical":"https:\/\/tajkertesz.com\/en_US\/product\/vilagjaro-keszulek-mrbp\/","og_locale":"en_US","og_type":"article","og_title":"Thermacell Vil\u00e1gj\u00e1r\u00f3 k\u00e9sz\u00fcl\u00e9k MRBP - T\u00e1jkert\u00e9sz","og_description":"Vil\u00e1gj\u00e1r\u00f3 k\u00e9sz\u00fcl\u00e9k MRBP:Minden kir\u00e1ndul\u00e1s \u00e1tgondolt el\u0151k\u00e9sz\u00fcleteket k\u00edv\u00e1n meg. A csomagok s\u00falya \u00e9s a v\u00e9rsz\u00edv\u00f3k elleni v\u00e9delem a legfontosabb","og_url":"https:\/\/tajkertesz.com\/en_US\/product\/vilagjaro-keszulek-mrbp\/","og_site_name":"T\u00e1jkert\u00e9sz","article_publisher":"https:\/\/www.facebook.com\/Tajkertesz\/","article_modified_time":"2026-02-17T14:11:16+00:00","og_image":[{"width":404,"height":495,"url":"https:\/\/tajkertesz.com\/wp-content\/uploads\/2021\/05\/186532403_5699440966797816_8744844235582343272_n.png","type":"image\/png"}],"twitter_card":"summary_large_image","twitter_misc":{"Est. reading time":"2 minutes"},"schema":{"@context":"https:\/\/schema.org","@graph":[{"@type":"WebPage","@id":"https:\/\/tajkertesz.com\/termek\/vilagjaro-keszulek-mrbp\/","url":"https:\/\/tajkertesz.com\/termek\/vilagjaro-keszulek-mrbp\/","name":"Thermacell Vil\u00e1gj\u00e1r\u00f3 k\u00e9sz\u00fcl\u00e9k MRBP - T\u00e1jkert\u00e9sz","isPartOf":{"@id":"https:\/\/tajkertesz.com\/#website"},"primaryImageOfPage":{"@id":"https:\/\/tajkertesz.com\/termek\/vilagjaro-keszulek-mrbp\/#primaryimage"},"image":{"@id":"https:\/\/tajkertesz.com\/termek\/vilagjaro-keszulek-mrbp\/#primaryimage"},"thumbnailUrl":"https:\/\/tajkertesz.com\/wp-content\/uploads\/2021\/05\/186532403_5699440966797816_8744844235582343272_n.png","datePublished":"2021-05-21T06:45:42+00:00","dateModified":"2026-02-17T14:11:16+00:00","description":"Vil\u00e1gj\u00e1r\u00f3 k\u00e9sz\u00fcl\u00e9k MRBP:Minden kir\u00e1ndul\u00e1s \u00e1tgondolt el\u0151k\u00e9sz\u00fcleteket k\u00edv\u00e1n meg. A csomagok s\u00falya \u00e9s a v\u00e9rsz\u00edv\u00f3k elleni v\u00e9delem a legfontosabb","breadcrumb":{"@id":"https:\/\/tajkertesz.com\/termek\/vilagjaro-keszulek-mrbp\/#breadcrumb"},"inLanguage":"en-US","potentialAction":[{"@type":"ReadAction","target":["https:\/\/tajkertesz.com\/termek\/vilagjaro-keszulek-mrbp\/"]}]},{"@type":"ImageObject","inLanguage":"en-US","@id":"https:\/\/tajkertesz.com\/termek\/vilagjaro-keszulek-mrbp\/#primaryimage","url":"https:\/\/tajkertesz.com\/wp-content\/uploads\/2021\/05\/186532403_5699440966797816_8744844235582343272_n.png","contentUrl":"https:\/\/tajkertesz.com\/wp-content\/uploads\/2021\/05\/186532403_5699440966797816_8744844235582343272_n.png","width":404,"height":495},{"@type":"BreadcrumbList","@id":"https:\/\/tajkertesz.com\/termek\/vilagjaro-keszulek-mrbp\/#breadcrumb","itemListElement":[{"@type":"ListItem","position":1,"name":"Home","item":"https:\/\/tajkertesz.com\/"},{"@type":"ListItem","position":2,"name":"Kezd\u0151lap","item":"https:\/\/tajkertesz.com\/"},{"@type":"ListItem","position":3,"name":"Thermacell Vil\u00e1gj\u00e1r\u00f3 k\u00e9sz\u00fcl\u00e9k MRBP"}]},{"@type":"WebSite","@id":"https:\/\/tajkertesz.com\/#website","url":"https:\/\/tajkertesz.com\/","name":"T\u00e1j-Kert\u00e9sz 84 Kft.","description":"Kert\u00e9szeti kis- \u00e9s nagykeresked\u00e9s, D\u00edszn\u00f6v\u00e9ny web\u00e1ruh\u00e1z orsz\u00e1gos h\u00e1zhozsz\u00e1ll\u00edt\u00e1ssal!","publisher":{"@id":"https:\/\/tajkertesz.com\/#organization"},"potentialAction":[{"@type":"SearchAction","target":{"@type":"EntryPoint","urlTemplate":"https:\/\/tajkertesz.com\/?s={search_term_string}"},"query-input":{"@type":"PropertyValueSpecification","valueRequired":true,"valueName":"search_term_string"}}],"inLanguage":"en-US"},{"@type":"Organization","@id":"https:\/\/tajkertesz.com\/#organization","name":"T\u00e1j-Kert\u00e9sz 84 Kft.","url":"https:\/\/tajkertesz.com\/","logo":{"@type":"ImageObject","inLanguage":"en-US","@id":"https:\/\/tajkertesz.com\/#\/schema\/logo\/image\/","url":"https:\/\/tajkertesz.com\/wp-content\/uploads\/2018\/02\/logo-2-e1518678052539.png","contentUrl":"https:\/\/tajkertesz.com\/wp-content\/uploads\/2018\/02\/logo-2-e1518678052539.png","width":81,"height":140,"caption":"T\u00e1j-Kert\u00e9sz 84 Kft."},"image":{"@id":"https:\/\/tajkertesz.com\/#\/schema\/logo\/image\/"},"sameAs":["https:\/\/www.facebook.com\/Tajkertesz\/"]}]}},"_links":{"self":[{"href":"https:\/\/tajkertesz.com\/en_US\/wp-json\/wp\/v2\/product\/5214","targetHints":{"allow":["GET"]}}],"collection":[{"href":"https:\/\/tajkertesz.com\/en_US\/wp-json\/wp\/v2\/product"}],"about":[{"href":"https:\/\/tajkertesz.com\/en_US\/wp-json\/wp\/v2\/types\/product"}],"wp:featuredmedia":[{"embeddable":true,"href":"https:\/\/tajkertesz.com\/en_US\/wp-json\/wp\/v2\/media\/5215"}],"wp:attachment":[{"href":"https:\/\/tajkertesz.com\/en_US\/wp-json\/wp\/v2\/media?parent=5214"}],"wp:term":[{"taxonomy":"product_brand","embeddable":true,"href":"https:\/\/tajkertesz.com\/en_US\/wp-json\/wp\/v2\/product_brand?post=5214"},{"taxonomy":"product_cat","embeddable":true,"href":"https:\/\/tajkertesz.com\/en_US\/wp-json\/wp\/v2\/product_cat?post=5214"},{"taxonomy":"product_tag","embeddable":true,"href":"https:\/\/tajkertesz.com\/en_US\/wp-json\/wp\/v2\/product_tag?post=5214"}],"curies":[{"name":"wp","href":"https:\/\/api.w.org\/{rel}","templated":true}]}}