{"id":5234,"date":"2021-05-21T11:27:02","date_gmt":"2021-05-21T11:27:02","guid":{"rendered":"https:\/\/tajkertesz.com\/?post_type=product&#038;p=5234"},"modified":"2026-03-31T13:46:03","modified_gmt":"2026-03-31T13:46:03","slug":"cornus-mas-husos-som","status":"publish","type":"product","link":"https:\/\/tajkertesz.com\/en_US\/product\/cornus-mas-husos-som\/","title":{"rendered":"Cornus mas &#8211; H\u00fasos som"},"content":{"rendered":"<h1>Cornus mas &#8211; H\u00fasos som<\/h1>\n<p data-start=\"813\" data-end=\"1034\">A Cornus mas &#8211; H\u00fasos Som egy Magyarorsz\u00e1gon is \u0151shonos, robusztus lombhullat\u00f3 cserje, amely nemcsak mutat\u00f3s vir\u00e1gz\u00e1s\u00e1val, hanem <strong data-start=\"965\" data-end=\"993\">\u00e9rt\u00e9kes, ehet\u0151 bogy\u00f3ival<\/strong> is hozz\u00e1j\u00e1rul a kert v\u00e1ltozatoss\u00e1g\u00e1hoz.<\/p>\n<p data-start=\"1036\" data-end=\"1260\">Kiv\u00e1l\u00f3 v\u00e1laszt\u00e1s <strong data-start=\"1053\" data-end=\"1081\">term\u00e9szetk\u00f6zeli kertekbe<\/strong>, s\u00f6v\u00e9nyk\u00e9nt vagy szoliter n\u00f6v\u00e9nyk\u00e9nt is meg\u00e1llja a hely\u00e9t. <strong data-start=\"1141\" data-end=\"1200\">Gy\u00fcm\u00f6lcse piros sz\u00edn\u0171, \u00e9retten puha, savanyk\u00e1s-\u00e9des \u00edz\u0171<\/strong>, lekv\u00e1r, sz\u00f6rp, p\u00e1linka \u00e9s gy\u00fcm\u00f6lcsl\u00e9 is k\u00e9sz\u00edthet\u0151 bel\u0151le.<\/p>\n<h2 data-start=\"1262\" data-end=\"1284\">\ud83d\udd39Cornus mas &#8211; H\u00fasos som jellemz\u0151i:<\/h2>\n<ul data-start=\"1285\" data-end=\"1744\">\n<li data-start=\"1285\" data-end=\"1338\">\n<p data-start=\"1287\" data-end=\"1338\"><strong data-start=\"1287\" data-end=\"1305\">N\u00f6v\u00e9ny t\u00edpusa:<\/strong> Lombhullat\u00f3 gy\u00fcm\u00f6lcsterm\u0151 cserje<\/p>\n<\/li>\n<li data-start=\"1339\" data-end=\"1360\">\n<p data-start=\"1341\" data-end=\"1360\"><strong data-start=\"1341\" data-end=\"1349\">Faj:<\/strong> Cornus mas<\/p>\n<\/li>\n<li data-start=\"1361\" data-end=\"1427\">\n<p data-start=\"1363\" data-end=\"1427\"><strong data-start=\"1363\" data-end=\"1374\">Term\u00e9s:<\/strong> Piros, ov\u00e1lis, C-vitaminban gazdag bogy\u00f3 (\u0151szi \u00e9r\u00e9s)<\/p>\n<\/li>\n<li data-start=\"1428\" data-end=\"1499\">\n<p data-start=\"1430\" data-end=\"1499\"><strong data-start=\"1430\" data-end=\"1443\">Vir\u00e1gz\u00e1s:<\/strong> Febru\u00e1r\u2013m\u00e1rcius (a legkor\u00e1bban vir\u00e1gz\u00f3 cserj\u00e9k egyike!)<\/p>\n<\/li>\n<li data-start=\"1500\" data-end=\"1537\">\n<p data-start=\"1502\" data-end=\"1537\"><strong data-start=\"1502\" data-end=\"1516\">\u00c9r\u00e9si id\u0151:<\/strong> Augusztus\u2013szeptember<\/p>\n<\/li>\n<li data-start=\"1538\" data-end=\"1563\">\n<p data-start=\"1540\" data-end=\"1563\"><strong data-start=\"1540\" data-end=\"1553\">Magass\u00e1g:<\/strong> 3\u20135 m\u00e9ter<\/p>\n<\/li>\n<li data-start=\"1564\" data-end=\"1603\">\n<p data-start=\"1566\" data-end=\"1603\"><strong data-start=\"1566\" data-end=\"1580\">F\u00e9nyig\u00e9ny:<\/strong> Napos\u2013f\u00e9l\u00e1rny\u00e9kos hely<\/p>\n<\/li>\n<li data-start=\"1604\" data-end=\"1694\">\n<p data-start=\"1606\" data-end=\"1694\"><strong data-start=\"1606\" data-end=\"1616\">Talaj:<\/strong> J\u00f3l t\u0171ri a gyeng\u00e9bb talajokat is, de a j\u00f3 v\u00edzelvezet\u00e9s\u0171, t\u00e1pd\u00fas talaj ide\u00e1lis<\/p>\n<\/li>\n<li data-start=\"1695\" data-end=\"1744\">\n<p data-start=\"1697\" data-end=\"1744\"><strong data-start=\"1697\" data-end=\"1712\">T\u00e9l\u00e1ll\u00f3s\u00e1g:<\/strong> Kiv\u00e1l\u00f3 (ak\u00e1r -30\u00b0C-ig is b\u00edrja)<\/p>\n<\/li>\n<\/ul>\n<p data-start=\"1746\" data-end=\"1766\">\ud83d\udd38 <strong data-start=\"1749\" data-end=\"1766\">Felhaszn\u00e1l\u00e1s:<\/strong><\/p>\n<ul data-start=\"1767\" data-end=\"1940\">\n<li data-start=\"1767\" data-end=\"1811\">\n<p data-start=\"1769\" data-end=\"1811\">Ehet\u0151 gy\u00fcm\u00f6lcse miatt <strong data-start=\"1791\" data-end=\"1811\">haszonn\u00f6v\u00e9nyk\u00e9nt<\/strong><\/p>\n<\/li>\n<li data-start=\"1812\" data-end=\"1866\">\n<p data-start=\"1814\" data-end=\"1866\">Mutat\u00f3s vir\u00e1gz\u00e1sa \u00e9s lombja miatt <strong data-start=\"1848\" data-end=\"1866\">d\u00edszcserjek\u00e9nt<\/strong><\/p>\n<\/li>\n<li data-start=\"1867\" data-end=\"1910\">\n<p data-start=\"1869\" data-end=\"1910\">Vadkertekbe, mad\u00e1rbar\u00e1t kertekbe aj\u00e1nlott<\/p>\n<\/li>\n<li data-start=\"1911\" data-end=\"1940\">\n<p data-start=\"1913\" data-end=\"1940\">S\u00f6v\u00e9nyk\u00e9nt is j\u00f3l nevelhet\u0151<\/p>\n<\/li>\n<\/ul>\n<h4><strong>\ud83d\udd04 K\u00e9szletinform\u00e1ci\u00f3<\/strong><\/h4>\n<p><strong>K\u00e9szlet\u00fcnk napi szinten v\u00e1ltozik, \u00edgy a webshopban szerepl<\/strong><strong>\u0151<\/strong><strong>\u00a0term\u00e9kek el\u00e9rhet<\/strong><strong>\u0151<\/strong><strong>s\u00e9ge nem garant\u00e1lt.<br \/>\n\ud83d\udcde A megrendel\u00e9s el<\/strong><strong>\u0151<\/strong><strong>tt k\u00e9rj\u00fck, \u00e9rdekl<\/strong><strong>\u0151<\/strong><strong>dj\u00f6n szem\u00e9lyesen, telefonon vagy e-mailben!<\/strong><\/p>\n<h4><strong>\u27a1\ufe0f Kapcsolat:<\/strong><\/h4>\n<ul>\n<li><strong>Weboldal:\u00a0<\/strong><a href=\"https:\/\/tajkertesz.com\/\"><strong>tajkertesz.com<\/strong><\/a><\/li>\n<li><strong>Facebook:\u00a0<\/strong><a href=\"https:\/\/www.facebook.com\/tajkertesz\/\"><strong>facebook.com\/tajkertesz<\/strong><\/a><\/li>\n<li><strong>Telefonsz\u00e1m, e-mail: +36\/20-319-3770\u00a0<\/strong><a href=\"mailto:tajkerteszaruda@gmail.com\"><strong>tajkerteszaruda@gmail.com<\/strong><\/a><\/li>\n<\/ul>\n<h4><strong>\ud83d\ude9a Sz\u00e1ll\u00edt\u00e1si inform\u00e1ci\u00f3k<\/strong><\/h4>\n<p><strong>A megrendelt n\u00f6v\u00e9nyek kisz\u00e1ll\u00edt\u00e1sa az al\u00e1bbi felt\u00e9telek mellett t\u00f6rt\u00e9nik:<\/strong><\/p>\n<h4><strong>\ud83d\udce6 Fut\u00e1rszolg\u00e1latos sz\u00e1ll\u00edt\u00e1s<\/strong><\/h4>\n<ul>\n<li><strong>Maxim\u00e1lis m\u00e9ret: 200 cm (hossz\u00fas\u00e1g)<\/strong><\/li>\n<li><strong>Maxim\u00e1lis s\u00faly: 40 kg<\/strong><\/li>\n<li><strong>Az enn\u00e9l kisebb \u00e9s k\u00f6nnyebb csomagokat fut\u00e1rszolg\u00e1lattal k\u00e9zbes\u00edtj\u00fck a lehet<\/strong><strong>\u0151<\/strong><strong>\u00a0legbiztons\u00e1gosabb csomagol\u00e1sban.<\/strong><\/li>\n<\/ul>\n<h4><strong>\ud83d\udefb Szem\u00e9lyes \u00e1tv\u00e9tel<\/strong><\/h4>\n<ul>\n<li><strong>1173 Budapest, Bakancsos utca 7. sz\u00e1m alatt nyitvatart\u00e1si id<\/strong><strong>\u0151<\/strong><strong>ben szem\u00e9lyesen \u00e1tvehet<\/strong><strong>\u0151<\/strong><strong>\u00a0kert\u00e9szeti \u00e1rud\u00e1nkban.<\/strong><\/li>\n<li><strong>K\u00f6lts\u00e9ghat\u00e9kony megold\u00e1s nagyobb, t\u00f6r\u00e9kenyebb vagy t\u00falm\u00e9retes n\u00f6v\u00e9nyek eset\u00e9n.<\/strong><\/li>\n<\/ul>\n<h4><strong>\ud83d\udcde Nagy m\u00e9ret<\/strong><strong>\u0171<\/strong><strong>\u00a0vagy s\u00faly\u00fa n\u00f6v\u00e9nyek eset\u00e9n<\/strong><\/h4>\n<p><strong>Ha a term\u00e9k:<\/strong><\/p>\n<ul>\n<li><strong>meghaladja a 200 cm hossz\u00fas\u00e1got vagy<\/strong><\/li>\n<li><strong>meghaladja a 40 kg s\u00falyt,<\/strong><\/li>\n<\/ul>\n<p><strong>akkor szem\u00e9lyes \u00e1tv\u00e9tellel vagy egyedi, el<\/strong><strong>\u0151<\/strong><strong>re egyeztetett sz\u00e1ll\u00edt\u00e1si felt\u00e9telek mellett t\u00f6rt\u00e9nik.<br \/>\nK\u00e9rj\u00fck, ilyen esetben rendel\u00e9s el<\/strong><strong>\u0151<\/strong><strong>tt vegye fel vel\u00fcnk a kapcsolatot, hogy a lehet<\/strong><strong>\u0151<\/strong><strong>\u00a0legmegfelel<\/strong><strong>\u0151<\/strong><strong>bb sz\u00e1ll\u00edt\u00e1si megold\u00e1st k\u00edn\u00e1lhassuk.<\/strong><\/p>\n<p><strong>\ud83d\udd14 Fontos: A n\u00f6v\u00e9nyeket minden esetben igyeksz\u00fcnk gondosan, egyes\u00e9vel csomagolni, azonban a sz\u00e1ll\u00edt\u00e1s sor\u00e1n kisebb eszt\u00e9tikai s\u00e9r\u00fcl\u00e9sek el<\/strong><strong>\u0151<\/strong><strong>fordulhatnak (pl. lev\u00e9lhull\u00e1s). Ez nem min<\/strong><strong>\u0151<\/strong><strong>s\u00fcl hib\u00e1s teljes\u00edt\u00e9snek.<\/strong><\/p>\n<h4><strong>\ud83d\udcf7 Fontos tudni a k\u00e9pekr<\/strong><strong>\u0151<\/strong><strong>l<\/strong><\/h4>\n<p><strong>A webshopban szerepl<\/strong><strong>\u0151<\/strong><strong>\u00a0k\u00e9pek illusztr\u00e1ci\u00f3k, a n\u00f6v\u00e9nyek term\u00e9szet\u00fckn\u00e9l fogva egyediek, \u00edgy m\u00e9retben, alakban \u00e9s sz\u00ednben minim\u00e1lis elt\u00e9r\u00e9sek el<\/strong><strong>\u0151<\/strong><strong>fordulhatnak a k\u00e9pen l\u00e1that\u00f3 \u00e9s a val\u00f3s p\u00e9ld\u00e1nyok k\u00f6z\u00f6tt.<\/strong><\/p>\n<h4><strong>\ud83e\uddfe \u00c1rak \u00e9s el\u00e1ll\u00e1si jog<\/strong><\/h4>\n<ul>\n<li><strong>Az \u00e1rak egy darab\u00a0n\u00f6v\u00e9nyre vonatkoznak.<\/strong><\/li>\n<li><strong>\u00c9l<\/strong><strong>\u0151<\/strong><strong>\u00a0n\u00f6v\u00e9nyek rendel\u00e9se eset\u00e9n a 14 napos el\u00e1ll\u00e1s joga nem \u00e9rv\u00e9nyes\u00edthet<\/strong><strong>\u0151<\/strong><strong>, mivel azok romland\u00f3, biol\u00f3giailag \u00e9l<\/strong><strong>\u0151<\/strong><strong>\u00a0term\u00e9keknek min<\/strong><strong>\u0151<\/strong><strong>s\u00fclnek.<br \/>\n\ud83d\udd12 (17\/1999. (II. 5.) Korm. rendelet 5. \u00a7 c) pontja alapj\u00e1n)<\/strong><\/li>\n<\/ul>\n<h4><strong>\ud83d\udce6 K\u00e9zbes\u00edt\u00e9s ut\u00e1ni teend<\/strong><strong>\u0151<\/strong><strong>k<\/strong><\/h4>\n<p><strong>A k\u00e9zbes\u00edt\u00e9st k\u00f6vet<\/strong><strong>\u0151<\/strong><strong>en a csomagot azonnal bontsuk ki, \u00e9s a n\u00f6v\u00e9nyt helyezz\u00fck el megfelel<\/strong><strong>\u0151<\/strong><strong>\u00a0k\u00f6rnyezetben.<br \/>\nFontos: ha a n\u00f6v\u00e9ny nem r\u00e9szes\u00fcl megfelel<\/strong><strong>\u0151<\/strong><strong>\u00a0gondoz\u00e1sban \u00e9s ennek k\u00f6vetkezt\u00e9ben k\u00e1rosodik vagy elpusztul, felel<\/strong><strong>\u0151<\/strong><strong>ss\u00e9get nem tudunk v\u00e1llalni.<\/strong><\/p>","protected":false},"excerpt":{"rendered":"<p data-start=\"569\" data-end=\"763\">A h\u00fasos som (Cornus mas) egy \u0151shonos, rendk\u00edv\u00fcl ellen\u00e1ll\u00f3, ehet\u0151 term\u00e9s\u0171 cserje. Kor\u00e1n vir\u00e1gzik, piros bogy\u00f3i magas C-vitamin-tartalm\u00faak. D\u00edszn\u00f6v\u00e9nyk\u00e9nt \u00e9s gy\u00fcm\u00f6lcsterm\u0151k\u00e9nt is kiv\u00e1l\u00f3 v\u00e1laszt\u00e1s.<\/p>\n<p data-start=\"569\" data-end=\"763\">M\u00e9rete: 60\/80 cm magas, 2 literes kont\u00e9nerben.<\/p>","protected":false},"featured_media":5239,"template":"","meta":{"_et_pb_use_builder":"","_et_pb_old_content":"","_et_gb_content_width":""},"product_brand":[],"product_cat":[29],"product_tag":[7055,1586,7091,7085,7090,6419,6179,7092,218,4205,7093],"class_list":{"0":"post-5234","1":"product","2":"type-product","3":"status-publish","4":"has-post-thumbnail","6":"product_cat-gyumolcsfak-gyumolcstermo-novenyek","7":"product_tag-bogyos-gyumolcs","8":"product_tag-cornus-mas","9":"product_tag-eheto-gyumolcsu-cserje","10":"product_tag-gyumolcstermo-cserje","11":"product_tag-husos-som","12":"product_tag-lekvar-alapanyag","13":"product_tag-madarbarat-kert","14":"product_tag-oshonos-noveny","15":"product_tag-som","16":"product_tag-soveny-noveny","17":"product_tag-termeszetes-c-vitamin","19":"first","20":"outofstock","21":"shipping-taxable","22":"purchasable","23":"product-type-simple"},"yoast_head":"<!-- This site is optimized with the Yoast SEO plugin v27.3 - https:\/\/yoast.com\/product\/yoast-seo-wordpress\/ -->\n<title>Cornus mas - H\u00fasos som - T\u00e1jkert\u00e9sz<\/title>\n<meta name=\"description\" content=\"H\u00fasos som \u2013 Cornus mas egy \u0151shonos, t\u00e9l\u00e1ll\u00f3, ehet\u0151 term\u00e9s\u0171 cserje, amely d\u00edszn\u00f6v\u00e9nyk\u00e9nt \u00e9s gy\u00fcm\u00f6lcsterm\u0151k\u00e9nt is meg\u00e1llja a hely\u00e9t.\" \/>\n<meta name=\"robots\" content=\"index, follow, max-snippet:-1, max-image-preview:large, max-video-preview:-1\" \/>\n<link rel=\"canonical\" href=\"https:\/\/tajkertesz.com\/en_US\/product\/cornus-mas-husos-som\/\" \/>\n<meta property=\"og:locale\" content=\"en_US\" \/>\n<meta property=\"og:type\" content=\"article\" \/>\n<meta property=\"og:title\" content=\"Cornus mas - H\u00fasos som - T\u00e1jkert\u00e9sz\" \/>\n<meta property=\"og:description\" content=\"H\u00fasos som \u2013 Cornus mas egy \u0151shonos, t\u00e9l\u00e1ll\u00f3, ehet\u0151 term\u00e9s\u0171 cserje, amely d\u00edszn\u00f6v\u00e9nyk\u00e9nt \u00e9s gy\u00fcm\u00f6lcsterm\u0151k\u00e9nt is meg\u00e1llja a hely\u00e9t.\" \/>\n<meta property=\"og:url\" content=\"https:\/\/tajkertesz.com\/en_US\/product\/cornus-mas-husos-som\/\" \/>\n<meta property=\"og:site_name\" content=\"T\u00e1jkert\u00e9sz\" \/>\n<meta property=\"article:publisher\" content=\"https:\/\/www.facebook.com\/Tajkertesz\/\" \/>\n<meta property=\"article:modified_time\" content=\"2026-03-31T13:46:03+00:00\" \/>\n<meta property=\"og:image\" content=\"https:\/\/tajkertesz.com\/wp-content\/uploads\/2021\/05\/Cornus_mas.jpg\" \/>\n\t<meta property=\"og:image:width\" content=\"673\" \/>\n\t<meta property=\"og:image:height\" content=\"538\" \/>\n\t<meta property=\"og:image:type\" content=\"image\/jpeg\" \/>\n<meta name=\"twitter:card\" content=\"summary_large_image\" \/>\n<meta name=\"twitter:label1\" content=\"Est. reading time\" \/>\n\t<meta name=\"twitter:data1\" content=\"3 minutes\" \/>\n<script type=\"application\/ld+json\" class=\"yoast-schema-graph\">{\"@context\":\"https:\\\/\\\/schema.org\",\"@graph\":[{\"@type\":\"WebPage\",\"@id\":\"https:\\\/\\\/tajkertesz.com\\\/termek\\\/cornus-mas-husos-som\\\/\",\"url\":\"https:\\\/\\\/tajkertesz.com\\\/termek\\\/cornus-mas-husos-som\\\/\",\"name\":\"Cornus mas - H\u00fasos som - T\u00e1jkert\u00e9sz\",\"isPartOf\":{\"@id\":\"https:\\\/\\\/tajkertesz.com\\\/#website\"},\"primaryImageOfPage\":{\"@id\":\"https:\\\/\\\/tajkertesz.com\\\/termek\\\/cornus-mas-husos-som\\\/#primaryimage\"},\"image\":{\"@id\":\"https:\\\/\\\/tajkertesz.com\\\/termek\\\/cornus-mas-husos-som\\\/#primaryimage\"},\"thumbnailUrl\":\"https:\\\/\\\/tajkertesz.com\\\/wp-content\\\/uploads\\\/2021\\\/05\\\/Cornus_mas.jpg\",\"datePublished\":\"2021-05-21T11:27:02+00:00\",\"dateModified\":\"2026-03-31T13:46:03+00:00\",\"description\":\"H\u00fasos som \u2013 Cornus mas egy \u0151shonos, t\u00e9l\u00e1ll\u00f3, ehet\u0151 term\u00e9s\u0171 cserje, amely d\u00edszn\u00f6v\u00e9nyk\u00e9nt \u00e9s gy\u00fcm\u00f6lcsterm\u0151k\u00e9nt is meg\u00e1llja a hely\u00e9t.\",\"breadcrumb\":{\"@id\":\"https:\\\/\\\/tajkertesz.com\\\/termek\\\/cornus-mas-husos-som\\\/#breadcrumb\"},\"inLanguage\":\"en-US\",\"potentialAction\":[{\"@type\":\"ReadAction\",\"target\":[\"https:\\\/\\\/tajkertesz.com\\\/termek\\\/cornus-mas-husos-som\\\/\"]}]},{\"@type\":\"ImageObject\",\"inLanguage\":\"en-US\",\"@id\":\"https:\\\/\\\/tajkertesz.com\\\/termek\\\/cornus-mas-husos-som\\\/#primaryimage\",\"url\":\"https:\\\/\\\/tajkertesz.com\\\/wp-content\\\/uploads\\\/2021\\\/05\\\/Cornus_mas.jpg\",\"contentUrl\":\"https:\\\/\\\/tajkertesz.com\\\/wp-content\\\/uploads\\\/2021\\\/05\\\/Cornus_mas.jpg\",\"width\":673,\"height\":538,\"caption\":\"Cornus mas - H\u00fasos Som\"},{\"@type\":\"BreadcrumbList\",\"@id\":\"https:\\\/\\\/tajkertesz.com\\\/termek\\\/cornus-mas-husos-som\\\/#breadcrumb\",\"itemListElement\":[{\"@type\":\"ListItem\",\"position\":1,\"name\":\"Home\",\"item\":\"https:\\\/\\\/tajkertesz.com\\\/\"},{\"@type\":\"ListItem\",\"position\":2,\"name\":\"Kezd\u0151lap\",\"item\":\"https:\\\/\\\/tajkertesz.com\\\/\"},{\"@type\":\"ListItem\",\"position\":3,\"name\":\"Cornus mas &#8211; H\u00fasos som\"}]},{\"@type\":\"WebSite\",\"@id\":\"https:\\\/\\\/tajkertesz.com\\\/#website\",\"url\":\"https:\\\/\\\/tajkertesz.com\\\/\",\"name\":\"T\u00e1j-Kert\u00e9sz 84 Kft.\",\"description\":\"Kert\u00e9szeti kis- \u00e9s nagykeresked\u00e9s, D\u00edszn\u00f6v\u00e9ny web\u00e1ruh\u00e1z orsz\u00e1gos h\u00e1zhozsz\u00e1ll\u00edt\u00e1ssal!\",\"publisher\":{\"@id\":\"https:\\\/\\\/tajkertesz.com\\\/#organization\"},\"potentialAction\":[{\"@type\":\"SearchAction\",\"target\":{\"@type\":\"EntryPoint\",\"urlTemplate\":\"https:\\\/\\\/tajkertesz.com\\\/?s={search_term_string}\"},\"query-input\":{\"@type\":\"PropertyValueSpecification\",\"valueRequired\":true,\"valueName\":\"search_term_string\"}}],\"inLanguage\":\"en-US\"},{\"@type\":\"Organization\",\"@id\":\"https:\\\/\\\/tajkertesz.com\\\/#organization\",\"name\":\"T\u00e1j-Kert\u00e9sz 84 Kft.\",\"url\":\"https:\\\/\\\/tajkertesz.com\\\/\",\"logo\":{\"@type\":\"ImageObject\",\"inLanguage\":\"en-US\",\"@id\":\"https:\\\/\\\/tajkertesz.com\\\/#\\\/schema\\\/logo\\\/image\\\/\",\"url\":\"https:\\\/\\\/tajkertesz.com\\\/wp-content\\\/uploads\\\/2018\\\/02\\\/logo-2-e1518678052539.png\",\"contentUrl\":\"https:\\\/\\\/tajkertesz.com\\\/wp-content\\\/uploads\\\/2018\\\/02\\\/logo-2-e1518678052539.png\",\"width\":81,\"height\":140,\"caption\":\"T\u00e1j-Kert\u00e9sz 84 Kft.\"},\"image\":{\"@id\":\"https:\\\/\\\/tajkertesz.com\\\/#\\\/schema\\\/logo\\\/image\\\/\"},\"sameAs\":[\"https:\\\/\\\/www.facebook.com\\\/Tajkertesz\\\/\"]}]}<\/script>\n<!-- \/ Yoast SEO plugin. -->","yoast_head_json":{"title":"Cornus mas - H\u00fasos som - T\u00e1jkert\u00e9sz","description":"H\u00fasos som \u2013 Cornus mas egy \u0151shonos, t\u00e9l\u00e1ll\u00f3, ehet\u0151 term\u00e9s\u0171 cserje, amely d\u00edszn\u00f6v\u00e9nyk\u00e9nt \u00e9s gy\u00fcm\u00f6lcsterm\u0151k\u00e9nt is meg\u00e1llja a hely\u00e9t.","robots":{"index":"index","follow":"follow","max-snippet":"max-snippet:-1","max-image-preview":"max-image-preview:large","max-video-preview":"max-video-preview:-1"},"canonical":"https:\/\/tajkertesz.com\/en_US\/product\/cornus-mas-husos-som\/","og_locale":"en_US","og_type":"article","og_title":"Cornus mas - H\u00fasos som - T\u00e1jkert\u00e9sz","og_description":"H\u00fasos som \u2013 Cornus mas egy \u0151shonos, t\u00e9l\u00e1ll\u00f3, ehet\u0151 term\u00e9s\u0171 cserje, amely d\u00edszn\u00f6v\u00e9nyk\u00e9nt \u00e9s gy\u00fcm\u00f6lcsterm\u0151k\u00e9nt is meg\u00e1llja a hely\u00e9t.","og_url":"https:\/\/tajkertesz.com\/en_US\/product\/cornus-mas-husos-som\/","og_site_name":"T\u00e1jkert\u00e9sz","article_publisher":"https:\/\/www.facebook.com\/Tajkertesz\/","article_modified_time":"2026-03-31T13:46:03+00:00","og_image":[{"width":673,"height":538,"url":"https:\/\/tajkertesz.com\/wp-content\/uploads\/2021\/05\/Cornus_mas.jpg","type":"image\/jpeg"}],"twitter_card":"summary_large_image","twitter_misc":{"Est. reading time":"3 minutes"},"schema":{"@context":"https:\/\/schema.org","@graph":[{"@type":"WebPage","@id":"https:\/\/tajkertesz.com\/termek\/cornus-mas-husos-som\/","url":"https:\/\/tajkertesz.com\/termek\/cornus-mas-husos-som\/","name":"Cornus mas - H\u00fasos som - T\u00e1jkert\u00e9sz","isPartOf":{"@id":"https:\/\/tajkertesz.com\/#website"},"primaryImageOfPage":{"@id":"https:\/\/tajkertesz.com\/termek\/cornus-mas-husos-som\/#primaryimage"},"image":{"@id":"https:\/\/tajkertesz.com\/termek\/cornus-mas-husos-som\/#primaryimage"},"thumbnailUrl":"https:\/\/tajkertesz.com\/wp-content\/uploads\/2021\/05\/Cornus_mas.jpg","datePublished":"2021-05-21T11:27:02+00:00","dateModified":"2026-03-31T13:46:03+00:00","description":"H\u00fasos som \u2013 Cornus mas egy \u0151shonos, t\u00e9l\u00e1ll\u00f3, ehet\u0151 term\u00e9s\u0171 cserje, amely d\u00edszn\u00f6v\u00e9nyk\u00e9nt \u00e9s gy\u00fcm\u00f6lcsterm\u0151k\u00e9nt is meg\u00e1llja a hely\u00e9t.","breadcrumb":{"@id":"https:\/\/tajkertesz.com\/termek\/cornus-mas-husos-som\/#breadcrumb"},"inLanguage":"en-US","potentialAction":[{"@type":"ReadAction","target":["https:\/\/tajkertesz.com\/termek\/cornus-mas-husos-som\/"]}]},{"@type":"ImageObject","inLanguage":"en-US","@id":"https:\/\/tajkertesz.com\/termek\/cornus-mas-husos-som\/#primaryimage","url":"https:\/\/tajkertesz.com\/wp-content\/uploads\/2021\/05\/Cornus_mas.jpg","contentUrl":"https:\/\/tajkertesz.com\/wp-content\/uploads\/2021\/05\/Cornus_mas.jpg","width":673,"height":538,"caption":"Cornus mas - H\u00fasos Som"},{"@type":"BreadcrumbList","@id":"https:\/\/tajkertesz.com\/termek\/cornus-mas-husos-som\/#breadcrumb","itemListElement":[{"@type":"ListItem","position":1,"name":"Home","item":"https:\/\/tajkertesz.com\/"},{"@type":"ListItem","position":2,"name":"Kezd\u0151lap","item":"https:\/\/tajkertesz.com\/"},{"@type":"ListItem","position":3,"name":"Cornus mas &#8211; H\u00fasos som"}]},{"@type":"WebSite","@id":"https:\/\/tajkertesz.com\/#website","url":"https:\/\/tajkertesz.com\/","name":"T\u00e1j-Kert\u00e9sz 84 Kft.","description":"Kert\u00e9szeti kis- \u00e9s nagykeresked\u00e9s, D\u00edszn\u00f6v\u00e9ny web\u00e1ruh\u00e1z orsz\u00e1gos h\u00e1zhozsz\u00e1ll\u00edt\u00e1ssal!","publisher":{"@id":"https:\/\/tajkertesz.com\/#organization"},"potentialAction":[{"@type":"SearchAction","target":{"@type":"EntryPoint","urlTemplate":"https:\/\/tajkertesz.com\/?s={search_term_string}"},"query-input":{"@type":"PropertyValueSpecification","valueRequired":true,"valueName":"search_term_string"}}],"inLanguage":"en-US"},{"@type":"Organization","@id":"https:\/\/tajkertesz.com\/#organization","name":"T\u00e1j-Kert\u00e9sz 84 Kft.","url":"https:\/\/tajkertesz.com\/","logo":{"@type":"ImageObject","inLanguage":"en-US","@id":"https:\/\/tajkertesz.com\/#\/schema\/logo\/image\/","url":"https:\/\/tajkertesz.com\/wp-content\/uploads\/2018\/02\/logo-2-e1518678052539.png","contentUrl":"https:\/\/tajkertesz.com\/wp-content\/uploads\/2018\/02\/logo-2-e1518678052539.png","width":81,"height":140,"caption":"T\u00e1j-Kert\u00e9sz 84 Kft."},"image":{"@id":"https:\/\/tajkertesz.com\/#\/schema\/logo\/image\/"},"sameAs":["https:\/\/www.facebook.com\/Tajkertesz\/"]}]}},"_links":{"self":[{"href":"https:\/\/tajkertesz.com\/en_US\/wp-json\/wp\/v2\/product\/5234","targetHints":{"allow":["GET"]}}],"collection":[{"href":"https:\/\/tajkertesz.com\/en_US\/wp-json\/wp\/v2\/product"}],"about":[{"href":"https:\/\/tajkertesz.com\/en_US\/wp-json\/wp\/v2\/types\/product"}],"wp:featuredmedia":[{"embeddable":true,"href":"https:\/\/tajkertesz.com\/en_US\/wp-json\/wp\/v2\/media\/5239"}],"wp:attachment":[{"href":"https:\/\/tajkertesz.com\/en_US\/wp-json\/wp\/v2\/media?parent=5234"}],"wp:term":[{"taxonomy":"product_brand","embeddable":true,"href":"https:\/\/tajkertesz.com\/en_US\/wp-json\/wp\/v2\/product_brand?post=5234"},{"taxonomy":"product_cat","embeddable":true,"href":"https:\/\/tajkertesz.com\/en_US\/wp-json\/wp\/v2\/product_cat?post=5234"},{"taxonomy":"product_tag","embeddable":true,"href":"https:\/\/tajkertesz.com\/en_US\/wp-json\/wp\/v2\/product_tag?post=5234"}],"curies":[{"name":"wp","href":"https:\/\/api.w.org\/{rel}","templated":true}]}}