{"id":5240,"date":"2021-05-21T11:44:09","date_gmt":"2021-05-21T11:44:09","guid":{"rendered":"https:\/\/tajkertesz.com\/?post_type=product&#038;p=5240"},"modified":"2026-02-21T12:57:37","modified_gmt":"2026-02-21T12:57:37","slug":"lycium-barbarum-goji-bogyo","status":"publish","type":"product","link":"https:\/\/tajkertesz.com\/en_US\/product\/lycium-barbarum-goji-bogyo\/","title":{"rendered":"Lycium barbarum \u2013 Goji bogy\u00f3"},"content":{"rendered":"<h1>Lycium barbarum \u2013 Goji bogy\u00f3<\/h1>\n<p>A Lycium barbarum \u2013 Goji bogy\u00f3<\/p>\n<p data-start=\"513\" data-end=\"783\">egy gyors n\u00f6veked\u00e9s\u0171, k\u00f6nnyen kezelhet\u0151, rendk\u00edv\u00fcl b\u0151term\u0151 gy\u00fcm\u00f6lcscserje. Magyar \u00e9ghajlaton is gond n\u00e9lk\u00fcl nevelhet\u0151, er\u0151s, sz\u00edv\u00f3s fajta, amely ny\u00e1rt\u00f3l k\u00e9s\u0151 \u0151szig folyamatosan hozza narancsv\u00f6r\u00f6s, hossz\u00fak\u00e1s bogy\u00f3it.<\/p>\n<p data-start=\"785\" data-end=\"991\">A goji bogy\u00f3 szuper\u00e9lelmiszerk\u00e9nt v\u00e1lt h\u00edress\u00e9, mivel jelent\u0151s <strong data-start=\"848\" data-end=\"903\">vitamin-, \u00e1sv\u00e1nyi anyag- \u00e9s antioxid\u00e1ns-tartalommal<\/strong> rendelkezik. Frissen, sz\u00e1r\u00edtva, te\u00e1nak, turmixba vagy s\u00fct\u00e9shez is kiv\u00e1l\u00f3an haszn\u00e1lhat\u00f3.<\/p>\n<h2 data-start=\"993\" data-end=\"1018\">\ud83c\udf31 Lycium barbarum \u2013 Goji bogy\u00f3 jellemz\u0151i<\/h2>\n<ul data-start=\"1019\" data-end=\"1375\">\n<li data-start=\"1019\" data-end=\"1068\">\n<p data-start=\"1021\" data-end=\"1068\"><strong data-start=\"1021\" data-end=\"1039\">N\u00f6v\u00e9ny t\u00edpusa:<\/strong> lombhullat\u00f3 gy\u00fcm\u00f6lcscserje<\/p>\n<\/li>\n<li data-start=\"1069\" data-end=\"1092\">\n<p data-start=\"1071\" data-end=\"1092\"><strong data-start=\"1071\" data-end=\"1084\">Magass\u00e1g:<\/strong> 2\u20133 m<\/p>\n<\/li>\n<li data-start=\"1093\" data-end=\"1128\">\n<p data-start=\"1095\" data-end=\"1128\"><strong data-start=\"1095\" data-end=\"1109\">N\u00f6veked\u00e9s:<\/strong> gyors, er\u0151teljes<\/p>\n<\/li>\n<li data-start=\"1129\" data-end=\"1174\">\n<p data-start=\"1131\" data-end=\"1174\"><strong data-start=\"1131\" data-end=\"1142\">Term\u00e9s:<\/strong> narancsv\u00f6r\u00f6s, hossz\u00fak\u00e1s bogy\u00f3<\/p>\n<\/li>\n<li data-start=\"1175\" data-end=\"1216\">\n<p data-start=\"1177\" data-end=\"1216\"><strong data-start=\"1177\" data-end=\"1186\">\u00c9r\u00e9s:<\/strong> j\u00falius\u2013okt\u00f3ber (folyamatos)<\/p>\n<\/li>\n<li data-start=\"1217\" data-end=\"1252\">\n<p data-start=\"1219\" data-end=\"1252\"><strong data-start=\"1219\" data-end=\"1226\">\u00cdz:<\/strong> enyh\u00e9n \u00e9des, karakteres<\/p>\n<\/li>\n<li data-start=\"1253\" data-end=\"1286\">\n<p data-start=\"1255\" data-end=\"1286\"><strong data-start=\"1255\" data-end=\"1264\">F\u00e9ny:<\/strong> napos helyet kedvel<\/p>\n<\/li>\n<li data-start=\"1287\" data-end=\"1337\">\n<p data-start=\"1289\" data-end=\"1337\"><strong data-start=\"1289\" data-end=\"1299\">Talaj:<\/strong> k\u00f6zepesen k\u00f6t\u00f6tt, j\u00f3 v\u00edz\u00e1tereszt\u00e9s\u0171<\/p>\n<\/li>\n<li data-start=\"1338\" data-end=\"1375\">\n<p data-start=\"1340\" data-end=\"1375\"><strong data-start=\"1340\" data-end=\"1355\">T\u00e9l\u00e1ll\u00f3s\u00e1g:<\/strong> kiv\u00e1l\u00f3, \u201320 \u00b0C-ig<\/p>\n<\/li>\n<\/ul>\n<h3 data-start=\"1377\" data-end=\"1420\">\u2764\ufe0f <strong data-start=\"1384\" data-end=\"1420\">Mi\u00e9rt j\u00f3 v\u00e1laszt\u00e1s a goji bogy\u00f3?<\/strong><\/h3>\n<ul data-start=\"1421\" data-end=\"1674\">\n<li data-start=\"1421\" data-end=\"1467\">\n<p data-start=\"1423\" data-end=\"1467\">Rendk\u00edv\u00fcl <strong data-start=\"1433\" data-end=\"1447\">eg\u00e9szs\u00e9ges<\/strong>, szuper\u00e9lelmiszer<\/p>\n<\/li>\n<li data-start=\"1468\" data-end=\"1504\">\n<p data-start=\"1470\" data-end=\"1504\">B\u0151term\u0151, hossz\u00fa \u00e9r\u00e9si id\u0151szakkal<\/p>\n<\/li>\n<li data-start=\"1505\" data-end=\"1538\">\n<p data-start=\"1507\" data-end=\"1538\">K\u00f6nnyen nevelhet\u0151, ig\u00e9nytelen<\/p>\n<\/li>\n<li data-start=\"1539\" data-end=\"1592\">\n<p data-start=\"1541\" data-end=\"1592\">Gyorsan fejl\u0151dik, ak\u00e1r ker\u00edt\u00e9s mell\u00e9 is \u00fcltethet\u0151<\/p>\n<\/li>\n<li data-start=\"1593\" data-end=\"1632\">\n<p data-start=\"1595\" data-end=\"1632\">Frissen \u00e9s sz\u00e1r\u00edtva is fogyaszthat\u00f3<\/p>\n<\/li>\n<li data-start=\"1633\" data-end=\"1674\">\n<p data-start=\"1635\" data-end=\"1674\">Kev\u00e9s betegs\u00e9ge van, nagyon ellen\u00e1ll\u00f3<\/p>\n<\/li>\n<\/ul>\n<h4 data-start=\"1676\" data-end=\"1706\">\ud83c\udf3f <strong data-start=\"1683\" data-end=\"1706\">\u00dcltet\u00e9s \u00e9s gondoz\u00e1s<\/strong><\/h4>\n<ul data-start=\"1707\" data-end=\"1989\">\n<li data-start=\"1707\" data-end=\"1751\">\n<p data-start=\"1709\" data-end=\"1751\"><strong data-start=\"1709\" data-end=\"1718\">F\u00e9ny:<\/strong> min\u00e9l naposabb helyre \u00fcltess\u00fck<\/p>\n<\/li>\n<li data-start=\"1752\" data-end=\"1807\">\n<p data-start=\"1754\" data-end=\"1807\"><strong data-start=\"1754\" data-end=\"1764\">Talaj:<\/strong> j\u00f3 v\u00edz\u00e1tereszt\u00e9s\u0171, k\u00f6zepesen t\u00e1panyagd\u00fas<\/p>\n<\/li>\n<li data-start=\"1808\" data-end=\"1868\">\n<p data-start=\"1810\" data-end=\"1868\"><strong data-start=\"1810\" data-end=\"1822\">\u00d6nt\u00f6z\u00e9s:<\/strong> a fiatal n\u00f6v\u00e9ny rendszeres \u00f6nt\u00f6z\u00e9st ig\u00e9nyel<\/p>\n<\/li>\n<li data-start=\"1869\" data-end=\"1930\">\n<p data-start=\"1871\" data-end=\"1930\"><strong data-start=\"1871\" data-end=\"1883\">Metsz\u00e9s:<\/strong> tavasszal \u00e9s \u0151sszel form\u00e1z\u00f3 metsz\u00e9s aj\u00e1nlott<\/p>\n<\/li>\n<li data-start=\"1931\" data-end=\"1989\">\n<p data-start=\"1933\" data-end=\"1989\"><strong data-start=\"1933\" data-end=\"1946\">T\u00e1panyag:<\/strong> \u00e9vente egyszer szerves t\u00e1p vagy komposzt<\/p>\n<\/li>\n<\/ul>\n<h4 data-start=\"1991\" data-end=\"2015\">\ud83c\udfe1 <strong data-start=\"1998\" data-end=\"2015\">Felhaszn\u00e1l\u00e1sa<\/strong><\/h4>\n<ul data-start=\"2016\" data-end=\"2191\">\n<li data-start=\"2016\" data-end=\"2032\">\n<p data-start=\"2018\" data-end=\"2032\">Gy\u00fcm\u00f6lcskert<\/p>\n<\/li>\n<li data-start=\"2033\" data-end=\"2065\">\n<p data-start=\"2035\" data-end=\"2065\">Eg\u00e9szs\u00e9gtudatos kert\u00e9szeknek<\/p>\n<\/li>\n<li data-start=\"2066\" data-end=\"2100\">\n<p data-start=\"2068\" data-end=\"2100\">Szuper\u00e9lelmiszer el\u0151\u00e1ll\u00edt\u00e1shoz<\/p>\n<\/li>\n<li data-start=\"2101\" data-end=\"2143\">\n<p data-start=\"2103\" data-end=\"2143\">Te\u00e1khoz, m\u00fczlikhez, sz\u00e1r\u00edtva snackk\u00e9nt<\/p>\n<\/li>\n<li data-start=\"2144\" data-end=\"2191\">\n<p data-start=\"2146\" data-end=\"2191\">S\u00f6v\u00e9nyk\u00e9nt vagy t\u00e1mrendszer mellett nevelve<\/p>\n<\/li>\n<\/ul>\n<h4><strong>\ud83d\udd04 K\u00e9szletinform\u00e1ci\u00f3<\/strong><\/h4>\n<p><strong>K\u00e9szlet\u00fcnk napi szinten v\u00e1ltozik, \u00edgy a webshopban szerepl<\/strong><strong>\u0151<\/strong><strong>\u00a0term\u00e9kek el\u00e9rhet<\/strong><strong>\u0151<\/strong><strong>s\u00e9ge nem garant\u00e1lt.<br \/>\n\ud83d\udcde A megrendel\u00e9s el<\/strong><strong>\u0151<\/strong><strong>tt k\u00e9rj\u00fck, \u00e9rdekl<\/strong><strong>\u0151<\/strong><strong>dj\u00f6n szem\u00e9lyesen, telefonon vagy e-mailben!<\/strong><\/p>\n<h4><strong>\u27a1\ufe0f Kapcsolat:<\/strong><\/h4>\n<ul>\n<li><strong>Weboldal:\u00a0<\/strong><a href=\"https:\/\/tajkertesz.com\/\"><strong>tajkertesz.com<\/strong><\/a><\/li>\n<li><strong>Facebook:\u00a0<\/strong><a href=\"https:\/\/www.facebook.com\/tajkertesz\/\"><strong>facebook.com\/tajkertesz<\/strong><\/a><\/li>\n<li><strong>Telefonsz\u00e1m, e-mail: +36\/20-319-3770\u00a0<\/strong><a href=\"mailto:tajkerteszaruda@gmail.com\"><strong>tajkerteszaruda@gmail.com<\/strong><\/a><\/li>\n<\/ul>\n<h4><strong>\ud83d\ude9a Sz\u00e1ll\u00edt\u00e1si inform\u00e1ci\u00f3k<\/strong><\/h4>\n<p><strong>A megrendelt n\u00f6v\u00e9nyek kisz\u00e1ll\u00edt\u00e1sa az al\u00e1bbi felt\u00e9telek mellett t\u00f6rt\u00e9nik:<\/strong><\/p>\n<h4><strong>\ud83d\udce6 Fut\u00e1rszolg\u00e1latos sz\u00e1ll\u00edt\u00e1s<\/strong><\/h4>\n<ul>\n<li><strong>Maxim\u00e1lis m\u00e9ret: 200 cm (hossz\u00fas\u00e1g)<\/strong><\/li>\n<li><strong>Maxim\u00e1lis s\u00faly: 40 kg<\/strong><\/li>\n<li><strong>Az enn\u00e9l kisebb \u00e9s k\u00f6nnyebb csomagokat fut\u00e1rszolg\u00e1lattal k\u00e9zbes\u00edtj\u00fck a lehet<\/strong><strong>\u0151<\/strong><strong>\u00a0legbiztons\u00e1gosabb csomagol\u00e1sban.<\/strong><\/li>\n<\/ul>\n<h4><strong>\ud83d\udefb Szem\u00e9lyes \u00e1tv\u00e9tel<\/strong><\/h4>\n<ul>\n<li><strong>1173 Budapest, Bakancsos utca 7. sz\u00e1m alatt nyitvatart\u00e1si id<\/strong><strong>\u0151<\/strong><strong>ben szem\u00e9lyesen \u00e1tvehet<\/strong><strong>\u0151<\/strong><strong>\u00a0kert\u00e9szeti \u00e1rud\u00e1nkban.<\/strong><\/li>\n<li><strong>K\u00f6lts\u00e9ghat\u00e9kony megold\u00e1s nagyobb, t\u00f6r\u00e9kenyebb vagy t\u00falm\u00e9retes n\u00f6v\u00e9nyek eset\u00e9n.<\/strong><\/li>\n<\/ul>\n<h4><strong>\ud83d\udcde Nagy m\u00e9ret<\/strong><strong>\u0171<\/strong><strong>\u00a0vagy s\u00faly\u00fa n\u00f6v\u00e9nyek eset\u00e9n<\/strong><\/h4>\n<p><strong>Ha a term\u00e9k:<\/strong><\/p>\n<ul>\n<li><strong>meghaladja a 200 cm hossz\u00fas\u00e1got vagy<\/strong><\/li>\n<li><strong>meghaladja a 40 kg s\u00falyt,<\/strong><\/li>\n<\/ul>\n<p><strong>akkor szem\u00e9lyes \u00e1tv\u00e9tellel vagy egyedi, el<\/strong><strong>\u0151<\/strong><strong>re egyeztetett sz\u00e1ll\u00edt\u00e1si felt\u00e9telek mellett t\u00f6rt\u00e9nik.<br \/>\nK\u00e9rj\u00fck, ilyen esetben rendel\u00e9s el<\/strong><strong>\u0151<\/strong><strong>tt vegye fel vel\u00fcnk a kapcsolatot, hogy a lehet<\/strong><strong>\u0151<\/strong><strong>\u00a0legmegfelel<\/strong><strong>\u0151<\/strong><strong>bb sz\u00e1ll\u00edt\u00e1si megold\u00e1st k\u00edn\u00e1lhassuk.<\/strong><\/p>\n<p><strong>\ud83d\udd14 Fontos: A n\u00f6v\u00e9nyeket minden esetben igyeksz\u00fcnk gondosan, egyes\u00e9vel csomagolni, azonban a sz\u00e1ll\u00edt\u00e1s sor\u00e1n kisebb eszt\u00e9tikai s\u00e9r\u00fcl\u00e9sek el<\/strong><strong>\u0151<\/strong><strong>fordulhatnak (pl. lev\u00e9lhull\u00e1s). Ez nem min<\/strong><strong>\u0151<\/strong><strong>s\u00fcl hib\u00e1s teljes\u00edt\u00e9snek.<\/strong><\/p>\n<h4><strong>\ud83d\udcf7 Fontos tudni a k\u00e9pekr<\/strong><strong>\u0151<\/strong><strong>l<\/strong><\/h4>\n<p><strong>A webshopban szerepl<\/strong><strong>\u0151<\/strong><strong>\u00a0k\u00e9pek illusztr\u00e1ci\u00f3k, a n\u00f6v\u00e9nyek term\u00e9szet\u00fckn\u00e9l fogva egyediek, \u00edgy m\u00e9retben, alakban \u00e9s sz\u00ednben minim\u00e1lis elt\u00e9r\u00e9sek el<\/strong><strong>\u0151<\/strong><strong>fordulhatnak a k\u00e9pen l\u00e1that\u00f3 \u00e9s a val\u00f3s p\u00e9ld\u00e1nyok k\u00f6z\u00f6tt.<\/strong><\/p>\n<h4><strong>\ud83e\uddfe \u00c1rak \u00e9s el\u00e1ll\u00e1si jog<\/strong><\/h4>\n<ul>\n<li><strong>Az \u00e1rak egy darab\u00a0n\u00f6v\u00e9nyre vonatkoznak.<\/strong><\/li>\n<li><strong>\u00c9l<\/strong><strong>\u0151<\/strong><strong>\u00a0n\u00f6v\u00e9nyek rendel\u00e9se eset\u00e9n a 14 napos el\u00e1ll\u00e1s joga nem \u00e9rv\u00e9nyes\u00edthet<\/strong><strong>\u0151<\/strong><strong>, mivel azok romland\u00f3, biol\u00f3giailag \u00e9l<\/strong><strong>\u0151<\/strong><strong>\u00a0term\u00e9keknek min<\/strong><strong>\u0151<\/strong><strong>s\u00fclnek.<br \/>\n\ud83d\udd12 (17\/1999. (II. 5.) Korm. rendelet 5. \u00a7 c) pontja alapj\u00e1n)<\/strong><\/li>\n<\/ul>\n<h4><strong>\ud83d\udce6 K\u00e9zbes\u00edt\u00e9s ut\u00e1ni teend<\/strong><strong>\u0151<\/strong><strong>k<\/strong><\/h4>\n<p><strong>A k\u00e9zbes\u00edt\u00e9st k\u00f6vet<\/strong><strong>\u0151<\/strong><strong>en a csomagot azonnal bontsuk ki, \u00e9s a n\u00f6v\u00e9nyt helyezz\u00fck el megfelel<\/strong><strong>\u0151<\/strong><strong>\u00a0k\u00f6rnyezetben.<br \/>\nFontos: ha a n\u00f6v\u00e9ny nem r\u00e9szes\u00fcl megfelel<\/strong><strong>\u0151<\/strong><strong>\u00a0gondoz\u00e1sban \u00e9s ennek k\u00f6vetkezt\u00e9ben k\u00e1rosodik vagy elpusztul, felel<\/strong><strong>\u0151<\/strong><strong>ss\u00e9get nem tudunk v\u00e1llalni.<\/strong><\/p>\n<p><strong>\u00a0<\/strong><\/p>","protected":false},"excerpt":{"rendered":"<p data-start=\"245\" data-end=\"450\">A Lycium barbarum, m\u00e1s n\u00e9ven goji bogy\u00f3 vagy k\u00ednai \u00f6rd\u00f6gc\u00e9rna, rendk\u00edv\u00fcl eg\u00e9szs\u00e9ges, antioxid\u00e1nsokban gazdag term\u00e9st hoz\u00f3 gy\u00fcm\u00f6lcscserje. K\u00f6nnyen nevelhet\u0151, b\u0151term\u0151, \u00e9s napos helyen k\u00fcl\u00f6n\u00f6sen j\u00f3l fejl\u0151dik.<\/p>\n<p data-start=\"245\" data-end=\"450\">M\u00e9rete: 30\/40 cm magas, 1 literes kont\u00e9nerben.<\/p>","protected":false},"featured_media":5241,"template":"","meta":{"_et_pb_use_builder":"","_et_pb_old_content":"","_et_gb_content_width":""},"product_brand":[],"product_cat":[29],"product_tag":[7747,7749,7748,7745,1587,7750,7061,7744,7743,7746],"class_list":{"0":"post-5240","1":"product","2":"type-product","3":"status-publish","4":"has-post-thumbnail","6":"product_cat-gyumolcsfak-gyumolcstermo-novenyek","7":"product_tag-antioxidans-bogyo","8":"product_tag-botermo-cserje","9":"product_tag-egeszseges-gyumolcs","10":"product_tag-farkasbogyo","11":"product_tag-goji-bogyo","12":"product_tag-goji-noveny","13":"product_tag-gyumolcstermo-noveny","14":"product_tag-kinai-ordogcerna","15":"product_tag-lycium-barbarum","16":"product_tag-szuperelelmiszer","18":"first","19":"instock","20":"shipping-taxable","21":"purchasable","22":"product-type-simple"},"yoast_head":"<!-- This site is optimized with the Yoast SEO plugin v27.5 - https:\/\/yoast.com\/product\/yoast-seo-wordpress\/ -->\n<title>Lycium barbarum \u2013 Goji bogy\u00f3 - T\u00e1jkert\u00e9sz<\/title>\n<meta name=\"description\" content=\"Lycium barbarum \u2013 Goji bogy\u00f3 eg\u00e9szs\u00e9ges gy\u00fcm\u00f6lcscserje. K\u00f6nnyen nevelhet\u0151, ellen\u00e1ll\u00f3 n\u00f6v\u00e9ny, antioxid\u00e1nsokban gazdag term\u00e9ssel.\" \/>\n<meta name=\"robots\" content=\"index, follow, max-snippet:-1, max-image-preview:large, max-video-preview:-1\" \/>\n<link rel=\"canonical\" href=\"https:\/\/tajkertesz.com\/en_US\/product\/lycium-barbarum-goji-bogyo\/\" \/>\n<meta property=\"og:locale\" content=\"en_US\" \/>\n<meta property=\"og:type\" content=\"article\" \/>\n<meta property=\"og:title\" content=\"Lycium barbarum \u2013 Goji bogy\u00f3 - T\u00e1jkert\u00e9sz\" \/>\n<meta property=\"og:description\" content=\"Lycium barbarum \u2013 Goji bogy\u00f3 eg\u00e9szs\u00e9ges gy\u00fcm\u00f6lcscserje. K\u00f6nnyen nevelhet\u0151, ellen\u00e1ll\u00f3 n\u00f6v\u00e9ny, antioxid\u00e1nsokban gazdag term\u00e9ssel.\" \/>\n<meta property=\"og:url\" content=\"https:\/\/tajkertesz.com\/en_US\/product\/lycium-barbarum-goji-bogyo\/\" \/>\n<meta property=\"og:site_name\" content=\"T\u00e1jkert\u00e9sz\" \/>\n<meta property=\"article:publisher\" content=\"https:\/\/www.facebook.com\/Tajkertesz\/\" \/>\n<meta property=\"article:modified_time\" content=\"2026-02-21T12:57:37+00:00\" \/>\n<meta property=\"og:image\" content=\"https:\/\/tajkertesz.com\/wp-content\/uploads\/2021\/05\/Goji.jpg\" \/>\n\t<meta property=\"og:image:width\" content=\"642\" \/>\n\t<meta property=\"og:image:height\" content=\"434\" \/>\n\t<meta property=\"og:image:type\" content=\"image\/jpeg\" \/>\n<meta name=\"twitter:card\" content=\"summary_large_image\" \/>\n<meta name=\"twitter:label1\" content=\"Est. reading time\" \/>\n\t<meta name=\"twitter:data1\" content=\"3 minutes\" \/>\n<script type=\"application\/ld+json\" class=\"yoast-schema-graph\">{\"@context\":\"https:\\\/\\\/schema.org\",\"@graph\":[{\"@type\":\"WebPage\",\"@id\":\"https:\\\/\\\/tajkertesz.com\\\/termek\\\/lycium-barbarum-goji-bogyo\\\/\",\"url\":\"https:\\\/\\\/tajkertesz.com\\\/termek\\\/lycium-barbarum-goji-bogyo\\\/\",\"name\":\"Lycium barbarum \u2013 Goji bogy\u00f3 - T\u00e1jkert\u00e9sz\",\"isPartOf\":{\"@id\":\"https:\\\/\\\/tajkertesz.com\\\/#website\"},\"primaryImageOfPage\":{\"@id\":\"https:\\\/\\\/tajkertesz.com\\\/termek\\\/lycium-barbarum-goji-bogyo\\\/#primaryimage\"},\"image\":{\"@id\":\"https:\\\/\\\/tajkertesz.com\\\/termek\\\/lycium-barbarum-goji-bogyo\\\/#primaryimage\"},\"thumbnailUrl\":\"https:\\\/\\\/tajkertesz.com\\\/wp-content\\\/uploads\\\/2021\\\/05\\\/Goji.jpg\",\"datePublished\":\"2021-05-21T11:44:09+00:00\",\"dateModified\":\"2026-02-21T12:57:37+00:00\",\"description\":\"Lycium barbarum \u2013 Goji bogy\u00f3 eg\u00e9szs\u00e9ges gy\u00fcm\u00f6lcscserje. K\u00f6nnyen nevelhet\u0151, ellen\u00e1ll\u00f3 n\u00f6v\u00e9ny, antioxid\u00e1nsokban gazdag term\u00e9ssel.\",\"breadcrumb\":{\"@id\":\"https:\\\/\\\/tajkertesz.com\\\/termek\\\/lycium-barbarum-goji-bogyo\\\/#breadcrumb\"},\"inLanguage\":\"en-US\",\"potentialAction\":[{\"@type\":\"ReadAction\",\"target\":[\"https:\\\/\\\/tajkertesz.com\\\/termek\\\/lycium-barbarum-goji-bogyo\\\/\"]}]},{\"@type\":\"ImageObject\",\"inLanguage\":\"en-US\",\"@id\":\"https:\\\/\\\/tajkertesz.com\\\/termek\\\/lycium-barbarum-goji-bogyo\\\/#primaryimage\",\"url\":\"https:\\\/\\\/tajkertesz.com\\\/wp-content\\\/uploads\\\/2021\\\/05\\\/Goji.jpg\",\"contentUrl\":\"https:\\\/\\\/tajkertesz.com\\\/wp-content\\\/uploads\\\/2021\\\/05\\\/Goji.jpg\",\"width\":642,\"height\":434,\"caption\":\"Lycium barbarum \u2013 Goji bogy\u00f3\"},{\"@type\":\"BreadcrumbList\",\"@id\":\"https:\\\/\\\/tajkertesz.com\\\/termek\\\/lycium-barbarum-goji-bogyo\\\/#breadcrumb\",\"itemListElement\":[{\"@type\":\"ListItem\",\"position\":1,\"name\":\"Home\",\"item\":\"https:\\\/\\\/tajkertesz.com\\\/\"},{\"@type\":\"ListItem\",\"position\":2,\"name\":\"Kezd\u0151lap\",\"item\":\"https:\\\/\\\/tajkertesz.com\\\/\"},{\"@type\":\"ListItem\",\"position\":3,\"name\":\"Lycium barbarum \u2013 Goji bogy\u00f3\"}]},{\"@type\":\"WebSite\",\"@id\":\"https:\\\/\\\/tajkertesz.com\\\/#website\",\"url\":\"https:\\\/\\\/tajkertesz.com\\\/\",\"name\":\"T\u00e1j-Kert\u00e9sz 84 Kft.\",\"description\":\"Kert\u00e9szeti kis- \u00e9s nagykeresked\u00e9s, D\u00edszn\u00f6v\u00e9ny web\u00e1ruh\u00e1z orsz\u00e1gos h\u00e1zhozsz\u00e1ll\u00edt\u00e1ssal!\",\"publisher\":{\"@id\":\"https:\\\/\\\/tajkertesz.com\\\/#organization\"},\"potentialAction\":[{\"@type\":\"SearchAction\",\"target\":{\"@type\":\"EntryPoint\",\"urlTemplate\":\"https:\\\/\\\/tajkertesz.com\\\/?s={search_term_string}\"},\"query-input\":{\"@type\":\"PropertyValueSpecification\",\"valueRequired\":true,\"valueName\":\"search_term_string\"}}],\"inLanguage\":\"en-US\"},{\"@type\":\"Organization\",\"@id\":\"https:\\\/\\\/tajkertesz.com\\\/#organization\",\"name\":\"T\u00e1j-Kert\u00e9sz 84 Kft.\",\"url\":\"https:\\\/\\\/tajkertesz.com\\\/\",\"logo\":{\"@type\":\"ImageObject\",\"inLanguage\":\"en-US\",\"@id\":\"https:\\\/\\\/tajkertesz.com\\\/#\\\/schema\\\/logo\\\/image\\\/\",\"url\":\"https:\\\/\\\/tajkertesz.com\\\/wp-content\\\/uploads\\\/2018\\\/02\\\/logo-2-e1518678052539.png\",\"contentUrl\":\"https:\\\/\\\/tajkertesz.com\\\/wp-content\\\/uploads\\\/2018\\\/02\\\/logo-2-e1518678052539.png\",\"width\":81,\"height\":140,\"caption\":\"T\u00e1j-Kert\u00e9sz 84 Kft.\"},\"image\":{\"@id\":\"https:\\\/\\\/tajkertesz.com\\\/#\\\/schema\\\/logo\\\/image\\\/\"},\"sameAs\":[\"https:\\\/\\\/www.facebook.com\\\/Tajkertesz\\\/\"]}]}<\/script>\n<!-- \/ Yoast SEO plugin. -->","yoast_head_json":{"title":"Lycium barbarum \u2013 Goji bogy\u00f3 - T\u00e1jkert\u00e9sz","description":"Lycium barbarum \u2013 Goji bogy\u00f3 eg\u00e9szs\u00e9ges gy\u00fcm\u00f6lcscserje. K\u00f6nnyen nevelhet\u0151, ellen\u00e1ll\u00f3 n\u00f6v\u00e9ny, antioxid\u00e1nsokban gazdag term\u00e9ssel.","robots":{"index":"index","follow":"follow","max-snippet":"max-snippet:-1","max-image-preview":"max-image-preview:large","max-video-preview":"max-video-preview:-1"},"canonical":"https:\/\/tajkertesz.com\/en_US\/product\/lycium-barbarum-goji-bogyo\/","og_locale":"en_US","og_type":"article","og_title":"Lycium barbarum \u2013 Goji bogy\u00f3 - T\u00e1jkert\u00e9sz","og_description":"Lycium barbarum \u2013 Goji bogy\u00f3 eg\u00e9szs\u00e9ges gy\u00fcm\u00f6lcscserje. K\u00f6nnyen nevelhet\u0151, ellen\u00e1ll\u00f3 n\u00f6v\u00e9ny, antioxid\u00e1nsokban gazdag term\u00e9ssel.","og_url":"https:\/\/tajkertesz.com\/en_US\/product\/lycium-barbarum-goji-bogyo\/","og_site_name":"T\u00e1jkert\u00e9sz","article_publisher":"https:\/\/www.facebook.com\/Tajkertesz\/","article_modified_time":"2026-02-21T12:57:37+00:00","og_image":[{"width":642,"height":434,"url":"https:\/\/tajkertesz.com\/wp-content\/uploads\/2021\/05\/Goji.jpg","type":"image\/jpeg"}],"twitter_card":"summary_large_image","twitter_misc":{"Est. reading time":"3 minutes"},"schema":{"@context":"https:\/\/schema.org","@graph":[{"@type":"WebPage","@id":"https:\/\/tajkertesz.com\/termek\/lycium-barbarum-goji-bogyo\/","url":"https:\/\/tajkertesz.com\/termek\/lycium-barbarum-goji-bogyo\/","name":"Lycium barbarum \u2013 Goji bogy\u00f3 - T\u00e1jkert\u00e9sz","isPartOf":{"@id":"https:\/\/tajkertesz.com\/#website"},"primaryImageOfPage":{"@id":"https:\/\/tajkertesz.com\/termek\/lycium-barbarum-goji-bogyo\/#primaryimage"},"image":{"@id":"https:\/\/tajkertesz.com\/termek\/lycium-barbarum-goji-bogyo\/#primaryimage"},"thumbnailUrl":"https:\/\/tajkertesz.com\/wp-content\/uploads\/2021\/05\/Goji.jpg","datePublished":"2021-05-21T11:44:09+00:00","dateModified":"2026-02-21T12:57:37+00:00","description":"Lycium barbarum \u2013 Goji bogy\u00f3 eg\u00e9szs\u00e9ges gy\u00fcm\u00f6lcscserje. K\u00f6nnyen nevelhet\u0151, ellen\u00e1ll\u00f3 n\u00f6v\u00e9ny, antioxid\u00e1nsokban gazdag term\u00e9ssel.","breadcrumb":{"@id":"https:\/\/tajkertesz.com\/termek\/lycium-barbarum-goji-bogyo\/#breadcrumb"},"inLanguage":"en-US","potentialAction":[{"@type":"ReadAction","target":["https:\/\/tajkertesz.com\/termek\/lycium-barbarum-goji-bogyo\/"]}]},{"@type":"ImageObject","inLanguage":"en-US","@id":"https:\/\/tajkertesz.com\/termek\/lycium-barbarum-goji-bogyo\/#primaryimage","url":"https:\/\/tajkertesz.com\/wp-content\/uploads\/2021\/05\/Goji.jpg","contentUrl":"https:\/\/tajkertesz.com\/wp-content\/uploads\/2021\/05\/Goji.jpg","width":642,"height":434,"caption":"Lycium barbarum \u2013 Goji bogy\u00f3"},{"@type":"BreadcrumbList","@id":"https:\/\/tajkertesz.com\/termek\/lycium-barbarum-goji-bogyo\/#breadcrumb","itemListElement":[{"@type":"ListItem","position":1,"name":"Home","item":"https:\/\/tajkertesz.com\/"},{"@type":"ListItem","position":2,"name":"Kezd\u0151lap","item":"https:\/\/tajkertesz.com\/"},{"@type":"ListItem","position":3,"name":"Lycium barbarum \u2013 Goji bogy\u00f3"}]},{"@type":"WebSite","@id":"https:\/\/tajkertesz.com\/#website","url":"https:\/\/tajkertesz.com\/","name":"T\u00e1j-Kert\u00e9sz 84 Kft.","description":"Kert\u00e9szeti kis- \u00e9s nagykeresked\u00e9s, D\u00edszn\u00f6v\u00e9ny web\u00e1ruh\u00e1z orsz\u00e1gos h\u00e1zhozsz\u00e1ll\u00edt\u00e1ssal!","publisher":{"@id":"https:\/\/tajkertesz.com\/#organization"},"potentialAction":[{"@type":"SearchAction","target":{"@type":"EntryPoint","urlTemplate":"https:\/\/tajkertesz.com\/?s={search_term_string}"},"query-input":{"@type":"PropertyValueSpecification","valueRequired":true,"valueName":"search_term_string"}}],"inLanguage":"en-US"},{"@type":"Organization","@id":"https:\/\/tajkertesz.com\/#organization","name":"T\u00e1j-Kert\u00e9sz 84 Kft.","url":"https:\/\/tajkertesz.com\/","logo":{"@type":"ImageObject","inLanguage":"en-US","@id":"https:\/\/tajkertesz.com\/#\/schema\/logo\/image\/","url":"https:\/\/tajkertesz.com\/wp-content\/uploads\/2018\/02\/logo-2-e1518678052539.png","contentUrl":"https:\/\/tajkertesz.com\/wp-content\/uploads\/2018\/02\/logo-2-e1518678052539.png","width":81,"height":140,"caption":"T\u00e1j-Kert\u00e9sz 84 Kft."},"image":{"@id":"https:\/\/tajkertesz.com\/#\/schema\/logo\/image\/"},"sameAs":["https:\/\/www.facebook.com\/Tajkertesz\/"]}]}},"_links":{"self":[{"href":"https:\/\/tajkertesz.com\/en_US\/wp-json\/wp\/v2\/product\/5240","targetHints":{"allow":["GET"]}}],"collection":[{"href":"https:\/\/tajkertesz.com\/en_US\/wp-json\/wp\/v2\/product"}],"about":[{"href":"https:\/\/tajkertesz.com\/en_US\/wp-json\/wp\/v2\/types\/product"}],"wp:featuredmedia":[{"embeddable":true,"href":"https:\/\/tajkertesz.com\/en_US\/wp-json\/wp\/v2\/media\/5241"}],"wp:attachment":[{"href":"https:\/\/tajkertesz.com\/en_US\/wp-json\/wp\/v2\/media?parent=5240"}],"wp:term":[{"taxonomy":"product_brand","embeddable":true,"href":"https:\/\/tajkertesz.com\/en_US\/wp-json\/wp\/v2\/product_brand?post=5240"},{"taxonomy":"product_cat","embeddable":true,"href":"https:\/\/tajkertesz.com\/en_US\/wp-json\/wp\/v2\/product_cat?post=5240"},{"taxonomy":"product_tag","embeddable":true,"href":"https:\/\/tajkertesz.com\/en_US\/wp-json\/wp\/v2\/product_tag?post=5240"}],"curies":[{"name":"wp","href":"https:\/\/api.w.org\/{rel}","templated":true}]}}