{"id":5245,"date":"2025-06-10T11:51:25","date_gmt":"2025-06-10T11:51:25","guid":{"rendered":"https:\/\/tajkertesz.com\/?post_type=product&#038;p=5245"},"modified":"2026-02-21T12:43:36","modified_gmt":"2026-02-21T12:43:36","slug":"hippophae-rhamnoides-pollmix-porzo-homoktovis","status":"publish","type":"product","link":"https:\/\/tajkertesz.com\/en_US\/product\/hippophae-rhamnoides-pollmix-porzo-homoktovis\/","title":{"rendered":"Hippophae rhamnoides &#8216;Pollmix&#8217; &#8211; Porz\u00f3 homokt\u00f6vis"},"content":{"rendered":"<h3 align=\"justify\">Hippophae rhamnoides &#8216;Pollmix&#8217; &#8211; Porz\u00f3 homokt\u00f6vis<\/h3>\n<p data-start=\"773\" data-end=\"1052\">A <strong data-start=\"775\" data-end=\"809\">Hippophae rhamnoides &#8216;Pollmix&#8217;<\/strong> egy <strong data-start=\"814\" data-end=\"856\">term\u00e9ketlen, h\u00edmivar\u00fa homokt\u00f6vis fajta<\/strong>, amelyet kifejezetten beporz\u00f3k\u00e9nt haszn\u00e1lnak a term\u0151, n\u0151ivar\u00fa homokt\u00f6vis fajt\u00e1khoz. A homokt\u00f6vis k\u00e9tlaki n\u00f6v\u00e9ny, \u00edgy ha term\u00e9st szeretn\u00e9l, <strong data-start=\"996\" data-end=\"1051\">legal\u00e1bb egy h\u00edm n\u00f6v\u00e9ny sz\u00fcks\u00e9ges 5\u20136 n\u0151ivar\u00fa t\u0151h\u00f6z<\/strong>.<\/p>\n<p data-start=\"1054\" data-end=\"1102\">\ud83c\udf3f <strong data-start=\"1057\" data-end=\"1075\">Fajta jellege:<\/strong> h\u00edmivar\u00fa (nem hoz term\u00e9st)<\/p>\n<p data-start=\"1104\" data-end=\"1195\">\ud83c\udf38 <strong data-start=\"1107\" data-end=\"1120\">Vir\u00e1gz\u00e1s:<\/strong> kora tavasszal, m\u00e9g lombfakad\u00e1s el\u0151tt \u2013 ekkor porozza be a n\u0151ivar\u00fa t\u00f6veket<\/p>\n<p data-start=\"1197\" data-end=\"1257\">\ud83d\udccf <strong data-start=\"1200\" data-end=\"1210\">M\u00e9ret:<\/strong> 2\u20133 m magas, bokros vagy kisebb f\u00e1v\u00e1 nevelhet\u0151<\/p>\n<p data-start=\"1259\" data-end=\"1316\">\ud83c\udf1e <strong data-start=\"1262\" data-end=\"1276\">F\u00e9nyig\u00e9ny:<\/strong> napos helyre \u00fcltetve fejl\u0151dik legjobban<\/p>\n<p data-start=\"1318\" data-end=\"1367\">\ud83d\udca7 <strong data-start=\"1321\" data-end=\"1334\">V\u00edzig\u00e9ny:<\/strong> alacsony, j\u00f3l t\u0171ri a sz\u00e1razs\u00e1got<\/p>\n<p data-start=\"1369\" data-end=\"1420\">\ud83e\uddca <strong data-start=\"1372\" data-end=\"1387\">T\u00e9l\u00e1ll\u00f3s\u00e1g:<\/strong> teljesen t\u00e9l\u00e1ll\u00f3 (USDA z\u00f3na 3\u20137)<\/p>\n<p data-start=\"1422\" data-end=\"1501\">\ud83c\udf3e <strong data-start=\"1425\" data-end=\"1435\">Talaj:<\/strong> j\u00f3 v\u00edz\u00e1tereszt\u0151, gyeng\u00e9bb t\u00e1panyag-ell\u00e1totts\u00e1g\u00fa talajban is meg\u00e9l<\/p>\n<p data-start=\"1503\" data-end=\"1603\">\ud83e\udeb4 <strong data-start=\"1506\" data-end=\"1523\">Felhaszn\u00e1l\u00e1s:<\/strong> n\u0151ivar\u00fa homokt\u00f6vis \u00fcltetv\u00e9nyekben vagy h\u00e1zikertben n\u00e9lk\u00fcl\u00f6zhetetlen beporz\u00f3k\u00e9nt<\/p>\n<p data-start=\"1605\" data-end=\"1785\">A <strong data-start=\"1607\" data-end=\"1637\">&#8216;Pollmix&#8217; porz\u00f3 homokt\u00f6vis<\/strong> nem terem bogy\u00f3t, de <strong data-start=\"1659\" data-end=\"1696\">l\u00e9tfontoss\u00e1g\u00fa a b\u0151 term\u00e9shozamhoz<\/strong>. Ak\u00e1r s\u00f6v\u00e9nyszer\u0171en is nevelhet\u0151, term\u00e9szetes megjelen\u00e9s\u0171, ig\u00e9nytelen, ellen\u00e1ll\u00f3 n\u00f6v\u00e9ny.<\/p>\n<p data-start=\"1605\" data-end=\"1785\">\n<h5 data-start=\"444\" data-end=\"472\">\ud83d\udd04\u00a0<strong data-start=\"451\" data-end=\"472\">K\u00e9szletinform\u00e1ci\u00f3<\/strong><\/h5>\n<p data-start=\"473\" data-end=\"651\">K\u00e9szlet\u00fcnk napi szinten v\u00e1ltozik, \u00edgy a webshopban szerepl\u0151 term\u00e9kek el\u00e9rhet\u0151s\u00e9ge nem garant\u00e1lt.<br data-start=\"569\" data-end=\"572\" \/>\ud83d\udcde A megrendel\u00e9s el\u0151tt k\u00e9rj\u00fck, \u00e9rdekl\u0151dj\u00f6n szem\u00e9lyesen, telefonon vagy e-mailben!<\/p>\n<p data-start=\"653\" data-end=\"670\">\u27a1\ufe0f\u00a0<strong data-start=\"656\" data-end=\"670\">Kapcsolat:<\/strong><\/p>\n<ul data-start=\"671\" data-end=\"892\">\n<li data-start=\"671\" data-end=\"723\">\n<p data-start=\"673\" data-end=\"723\">Weboldal:\u00a0<a class=\"\" href=\"https:\/\/tajkertesz.com\/\" target=\"_new\" rel=\"noopener\" data-start=\"683\" data-end=\"723\">tajkertesz.com<\/a><\/p>\n<\/li>\n<li data-start=\"724\" data-end=\"799\">\n<p data-start=\"726\" data-end=\"799\">Facebook:\u00a0<a class=\"\" href=\"https:\/\/www.facebook.com\/tajkertesz\/\" target=\"_new\" rel=\"noopener\" data-start=\"736\" data-end=\"799\">facebook.com\/tajkertesz<\/a><\/p>\n<\/li>\n<li data-start=\"800\" data-end=\"892\">\n<p data-start=\"802\" data-end=\"892\">Telefonsz\u00e1m, e-mail: +36\/20-319-3770\u00a0<a href=\"mailto:tajkerteszaruda@gmail.com\"><span id=\"et-info-email\">tajkerteszaruda@gmail.com<\/span><\/a><\/p>\n<\/li>\n<\/ul>\n<hr data-start=\"930\" data-end=\"933\" \/>\n<h4 data-start=\"196\" data-end=\"224\">\ud83d\ude9a\u00a0<strong>Sz\u00e1ll\u00edt\u00e1si inform\u00e1ci\u00f3k<\/strong><\/h4>\n<p data-start=\"226\" data-end=\"299\">A megrendelt n\u00f6v\u00e9nyek kisz\u00e1ll\u00edt\u00e1sa az al\u00e1bbi felt\u00e9telek mellett t\u00f6rt\u00e9nik:<\/p>\n<h4 data-start=\"301\" data-end=\"338\">\ud83d\udce6\u00a0<strong data-start=\"308\" data-end=\"338\">Fut\u00e1rszolg\u00e1latos sz\u00e1ll\u00edt\u00e1s<\/strong><\/h4>\n<ul data-start=\"339\" data-end=\"521\">\n<li data-start=\"339\" data-end=\"380\">\n<p data-start=\"341\" data-end=\"380\"><strong data-start=\"341\" data-end=\"361\">Maxim\u00e1lis m\u00e9ret:<\/strong>\u00a0200 cm (hossz\u00fas\u00e1g)<\/p>\n<\/li>\n<li data-start=\"381\" data-end=\"408\">\n<p data-start=\"383\" data-end=\"408\"><strong data-start=\"383\" data-end=\"402\">Maxim\u00e1lis s\u00faly:<\/strong>\u00a040 kg<\/p>\n<\/li>\n<li data-start=\"409\" data-end=\"521\">\n<p data-start=\"411\" data-end=\"521\">Az enn\u00e9l kisebb \u00e9s k\u00f6nnyebb csomagokat fut\u00e1rszolg\u00e1lattal k\u00e9zbes\u00edtj\u00fck a lehet\u0151 legbiztons\u00e1gosabb csomagol\u00e1sban.<\/p>\n<\/li>\n<\/ul>\n<h4 data-start=\"523\" data-end=\"551\">\ud83d\udefb\u00a0<strong data-start=\"530\" data-end=\"551\">Szem\u00e9lyes \u00e1tv\u00e9tel<\/strong><\/h4>\n<ul data-start=\"552\" data-end=\"748\">\n<li data-start=\"552\" data-end=\"600\">\n<p data-start=\"554\" data-end=\"600\"><strong data-start=\"564\" data-end=\"600\">1173 Budapest, Bakancsos utca 7. sz\u00e1m alatt\u00a0<\/strong>nyitvatart\u00e1si id\u0151ben szem\u00e9lyesen \u00e1tvehet\u0151 kert\u00e9szeti \u00e1rud\u00e1nkban.<\/p>\n<\/li>\n<li data-start=\"552\" data-end=\"600\">\n<p data-start=\"554\" data-end=\"600\">K\u00f6lts\u00e9ghat\u00e9kony megold\u00e1s nagyobb, t\u00f6r\u00e9kenyebb vagy t\u00falm\u00e9retes n\u00f6v\u00e9nyek eset\u00e9n.<\/p>\n<\/li>\n<\/ul>\n<h4 data-start=\"750\" data-end=\"799\">\ud83d\udcde\u00a0<strong data-start=\"757\" data-end=\"799\">Nagy m\u00e9ret\u0171 vagy s\u00faly\u00fa n\u00f6v\u00e9nyek eset\u00e9n<\/strong><\/h4>\n<p data-start=\"800\" data-end=\"812\">Ha a term\u00e9k:<\/p>\n<ul data-start=\"813\" data-end=\"887\">\n<li data-start=\"813\" data-end=\"855\">\n<p data-start=\"815\" data-end=\"855\">meghaladja a\u00a0<strong data-start=\"828\" data-end=\"850\">200 cm hossz\u00fas\u00e1got<\/strong>\u00a0vagy<\/p>\n<\/li>\n<li data-start=\"856\" data-end=\"887\">\n<p data-start=\"858\" data-end=\"887\">meghaladja a\u00a0<strong data-start=\"871\" data-end=\"886\">40 kg s\u00falyt<\/strong>,<\/p>\n<\/li>\n<\/ul>\n<p data-start=\"889\" data-end=\"1145\">akkor\u00a0<strong data-start=\"909\" data-end=\"933\">szem\u00e9lyes \u00e1tv\u00e9tellel<\/strong>\u00a0vagy\u00a0<strong data-start=\"939\" data-end=\"998\">egyedi, el\u0151re egyeztetett sz\u00e1ll\u00edt\u00e1si felt\u00e9telek mellett<\/strong>\u00a0t\u00f6rt\u00e9nik.<br data-start=\"1008\" data-end=\"1011\" \/>K\u00e9rj\u00fck, ilyen esetben\u00a0<strong data-start=\"1033\" data-end=\"1081\">rendel\u00e9s el\u0151tt vegye fel vel\u00fcnk a kapcsolatot<\/strong>, hogy a lehet\u0151 legmegfelel\u0151bb sz\u00e1ll\u00edt\u00e1si megold\u00e1st k\u00edn\u00e1lhassuk.<\/p>\n<hr data-start=\"1147\" data-end=\"1150\" \/>\n<p data-start=\"1152\" data-end=\"1362\">\ud83d\udd14\u00a0<strong data-start=\"1155\" data-end=\"1166\">Fontos:<\/strong>\u00a0A n\u00f6v\u00e9nyeket minden esetben igyeksz\u00fcnk gondosan, egyes\u00e9vel csomagolni, azonban a sz\u00e1ll\u00edt\u00e1s sor\u00e1n kisebb eszt\u00e9tikai s\u00e9r\u00fcl\u00e9sek el\u0151fordulhatnak (pl. lev\u00e9lhull\u00e1s). Ez nem min\u0151s\u00fcl hib\u00e1s teljes\u00edt\u00e9snek.<\/p>\n<h4>\ud83d\udcf7\u00a0<strong data-start=\"1631\" data-end=\"1658\">Fontos tudni a k\u00e9pekr\u0151l<\/strong><\/h4>\n<p data-start=\"1659\" data-end=\"1865\">A webshopban szerepl\u0151 k\u00e9pek\u00a0<strong data-start=\"1687\" data-end=\"1704\">illusztr\u00e1ci\u00f3k<\/strong>, a n\u00f6v\u00e9nyek term\u00e9szet\u00fckn\u00e9l fogva egyediek, \u00edgy m\u00e9retben, alakban \u00e9s sz\u00ednben\u00a0<strong data-start=\"1781\" data-end=\"1804\">minim\u00e1lis elt\u00e9r\u00e9sek<\/strong>\u00a0el\u0151fordulhatnak a k\u00e9pen l\u00e1that\u00f3 \u00e9s a val\u00f3s p\u00e9ld\u00e1nyok k\u00f6z\u00f6tt.<\/p>\n<hr data-start=\"1867\" data-end=\"1870\" \/>\n<h4 data-start=\"1872\" data-end=\"1903\">\ud83e\uddfe\u00a0<strong data-start=\"1879\" data-end=\"1903\">\u00c1rak \u00e9s el\u00e1ll\u00e1si jog<\/strong><\/h4>\n<ul data-start=\"1904\" data-end=\"2156\">\n<li data-start=\"1904\" data-end=\"1949\">\n<p data-start=\"1906\" data-end=\"1949\">Az \u00e1rak\u00a0<strong data-start=\"1914\" data-end=\"1927\">egy darab<\/strong>\u00a0n\u00f6v\u00e9nyre vonatkoznak.<\/p>\n<\/li>\n<li data-start=\"1950\" data-end=\"2156\">\n<p data-start=\"1952\" data-end=\"2156\">\u00c9l\u0151 n\u00f6v\u00e9nyek rendel\u00e9se eset\u00e9n a\u00a0<strong data-start=\"1984\" data-end=\"2028\">14 napos el\u00e1ll\u00e1s joga nem \u00e9rv\u00e9nyes\u00edthet\u0151<\/strong>, mivel azok romland\u00f3, biol\u00f3giailag \u00e9l\u0151 term\u00e9keknek min\u0151s\u00fclnek.<br data-start=\"2091\" data-end=\"2094\" \/>\ud83d\udd12 (17\/1999. (II. 5.) Korm. rendelet 5. \u00a7 c) pontja alapj\u00e1n)<\/p>\n<\/li>\n<\/ul>\n<hr data-start=\"2158\" data-end=\"2161\" \/>\n<h4 data-start=\"2163\" data-end=\"2198\">\ud83d\udce6\u00a0<strong data-start=\"2170\" data-end=\"2198\">K\u00e9zbes\u00edt\u00e9s ut\u00e1ni teend\u0151k<\/strong><\/h4>\n<p data-start=\"2199\" data-end=\"2447\">A k\u00e9zbes\u00edt\u00e9st k\u00f6vet\u0151en\u00a0<strong data-start=\"2222\" data-end=\"2254\">a csomagot azonnal bontsuk ki<\/strong>, \u00e9s a n\u00f6v\u00e9nyt helyezz\u00fck el megfelel\u0151 k\u00f6rnyezetben.<br data-start=\"2303\" data-end=\"2306\" \/>Fontos: ha a n\u00f6v\u00e9ny nem r\u00e9szes\u00fcl megfelel\u0151 gondoz\u00e1sban \u00e9s ennek k\u00f6vetkezt\u00e9ben k\u00e1rosodik vagy elpusztul,\u00a0<strong data-start=\"2410\" data-end=\"2446\">felel\u0151ss\u00e9get nem tudunk v\u00e1llalni<\/strong>.<\/p>","protected":false},"excerpt":{"rendered":"<p>A Hippophae rhamnoides &#8216;Pollmix&#8217; h\u00edmivar\u00fa homokt\u00f6vis fajta, melynek f\u0151 szerepe a n\u0151ivar\u00fa fajt\u00e1k (pl. &#8216;Leikora&#8217;, &#8216;Friesdorfer&#8217;) beporz\u00e1sa. Maga a n\u00f6v\u00e9ny nem terem, de n\u00e9lk\u00fcl\u00f6zhetetlen a bogy\u00f3term\u00e9shez.<\/p>\n<p>A n\u00f6v\u00e9ny jelenlegi m\u00e9rete: 80\/100 cm magas, 3 literes kont\u00e9nerben.<\/p>\n<p>K\u00e9szlet\u00fcnk napi szinten v\u00e1ltozik, \u00edgy a webshopban szerepl\u0151 term\u00e9kek el\u00e9rhet\u0151s\u00e9ge nem garant\u00e1lt.<br data-start=\"569\" data-end=\"572\" \/>\ud83d\udcde A megrendel\u00e9s el\u0151tt k\u00e9rj\u00fck, \u00e9rdekl\u0151dj\u00f6n szem\u00e9lyesen, telefonon vagy e-mailben!<\/p>","protected":false},"featured_media":23740,"template":"","meta":{"_et_pb_use_builder":"","_et_pb_old_content":"","_et_gb_content_width":""},"product_brand":[],"product_cat":[7073],"product_tag":[5899,5898,5896,1588,5897,1589,5862],"class_list":{"0":"post-5245","1":"product","2":"type-product","3":"status-publish","4":"has-post-thumbnail","6":"product_cat-homoktovis","7":"product_tag-beporzo-noveny","8":"product_tag-himivaru-homoktovis","9":"product_tag-hippophae-rhamnoides","10":"product_tag-homoktovis","11":"product_tag-pollmix","12":"product_tag-porzos","13":"product_tag-szarazsagturo-noveny","15":"first","16":"instock","17":"shipping-taxable","18":"purchasable","19":"product-type-simple"},"yoast_head":"<!-- This site is optimized with the Yoast SEO plugin v27.5 - https:\/\/yoast.com\/product\/yoast-seo-wordpress\/ -->\n<title>Hippophae rhamnoides &#039;Pollmix&#039; - Porz\u00f3 homokt\u00f6vis - T\u00e1jkert\u00e9sz<\/title>\n<meta name=\"description\" content=\"Hippophae rhamnoides &#039;Pollmix&#039; - Porz\u00f3 homokt\u00f6vis h\u00edmivar\u00fa, term\u00e9s n\u00e9lk\u00fcli porz\u00f3 homokt\u00f6vis. Ig\u00e9nytelen, t\u00e9l\u00e1ll\u00f3, sz\u00e1razs\u00e1gt\u0171r\u0151 beporz\u00f3 n\u00f6v\u00e9ny.\" \/>\n<meta name=\"robots\" content=\"index, follow, max-snippet:-1, max-image-preview:large, max-video-preview:-1\" \/>\n<link rel=\"canonical\" href=\"https:\/\/tajkertesz.com\/en_US\/product\/hippophae-rhamnoides-pollmix-porzo-homoktovis\/\" \/>\n<meta property=\"og:locale\" content=\"en_US\" \/>\n<meta property=\"og:type\" content=\"article\" \/>\n<meta property=\"og:title\" content=\"Hippophae rhamnoides &#039;Pollmix&#039; - Porz\u00f3 homokt\u00f6vis - T\u00e1jkert\u00e9sz\" \/>\n<meta property=\"og:description\" content=\"Hippophae rhamnoides &#039;Pollmix&#039; - Porz\u00f3 homokt\u00f6vis h\u00edmivar\u00fa, term\u00e9s n\u00e9lk\u00fcli porz\u00f3 homokt\u00f6vis. Ig\u00e9nytelen, t\u00e9l\u00e1ll\u00f3, sz\u00e1razs\u00e1gt\u0171r\u0151 beporz\u00f3 n\u00f6v\u00e9ny.\" \/>\n<meta property=\"og:url\" content=\"https:\/\/tajkertesz.com\/en_US\/product\/hippophae-rhamnoides-pollmix-porzo-homoktovis\/\" \/>\n<meta property=\"og:site_name\" content=\"T\u00e1jkert\u00e9sz\" \/>\n<meta property=\"article:publisher\" content=\"https:\/\/www.facebook.com\/Tajkertesz\/\" \/>\n<meta property=\"article:modified_time\" content=\"2026-02-21T12:43:36+00:00\" \/>\n<meta property=\"og:image\" content=\"https:\/\/tajkertesz.com\/wp-content\/uploads\/2025\/06\/20250611_150158-scaled.jpg\" \/>\n\t<meta property=\"og:image:width\" content=\"1920\" \/>\n\t<meta property=\"og:image:height\" content=\"2560\" \/>\n\t<meta property=\"og:image:type\" content=\"image\/jpeg\" \/>\n<meta name=\"twitter:card\" content=\"summary_large_image\" \/>\n<meta name=\"twitter:label1\" content=\"Est. reading time\" \/>\n\t<meta name=\"twitter:data1\" content=\"3 minutes\" \/>\n<script type=\"application\/ld+json\" class=\"yoast-schema-graph\">{\"@context\":\"https:\\\/\\\/schema.org\",\"@graph\":[{\"@type\":\"WebPage\",\"@id\":\"https:\\\/\\\/tajkertesz.com\\\/termek\\\/hippophae-rhamnoides-pollmix-porzo-homoktovis\\\/\",\"url\":\"https:\\\/\\\/tajkertesz.com\\\/termek\\\/hippophae-rhamnoides-pollmix-porzo-homoktovis\\\/\",\"name\":\"Hippophae rhamnoides 'Pollmix' - Porz\u00f3 homokt\u00f6vis - T\u00e1jkert\u00e9sz\",\"isPartOf\":{\"@id\":\"https:\\\/\\\/tajkertesz.com\\\/#website\"},\"primaryImageOfPage\":{\"@id\":\"https:\\\/\\\/tajkertesz.com\\\/termek\\\/hippophae-rhamnoides-pollmix-porzo-homoktovis\\\/#primaryimage\"},\"image\":{\"@id\":\"https:\\\/\\\/tajkertesz.com\\\/termek\\\/hippophae-rhamnoides-pollmix-porzo-homoktovis\\\/#primaryimage\"},\"thumbnailUrl\":\"https:\\\/\\\/tajkertesz.com\\\/wp-content\\\/uploads\\\/2025\\\/06\\\/20250611_150158-scaled.jpg\",\"datePublished\":\"2025-06-10T11:51:25+00:00\",\"dateModified\":\"2026-02-21T12:43:36+00:00\",\"description\":\"Hippophae rhamnoides 'Pollmix' - Porz\u00f3 homokt\u00f6vis h\u00edmivar\u00fa, term\u00e9s n\u00e9lk\u00fcli porz\u00f3 homokt\u00f6vis. Ig\u00e9nytelen, t\u00e9l\u00e1ll\u00f3, sz\u00e1razs\u00e1gt\u0171r\u0151 beporz\u00f3 n\u00f6v\u00e9ny.\",\"breadcrumb\":{\"@id\":\"https:\\\/\\\/tajkertesz.com\\\/termek\\\/hippophae-rhamnoides-pollmix-porzo-homoktovis\\\/#breadcrumb\"},\"inLanguage\":\"en-US\",\"potentialAction\":[{\"@type\":\"ReadAction\",\"target\":[\"https:\\\/\\\/tajkertesz.com\\\/termek\\\/hippophae-rhamnoides-pollmix-porzo-homoktovis\\\/\"]}]},{\"@type\":\"ImageObject\",\"inLanguage\":\"en-US\",\"@id\":\"https:\\\/\\\/tajkertesz.com\\\/termek\\\/hippophae-rhamnoides-pollmix-porzo-homoktovis\\\/#primaryimage\",\"url\":\"https:\\\/\\\/tajkertesz.com\\\/wp-content\\\/uploads\\\/2025\\\/06\\\/20250611_150158-scaled.jpg\",\"contentUrl\":\"https:\\\/\\\/tajkertesz.com\\\/wp-content\\\/uploads\\\/2025\\\/06\\\/20250611_150158-scaled.jpg\",\"width\":1920,\"height\":2560,\"caption\":\"Hippophae rhamnoides 'Pollmix' - Porz\u00f3 homokt\u00f6vis\"},{\"@type\":\"BreadcrumbList\",\"@id\":\"https:\\\/\\\/tajkertesz.com\\\/termek\\\/hippophae-rhamnoides-pollmix-porzo-homoktovis\\\/#breadcrumb\",\"itemListElement\":[{\"@type\":\"ListItem\",\"position\":1,\"name\":\"Home\",\"item\":\"https:\\\/\\\/tajkertesz.com\\\/\"},{\"@type\":\"ListItem\",\"position\":2,\"name\":\"Kezd\u0151lap\",\"item\":\"https:\\\/\\\/tajkertesz.com\\\/\"},{\"@type\":\"ListItem\",\"position\":3,\"name\":\"Hippophae rhamnoides &#8216;Pollmix&#8217; &#8211; Porz\u00f3 homokt\u00f6vis\"}]},{\"@type\":\"WebSite\",\"@id\":\"https:\\\/\\\/tajkertesz.com\\\/#website\",\"url\":\"https:\\\/\\\/tajkertesz.com\\\/\",\"name\":\"T\u00e1j-Kert\u00e9sz 84 Kft.\",\"description\":\"Kert\u00e9szeti kis- \u00e9s nagykeresked\u00e9s, D\u00edszn\u00f6v\u00e9ny web\u00e1ruh\u00e1z orsz\u00e1gos h\u00e1zhozsz\u00e1ll\u00edt\u00e1ssal!\",\"publisher\":{\"@id\":\"https:\\\/\\\/tajkertesz.com\\\/#organization\"},\"potentialAction\":[{\"@type\":\"SearchAction\",\"target\":{\"@type\":\"EntryPoint\",\"urlTemplate\":\"https:\\\/\\\/tajkertesz.com\\\/?s={search_term_string}\"},\"query-input\":{\"@type\":\"PropertyValueSpecification\",\"valueRequired\":true,\"valueName\":\"search_term_string\"}}],\"inLanguage\":\"en-US\"},{\"@type\":\"Organization\",\"@id\":\"https:\\\/\\\/tajkertesz.com\\\/#organization\",\"name\":\"T\u00e1j-Kert\u00e9sz 84 Kft.\",\"url\":\"https:\\\/\\\/tajkertesz.com\\\/\",\"logo\":{\"@type\":\"ImageObject\",\"inLanguage\":\"en-US\",\"@id\":\"https:\\\/\\\/tajkertesz.com\\\/#\\\/schema\\\/logo\\\/image\\\/\",\"url\":\"https:\\\/\\\/tajkertesz.com\\\/wp-content\\\/uploads\\\/2018\\\/02\\\/logo-2-e1518678052539.png\",\"contentUrl\":\"https:\\\/\\\/tajkertesz.com\\\/wp-content\\\/uploads\\\/2018\\\/02\\\/logo-2-e1518678052539.png\",\"width\":81,\"height\":140,\"caption\":\"T\u00e1j-Kert\u00e9sz 84 Kft.\"},\"image\":{\"@id\":\"https:\\\/\\\/tajkertesz.com\\\/#\\\/schema\\\/logo\\\/image\\\/\"},\"sameAs\":[\"https:\\\/\\\/www.facebook.com\\\/Tajkertesz\\\/\"]}]}<\/script>\n<!-- \/ Yoast SEO plugin. -->","yoast_head_json":{"title":"Hippophae rhamnoides 'Pollmix' - Porz\u00f3 homokt\u00f6vis - T\u00e1jkert\u00e9sz","description":"Hippophae rhamnoides 'Pollmix' - Porz\u00f3 homokt\u00f6vis h\u00edmivar\u00fa, term\u00e9s n\u00e9lk\u00fcli porz\u00f3 homokt\u00f6vis. Ig\u00e9nytelen, t\u00e9l\u00e1ll\u00f3, sz\u00e1razs\u00e1gt\u0171r\u0151 beporz\u00f3 n\u00f6v\u00e9ny.","robots":{"index":"index","follow":"follow","max-snippet":"max-snippet:-1","max-image-preview":"max-image-preview:large","max-video-preview":"max-video-preview:-1"},"canonical":"https:\/\/tajkertesz.com\/en_US\/product\/hippophae-rhamnoides-pollmix-porzo-homoktovis\/","og_locale":"en_US","og_type":"article","og_title":"Hippophae rhamnoides 'Pollmix' - Porz\u00f3 homokt\u00f6vis - T\u00e1jkert\u00e9sz","og_description":"Hippophae rhamnoides 'Pollmix' - Porz\u00f3 homokt\u00f6vis h\u00edmivar\u00fa, term\u00e9s n\u00e9lk\u00fcli porz\u00f3 homokt\u00f6vis. Ig\u00e9nytelen, t\u00e9l\u00e1ll\u00f3, sz\u00e1razs\u00e1gt\u0171r\u0151 beporz\u00f3 n\u00f6v\u00e9ny.","og_url":"https:\/\/tajkertesz.com\/en_US\/product\/hippophae-rhamnoides-pollmix-porzo-homoktovis\/","og_site_name":"T\u00e1jkert\u00e9sz","article_publisher":"https:\/\/www.facebook.com\/Tajkertesz\/","article_modified_time":"2026-02-21T12:43:36+00:00","og_image":[{"width":1920,"height":2560,"url":"https:\/\/tajkertesz.com\/wp-content\/uploads\/2025\/06\/20250611_150158-scaled.jpg","type":"image\/jpeg"}],"twitter_card":"summary_large_image","twitter_misc":{"Est. reading time":"3 minutes"},"schema":{"@context":"https:\/\/schema.org","@graph":[{"@type":"WebPage","@id":"https:\/\/tajkertesz.com\/termek\/hippophae-rhamnoides-pollmix-porzo-homoktovis\/","url":"https:\/\/tajkertesz.com\/termek\/hippophae-rhamnoides-pollmix-porzo-homoktovis\/","name":"Hippophae rhamnoides 'Pollmix' - Porz\u00f3 homokt\u00f6vis - T\u00e1jkert\u00e9sz","isPartOf":{"@id":"https:\/\/tajkertesz.com\/#website"},"primaryImageOfPage":{"@id":"https:\/\/tajkertesz.com\/termek\/hippophae-rhamnoides-pollmix-porzo-homoktovis\/#primaryimage"},"image":{"@id":"https:\/\/tajkertesz.com\/termek\/hippophae-rhamnoides-pollmix-porzo-homoktovis\/#primaryimage"},"thumbnailUrl":"https:\/\/tajkertesz.com\/wp-content\/uploads\/2025\/06\/20250611_150158-scaled.jpg","datePublished":"2025-06-10T11:51:25+00:00","dateModified":"2026-02-21T12:43:36+00:00","description":"Hippophae rhamnoides 'Pollmix' - Porz\u00f3 homokt\u00f6vis h\u00edmivar\u00fa, term\u00e9s n\u00e9lk\u00fcli porz\u00f3 homokt\u00f6vis. Ig\u00e9nytelen, t\u00e9l\u00e1ll\u00f3, sz\u00e1razs\u00e1gt\u0171r\u0151 beporz\u00f3 n\u00f6v\u00e9ny.","breadcrumb":{"@id":"https:\/\/tajkertesz.com\/termek\/hippophae-rhamnoides-pollmix-porzo-homoktovis\/#breadcrumb"},"inLanguage":"en-US","potentialAction":[{"@type":"ReadAction","target":["https:\/\/tajkertesz.com\/termek\/hippophae-rhamnoides-pollmix-porzo-homoktovis\/"]}]},{"@type":"ImageObject","inLanguage":"en-US","@id":"https:\/\/tajkertesz.com\/termek\/hippophae-rhamnoides-pollmix-porzo-homoktovis\/#primaryimage","url":"https:\/\/tajkertesz.com\/wp-content\/uploads\/2025\/06\/20250611_150158-scaled.jpg","contentUrl":"https:\/\/tajkertesz.com\/wp-content\/uploads\/2025\/06\/20250611_150158-scaled.jpg","width":1920,"height":2560,"caption":"Hippophae rhamnoides 'Pollmix' - Porz\u00f3 homokt\u00f6vis"},{"@type":"BreadcrumbList","@id":"https:\/\/tajkertesz.com\/termek\/hippophae-rhamnoides-pollmix-porzo-homoktovis\/#breadcrumb","itemListElement":[{"@type":"ListItem","position":1,"name":"Home","item":"https:\/\/tajkertesz.com\/"},{"@type":"ListItem","position":2,"name":"Kezd\u0151lap","item":"https:\/\/tajkertesz.com\/"},{"@type":"ListItem","position":3,"name":"Hippophae rhamnoides &#8216;Pollmix&#8217; &#8211; Porz\u00f3 homokt\u00f6vis"}]},{"@type":"WebSite","@id":"https:\/\/tajkertesz.com\/#website","url":"https:\/\/tajkertesz.com\/","name":"T\u00e1j-Kert\u00e9sz 84 Kft.","description":"Kert\u00e9szeti kis- \u00e9s nagykeresked\u00e9s, D\u00edszn\u00f6v\u00e9ny web\u00e1ruh\u00e1z orsz\u00e1gos h\u00e1zhozsz\u00e1ll\u00edt\u00e1ssal!","publisher":{"@id":"https:\/\/tajkertesz.com\/#organization"},"potentialAction":[{"@type":"SearchAction","target":{"@type":"EntryPoint","urlTemplate":"https:\/\/tajkertesz.com\/?s={search_term_string}"},"query-input":{"@type":"PropertyValueSpecification","valueRequired":true,"valueName":"search_term_string"}}],"inLanguage":"en-US"},{"@type":"Organization","@id":"https:\/\/tajkertesz.com\/#organization","name":"T\u00e1j-Kert\u00e9sz 84 Kft.","url":"https:\/\/tajkertesz.com\/","logo":{"@type":"ImageObject","inLanguage":"en-US","@id":"https:\/\/tajkertesz.com\/#\/schema\/logo\/image\/","url":"https:\/\/tajkertesz.com\/wp-content\/uploads\/2018\/02\/logo-2-e1518678052539.png","contentUrl":"https:\/\/tajkertesz.com\/wp-content\/uploads\/2018\/02\/logo-2-e1518678052539.png","width":81,"height":140,"caption":"T\u00e1j-Kert\u00e9sz 84 Kft."},"image":{"@id":"https:\/\/tajkertesz.com\/#\/schema\/logo\/image\/"},"sameAs":["https:\/\/www.facebook.com\/Tajkertesz\/"]}]}},"_links":{"self":[{"href":"https:\/\/tajkertesz.com\/en_US\/wp-json\/wp\/v2\/product\/5245","targetHints":{"allow":["GET"]}}],"collection":[{"href":"https:\/\/tajkertesz.com\/en_US\/wp-json\/wp\/v2\/product"}],"about":[{"href":"https:\/\/tajkertesz.com\/en_US\/wp-json\/wp\/v2\/types\/product"}],"wp:featuredmedia":[{"embeddable":true,"href":"https:\/\/tajkertesz.com\/en_US\/wp-json\/wp\/v2\/media\/23740"}],"wp:attachment":[{"href":"https:\/\/tajkertesz.com\/en_US\/wp-json\/wp\/v2\/media?parent=5245"}],"wp:term":[{"taxonomy":"product_brand","embeddable":true,"href":"https:\/\/tajkertesz.com\/en_US\/wp-json\/wp\/v2\/product_brand?post=5245"},{"taxonomy":"product_cat","embeddable":true,"href":"https:\/\/tajkertesz.com\/en_US\/wp-json\/wp\/v2\/product_cat?post=5245"},{"taxonomy":"product_tag","embeddable":true,"href":"https:\/\/tajkertesz.com\/en_US\/wp-json\/wp\/v2\/product_tag?post=5245"}],"curies":[{"name":"wp","href":"https:\/\/api.w.org\/{rel}","templated":true}]}}