{"id":5259,"date":"2021-05-21T12:08:17","date_gmt":"2021-05-21T12:08:17","guid":{"rendered":"https:\/\/tajkertesz.com\/?post_type=product&#038;p=5259"},"modified":"2026-04-03T07:29:00","modified_gmt":"2026-04-03T07:29:00","slug":"ribes-grossularia-hinnomaki-green-zold-egres","status":"publish","type":"product","link":"https:\/\/tajkertesz.com\/en_US\/product\/ribes-grossularia-hinnomaki-green-zold-egres\/","title":{"rendered":"Ribes uva-crispa &#8216;Hinnomaki Green&#8217; &#8211; Z\u00f6ld egres"},"content":{"rendered":"<h3>Ribes uva-crispa &#8216;Hinnomaki Green&#8217; &#8211; Z\u00f6ld egres<\/h3>\n<p data-start=\"527\" data-end=\"751\">A Ribes uva-crispa &#8216;Hinnomaki Green&#8217; &#8211; Z\u00f6ld egres\u00a0egy <strong data-start=\"573\" data-end=\"592\">finn nemes\u00edt\u00e9s\u0171<\/strong>, k\u00fcl\u00f6n\u00f6sen <strong data-start=\"604\" data-end=\"617\">ellen\u00e1ll\u00f3<\/strong>, <strong data-start=\"619\" data-end=\"630\">b\u0151term\u0151<\/strong> z\u00f6ld fajta. K\u00f6z\u00e9per\u0151s n\u00f6veked\u00e9s\u0171, kompakt bokrot nevel, \u00edgy kisebb kertekbe vagy ak\u00e1r ed\u00e9nyes nevel\u00e9sre is ide\u00e1lis.<\/p>\n<p data-start=\"753\" data-end=\"944\">Term\u00e9se <strong data-start=\"761\" data-end=\"808\">vil\u00e1gosz\u00f6ld, kiss\u00e9 \u00e1ttetsz\u0151, k\u00f6zepes m\u00e9ret\u0171<\/strong>, l\u00e9d\u00fas bogy\u00f3, amely kiv\u00e1l\u00f3an alkalmas friss fogyaszt\u00e1sra, de lekv\u00e1rnak, komp\u00f3tnak, sz\u00f6rpnek, s\u00fctem\u00e9nyekbe \u00e9s fagyaszt\u00e1sra is t\u00f6k\u00e9letes.<\/p>\n<h4 data-start=\"946\" data-end=\"965\">Ribes uva-crispa &#8216;Hinnomaki Green&#8217; &#8211; Z\u00f6ld egres jellemz\u0151i:<\/h4>\n<ul data-start=\"966\" data-end=\"1324\">\n<li data-start=\"966\" data-end=\"1011\">\n<p data-start=\"968\" data-end=\"1011\"><strong data-start=\"968\" data-end=\"982\">\u00c9r\u00e9si id\u0151:<\/strong> j\u00fanius k\u00f6zepe \u2013 j\u00falius eleje<\/p>\n<\/li>\n<li data-start=\"1012\" data-end=\"1068\">\n<p data-start=\"1014\" data-end=\"1068\"><strong data-start=\"1014\" data-end=\"1025\">Term\u00e9s:<\/strong> k\u00f6zepes m\u00e9ret\u0171, z\u00f6ld, enyh\u00e9n sz\u0151r\u00f6s bogy\u00f3k<\/p>\n<\/li>\n<li data-start=\"1069\" data-end=\"1106\">\n<p data-start=\"1071\" data-end=\"1106\"><strong data-start=\"1071\" data-end=\"1078\">\u00cdz:<\/strong> friss\u00edt\u0151en savanyk\u00e1s, l\u00e9d\u00fas<\/p>\n<\/li>\n<li data-start=\"1107\" data-end=\"1141\">\n<p data-start=\"1109\" data-end=\"1141\"><strong data-start=\"1109\" data-end=\"1123\">N\u00f6veked\u00e9s:<\/strong> bokros, k\u00f6z\u00e9per\u0151s<\/p>\n<\/li>\n<li data-start=\"1142\" data-end=\"1177\">\n<p data-start=\"1144\" data-end=\"1177\"><strong data-start=\"1144\" data-end=\"1155\">T\u00fcsk\u00e9k:<\/strong> enyh\u00e9n t\u00fcsk\u00e9s vessz\u0151k<\/p>\n<\/li>\n<li data-start=\"1178\" data-end=\"1226\">\n<p data-start=\"1180\" data-end=\"1226\"><strong data-start=\"1180\" data-end=\"1194\">F\u00e9nyig\u00e9ny:<\/strong> napos-f\u00e9l\u00e1rny\u00e9kos helyet kedvel<\/p>\n<\/li>\n<li data-start=\"1227\" data-end=\"1279\">\n<p data-start=\"1229\" data-end=\"1279\"><strong data-start=\"1229\" data-end=\"1239\">Talaj:<\/strong> j\u00f3 v\u00edz\u00e1tereszt\u0151, humuszban gazdag talaj<\/p>\n<\/li>\n<li data-start=\"1280\" data-end=\"1324\">\n<p data-start=\"1282\" data-end=\"1324\"><strong data-start=\"1282\" data-end=\"1298\">Fagy\u00e1ll\u00f3s\u00e1g:<\/strong> kiv\u00e1l\u00f3, -25 \u00b0C-ig t\u00e9l\u00e1ll\u00f3<\/p>\n<\/li>\n<\/ul>\n<p data-start=\"1326\" data-end=\"1451\">Ez a fajta <strong data-start=\"1337\" data-end=\"1385\">ellen\u00e1ll\u00f3 az amerikai lisztharmattal szemben<\/strong>, ami k\u00fcl\u00f6n\u00f6sen el\u0151ny\u00f6s vegyszermentes vagy bio termeszt\u00e9s eset\u00e9n.<\/p>\n<h4><strong>\ud83d\udd04 K\u00e9szletinform\u00e1ci\u00f3<\/strong><\/h4>\n<p><strong>K\u00e9szlet\u00fcnk napi szinten v\u00e1ltozik, \u00edgy a webshopban szerepl<\/strong><strong>\u0151<\/strong><strong>\u00a0term\u00e9kek el\u00e9rhet<\/strong><strong>\u0151<\/strong><strong>s\u00e9ge nem garant\u00e1lt.<br \/>\n\ud83d\udcde A megrendel\u00e9s el<\/strong><strong>\u0151<\/strong><strong>tt k\u00e9rj\u00fck, \u00e9rdekl<\/strong><strong>\u0151<\/strong><strong>dj\u00f6n szem\u00e9lyesen, telefonon vagy e-mailben!<\/strong><\/p>\n<h4><strong>\u27a1\ufe0f Kapcsolat:<\/strong><\/h4>\n<ul>\n<li><strong>Weboldal:\u00a0<\/strong><a href=\"https:\/\/tajkertesz.com\/\"><strong>tajkertesz.com<\/strong><\/a><\/li>\n<li><strong>Facebook:\u00a0<\/strong><a href=\"https:\/\/www.facebook.com\/tajkertesz\/\"><strong>facebook.com\/tajkertesz<\/strong><\/a><\/li>\n<li><strong>Telefonsz\u00e1m, e-mail: +36\/20-319-3770\u00a0<\/strong><a href=\"mailto:tajkerteszaruda@gmail.com\"><strong>tajkerteszaruda@gmail.com<\/strong><\/a><\/li>\n<\/ul>\n<h4><strong>\ud83d\ude9a Sz\u00e1ll\u00edt\u00e1si inform\u00e1ci\u00f3k<\/strong><\/h4>\n<p><strong>A megrendelt n\u00f6v\u00e9nyek kisz\u00e1ll\u00edt\u00e1sa az al\u00e1bbi felt\u00e9telek mellett t\u00f6rt\u00e9nik:<\/strong><\/p>\n<h4><strong>\ud83d\udce6 Fut\u00e1rszolg\u00e1latos sz\u00e1ll\u00edt\u00e1s<\/strong><\/h4>\n<ul>\n<li><strong>Maxim\u00e1lis m\u00e9ret: 200 cm (hossz\u00fas\u00e1g)<\/strong><\/li>\n<li><strong>Maxim\u00e1lis s\u00faly: 40 kg<\/strong><\/li>\n<li><strong>Az enn\u00e9l kisebb \u00e9s k\u00f6nnyebb csomagokat fut\u00e1rszolg\u00e1lattal k\u00e9zbes\u00edtj\u00fck a lehet<\/strong><strong>\u0151<\/strong><strong>\u00a0legbiztons\u00e1gosabb csomagol\u00e1sban.<\/strong><\/li>\n<\/ul>\n<h4><strong>\ud83d\udefb Szem\u00e9lyes \u00e1tv\u00e9tel<\/strong><\/h4>\n<ul>\n<li><strong>1173 Budapest, Bakancsos utca 7. sz\u00e1m alatt nyitvatart\u00e1si id<\/strong><strong>\u0151<\/strong><strong>ben szem\u00e9lyesen \u00e1tvehet<\/strong><strong>\u0151<\/strong><strong>\u00a0kert\u00e9szeti \u00e1rud\u00e1nkban.<\/strong><\/li>\n<li><strong>K\u00f6lts\u00e9ghat\u00e9kony megold\u00e1s nagyobb, t\u00f6r\u00e9kenyebb vagy t\u00falm\u00e9retes n\u00f6v\u00e9nyek eset\u00e9n.<\/strong><\/li>\n<\/ul>\n<h4><strong>\ud83d\udcde Nagy m\u00e9ret<\/strong><strong>\u0171<\/strong><strong>\u00a0vagy s\u00faly\u00fa n\u00f6v\u00e9nyek eset\u00e9n<\/strong><\/h4>\n<p><strong>Ha a term\u00e9k:<\/strong><\/p>\n<ul>\n<li><strong>meghaladja a 200 cm hossz\u00fas\u00e1got vagy<\/strong><\/li>\n<li><strong>meghaladja a 40 kg s\u00falyt,<\/strong><\/li>\n<\/ul>\n<p><strong>akkor szem\u00e9lyes \u00e1tv\u00e9tellel vagy egyedi, el<\/strong><strong>\u0151<\/strong><strong>re egyeztetett sz\u00e1ll\u00edt\u00e1si felt\u00e9telek mellett t\u00f6rt\u00e9nik.<br \/>\nK\u00e9rj\u00fck, ilyen esetben rendel\u00e9s el<\/strong><strong>\u0151<\/strong><strong>tt vegye fel vel\u00fcnk a kapcsolatot, hogy a lehet<\/strong><strong>\u0151<\/strong><strong>\u00a0legmegfelel<\/strong><strong>\u0151<\/strong><strong>bb sz\u00e1ll\u00edt\u00e1si megold\u00e1st k\u00edn\u00e1lhassuk.<\/strong><\/p>\n<p><strong>\ud83d\udd14 Fontos: A n\u00f6v\u00e9nyeket minden esetben igyeksz\u00fcnk gondosan, egyes\u00e9vel csomagolni, azonban a sz\u00e1ll\u00edt\u00e1s sor\u00e1n kisebb eszt\u00e9tikai s\u00e9r\u00fcl\u00e9sek el<\/strong><strong>\u0151<\/strong><strong>fordulhatnak (pl. lev\u00e9lhull\u00e1s). Ez nem min<\/strong><strong>\u0151<\/strong><strong>s\u00fcl hib\u00e1s teljes\u00edt\u00e9snek.<\/strong><\/p>\n<h4><strong>\ud83d\udcf7 Fontos tudni a k\u00e9pekr<\/strong><strong>\u0151<\/strong><strong>l<\/strong><\/h4>\n<p><strong>A webshopban szerepl<\/strong><strong>\u0151<\/strong><strong>\u00a0k\u00e9pek illusztr\u00e1ci\u00f3k, a n\u00f6v\u00e9nyek term\u00e9szet\u00fckn\u00e9l fogva egyediek, \u00edgy m\u00e9retben, alakban \u00e9s sz\u00ednben minim\u00e1lis elt\u00e9r\u00e9sek el<\/strong><strong>\u0151<\/strong><strong>fordulhatnak a k\u00e9pen l\u00e1that\u00f3 \u00e9s a val\u00f3s p\u00e9ld\u00e1nyok k\u00f6z\u00f6tt.<\/strong><\/p>\n<h4><strong>\ud83e\uddfe \u00c1rak \u00e9s el\u00e1ll\u00e1si jog<\/strong><\/h4>\n<ul>\n<li><strong>Az \u00e1rak egy darab\u00a0n\u00f6v\u00e9nyre vonatkoznak.<\/strong><\/li>\n<li><strong>\u00c9l<\/strong><strong>\u0151<\/strong><strong>\u00a0n\u00f6v\u00e9nyek rendel\u00e9se eset\u00e9n a 14 napos el\u00e1ll\u00e1s joga nem \u00e9rv\u00e9nyes\u00edthet<\/strong><strong>\u0151<\/strong><strong>, mivel azok romland\u00f3, biol\u00f3giailag \u00e9l<\/strong><strong>\u0151<\/strong><strong>\u00a0term\u00e9keknek min<\/strong><strong>\u0151<\/strong><strong>s\u00fclnek.<br \/>\n\ud83d\udd12 (17\/1999. (II. 5.) Korm. rendelet 5. \u00a7 c) pontja alapj\u00e1n)<\/strong><\/li>\n<\/ul>\n<h4><strong>\ud83d\udce6 K\u00e9zbes\u00edt\u00e9s ut\u00e1ni teend<\/strong><strong>\u0151<\/strong><strong>k<\/strong><\/h4>\n<p><strong>A k\u00e9zbes\u00edt\u00e9st k\u00f6vet<\/strong><strong>\u0151<\/strong><strong>en a csomagot azonnal bontsuk ki, \u00e9s a n\u00f6v\u00e9nyt helyezz\u00fck el megfelel<\/strong><strong>\u0151<\/strong><strong>\u00a0k\u00f6rnyezetben.<br \/>\nFontos: ha a n\u00f6v\u00e9ny nem r\u00e9szes\u00fcl megfelel<\/strong><strong>\u0151<\/strong><strong>\u00a0gondoz\u00e1sban \u00e9s ennek k\u00f6vetkezt\u00e9ben k\u00e1rosodik vagy elpusztul, felel<\/strong><strong>\u0151<\/strong><strong>ss\u00e9get nem tudunk v\u00e1llalni.<\/strong><\/p>\n<p><strong>\u00a0<\/strong><\/p>","protected":false},"excerpt":{"rendered":"<p>Ribes uva-crispa &#8216;Hinnomaki Green&#8217; &#8211; Z\u00f6ld Egres J\u00falius elej\u00e9t\u0151l \u00e9rik, b\u0151term\u0151, ellen\u00e1ll\u00f3 fajta. Term\u00e9se z\u00f6ldess\u00e1rga, bogy\u00f3ja igen nagy, l\u00e9d\u00fas. Gy\u00fcm\u00f6lcse vastag h\u00e9j\u00fa, sertesz\u0151r\u00f6kt\u0151l mentes. K\u00f6zepes n\u00f6veked\u00e9s\u0171, vessz\u0151i t\u00fcsk\u00e9sek. \u00d6nterm\u00e9keny.<\/p>\n<p>M\u00e9rete: 40 cm magas, 2 literes kont\u00e9nerben.<\/p>","protected":false},"featured_media":5267,"template":"","meta":{"_et_pb_use_builder":"","_et_pb_old_content":"","_et_gb_content_width":""},"product_brand":[],"product_cat":[5327],"product_tag":[7055,773,7100,7307,6394,7306,5908,1434,5032],"class_list":{"0":"post-5259","1":"product","2":"type-product","3":"status-publish","4":"has-post-thumbnail","6":"product_cat-gyumolcstermok","7":"product_tag-bogyos-gyumolcs","8":"product_tag-egres","9":"product_tag-gyumolcstermo-bokor","10":"product_tag-hinnonmaki-green","11":"product_tag-kerti-noveny","12":"product_tag-piszke","13":"product_tag-ribes-uva-crispa","14":"product_tag-ribizli","15":"product_tag-zold-egres","17":"first","18":"instock","19":"shipping-taxable","20":"purchasable","21":"product-type-simple"},"yoast_head":"<!-- This site is optimized with the Yoast SEO plugin v27.5 - https:\/\/yoast.com\/product\/yoast-seo-wordpress\/ -->\n<title>Ribes uva-crispa &#039;Hinnomaki Green&#039; - Z\u00f6ld egres - T\u00e1jkert\u00e9sz<\/title>\n<meta name=\"description\" content=\"Ribes uva-crispa &#039;Hinnomaki Green&#039; - Z\u00f6ld egres J\u00falius elej\u00e9t\u0151l \u00e9rik, b\u0151term\u0151, ellen\u00e1ll\u00f3 fajta.Term\u00e9se z\u00f6ldess\u00e1rga,\u00a0bogy\u00f3ja igen nagy,\u00a0l\u00e9d\u00fas.\" \/>\n<meta name=\"robots\" content=\"index, follow, max-snippet:-1, max-image-preview:large, max-video-preview:-1\" \/>\n<link rel=\"canonical\" href=\"https:\/\/tajkertesz.com\/en_US\/product\/ribes-grossularia-hinnomaki-green-zold-egres\/\" \/>\n<meta property=\"og:locale\" content=\"en_US\" \/>\n<meta property=\"og:type\" content=\"article\" \/>\n<meta property=\"og:title\" content=\"Ribes uva-crispa &#039;Hinnomaki Green&#039; - Z\u00f6ld egres - T\u00e1jkert\u00e9sz\" \/>\n<meta property=\"og:description\" content=\"Ribes uva-crispa &#039;Hinnomaki Green&#039; - Z\u00f6ld egres J\u00falius elej\u00e9t\u0151l \u00e9rik, b\u0151term\u0151, ellen\u00e1ll\u00f3 fajta.Term\u00e9se z\u00f6ldess\u00e1rga,\u00a0bogy\u00f3ja igen nagy,\u00a0l\u00e9d\u00fas.\" \/>\n<meta property=\"og:url\" content=\"https:\/\/tajkertesz.com\/en_US\/product\/ribes-grossularia-hinnomaki-green-zold-egres\/\" \/>\n<meta property=\"og:site_name\" content=\"T\u00e1jkert\u00e9sz\" \/>\n<meta property=\"article:publisher\" content=\"https:\/\/www.facebook.com\/Tajkertesz\/\" \/>\n<meta property=\"article:modified_time\" content=\"2026-04-03T07:29:00+00:00\" \/>\n<meta property=\"og:image\" content=\"https:\/\/tajkertesz.com\/wp-content\/uploads\/2021\/05\/samye-luchshie-rasprostranennye-sorta-kryzhovnika-malahit-finik-grushenka-kolobok-i-drugie-3-615x460-1.jpg\" \/>\n\t<meta property=\"og:image:width\" content=\"417\" \/>\n\t<meta property=\"og:image:height\" content=\"398\" \/>\n\t<meta property=\"og:image:type\" content=\"image\/jpeg\" \/>\n<meta name=\"twitter:card\" content=\"summary_large_image\" \/>\n<meta name=\"twitter:label1\" content=\"Est. reading time\" \/>\n\t<meta name=\"twitter:data1\" content=\"3 minutes\" \/>\n<script type=\"application\/ld+json\" class=\"yoast-schema-graph\">{\"@context\":\"https:\\\/\\\/schema.org\",\"@graph\":[{\"@type\":\"WebPage\",\"@id\":\"https:\\\/\\\/tajkertesz.com\\\/termek\\\/ribes-grossularia-hinnomaki-green-zold-egres\\\/\",\"url\":\"https:\\\/\\\/tajkertesz.com\\\/termek\\\/ribes-grossularia-hinnomaki-green-zold-egres\\\/\",\"name\":\"Ribes uva-crispa 'Hinnomaki Green' - Z\u00f6ld egres - T\u00e1jkert\u00e9sz\",\"isPartOf\":{\"@id\":\"https:\\\/\\\/tajkertesz.com\\\/#website\"},\"primaryImageOfPage\":{\"@id\":\"https:\\\/\\\/tajkertesz.com\\\/termek\\\/ribes-grossularia-hinnomaki-green-zold-egres\\\/#primaryimage\"},\"image\":{\"@id\":\"https:\\\/\\\/tajkertesz.com\\\/termek\\\/ribes-grossularia-hinnomaki-green-zold-egres\\\/#primaryimage\"},\"thumbnailUrl\":\"https:\\\/\\\/tajkertesz.com\\\/wp-content\\\/uploads\\\/2021\\\/05\\\/samye-luchshie-rasprostranennye-sorta-kryzhovnika-malahit-finik-grushenka-kolobok-i-drugie-3-615x460-1.jpg\",\"datePublished\":\"2021-05-21T12:08:17+00:00\",\"dateModified\":\"2026-04-03T07:29:00+00:00\",\"description\":\"Ribes uva-crispa 'Hinnomaki Green' - Z\u00f6ld egres J\u00falius elej\u00e9t\u0151l \u00e9rik, b\u0151term\u0151, ellen\u00e1ll\u00f3 fajta.Term\u00e9se z\u00f6ldess\u00e1rga,\u00a0bogy\u00f3ja igen nagy,\u00a0l\u00e9d\u00fas.\",\"breadcrumb\":{\"@id\":\"https:\\\/\\\/tajkertesz.com\\\/termek\\\/ribes-grossularia-hinnomaki-green-zold-egres\\\/#breadcrumb\"},\"inLanguage\":\"en-US\",\"potentialAction\":[{\"@type\":\"ReadAction\",\"target\":[\"https:\\\/\\\/tajkertesz.com\\\/termek\\\/ribes-grossularia-hinnomaki-green-zold-egres\\\/\"]}]},{\"@type\":\"ImageObject\",\"inLanguage\":\"en-US\",\"@id\":\"https:\\\/\\\/tajkertesz.com\\\/termek\\\/ribes-grossularia-hinnomaki-green-zold-egres\\\/#primaryimage\",\"url\":\"https:\\\/\\\/tajkertesz.com\\\/wp-content\\\/uploads\\\/2021\\\/05\\\/samye-luchshie-rasprostranennye-sorta-kryzhovnika-malahit-finik-grushenka-kolobok-i-drugie-3-615x460-1.jpg\",\"contentUrl\":\"https:\\\/\\\/tajkertesz.com\\\/wp-content\\\/uploads\\\/2021\\\/05\\\/samye-luchshie-rasprostranennye-sorta-kryzhovnika-malahit-finik-grushenka-kolobok-i-drugie-3-615x460-1.jpg\",\"width\":417,\"height\":398,\"caption\":\"Ribes uva-crispa 'Hinnomaki Green' - Z\u00f6ld egres\"},{\"@type\":\"BreadcrumbList\",\"@id\":\"https:\\\/\\\/tajkertesz.com\\\/termek\\\/ribes-grossularia-hinnomaki-green-zold-egres\\\/#breadcrumb\",\"itemListElement\":[{\"@type\":\"ListItem\",\"position\":1,\"name\":\"Home\",\"item\":\"https:\\\/\\\/tajkertesz.com\\\/\"},{\"@type\":\"ListItem\",\"position\":2,\"name\":\"Kezd\u0151lap\",\"item\":\"https:\\\/\\\/tajkertesz.com\\\/\"},{\"@type\":\"ListItem\",\"position\":3,\"name\":\"Ribes uva-crispa &#8216;Hinnomaki Green&#8217; &#8211; Z\u00f6ld egres\"}]},{\"@type\":\"WebSite\",\"@id\":\"https:\\\/\\\/tajkertesz.com\\\/#website\",\"url\":\"https:\\\/\\\/tajkertesz.com\\\/\",\"name\":\"T\u00e1j-Kert\u00e9sz 84 Kft.\",\"description\":\"Kert\u00e9szeti kis- \u00e9s nagykeresked\u00e9s, D\u00edszn\u00f6v\u00e9ny web\u00e1ruh\u00e1z orsz\u00e1gos h\u00e1zhozsz\u00e1ll\u00edt\u00e1ssal!\",\"publisher\":{\"@id\":\"https:\\\/\\\/tajkertesz.com\\\/#organization\"},\"potentialAction\":[{\"@type\":\"SearchAction\",\"target\":{\"@type\":\"EntryPoint\",\"urlTemplate\":\"https:\\\/\\\/tajkertesz.com\\\/?s={search_term_string}\"},\"query-input\":{\"@type\":\"PropertyValueSpecification\",\"valueRequired\":true,\"valueName\":\"search_term_string\"}}],\"inLanguage\":\"en-US\"},{\"@type\":\"Organization\",\"@id\":\"https:\\\/\\\/tajkertesz.com\\\/#organization\",\"name\":\"T\u00e1j-Kert\u00e9sz 84 Kft.\",\"url\":\"https:\\\/\\\/tajkertesz.com\\\/\",\"logo\":{\"@type\":\"ImageObject\",\"inLanguage\":\"en-US\",\"@id\":\"https:\\\/\\\/tajkertesz.com\\\/#\\\/schema\\\/logo\\\/image\\\/\",\"url\":\"https:\\\/\\\/tajkertesz.com\\\/wp-content\\\/uploads\\\/2018\\\/02\\\/logo-2-e1518678052539.png\",\"contentUrl\":\"https:\\\/\\\/tajkertesz.com\\\/wp-content\\\/uploads\\\/2018\\\/02\\\/logo-2-e1518678052539.png\",\"width\":81,\"height\":140,\"caption\":\"T\u00e1j-Kert\u00e9sz 84 Kft.\"},\"image\":{\"@id\":\"https:\\\/\\\/tajkertesz.com\\\/#\\\/schema\\\/logo\\\/image\\\/\"},\"sameAs\":[\"https:\\\/\\\/www.facebook.com\\\/Tajkertesz\\\/\"]}]}<\/script>\n<!-- \/ Yoast SEO plugin. -->","yoast_head_json":{"title":"Ribes uva-crispa 'Hinnomaki Green' - Z\u00f6ld egres - T\u00e1jkert\u00e9sz","description":"Ribes uva-crispa 'Hinnomaki Green' - Z\u00f6ld egres J\u00falius elej\u00e9t\u0151l \u00e9rik, b\u0151term\u0151, ellen\u00e1ll\u00f3 fajta.Term\u00e9se z\u00f6ldess\u00e1rga,\u00a0bogy\u00f3ja igen nagy,\u00a0l\u00e9d\u00fas.","robots":{"index":"index","follow":"follow","max-snippet":"max-snippet:-1","max-image-preview":"max-image-preview:large","max-video-preview":"max-video-preview:-1"},"canonical":"https:\/\/tajkertesz.com\/en_US\/product\/ribes-grossularia-hinnomaki-green-zold-egres\/","og_locale":"en_US","og_type":"article","og_title":"Ribes uva-crispa 'Hinnomaki Green' - Z\u00f6ld egres - T\u00e1jkert\u00e9sz","og_description":"Ribes uva-crispa 'Hinnomaki Green' - Z\u00f6ld egres J\u00falius elej\u00e9t\u0151l \u00e9rik, b\u0151term\u0151, ellen\u00e1ll\u00f3 fajta.Term\u00e9se z\u00f6ldess\u00e1rga,\u00a0bogy\u00f3ja igen nagy,\u00a0l\u00e9d\u00fas.","og_url":"https:\/\/tajkertesz.com\/en_US\/product\/ribes-grossularia-hinnomaki-green-zold-egres\/","og_site_name":"T\u00e1jkert\u00e9sz","article_publisher":"https:\/\/www.facebook.com\/Tajkertesz\/","article_modified_time":"2026-04-03T07:29:00+00:00","og_image":[{"width":417,"height":398,"url":"https:\/\/tajkertesz.com\/wp-content\/uploads\/2021\/05\/samye-luchshie-rasprostranennye-sorta-kryzhovnika-malahit-finik-grushenka-kolobok-i-drugie-3-615x460-1.jpg","type":"image\/jpeg"}],"twitter_card":"summary_large_image","twitter_misc":{"Est. reading time":"3 minutes"},"schema":{"@context":"https:\/\/schema.org","@graph":[{"@type":"WebPage","@id":"https:\/\/tajkertesz.com\/termek\/ribes-grossularia-hinnomaki-green-zold-egres\/","url":"https:\/\/tajkertesz.com\/termek\/ribes-grossularia-hinnomaki-green-zold-egres\/","name":"Ribes uva-crispa 'Hinnomaki Green' - Z\u00f6ld egres - T\u00e1jkert\u00e9sz","isPartOf":{"@id":"https:\/\/tajkertesz.com\/#website"},"primaryImageOfPage":{"@id":"https:\/\/tajkertesz.com\/termek\/ribes-grossularia-hinnomaki-green-zold-egres\/#primaryimage"},"image":{"@id":"https:\/\/tajkertesz.com\/termek\/ribes-grossularia-hinnomaki-green-zold-egres\/#primaryimage"},"thumbnailUrl":"https:\/\/tajkertesz.com\/wp-content\/uploads\/2021\/05\/samye-luchshie-rasprostranennye-sorta-kryzhovnika-malahit-finik-grushenka-kolobok-i-drugie-3-615x460-1.jpg","datePublished":"2021-05-21T12:08:17+00:00","dateModified":"2026-04-03T07:29:00+00:00","description":"Ribes uva-crispa 'Hinnomaki Green' - Z\u00f6ld egres J\u00falius elej\u00e9t\u0151l \u00e9rik, b\u0151term\u0151, ellen\u00e1ll\u00f3 fajta.Term\u00e9se z\u00f6ldess\u00e1rga,\u00a0bogy\u00f3ja igen nagy,\u00a0l\u00e9d\u00fas.","breadcrumb":{"@id":"https:\/\/tajkertesz.com\/termek\/ribes-grossularia-hinnomaki-green-zold-egres\/#breadcrumb"},"inLanguage":"en-US","potentialAction":[{"@type":"ReadAction","target":["https:\/\/tajkertesz.com\/termek\/ribes-grossularia-hinnomaki-green-zold-egres\/"]}]},{"@type":"ImageObject","inLanguage":"en-US","@id":"https:\/\/tajkertesz.com\/termek\/ribes-grossularia-hinnomaki-green-zold-egres\/#primaryimage","url":"https:\/\/tajkertesz.com\/wp-content\/uploads\/2021\/05\/samye-luchshie-rasprostranennye-sorta-kryzhovnika-malahit-finik-grushenka-kolobok-i-drugie-3-615x460-1.jpg","contentUrl":"https:\/\/tajkertesz.com\/wp-content\/uploads\/2021\/05\/samye-luchshie-rasprostranennye-sorta-kryzhovnika-malahit-finik-grushenka-kolobok-i-drugie-3-615x460-1.jpg","width":417,"height":398,"caption":"Ribes uva-crispa 'Hinnomaki Green' - Z\u00f6ld egres"},{"@type":"BreadcrumbList","@id":"https:\/\/tajkertesz.com\/termek\/ribes-grossularia-hinnomaki-green-zold-egres\/#breadcrumb","itemListElement":[{"@type":"ListItem","position":1,"name":"Home","item":"https:\/\/tajkertesz.com\/"},{"@type":"ListItem","position":2,"name":"Kezd\u0151lap","item":"https:\/\/tajkertesz.com\/"},{"@type":"ListItem","position":3,"name":"Ribes uva-crispa &#8216;Hinnomaki Green&#8217; &#8211; Z\u00f6ld egres"}]},{"@type":"WebSite","@id":"https:\/\/tajkertesz.com\/#website","url":"https:\/\/tajkertesz.com\/","name":"T\u00e1j-Kert\u00e9sz 84 Kft.","description":"Kert\u00e9szeti kis- \u00e9s nagykeresked\u00e9s, D\u00edszn\u00f6v\u00e9ny web\u00e1ruh\u00e1z orsz\u00e1gos h\u00e1zhozsz\u00e1ll\u00edt\u00e1ssal!","publisher":{"@id":"https:\/\/tajkertesz.com\/#organization"},"potentialAction":[{"@type":"SearchAction","target":{"@type":"EntryPoint","urlTemplate":"https:\/\/tajkertesz.com\/?s={search_term_string}"},"query-input":{"@type":"PropertyValueSpecification","valueRequired":true,"valueName":"search_term_string"}}],"inLanguage":"en-US"},{"@type":"Organization","@id":"https:\/\/tajkertesz.com\/#organization","name":"T\u00e1j-Kert\u00e9sz 84 Kft.","url":"https:\/\/tajkertesz.com\/","logo":{"@type":"ImageObject","inLanguage":"en-US","@id":"https:\/\/tajkertesz.com\/#\/schema\/logo\/image\/","url":"https:\/\/tajkertesz.com\/wp-content\/uploads\/2018\/02\/logo-2-e1518678052539.png","contentUrl":"https:\/\/tajkertesz.com\/wp-content\/uploads\/2018\/02\/logo-2-e1518678052539.png","width":81,"height":140,"caption":"T\u00e1j-Kert\u00e9sz 84 Kft."},"image":{"@id":"https:\/\/tajkertesz.com\/#\/schema\/logo\/image\/"},"sameAs":["https:\/\/www.facebook.com\/Tajkertesz\/"]}]}},"_links":{"self":[{"href":"https:\/\/tajkertesz.com\/en_US\/wp-json\/wp\/v2\/product\/5259","targetHints":{"allow":["GET"]}}],"collection":[{"href":"https:\/\/tajkertesz.com\/en_US\/wp-json\/wp\/v2\/product"}],"about":[{"href":"https:\/\/tajkertesz.com\/en_US\/wp-json\/wp\/v2\/types\/product"}],"wp:featuredmedia":[{"embeddable":true,"href":"https:\/\/tajkertesz.com\/en_US\/wp-json\/wp\/v2\/media\/5267"}],"wp:attachment":[{"href":"https:\/\/tajkertesz.com\/en_US\/wp-json\/wp\/v2\/media?parent=5259"}],"wp:term":[{"taxonomy":"product_brand","embeddable":true,"href":"https:\/\/tajkertesz.com\/en_US\/wp-json\/wp\/v2\/product_brand?post=5259"},{"taxonomy":"product_cat","embeddable":true,"href":"https:\/\/tajkertesz.com\/en_US\/wp-json\/wp\/v2\/product_cat?post=5259"},{"taxonomy":"product_tag","embeddable":true,"href":"https:\/\/tajkertesz.com\/en_US\/wp-json\/wp\/v2\/product_tag?post=5259"}],"curies":[{"name":"wp","href":"https:\/\/api.w.org\/{rel}","templated":true}]}}