{"id":5327,"date":"2021-05-25T09:31:12","date_gmt":"2021-05-25T09:31:12","guid":{"rendered":"https:\/\/tajkertesz.com\/?post_type=product&#038;p=5327"},"modified":"2025-05-12T13:32:07","modified_gmt":"2025-05-12T13:32:07","slug":"vaccinium-corymbosum-duke-kek-afonya-2","status":"publish","type":"product","link":"https:\/\/tajkertesz.com\/en_US\/product\/vaccinium-corymbosum-duke-kek-afonya-2\/","title":{"rendered":"Vaccinium corymbosum &#8216;Duke&#8217; &#8211; K\u00e9k \u00e1fonya"},"content":{"rendered":"<h3 class=\"LC20lb DKV0Md\">Vaccinium corymbosum &#8216;Duke&#8217; &#8211; K\u00e9k \u00e1fonya<\/h3>\n<p><span lang=\"HU\">Vaccinium corymbosum &#8216;Duke&#8217; &#8211; K\u00e9k \u00e1fonya s\u0171r\u0171 bokrot nevel, ami 80-120 cm magas lesz. Nagy, s\u00f6t\u00e9tk\u00e9k bogy\u00f3i augusztusban \u00e9rnek. F\u00e9l\u00e1rny\u00e9kos, nyirkos, t\u00e1panyagban gazdag, savany\u00fa talajt kedvel.<\/span><\/p>\n<p>Jelenlegi term\u00e9k\u00fcnk kb. 30-40 cm magas.<\/p>\n<p>A k\u00e9k \u00e1fonya egy lombhullat\u00f3 cserje, amely 2-3 m\u00e9ter magasra is megn\u0151het. Tavasszal vir\u00e1gzik, vir\u00e1ga kr\u00e9mfeh\u00e9r sz\u00edn\u0171. Term\u00e9se j\u00falius v\u00e9ge-augusztus elej\u00e9n \u00e9rik. Term\u00e9se k\u00f6zepes-nagy m\u00e9ret\u0171, \u00e9des. Kiv\u00e1l\u00f3an alkalmas bef\u0151z\u00e9sre, s\u00fct\u00e9sre, fagyaszt\u00e1sra \u00e9s friss fogyaszt\u00e1sra.<\/p>\n<p>A legjobban f\u00e9l\u00e1rny\u00e9kos, \u00e1rny\u00e9kos helyen, j\u00f3l v\u00edzelvezet\u00e9s\u0171, szerves anyagban gazdag, savany\u00fa talajban fejl\u0151dik. (pH 4.5-5.5). Fontos a rendszeres \u00f6nt\u00f6z\u00e9s \u00e9s a j\u00f3 min\u0151s\u00e9g\u0171 mulcs haszn\u00e1lata.<\/p>\n<p>Az \u00e1fonya \u00f6nterm\u00e9keny, de a keresztbeporz\u00e1s nagyobb \u00e9s jobb min\u0151s\u00e9g\u0171 term\u00e9st eredm\u00e9nyez.<\/p>\n<h3>A Duke \u00e1fonya \u00fcltet\u00e9se<\/h3>\n<p>V\u00e1lasszunk neki f\u00e9l\u00e1rny\u00e9kos vagy \u00e1rny\u00e9kos helyet. A talaj legyen j\u00f3l v\u00edzelvezet\u00e9s\u0171, savas k\u00e9mhat\u00e1s\u00fa (pH 4.5-5.5), \u00e9s szerves anyagban gazdag. \u00dcltet\u00e9s el\u0151tt keverj\u00fcnk a talajba savany\u00fa t\u0151zeget vagy komposztot.<\/p>\n<p>Rendszeresen \u00f6nt\u00f6zz\u00fck, k\u00fcl\u00f6n\u00f6sen a sz\u00e1raz id\u0151szakokban. A talaj legyen mindig nedves, de ne \u00e1lljon v\u00edzben. A sz\u00e1razs\u00e1g stresszt okozhat a n\u00f6v\u00e9nynek, ami cs\u00f6kkentheti a bogy\u00f3k \u00e9dess\u00e9g\u00e9t.<\/p>\n<p>Haszn\u00e1ljunk szerves mulcsot (pl. feny\u0151k\u00e9reg), hogy meg\u0151rizz\u00fck a talaj nedvess\u00e9g\u00e9t \u00e9s savas k\u00e9mhat\u00e1s\u00e1t. A mulcs seg\u00edt a gyomok visszaszor\u00edt\u00e1s\u00e1ban is.<\/p>\n<p>Az els\u0151 k\u00e9t \u00e9vben csak minim\u00e1lisan van sz\u00fcks\u00e9g metsz\u00e9sre, hogy a n\u00f6v\u00e9ny meger\u0151s\u00f6dj\u00f6n. A harmadik \u00e9vt\u0151l kezdve k\u00e9s\u0151 t\u00e9len vagy kora tavasszal t\u00e1vol\u00edtsuk el az elhalt, beteg vagy gyenge \u00e1gakat, ezzel el\u0151seg\u00edtve az \u00faj hajt\u00e1sok n\u00f6veked\u00e9s\u00e9t.<\/p>\n<p>Tavasszal \u00e9s ny\u00e1r elej\u00e9n adjunk a n\u00f6v\u00e9nynek savany\u00fa talajt kedvel\u0151 n\u00f6v\u00e9nyeknek val\u00f3 m\u0171tr\u00e1gy\u00e1t, ker\u00fclj\u00fck a t\u00falzott nitrog\u00e9n haszn\u00e1lat\u00e1t, mert az cs\u00f6kkentheti a term\u00e9s mennyis\u00e9g\u00e9t. \u00dcgyelj\u00fcnk arra, hogy a talajban elegend\u0151 k\u00e1lium legyen, mert ez seg\u00edti a cukrok felhalmoz\u00f3d\u00e1s\u00e1t a gy\u00fcm\u00f6lcs\u00f6kben.<\/p>\n<p>T\u00e9len \u00e9rdemes betakarni a n\u00f6v\u00e9nyt mulccsal vagy szalm\u00e1val, hogy megv\u00e9dj\u00fck a gy\u00f6kereket a fagyokt\u00f3l.<\/p>\n<p>Ezekkel a l\u00e9p\u00e9sekkel biztos\u00edthatjuk, hogy n\u00f6v\u00e9ny\u00fcnk eg\u00e9szs\u00e9gesen n\u00f6vekedjen \u00e9s b\u0151s\u00e9ges term\u00e9st hozzon.<\/p>\n<p style=\"line-height: 18.0pt; background: white; margin: 0cm 0cm 15.0pt 0cm;\"><b><span style=\"font-family: 'Ubuntu',serif; color: black;\">K\u00e9szlet\u00fcnk napi szinten v\u00e1ltozik, ez\u00e9rt k\u00e9rj\u00fck, \u00e9rdekl\u0151dj\u00f6n szem\u00e9lyesen, telefonon vagy email-en.<br \/>\nA v\u00e1ltoztat\u00e1s jog\u00e1t fenntartjuk!\u00a0<\/span><\/b><\/p>\n<p><a href=\"https:\/\/tajkertesz.com\/\">https:\/\/tajkertesz.com\/<\/a><\/p>\n<p><a href=\"https:\/\/www.facebook.com\/tajkertesz\">https:\/\/www.facebook.com\/tajkertesz<\/a><\/p>\n<p><strong>Sz\u00e1ll\u00edt\u00e1s 200 cm \u00e9s 40 kg-ig lehets\u00e9ges, ezen m\u00e9retek felett egyedi egyeztet\u00e9s sz\u00fcks\u00e9ges.<\/strong><\/p>\n<p>&nbsp;<\/p>","protected":false},"excerpt":{"rendered":"<h3>Vaccinium corymbosum &#8216;Duke&#8217; &#8211; K\u00e9k \u00e1fonya<\/h3>\n<p><span lang=\"HU\">Vaccinium corymbosum &#8216;Duke&#8217; &#8211; K\u00e9k \u00e1fonya s\u0171r\u0171 bokrot nevel, ami 80-120 cm magas lesz. Nagy, s\u00f6t\u00e9tk\u00e9k bogy\u00f3i augusztusban \u00e9rnek. F\u00e9l\u00e1rny\u00e9kos, nyirkos, t\u00e1panyagban gazdag, savany\u00fa talajt kedvel.<\/span><\/p>","protected":false},"featured_media":21053,"template":"","meta":{"_et_pb_use_builder":"","_et_pb_old_content":"","_et_gb_content_width":""},"product_brand":[],"product_cat":[29],"product_tag":[5289],"class_list":{"0":"post-5327","1":"product","2":"type-product","3":"status-publish","4":"has-post-thumbnail","6":"product_cat-gyumolcsfak-gyumolcstermo-novenyek","7":"product_tag-vaccinium","9":"first","10":"onbackorder","11":"shipping-taxable","12":"product-type-simple"},"yoast_head":"<!-- This site is optimized with the Yoast SEO plugin v27.3 - https:\/\/yoast.com\/product\/yoast-seo-wordpress\/ -->\n<title>Vaccinium corymbosum &#039;Duke&#039; - K\u00e9k \u00e1fonya - T\u00e1jkert\u00e9sz<\/title>\n<meta name=\"description\" content=\"Vaccinium corymbosum &#039;Duke&#039; - K\u00e9k \u00e1fonya s\u0171r\u0171 bokrot nevel, ami 80-120 cm magas lesz. Nagy, s\u00f6t\u00e9tk\u00e9k bogy\u00f3i augusztusban \u00e9rnek\" \/>\n<meta name=\"robots\" content=\"index, follow, max-snippet:-1, max-image-preview:large, max-video-preview:-1\" \/>\n<link rel=\"canonical\" href=\"https:\/\/tajkertesz.com\/en_US\/product\/vaccinium-corymbosum-duke-kek-afonya-2\/\" \/>\n<meta property=\"og:locale\" content=\"en_US\" \/>\n<meta property=\"og:type\" content=\"article\" \/>\n<meta property=\"og:title\" content=\"Vaccinium corymbosum &#039;Duke&#039; - K\u00e9k \u00e1fonya - T\u00e1jkert\u00e9sz\" \/>\n<meta property=\"og:description\" content=\"Vaccinium corymbosum &#039;Duke&#039; - K\u00e9k \u00e1fonya s\u0171r\u0171 bokrot nevel, ami 80-120 cm magas lesz. Nagy, s\u00f6t\u00e9tk\u00e9k bogy\u00f3i augusztusban \u00e9rnek\" \/>\n<meta property=\"og:url\" content=\"https:\/\/tajkertesz.com\/en_US\/product\/vaccinium-corymbosum-duke-kek-afonya-2\/\" \/>\n<meta property=\"og:site_name\" content=\"T\u00e1jkert\u00e9sz\" \/>\n<meta property=\"article:publisher\" content=\"https:\/\/www.facebook.com\/Tajkertesz\/\" \/>\n<meta property=\"article:modified_time\" content=\"2025-05-12T13:32:07+00:00\" \/>\n<meta property=\"og:image\" content=\"https:\/\/tajkertesz.com\/wp-content\/uploads\/2021\/05\/20240916_134235-scaled.jpg\" \/>\n\t<meta property=\"og:image:width\" content=\"1920\" \/>\n\t<meta property=\"og:image:height\" content=\"2560\" \/>\n\t<meta property=\"og:image:type\" content=\"image\/jpeg\" \/>\n<meta name=\"twitter:card\" content=\"summary_large_image\" \/>\n<meta name=\"twitter:label1\" content=\"Est. reading time\" \/>\n\t<meta name=\"twitter:data1\" content=\"2 minutes\" \/>\n<script type=\"application\/ld+json\" class=\"yoast-schema-graph\">{\"@context\":\"https:\\\/\\\/schema.org\",\"@graph\":[{\"@type\":\"WebPage\",\"@id\":\"https:\\\/\\\/tajkertesz.com\\\/termek\\\/vaccinium-corymbosum-duke-kek-afonya-2\\\/\",\"url\":\"https:\\\/\\\/tajkertesz.com\\\/termek\\\/vaccinium-corymbosum-duke-kek-afonya-2\\\/\",\"name\":\"Vaccinium corymbosum 'Duke' - K\u00e9k \u00e1fonya - T\u00e1jkert\u00e9sz\",\"isPartOf\":{\"@id\":\"https:\\\/\\\/tajkertesz.com\\\/#website\"},\"primaryImageOfPage\":{\"@id\":\"https:\\\/\\\/tajkertesz.com\\\/termek\\\/vaccinium-corymbosum-duke-kek-afonya-2\\\/#primaryimage\"},\"image\":{\"@id\":\"https:\\\/\\\/tajkertesz.com\\\/termek\\\/vaccinium-corymbosum-duke-kek-afonya-2\\\/#primaryimage\"},\"thumbnailUrl\":\"https:\\\/\\\/tajkertesz.com\\\/wp-content\\\/uploads\\\/2021\\\/05\\\/20240916_134235-scaled.jpg\",\"datePublished\":\"2021-05-25T09:31:12+00:00\",\"dateModified\":\"2025-05-12T13:32:07+00:00\",\"description\":\"Vaccinium corymbosum 'Duke' - K\u00e9k \u00e1fonya s\u0171r\u0171 bokrot nevel, ami 80-120 cm magas lesz. Nagy, s\u00f6t\u00e9tk\u00e9k bogy\u00f3i augusztusban \u00e9rnek\",\"breadcrumb\":{\"@id\":\"https:\\\/\\\/tajkertesz.com\\\/termek\\\/vaccinium-corymbosum-duke-kek-afonya-2\\\/#breadcrumb\"},\"inLanguage\":\"en-US\",\"potentialAction\":[{\"@type\":\"ReadAction\",\"target\":[\"https:\\\/\\\/tajkertesz.com\\\/termek\\\/vaccinium-corymbosum-duke-kek-afonya-2\\\/\"]}]},{\"@type\":\"ImageObject\",\"inLanguage\":\"en-US\",\"@id\":\"https:\\\/\\\/tajkertesz.com\\\/termek\\\/vaccinium-corymbosum-duke-kek-afonya-2\\\/#primaryimage\",\"url\":\"https:\\\/\\\/tajkertesz.com\\\/wp-content\\\/uploads\\\/2021\\\/05\\\/20240916_134235-scaled.jpg\",\"contentUrl\":\"https:\\\/\\\/tajkertesz.com\\\/wp-content\\\/uploads\\\/2021\\\/05\\\/20240916_134235-scaled.jpg\",\"width\":1920,\"height\":2560,\"caption\":\"vaccinium corymbosum - k\u00e9k \u00e1fonya\"},{\"@type\":\"BreadcrumbList\",\"@id\":\"https:\\\/\\\/tajkertesz.com\\\/termek\\\/vaccinium-corymbosum-duke-kek-afonya-2\\\/#breadcrumb\",\"itemListElement\":[{\"@type\":\"ListItem\",\"position\":1,\"name\":\"Home\",\"item\":\"https:\\\/\\\/tajkertesz.com\\\/\"},{\"@type\":\"ListItem\",\"position\":2,\"name\":\"Kezd\u0151lap\",\"item\":\"https:\\\/\\\/tajkertesz.com\\\/\"},{\"@type\":\"ListItem\",\"position\":3,\"name\":\"Vaccinium corymbosum &#8216;Duke&#8217; &#8211; K\u00e9k \u00e1fonya\"}]},{\"@type\":\"WebSite\",\"@id\":\"https:\\\/\\\/tajkertesz.com\\\/#website\",\"url\":\"https:\\\/\\\/tajkertesz.com\\\/\",\"name\":\"T\u00e1j-Kert\u00e9sz 84 Kft.\",\"description\":\"Kert\u00e9szeti kis- \u00e9s nagykeresked\u00e9s, D\u00edszn\u00f6v\u00e9ny web\u00e1ruh\u00e1z orsz\u00e1gos h\u00e1zhozsz\u00e1ll\u00edt\u00e1ssal!\",\"publisher\":{\"@id\":\"https:\\\/\\\/tajkertesz.com\\\/#organization\"},\"potentialAction\":[{\"@type\":\"SearchAction\",\"target\":{\"@type\":\"EntryPoint\",\"urlTemplate\":\"https:\\\/\\\/tajkertesz.com\\\/?s={search_term_string}\"},\"query-input\":{\"@type\":\"PropertyValueSpecification\",\"valueRequired\":true,\"valueName\":\"search_term_string\"}}],\"inLanguage\":\"en-US\"},{\"@type\":\"Organization\",\"@id\":\"https:\\\/\\\/tajkertesz.com\\\/#organization\",\"name\":\"T\u00e1j-Kert\u00e9sz 84 Kft.\",\"url\":\"https:\\\/\\\/tajkertesz.com\\\/\",\"logo\":{\"@type\":\"ImageObject\",\"inLanguage\":\"en-US\",\"@id\":\"https:\\\/\\\/tajkertesz.com\\\/#\\\/schema\\\/logo\\\/image\\\/\",\"url\":\"https:\\\/\\\/tajkertesz.com\\\/wp-content\\\/uploads\\\/2018\\\/02\\\/logo-2-e1518678052539.png\",\"contentUrl\":\"https:\\\/\\\/tajkertesz.com\\\/wp-content\\\/uploads\\\/2018\\\/02\\\/logo-2-e1518678052539.png\",\"width\":81,\"height\":140,\"caption\":\"T\u00e1j-Kert\u00e9sz 84 Kft.\"},\"image\":{\"@id\":\"https:\\\/\\\/tajkertesz.com\\\/#\\\/schema\\\/logo\\\/image\\\/\"},\"sameAs\":[\"https:\\\/\\\/www.facebook.com\\\/Tajkertesz\\\/\"]}]}<\/script>\n<!-- \/ Yoast SEO plugin. -->","yoast_head_json":{"title":"Vaccinium corymbosum 'Duke' - K\u00e9k \u00e1fonya - T\u00e1jkert\u00e9sz","description":"Vaccinium corymbosum 'Duke' - K\u00e9k \u00e1fonya s\u0171r\u0171 bokrot nevel, ami 80-120 cm magas lesz. Nagy, s\u00f6t\u00e9tk\u00e9k bogy\u00f3i augusztusban \u00e9rnek","robots":{"index":"index","follow":"follow","max-snippet":"max-snippet:-1","max-image-preview":"max-image-preview:large","max-video-preview":"max-video-preview:-1"},"canonical":"https:\/\/tajkertesz.com\/en_US\/product\/vaccinium-corymbosum-duke-kek-afonya-2\/","og_locale":"en_US","og_type":"article","og_title":"Vaccinium corymbosum 'Duke' - K\u00e9k \u00e1fonya - T\u00e1jkert\u00e9sz","og_description":"Vaccinium corymbosum 'Duke' - K\u00e9k \u00e1fonya s\u0171r\u0171 bokrot nevel, ami 80-120 cm magas lesz. Nagy, s\u00f6t\u00e9tk\u00e9k bogy\u00f3i augusztusban \u00e9rnek","og_url":"https:\/\/tajkertesz.com\/en_US\/product\/vaccinium-corymbosum-duke-kek-afonya-2\/","og_site_name":"T\u00e1jkert\u00e9sz","article_publisher":"https:\/\/www.facebook.com\/Tajkertesz\/","article_modified_time":"2025-05-12T13:32:07+00:00","og_image":[{"width":1920,"height":2560,"url":"https:\/\/tajkertesz.com\/wp-content\/uploads\/2021\/05\/20240916_134235-scaled.jpg","type":"image\/jpeg"}],"twitter_card":"summary_large_image","twitter_misc":{"Est. reading time":"2 minutes"},"schema":{"@context":"https:\/\/schema.org","@graph":[{"@type":"WebPage","@id":"https:\/\/tajkertesz.com\/termek\/vaccinium-corymbosum-duke-kek-afonya-2\/","url":"https:\/\/tajkertesz.com\/termek\/vaccinium-corymbosum-duke-kek-afonya-2\/","name":"Vaccinium corymbosum 'Duke' - K\u00e9k \u00e1fonya - T\u00e1jkert\u00e9sz","isPartOf":{"@id":"https:\/\/tajkertesz.com\/#website"},"primaryImageOfPage":{"@id":"https:\/\/tajkertesz.com\/termek\/vaccinium-corymbosum-duke-kek-afonya-2\/#primaryimage"},"image":{"@id":"https:\/\/tajkertesz.com\/termek\/vaccinium-corymbosum-duke-kek-afonya-2\/#primaryimage"},"thumbnailUrl":"https:\/\/tajkertesz.com\/wp-content\/uploads\/2021\/05\/20240916_134235-scaled.jpg","datePublished":"2021-05-25T09:31:12+00:00","dateModified":"2025-05-12T13:32:07+00:00","description":"Vaccinium corymbosum 'Duke' - K\u00e9k \u00e1fonya s\u0171r\u0171 bokrot nevel, ami 80-120 cm magas lesz. Nagy, s\u00f6t\u00e9tk\u00e9k bogy\u00f3i augusztusban \u00e9rnek","breadcrumb":{"@id":"https:\/\/tajkertesz.com\/termek\/vaccinium-corymbosum-duke-kek-afonya-2\/#breadcrumb"},"inLanguage":"en-US","potentialAction":[{"@type":"ReadAction","target":["https:\/\/tajkertesz.com\/termek\/vaccinium-corymbosum-duke-kek-afonya-2\/"]}]},{"@type":"ImageObject","inLanguage":"en-US","@id":"https:\/\/tajkertesz.com\/termek\/vaccinium-corymbosum-duke-kek-afonya-2\/#primaryimage","url":"https:\/\/tajkertesz.com\/wp-content\/uploads\/2021\/05\/20240916_134235-scaled.jpg","contentUrl":"https:\/\/tajkertesz.com\/wp-content\/uploads\/2021\/05\/20240916_134235-scaled.jpg","width":1920,"height":2560,"caption":"vaccinium corymbosum - k\u00e9k \u00e1fonya"},{"@type":"BreadcrumbList","@id":"https:\/\/tajkertesz.com\/termek\/vaccinium-corymbosum-duke-kek-afonya-2\/#breadcrumb","itemListElement":[{"@type":"ListItem","position":1,"name":"Home","item":"https:\/\/tajkertesz.com\/"},{"@type":"ListItem","position":2,"name":"Kezd\u0151lap","item":"https:\/\/tajkertesz.com\/"},{"@type":"ListItem","position":3,"name":"Vaccinium corymbosum &#8216;Duke&#8217; &#8211; K\u00e9k \u00e1fonya"}]},{"@type":"WebSite","@id":"https:\/\/tajkertesz.com\/#website","url":"https:\/\/tajkertesz.com\/","name":"T\u00e1j-Kert\u00e9sz 84 Kft.","description":"Kert\u00e9szeti kis- \u00e9s nagykeresked\u00e9s, D\u00edszn\u00f6v\u00e9ny web\u00e1ruh\u00e1z orsz\u00e1gos h\u00e1zhozsz\u00e1ll\u00edt\u00e1ssal!","publisher":{"@id":"https:\/\/tajkertesz.com\/#organization"},"potentialAction":[{"@type":"SearchAction","target":{"@type":"EntryPoint","urlTemplate":"https:\/\/tajkertesz.com\/?s={search_term_string}"},"query-input":{"@type":"PropertyValueSpecification","valueRequired":true,"valueName":"search_term_string"}}],"inLanguage":"en-US"},{"@type":"Organization","@id":"https:\/\/tajkertesz.com\/#organization","name":"T\u00e1j-Kert\u00e9sz 84 Kft.","url":"https:\/\/tajkertesz.com\/","logo":{"@type":"ImageObject","inLanguage":"en-US","@id":"https:\/\/tajkertesz.com\/#\/schema\/logo\/image\/","url":"https:\/\/tajkertesz.com\/wp-content\/uploads\/2018\/02\/logo-2-e1518678052539.png","contentUrl":"https:\/\/tajkertesz.com\/wp-content\/uploads\/2018\/02\/logo-2-e1518678052539.png","width":81,"height":140,"caption":"T\u00e1j-Kert\u00e9sz 84 Kft."},"image":{"@id":"https:\/\/tajkertesz.com\/#\/schema\/logo\/image\/"},"sameAs":["https:\/\/www.facebook.com\/Tajkertesz\/"]}]}},"_links":{"self":[{"href":"https:\/\/tajkertesz.com\/en_US\/wp-json\/wp\/v2\/product\/5327","targetHints":{"allow":["GET"]}}],"collection":[{"href":"https:\/\/tajkertesz.com\/en_US\/wp-json\/wp\/v2\/product"}],"about":[{"href":"https:\/\/tajkertesz.com\/en_US\/wp-json\/wp\/v2\/types\/product"}],"wp:featuredmedia":[{"embeddable":true,"href":"https:\/\/tajkertesz.com\/en_US\/wp-json\/wp\/v2\/media\/21053"}],"wp:attachment":[{"href":"https:\/\/tajkertesz.com\/en_US\/wp-json\/wp\/v2\/media?parent=5327"}],"wp:term":[{"taxonomy":"product_brand","embeddable":true,"href":"https:\/\/tajkertesz.com\/en_US\/wp-json\/wp\/v2\/product_brand?post=5327"},{"taxonomy":"product_cat","embeddable":true,"href":"https:\/\/tajkertesz.com\/en_US\/wp-json\/wp\/v2\/product_cat?post=5327"},{"taxonomy":"product_tag","embeddable":true,"href":"https:\/\/tajkertesz.com\/en_US\/wp-json\/wp\/v2\/product_tag?post=5327"}],"curies":[{"name":"wp","href":"https:\/\/api.w.org\/{rel}","templated":true}]}}