{"id":5331,"date":"2021-05-25T09:38:13","date_gmt":"2021-05-25T09:38:13","guid":{"rendered":"https:\/\/tajkertesz.com\/?post_type=product&#038;p=5331"},"modified":"2026-02-21T14:18:26","modified_gmt":"2026-02-21T14:18:26","slug":"vaccinium-corymbosum-goldtraube-kek-afonya","status":"publish","type":"product","link":"https:\/\/tajkertesz.com\/en_US\/product\/vaccinium-corymbosum-goldtraube-kek-afonya\/","title":{"rendered":"Vaccinium corymbosum &#8216;Goldtraube&#8217; &#8211; K\u00e9k \u00e1fonya"},"content":{"rendered":"<h3 class=\"LC20lb DKV0Md\">Vaccinium corymbosum &#8216;Goldtraube&#8217; &#8211; K\u00e9k \u00e1fonya<\/h3>\n<p data-start=\"1226\" data-end=\"1414\">A Vaccinium corymbosum &#8216;Goldtraube&#8217; &#8211; K\u00e9k \u00e1fonya\u00a0egy <strong data-start=\"1270\" data-end=\"1316\">b\u0151term\u0151, k\u00f6z\u00e9pid\u0151ben \u00e9r\u0151 magasbokr\u00fa fajta<\/strong>, amely \u00e9vek \u00f3ta az egyik legn\u00e9pszer\u0171bb \u00e1fonya.<\/p>\n<p data-start=\"1420\" data-end=\"1441\"><strong data-start=\"1420\" data-end=\"1439\">F\u0151bb jellemz\u0151i:<\/strong><\/p>\n<ul data-start=\"1444\" data-end=\"1823\">\n<li data-start=\"1444\" data-end=\"1473\">\n<p data-start=\"1446\" data-end=\"1473\"><strong data-start=\"1446\" data-end=\"1459\">Magass\u00e1g:<\/strong> 1,5 m\u00e9ter<\/p>\n<\/li>\n<li data-start=\"1476\" data-end=\"1549\">\n<p data-start=\"1478\" data-end=\"1549\"><strong data-start=\"1478\" data-end=\"1489\">Term\u00e9s:<\/strong> nagy m\u00e9ret\u0171, k\u00e9kesfekete, \u00e9des \u00e9s enyh\u00e9n savanyk\u00e1s bogy\u00f3k<\/p>\n<\/li>\n<li data-start=\"1552\" data-end=\"1600\">\n<p data-start=\"1554\" data-end=\"1600\"><strong data-start=\"1554\" data-end=\"1568\">\u00c9r\u00e9si id\u0151:<\/strong> j\u00falius v\u00e9ge \u2013 augusztus eleje<\/p>\n<\/li>\n<li data-start=\"1603\" data-end=\"1641\">\n<p data-start=\"1605\" data-end=\"1641\"><strong data-start=\"1605\" data-end=\"1621\">Term\u00e9shozam:<\/strong> magas, rendszeres<\/p>\n<\/li>\n<li data-start=\"1644\" data-end=\"1727\">\n<p data-start=\"1646\" data-end=\"1727\"><strong data-start=\"1646\" data-end=\"1661\">Talajig\u00e9ny:<\/strong> savany\u00fa (pH 4,5\u20135,5), t\u00e1panyagban gazdag, j\u00f3 v\u00edz\u00e1tereszt\u0151 talaj<\/p>\n<\/li>\n<li data-start=\"1730\" data-end=\"1776\">\n<p data-start=\"1732\" data-end=\"1776\"><strong data-start=\"1732\" data-end=\"1746\">F\u00e9nyig\u00e9ny:<\/strong> napos vagy f\u00e9l\u00e1rny\u00e9kos hely<\/p>\n<\/li>\n<li data-start=\"1779\" data-end=\"1820\">\n<p data-start=\"1781\" data-end=\"1820\"><strong data-start=\"1781\" data-end=\"1796\">T\u00e9l\u00e1ll\u00f3s\u00e1g:<\/strong> j\u00f3 fagyt\u0171r\u0151 k\u00e9pess\u00e9g\u0171<\/p>\n<\/li>\n<\/ul>\n<p data-start=\"1826\" data-end=\"2028\"><strong data-start=\"1826\" data-end=\"1859\">\u00dcltet\u00e9si \u00e9s gondoz\u00e1si tan\u00e1cs:<\/strong><br data-start=\"1859\" data-end=\"1862\" \/>\u00dcltet\u00e9skor haszn\u00e1lj <strong data-start=\"1884\" data-end=\"1927\">savany\u00fa t\u0151zeget vagy rododendron f\u00f6ldet<\/strong>, \u00e9s gondoskodj a folyamatos talajnedvess\u00e9gr\u0151l. A n\u00f6v\u00e9ny mulcsoz\u00e1ssal is megh\u00e1l\u00e1lja a gondoskod\u00e1st.<\/p>\n<p data-start=\"2034\" data-end=\"2122\"><strong data-start=\"2034\" data-end=\"2051\">Felhaszn\u00e1l\u00e1s:<\/strong> friss fogyaszt\u00e1sra, s\u00fctem\u00e9nyekbe, lekv\u00e1rnak, fagyaszt\u00e1sra is kiv\u00e1l\u00f3.<\/p>\n<h4><strong>\ud83d\udd04 K\u00e9szletinform\u00e1ci\u00f3<\/strong><\/h4>\n<p><strong>K\u00e9szlet\u00fcnk napi szinten v\u00e1ltozik, \u00edgy a webshopban szerepl<\/strong><strong>\u0151<\/strong><strong>\u00a0term\u00e9kek el\u00e9rhet<\/strong><strong>\u0151<\/strong><strong>s\u00e9ge nem garant\u00e1lt.<br \/>\n\ud83d\udcde A megrendel\u00e9s el<\/strong><strong>\u0151<\/strong><strong>tt k\u00e9rj\u00fck, \u00e9rdekl<\/strong><strong>\u0151<\/strong><strong>dj\u00f6n szem\u00e9lyesen, telefonon vagy e-mailben!<\/strong><\/p>\n<h4><strong>\u27a1\ufe0f Kapcsolat:<\/strong><\/h4>\n<ul>\n<li><strong>Weboldal:\u00a0<\/strong><a href=\"https:\/\/tajkertesz.com\/\"><strong>tajkertesz.com<\/strong><\/a><\/li>\n<li><strong>Facebook:\u00a0<\/strong><a href=\"https:\/\/www.facebook.com\/tajkertesz\/\"><strong>facebook.com\/tajkertesz<\/strong><\/a><\/li>\n<li><strong>Telefonsz\u00e1m, e-mail: +36\/20-319-3770\u00a0<\/strong><a href=\"mailto:tajkerteszaruda@gmail.com\"><strong>tajkerteszaruda@gmail.com<\/strong><\/a><\/li>\n<\/ul>\n<h4><strong>\ud83d\ude9a Sz\u00e1ll\u00edt\u00e1si inform\u00e1ci\u00f3k<\/strong><\/h4>\n<p><strong>A megrendelt n\u00f6v\u00e9nyek kisz\u00e1ll\u00edt\u00e1sa az al\u00e1bbi felt\u00e9telek mellett t\u00f6rt\u00e9nik:<\/strong><\/p>\n<h4><strong>\ud83d\udce6 Fut\u00e1rszolg\u00e1latos sz\u00e1ll\u00edt\u00e1s<\/strong><\/h4>\n<ul>\n<li><strong>Maxim\u00e1lis m\u00e9ret: 200 cm (hossz\u00fas\u00e1g)<\/strong><\/li>\n<li><strong>Maxim\u00e1lis s\u00faly: 40 kg<\/strong><\/li>\n<li><strong>Az enn\u00e9l kisebb \u00e9s k\u00f6nnyebb csomagokat fut\u00e1rszolg\u00e1lattal k\u00e9zbes\u00edtj\u00fck a lehet<\/strong><strong>\u0151<\/strong><strong>\u00a0legbiztons\u00e1gosabb csomagol\u00e1sban.<\/strong><\/li>\n<\/ul>\n<h4><strong>\ud83d\udefb Szem\u00e9lyes \u00e1tv\u00e9tel<\/strong><\/h4>\n<ul>\n<li><strong>1173 Budapest, Bakancsos utca 7. sz\u00e1m alatt nyitvatart\u00e1si id<\/strong><strong>\u0151<\/strong><strong>ben szem\u00e9lyesen \u00e1tvehet<\/strong><strong>\u0151<\/strong><strong>\u00a0kert\u00e9szeti \u00e1rud\u00e1nkban.<\/strong><\/li>\n<li><strong>K\u00f6lts\u00e9ghat\u00e9kony megold\u00e1s nagyobb, t\u00f6r\u00e9kenyebb vagy t\u00falm\u00e9retes n\u00f6v\u00e9nyek eset\u00e9n.<\/strong><\/li>\n<\/ul>\n<h4><strong>\ud83d\udcde Nagy m\u00e9ret<\/strong><strong>\u0171<\/strong><strong>\u00a0vagy s\u00faly\u00fa n\u00f6v\u00e9nyek eset\u00e9n<\/strong><\/h4>\n<p><strong>Ha a term\u00e9k:<\/strong><\/p>\n<ul>\n<li><strong>meghaladja a 200 cm hossz\u00fas\u00e1got vagy<\/strong><\/li>\n<li><strong>meghaladja a 40 kg s\u00falyt,<\/strong><\/li>\n<\/ul>\n<p><strong>akkor szem\u00e9lyes \u00e1tv\u00e9tellel vagy egyedi, el<\/strong><strong>\u0151<\/strong><strong>re egyeztetett sz\u00e1ll\u00edt\u00e1si felt\u00e9telek mellett t\u00f6rt\u00e9nik.<br \/>\nK\u00e9rj\u00fck, ilyen esetben rendel\u00e9s el<\/strong><strong>\u0151<\/strong><strong>tt vegye fel vel\u00fcnk a kapcsolatot, hogy a lehet<\/strong><strong>\u0151<\/strong><strong>\u00a0legmegfelel<\/strong><strong>\u0151<\/strong><strong>bb sz\u00e1ll\u00edt\u00e1si megold\u00e1st k\u00edn\u00e1lhassuk.<\/strong><\/p>\n<p><strong>\ud83d\udd14 Fontos: A n\u00f6v\u00e9nyeket minden esetben igyeksz\u00fcnk gondosan, egyes\u00e9vel csomagolni, azonban a sz\u00e1ll\u00edt\u00e1s sor\u00e1n kisebb eszt\u00e9tikai s\u00e9r\u00fcl\u00e9sek el<\/strong><strong>\u0151<\/strong><strong>fordulhatnak (pl. lev\u00e9lhull\u00e1s). Ez nem min<\/strong><strong>\u0151<\/strong><strong>s\u00fcl hib\u00e1s teljes\u00edt\u00e9snek.<\/strong><\/p>\n<h4><strong>\ud83d\udcf7 Fontos tudni a k\u00e9pekr<\/strong><strong>\u0151<\/strong><strong>l<\/strong><\/h4>\n<p><strong>A webshopban szerepl<\/strong><strong>\u0151<\/strong><strong>\u00a0k\u00e9pek illusztr\u00e1ci\u00f3k, a n\u00f6v\u00e9nyek term\u00e9szet\u00fckn\u00e9l fogva egyediek, \u00edgy m\u00e9retben, alakban \u00e9s sz\u00ednben minim\u00e1lis elt\u00e9r\u00e9sek el<\/strong><strong>\u0151<\/strong><strong>fordulhatnak a k\u00e9pen l\u00e1that\u00f3 \u00e9s a val\u00f3s p\u00e9ld\u00e1nyok k\u00f6z\u00f6tt.<\/strong><\/p>\n<h4><strong>\ud83e\uddfe \u00c1rak \u00e9s el\u00e1ll\u00e1si jog<\/strong><\/h4>\n<ul>\n<li><strong>Az \u00e1rak egy darab\u00a0n\u00f6v\u00e9nyre vonatkoznak.<\/strong><\/li>\n<li><strong>\u00c9l<\/strong><strong>\u0151<\/strong><strong>\u00a0n\u00f6v\u00e9nyek rendel\u00e9se eset\u00e9n a 14 napos el\u00e1ll\u00e1s joga nem \u00e9rv\u00e9nyes\u00edthet<\/strong><strong>\u0151<\/strong><strong>, mivel azok romland\u00f3, biol\u00f3giailag \u00e9l<\/strong><strong>\u0151<\/strong><strong>\u00a0term\u00e9keknek min<\/strong><strong>\u0151<\/strong><strong>s\u00fclnek.<br \/>\n\ud83d\udd12 (17\/1999. (II. 5.) Korm. rendelet 5. \u00a7 c) pontja alapj\u00e1n)<\/strong><\/li>\n<\/ul>\n<h4><strong>\ud83d\udce6 K\u00e9zbes\u00edt\u00e9s ut\u00e1ni teend<\/strong><strong>\u0151<\/strong><strong>k<\/strong><\/h4>\n<p><strong>A k\u00e9zbes\u00edt\u00e9st k\u00f6vet<\/strong><strong>\u0151<\/strong><strong>en a csomagot azonnal bontsuk ki, \u00e9s a n\u00f6v\u00e9nyt helyezz\u00fck el megfelel<\/strong><strong>\u0151<\/strong><strong>\u00a0k\u00f6rnyezetben.<br \/>\nFontos: ha a n\u00f6v\u00e9ny nem r\u00e9szes\u00fcl megfelel<\/strong><strong>\u0151<\/strong><strong>\u00a0gondoz\u00e1sban \u00e9s ennek k\u00f6vetkezt\u00e9ben k\u00e1rosodik vagy elpusztul, felel<\/strong><strong>\u0151<\/strong><strong>ss\u00e9get nem tudunk v\u00e1llalni.<\/strong><\/p>","protected":false},"excerpt":{"rendered":"<p data-start=\"896\" data-end=\"1162\">A \u2018Goldtraube\u2019 magasbokr\u00fa \u00e1fonya az egyik legkedveltebb fajta: nagy, \u00e9des, arom\u00e1s bogy\u00f3i j\u00falius\u2013augusztusban \u00e9rnek. Savany\u00fa talajban, f\u00e9l\u00e1rny\u00e9kos helyen \u00e9rzi j\u00f3l mag\u00e1t, \u00e9s ak\u00e1r 1,5\u20132 m\u00e9ter magasra is megn\u0151. Kiv\u00e1l\u00f3 v\u00e1laszt\u00e1s h\u00e1zikertbe \u00e9s kisebb \u00fcltetv\u00e9nybe egyar\u00e1nt.<\/p>\n<p data-start=\"896\" data-end=\"1162\">M\u00e9rete: 30\/40 cm magas, 2 literes kont\u00e9nerben.<\/p>","protected":false},"featured_media":5332,"template":"","meta":{"_et_pb_use_builder":"","_et_pb_old_content":"","_et_gb_content_width":""},"product_brand":[],"product_cat":[29],"product_tag":[1435,7055,7366,7414,7061,7363,6519,5378],"class_list":{"0":"post-5331","1":"product","2":"type-product","3":"status-publish","4":"has-post-thumbnail","6":"product_cat-gyumolcsfak-gyumolcstermo-novenyek","7":"product_tag-afonya","8":"product_tag-bogyos-gyumolcs","9":"product_tag-botermo-afonya","10":"product_tag-goldtraube","11":"product_tag-gyumolcstermo-noveny","12":"product_tag-magasbokru-afonya","13":"product_tag-savanyu-talajt-kedvelo-noveny","14":"product_tag-vaccinium-corymbosum","16":"first","17":"instock","18":"shipping-taxable","19":"purchasable","20":"product-type-simple"},"yoast_head":"<!-- This site is optimized with the Yoast SEO plugin v27.5 - https:\/\/yoast.com\/product\/yoast-seo-wordpress\/ -->\n<title>Vaccinium corymbosum &#039;Goldtraube&#039; - K\u00e9k \u00e1fonya - T\u00e1jkert\u00e9sz<\/title>\n<meta name=\"description\" content=\"Vaccinium corymbosum &#039;Goldtraube&#039; - K\u00e9k \u00e1fonya Kiv\u00e1l\u00f3 min\u0151s\u00e9g\u0171 n\u00f6v\u00e9ny, h\u00e1zikertbe \u00e9s \u00fcltetv\u00e9nybe. Gyors sz\u00e1ll\u00edt\u00e1s, szak\u00e9rt\u0151i tippek.\" \/>\n<meta name=\"robots\" content=\"index, follow, max-snippet:-1, max-image-preview:large, max-video-preview:-1\" \/>\n<link rel=\"canonical\" href=\"https:\/\/tajkertesz.com\/en_US\/product\/vaccinium-corymbosum-goldtraube-kek-afonya\/\" \/>\n<meta property=\"og:locale\" content=\"en_US\" \/>\n<meta property=\"og:type\" content=\"article\" \/>\n<meta property=\"og:title\" content=\"Vaccinium corymbosum &#039;Goldtraube&#039; - K\u00e9k \u00e1fonya - T\u00e1jkert\u00e9sz\" \/>\n<meta property=\"og:description\" content=\"Vaccinium corymbosum &#039;Goldtraube&#039; - K\u00e9k \u00e1fonya Kiv\u00e1l\u00f3 min\u0151s\u00e9g\u0171 n\u00f6v\u00e9ny, h\u00e1zikertbe \u00e9s \u00fcltetv\u00e9nybe. Gyors sz\u00e1ll\u00edt\u00e1s, szak\u00e9rt\u0151i tippek.\" \/>\n<meta property=\"og:url\" content=\"https:\/\/tajkertesz.com\/en_US\/product\/vaccinium-corymbosum-goldtraube-kek-afonya\/\" \/>\n<meta property=\"og:site_name\" content=\"T\u00e1jkert\u00e9sz\" \/>\n<meta property=\"article:publisher\" content=\"https:\/\/www.facebook.com\/Tajkertesz\/\" \/>\n<meta property=\"article:modified_time\" content=\"2026-02-21T14:18:26+00:00\" \/>\n<meta property=\"og:image\" content=\"https:\/\/tajkertesz.com\/wp-content\/uploads\/2021\/05\/VACCINIUM-corymbosum-Goldtraube_1280x1280.jpg\" \/>\n\t<meta property=\"og:image:width\" content=\"315\" \/>\n\t<meta property=\"og:image:height\" content=\"266\" \/>\n\t<meta property=\"og:image:type\" content=\"image\/jpeg\" \/>\n<meta name=\"twitter:card\" content=\"summary_large_image\" \/>\n<meta name=\"twitter:label1\" content=\"Est. reading time\" \/>\n\t<meta name=\"twitter:data1\" content=\"3 minutes\" \/>\n<script type=\"application\/ld+json\" class=\"yoast-schema-graph\">{\"@context\":\"https:\\\/\\\/schema.org\",\"@graph\":[{\"@type\":\"WebPage\",\"@id\":\"https:\\\/\\\/tajkertesz.com\\\/termek\\\/vaccinium-corymbosum-goldtraube-kek-afonya\\\/\",\"url\":\"https:\\\/\\\/tajkertesz.com\\\/termek\\\/vaccinium-corymbosum-goldtraube-kek-afonya\\\/\",\"name\":\"Vaccinium corymbosum 'Goldtraube' - K\u00e9k \u00e1fonya - T\u00e1jkert\u00e9sz\",\"isPartOf\":{\"@id\":\"https:\\\/\\\/tajkertesz.com\\\/#website\"},\"primaryImageOfPage\":{\"@id\":\"https:\\\/\\\/tajkertesz.com\\\/termek\\\/vaccinium-corymbosum-goldtraube-kek-afonya\\\/#primaryimage\"},\"image\":{\"@id\":\"https:\\\/\\\/tajkertesz.com\\\/termek\\\/vaccinium-corymbosum-goldtraube-kek-afonya\\\/#primaryimage\"},\"thumbnailUrl\":\"https:\\\/\\\/tajkertesz.com\\\/wp-content\\\/uploads\\\/2021\\\/05\\\/VACCINIUM-corymbosum-Goldtraube_1280x1280.jpg\",\"datePublished\":\"2021-05-25T09:38:13+00:00\",\"dateModified\":\"2026-02-21T14:18:26+00:00\",\"description\":\"Vaccinium corymbosum 'Goldtraube' - K\u00e9k \u00e1fonya Kiv\u00e1l\u00f3 min\u0151s\u00e9g\u0171 n\u00f6v\u00e9ny, h\u00e1zikertbe \u00e9s \u00fcltetv\u00e9nybe. Gyors sz\u00e1ll\u00edt\u00e1s, szak\u00e9rt\u0151i tippek.\",\"breadcrumb\":{\"@id\":\"https:\\\/\\\/tajkertesz.com\\\/termek\\\/vaccinium-corymbosum-goldtraube-kek-afonya\\\/#breadcrumb\"},\"inLanguage\":\"en-US\",\"potentialAction\":[{\"@type\":\"ReadAction\",\"target\":[\"https:\\\/\\\/tajkertesz.com\\\/termek\\\/vaccinium-corymbosum-goldtraube-kek-afonya\\\/\"]}]},{\"@type\":\"ImageObject\",\"inLanguage\":\"en-US\",\"@id\":\"https:\\\/\\\/tajkertesz.com\\\/termek\\\/vaccinium-corymbosum-goldtraube-kek-afonya\\\/#primaryimage\",\"url\":\"https:\\\/\\\/tajkertesz.com\\\/wp-content\\\/uploads\\\/2021\\\/05\\\/VACCINIUM-corymbosum-Goldtraube_1280x1280.jpg\",\"contentUrl\":\"https:\\\/\\\/tajkertesz.com\\\/wp-content\\\/uploads\\\/2021\\\/05\\\/VACCINIUM-corymbosum-Goldtraube_1280x1280.jpg\",\"width\":315,\"height\":266,\"caption\":\"Vaccinium corymbosum 'Goldtraube' - K\u00e9k \u00e1fonya\"},{\"@type\":\"BreadcrumbList\",\"@id\":\"https:\\\/\\\/tajkertesz.com\\\/termek\\\/vaccinium-corymbosum-goldtraube-kek-afonya\\\/#breadcrumb\",\"itemListElement\":[{\"@type\":\"ListItem\",\"position\":1,\"name\":\"Home\",\"item\":\"https:\\\/\\\/tajkertesz.com\\\/\"},{\"@type\":\"ListItem\",\"position\":2,\"name\":\"Kezd\u0151lap\",\"item\":\"https:\\\/\\\/tajkertesz.com\\\/\"},{\"@type\":\"ListItem\",\"position\":3,\"name\":\"Vaccinium corymbosum &#8216;Goldtraube&#8217; &#8211; K\u00e9k \u00e1fonya\"}]},{\"@type\":\"WebSite\",\"@id\":\"https:\\\/\\\/tajkertesz.com\\\/#website\",\"url\":\"https:\\\/\\\/tajkertesz.com\\\/\",\"name\":\"T\u00e1j-Kert\u00e9sz 84 Kft.\",\"description\":\"Kert\u00e9szeti kis- \u00e9s nagykeresked\u00e9s, D\u00edszn\u00f6v\u00e9ny web\u00e1ruh\u00e1z orsz\u00e1gos h\u00e1zhozsz\u00e1ll\u00edt\u00e1ssal!\",\"publisher\":{\"@id\":\"https:\\\/\\\/tajkertesz.com\\\/#organization\"},\"potentialAction\":[{\"@type\":\"SearchAction\",\"target\":{\"@type\":\"EntryPoint\",\"urlTemplate\":\"https:\\\/\\\/tajkertesz.com\\\/?s={search_term_string}\"},\"query-input\":{\"@type\":\"PropertyValueSpecification\",\"valueRequired\":true,\"valueName\":\"search_term_string\"}}],\"inLanguage\":\"en-US\"},{\"@type\":\"Organization\",\"@id\":\"https:\\\/\\\/tajkertesz.com\\\/#organization\",\"name\":\"T\u00e1j-Kert\u00e9sz 84 Kft.\",\"url\":\"https:\\\/\\\/tajkertesz.com\\\/\",\"logo\":{\"@type\":\"ImageObject\",\"inLanguage\":\"en-US\",\"@id\":\"https:\\\/\\\/tajkertesz.com\\\/#\\\/schema\\\/logo\\\/image\\\/\",\"url\":\"https:\\\/\\\/tajkertesz.com\\\/wp-content\\\/uploads\\\/2018\\\/02\\\/logo-2-e1518678052539.png\",\"contentUrl\":\"https:\\\/\\\/tajkertesz.com\\\/wp-content\\\/uploads\\\/2018\\\/02\\\/logo-2-e1518678052539.png\",\"width\":81,\"height\":140,\"caption\":\"T\u00e1j-Kert\u00e9sz 84 Kft.\"},\"image\":{\"@id\":\"https:\\\/\\\/tajkertesz.com\\\/#\\\/schema\\\/logo\\\/image\\\/\"},\"sameAs\":[\"https:\\\/\\\/www.facebook.com\\\/Tajkertesz\\\/\"]}]}<\/script>\n<!-- \/ Yoast SEO plugin. -->","yoast_head_json":{"title":"Vaccinium corymbosum 'Goldtraube' - K\u00e9k \u00e1fonya - T\u00e1jkert\u00e9sz","description":"Vaccinium corymbosum 'Goldtraube' - K\u00e9k \u00e1fonya Kiv\u00e1l\u00f3 min\u0151s\u00e9g\u0171 n\u00f6v\u00e9ny, h\u00e1zikertbe \u00e9s \u00fcltetv\u00e9nybe. Gyors sz\u00e1ll\u00edt\u00e1s, szak\u00e9rt\u0151i tippek.","robots":{"index":"index","follow":"follow","max-snippet":"max-snippet:-1","max-image-preview":"max-image-preview:large","max-video-preview":"max-video-preview:-1"},"canonical":"https:\/\/tajkertesz.com\/en_US\/product\/vaccinium-corymbosum-goldtraube-kek-afonya\/","og_locale":"en_US","og_type":"article","og_title":"Vaccinium corymbosum 'Goldtraube' - K\u00e9k \u00e1fonya - T\u00e1jkert\u00e9sz","og_description":"Vaccinium corymbosum 'Goldtraube' - K\u00e9k \u00e1fonya Kiv\u00e1l\u00f3 min\u0151s\u00e9g\u0171 n\u00f6v\u00e9ny, h\u00e1zikertbe \u00e9s \u00fcltetv\u00e9nybe. Gyors sz\u00e1ll\u00edt\u00e1s, szak\u00e9rt\u0151i tippek.","og_url":"https:\/\/tajkertesz.com\/en_US\/product\/vaccinium-corymbosum-goldtraube-kek-afonya\/","og_site_name":"T\u00e1jkert\u00e9sz","article_publisher":"https:\/\/www.facebook.com\/Tajkertesz\/","article_modified_time":"2026-02-21T14:18:26+00:00","og_image":[{"width":315,"height":266,"url":"https:\/\/tajkertesz.com\/wp-content\/uploads\/2021\/05\/VACCINIUM-corymbosum-Goldtraube_1280x1280.jpg","type":"image\/jpeg"}],"twitter_card":"summary_large_image","twitter_misc":{"Est. reading time":"3 minutes"},"schema":{"@context":"https:\/\/schema.org","@graph":[{"@type":"WebPage","@id":"https:\/\/tajkertesz.com\/termek\/vaccinium-corymbosum-goldtraube-kek-afonya\/","url":"https:\/\/tajkertesz.com\/termek\/vaccinium-corymbosum-goldtraube-kek-afonya\/","name":"Vaccinium corymbosum 'Goldtraube' - K\u00e9k \u00e1fonya - T\u00e1jkert\u00e9sz","isPartOf":{"@id":"https:\/\/tajkertesz.com\/#website"},"primaryImageOfPage":{"@id":"https:\/\/tajkertesz.com\/termek\/vaccinium-corymbosum-goldtraube-kek-afonya\/#primaryimage"},"image":{"@id":"https:\/\/tajkertesz.com\/termek\/vaccinium-corymbosum-goldtraube-kek-afonya\/#primaryimage"},"thumbnailUrl":"https:\/\/tajkertesz.com\/wp-content\/uploads\/2021\/05\/VACCINIUM-corymbosum-Goldtraube_1280x1280.jpg","datePublished":"2021-05-25T09:38:13+00:00","dateModified":"2026-02-21T14:18:26+00:00","description":"Vaccinium corymbosum 'Goldtraube' - K\u00e9k \u00e1fonya Kiv\u00e1l\u00f3 min\u0151s\u00e9g\u0171 n\u00f6v\u00e9ny, h\u00e1zikertbe \u00e9s \u00fcltetv\u00e9nybe. Gyors sz\u00e1ll\u00edt\u00e1s, szak\u00e9rt\u0151i tippek.","breadcrumb":{"@id":"https:\/\/tajkertesz.com\/termek\/vaccinium-corymbosum-goldtraube-kek-afonya\/#breadcrumb"},"inLanguage":"en-US","potentialAction":[{"@type":"ReadAction","target":["https:\/\/tajkertesz.com\/termek\/vaccinium-corymbosum-goldtraube-kek-afonya\/"]}]},{"@type":"ImageObject","inLanguage":"en-US","@id":"https:\/\/tajkertesz.com\/termek\/vaccinium-corymbosum-goldtraube-kek-afonya\/#primaryimage","url":"https:\/\/tajkertesz.com\/wp-content\/uploads\/2021\/05\/VACCINIUM-corymbosum-Goldtraube_1280x1280.jpg","contentUrl":"https:\/\/tajkertesz.com\/wp-content\/uploads\/2021\/05\/VACCINIUM-corymbosum-Goldtraube_1280x1280.jpg","width":315,"height":266,"caption":"Vaccinium corymbosum 'Goldtraube' - K\u00e9k \u00e1fonya"},{"@type":"BreadcrumbList","@id":"https:\/\/tajkertesz.com\/termek\/vaccinium-corymbosum-goldtraube-kek-afonya\/#breadcrumb","itemListElement":[{"@type":"ListItem","position":1,"name":"Home","item":"https:\/\/tajkertesz.com\/"},{"@type":"ListItem","position":2,"name":"Kezd\u0151lap","item":"https:\/\/tajkertesz.com\/"},{"@type":"ListItem","position":3,"name":"Vaccinium corymbosum &#8216;Goldtraube&#8217; &#8211; K\u00e9k \u00e1fonya"}]},{"@type":"WebSite","@id":"https:\/\/tajkertesz.com\/#website","url":"https:\/\/tajkertesz.com\/","name":"T\u00e1j-Kert\u00e9sz 84 Kft.","description":"Kert\u00e9szeti kis- \u00e9s nagykeresked\u00e9s, D\u00edszn\u00f6v\u00e9ny web\u00e1ruh\u00e1z orsz\u00e1gos h\u00e1zhozsz\u00e1ll\u00edt\u00e1ssal!","publisher":{"@id":"https:\/\/tajkertesz.com\/#organization"},"potentialAction":[{"@type":"SearchAction","target":{"@type":"EntryPoint","urlTemplate":"https:\/\/tajkertesz.com\/?s={search_term_string}"},"query-input":{"@type":"PropertyValueSpecification","valueRequired":true,"valueName":"search_term_string"}}],"inLanguage":"en-US"},{"@type":"Organization","@id":"https:\/\/tajkertesz.com\/#organization","name":"T\u00e1j-Kert\u00e9sz 84 Kft.","url":"https:\/\/tajkertesz.com\/","logo":{"@type":"ImageObject","inLanguage":"en-US","@id":"https:\/\/tajkertesz.com\/#\/schema\/logo\/image\/","url":"https:\/\/tajkertesz.com\/wp-content\/uploads\/2018\/02\/logo-2-e1518678052539.png","contentUrl":"https:\/\/tajkertesz.com\/wp-content\/uploads\/2018\/02\/logo-2-e1518678052539.png","width":81,"height":140,"caption":"T\u00e1j-Kert\u00e9sz 84 Kft."},"image":{"@id":"https:\/\/tajkertesz.com\/#\/schema\/logo\/image\/"},"sameAs":["https:\/\/www.facebook.com\/Tajkertesz\/"]}]}},"_links":{"self":[{"href":"https:\/\/tajkertesz.com\/en_US\/wp-json\/wp\/v2\/product\/5331","targetHints":{"allow":["GET"]}}],"collection":[{"href":"https:\/\/tajkertesz.com\/en_US\/wp-json\/wp\/v2\/product"}],"about":[{"href":"https:\/\/tajkertesz.com\/en_US\/wp-json\/wp\/v2\/types\/product"}],"wp:featuredmedia":[{"embeddable":true,"href":"https:\/\/tajkertesz.com\/en_US\/wp-json\/wp\/v2\/media\/5332"}],"wp:attachment":[{"href":"https:\/\/tajkertesz.com\/en_US\/wp-json\/wp\/v2\/media?parent=5331"}],"wp:term":[{"taxonomy":"product_brand","embeddable":true,"href":"https:\/\/tajkertesz.com\/en_US\/wp-json\/wp\/v2\/product_brand?post=5331"},{"taxonomy":"product_cat","embeddable":true,"href":"https:\/\/tajkertesz.com\/en_US\/wp-json\/wp\/v2\/product_cat?post=5331"},{"taxonomy":"product_tag","embeddable":true,"href":"https:\/\/tajkertesz.com\/en_US\/wp-json\/wp\/v2\/product_tag?post=5331"}],"curies":[{"name":"wp","href":"https:\/\/api.w.org\/{rel}","templated":true}]}}