{"id":5333,"date":"2021-05-25T09:42:36","date_gmt":"2021-05-25T09:42:36","guid":{"rendered":"https:\/\/tajkertesz.com\/?post_type=product&#038;p=5333"},"modified":"2024-10-28T12:08:55","modified_gmt":"2024-10-28T12:08:55","slug":"vaccinium-corymbosum-nelson-magasbokru-kek-afonya","status":"publish","type":"product","link":"https:\/\/tajkertesz.com\/en_US\/product\/vaccinium-corymbosum-nelson-magasbokru-kek-afonya\/","title":{"rendered":"Vaccinium corymbosum &#8216;Nelson&#8217; \u2013 Magasbokr\u00fa k\u00e9k \u00e1fonya"},"content":{"rendered":"<h3 class=\"LC20lb DKV0Md\">Vaccinium corymbosum &#8216;Nelson&#8217; \u2013 Magasbokr\u00fa k\u00e9k \u00e1fonya<\/h3>\n<p><span lang=\"HU\">Vaccinium corymbosum &#8216;Nelson&#8217; \u2013 Magasbokr\u00fa k\u00e9k \u00e1fonya 1,5 m\u00e9ter magasra n\u00f6v\u0151 lombhullat\u00f3 cserje. Viszonylag nagy, kem\u00e9ny, \u00e9des \u00edz\u0171 term\u00e9se van, melyek augusztus-szeptember t\u00e1j\u00e1n \u00e9rnek.Napos, vagy f\u00e9l\u00e1rny\u00e9kos helyet szereti.\u00a0<span class=\"product_desc\">Humuszban gazdag talajt kedveli.. Rendszeres \u00f6nt\u00f6z\u00e9st ig\u00e9nyel, f\u0151leg vir\u00e1gz\u00e1skor, de nem toler\u00e1lja a lappang\u00f3 vizet.<\/span><\/span><\/p>\n<p>Jelen term\u00e9k\u00fcnk 3 literes cser\u00e9pben kaphat\u00f3 \u00e9s kb: 40\/60 cm magas.<\/p>\n<p style=\"line-height: 18.0pt; background: white; margin: 0cm 0cm 15.0pt 0cm;\"><span style=\"font-family: Ubuntu, serif; color: black;\">El\u00e9rhet\u0151 t\u00f6bbf\u00e9le m\u00e9retben \u00e9s \u00e1rban.<\/span><\/p>\n<p style=\"line-height: 18.0pt; background: white; margin: 0cm 0cm 15.0pt 0cm;\"><b><span style=\"font-family: 'Ubuntu',serif; color: black;\">K\u00e9szlet\u00fcnk napi szinten v\u00e1ltozik, ez\u00e9rt k\u00e9rj\u00fck, \u00e9rdekl\u0151dj\u00f6n szem\u00e9lyesen, telefonon vagy email-en.<br \/>\nA v\u00e1ltoztat\u00e1s jog\u00e1t fenntartjuk!\u00a0<\/span><\/b><\/p>\n<p><a href=\"https:\/\/tajkertesz.com\/\">https:\/\/tajkertesz.com\/<\/a><\/p>\n<p><a href=\"https:\/\/www.facebook.com\/tajkertesz\">https:\/\/www.facebook.com\/tajkertesz<\/a><\/p>\n<h3>Megjelen\u00e9se:<\/h3>\n<p>Alacsony n\u00f6v\u00e9s\u0171 (30\u201360 cm), gazdagon el\u00e1gaz\u00f3 f\u00e9lcserje. Legy\u00f6keresed\u0151 \u00e1gai, hajt\u00e1sai sz\u00f6gletesek, z\u00f6ldes sz\u00edn\u0171ek, ak\u00e1r ezer n\u00e9gyzetm\u00e9teres kol\u00f3ni\u00e1k is hajthatnak egyetlen t\u0151r\u0151l. Levelei toj\u00e1sdadok, kihegyezettek, finoman f\u0171r\u00e9szesek, kopaszak. Vir\u00e1gai r\u00f3zsasz\u00ednnel futtatottan z\u00f6ldes sz\u00edn\u0171ek, lev\u00e9lh\u00f3naljakb\u00f3l fejl\u0151dnek,[5] \u00e1prilist\u00f3l j\u00faniusig ny\u00edlnak. A g\u00f6mb\u00f6s, kors\u00f3 alak\u00fa p\u00e1rta halv\u00e1ny z\u00f6ldesv\u00f6r\u00f6s, az \u00e9rett bogy\u00f3 g\u00f6mb\u00f6s, feket\u00e9sk\u00e9k, hamvas.<\/p>\n<p>A faiskol\u00e1kban nemes\u00edtett v\u00e1ltozata nagyobb bogy\u00f3kat terem. A humuszban gazdag, savany\u00fa k\u00e9mhat\u00e1s\u00fa, v\u00edzzel k\u00f6zepesen ell\u00e1tott talajt szereti. A kert f\u00e9l\u00e1rny\u00e9kos r\u00e9szeinek sz\u00e9p d\u00edsze is lehet.<\/p>\n<p>Bogy\u00f3ja gy\u00fcm\u00f6lcssavakat, cukrot, pektint, cseranyagot, vitaminokat, flavonoidokat (f\u0151leg antoci\u00e1nokat), arbutint, sok vasat, A-, D- \u00e9s C-vitamint tartalmaz<\/p>\n<h3><span id=\"Sz\u00e1rmaz\u00e1sa,_\u00e9l\u0151helye\" class=\"mw-headline\" style=\"color: #ffffff;\">Sz\u00e1rmaz\u00e1sa, \u00e9l\u0151helye<\/span><\/h3>\n<p><span style=\"color: #ffffff;\">\u0150shonos\u00a0<a style=\"color: #ffffff;\" title=\"D\u00e9lnyugat-\u00c1zsia\" href=\"https:\/\/hu.wikipedia.org\/wiki\/D%C3%A9lnyugat-%C3%81zsia\">Nyugat-\u00c1zsi\u00e1ban<\/a>, a\u00a0<a style=\"color: #ffffff;\" title=\"Balk\u00e1n-f\u00e9lsziget\" href=\"https:\/\/hu.wikipedia.org\/wiki\/Balk%C3%A1n-f%C3%A9lsziget\">Balk\u00e1n-f\u00e9lszigeten<\/a>,\u00a0<a style=\"color: #ffffff;\" title=\"Kelet-\u00c1zsia\" href=\"https:\/\/hu.wikipedia.org\/wiki\/Kelet-%C3%81zsia\">Kelet-\u00c1zsi\u00e1ban<\/a>,\u00a0<a style=\"color: #ffffff;\" title=\"\u00c9szak-Amerika\" href=\"https:\/\/hu.wikipedia.org\/wiki\/%C3%89szak-Amerika\">\u00c9szak-Amerik\u00e1ban<\/a>. \u0150sid\u0151k \u00f3ta termesztik\u00a0<a style=\"color: #ffffff;\" title=\"\" href=\"https:\/\/hu.wikipedia.org\/wiki\/T%C3%B6r%C3%B6korsz%C3%A1g\">T\u00f6r\u00f6korsz\u00e1gban<\/a>,\u00a0<a style=\"color: #ffffff;\" title=\"Olaszorsz\u00e1g\" href=\"https:\/\/hu.wikipedia.org\/wiki\/Olaszorsz%C3%A1g\">Olaszorsz\u00e1gban<\/a>,\u00a0<a style=\"color: #ffffff;\" title=\"Spanyolorsz\u00e1g\" href=\"https:\/\/hu.wikipedia.org\/wiki\/Spanyolorsz%C3%A1g\">Spanyolorsz\u00e1gban<\/a>,\u00a0<a style=\"color: #ffffff;\" title=\"G\u00f6r\u00f6gorsz\u00e1g\" href=\"https:\/\/hu.wikipedia.org\/wiki\/G%C3%B6r%C3%B6gorsz%C3%A1g\">G\u00f6r\u00f6gorsz\u00e1gban<\/a>, k\u00e9s\u0151bb\u00a0<a style=\"color: #ffffff;\" title=\"Amerika (szuperkontinens)\" href=\"https:\/\/hu.wikipedia.org\/wiki\/Amerika_(szuperkontinens)\">Amerik\u00e1ban<\/a>,\u00a0<a style=\"color: #ffffff;\" title=\"Franciaorsz\u00e1g\" href=\"https:\/\/hu.wikipedia.org\/wiki\/Franciaorsz%C3%A1g\">Franciaorsz\u00e1gban<\/a>\u00a0\u00e9s\u00a0<a style=\"color: #ffffff;\" title=\"Anglia\" href=\"https:\/\/hu.wikipedia.org\/wiki\/Anglia\">Angli\u00e1ban<\/a>. A legt\u00f6bb mogyor\u00f3t Olaszorsz\u00e1g \u00e9s T\u00f6r\u00f6korsz\u00e1g termeszti, \u00e9s f\u0151leg az \u00e9szak-eur\u00f3pai orsz\u00e1gokba export\u00e1lj\u00e1k.<\/span><\/p>\n<p><span style=\"color: #ffffff;\">A magyar erd\u0151kben termett mogyor\u00f3t rendszeresen gy\u0171jt\u00f6tt\u00e9k, de (annak ellen\u00e9re, hogy \u0151shonos) a t\u00f6bbi gy\u00fcm\u00f6lcsfajt\u00f3l elt\u00e9r\u0151en sok\u00e1ig nem termesztett\u00e9k; saj\u00e1t fajt\u00e1ink sincsenek. \u00dczemi termeszt\u00e9s\u00e9re m\u00e1ig alig van p\u00e9lda, a\u00a0<a class=\"new\" style=\"color: #ffffff;\" title=\"Nagycs\u00e9rpuszta (a lap nem l\u00e9tezik)\" href=\"https:\/\/hu.wikipedia.org\/w\/index.php?title=Nagycs%C3%A9rpuszta&amp;action=edit&amp;redlink=1\">nagycs\u00e9rpusztai<\/a>\u00a0kult\u00far\u00e1t felsz\u00e1molt\u00e1k. Ma a legjelent\u0151sebb \u00fcltetv\u00e9ny\u00a0<a style=\"color: #ffffff;\" title=\"Balatonbogl\u00e1r\" href=\"https:\/\/hu.wikipedia.org\/wiki\/Balatonbogl%C3%A1r\">Balatonbogl\u00e1ron<\/a>\u00a0tal\u00e1lhat\u00f3.<\/span><\/p>\n<p><span style=\"color: #ffffff;\">Az egres 50-150\u00a0centim\u00e9ter magas, a magass\u00e1g\u00e1n\u00e1l t\u00f6bbnyire sz\u00e9lesebb, s\u0171r\u0171 \u00e1grendszer\u0171, lombhullat\u00f3\u00a0<a style=\"color: #ffffff;\" title=\"Cserje\" href=\"https:\/\/hu.wikipedia.org\/wiki\/Cserje\">cserje<\/a>. T\u00fcsk\u00e9s vessz\u0151i kiss\u00e9 sz\u0151r\u00f6sek vagy kopaszak, halv\u00e1ny sz\u00fcrk\u00e9sbarna sz\u00edn\u0171ek, hossz\u00e1ban bar\u00e1zd\u00e1ltak. Az 1-2\u00a0centim\u00e9ter hossz\u00fa merev t\u00f6visek k\u00f6zvetlen\u00fcl a levelek (sz\u00e1rcsom\u00f3k) alatt erednek a sz\u00e1ron kettes\u00e9vel vagy h\u00e1rmas\u00e1val. Egyes v\u00e1ltozatokn\u00e1l a sz\u00e1rk\u00f6z\u00f6k\u00f6n is tal\u00e1lhat\u00f3ak r\u00f6videbb t\u00fcsk\u00e9k. A levelek kerekded vagy sz\u00edv alak\u00faak, tomp\u00e1n 3 vagy 5\u00a0kar\u00e9josak, sz\u00e9less\u00e9g\u00fck 2-5\u00a0centim\u00e9ter. \u00c9le a kar\u00e9jok cs\u00facs\u00e1n m\u00e9lyen, szab\u00e1lytalanul csipk\u00e9zett, oldal\u00e1n \u00e9p. Fels\u0151 fel\u00fclet\u00fck lehet kopasz vagy sz\u0151r\u00f6s, fon\u00e1kjuk az erekn\u00e9l sz\u0151r\u00f6z\u00f6tt. A lev\u00e9lny\u00e9l hossza nagyj\u00e1b\u00f3l megegyezik a lemez\u00e9vel, elsz\u00f3rtan sz\u0151r\u00f6s. \u0150sszel s\u00e1rg\u00e1sra sz\u00ednez\u0151dik.<\/span><\/p>\n<p><span style=\"color: #ffffff;\">\u00c1prilisban vir\u00e1gzik. Az 1-3\u00a0vir\u00e1gb\u00f3l \u00e1ll\u00f3 f\u00fcrt\u00f6k a sz\u00e1rcsom\u00f3kb\u00f3l ered\u0151 r\u00f6vidke hajt\u00e1sok cs\u00facs\u00e1n n\u0151nek. A vir\u00e1gok kicsik, nem felt\u0171n\u0151ek. A kocs\u00e1ny \u00e9s a harang alak\u00fa vacok sz\u0151r\u00f6s vagy mirigysz\u0151r\u00f6s. A cs\u00e9szelevelek visszahajl\u00f3ak, k\u00edv\u00fcl z\u00f6ldek, bel\u00fcl piszkos b\u00edborv\u00f6r\u00f6sek. A feh\u00e9r, fel\u00e1ll\u00f3 szirmok csak fele-harmada olyan hossz\u00faak, mint a cs\u00e9szelevelek. A vil\u00e1gos-z\u00f6ldes porz\u00f3k kil\u00f3gnak a cs\u00e9szecs\u0151b\u0151l. A bibe r\u00f6videbb, mint a porz\u00f3k, k\u00e9tkar\u00e9j\u00fa, \u00e9retten ragad\u00f3s. Illata kellemetlen, a\u00a0<a style=\"color: #ffffff;\" title=\"S\u00f3skaborbolya\" href=\"https:\/\/hu.wikipedia.org\/wiki\/S%C3%B3skaborbolya\">s\u00f3skaborboly\u00e1ra<\/a>\u00a0eml\u00e9keztet. Az \u00f6nmegporz\u00e1st \u00fagy ker\u00fcli el, hogy a bib\u00e9k el\u0151bb \u00e9rnek a porz\u00f3kn\u00e1l.<\/span><\/p>\n<p><span style=\"color: #ffffff;\">A term\u00e9s 8-15\u00a0millim\u00e9ter hossz\u00fa, g\u00f6mb\u00f6ly\u0171 vagy ov\u00e1lis, t\u00f6bb\u00e9-kev\u00e9sb\u00e9 v\u00f6r\u00f6ssel futtatott z\u00f6ldes vagy s\u00e1rg\u00e1s, l\u00e9d\u00fas \u00e1lbogy\u00f3. Fel\u00fclete lehet csupasz vagy sz\u0151r\u00f6s-molyhos. Benne tal\u00e1lhat\u00f3 a 40-50\u00a0darab 2-3,5\u00a0millim\u00e9teres, feket\u00e9s-barna, szab\u00e1lytalanul toj\u00e1sdad mag. A vadon term\u0151 egres is ehet\u0151, h\u00e9ja savany\u00fa lehet, de h\u00fasa \u00e9des-savanyk\u00e1s.<\/span><\/p>\n<p>&nbsp;<\/p>\n<p>Sz\u00e1ll\u00edt\u00e1s 200 cm \u00e9s 40 kg-ig lehets\u00e9ges, ezen m\u00e9retek felett egyedi egyeztet\u00e9s sz\u00fcks\u00e9ges.<\/p>\n","protected":false},"excerpt":{"rendered":"<h3>Vaccinium corymbosum &#8216;Nelson&#8217; \u2013 Magasbokr\u00fa k\u00e9k \u00e1fonya<\/h3>\n<h3><\/h3>\n<p><span lang=\"HU\">Vaccinium corymbosum &#8216;Nelson&#8217; \u2013 Magasbokr\u00fa k\u00e9k \u00e1fonya 1,5 m\u00e9ter magasra n\u00f6v\u0151 lombhullat\u00f3 cserje. Viszonylag nagy, kem\u00e9ny, \u00e9des \u00edz\u0171 term\u00e9se van, melyek augusztus-szeptember t\u00e1j\u00e1n \u00e9rnek.Napos, vagy f\u00e9l\u00e1rny\u00e9kos helyet szereti.\u00a0<span class=\"product_desc\">Humuszban gazdag talajt kedveli.. Rendszeres \u00f6nt\u00f6z\u00e9st ig\u00e9nyel, f\u0151leg vir\u00e1gz\u00e1skor, de nem toler\u00e1lja a lappang\u00f3 vizet<\/span><\/span><\/p>\n<p>&nbsp;<\/p>\n<p>3 literes cser\u00e9pben Kb: 40\/60 cm magas.<\/p>","protected":false},"featured_media":5334,"template":"","meta":{"_et_pb_use_builder":"","_et_pb_old_content":"","_et_gb_content_width":""},"product_brand":[],"product_cat":[29],"product_tag":[1610],"class_list":{"0":"post-5333","1":"product","2":"type-product","3":"status-publish","4":"has-post-thumbnail","6":"product_cat-gyumolcsfak-gyumolcstermo-novenyek","7":"product_tag-vaccinium-corymbosum-nelson-magasbokru-kek-afonya","9":"first","10":"outofstock","11":"shipping-taxable","12":"purchasable","13":"product-type-simple"},"yoast_head":"<!-- This site is optimized with the Yoast SEO plugin v27.3 - https:\/\/yoast.com\/product\/yoast-seo-wordpress\/ -->\n<title>Vaccinium corymbosum &#039;Nelson&#039; \u2013 Magasbokr\u00fa k\u00e9k \u00e1fonya - T\u00e1jkert\u00e9sz<\/title>\n<meta name=\"description\" content=\"Vaccinium corymbosum &#039;Nelson&#039; \u2013 Magasbokr\u00fa k\u00e9k \u00e1fonya 1,5 m\u00e9ter magasra n\u00f6v\u0151 lombhullat\u00f3 cserje. Viszonylag nagy, kem\u00e9ny, \u00e9des \u00edz\u0171\" \/>\n<meta name=\"robots\" content=\"index, follow, max-snippet:-1, max-image-preview:large, max-video-preview:-1\" \/>\n<link rel=\"canonical\" href=\"https:\/\/tajkertesz.com\/en_US\/product\/vaccinium-corymbosum-nelson-magasbokru-kek-afonya\/\" \/>\n<meta property=\"og:locale\" content=\"en_US\" \/>\n<meta property=\"og:type\" content=\"article\" \/>\n<meta property=\"og:title\" content=\"Vaccinium corymbosum &#039;Nelson&#039; \u2013 Magasbokr\u00fa k\u00e9k \u00e1fonya - T\u00e1jkert\u00e9sz\" \/>\n<meta property=\"og:description\" content=\"Vaccinium corymbosum &#039;Nelson&#039; \u2013 Magasbokr\u00fa k\u00e9k \u00e1fonya 1,5 m\u00e9ter magasra n\u00f6v\u0151 lombhullat\u00f3 cserje. Viszonylag nagy, kem\u00e9ny, \u00e9des \u00edz\u0171\" \/>\n<meta property=\"og:url\" content=\"https:\/\/tajkertesz.com\/en_US\/product\/vaccinium-corymbosum-nelson-magasbokru-kek-afonya\/\" \/>\n<meta property=\"og:site_name\" content=\"T\u00e1jkert\u00e9sz\" \/>\n<meta property=\"article:publisher\" content=\"https:\/\/www.facebook.com\/Tajkertesz\/\" \/>\n<meta property=\"article:modified_time\" content=\"2024-10-28T12:08:55+00:00\" \/>\n<meta property=\"og:image\" content=\"https:\/\/tajkertesz.com\/wp-content\/uploads\/2021\/05\/blueberry-vaccinium-nelson-9cm-p3876-30384_image.jpg\" \/>\n\t<meta property=\"og:image:width\" content=\"568\" \/>\n\t<meta property=\"og:image:height\" content=\"558\" \/>\n\t<meta property=\"og:image:type\" content=\"image\/jpeg\" \/>\n<meta name=\"twitter:card\" content=\"summary_large_image\" \/>\n<meta name=\"twitter:label1\" content=\"Est. reading time\" \/>\n\t<meta name=\"twitter:data1\" content=\"3 minutes\" \/>\n<script type=\"application\/ld+json\" class=\"yoast-schema-graph\">{\"@context\":\"https:\\\/\\\/schema.org\",\"@graph\":[{\"@type\":\"WebPage\",\"@id\":\"https:\\\/\\\/tajkertesz.com\\\/termek\\\/vaccinium-corymbosum-nelson-magasbokru-kek-afonya\\\/\",\"url\":\"https:\\\/\\\/tajkertesz.com\\\/termek\\\/vaccinium-corymbosum-nelson-magasbokru-kek-afonya\\\/\",\"name\":\"Vaccinium corymbosum 'Nelson' \u2013 Magasbokr\u00fa k\u00e9k \u00e1fonya - T\u00e1jkert\u00e9sz\",\"isPartOf\":{\"@id\":\"https:\\\/\\\/tajkertesz.com\\\/#website\"},\"primaryImageOfPage\":{\"@id\":\"https:\\\/\\\/tajkertesz.com\\\/termek\\\/vaccinium-corymbosum-nelson-magasbokru-kek-afonya\\\/#primaryimage\"},\"image\":{\"@id\":\"https:\\\/\\\/tajkertesz.com\\\/termek\\\/vaccinium-corymbosum-nelson-magasbokru-kek-afonya\\\/#primaryimage\"},\"thumbnailUrl\":\"https:\\\/\\\/tajkertesz.com\\\/wp-content\\\/uploads\\\/2021\\\/05\\\/blueberry-vaccinium-nelson-9cm-p3876-30384_image.jpg\",\"datePublished\":\"2021-05-25T09:42:36+00:00\",\"dateModified\":\"2024-10-28T12:08:55+00:00\",\"description\":\"Vaccinium corymbosum 'Nelson' \u2013 Magasbokr\u00fa k\u00e9k \u00e1fonya 1,5 m\u00e9ter magasra n\u00f6v\u0151 lombhullat\u00f3 cserje. Viszonylag nagy, kem\u00e9ny, \u00e9des \u00edz\u0171\",\"breadcrumb\":{\"@id\":\"https:\\\/\\\/tajkertesz.com\\\/termek\\\/vaccinium-corymbosum-nelson-magasbokru-kek-afonya\\\/#breadcrumb\"},\"inLanguage\":\"en-US\",\"potentialAction\":[{\"@type\":\"ReadAction\",\"target\":[\"https:\\\/\\\/tajkertesz.com\\\/termek\\\/vaccinium-corymbosum-nelson-magasbokru-kek-afonya\\\/\"]}]},{\"@type\":\"ImageObject\",\"inLanguage\":\"en-US\",\"@id\":\"https:\\\/\\\/tajkertesz.com\\\/termek\\\/vaccinium-corymbosum-nelson-magasbokru-kek-afonya\\\/#primaryimage\",\"url\":\"https:\\\/\\\/tajkertesz.com\\\/wp-content\\\/uploads\\\/2021\\\/05\\\/blueberry-vaccinium-nelson-9cm-p3876-30384_image.jpg\",\"contentUrl\":\"https:\\\/\\\/tajkertesz.com\\\/wp-content\\\/uploads\\\/2021\\\/05\\\/blueberry-vaccinium-nelson-9cm-p3876-30384_image.jpg\",\"width\":568,\"height\":558},{\"@type\":\"BreadcrumbList\",\"@id\":\"https:\\\/\\\/tajkertesz.com\\\/termek\\\/vaccinium-corymbosum-nelson-magasbokru-kek-afonya\\\/#breadcrumb\",\"itemListElement\":[{\"@type\":\"ListItem\",\"position\":1,\"name\":\"Home\",\"item\":\"https:\\\/\\\/tajkertesz.com\\\/\"},{\"@type\":\"ListItem\",\"position\":2,\"name\":\"Kezd\u0151lap\",\"item\":\"https:\\\/\\\/tajkertesz.com\\\/\"},{\"@type\":\"ListItem\",\"position\":3,\"name\":\"Vaccinium corymbosum &#8216;Nelson&#8217; \u2013 Magasbokr\u00fa k\u00e9k \u00e1fonya\"}]},{\"@type\":\"WebSite\",\"@id\":\"https:\\\/\\\/tajkertesz.com\\\/#website\",\"url\":\"https:\\\/\\\/tajkertesz.com\\\/\",\"name\":\"T\u00e1j-Kert\u00e9sz 84 Kft.\",\"description\":\"Kert\u00e9szeti kis- \u00e9s nagykeresked\u00e9s, D\u00edszn\u00f6v\u00e9ny web\u00e1ruh\u00e1z orsz\u00e1gos h\u00e1zhozsz\u00e1ll\u00edt\u00e1ssal!\",\"publisher\":{\"@id\":\"https:\\\/\\\/tajkertesz.com\\\/#organization\"},\"potentialAction\":[{\"@type\":\"SearchAction\",\"target\":{\"@type\":\"EntryPoint\",\"urlTemplate\":\"https:\\\/\\\/tajkertesz.com\\\/?s={search_term_string}\"},\"query-input\":{\"@type\":\"PropertyValueSpecification\",\"valueRequired\":true,\"valueName\":\"search_term_string\"}}],\"inLanguage\":\"en-US\"},{\"@type\":\"Organization\",\"@id\":\"https:\\\/\\\/tajkertesz.com\\\/#organization\",\"name\":\"T\u00e1j-Kert\u00e9sz 84 Kft.\",\"url\":\"https:\\\/\\\/tajkertesz.com\\\/\",\"logo\":{\"@type\":\"ImageObject\",\"inLanguage\":\"en-US\",\"@id\":\"https:\\\/\\\/tajkertesz.com\\\/#\\\/schema\\\/logo\\\/image\\\/\",\"url\":\"https:\\\/\\\/tajkertesz.com\\\/wp-content\\\/uploads\\\/2018\\\/02\\\/logo-2-e1518678052539.png\",\"contentUrl\":\"https:\\\/\\\/tajkertesz.com\\\/wp-content\\\/uploads\\\/2018\\\/02\\\/logo-2-e1518678052539.png\",\"width\":81,\"height\":140,\"caption\":\"T\u00e1j-Kert\u00e9sz 84 Kft.\"},\"image\":{\"@id\":\"https:\\\/\\\/tajkertesz.com\\\/#\\\/schema\\\/logo\\\/image\\\/\"},\"sameAs\":[\"https:\\\/\\\/www.facebook.com\\\/Tajkertesz\\\/\"]}]}<\/script>\n<!-- \/ Yoast SEO plugin. -->","yoast_head_json":{"title":"Vaccinium corymbosum 'Nelson' \u2013 Magasbokr\u00fa k\u00e9k \u00e1fonya - T\u00e1jkert\u00e9sz","description":"Vaccinium corymbosum 'Nelson' \u2013 Magasbokr\u00fa k\u00e9k \u00e1fonya 1,5 m\u00e9ter magasra n\u00f6v\u0151 lombhullat\u00f3 cserje. Viszonylag nagy, kem\u00e9ny, \u00e9des \u00edz\u0171","robots":{"index":"index","follow":"follow","max-snippet":"max-snippet:-1","max-image-preview":"max-image-preview:large","max-video-preview":"max-video-preview:-1"},"canonical":"https:\/\/tajkertesz.com\/en_US\/product\/vaccinium-corymbosum-nelson-magasbokru-kek-afonya\/","og_locale":"en_US","og_type":"article","og_title":"Vaccinium corymbosum 'Nelson' \u2013 Magasbokr\u00fa k\u00e9k \u00e1fonya - T\u00e1jkert\u00e9sz","og_description":"Vaccinium corymbosum 'Nelson' \u2013 Magasbokr\u00fa k\u00e9k \u00e1fonya 1,5 m\u00e9ter magasra n\u00f6v\u0151 lombhullat\u00f3 cserje. Viszonylag nagy, kem\u00e9ny, \u00e9des \u00edz\u0171","og_url":"https:\/\/tajkertesz.com\/en_US\/product\/vaccinium-corymbosum-nelson-magasbokru-kek-afonya\/","og_site_name":"T\u00e1jkert\u00e9sz","article_publisher":"https:\/\/www.facebook.com\/Tajkertesz\/","article_modified_time":"2024-10-28T12:08:55+00:00","og_image":[{"width":568,"height":558,"url":"https:\/\/tajkertesz.com\/wp-content\/uploads\/2021\/05\/blueberry-vaccinium-nelson-9cm-p3876-30384_image.jpg","type":"image\/jpeg"}],"twitter_card":"summary_large_image","twitter_misc":{"Est. reading time":"3 minutes"},"schema":{"@context":"https:\/\/schema.org","@graph":[{"@type":"WebPage","@id":"https:\/\/tajkertesz.com\/termek\/vaccinium-corymbosum-nelson-magasbokru-kek-afonya\/","url":"https:\/\/tajkertesz.com\/termek\/vaccinium-corymbosum-nelson-magasbokru-kek-afonya\/","name":"Vaccinium corymbosum 'Nelson' \u2013 Magasbokr\u00fa k\u00e9k \u00e1fonya - T\u00e1jkert\u00e9sz","isPartOf":{"@id":"https:\/\/tajkertesz.com\/#website"},"primaryImageOfPage":{"@id":"https:\/\/tajkertesz.com\/termek\/vaccinium-corymbosum-nelson-magasbokru-kek-afonya\/#primaryimage"},"image":{"@id":"https:\/\/tajkertesz.com\/termek\/vaccinium-corymbosum-nelson-magasbokru-kek-afonya\/#primaryimage"},"thumbnailUrl":"https:\/\/tajkertesz.com\/wp-content\/uploads\/2021\/05\/blueberry-vaccinium-nelson-9cm-p3876-30384_image.jpg","datePublished":"2021-05-25T09:42:36+00:00","dateModified":"2024-10-28T12:08:55+00:00","description":"Vaccinium corymbosum 'Nelson' \u2013 Magasbokr\u00fa k\u00e9k \u00e1fonya 1,5 m\u00e9ter magasra n\u00f6v\u0151 lombhullat\u00f3 cserje. Viszonylag nagy, kem\u00e9ny, \u00e9des \u00edz\u0171","breadcrumb":{"@id":"https:\/\/tajkertesz.com\/termek\/vaccinium-corymbosum-nelson-magasbokru-kek-afonya\/#breadcrumb"},"inLanguage":"en-US","potentialAction":[{"@type":"ReadAction","target":["https:\/\/tajkertesz.com\/termek\/vaccinium-corymbosum-nelson-magasbokru-kek-afonya\/"]}]},{"@type":"ImageObject","inLanguage":"en-US","@id":"https:\/\/tajkertesz.com\/termek\/vaccinium-corymbosum-nelson-magasbokru-kek-afonya\/#primaryimage","url":"https:\/\/tajkertesz.com\/wp-content\/uploads\/2021\/05\/blueberry-vaccinium-nelson-9cm-p3876-30384_image.jpg","contentUrl":"https:\/\/tajkertesz.com\/wp-content\/uploads\/2021\/05\/blueberry-vaccinium-nelson-9cm-p3876-30384_image.jpg","width":568,"height":558},{"@type":"BreadcrumbList","@id":"https:\/\/tajkertesz.com\/termek\/vaccinium-corymbosum-nelson-magasbokru-kek-afonya\/#breadcrumb","itemListElement":[{"@type":"ListItem","position":1,"name":"Home","item":"https:\/\/tajkertesz.com\/"},{"@type":"ListItem","position":2,"name":"Kezd\u0151lap","item":"https:\/\/tajkertesz.com\/"},{"@type":"ListItem","position":3,"name":"Vaccinium corymbosum &#8216;Nelson&#8217; \u2013 Magasbokr\u00fa k\u00e9k \u00e1fonya"}]},{"@type":"WebSite","@id":"https:\/\/tajkertesz.com\/#website","url":"https:\/\/tajkertesz.com\/","name":"T\u00e1j-Kert\u00e9sz 84 Kft.","description":"Kert\u00e9szeti kis- \u00e9s nagykeresked\u00e9s, D\u00edszn\u00f6v\u00e9ny web\u00e1ruh\u00e1z orsz\u00e1gos h\u00e1zhozsz\u00e1ll\u00edt\u00e1ssal!","publisher":{"@id":"https:\/\/tajkertesz.com\/#organization"},"potentialAction":[{"@type":"SearchAction","target":{"@type":"EntryPoint","urlTemplate":"https:\/\/tajkertesz.com\/?s={search_term_string}"},"query-input":{"@type":"PropertyValueSpecification","valueRequired":true,"valueName":"search_term_string"}}],"inLanguage":"en-US"},{"@type":"Organization","@id":"https:\/\/tajkertesz.com\/#organization","name":"T\u00e1j-Kert\u00e9sz 84 Kft.","url":"https:\/\/tajkertesz.com\/","logo":{"@type":"ImageObject","inLanguage":"en-US","@id":"https:\/\/tajkertesz.com\/#\/schema\/logo\/image\/","url":"https:\/\/tajkertesz.com\/wp-content\/uploads\/2018\/02\/logo-2-e1518678052539.png","contentUrl":"https:\/\/tajkertesz.com\/wp-content\/uploads\/2018\/02\/logo-2-e1518678052539.png","width":81,"height":140,"caption":"T\u00e1j-Kert\u00e9sz 84 Kft."},"image":{"@id":"https:\/\/tajkertesz.com\/#\/schema\/logo\/image\/"},"sameAs":["https:\/\/www.facebook.com\/Tajkertesz\/"]}]}},"_links":{"self":[{"href":"https:\/\/tajkertesz.com\/en_US\/wp-json\/wp\/v2\/product\/5333","targetHints":{"allow":["GET"]}}],"collection":[{"href":"https:\/\/tajkertesz.com\/en_US\/wp-json\/wp\/v2\/product"}],"about":[{"href":"https:\/\/tajkertesz.com\/en_US\/wp-json\/wp\/v2\/types\/product"}],"wp:featuredmedia":[{"embeddable":true,"href":"https:\/\/tajkertesz.com\/en_US\/wp-json\/wp\/v2\/media\/5334"}],"wp:attachment":[{"href":"https:\/\/tajkertesz.com\/en_US\/wp-json\/wp\/v2\/media?parent=5333"}],"wp:term":[{"taxonomy":"product_brand","embeddable":true,"href":"https:\/\/tajkertesz.com\/en_US\/wp-json\/wp\/v2\/product_brand?post=5333"},{"taxonomy":"product_cat","embeddable":true,"href":"https:\/\/tajkertesz.com\/en_US\/wp-json\/wp\/v2\/product_cat?post=5333"},{"taxonomy":"product_tag","embeddable":true,"href":"https:\/\/tajkertesz.com\/en_US\/wp-json\/wp\/v2\/product_tag?post=5333"}],"curies":[{"name":"wp","href":"https:\/\/api.w.org\/{rel}","templated":true}]}}