{"id":5358,"date":"2021-05-25T10:21:48","date_gmt":"2021-05-25T10:21:48","guid":{"rendered":"https:\/\/tajkertesz.com\/?post_type=product&#038;p=5358"},"modified":"2026-02-21T13:38:46","modified_gmt":"2026-02-21T13:38:46","slug":"ribes-rubrum-blanka-feher-ribizli","status":"publish","type":"product","link":"https:\/\/tajkertesz.com\/en_US\/product\/ribes-rubrum-blanka-feher-ribizli\/","title":{"rendered":"Ribes rubrum &#8216;Blanka&#8217; &#8211; Feh\u00e9r ribizli"},"content":{"rendered":"<h3>Ribes rubrum &#8216;Blanka&#8217; &#8211; Feh\u00e9r ribizli<\/h3>\n<p>Ribes rubrum &#8216;Blanka&#8217; &#8211; Feh\u00e9r ribizli Nagyon b\u0151ven term\u0151, feh\u00e9r sz\u00edn\u0171 ribizli fajta. Bogy\u00f3i j\u00falius m\u00e1sodik fel\u00e9ben \u00e9rnek, arom\u00e1s, kit\u0171n\u0151 \u00edz\u0171ek.<\/p>\n<p>Jelen term\u00e9k\u00fcnk 2 literes cser\u00e9pben \u00e9s kb: 20cm magas.<\/p>\n<p style=\"line-height: 18.0pt; background: white; margin: 0cm 0cm 15.0pt 0cm;\"><span style=\"font-family: Ubuntu, serif; color: black;\">El\u00e9rhet\u0151 t\u00f6bbf\u00e9le m\u00e9retben \u00e9s \u00e1rban.<\/span><\/p>\n<p style=\"line-height: 18.0pt; background: white; margin: 0cm 0cm 15.0pt 0cm;\"><b><span style=\"font-family: 'Ubuntu',serif; color: black;\">K\u00e9szlet\u00fcnk napi szinten v\u00e1ltozik, ez\u00e9rt k\u00e9rj\u00fck, \u00e9rdekl\u0151dj\u00f6n szem\u00e9lyesen, telefonon vagy email-en.<br \/>\nA v\u00e1ltoztat\u00e1s jog\u00e1t fenntartjuk!\u00a0<\/span><\/b><\/p>\n<p><a href=\"https:\/\/tajkertesz.com\/\">https:\/\/tajkertesz.com\/<\/a><\/p>\n<p><a href=\"https:\/\/www.facebook.com\/tajkertesz\">https:\/\/www.facebook.com\/tajkertesz<\/a><\/p>\n<p>Sz\u00e1ll\u00edt\u00e1s 200 cm \u00e9s 40 kg is fut\u00e1rszolg\u00e1lattal lehets\u00e9ges, ezen m\u00e9retek felett egyedi sz\u00e1ll\u00edt\u00e1si felt\u00e9tel egyeztet\u00e9se sz\u00fcks\u00e9ges.<\/p>\n<h6><span style=\"color: #ffffff;\">A gy\u00f3gy\u00edt\u00f3 ribizli\u00a0 A ribizli t\u00f6bb mint 80%-a v\u00edz.\u00a0 Gazdag \u00e1sv\u00e1nyi anyagokban (vas, foszfor, k\u00e1lium, magn\u00e9zium) \u00e9s vitamintartalma (B, C, P) is jelent\u0151s.\u00a0 Pektintartalma r\u00e9v\u00e9n tiszt\u00edtja az \u00e9rfalat, szab\u00e1lyozza a v\u00e9rcukorszintet, gyors\u00edtja az em\u00e9szt\u00e9st.\u00a0 A piros ribizli \u00e9tv\u00e1gyjav\u00edt\u00f3, em\u00e9szt\u00e9st el\u0151seg\u00edt\u0151, enyh\u00e9n hashajt\u00f3 hat\u00e1s\u00fa.\u00a0 Serkenti a h\u00fagysav lebont\u00e1s\u00e1t: hat\u00e1sos egyes vesebetegs\u00e9gek \u00e9s reumatikus panaszok eset\u00e9n. M\u00e9regtelen\u00edti a szervezetet. Hat\u00f3anyagai antibakteri\u00e1lis hat\u00e1ssal b\u00edrnak.\u00a0Serkenti a m\u00e1j m\u0171k\u00f6d\u00e9s\u00e9t, nyugtatja a gyomrot.\u00a0 A csipkebogy\u00f3 ut\u00e1n a feketeribizli tartalmazza a m\u00e9rs\u00e9kelt \u00e9g\u00f6vi gy\u00fcm\u00f6lcs\u00f6k k\u00f6z\u00fcl a legt\u00f6bb C-vitamint. A fekete sz\u00edn\u00e9rt is felel\u0151s antoci\u00e1njai hat\u00e9kony antioxid\u00e1nsok: megakad\u00e1lyozz\u00e1k a gyullad\u00e1sokat, cs\u00f6kkentik az arthritis t\u00fcneteit. Hat\u00e1sos lehet r\u00e1kbetegs\u00e9g megel\u0151z\u00e9s\u00e9ben illetve kezel\u00e9s\u00e9ben. H\u0151- \u00e9s f\u00e9ny\u00e9rz\u00e9keny vegy\u00fcletekr\u0151l van sz\u00f3: hat\u00e1sukat legink\u00e1bb nyersen fejtik ki.\u00a0\u00a0Gazdag \u00e1sv\u00e1nyi anyagokban \u00e9s hasznos zs\u00edrsavakban (linol\u00e9nsavak, els\u0151sorban a gamma-linol\u00e9nsav, amelynek gyakorlatilag a feketeribizli az egyetlen term\u00e9szetes forr\u00e1sa).<\/span><\/h6>","protected":false},"excerpt":{"rendered":"<p>Ribes rubrum &#8216;Blanka&#8217; &#8211; Feh\u00e9r ribizli<\/p>\n<p>Ribes rubrum &#8216;Blanka&#8217; &#8211; Feh\u00e9r ribizli Nagyon b\u0151ven term\u0151, feh\u00e9r sz\u00edn\u0171 ribizli fajta. Bogy\u00f3i j\u00falius m\u00e1sodik fel\u00e9ben \u00e9rnek, arom\u00e1s, kit\u0171n\u0151 \u00edz\u0171ek.<\/p>\n<p>Jelen term\u00e9k\u00fcnk 2 literes cser\u00e9pben \u00e9s kb: 20cm magas.<\/p>\n<p>&nbsp;<\/p>","protected":false},"featured_media":5359,"template":"","meta":{"_et_pb_use_builder":"","_et_pb_old_content":"","_et_gb_content_width":""},"product_brand":[],"product_cat":[29],"product_tag":[1615],"class_list":{"0":"post-5358","1":"product","2":"type-product","3":"status-publish","4":"has-post-thumbnail","6":"product_cat-gyumolcsfak-gyumolcstermo-novenyek","7":"product_tag-ribes-rubrum-blanka-feher-ribizli","9":"first","10":"instock","11":"shipping-taxable","12":"purchasable","13":"product-type-simple"},"yoast_head":"<!-- This site is optimized with the Yoast SEO plugin v27.3 - https:\/\/yoast.com\/product\/yoast-seo-wordpress\/ -->\n<title>Ribes rubrum &#039;Blanka&#039; - Feh\u00e9r ribizli - T\u00e1jkert\u00e9sz<\/title>\n<meta name=\"description\" content=\"Ribes rubrum &#039;Blanka&#039; - Feh\u00e9r ribizli Nagyon b\u0151ven term\u0151, feh\u00e9r sz\u00edn\u0171 ribizli fajta. Bogy\u00f3i j\u00falius m\u00e1sodik fel\u00e9ben \u00e9rnek, arom\u00e1s, kit\u0171n\u0151 \u00edz\u0171ek.\" \/>\n<meta name=\"robots\" content=\"index, follow, max-snippet:-1, max-image-preview:large, max-video-preview:-1\" \/>\n<link rel=\"canonical\" href=\"https:\/\/tajkertesz.com\/en_US\/product\/ribes-rubrum-blanka-feher-ribizli\/\" \/>\n<meta property=\"og:locale\" content=\"en_US\" \/>\n<meta property=\"og:type\" content=\"article\" \/>\n<meta property=\"og:title\" content=\"Ribes rubrum &#039;Blanka&#039; - Feh\u00e9r ribizli - T\u00e1jkert\u00e9sz\" \/>\n<meta property=\"og:description\" content=\"Ribes rubrum &#039;Blanka&#039; - Feh\u00e9r ribizli Nagyon b\u0151ven term\u0151, feh\u00e9r sz\u00edn\u0171 ribizli fajta. Bogy\u00f3i j\u00falius m\u00e1sodik fel\u00e9ben \u00e9rnek, arom\u00e1s, kit\u0171n\u0151 \u00edz\u0171ek.\" \/>\n<meta property=\"og:url\" content=\"https:\/\/tajkertesz.com\/en_US\/product\/ribes-rubrum-blanka-feher-ribizli\/\" \/>\n<meta property=\"og:site_name\" content=\"T\u00e1jkert\u00e9sz\" \/>\n<meta property=\"article:publisher\" content=\"https:\/\/www.facebook.com\/Tajkertesz\/\" \/>\n<meta property=\"article:modified_time\" content=\"2026-02-21T13:38:46+00:00\" \/>\n<meta property=\"og:image\" content=\"https:\/\/tajkertesz.com\/wp-content\/uploads\/2021\/05\/Whitecurrant_Blanka.jpg\" \/>\n\t<meta property=\"og:image:width\" content=\"428\" \/>\n\t<meta property=\"og:image:height\" content=\"461\" \/>\n\t<meta property=\"og:image:type\" content=\"image\/jpeg\" \/>\n<meta name=\"twitter:card\" content=\"summary_large_image\" \/>\n<meta name=\"twitter:label1\" content=\"Est. reading time\" \/>\n\t<meta name=\"twitter:data1\" content=\"2 minutes\" \/>\n<script type=\"application\/ld+json\" class=\"yoast-schema-graph\">{\"@context\":\"https:\\\/\\\/schema.org\",\"@graph\":[{\"@type\":\"WebPage\",\"@id\":\"https:\\\/\\\/tajkertesz.com\\\/termek\\\/ribes-rubrum-blanka-feher-ribizli\\\/\",\"url\":\"https:\\\/\\\/tajkertesz.com\\\/termek\\\/ribes-rubrum-blanka-feher-ribizli\\\/\",\"name\":\"Ribes rubrum 'Blanka' - Feh\u00e9r ribizli - T\u00e1jkert\u00e9sz\",\"isPartOf\":{\"@id\":\"https:\\\/\\\/tajkertesz.com\\\/#website\"},\"primaryImageOfPage\":{\"@id\":\"https:\\\/\\\/tajkertesz.com\\\/termek\\\/ribes-rubrum-blanka-feher-ribizli\\\/#primaryimage\"},\"image\":{\"@id\":\"https:\\\/\\\/tajkertesz.com\\\/termek\\\/ribes-rubrum-blanka-feher-ribizli\\\/#primaryimage\"},\"thumbnailUrl\":\"https:\\\/\\\/tajkertesz.com\\\/wp-content\\\/uploads\\\/2021\\\/05\\\/Whitecurrant_Blanka.jpg\",\"datePublished\":\"2021-05-25T10:21:48+00:00\",\"dateModified\":\"2026-02-21T13:38:46+00:00\",\"description\":\"Ribes rubrum 'Blanka' - Feh\u00e9r ribizli Nagyon b\u0151ven term\u0151, feh\u00e9r sz\u00edn\u0171 ribizli fajta. Bogy\u00f3i j\u00falius m\u00e1sodik fel\u00e9ben \u00e9rnek, arom\u00e1s, kit\u0171n\u0151 \u00edz\u0171ek.\",\"breadcrumb\":{\"@id\":\"https:\\\/\\\/tajkertesz.com\\\/termek\\\/ribes-rubrum-blanka-feher-ribizli\\\/#breadcrumb\"},\"inLanguage\":\"en-US\",\"potentialAction\":[{\"@type\":\"ReadAction\",\"target\":[\"https:\\\/\\\/tajkertesz.com\\\/termek\\\/ribes-rubrum-blanka-feher-ribizli\\\/\"]}]},{\"@type\":\"ImageObject\",\"inLanguage\":\"en-US\",\"@id\":\"https:\\\/\\\/tajkertesz.com\\\/termek\\\/ribes-rubrum-blanka-feher-ribizli\\\/#primaryimage\",\"url\":\"https:\\\/\\\/tajkertesz.com\\\/wp-content\\\/uploads\\\/2021\\\/05\\\/Whitecurrant_Blanka.jpg\",\"contentUrl\":\"https:\\\/\\\/tajkertesz.com\\\/wp-content\\\/uploads\\\/2021\\\/05\\\/Whitecurrant_Blanka.jpg\",\"width\":428,\"height\":461},{\"@type\":\"BreadcrumbList\",\"@id\":\"https:\\\/\\\/tajkertesz.com\\\/termek\\\/ribes-rubrum-blanka-feher-ribizli\\\/#breadcrumb\",\"itemListElement\":[{\"@type\":\"ListItem\",\"position\":1,\"name\":\"Home\",\"item\":\"https:\\\/\\\/tajkertesz.com\\\/\"},{\"@type\":\"ListItem\",\"position\":2,\"name\":\"Kezd\u0151lap\",\"item\":\"https:\\\/\\\/tajkertesz.com\\\/\"},{\"@type\":\"ListItem\",\"position\":3,\"name\":\"Ribes rubrum &#8216;Blanka&#8217; &#8211; Feh\u00e9r ribizli\"}]},{\"@type\":\"WebSite\",\"@id\":\"https:\\\/\\\/tajkertesz.com\\\/#website\",\"url\":\"https:\\\/\\\/tajkertesz.com\\\/\",\"name\":\"T\u00e1j-Kert\u00e9sz 84 Kft.\",\"description\":\"Kert\u00e9szeti kis- \u00e9s nagykeresked\u00e9s, D\u00edszn\u00f6v\u00e9ny web\u00e1ruh\u00e1z orsz\u00e1gos h\u00e1zhozsz\u00e1ll\u00edt\u00e1ssal!\",\"publisher\":{\"@id\":\"https:\\\/\\\/tajkertesz.com\\\/#organization\"},\"potentialAction\":[{\"@type\":\"SearchAction\",\"target\":{\"@type\":\"EntryPoint\",\"urlTemplate\":\"https:\\\/\\\/tajkertesz.com\\\/?s={search_term_string}\"},\"query-input\":{\"@type\":\"PropertyValueSpecification\",\"valueRequired\":true,\"valueName\":\"search_term_string\"}}],\"inLanguage\":\"en-US\"},{\"@type\":\"Organization\",\"@id\":\"https:\\\/\\\/tajkertesz.com\\\/#organization\",\"name\":\"T\u00e1j-Kert\u00e9sz 84 Kft.\",\"url\":\"https:\\\/\\\/tajkertesz.com\\\/\",\"logo\":{\"@type\":\"ImageObject\",\"inLanguage\":\"en-US\",\"@id\":\"https:\\\/\\\/tajkertesz.com\\\/#\\\/schema\\\/logo\\\/image\\\/\",\"url\":\"https:\\\/\\\/tajkertesz.com\\\/wp-content\\\/uploads\\\/2018\\\/02\\\/logo-2-e1518678052539.png\",\"contentUrl\":\"https:\\\/\\\/tajkertesz.com\\\/wp-content\\\/uploads\\\/2018\\\/02\\\/logo-2-e1518678052539.png\",\"width\":81,\"height\":140,\"caption\":\"T\u00e1j-Kert\u00e9sz 84 Kft.\"},\"image\":{\"@id\":\"https:\\\/\\\/tajkertesz.com\\\/#\\\/schema\\\/logo\\\/image\\\/\"},\"sameAs\":[\"https:\\\/\\\/www.facebook.com\\\/Tajkertesz\\\/\"]}]}<\/script>\n<!-- \/ Yoast SEO plugin. -->","yoast_head_json":{"title":"Ribes rubrum 'Blanka' - Feh\u00e9r ribizli - T\u00e1jkert\u00e9sz","description":"Ribes rubrum 'Blanka' - Feh\u00e9r ribizli Nagyon b\u0151ven term\u0151, feh\u00e9r sz\u00edn\u0171 ribizli fajta. Bogy\u00f3i j\u00falius m\u00e1sodik fel\u00e9ben \u00e9rnek, arom\u00e1s, kit\u0171n\u0151 \u00edz\u0171ek.","robots":{"index":"index","follow":"follow","max-snippet":"max-snippet:-1","max-image-preview":"max-image-preview:large","max-video-preview":"max-video-preview:-1"},"canonical":"https:\/\/tajkertesz.com\/en_US\/product\/ribes-rubrum-blanka-feher-ribizli\/","og_locale":"en_US","og_type":"article","og_title":"Ribes rubrum 'Blanka' - Feh\u00e9r ribizli - T\u00e1jkert\u00e9sz","og_description":"Ribes rubrum 'Blanka' - Feh\u00e9r ribizli Nagyon b\u0151ven term\u0151, feh\u00e9r sz\u00edn\u0171 ribizli fajta. Bogy\u00f3i j\u00falius m\u00e1sodik fel\u00e9ben \u00e9rnek, arom\u00e1s, kit\u0171n\u0151 \u00edz\u0171ek.","og_url":"https:\/\/tajkertesz.com\/en_US\/product\/ribes-rubrum-blanka-feher-ribizli\/","og_site_name":"T\u00e1jkert\u00e9sz","article_publisher":"https:\/\/www.facebook.com\/Tajkertesz\/","article_modified_time":"2026-02-21T13:38:46+00:00","og_image":[{"width":428,"height":461,"url":"https:\/\/tajkertesz.com\/wp-content\/uploads\/2021\/05\/Whitecurrant_Blanka.jpg","type":"image\/jpeg"}],"twitter_card":"summary_large_image","twitter_misc":{"Est. reading time":"2 minutes"},"schema":{"@context":"https:\/\/schema.org","@graph":[{"@type":"WebPage","@id":"https:\/\/tajkertesz.com\/termek\/ribes-rubrum-blanka-feher-ribizli\/","url":"https:\/\/tajkertesz.com\/termek\/ribes-rubrum-blanka-feher-ribizli\/","name":"Ribes rubrum 'Blanka' - Feh\u00e9r ribizli - T\u00e1jkert\u00e9sz","isPartOf":{"@id":"https:\/\/tajkertesz.com\/#website"},"primaryImageOfPage":{"@id":"https:\/\/tajkertesz.com\/termek\/ribes-rubrum-blanka-feher-ribizli\/#primaryimage"},"image":{"@id":"https:\/\/tajkertesz.com\/termek\/ribes-rubrum-blanka-feher-ribizli\/#primaryimage"},"thumbnailUrl":"https:\/\/tajkertesz.com\/wp-content\/uploads\/2021\/05\/Whitecurrant_Blanka.jpg","datePublished":"2021-05-25T10:21:48+00:00","dateModified":"2026-02-21T13:38:46+00:00","description":"Ribes rubrum 'Blanka' - Feh\u00e9r ribizli Nagyon b\u0151ven term\u0151, feh\u00e9r sz\u00edn\u0171 ribizli fajta. Bogy\u00f3i j\u00falius m\u00e1sodik fel\u00e9ben \u00e9rnek, arom\u00e1s, kit\u0171n\u0151 \u00edz\u0171ek.","breadcrumb":{"@id":"https:\/\/tajkertesz.com\/termek\/ribes-rubrum-blanka-feher-ribizli\/#breadcrumb"},"inLanguage":"en-US","potentialAction":[{"@type":"ReadAction","target":["https:\/\/tajkertesz.com\/termek\/ribes-rubrum-blanka-feher-ribizli\/"]}]},{"@type":"ImageObject","inLanguage":"en-US","@id":"https:\/\/tajkertesz.com\/termek\/ribes-rubrum-blanka-feher-ribizli\/#primaryimage","url":"https:\/\/tajkertesz.com\/wp-content\/uploads\/2021\/05\/Whitecurrant_Blanka.jpg","contentUrl":"https:\/\/tajkertesz.com\/wp-content\/uploads\/2021\/05\/Whitecurrant_Blanka.jpg","width":428,"height":461},{"@type":"BreadcrumbList","@id":"https:\/\/tajkertesz.com\/termek\/ribes-rubrum-blanka-feher-ribizli\/#breadcrumb","itemListElement":[{"@type":"ListItem","position":1,"name":"Home","item":"https:\/\/tajkertesz.com\/"},{"@type":"ListItem","position":2,"name":"Kezd\u0151lap","item":"https:\/\/tajkertesz.com\/"},{"@type":"ListItem","position":3,"name":"Ribes rubrum &#8216;Blanka&#8217; &#8211; Feh\u00e9r ribizli"}]},{"@type":"WebSite","@id":"https:\/\/tajkertesz.com\/#website","url":"https:\/\/tajkertesz.com\/","name":"T\u00e1j-Kert\u00e9sz 84 Kft.","description":"Kert\u00e9szeti kis- \u00e9s nagykeresked\u00e9s, D\u00edszn\u00f6v\u00e9ny web\u00e1ruh\u00e1z orsz\u00e1gos h\u00e1zhozsz\u00e1ll\u00edt\u00e1ssal!","publisher":{"@id":"https:\/\/tajkertesz.com\/#organization"},"potentialAction":[{"@type":"SearchAction","target":{"@type":"EntryPoint","urlTemplate":"https:\/\/tajkertesz.com\/?s={search_term_string}"},"query-input":{"@type":"PropertyValueSpecification","valueRequired":true,"valueName":"search_term_string"}}],"inLanguage":"en-US"},{"@type":"Organization","@id":"https:\/\/tajkertesz.com\/#organization","name":"T\u00e1j-Kert\u00e9sz 84 Kft.","url":"https:\/\/tajkertesz.com\/","logo":{"@type":"ImageObject","inLanguage":"en-US","@id":"https:\/\/tajkertesz.com\/#\/schema\/logo\/image\/","url":"https:\/\/tajkertesz.com\/wp-content\/uploads\/2018\/02\/logo-2-e1518678052539.png","contentUrl":"https:\/\/tajkertesz.com\/wp-content\/uploads\/2018\/02\/logo-2-e1518678052539.png","width":81,"height":140,"caption":"T\u00e1j-Kert\u00e9sz 84 Kft."},"image":{"@id":"https:\/\/tajkertesz.com\/#\/schema\/logo\/image\/"},"sameAs":["https:\/\/www.facebook.com\/Tajkertesz\/"]}]}},"_links":{"self":[{"href":"https:\/\/tajkertesz.com\/en_US\/wp-json\/wp\/v2\/product\/5358","targetHints":{"allow":["GET"]}}],"collection":[{"href":"https:\/\/tajkertesz.com\/en_US\/wp-json\/wp\/v2\/product"}],"about":[{"href":"https:\/\/tajkertesz.com\/en_US\/wp-json\/wp\/v2\/types\/product"}],"wp:featuredmedia":[{"embeddable":true,"href":"https:\/\/tajkertesz.com\/en_US\/wp-json\/wp\/v2\/media\/5359"}],"wp:attachment":[{"href":"https:\/\/tajkertesz.com\/en_US\/wp-json\/wp\/v2\/media?parent=5358"}],"wp:term":[{"taxonomy":"product_brand","embeddable":true,"href":"https:\/\/tajkertesz.com\/en_US\/wp-json\/wp\/v2\/product_brand?post=5358"},{"taxonomy":"product_cat","embeddable":true,"href":"https:\/\/tajkertesz.com\/en_US\/wp-json\/wp\/v2\/product_cat?post=5358"},{"taxonomy":"product_tag","embeddable":true,"href":"https:\/\/tajkertesz.com\/en_US\/wp-json\/wp\/v2\/product_tag?post=5358"}],"curies":[{"name":"wp","href":"https:\/\/api.w.org\/{rel}","templated":true}]}}