{"id":5478,"date":"2021-05-26T08:19:51","date_gmt":"2021-05-26T08:19:51","guid":{"rendered":"https:\/\/tajkertesz.com\/?post_type=product&#038;p=5478"},"modified":"2026-02-17T07:55:36","modified_gmt":"2026-02-17T07:55:36","slug":"weitech-ultrahangos-szunyogriaszto-50m2-elemmel-mukodik-kulteri","status":"publish","type":"product","link":"https:\/\/tajkertesz.com\/en_US\/product\/weitech-ultrahangos-szunyogriaszto-50m2-elemmel-mukodik-kulteri\/","title":{"rendered":"Weitech Ultrahangos sz\u00fanyogriaszt\u00f3 50m2\/ elemmel m\u0171k\u00f6dik, k\u00fclt\u00e9ri"},"content":{"rendered":"<div class=\"artdet__name-rating d-none d-lg-block\">\n<div class=\"row gutters-5\">\n<div class=\"col\">\n<div class=\"artdet__name-pagination-wrap d-flex\">\n<div class=\"top product-page-top\">\n<div class=\"center product-page-center\">\n<div class=\"artdet__name-pagination-wrap d-flex\">\n<div class=\"summary entry-summary\">\n<div class=\"elementor-column elementor-col-50 elementor-inner-column elementor-element elementor-element-072daa9\" data-id=\"072daa9\" data-element_type=\"column\">\n<div class=\"elementor-widget-wrap elementor-element-populated\">\n<div class=\"elementor-element elementor-element-54ae97b elementor-widget__width-auto elementor-widget elementor-widget-jet-single-title\" data-id=\"54ae97b\" data-element_type=\"widget\" data-widget_type=\"jet-single-title.default\">\n<div class=\"elementor-widget-container\">\n<div class=\"elementor-jet-single-title jet-woo-builder\">\n<h2>Ultrahangos sz\u00fanyogriaszt\u00f3 50m2\/ elemmel m\u0171k\u00f6dik, k\u00fclt\u00e9ri<\/h2>\n<p>Ultrahangos sz\u00fanyogriaszt\u00f3 50m2\/ elemmel m\u0171k\u00f6dik, k\u00fclt\u00e9ri<\/p>\n<p>Haszn\u00e1lat: Egyszer\u0171en helyezz\u00fck a k\u00e9sz\u00fcl\u00e9ket \u00fagy el, hogy min\u00e9l k\u00f6nnyebben terjedjen az ultrahang.<br \/>\nA k\u00e9sz\u00fcl\u00e9k a f\u00f6lddel p\u00e1rhuzamos ir\u00e1nyba n\u00e9zzen.<br \/>\nNe helyezzen el\u00e9 semmilyen t\u00e1rgyat, hogy az ultrahang terjed\u00e9se min\u00e9l k\u00f6nnyebben biztos\u00edtva legyen.<br \/>\nA legjobb eredm\u00e9ny \u00e9rdek\u00e9ben helyezzen el k\u00fcl\u00f6n k\u00e9sz\u00fcl\u00e9keket az egym\u00e1s melleti helyis\u00e9gekben.<br \/>\nA riaszt\u00f3k egy l\u00e9gt\u00e9rben fejtik ki hat\u00e1sukat 100%-osan, ez\u00e9rt ah\u00e1ny helys\u00e9get szeretne lev\u00e9deni, annyi k\u00e9sz\u00fcl\u00e9kre van sz\u00fcks\u00e9g.<\/p>\n<p>&nbsp;<\/p>\n<\/div>\n<\/div>\n<\/div>\n<\/div>\n<\/div>\n<\/div>\n<\/div>\n<\/div>\n<\/div>\n<\/div>\n<\/div>\n<\/div>\n<\/div>\n<div><a href=\"https:\/\/www.facebook.com\/tajkertesz\">https:\/\/www.facebook.com\/tajkertesz<\/a><\/div>\n<div>\n<p><a href=\"https:\/\/tajkertesz.com\/\">https:\/\/tajkertesz.com\/<\/a><\/p>\n<\/div>\n<p>&nbsp;<\/p>\n<p><span style=\"color: #ffffff;\">Elengedhetetlen fontoss\u00e1g\u00fa annak ismerete, hogy melyik\u00a0<i>rovarriaszt\u00f3<\/i>\u00a0term\u00e9kek kisz\u00e1m\u00edthat\u00f3k \u00e9s tart\u00f3s v\u00e9delmet ny\u00fajtanak. K\u00f6zel 100%-os v\u00e9delem \u00e9rhet\u0151 el, ha hosszabb hat\u00e1startam\u00fa rovar\u0171z\u0151 szereket c\u00e9lszer\u0171 haszn\u00e1lunk, kombin\u00e1lva\u00a0<i>permetrinnel<\/i> kezelt ruh\u00e1zattal. Ugyanolyan szem\u00e9lyi v\u00e9delmi int\u00e9zked\u00e9seket kell foganatos\u00edtani kullancsok \u00e9s cs\u00edp\u0151s rovarok, legyek eset\u00e9ben, mint a sz\u00fanyogokn\u00e1l, mert ezek az \u00e9l\u0151sk\u00f6d\u0151k is tov\u00e1bb\u00edtja a Lyme-k\u00f3rt, kullancsencephalitist, visszat\u00e9r\u0151 l\u00e1zt, t\u00edfuszt, leishmaniasist, onchocerciasist, trypanosomiasist, \u00e9s sz\u00e1mos m\u00e1s tr\u00f3pusi \u00e9s fert\u0151z\u0151 betegs\u00e9geket.<\/span><\/p>\n<p><span style=\"color: #ffffff;\">A\u00a0<b>permetrin:<\/b><\/span><\/p>\n<p><span style=\"color: #ffffff;\">a piretroidok k\u00f6z\u00e9 tartoz\u00f3 rovar- \u00e9s atkairt\u00f3 hat\u00f3anyag, amelyet tet\u0171- \u00e9s bolhairt\u00f3k\u00e9nt a hum\u00e1n- \u00e9s \u00e1llatgy\u00f3gy\u00e1szatban, biocidk\u00e9nt pedig \u00e1ltal\u00e1nos rovarirt\u00f3szerekben alkalmaznak. K\u00f6rnyezetk\u00e1ros\u00edt\u00f3 hat\u00e1sa miatt 2003 \u00f3ta az Eur\u00f3pai Uni\u00f3ban nem haszn\u00e1lhat\u00f3 n\u00f6v\u00e9nyv\u00e9d\u0151szerk\u00e9nt. Az \u0151szi margitvir\u00e1gban tal\u00e1lhat\u00f3 term\u00e9szetes rovar\u00f6l\u0151 anyag alapj\u00e1n fejlesztett\u00e9k ki, m<\/span><\/p>\n<p><span style=\"color: #ffffff;\">ajd kezdt\u00e9kBEMUTAT\u00d3 DISPLAY<br \/>\nMR-300G 12-12<br \/>\nOliv\u00f6ld hordoszhat\u00f3 berendez\u00e9s<br \/>\n\u00e9s 48-r\u00e1s ut\u00e1nt\u00f6lt\u0151<br \/>\n12 db MR300G, 12 db R-4<br \/>\nMR-9W 6-12<br \/>\nTeraszl\u00e1mpa \u00e9s 48-\u00f3r\u00e1s<br \/>\nut\u00e1nt\u00f6lt\u0151<br \/>\n6 db MR-9W, 12 db R-4<br \/>\nA Thermacell bemutat\u00f3 display a<br \/>\nleghat\u00e9konyabb sz\u00fanyogok elleni<br \/>\nv\u00e9delmet mutatja be 40 cm (sz) x<br \/>\n60 cm (v) \u00e9s 170 cm magas fel\u00fcleten<br \/>\nezzel biztos\u00edtja az ide\u00e1lis elhelyez\u00e9s<br \/>\n\u00e9s bemutat\u00e1s lehet\u0151s\u00e9g\u00e9t. el ipari gy\u00e1rt\u00e1s\u00e1t.<\/span><\/p>\n<p><b>K\u00e9szlet\u00fcnk napi szinten v\u00e1ltozik, ez\u00e9rt k\u00e9rj\u00fck, \u00e9rdekl\u0151dj\u00f6n szem\u00e9lyesen, telefonon vagy email-en.<br \/>\nA v\u00e1ltoztat\u00e1s jog\u00e1t fenntartjuk!\u00a0<\/b><\/p>","protected":false},"excerpt":{"rendered":"<div class=\"artdet__name-rating d-none d-lg-block\">\n<div class=\"row gutters-5\">\n<div class=\"col\">\n<div class=\"artdet__name-rating d-none d-lg-block\">\n<div class=\"row gutters-5\">\n<div class=\"col\">\n<div class=\"artdet__name-rating d-none d-lg-block\">\n<div class=\"row gutters-5\">\n<div class=\"col\">\n<div class=\"artdet__name-rating d-none d-lg-block\">\n<div class=\"row gutters-5\">\n<div class=\"col\">\n<div class=\"artdet__name-rating d-none d-lg-block\">\n<div class=\"row gutters-5\">\n<div class=\"col\">\n<div class=\"artdet__name-rating d-none d-lg-block\">\n<div class=\"row gutters-5\">\n<div class=\"col\">\n<div class=\"artdet__name-rating d-none d-lg-block\">\n<div class=\"row gutters-5\">\n<div class=\"col\">\n<div class=\"artdet__name-rating d-none d-lg-block\">\n<div class=\"row gutters-5\">\n<div class=\"col\">\n<div class=\"artdet__name-rating d-none d-lg-block\">\n<div class=\"row gutters-5\">\n<div class=\"col\">\n<div class=\"artdet__name-rating d-none d-lg-block\">\n<div class=\"row gutters-5\">\n<div class=\"col\">\n<div class=\"artdet__name-rating d-none d-lg-block\">\n<div class=\"row gutters-5\">\n<div class=\"col\">\n<div class=\"artdet__name-rating d-none d-lg-block\">\n<div class=\"row gutters-5\">\n<div class=\"col\">\n<div class=\"artdet__name-pagination-wrap d-flex\">\n<div class=\"artdet__name-pagination-wrap d-flex\">\n<div class=\"artdet__name-pagination-wrap d-flex\">\n<div class=\"artdet__name-pagination-wrap d-flex\">\n<div class=\"artdet__name-rating d-none d-lg-block\">\n<div class=\"row gutters-5\">\n<div class=\"col\">\n<div class=\"artdet__name-pagination-wrap d-flex\">\n<div class=\"artdet__name-pagination-wrap d-flex\">\n<div class=\"artdet__name-pagination-wrap d-flex\">\n<div class=\"top product-page-top\">\n<div class=\"center product-page-center\">\n<div class=\"elementor-column elementor-col-50 elementor-inner-column elementor-element elementor-element-072daa9\" data-id=\"072daa9\" data-element_type=\"column\">\n<div class=\"elementor-widget-wrap elementor-element-populated\">\n<div class=\"elementor-element elementor-element-54ae97b elementor-widget__width-auto elementor-widget elementor-widget-jet-single-title\" data-id=\"54ae97b\" data-element_type=\"widget\" data-widget_type=\"jet-single-title.default\">\n<div class=\"elementor-widget-container\">\n<div class=\"elementor-jet-single-title jet-woo-builder\">\n<div class=\"elementor-column elementor-col-50 elementor-inner-column elementor-element elementor-element-072daa9\" data-id=\"072daa9\" data-element_type=\"column\">\n<div class=\"elementor-widget-wrap elementor-element-populated\">\n<div class=\"elementor-element elementor-element-54ae97b elementor-widget__width-auto elementor-widget elementor-widget-jet-single-title\" data-id=\"54ae97b\" data-element_type=\"widget\" data-widget_type=\"jet-single-title.default\">\n<div class=\"elementor-widget-container\">\n<div class=\"elementor-jet-single-title jet-woo-builder\">\n<div class=\"elementor-column elementor-col-50 elementor-inner-column elementor-element elementor-element-072daa9\" data-id=\"072daa9\" data-element_type=\"column\">\n<div class=\"elementor-widget-wrap elementor-element-populated\">\n<div class=\"elementor-element elementor-element-54ae97b elementor-widget__width-auto elementor-widget elementor-widget-jet-single-title\" data-id=\"54ae97b\" data-element_type=\"widget\" data-widget_type=\"jet-single-title.default\">\n<div class=\"elementor-widget-container\">\n<div class=\"elementor-jet-single-title jet-woo-builder\">\n<div class=\"elementor-column elementor-col-50 elementor-inner-column elementor-element elementor-element-072daa9\" data-id=\"072daa9\" data-element_type=\"column\">\n<div class=\"elementor-widget-wrap elementor-element-populated\">\n<div class=\"elementor-element elementor-element-54ae97b elementor-widget__width-auto elementor-widget elementor-widget-jet-single-title\" data-id=\"54ae97b\" data-element_type=\"widget\" data-widget_type=\"jet-single-title.default\">\n<div class=\"elementor-widget-container\">\n<div class=\"elementor-jet-single-title jet-woo-builder\">\n<div class=\"elementor-column elementor-col-50 elementor-inner-column elementor-element elementor-element-072daa9\" data-id=\"072daa9\" data-element_type=\"column\">\n<div class=\"elementor-widget-wrap elementor-element-populated\">\n<div class=\"elementor-element elementor-element-54ae97b elementor-widget__width-auto elementor-widget elementor-widget-jet-single-title\" data-id=\"54ae97b\" data-element_type=\"widget\" data-widget_type=\"jet-single-title.default\">\n<div class=\"elementor-widget-container\">\n<div class=\"elementor-jet-single-title jet-woo-builder\">\n<div class=\"elementor-column elementor-col-50 elementor-inner-column elementor-element elementor-element-072daa9\" data-id=\"072daa9\" data-element_type=\"column\">\n<div class=\"elementor-widget-wrap elementor-element-populated\">\n<div class=\"elementor-element elementor-element-54ae97b elementor-widget__width-auto elementor-widget elementor-widget-jet-single-title\" data-id=\"54ae97b\" data-element_type=\"widget\" data-widget_type=\"jet-single-title.default\">\n<div class=\"elementor-widget-container\">\n<div class=\"elementor-jet-single-title jet-woo-builder\">\n<h2>Ultrahangos sz\u00fanyogriaszt\u00f3 50m2\/ elemmel m\u0171k\u00f6dik, k\u00fclt\u00e9ri<\/h2>\n<p>Haszn\u00e1lat: Egyszer\u0171en helyezz\u00fck a k\u00e9sz\u00fcl\u00e9ket \u00fagy el, hogy min\u00e9l k\u00f6nnyebben terjedjen az ultrahang.<br \/>\nA k\u00e9sz\u00fcl\u00e9k a f\u00f6lddel p\u00e1rhuzamos ir\u00e1nyba n\u00e9zzen.<br \/>\nNe helyezzen el\u00e9 semmilyen t\u00e1rgyat, hogy az ultrahang terjed\u00e9se min\u00e9l k\u00f6nnyebben biztos\u00edtva legyen.<br \/>\nA legjobb eredm\u00e9ny \u00e9rdek\u00e9ben helyezzen el k\u00fcl\u00f6n k\u00e9sz\u00fcl\u00e9keket az egym\u00e1s melleti helyis\u00e9gekben.<br \/>\nA riaszt\u00f3k egy l\u00e9gt\u00e9rben fejtik ki hat\u00e1sukat 100%-osan, ez\u00e9rt ah\u00e1ny helys\u00e9get szeretne lev\u00e9deni, annyi k\u00e9sz\u00fcl\u00e9kre van sz\u00fcks\u00e9g.<\/p>\n<\/div>\n<\/div>\n<\/div>\n<\/div>\n<\/div>\n<\/div>\n<\/div>\n<\/div>\n<\/div>\n<\/div>\n<\/div>\n<\/div>\n<\/div>\n<\/div>\n<\/div>\n<\/div>\n<\/div>\n<\/div>\n<\/div>\n<\/div>\n<\/div>\n<\/div>\n<\/div>\n<\/div>\n<\/div>\n<\/div>\n<\/div>\n<\/div>\n<\/div>\n<\/div>\n<\/div>\n<\/div>\n<\/div>\n<\/div>\n<\/div>\n<\/div>\n<\/div>\n<\/div>\n<\/div>\n<\/div>\n<\/div>\n<\/div>\n<\/div>\n<\/div>\n<\/div>\n<\/div>\n<\/div>\n<\/div>\n<\/div>\n<\/div>\n<\/div>\n<\/div>\n<\/div>\n<\/div>\n<\/div>\n<\/div>\n<\/div>\n<\/div>\n<\/div>\n<\/div>\n<\/div>\n<\/div>\n<\/div>\n<\/div>\n<\/div>\n<\/div>\n<\/div>\n<\/div>\n<\/div>\n<\/div>\n<\/div>\n<\/div>\n<\/div>\n<\/div>\n<\/div>\n<\/div>\n<\/div>\n<\/div>","protected":false},"featured_media":5480,"template":"","meta":{"_et_pb_use_builder":"","_et_pb_old_content":"","_et_gb_content_width":""},"product_brand":[],"product_cat":[4091],"product_tag":[1684,1683],"class_list":{"0":"post-5478","1":"product","2":"type-product","3":"status-publish","4":"has-post-thumbnail","6":"product_cat-egyeb-csapdak-riasztok","7":"product_tag-kulteri","8":"product_tag-ultrahangos-szunyogriaszto-50m2-elemmel-mukodik","10":"first","11":"instock","12":"shipping-taxable","13":"purchasable","14":"product-type-simple"},"yoast_head":"<!-- This site is optimized with the Yoast SEO plugin v27.4 - https:\/\/yoast.com\/product\/yoast-seo-wordpress\/ -->\n<title>Weitech Ultrahangos sz\u00fanyogriaszt\u00f3 50m2\/ elemmel m\u0171k\u00f6dik, k\u00fclt\u00e9ri - T\u00e1jkert\u00e9sz<\/title>\n<meta name=\"description\" content=\"Ultrahangos sz\u00fanyogriaszt\u00f3 50m2\/ elemmel m\u0171k\u00f6dik, k\u00fclt\u00e9ri Haszn\u00e1lat: Egyszer\u0171en helyezz\u00fck a k\u00e9sz\u00fcl\u00e9ket \u00fagy el, hogy\" \/>\n<meta name=\"robots\" content=\"index, follow, max-snippet:-1, max-image-preview:large, max-video-preview:-1\" \/>\n<link rel=\"canonical\" href=\"https:\/\/tajkertesz.com\/en_US\/product\/weitech-ultrahangos-szunyogriaszto-50m2-elemmel-mukodik-kulteri\/\" \/>\n<meta property=\"og:locale\" content=\"en_US\" \/>\n<meta property=\"og:type\" content=\"article\" \/>\n<meta property=\"og:title\" content=\"Weitech Ultrahangos sz\u00fanyogriaszt\u00f3 50m2\/ elemmel m\u0171k\u00f6dik, k\u00fclt\u00e9ri - T\u00e1jkert\u00e9sz\" \/>\n<meta property=\"og:description\" content=\"Ultrahangos sz\u00fanyogriaszt\u00f3 50m2\/ elemmel m\u0171k\u00f6dik, k\u00fclt\u00e9ri Haszn\u00e1lat: Egyszer\u0171en helyezz\u00fck a k\u00e9sz\u00fcl\u00e9ket \u00fagy el, hogy\" \/>\n<meta property=\"og:url\" content=\"https:\/\/tajkertesz.com\/en_US\/product\/weitech-ultrahangos-szunyogriaszto-50m2-elemmel-mukodik-kulteri\/\" \/>\n<meta property=\"og:site_name\" content=\"T\u00e1jkert\u00e9sz\" \/>\n<meta property=\"article:publisher\" content=\"https:\/\/www.facebook.com\/Tajkertesz\/\" \/>\n<meta property=\"article:modified_time\" content=\"2026-02-17T07:55:36+00:00\" \/>\n<meta property=\"og:image\" content=\"https:\/\/tajkertesz.com\/wp-content\/uploads\/2021\/05\/3c5c2b6e2986bb63a6d8a65f2c6eba1f-634x1024.jpg\" \/>\n\t<meta property=\"og:image:width\" content=\"634\" \/>\n\t<meta property=\"og:image:height\" content=\"1024\" \/>\n\t<meta property=\"og:image:type\" content=\"image\/jpeg\" \/>\n<meta name=\"twitter:card\" content=\"summary_large_image\" \/>\n<meta name=\"twitter:label1\" content=\"Est. reading time\" \/>\n\t<meta name=\"twitter:data1\" content=\"2 minutes\" \/>\n<script type=\"application\/ld+json\" class=\"yoast-schema-graph\">{\"@context\":\"https:\\\/\\\/schema.org\",\"@graph\":[{\"@type\":\"WebPage\",\"@id\":\"https:\\\/\\\/tajkertesz.com\\\/termek\\\/weitech-ultrahangos-szunyogriaszto-50m2-elemmel-mukodik-kulteri\\\/\",\"url\":\"https:\\\/\\\/tajkertesz.com\\\/termek\\\/weitech-ultrahangos-szunyogriaszto-50m2-elemmel-mukodik-kulteri\\\/\",\"name\":\"Weitech Ultrahangos sz\u00fanyogriaszt\u00f3 50m2\\\/ elemmel m\u0171k\u00f6dik, k\u00fclt\u00e9ri - T\u00e1jkert\u00e9sz\",\"isPartOf\":{\"@id\":\"https:\\\/\\\/tajkertesz.com\\\/#website\"},\"primaryImageOfPage\":{\"@id\":\"https:\\\/\\\/tajkertesz.com\\\/termek\\\/weitech-ultrahangos-szunyogriaszto-50m2-elemmel-mukodik-kulteri\\\/#primaryimage\"},\"image\":{\"@id\":\"https:\\\/\\\/tajkertesz.com\\\/termek\\\/weitech-ultrahangos-szunyogriaszto-50m2-elemmel-mukodik-kulteri\\\/#primaryimage\"},\"thumbnailUrl\":\"https:\\\/\\\/tajkertesz.com\\\/wp-content\\\/uploads\\\/2021\\\/05\\\/3c5c2b6e2986bb63a6d8a65f2c6eba1f.jpg\",\"datePublished\":\"2021-05-26T08:19:51+00:00\",\"dateModified\":\"2026-02-17T07:55:36+00:00\",\"description\":\"Ultrahangos sz\u00fanyogriaszt\u00f3 50m2\\\/ elemmel m\u0171k\u00f6dik, k\u00fclt\u00e9ri Haszn\u00e1lat: Egyszer\u0171en helyezz\u00fck a k\u00e9sz\u00fcl\u00e9ket \u00fagy el, hogy\",\"breadcrumb\":{\"@id\":\"https:\\\/\\\/tajkertesz.com\\\/termek\\\/weitech-ultrahangos-szunyogriaszto-50m2-elemmel-mukodik-kulteri\\\/#breadcrumb\"},\"inLanguage\":\"en-US\",\"potentialAction\":[{\"@type\":\"ReadAction\",\"target\":[\"https:\\\/\\\/tajkertesz.com\\\/termek\\\/weitech-ultrahangos-szunyogriaszto-50m2-elemmel-mukodik-kulteri\\\/\"]}]},{\"@type\":\"ImageObject\",\"inLanguage\":\"en-US\",\"@id\":\"https:\\\/\\\/tajkertesz.com\\\/termek\\\/weitech-ultrahangos-szunyogriaszto-50m2-elemmel-mukodik-kulteri\\\/#primaryimage\",\"url\":\"https:\\\/\\\/tajkertesz.com\\\/wp-content\\\/uploads\\\/2021\\\/05\\\/3c5c2b6e2986bb63a6d8a65f2c6eba1f.jpg\",\"contentUrl\":\"https:\\\/\\\/tajkertesz.com\\\/wp-content\\\/uploads\\\/2021\\\/05\\\/3c5c2b6e2986bb63a6d8a65f2c6eba1f.jpg\",\"width\":1297,\"height\":2094},{\"@type\":\"BreadcrumbList\",\"@id\":\"https:\\\/\\\/tajkertesz.com\\\/termek\\\/weitech-ultrahangos-szunyogriaszto-50m2-elemmel-mukodik-kulteri\\\/#breadcrumb\",\"itemListElement\":[{\"@type\":\"ListItem\",\"position\":1,\"name\":\"Home\",\"item\":\"https:\\\/\\\/tajkertesz.com\\\/\"},{\"@type\":\"ListItem\",\"position\":2,\"name\":\"Kezd\u0151lap\",\"item\":\"https:\\\/\\\/tajkertesz.com\\\/\"},{\"@type\":\"ListItem\",\"position\":3,\"name\":\"Weitech Ultrahangos sz\u00fanyogriaszt\u00f3 50m2\\\/ elemmel m\u0171k\u00f6dik, k\u00fclt\u00e9ri\"}]},{\"@type\":\"WebSite\",\"@id\":\"https:\\\/\\\/tajkertesz.com\\\/#website\",\"url\":\"https:\\\/\\\/tajkertesz.com\\\/\",\"name\":\"T\u00e1j-Kert\u00e9sz 84 Kft.\",\"description\":\"Kert\u00e9szeti kis- \u00e9s nagykeresked\u00e9s, D\u00edszn\u00f6v\u00e9ny web\u00e1ruh\u00e1z orsz\u00e1gos h\u00e1zhozsz\u00e1ll\u00edt\u00e1ssal!\",\"publisher\":{\"@id\":\"https:\\\/\\\/tajkertesz.com\\\/#organization\"},\"potentialAction\":[{\"@type\":\"SearchAction\",\"target\":{\"@type\":\"EntryPoint\",\"urlTemplate\":\"https:\\\/\\\/tajkertesz.com\\\/?s={search_term_string}\"},\"query-input\":{\"@type\":\"PropertyValueSpecification\",\"valueRequired\":true,\"valueName\":\"search_term_string\"}}],\"inLanguage\":\"en-US\"},{\"@type\":\"Organization\",\"@id\":\"https:\\\/\\\/tajkertesz.com\\\/#organization\",\"name\":\"T\u00e1j-Kert\u00e9sz 84 Kft.\",\"url\":\"https:\\\/\\\/tajkertesz.com\\\/\",\"logo\":{\"@type\":\"ImageObject\",\"inLanguage\":\"en-US\",\"@id\":\"https:\\\/\\\/tajkertesz.com\\\/#\\\/schema\\\/logo\\\/image\\\/\",\"url\":\"https:\\\/\\\/tajkertesz.com\\\/wp-content\\\/uploads\\\/2018\\\/02\\\/logo-2-e1518678052539.png\",\"contentUrl\":\"https:\\\/\\\/tajkertesz.com\\\/wp-content\\\/uploads\\\/2018\\\/02\\\/logo-2-e1518678052539.png\",\"width\":81,\"height\":140,\"caption\":\"T\u00e1j-Kert\u00e9sz 84 Kft.\"},\"image\":{\"@id\":\"https:\\\/\\\/tajkertesz.com\\\/#\\\/schema\\\/logo\\\/image\\\/\"},\"sameAs\":[\"https:\\\/\\\/www.facebook.com\\\/Tajkertesz\\\/\"]}]}<\/script>\n<!-- \/ Yoast SEO plugin. -->","yoast_head_json":{"title":"Weitech Ultrahangos sz\u00fanyogriaszt\u00f3 50m2\/ elemmel m\u0171k\u00f6dik, k\u00fclt\u00e9ri - T\u00e1jkert\u00e9sz","description":"Ultrahangos sz\u00fanyogriaszt\u00f3 50m2\/ elemmel m\u0171k\u00f6dik, k\u00fclt\u00e9ri Haszn\u00e1lat: Egyszer\u0171en helyezz\u00fck a k\u00e9sz\u00fcl\u00e9ket \u00fagy el, hogy","robots":{"index":"index","follow":"follow","max-snippet":"max-snippet:-1","max-image-preview":"max-image-preview:large","max-video-preview":"max-video-preview:-1"},"canonical":"https:\/\/tajkertesz.com\/en_US\/product\/weitech-ultrahangos-szunyogriaszto-50m2-elemmel-mukodik-kulteri\/","og_locale":"en_US","og_type":"article","og_title":"Weitech Ultrahangos sz\u00fanyogriaszt\u00f3 50m2\/ elemmel m\u0171k\u00f6dik, k\u00fclt\u00e9ri - T\u00e1jkert\u00e9sz","og_description":"Ultrahangos sz\u00fanyogriaszt\u00f3 50m2\/ elemmel m\u0171k\u00f6dik, k\u00fclt\u00e9ri Haszn\u00e1lat: Egyszer\u0171en helyezz\u00fck a k\u00e9sz\u00fcl\u00e9ket \u00fagy el, hogy","og_url":"https:\/\/tajkertesz.com\/en_US\/product\/weitech-ultrahangos-szunyogriaszto-50m2-elemmel-mukodik-kulteri\/","og_site_name":"T\u00e1jkert\u00e9sz","article_publisher":"https:\/\/www.facebook.com\/Tajkertesz\/","article_modified_time":"2026-02-17T07:55:36+00:00","og_image":[{"width":634,"height":1024,"url":"https:\/\/tajkertesz.com\/wp-content\/uploads\/2021\/05\/3c5c2b6e2986bb63a6d8a65f2c6eba1f-634x1024.jpg","type":"image\/jpeg"}],"twitter_card":"summary_large_image","twitter_misc":{"Est. reading time":"2 minutes"},"schema":{"@context":"https:\/\/schema.org","@graph":[{"@type":"WebPage","@id":"https:\/\/tajkertesz.com\/termek\/weitech-ultrahangos-szunyogriaszto-50m2-elemmel-mukodik-kulteri\/","url":"https:\/\/tajkertesz.com\/termek\/weitech-ultrahangos-szunyogriaszto-50m2-elemmel-mukodik-kulteri\/","name":"Weitech Ultrahangos sz\u00fanyogriaszt\u00f3 50m2\/ elemmel m\u0171k\u00f6dik, k\u00fclt\u00e9ri - T\u00e1jkert\u00e9sz","isPartOf":{"@id":"https:\/\/tajkertesz.com\/#website"},"primaryImageOfPage":{"@id":"https:\/\/tajkertesz.com\/termek\/weitech-ultrahangos-szunyogriaszto-50m2-elemmel-mukodik-kulteri\/#primaryimage"},"image":{"@id":"https:\/\/tajkertesz.com\/termek\/weitech-ultrahangos-szunyogriaszto-50m2-elemmel-mukodik-kulteri\/#primaryimage"},"thumbnailUrl":"https:\/\/tajkertesz.com\/wp-content\/uploads\/2021\/05\/3c5c2b6e2986bb63a6d8a65f2c6eba1f.jpg","datePublished":"2021-05-26T08:19:51+00:00","dateModified":"2026-02-17T07:55:36+00:00","description":"Ultrahangos sz\u00fanyogriaszt\u00f3 50m2\/ elemmel m\u0171k\u00f6dik, k\u00fclt\u00e9ri Haszn\u00e1lat: Egyszer\u0171en helyezz\u00fck a k\u00e9sz\u00fcl\u00e9ket \u00fagy el, hogy","breadcrumb":{"@id":"https:\/\/tajkertesz.com\/termek\/weitech-ultrahangos-szunyogriaszto-50m2-elemmel-mukodik-kulteri\/#breadcrumb"},"inLanguage":"en-US","potentialAction":[{"@type":"ReadAction","target":["https:\/\/tajkertesz.com\/termek\/weitech-ultrahangos-szunyogriaszto-50m2-elemmel-mukodik-kulteri\/"]}]},{"@type":"ImageObject","inLanguage":"en-US","@id":"https:\/\/tajkertesz.com\/termek\/weitech-ultrahangos-szunyogriaszto-50m2-elemmel-mukodik-kulteri\/#primaryimage","url":"https:\/\/tajkertesz.com\/wp-content\/uploads\/2021\/05\/3c5c2b6e2986bb63a6d8a65f2c6eba1f.jpg","contentUrl":"https:\/\/tajkertesz.com\/wp-content\/uploads\/2021\/05\/3c5c2b6e2986bb63a6d8a65f2c6eba1f.jpg","width":1297,"height":2094},{"@type":"BreadcrumbList","@id":"https:\/\/tajkertesz.com\/termek\/weitech-ultrahangos-szunyogriaszto-50m2-elemmel-mukodik-kulteri\/#breadcrumb","itemListElement":[{"@type":"ListItem","position":1,"name":"Home","item":"https:\/\/tajkertesz.com\/"},{"@type":"ListItem","position":2,"name":"Kezd\u0151lap","item":"https:\/\/tajkertesz.com\/"},{"@type":"ListItem","position":3,"name":"Weitech Ultrahangos sz\u00fanyogriaszt\u00f3 50m2\/ elemmel m\u0171k\u00f6dik, k\u00fclt\u00e9ri"}]},{"@type":"WebSite","@id":"https:\/\/tajkertesz.com\/#website","url":"https:\/\/tajkertesz.com\/","name":"T\u00e1j-Kert\u00e9sz 84 Kft.","description":"Kert\u00e9szeti kis- \u00e9s nagykeresked\u00e9s, D\u00edszn\u00f6v\u00e9ny web\u00e1ruh\u00e1z orsz\u00e1gos h\u00e1zhozsz\u00e1ll\u00edt\u00e1ssal!","publisher":{"@id":"https:\/\/tajkertesz.com\/#organization"},"potentialAction":[{"@type":"SearchAction","target":{"@type":"EntryPoint","urlTemplate":"https:\/\/tajkertesz.com\/?s={search_term_string}"},"query-input":{"@type":"PropertyValueSpecification","valueRequired":true,"valueName":"search_term_string"}}],"inLanguage":"en-US"},{"@type":"Organization","@id":"https:\/\/tajkertesz.com\/#organization","name":"T\u00e1j-Kert\u00e9sz 84 Kft.","url":"https:\/\/tajkertesz.com\/","logo":{"@type":"ImageObject","inLanguage":"en-US","@id":"https:\/\/tajkertesz.com\/#\/schema\/logo\/image\/","url":"https:\/\/tajkertesz.com\/wp-content\/uploads\/2018\/02\/logo-2-e1518678052539.png","contentUrl":"https:\/\/tajkertesz.com\/wp-content\/uploads\/2018\/02\/logo-2-e1518678052539.png","width":81,"height":140,"caption":"T\u00e1j-Kert\u00e9sz 84 Kft."},"image":{"@id":"https:\/\/tajkertesz.com\/#\/schema\/logo\/image\/"},"sameAs":["https:\/\/www.facebook.com\/Tajkertesz\/"]}]}},"_links":{"self":[{"href":"https:\/\/tajkertesz.com\/en_US\/wp-json\/wp\/v2\/product\/5478","targetHints":{"allow":["GET"]}}],"collection":[{"href":"https:\/\/tajkertesz.com\/en_US\/wp-json\/wp\/v2\/product"}],"about":[{"href":"https:\/\/tajkertesz.com\/en_US\/wp-json\/wp\/v2\/types\/product"}],"wp:featuredmedia":[{"embeddable":true,"href":"https:\/\/tajkertesz.com\/en_US\/wp-json\/wp\/v2\/media\/5480"}],"wp:attachment":[{"href":"https:\/\/tajkertesz.com\/en_US\/wp-json\/wp\/v2\/media?parent=5478"}],"wp:term":[{"taxonomy":"product_brand","embeddable":true,"href":"https:\/\/tajkertesz.com\/en_US\/wp-json\/wp\/v2\/product_brand?post=5478"},{"taxonomy":"product_cat","embeddable":true,"href":"https:\/\/tajkertesz.com\/en_US\/wp-json\/wp\/v2\/product_cat?post=5478"},{"taxonomy":"product_tag","embeddable":true,"href":"https:\/\/tajkertesz.com\/en_US\/wp-json\/wp\/v2\/product_tag?post=5478"}],"curies":[{"name":"wp","href":"https:\/\/api.w.org\/{rel}","templated":true}]}}