{"id":5481,"date":"2021-05-26T08:23:26","date_gmt":"2021-05-26T08:23:26","guid":{"rendered":"https:\/\/tajkertesz.com\/?post_type=product&#038;p=5481"},"modified":"2026-02-17T07:55:42","modified_gmt":"2026-02-17T07:55:42","slug":"bros-napelemes-vakondriaszto-sonic","status":"publish","type":"product","link":"https:\/\/tajkertesz.com\/en_US\/product\/bros-napelemes-vakondriaszto-sonic\/","title":{"rendered":"Bros Napelemes vakondriaszt\u00f3 Sonic"},"content":{"rendered":"<div class=\"artdet__name-rating d-none d-lg-block\">\n<div class=\"row gutters-5\">\n<div class=\"col\">\n<div class=\"artdet__name-pagination-wrap d-flex\">\n<div class=\"top product-page-top\">\n<div class=\"center product-page-center\">\n<div class=\"artdet__name-pagination-wrap d-flex\">\n<div class=\"summary entry-summary\">\n<div class=\"elementor-column elementor-col-50 elementor-inner-column elementor-element elementor-element-072daa9\" data-id=\"072daa9\" data-element_type=\"column\">\n<div class=\"elementor-widget-wrap elementor-element-populated\">\n<div class=\"elementor-element elementor-element-54ae97b elementor-widget__width-auto elementor-widget elementor-widget-jet-single-title\" data-id=\"54ae97b\" data-element_type=\"widget\" data-widget_type=\"jet-single-title.default\">\n<div class=\"elementor-widget-container\">\n<div class=\"elementor-jet-single-title jet-woo-builder\">\n<h2>Bros Napelemes vakondriaszt\u00f3 Sonic<\/h2>\n<\/div>\n<\/div>\n<\/div>\n<\/div>\n<\/div>\n<div class=\"elementor-column elementor-col-50 elementor-inner-column elementor-element elementor-element-fe6e915\" data-id=\"fe6e915\" data-element_type=\"column\">\n<div class=\"elementor-widget-wrap elementor-element-populated\">\n<div class=\"elementor-element elementor-element-f74de4b elementor-widget__width-auto elementor-widget elementor-widget-jet-single-price\" data-id=\"f74de4b\" data-element_type=\"widget\" data-widget_type=\"jet-single-price.default\">\n<div class=\"elementor-widget-container\">\n<div class=\"elementor-jet-single-price jet-woo-builder\">\n<p>Bros Napelemes vakondriaszt\u00f3 Sonic vakond ellen megb\u00edzhat\u00f3 \u00e9s min\u0151s\u00e9gi vakondriaszt\u00f3 term\u00e9keket gy\u00e1rtanak \u00e9s fejlesztenek, melyek keresettek rengeteg orsz\u00e1gban.<\/p>\n<\/div>\n<\/div>\n<\/div>\n<\/div>\n<\/div>\n<div class=\"elementor-column elementor-col-50 elementor-inner-column elementor-element elementor-element-072daa9\" data-id=\"072daa9\" data-element_type=\"column\">\n<div class=\"elementor-widget-wrap elementor-element-populated\">\n<div class=\"elementor-element elementor-element-54ae97b elementor-widget__width-auto elementor-widget elementor-widget-jet-single-title\" data-id=\"54ae97b\" data-element_type=\"widget\" data-widget_type=\"jet-single-title.default\">\n<div class=\"elementor-widget-container\">\n<div class=\"elementor-jet-single-title jet-woo-builder\">\n<h3><strong>Hat\u00f3k\u00f6rzet <\/strong>max.800 m<sup>2 \u00e9s haszn\u00e1lat:<\/sup><\/h3>\n<p>K\u00f6nnyen \u00f6sszeszerelhet\u0151 \u00e9s telep\u00edthet\u0151<br \/>\nV\u00e1ltoz\u00f3 id\u0151j\u00e1r\u00e1si felt\u00e9teleknek \u00e9s v\u00edznek ellen\u00e1ll<br \/>\nElemcser\u00e9re nincs sz\u00fcks\u00e9g<br \/>\nA talajra helyezve szinte \u00e9szrevehetetlen<br \/>\nH\u00e1zi\u00e1llatokra biztons\u00e1gos<\/p>\n<h3>Haszn\u00e1lata:<\/h3>\n<p>Gyepes ter\u00fcletek, vir\u00e1g\u00e1gyak, pihen\u0151 ter\u00fcletek, sportp\u00e1ly\u00e1k \u00e9s j\u00e1tsz\u00f3terek, f\u00f3lias\u00e1trak, vetem\u00e9nyes kertek. Mi megb\u00edzunk a c\u00e9g \u00e1ltal k\u00e9pviselt sz\u00ednvonalban \u00e9s min\u0151s\u00e9gben, internetes \u00e1ruh\u00e1zunkban csupa olyan term\u00e9keket tal\u00e1l meg, legyen az sz\u00fanyogirt\u00f3, vakond riaszt\u00f3, eg\u00e9rcsapda vagy mad\u00e1rriaszt\u00f3, melyeket mi is haszn\u00e1ln\u00e1nk, haszn\u00e1lunk.Ez a\u00a0Napelemes vakondriaszt\u00f3 800 m<sup>2<\/sup>\u00a0Sonic Bros\u00a0term\u00e9k teljesen ell\u00e1tja mag\u00e1t energi\u00e1val, nem kell rendszeresen \u00fajrat\u00f6lten\u00fcnk.A napelemes vakond riaszt\u00f3k nagy el\u0151nye, hogy eg\u00e9sz nap \u00e9s eg\u00e9sz \u00e9jszaka odafigyel\u00e9s n\u00e9lk\u00fcl v\u00e9gzik a dolgukat, mivel meg\u00fajul\u00f3 energiaforr\u00e1s az alapjuk, ez\u00e9rt roppant k\u00f6rnyezetk\u00edm\u00e9l\u0151ek \u00e9s gyakorlatilag nem kell sz\u00e1molnunk tov\u00e1bbi r\u00e1ford\u00edtott k\u00f6lts\u00e9ggel.A vakondok roppant sok kellemetlens\u00e9get tudnak okozni kert\u00fcnkben, szabadt\u00e9ri ter\u00fcleteinken.Felt\u00farj\u00e1k a vetem\u00e9nyest, elrontj\u00e1k a t\u00f6k\u00e9letes sz\u00e9p p\u00e1zsit \u00f6sszk\u00e9p\u00e9t t\u00far\u00e1saikkal. R\u00e1ad\u00e1sul a vakondj\u00e1ratokban k\u00f6zlekednek egy\u00e9b r\u00e1gcs\u00e1l\u00f3k is, \u00fagy mint a mezei pockok p\u00e9ld\u00e1ul, amelyek pedig megr\u00e1gcs\u00e1lj\u00e1k n\u00f6v\u00e9nyeink, vir\u00e1gaink gy\u00f6ker\u00e9t. Azok \u00edgy kipusztulnak. A hagyom\u00e1nyos m\u00f3dszerek nem mindig v\u00e1lnak be ebben az esetben vakondok ellen. Ha viszont egy olyan m\u00f3dszert szeretn\u00e9nk, mellyel nem is kell b\u00e1ntanunk az \u00e1llatot, csup\u00e1n el akarjuk azokat kergetni a ter\u00fclet\u00fcnkr\u0151l, abban az esetben is a megold\u00e1s egy ilyen term\u00e9k lehet.A k\u00e9sz\u00fcl\u00e9k hat\u00e9konyan elriasztja a pockokat,vakondokat \u00e9s m\u00e1s f\u00f6ldlak\u00f3 r\u00e1gcs\u00e1l\u00f3kat. K\u00f6rnyezetbar\u00e1t, nem ig\u00e9nyli vegyszerek haszn\u00e1lat\u00e1t.<\/p>\n<p>A k\u00e9sz\u00fcl\u00e9k 30 m\u00e1sodpercenk\u00e9nt hangjeleket \u00e9s vibr\u00e1ci\u00f3t bocs\u00e1jt ki, ami elriasztja a kit\u0171n\u0151 hat\u00e1ssal rendelkez\u0151 \u00e9s vibr\u00e1ci\u00f3ra \u00e9rz\u00e9keny \u00a0vakondokat \u00e9s r\u00e1gcs\u00e1l\u00f3kat. A talajt\u00f3l f\u00fcgg\u0151en max. 800 m<sup>2<\/sup>\u00a0-es ter\u00fcletet v\u00e9d.<br \/>\nA napenergi\u00e1val m\u0171k\u00f6d\u0151 elem garant\u00e1lja, hogy a k\u00e9sz\u00fcl\u00e9k eg\u00e9sz nap m\u0171k\u00f6dik ak\u00e1r felh\u0151s vagy es\u0151s id\u0151ben is.<\/p>\n<p>&nbsp;<\/p>\n<p><strong>Specifik\u00e1ci\u00f3:<\/strong><br \/>\nnapelem \u00e9s akku 1,2V\/800 MaH<br \/>\nA teljesen felt\u00f6lt\u00f6tt k\u00e9sz\u00fcl\u00e9k a napsugarak k\u00f6zvetlen hat\u00e1sa n\u00e9lk\u00fcl kb. 96 \u00f3r\u00e1n \u00e1t marad hat\u00e1sos.<\/p>\n<\/div>\n<\/div>\n<\/div>\n<\/div>\n<\/div>\n<\/div>\n<\/div>\n<\/div>\n<\/div>\n<\/div>\n<\/div>\n<\/div>\n<\/div>\n<div><a href=\"https:\/\/www.facebook.com\/tajkertesz\">https:\/\/www.facebook.com\/tajkertesz<\/a><\/div>\n<div>\n<p><a href=\"https:\/\/tajkertesz.com\/\">https:\/\/tajkertesz.com\/<\/a><\/p>\n<\/div>\n<p><b>K\u00e9szlet\u00fcnk napi szinten v\u00e1ltozik, ez\u00e9rt k\u00e9rj\u00fck, \u00e9rdekl\u0151dj\u00f6n szem\u00e9lyesen, telefonon vagy email-en.<br \/>\nA v\u00e1ltoztat\u00e1s jog\u00e1t fenntartjuk!\u00a0<\/b><\/p>","protected":false},"excerpt":{"rendered":"<div class=\"artdet__name-rating d-none d-lg-block\">\n<div class=\"row gutters-5\">\n<div class=\"col\">\n<div class=\"artdet__name-rating d-none d-lg-block\">\n<div class=\"row gutters-5\">\n<div class=\"col\">\n<div class=\"artdet__name-rating d-none d-lg-block\">\n<div class=\"row gutters-5\">\n<div class=\"col\">\n<div class=\"artdet__name-rating d-none d-lg-block\">\n<div class=\"row gutters-5\">\n<div class=\"col\">\n<div class=\"artdet__name-rating d-none d-lg-block\">\n<div class=\"row gutters-5\">\n<div class=\"col\">\n<div class=\"artdet__name-rating d-none d-lg-block\">\n<div class=\"row gutters-5\">\n<div class=\"col\">\n<div class=\"artdet__name-rating d-none d-lg-block\">\n<div class=\"row gutters-5\">\n<div class=\"col\">\n<div class=\"artdet__name-rating d-none d-lg-block\">\n<div class=\"row gutters-5\">\n<div class=\"col\">\n<div class=\"artdet__name-rating d-none d-lg-block\">\n<div class=\"row gutters-5\">\n<div class=\"col\">\n<div class=\"artdet__name-rating d-none d-lg-block\">\n<div class=\"row gutters-5\">\n<div class=\"col\">\n<div class=\"artdet__name-rating d-none d-lg-block\">\n<div class=\"row gutters-5\">\n<div class=\"col\">\n<div class=\"artdet__name-rating d-none d-lg-block\">\n<div class=\"row gutters-5\">\n<div class=\"col\">\n<div class=\"artdet__name-pagination-wrap d-flex\">\n<div class=\"artdet__name-pagination-wrap d-flex\">\n<div class=\"artdet__name-pagination-wrap d-flex\">\n<div class=\"artdet__name-pagination-wrap d-flex\">\n<div class=\"artdet__name-rating d-none d-lg-block\">\n<div class=\"row gutters-5\">\n<div class=\"col\">\n<div class=\"artdet__name-pagination-wrap d-flex\">\n<div class=\"artdet__name-pagination-wrap d-flex\">\n<div class=\"artdet__name-pagination-wrap d-flex\">\n<div class=\"top product-page-top\">\n<div class=\"center product-page-center\">\n<div class=\"elementor-column elementor-col-50 elementor-inner-column elementor-element elementor-element-072daa9\" data-id=\"072daa9\" data-element_type=\"column\">\n<div class=\"elementor-widget-wrap elementor-element-populated\">\n<div class=\"elementor-element elementor-element-54ae97b elementor-widget__width-auto elementor-widget elementor-widget-jet-single-title\" data-id=\"54ae97b\" data-element_type=\"widget\" data-widget_type=\"jet-single-title.default\">\n<div class=\"elementor-widget-container\">\n<div class=\"elementor-jet-single-title jet-woo-builder\">\n<div class=\"elementor-column elementor-col-50 elementor-inner-column elementor-element elementor-element-072daa9\" data-id=\"072daa9\" data-element_type=\"column\">\n<div class=\"elementor-widget-wrap elementor-element-populated\">\n<div class=\"elementor-element elementor-element-54ae97b elementor-widget__width-auto elementor-widget elementor-widget-jet-single-title\" data-id=\"54ae97b\" data-element_type=\"widget\" data-widget_type=\"jet-single-title.default\">\n<div class=\"elementor-widget-container\">\n<div class=\"elementor-jet-single-title jet-woo-builder\">\n<div class=\"elementor-column elementor-col-50 elementor-inner-column elementor-element elementor-element-072daa9\" data-id=\"072daa9\" data-element_type=\"column\">\n<div class=\"elementor-widget-wrap elementor-element-populated\">\n<div class=\"elementor-element elementor-element-54ae97b elementor-widget__width-auto elementor-widget elementor-widget-jet-single-title\" data-id=\"54ae97b\" data-element_type=\"widget\" data-widget_type=\"jet-single-title.default\">\n<div class=\"elementor-widget-container\">\n<div class=\"elementor-jet-single-title jet-woo-builder\">\n<div class=\"elementor-column elementor-col-50 elementor-inner-column elementor-element elementor-element-072daa9\" data-id=\"072daa9\" data-element_type=\"column\">\n<div class=\"elementor-widget-wrap elementor-element-populated\">\n<div class=\"elementor-element elementor-element-54ae97b elementor-widget__width-auto elementor-widget elementor-widget-jet-single-title\" data-id=\"54ae97b\" data-element_type=\"widget\" data-widget_type=\"jet-single-title.default\">\n<div class=\"elementor-widget-container\">\n<div class=\"elementor-jet-single-title jet-woo-builder\">\n<p class=\"product_title entry-title\">Bros Napelemes vakondriaszt\u00f3 Sonic<\/p>\n<p class=\"product_title entry-title\">Ez a\u00a0Napelemes vakondriaszt\u00f3 800 m<sup>2<\/sup>\u00a0Sonic Bros\u00a0term\u00e9k teljesen ell\u00e1tja mag\u00e1t energi\u00e1val, nem kell rendszeresen \u00fajrat\u00f6lten\u00fcnk.<\/p>\n<p class=\"product_title entry-title\">A napelemes vakond riaszt\u00f3k nagy el\u0151nye, hogy eg\u00e9sz nap \u00e9s eg\u00e9sz \u00e9jszaka odafigyel\u00e9s n\u00e9lk\u00fcl v\u00e9gzik a dolgukat, mivel meg\u00fajul\u00f3 energiaforr\u00e1s az alapjuk<\/p>\n<\/div>\n<\/div>\n<\/div>\n<\/div>\n<\/div>\n<\/div>\n<\/div>\n<\/div>\n<\/div>\n<\/div>\n<\/div>\n<\/div>\n<\/div>\n<\/div>\n<\/div>\n<\/div>\n<\/div>\n<\/div>\n<\/div>\n<\/div>\n<\/div>\n<\/div>\n<\/div>\n<\/div>\n<\/div>\n<\/div>\n<\/div>\n<\/div>\n<\/div>\n<\/div>\n<\/div>\n<\/div>\n<\/div>\n<\/div>\n<\/div>\n<\/div>\n<\/div>\n<\/div>\n<\/div>\n<\/div>\n<\/div>\n<\/div>\n<\/div>\n<\/div>\n<\/div>\n<\/div>\n<\/div>\n<\/div>\n<\/div>\n<\/div>\n<\/div>\n<\/div>\n<\/div>\n<\/div>\n<\/div>\n<\/div>\n<\/div>\n<\/div>\n<\/div>\n<\/div>\n<\/div>\n<\/div>\n<\/div>\n<\/div>\n<\/div>\n<\/div>\n<\/div>\n<\/div>","protected":false},"featured_media":12954,"template":"","meta":{"_et_pb_use_builder":"","_et_pb_old_content":"","_et_gb_content_width":""},"product_brand":[],"product_cat":[4088],"product_tag":[4909,1685,4981,4979,4980],"class_list":{"0":"post-5481","1":"product","2":"type-product","3":"status-publish","4":"has-post-thumbnail","6":"product_cat-bros","7":"product_tag-bros","8":"product_tag-bros-napelemes-vakondriaszto-sonic","9":"product_tag-napelemes","10":"product_tag-vakond","11":"product_tag-vakondriaszto","13":"first","14":"instock","15":"shipping-taxable","16":"purchasable","17":"product-type-simple"},"yoast_head":"<!-- This site is optimized with the Yoast SEO plugin v27.4 - https:\/\/yoast.com\/product\/yoast-seo-wordpress\/ -->\n<title>Bros Napelemes vakondriaszt\u00f3 Sonic - T\u00e1jkert\u00e9sz<\/title>\n<meta name=\"description\" content=\"Bros Napelemes vakondriaszt\u00f3 Sonic Ez a\u00a0Napelemes vakondriaszt\u00f3 800 m2\u00a0Sonic Bros\u00a0term\u00e9k teljesen ell\u00e1tja mag\u00e1t energi\u00e1val\" \/>\n<meta name=\"robots\" content=\"index, follow, max-snippet:-1, max-image-preview:large, max-video-preview:-1\" \/>\n<link rel=\"canonical\" href=\"https:\/\/tajkertesz.com\/en_US\/product\/bros-napelemes-vakondriaszto-sonic\/\" \/>\n<meta property=\"og:locale\" content=\"en_US\" \/>\n<meta property=\"og:type\" content=\"article\" \/>\n<meta property=\"og:title\" content=\"Bros Napelemes vakondriaszt\u00f3 Sonic - T\u00e1jkert\u00e9sz\" \/>\n<meta property=\"og:description\" content=\"Bros Napelemes vakondriaszt\u00f3 Sonic Ez a\u00a0Napelemes vakondriaszt\u00f3 800 m2\u00a0Sonic Bros\u00a0term\u00e9k teljesen ell\u00e1tja mag\u00e1t energi\u00e1val\" \/>\n<meta property=\"og:url\" content=\"https:\/\/tajkertesz.com\/en_US\/product\/bros-napelemes-vakondriaszto-sonic\/\" \/>\n<meta property=\"og:site_name\" content=\"T\u00e1jkert\u00e9sz\" \/>\n<meta property=\"article:publisher\" content=\"https:\/\/www.facebook.com\/Tajkertesz\/\" \/>\n<meta property=\"article:modified_time\" content=\"2026-02-17T07:55:42+00:00\" \/>\n<meta property=\"og:image\" content=\"https:\/\/tajkertesz.com\/wp-content\/uploads\/2021\/05\/Vakond-Bros.png\" \/>\n\t<meta property=\"og:image:width\" content=\"1684\" \/>\n\t<meta property=\"og:image:height\" content=\"2363\" \/>\n\t<meta property=\"og:image:type\" content=\"image\/png\" \/>\n<meta name=\"twitter:card\" content=\"summary_large_image\" \/>\n<meta name=\"twitter:label1\" content=\"Est. reading time\" \/>\n\t<meta name=\"twitter:data1\" content=\"2 minutes\" \/>\n<script type=\"application\/ld+json\" class=\"yoast-schema-graph\">{\"@context\":\"https:\\\/\\\/schema.org\",\"@graph\":[{\"@type\":\"WebPage\",\"@id\":\"https:\\\/\\\/tajkertesz.com\\\/termek\\\/bros-napelemes-vakondriaszto-sonic\\\/\",\"url\":\"https:\\\/\\\/tajkertesz.com\\\/termek\\\/bros-napelemes-vakondriaszto-sonic\\\/\",\"name\":\"Bros Napelemes vakondriaszt\u00f3 Sonic - T\u00e1jkert\u00e9sz\",\"isPartOf\":{\"@id\":\"https:\\\/\\\/tajkertesz.com\\\/#website\"},\"primaryImageOfPage\":{\"@id\":\"https:\\\/\\\/tajkertesz.com\\\/termek\\\/bros-napelemes-vakondriaszto-sonic\\\/#primaryimage\"},\"image\":{\"@id\":\"https:\\\/\\\/tajkertesz.com\\\/termek\\\/bros-napelemes-vakondriaszto-sonic\\\/#primaryimage\"},\"thumbnailUrl\":\"https:\\\/\\\/tajkertesz.com\\\/wp-content\\\/uploads\\\/2021\\\/05\\\/Vakond-Bros.png\",\"datePublished\":\"2021-05-26T08:23:26+00:00\",\"dateModified\":\"2026-02-17T07:55:42+00:00\",\"description\":\"Bros Napelemes vakondriaszt\u00f3 Sonic Ez a\u00a0Napelemes vakondriaszt\u00f3 800 m2\u00a0Sonic Bros\u00a0term\u00e9k teljesen ell\u00e1tja mag\u00e1t energi\u00e1val\",\"breadcrumb\":{\"@id\":\"https:\\\/\\\/tajkertesz.com\\\/termek\\\/bros-napelemes-vakondriaszto-sonic\\\/#breadcrumb\"},\"inLanguage\":\"en-US\",\"potentialAction\":[{\"@type\":\"ReadAction\",\"target\":[\"https:\\\/\\\/tajkertesz.com\\\/termek\\\/bros-napelemes-vakondriaszto-sonic\\\/\"]}]},{\"@type\":\"ImageObject\",\"inLanguage\":\"en-US\",\"@id\":\"https:\\\/\\\/tajkertesz.com\\\/termek\\\/bros-napelemes-vakondriaszto-sonic\\\/#primaryimage\",\"url\":\"https:\\\/\\\/tajkertesz.com\\\/wp-content\\\/uploads\\\/2021\\\/05\\\/Vakond-Bros.png\",\"contentUrl\":\"https:\\\/\\\/tajkertesz.com\\\/wp-content\\\/uploads\\\/2021\\\/05\\\/Vakond-Bros.png\",\"width\":1684,\"height\":2363},{\"@type\":\"BreadcrumbList\",\"@id\":\"https:\\\/\\\/tajkertesz.com\\\/termek\\\/bros-napelemes-vakondriaszto-sonic\\\/#breadcrumb\",\"itemListElement\":[{\"@type\":\"ListItem\",\"position\":1,\"name\":\"Home\",\"item\":\"https:\\\/\\\/tajkertesz.com\\\/\"},{\"@type\":\"ListItem\",\"position\":2,\"name\":\"Kezd\u0151lap\",\"item\":\"https:\\\/\\\/tajkertesz.com\\\/\"},{\"@type\":\"ListItem\",\"position\":3,\"name\":\"Bros Napelemes vakondriaszt\u00f3 Sonic\"}]},{\"@type\":\"WebSite\",\"@id\":\"https:\\\/\\\/tajkertesz.com\\\/#website\",\"url\":\"https:\\\/\\\/tajkertesz.com\\\/\",\"name\":\"T\u00e1j-Kert\u00e9sz 84 Kft.\",\"description\":\"Kert\u00e9szeti kis- \u00e9s nagykeresked\u00e9s, D\u00edszn\u00f6v\u00e9ny web\u00e1ruh\u00e1z orsz\u00e1gos h\u00e1zhozsz\u00e1ll\u00edt\u00e1ssal!\",\"publisher\":{\"@id\":\"https:\\\/\\\/tajkertesz.com\\\/#organization\"},\"potentialAction\":[{\"@type\":\"SearchAction\",\"target\":{\"@type\":\"EntryPoint\",\"urlTemplate\":\"https:\\\/\\\/tajkertesz.com\\\/?s={search_term_string}\"},\"query-input\":{\"@type\":\"PropertyValueSpecification\",\"valueRequired\":true,\"valueName\":\"search_term_string\"}}],\"inLanguage\":\"en-US\"},{\"@type\":\"Organization\",\"@id\":\"https:\\\/\\\/tajkertesz.com\\\/#organization\",\"name\":\"T\u00e1j-Kert\u00e9sz 84 Kft.\",\"url\":\"https:\\\/\\\/tajkertesz.com\\\/\",\"logo\":{\"@type\":\"ImageObject\",\"inLanguage\":\"en-US\",\"@id\":\"https:\\\/\\\/tajkertesz.com\\\/#\\\/schema\\\/logo\\\/image\\\/\",\"url\":\"https:\\\/\\\/tajkertesz.com\\\/wp-content\\\/uploads\\\/2018\\\/02\\\/logo-2-e1518678052539.png\",\"contentUrl\":\"https:\\\/\\\/tajkertesz.com\\\/wp-content\\\/uploads\\\/2018\\\/02\\\/logo-2-e1518678052539.png\",\"width\":81,\"height\":140,\"caption\":\"T\u00e1j-Kert\u00e9sz 84 Kft.\"},\"image\":{\"@id\":\"https:\\\/\\\/tajkertesz.com\\\/#\\\/schema\\\/logo\\\/image\\\/\"},\"sameAs\":[\"https:\\\/\\\/www.facebook.com\\\/Tajkertesz\\\/\"]}]}<\/script>\n<!-- \/ Yoast SEO plugin. -->","yoast_head_json":{"title":"Bros Napelemes vakondriaszt\u00f3 Sonic - T\u00e1jkert\u00e9sz","description":"Bros Napelemes vakondriaszt\u00f3 Sonic Ez a\u00a0Napelemes vakondriaszt\u00f3 800 m2\u00a0Sonic Bros\u00a0term\u00e9k teljesen ell\u00e1tja mag\u00e1t energi\u00e1val","robots":{"index":"index","follow":"follow","max-snippet":"max-snippet:-1","max-image-preview":"max-image-preview:large","max-video-preview":"max-video-preview:-1"},"canonical":"https:\/\/tajkertesz.com\/en_US\/product\/bros-napelemes-vakondriaszto-sonic\/","og_locale":"en_US","og_type":"article","og_title":"Bros Napelemes vakondriaszt\u00f3 Sonic - T\u00e1jkert\u00e9sz","og_description":"Bros Napelemes vakondriaszt\u00f3 Sonic Ez a\u00a0Napelemes vakondriaszt\u00f3 800 m2\u00a0Sonic Bros\u00a0term\u00e9k teljesen ell\u00e1tja mag\u00e1t energi\u00e1val","og_url":"https:\/\/tajkertesz.com\/en_US\/product\/bros-napelemes-vakondriaszto-sonic\/","og_site_name":"T\u00e1jkert\u00e9sz","article_publisher":"https:\/\/www.facebook.com\/Tajkertesz\/","article_modified_time":"2026-02-17T07:55:42+00:00","og_image":[{"width":1684,"height":2363,"url":"https:\/\/tajkertesz.com\/wp-content\/uploads\/2021\/05\/Vakond-Bros.png","type":"image\/png"}],"twitter_card":"summary_large_image","twitter_misc":{"Est. reading time":"2 minutes"},"schema":{"@context":"https:\/\/schema.org","@graph":[{"@type":"WebPage","@id":"https:\/\/tajkertesz.com\/termek\/bros-napelemes-vakondriaszto-sonic\/","url":"https:\/\/tajkertesz.com\/termek\/bros-napelemes-vakondriaszto-sonic\/","name":"Bros Napelemes vakondriaszt\u00f3 Sonic - T\u00e1jkert\u00e9sz","isPartOf":{"@id":"https:\/\/tajkertesz.com\/#website"},"primaryImageOfPage":{"@id":"https:\/\/tajkertesz.com\/termek\/bros-napelemes-vakondriaszto-sonic\/#primaryimage"},"image":{"@id":"https:\/\/tajkertesz.com\/termek\/bros-napelemes-vakondriaszto-sonic\/#primaryimage"},"thumbnailUrl":"https:\/\/tajkertesz.com\/wp-content\/uploads\/2021\/05\/Vakond-Bros.png","datePublished":"2021-05-26T08:23:26+00:00","dateModified":"2026-02-17T07:55:42+00:00","description":"Bros Napelemes vakondriaszt\u00f3 Sonic Ez a\u00a0Napelemes vakondriaszt\u00f3 800 m2\u00a0Sonic Bros\u00a0term\u00e9k teljesen ell\u00e1tja mag\u00e1t energi\u00e1val","breadcrumb":{"@id":"https:\/\/tajkertesz.com\/termek\/bros-napelemes-vakondriaszto-sonic\/#breadcrumb"},"inLanguage":"en-US","potentialAction":[{"@type":"ReadAction","target":["https:\/\/tajkertesz.com\/termek\/bros-napelemes-vakondriaszto-sonic\/"]}]},{"@type":"ImageObject","inLanguage":"en-US","@id":"https:\/\/tajkertesz.com\/termek\/bros-napelemes-vakondriaszto-sonic\/#primaryimage","url":"https:\/\/tajkertesz.com\/wp-content\/uploads\/2021\/05\/Vakond-Bros.png","contentUrl":"https:\/\/tajkertesz.com\/wp-content\/uploads\/2021\/05\/Vakond-Bros.png","width":1684,"height":2363},{"@type":"BreadcrumbList","@id":"https:\/\/tajkertesz.com\/termek\/bros-napelemes-vakondriaszto-sonic\/#breadcrumb","itemListElement":[{"@type":"ListItem","position":1,"name":"Home","item":"https:\/\/tajkertesz.com\/"},{"@type":"ListItem","position":2,"name":"Kezd\u0151lap","item":"https:\/\/tajkertesz.com\/"},{"@type":"ListItem","position":3,"name":"Bros Napelemes vakondriaszt\u00f3 Sonic"}]},{"@type":"WebSite","@id":"https:\/\/tajkertesz.com\/#website","url":"https:\/\/tajkertesz.com\/","name":"T\u00e1j-Kert\u00e9sz 84 Kft.","description":"Kert\u00e9szeti kis- \u00e9s nagykeresked\u00e9s, D\u00edszn\u00f6v\u00e9ny web\u00e1ruh\u00e1z orsz\u00e1gos h\u00e1zhozsz\u00e1ll\u00edt\u00e1ssal!","publisher":{"@id":"https:\/\/tajkertesz.com\/#organization"},"potentialAction":[{"@type":"SearchAction","target":{"@type":"EntryPoint","urlTemplate":"https:\/\/tajkertesz.com\/?s={search_term_string}"},"query-input":{"@type":"PropertyValueSpecification","valueRequired":true,"valueName":"search_term_string"}}],"inLanguage":"en-US"},{"@type":"Organization","@id":"https:\/\/tajkertesz.com\/#organization","name":"T\u00e1j-Kert\u00e9sz 84 Kft.","url":"https:\/\/tajkertesz.com\/","logo":{"@type":"ImageObject","inLanguage":"en-US","@id":"https:\/\/tajkertesz.com\/#\/schema\/logo\/image\/","url":"https:\/\/tajkertesz.com\/wp-content\/uploads\/2018\/02\/logo-2-e1518678052539.png","contentUrl":"https:\/\/tajkertesz.com\/wp-content\/uploads\/2018\/02\/logo-2-e1518678052539.png","width":81,"height":140,"caption":"T\u00e1j-Kert\u00e9sz 84 Kft."},"image":{"@id":"https:\/\/tajkertesz.com\/#\/schema\/logo\/image\/"},"sameAs":["https:\/\/www.facebook.com\/Tajkertesz\/"]}]}},"_links":{"self":[{"href":"https:\/\/tajkertesz.com\/en_US\/wp-json\/wp\/v2\/product\/5481","targetHints":{"allow":["GET"]}}],"collection":[{"href":"https:\/\/tajkertesz.com\/en_US\/wp-json\/wp\/v2\/product"}],"about":[{"href":"https:\/\/tajkertesz.com\/en_US\/wp-json\/wp\/v2\/types\/product"}],"wp:featuredmedia":[{"embeddable":true,"href":"https:\/\/tajkertesz.com\/en_US\/wp-json\/wp\/v2\/media\/12954"}],"wp:attachment":[{"href":"https:\/\/tajkertesz.com\/en_US\/wp-json\/wp\/v2\/media?parent=5481"}],"wp:term":[{"taxonomy":"product_brand","embeddable":true,"href":"https:\/\/tajkertesz.com\/en_US\/wp-json\/wp\/v2\/product_brand?post=5481"},{"taxonomy":"product_cat","embeddable":true,"href":"https:\/\/tajkertesz.com\/en_US\/wp-json\/wp\/v2\/product_cat?post=5481"},{"taxonomy":"product_tag","embeddable":true,"href":"https:\/\/tajkertesz.com\/en_US\/wp-json\/wp\/v2\/product_tag?post=5481"}],"curies":[{"name":"wp","href":"https:\/\/api.w.org\/{rel}","templated":true}]}}