{"id":5503,"date":"2021-05-26T09:04:37","date_gmt":"2021-05-26T09:04:37","guid":{"rendered":"https:\/\/tajkertesz.com\/?post_type=product&#038;p=5503"},"modified":"2024-03-26T04:38:01","modified_gmt":"2024-03-26T04:38:01","slug":"nortene-greenborder-gyepszegely-02x9-m","status":"publish","type":"product","link":"https:\/\/tajkertesz.com\/en_US\/product\/nortene-greenborder-gyepszegely-02x9-m\/","title":{"rendered":"Nortene Greenborder gyepszeg\u00e9ly 0,2&#215;9 m"},"content":{"rendered":"<h2>Nortene Greenborder gyepszeg\u00e9ly 0,2&#215;9 m<\/h2>\n<p>Nortene Greenborder gyepszeg\u00e9ly 0,2&#215;9 m Vir\u00e1g\u00e1gy\u00e1sok , kerti utak, gyalogos j\u00e1rd\u00e1k\u00a0 gyepszeg\u00e9ly ki\u00e9p\u00edt\u00e9s\u00e9hez t\u00f6k\u00e9letes , hiszen\u00a0 a k\u00fcl\u00f6nb\u00f6z\u0151 r\u00e9tegeket , kertr\u00e9szeket \u2013 f\u00fcvet, mulcsot , kavicsot-, eszt\u00e9tikus m\u00f3don hat\u00e1rolhatjuk el egym\u00e1st\u00f3l.<\/p>\n<p>Hull\u00e1mos gyepszeg\u00e9ly<\/p>\n<p>Egyszer\u0171en kihelyezhet\u0151, nem akad\u00e1lyozza a f\u0171ny\u00edr\u00f3t.<br \/>\nK\u00f6nnyed\u00e9n k\u00f6vethetju\u0308k vele a kert kanyarulatait \u00e9s domborulatait.<\/p>\n<table class=\"parameter-table table m-0\">\n<tbody>\n<tr>\n<td>M\u00e9ret<\/td>\n<td><strong>9m x 15 cm<\/strong><\/td>\n<\/tr>\n<tr>\n<td>Anyaga<\/td>\n<td><strong>PET, z\u00f6ld sz\u00edn\u0171.<\/strong><\/td>\n<\/tr>\n<\/tbody>\n<\/table>\n<p style=\"line-height: 18.0pt; background: white; margin: 0cm 0cm 15.0pt 0cm;\"><b><span style=\"font-family: 'Ubuntu',serif; color: black;\">K\u00e9szlet\u00fcnk napi szinten v\u00e1ltozik, ez\u00e9rt k\u00e9rj\u00fck, \u00e9rdekl\u0151dj\u00f6n szem\u00e9lyesen, telefonon vagy email-en.<br \/>\nA v\u00e1ltoztat\u00e1s jog\u00e1t fenntartjuk!\u00a0<\/span><\/b><\/p>\n<p><a href=\"https:\/\/tajkertesz.com\/\">https:\/\/tajkertesz.com\/<\/a><\/p>\n<p><a href=\"https:\/\/www.facebook.com\/tajkertesz\">https:\/\/www.facebook.com\/tajkertesz<\/a><\/p>\n<p style=\"line-height: 18.0pt; background: white; margin: 0cm 0cm 15.0pt 0cm;\"><span style=\"font-family: Ubuntu, serif; color: #000000;\">El\u00e9rhet\u0151 t\u00f6bbf\u00e9le m\u00e9retben \u00e9s \u00e1rban.<\/span><\/p>\n<p style=\"line-height: 18.0pt; background: white; margin: 0cm 0cm 15.0pt 0cm;\">\n<p>&nbsp;<\/p>","protected":false},"excerpt":{"rendered":"<h2>Nortene Greenborder gyepszeg\u00e9ly 0,2&#215;9 m<\/h2>\n<p>Vir\u00e1g\u00e1gy\u00e1sok , kerti utak, gyalogos j\u00e1rd\u00e1k\u00a0 gyepszeg\u00e9ly ki\u00e9p\u00edt\u00e9s\u00e9hez t\u00f6k\u00e9letes , hiszen\u00a0 a k\u00fcl\u00f6nb\u00f6z\u0151 r\u00e9tegeket , kertr\u00e9szeket \u2013 f\u00fcvet, mulcsot , kavicsot-, eszt\u00e9tikus m\u00f3don hat\u00e1rolhatjuk el egym\u00e1st\u00f3l.<\/p>\n<p>Hull\u00e1mos gyepszeg\u00e9ly<\/p>\n<p>Egyszer\u0171en kihelyezhet\u0151, nem akad\u00e1lyozza a f\u0171ny\u00edr\u00f3t.<br \/>\nK\u00f6nnyed\u00e9n k\u00f6vethetju\u0308k vele a kert kanyarulatait \u00e9s domborulatait.<\/p>\n<p>Rendk\u00edv\u00fcl gyorsan telep\u00edthet\u0151.<\/p>\n<p>Form\u00e1zhatjuk ak\u00e1r k\u00f6r alak\u00fara is f\u00e1k , bokrok k\u00f6r\u00e9.<\/p>","protected":false},"featured_media":19837,"template":"","meta":{"_et_pb_use_builder":"","_et_pb_old_content":"","_et_gb_content_width":""},"product_brand":[],"product_cat":[1098],"product_tag":[1695,1103,1693,1135],"class_list":{"0":"post-5503","1":"product","2":"type-product","3":"status-publish","4":"has-post-thumbnail","6":"product_cat-agyasszegelyek-gyepracsok","7":"product_tag-2x9-m","8":"product_tag-gyepszegely","9":"product_tag-nortene-greenborder-gyepszegely-0","10":"product_tag-szegely","12":"first","13":"instock","14":"shipping-taxable","15":"purchasable","16":"product-type-simple"},"yoast_head":"<!-- This site is optimized with the Yoast SEO plugin v27.5 - https:\/\/yoast.com\/product\/yoast-seo-wordpress\/ -->\n<title>Nortene Greenborder gyepszeg\u00e9ly 0,2x9 m - T\u00e1jkert\u00e9sz<\/title>\n<meta name=\"description\" content=\"Nortene Greenborder gyepszeg\u00e9ly 0,2x9 m Vir\u00e1g\u00e1gy\u00e1sok , kerti utak, gyalogos j\u00e1rd\u00e1k\u00a0 gyepszeg\u00e9ly ki\u00e9p\u00edt\u00e9s\u00e9hez t\u00f6k\u00e9letes\" \/>\n<meta name=\"robots\" content=\"index, follow, max-snippet:-1, max-image-preview:large, max-video-preview:-1\" \/>\n<link rel=\"canonical\" href=\"https:\/\/tajkertesz.com\/en_US\/product\/nortene-greenborder-gyepszegely-02x9-m\/\" \/>\n<meta property=\"og:locale\" content=\"en_US\" \/>\n<meta property=\"og:type\" content=\"article\" \/>\n<meta property=\"og:title\" content=\"Nortene Greenborder gyepszeg\u00e9ly 0,2x9 m - T\u00e1jkert\u00e9sz\" \/>\n<meta property=\"og:description\" content=\"Nortene Greenborder gyepszeg\u00e9ly 0,2x9 m Vir\u00e1g\u00e1gy\u00e1sok , kerti utak, gyalogos j\u00e1rd\u00e1k\u00a0 gyepszeg\u00e9ly ki\u00e9p\u00edt\u00e9s\u00e9hez t\u00f6k\u00e9letes\" \/>\n<meta property=\"og:url\" content=\"https:\/\/tajkertesz.com\/en_US\/product\/nortene-greenborder-gyepszegely-02x9-m\/\" \/>\n<meta property=\"og:site_name\" content=\"T\u00e1jkert\u00e9sz\" \/>\n<meta property=\"article:publisher\" content=\"https:\/\/www.facebook.com\/Tajkertesz\/\" \/>\n<meta property=\"article:modified_time\" content=\"2024-03-26T04:38:01+00:00\" \/>\n<meta property=\"og:image\" content=\"https:\/\/tajkertesz.com\/wp-content\/uploads\/2021\/05\/nortene_greenborder_hullamos_muanyag_gyepszegely_zold_07.jpg.webp\" \/>\n\t<meta property=\"og:image:width\" content=\"600\" \/>\n\t<meta property=\"og:image:height\" content=\"600\" \/>\n\t<meta property=\"og:image:type\" content=\"image\/webp\" \/>\n<meta name=\"twitter:card\" content=\"summary_large_image\" \/>\n<meta name=\"twitter:label1\" content=\"Est. reading time\" \/>\n\t<meta name=\"twitter:data1\" content=\"1 minute\" \/>\n<script type=\"application\/ld+json\" class=\"yoast-schema-graph\">{\"@context\":\"https:\\\/\\\/schema.org\",\"@graph\":[{\"@type\":\"WebPage\",\"@id\":\"https:\\\/\\\/tajkertesz.com\\\/termek\\\/nortene-greenborder-gyepszegely-02x9-m\\\/\",\"url\":\"https:\\\/\\\/tajkertesz.com\\\/termek\\\/nortene-greenborder-gyepszegely-02x9-m\\\/\",\"name\":\"Nortene Greenborder gyepszeg\u00e9ly 0,2x9 m - T\u00e1jkert\u00e9sz\",\"isPartOf\":{\"@id\":\"https:\\\/\\\/tajkertesz.com\\\/#website\"},\"primaryImageOfPage\":{\"@id\":\"https:\\\/\\\/tajkertesz.com\\\/termek\\\/nortene-greenborder-gyepszegely-02x9-m\\\/#primaryimage\"},\"image\":{\"@id\":\"https:\\\/\\\/tajkertesz.com\\\/termek\\\/nortene-greenborder-gyepszegely-02x9-m\\\/#primaryimage\"},\"thumbnailUrl\":\"https:\\\/\\\/tajkertesz.com\\\/wp-content\\\/uploads\\\/2021\\\/05\\\/nortene_greenborder_hullamos_muanyag_gyepszegely_zold_07.jpg.webp\",\"datePublished\":\"2021-05-26T09:04:37+00:00\",\"dateModified\":\"2024-03-26T04:38:01+00:00\",\"description\":\"Nortene Greenborder gyepszeg\u00e9ly 0,2x9 m Vir\u00e1g\u00e1gy\u00e1sok , kerti utak, gyalogos j\u00e1rd\u00e1k\u00a0 gyepszeg\u00e9ly ki\u00e9p\u00edt\u00e9s\u00e9hez t\u00f6k\u00e9letes\",\"breadcrumb\":{\"@id\":\"https:\\\/\\\/tajkertesz.com\\\/termek\\\/nortene-greenborder-gyepszegely-02x9-m\\\/#breadcrumb\"},\"inLanguage\":\"en-US\",\"potentialAction\":[{\"@type\":\"ReadAction\",\"target\":[\"https:\\\/\\\/tajkertesz.com\\\/termek\\\/nortene-greenborder-gyepszegely-02x9-m\\\/\"]}]},{\"@type\":\"ImageObject\",\"inLanguage\":\"en-US\",\"@id\":\"https:\\\/\\\/tajkertesz.com\\\/termek\\\/nortene-greenborder-gyepszegely-02x9-m\\\/#primaryimage\",\"url\":\"https:\\\/\\\/tajkertesz.com\\\/wp-content\\\/uploads\\\/2021\\\/05\\\/nortene_greenborder_hullamos_muanyag_gyepszegely_zold_07.jpg.webp\",\"contentUrl\":\"https:\\\/\\\/tajkertesz.com\\\/wp-content\\\/uploads\\\/2021\\\/05\\\/nortene_greenborder_hullamos_muanyag_gyepszegely_zold_07.jpg.webp\",\"width\":600,\"height\":600},{\"@type\":\"BreadcrumbList\",\"@id\":\"https:\\\/\\\/tajkertesz.com\\\/termek\\\/nortene-greenborder-gyepszegely-02x9-m\\\/#breadcrumb\",\"itemListElement\":[{\"@type\":\"ListItem\",\"position\":1,\"name\":\"Home\",\"item\":\"https:\\\/\\\/tajkertesz.com\\\/\"},{\"@type\":\"ListItem\",\"position\":2,\"name\":\"Kezd\u0151lap\",\"item\":\"https:\\\/\\\/tajkertesz.com\\\/\"},{\"@type\":\"ListItem\",\"position\":3,\"name\":\"Nortene Greenborder gyepszeg\u00e9ly 0,2&#215;9 m\"}]},{\"@type\":\"WebSite\",\"@id\":\"https:\\\/\\\/tajkertesz.com\\\/#website\",\"url\":\"https:\\\/\\\/tajkertesz.com\\\/\",\"name\":\"T\u00e1j-Kert\u00e9sz 84 Kft.\",\"description\":\"Kert\u00e9szeti kis- \u00e9s nagykeresked\u00e9s, D\u00edszn\u00f6v\u00e9ny web\u00e1ruh\u00e1z orsz\u00e1gos h\u00e1zhozsz\u00e1ll\u00edt\u00e1ssal!\",\"publisher\":{\"@id\":\"https:\\\/\\\/tajkertesz.com\\\/#organization\"},\"potentialAction\":[{\"@type\":\"SearchAction\",\"target\":{\"@type\":\"EntryPoint\",\"urlTemplate\":\"https:\\\/\\\/tajkertesz.com\\\/?s={search_term_string}\"},\"query-input\":{\"@type\":\"PropertyValueSpecification\",\"valueRequired\":true,\"valueName\":\"search_term_string\"}}],\"inLanguage\":\"en-US\"},{\"@type\":\"Organization\",\"@id\":\"https:\\\/\\\/tajkertesz.com\\\/#organization\",\"name\":\"T\u00e1j-Kert\u00e9sz 84 Kft.\",\"url\":\"https:\\\/\\\/tajkertesz.com\\\/\",\"logo\":{\"@type\":\"ImageObject\",\"inLanguage\":\"en-US\",\"@id\":\"https:\\\/\\\/tajkertesz.com\\\/#\\\/schema\\\/logo\\\/image\\\/\",\"url\":\"https:\\\/\\\/tajkertesz.com\\\/wp-content\\\/uploads\\\/2018\\\/02\\\/logo-2-e1518678052539.png\",\"contentUrl\":\"https:\\\/\\\/tajkertesz.com\\\/wp-content\\\/uploads\\\/2018\\\/02\\\/logo-2-e1518678052539.png\",\"width\":81,\"height\":140,\"caption\":\"T\u00e1j-Kert\u00e9sz 84 Kft.\"},\"image\":{\"@id\":\"https:\\\/\\\/tajkertesz.com\\\/#\\\/schema\\\/logo\\\/image\\\/\"},\"sameAs\":[\"https:\\\/\\\/www.facebook.com\\\/Tajkertesz\\\/\"]}]}<\/script>\n<!-- \/ Yoast SEO plugin. -->","yoast_head_json":{"title":"Nortene Greenborder gyepszeg\u00e9ly 0,2x9 m - T\u00e1jkert\u00e9sz","description":"Nortene Greenborder gyepszeg\u00e9ly 0,2x9 m Vir\u00e1g\u00e1gy\u00e1sok , kerti utak, gyalogos j\u00e1rd\u00e1k\u00a0 gyepszeg\u00e9ly ki\u00e9p\u00edt\u00e9s\u00e9hez t\u00f6k\u00e9letes","robots":{"index":"index","follow":"follow","max-snippet":"max-snippet:-1","max-image-preview":"max-image-preview:large","max-video-preview":"max-video-preview:-1"},"canonical":"https:\/\/tajkertesz.com\/en_US\/product\/nortene-greenborder-gyepszegely-02x9-m\/","og_locale":"en_US","og_type":"article","og_title":"Nortene Greenborder gyepszeg\u00e9ly 0,2x9 m - T\u00e1jkert\u00e9sz","og_description":"Nortene Greenborder gyepszeg\u00e9ly 0,2x9 m Vir\u00e1g\u00e1gy\u00e1sok , kerti utak, gyalogos j\u00e1rd\u00e1k\u00a0 gyepszeg\u00e9ly ki\u00e9p\u00edt\u00e9s\u00e9hez t\u00f6k\u00e9letes","og_url":"https:\/\/tajkertesz.com\/en_US\/product\/nortene-greenborder-gyepszegely-02x9-m\/","og_site_name":"T\u00e1jkert\u00e9sz","article_publisher":"https:\/\/www.facebook.com\/Tajkertesz\/","article_modified_time":"2024-03-26T04:38:01+00:00","og_image":[{"width":600,"height":600,"url":"https:\/\/tajkertesz.com\/wp-content\/uploads\/2021\/05\/nortene_greenborder_hullamos_muanyag_gyepszegely_zold_07.jpg.webp","type":"image\/webp"}],"twitter_card":"summary_large_image","twitter_misc":{"Est. reading time":"1 minute"},"schema":{"@context":"https:\/\/schema.org","@graph":[{"@type":"WebPage","@id":"https:\/\/tajkertesz.com\/termek\/nortene-greenborder-gyepszegely-02x9-m\/","url":"https:\/\/tajkertesz.com\/termek\/nortene-greenborder-gyepszegely-02x9-m\/","name":"Nortene Greenborder gyepszeg\u00e9ly 0,2x9 m - T\u00e1jkert\u00e9sz","isPartOf":{"@id":"https:\/\/tajkertesz.com\/#website"},"primaryImageOfPage":{"@id":"https:\/\/tajkertesz.com\/termek\/nortene-greenborder-gyepszegely-02x9-m\/#primaryimage"},"image":{"@id":"https:\/\/tajkertesz.com\/termek\/nortene-greenborder-gyepszegely-02x9-m\/#primaryimage"},"thumbnailUrl":"https:\/\/tajkertesz.com\/wp-content\/uploads\/2021\/05\/nortene_greenborder_hullamos_muanyag_gyepszegely_zold_07.jpg.webp","datePublished":"2021-05-26T09:04:37+00:00","dateModified":"2024-03-26T04:38:01+00:00","description":"Nortene Greenborder gyepszeg\u00e9ly 0,2x9 m Vir\u00e1g\u00e1gy\u00e1sok , kerti utak, gyalogos j\u00e1rd\u00e1k\u00a0 gyepszeg\u00e9ly ki\u00e9p\u00edt\u00e9s\u00e9hez t\u00f6k\u00e9letes","breadcrumb":{"@id":"https:\/\/tajkertesz.com\/termek\/nortene-greenborder-gyepszegely-02x9-m\/#breadcrumb"},"inLanguage":"en-US","potentialAction":[{"@type":"ReadAction","target":["https:\/\/tajkertesz.com\/termek\/nortene-greenborder-gyepszegely-02x9-m\/"]}]},{"@type":"ImageObject","inLanguage":"en-US","@id":"https:\/\/tajkertesz.com\/termek\/nortene-greenborder-gyepszegely-02x9-m\/#primaryimage","url":"https:\/\/tajkertesz.com\/wp-content\/uploads\/2021\/05\/nortene_greenborder_hullamos_muanyag_gyepszegely_zold_07.jpg.webp","contentUrl":"https:\/\/tajkertesz.com\/wp-content\/uploads\/2021\/05\/nortene_greenborder_hullamos_muanyag_gyepszegely_zold_07.jpg.webp","width":600,"height":600},{"@type":"BreadcrumbList","@id":"https:\/\/tajkertesz.com\/termek\/nortene-greenborder-gyepszegely-02x9-m\/#breadcrumb","itemListElement":[{"@type":"ListItem","position":1,"name":"Home","item":"https:\/\/tajkertesz.com\/"},{"@type":"ListItem","position":2,"name":"Kezd\u0151lap","item":"https:\/\/tajkertesz.com\/"},{"@type":"ListItem","position":3,"name":"Nortene Greenborder gyepszeg\u00e9ly 0,2&#215;9 m"}]},{"@type":"WebSite","@id":"https:\/\/tajkertesz.com\/#website","url":"https:\/\/tajkertesz.com\/","name":"T\u00e1j-Kert\u00e9sz 84 Kft.","description":"Kert\u00e9szeti kis- \u00e9s nagykeresked\u00e9s, D\u00edszn\u00f6v\u00e9ny web\u00e1ruh\u00e1z orsz\u00e1gos h\u00e1zhozsz\u00e1ll\u00edt\u00e1ssal!","publisher":{"@id":"https:\/\/tajkertesz.com\/#organization"},"potentialAction":[{"@type":"SearchAction","target":{"@type":"EntryPoint","urlTemplate":"https:\/\/tajkertesz.com\/?s={search_term_string}"},"query-input":{"@type":"PropertyValueSpecification","valueRequired":true,"valueName":"search_term_string"}}],"inLanguage":"en-US"},{"@type":"Organization","@id":"https:\/\/tajkertesz.com\/#organization","name":"T\u00e1j-Kert\u00e9sz 84 Kft.","url":"https:\/\/tajkertesz.com\/","logo":{"@type":"ImageObject","inLanguage":"en-US","@id":"https:\/\/tajkertesz.com\/#\/schema\/logo\/image\/","url":"https:\/\/tajkertesz.com\/wp-content\/uploads\/2018\/02\/logo-2-e1518678052539.png","contentUrl":"https:\/\/tajkertesz.com\/wp-content\/uploads\/2018\/02\/logo-2-e1518678052539.png","width":81,"height":140,"caption":"T\u00e1j-Kert\u00e9sz 84 Kft."},"image":{"@id":"https:\/\/tajkertesz.com\/#\/schema\/logo\/image\/"},"sameAs":["https:\/\/www.facebook.com\/Tajkertesz\/"]}]}},"_links":{"self":[{"href":"https:\/\/tajkertesz.com\/en_US\/wp-json\/wp\/v2\/product\/5503","targetHints":{"allow":["GET"]}}],"collection":[{"href":"https:\/\/tajkertesz.com\/en_US\/wp-json\/wp\/v2\/product"}],"about":[{"href":"https:\/\/tajkertesz.com\/en_US\/wp-json\/wp\/v2\/types\/product"}],"wp:featuredmedia":[{"embeddable":true,"href":"https:\/\/tajkertesz.com\/en_US\/wp-json\/wp\/v2\/media\/19837"}],"wp:attachment":[{"href":"https:\/\/tajkertesz.com\/en_US\/wp-json\/wp\/v2\/media?parent=5503"}],"wp:term":[{"taxonomy":"product_brand","embeddable":true,"href":"https:\/\/tajkertesz.com\/en_US\/wp-json\/wp\/v2\/product_brand?post=5503"},{"taxonomy":"product_cat","embeddable":true,"href":"https:\/\/tajkertesz.com\/en_US\/wp-json\/wp\/v2\/product_cat?post=5503"},{"taxonomy":"product_tag","embeddable":true,"href":"https:\/\/tajkertesz.com\/en_US\/wp-json\/wp\/v2\/product_tag?post=5503"}],"curies":[{"name":"wp","href":"https:\/\/api.w.org\/{rel}","templated":true}]}}