{"id":5529,"date":"2025-05-20T10:59:36","date_gmt":"2025-05-20T10:59:36","guid":{"rendered":"https:\/\/tajkertesz.com\/?post_type=product&#038;p=5529"},"modified":"2026-04-28T11:10:26","modified_gmt":"2026-04-28T11:10:26","slug":"buddleja-davidii-white-profusion-nyariorgona","status":"publish","type":"product","link":"https:\/\/tajkertesz.com\/en_US\/product\/buddleja-davidii-white-profusion-nyariorgona\/","title":{"rendered":"Buddleja davidii &#8216;White Profusion&#8217; &#8211; Feh\u00e9r ny\u00e1riorgona"},"content":{"rendered":"<h1 class=\"product-page-heading\">Buddleja davidii &#8216;White Profusion&#8217; &#8211; Feh\u00e9r vir\u00e1g\u00fa ny\u00e1riorgona<\/h1>\n<p>A Buddleja davidii &#8216;White Profusion&#8217; &#8211; Feh\u00e9r vir\u00e1g\u00fa ny\u00e1riorgona egy gyors n\u00f6veked\u00e9s\u0171, lombhullat\u00f3 d\u00edszcserje.<\/p>\n<ul>\n<li>Magass\u00e1g: \u00e1ltal\u00e1ban 2-4 m\u00e9tr magasra is megn\u0151het.<\/li>\n<li>Vir\u00e1gok: Nagyon dekorat\u00edv, illatos, kr\u00e9mfeh\u00e9r vir\u00e1gai vannak, amelyek nagy m\u00e9ret\u0171 f\u00fcrtvir\u00e1gzatot alkotnak. A vir\u00e1gok k\u00fcl\u00f6nlegess\u00e9ge, hogy a vir\u00e1gtorok narancssz\u00edn\u0171.<\/li>\n<li>Lombozat: S\u00f6t\u00e9t sz\u00fcrke, keskeny levelei vannak.<\/li>\n<li>N\u00f6veked\u00e9s: Gyors n\u00f6veked\u00e9s\u0171, \u00edvesen lehajl\u00f3 hajt\u00e1srendszer\u0171.<\/li>\n<\/ul>\n<h2 class=\"product-page-heading\">Buddleja davidii &#8216;White Profusion&#8217; gondoz\u00e1sa<\/h2>\n<p>A feh\u00e9r vir\u00e1g\u00fa ny\u00e1riorgona gondoz\u00e1sa viszonylag egyszer\u0171, de n\u00e9h\u00e1ny alapvet\u0151 l\u00e9p\u00e9st \u00e9rdemes k\u00f6vetni, hogy a n\u00f6v\u00e9ny eg\u00e9szs\u00e9ges \u00e9s vir\u00e1gz\u00f3 maradjon:<\/p>\n<ol>\n<li><strong>F\u00e9nyig\u00e9ny<\/strong>: Szereti a napos helyeket, ahol legal\u00e1bb napi 6-8 \u00f3r\u00e1t \u00e9ri k\u00f6zvetlen napf\u00e9ny.<\/li>\n<li><strong>Talaj<\/strong>: J\u00f3l \u00e9rzi mag\u00e1t a j\u00f3 v\u00edzelvezet\u00e9s\u0171, t\u00e1panyagban gazdag talajban. A semleges vagy enyh\u00e9n l\u00fagos talajt kedveli.<\/li>\n<li><strong>\u00d6nt\u00f6z\u00e9s<\/strong>: Az els\u0151 \u00e9vben rendszeresen \u00f6nt\u00f6zz\u00fck, hogy a gy\u00f6k\u00e9rzet j\u00f3l meger\u0151s\u00f6dj\u00f6n. Ezt k\u00f6vet\u0151en m\u00e1r sz\u00e1razs\u00e1gt\u0171r\u0151, de hosszan tart\u00f3 sz\u00e1razs\u00e1g eset\u00e9n \u00e9rdemes \u00f6nt\u00f6zni.<\/li>\n<li><strong>Metsz\u00e9s<\/strong>: Tavasszal \u00e9rdemes visszametszeni, hogy serkents\u00fck az \u00faj hajt\u00e1sok n\u00f6veked\u00e9s\u00e9t \u00e9s a b\u0151s\u00e9ges vir\u00e1gz\u00e1st. A vir\u00e1gz\u00e1s ut\u00e1n is lehet metszeni, hogy form\u00e1ban tartsuk a n\u00f6v\u00e9nyt.<\/li>\n<li><strong>T\u00e1panyag<\/strong>: Tavasszal \u00e9s ny\u00e1r elej\u00e9n \u00e9rdemes p\u00f3tolni a t\u00e1panyagot, hogy el\u0151seg\u00edts\u00fck a vir\u00e1gz\u00e1st.<\/li>\n<li><strong>K\u00e1rtev\u0151k \u00e9s betegs\u00e9gek<\/strong>: \u00c1ltal\u00e1ban ellen\u00e1ll\u00f3, de figyelj\u00fcnk a lev\u00e9ltetvekre \u00e9s a lisztharmatra. Ha sz\u00fcks\u00e9ges, haszn\u00e1ljunk megfelel\u0151 n\u00f6v\u00e9nyv\u00e9d\u0151 szereket.<\/li>\n<\/ol>\n<h3>A ny\u00e1riorgona \u00fcltet\u00e9se<\/h3>\n<h4>\u00dcltet\u00e9se<\/h4>\n<ol>\n<li>Az \u00fcltet\u00e9s legjobb ideje kora tavasz vagy \u0151sz, amikor a talaj m\u00e9g meleg, de a h\u0151m\u00e9rs\u00e9klet m\u00e1r nem t\u00fal magas.<\/li>\n<li>V\u00e1lasszunk napos helyet, mert a n\u00f6v\u00e9ny a teljes napf\u00e9nyt kedveli. \u00dcgyelj\u00fcnk arra, hogy a hely j\u00f3l szell\u0151z\u0151 legyen, de ne legyen t\u00fal szeles.<\/li>\n<li>A talaj legyen j\u00f3l v\u00edzelvezet\u0151 \u00e9s t\u00e1panyagban gazdag. Ha a talaj neh\u00e9z vagy agyagos, \u00e9rdemes komposzttal vagy homokkal jav\u00edtani.<\/li>\n<li>Hat\u00f6bb n\u00f6v\u00e9nyt \u00fcltet\u00fcnk, hagyjunk legal\u00e1bb 1.5 m\u00e9ter t\u00e1vols\u00e1got k\u00f6z\u00f6tt\u00fck, hogy elegend\u0151 hely\u00fck legyen a n\u00f6veked\u00e9shez.<\/li>\n<li>\u00c1sd ki a g\u00f6dr\u00f6t, amely k\u00e9tszer olyan sz\u00e9les \u00e9s m\u00e9ly, mint a gy\u00f6k\u00e9rlabda. Helyezd a n\u00f6v\u00e9nyt a g\u00f6d\u00f6rbe \u00fagy, hogy a gy\u00f6k\u00e9rlabda teteje egy szintben legyen a talajjal. T\u00f6lts\u00fck vissza a f\u00f6ldet, \u00e9s \u00f3vatosan nyomkodd le.<\/li>\n<li><strong>\u00d6nt\u00f6z\u00e9s<\/strong>: \u00dcltet\u00e9s ut\u00e1n alaposan \u00f6nt\u00f6zd meg a n\u00f6v\u00e9nyt, hogy a gy\u00f6kerek j\u00f3l \u00e9rintkezzenek a talajjal. Az els\u0151 \u00e9vben rendszeresen \u00f6nt\u00f6zz\u00fck, hogy j\u00f3l meggy\u00f6keresedjen.<\/li>\n<\/ol>\n<p>&nbsp;<\/p>\n<h4><strong>A n\u00f6v\u00e9ny jelenlegi m\u00e9rete: 20\/40 cm magas, 3 literes kont\u00e9nerben.<\/strong><\/h4>\n<p><b>K\u00e9szlet\u00fcnk napi szinten v\u00e1ltozik, ez\u00e9rt k\u00e9rj\u00fck, \u00e9rdekl\u0151dj\u00f6n szem\u00e9lyesen, telefonon vagy email-en.<br \/>\nA v\u00e1ltoztat\u00e1s jog\u00e1t fenntartjuk!<\/b><b>\u00a0<\/b><\/p>\n<p><a href=\"https:\/\/tajkertesz.com\/\">https:\/\/tajkertesz.com\/<\/a><\/p>\n<p><a href=\"https:\/\/www.facebook.com\/tajkertesz\/\">https:\/\/www.facebook.com\/tajkertesz\/<\/a><\/p>\n<p>Kisz\u00e1ll\u00edt\u00e1s: 200cm-ig \u00e9s 40 kg-ig a sz\u00e1ll\u00edt\u00e1s fut\u00e1rszolg\u00e1lattal t\u00f6rt\u00e9nik.<\/p>\n<p>Szem\u00e9lyes \u00e1tv\u00e9tel nyitvatart\u00e1si id\u0151ben a 17. ker\u00fclet Bakancsos utca 7. sz\u00e1m alatti Kert\u00e9szeti \u00e1rud\u00e1nkban.<\/p>\n<p>Kert\u00e9p\u00edt\u0151k \u00e9s viszontelad\u00f3k regisztr\u00e1l\u00e1s ut\u00e1n egyedi kedvezm\u00e9nnyel v\u00e1s\u00e1rolhatnak kert\u00e9szeti kis-\u00e9s nagykeresked\u00e9s\u00fcnkben.<\/p>\n<p><strong>Az \u00e1rak egy darab term\u00e9kre vonatkoznak.<\/strong><\/p>\n<p><strong>J\u00f3 tudni!<\/strong><\/p>\n<p>K\u00e9pek-elt\u00e9r\u00e9sek:<\/p>\n<p>A n\u00f6v\u00e9nyekr\u0151l felt\u00f6lt\u00f6tt k\u00e9pek illusztr\u00e1ci\u00f3k. N\u00f6v\u00e9nyekn\u00e9l el\u0151fordulhatnak minim\u00e1lis elt\u00e9r\u00e9sek a k\u00e9peken szerepl\u0151 n\u00f6v\u00e9nyek \u00e9s az \u00e1tvett n\u00f6v\u00e9nyek k\u00f6z\u00f6tt, mivel minden n\u00f6v\u00e9ny egyedi.<\/p>\n<h4>N\u00f6v\u00e9nyek sz\u00e1ll\u00edt\u00e1sa:<\/h4>\n<p>A megrendelt n\u00f6v\u00e9nyeket igyeksz\u00fcnk a lehet\u0151 legbiztons\u00e1gosabban egyes\u00e9vel csomagolni, azonban a sz\u00e1ll\u00edt\u00e1s sor\u00e1n m\u00e9g ennek ellen\u00e9re is\u00a0bek\u00f6vetkezhetnek apr\u00f3bb s\u00e9r\u00fcl\u00e9sek (lev\u00e9l- vagy vir\u00e1ghull\u00e1s).<br \/>\nN\u00f6v\u00e9ny rendel\u00e9s eset\u00e9n k\u00e9rj\u00fck a k\u00e9zbes\u00edt\u00e9st k\u00f6vet\u0151en a lehet\u0151 leghamarabb bonts\u00e1k ki a csomagot.<\/p>\n<p>Abban az esetben, ha a megrendelt n\u00f6v\u00e9ny\u00a0a sz\u00e1ll\u00edt\u00e1st k\u00f6vet\u0151en\u00a0nem megfelel\u0151 gondoz\u00e1sban r\u00e9szes\u00fcl \u00e9s ebb\u0151l kifoly\u00f3lag\u00a0k\u00e1rosodik,\u00a0elpusztul, felel\u0151ss\u00e9get sajnos nem tudunk v\u00e1llalni.<\/p>\n<p>V\u00e1s\u00e1rl\u00e1st\u00f3l val\u00f3 el\u00e1ll\u00e1s \u00e9l\u0151 n\u00f6v\u00e9ny v\u00e1s\u00e1rl\u00e1sa eset\u00e9n:<\/p>\n<p>Az \u00e1ltal\u00e1nos 14 napos el\u00e1ll\u00e1s lehet\u0151s\u00e9ge \u00e9l\u0151 n\u00f6v\u00e9nyekre nem vonatkozik. V\u00e1s\u00e1rl\u00e1st\u00f3l val\u00f3 el\u00e1ll\u00e1sra, visszak\u00fcld\u00e9sre nincs lehet\u0151s\u00e9g.\u00a0(17\/1999. (II. 5.) Korm. rendelet 5c pontja)<\/p>\n<p><strong>K\u00e9rj\u00fck fentiek figyelembev\u00e9tel\u00e9t n\u00f6v\u00e9ny rendel\u00e9se sor\u00e1n!<\/strong><\/p>","protected":false},"excerpt":{"rendered":"<h4><strong>A n\u00f6v\u00e9ny jelenlegi m\u00e9rete: 20\/40 cm magas, 3 literes kont\u00e9nerben.<\/strong><\/h4>\n<p><b>K\u00e9szlet\u00fcnk napi szinten v\u00e1ltozik, ez\u00e9rt k\u00e9rj\u00fck, \u00e9rdekl\u0151dj\u00f6n szem\u00e9lyesen, telefonon vagy email-en.<br \/>\nA v\u00e1ltoztat\u00e1s jog\u00e1t fenntartjuk!<\/b><b>\u00a0<\/b><\/p>","protected":false},"featured_media":5530,"template":"","meta":{"_et_pb_use_builder":"","_et_pb_old_content":"","_et_gb_content_width":""},"product_brand":[],"product_cat":[27],"product_tag":[73,54,181,180],"class_list":{"0":"post-5529","1":"product","2":"type-product","3":"status-publish","4":"has-post-thumbnail","6":"product_cat-cserjek","7":"product_tag-cserje","8":"product_tag-disznoveny","9":"product_tag-nyari-orgona","10":"product_tag-orgona","12":"first","13":"instock","14":"shipping-taxable","15":"purchasable","16":"product-type-simple"},"yoast_head":"<!-- This site is optimized with the Yoast SEO plugin v27.5 - https:\/\/yoast.com\/product\/yoast-seo-wordpress\/ -->\n<title>Buddleja davidii &#039;White Profusion&#039; - Feh\u00e9r ny\u00e1riorgona - T\u00e1jkert\u00e9sz<\/title>\n<meta name=\"description\" content=\"Buddleja davidii &#039;White Profusion&#039; - Feh\u00e9r vir\u00e1g\u00fa ny\u00e1riorgona 2-3m magasra n\u00f6v\u0151, fel\u00e1ll\u00f3 sz\u00e1r\u00fa, gyorsan n\u00f6v\u0151, lombhullat\u00f3 cserje.Illatos,\" \/>\n<meta name=\"robots\" content=\"index, follow, max-snippet:-1, max-image-preview:large, max-video-preview:-1\" \/>\n<link rel=\"canonical\" href=\"https:\/\/tajkertesz.com\/en_US\/product\/buddleja-davidii-white-profusion-nyariorgona\/\" \/>\n<meta property=\"og:locale\" content=\"en_US\" \/>\n<meta property=\"og:type\" content=\"article\" \/>\n<meta property=\"og:title\" content=\"Buddleja davidii &#039;White Profusion&#039; - Feh\u00e9r ny\u00e1riorgona - T\u00e1jkert\u00e9sz\" \/>\n<meta property=\"og:description\" content=\"Buddleja davidii &#039;White Profusion&#039; - Feh\u00e9r vir\u00e1g\u00fa ny\u00e1riorgona 2-3m magasra n\u00f6v\u0151, fel\u00e1ll\u00f3 sz\u00e1r\u00fa, gyorsan n\u00f6v\u0151, lombhullat\u00f3 cserje.Illatos,\" \/>\n<meta property=\"og:url\" content=\"https:\/\/tajkertesz.com\/en_US\/product\/buddleja-davidii-white-profusion-nyariorgona\/\" \/>\n<meta property=\"og:site_name\" content=\"T\u00e1jkert\u00e9sz\" \/>\n<meta property=\"article:publisher\" content=\"https:\/\/www.facebook.com\/Tajkertesz\/\" \/>\n<meta property=\"article:modified_time\" content=\"2026-04-28T11:10:26+00:00\" \/>\n<meta property=\"og:image\" content=\"https:\/\/tajkertesz.com\/wp-content\/uploads\/2021\/05\/buddleja-davidii-white-profusion_2.jpeg\" \/>\n\t<meta property=\"og:image:width\" content=\"1280\" \/>\n\t<meta property=\"og:image:height\" content=\"1280\" \/>\n\t<meta property=\"og:image:type\" content=\"image\/jpeg\" \/>\n<meta name=\"twitter:card\" content=\"summary_large_image\" \/>\n<meta name=\"twitter:label1\" content=\"Est. reading time\" \/>\n\t<meta name=\"twitter:data1\" content=\"4 minutes\" \/>\n<script type=\"application\/ld+json\" class=\"yoast-schema-graph\">{\"@context\":\"https:\\\/\\\/schema.org\",\"@graph\":[{\"@type\":\"WebPage\",\"@id\":\"https:\\\/\\\/tajkertesz.com\\\/termek\\\/buddleja-davidii-white-profusion-nyariorgona\\\/\",\"url\":\"https:\\\/\\\/tajkertesz.com\\\/termek\\\/buddleja-davidii-white-profusion-nyariorgona\\\/\",\"name\":\"Buddleja davidii 'White Profusion' - Feh\u00e9r ny\u00e1riorgona - T\u00e1jkert\u00e9sz\",\"isPartOf\":{\"@id\":\"https:\\\/\\\/tajkertesz.com\\\/#website\"},\"primaryImageOfPage\":{\"@id\":\"https:\\\/\\\/tajkertesz.com\\\/termek\\\/buddleja-davidii-white-profusion-nyariorgona\\\/#primaryimage\"},\"image\":{\"@id\":\"https:\\\/\\\/tajkertesz.com\\\/termek\\\/buddleja-davidii-white-profusion-nyariorgona\\\/#primaryimage\"},\"thumbnailUrl\":\"https:\\\/\\\/tajkertesz.com\\\/wp-content\\\/uploads\\\/2021\\\/05\\\/buddleja-davidii-white-profusion_2.jpeg\",\"datePublished\":\"2025-05-20T10:59:36+00:00\",\"dateModified\":\"2026-04-28T11:10:26+00:00\",\"description\":\"Buddleja davidii 'White Profusion' - Feh\u00e9r vir\u00e1g\u00fa ny\u00e1riorgona 2-3m magasra n\u00f6v\u0151, fel\u00e1ll\u00f3 sz\u00e1r\u00fa, gyorsan n\u00f6v\u0151, lombhullat\u00f3 cserje.Illatos,\",\"breadcrumb\":{\"@id\":\"https:\\\/\\\/tajkertesz.com\\\/termek\\\/buddleja-davidii-white-profusion-nyariorgona\\\/#breadcrumb\"},\"inLanguage\":\"en-US\",\"potentialAction\":[{\"@type\":\"ReadAction\",\"target\":[\"https:\\\/\\\/tajkertesz.com\\\/termek\\\/buddleja-davidii-white-profusion-nyariorgona\\\/\"]}]},{\"@type\":\"ImageObject\",\"inLanguage\":\"en-US\",\"@id\":\"https:\\\/\\\/tajkertesz.com\\\/termek\\\/buddleja-davidii-white-profusion-nyariorgona\\\/#primaryimage\",\"url\":\"https:\\\/\\\/tajkertesz.com\\\/wp-content\\\/uploads\\\/2021\\\/05\\\/buddleja-davidii-white-profusion_2.jpeg\",\"contentUrl\":\"https:\\\/\\\/tajkertesz.com\\\/wp-content\\\/uploads\\\/2021\\\/05\\\/buddleja-davidii-white-profusion_2.jpeg\",\"width\":1280,\"height\":1280},{\"@type\":\"BreadcrumbList\",\"@id\":\"https:\\\/\\\/tajkertesz.com\\\/termek\\\/buddleja-davidii-white-profusion-nyariorgona\\\/#breadcrumb\",\"itemListElement\":[{\"@type\":\"ListItem\",\"position\":1,\"name\":\"Home\",\"item\":\"https:\\\/\\\/tajkertesz.com\\\/\"},{\"@type\":\"ListItem\",\"position\":2,\"name\":\"Kezd\u0151lap\",\"item\":\"https:\\\/\\\/tajkertesz.com\\\/\"},{\"@type\":\"ListItem\",\"position\":3,\"name\":\"Buddleja davidii &#8216;White Profusion&#8217; &#8211; Feh\u00e9r ny\u00e1riorgona\"}]},{\"@type\":\"WebSite\",\"@id\":\"https:\\\/\\\/tajkertesz.com\\\/#website\",\"url\":\"https:\\\/\\\/tajkertesz.com\\\/\",\"name\":\"T\u00e1j-Kert\u00e9sz 84 Kft.\",\"description\":\"Kert\u00e9szeti kis- \u00e9s nagykeresked\u00e9s, D\u00edszn\u00f6v\u00e9ny web\u00e1ruh\u00e1z orsz\u00e1gos h\u00e1zhozsz\u00e1ll\u00edt\u00e1ssal!\",\"publisher\":{\"@id\":\"https:\\\/\\\/tajkertesz.com\\\/#organization\"},\"potentialAction\":[{\"@type\":\"SearchAction\",\"target\":{\"@type\":\"EntryPoint\",\"urlTemplate\":\"https:\\\/\\\/tajkertesz.com\\\/?s={search_term_string}\"},\"query-input\":{\"@type\":\"PropertyValueSpecification\",\"valueRequired\":true,\"valueName\":\"search_term_string\"}}],\"inLanguage\":\"en-US\"},{\"@type\":\"Organization\",\"@id\":\"https:\\\/\\\/tajkertesz.com\\\/#organization\",\"name\":\"T\u00e1j-Kert\u00e9sz 84 Kft.\",\"url\":\"https:\\\/\\\/tajkertesz.com\\\/\",\"logo\":{\"@type\":\"ImageObject\",\"inLanguage\":\"en-US\",\"@id\":\"https:\\\/\\\/tajkertesz.com\\\/#\\\/schema\\\/logo\\\/image\\\/\",\"url\":\"https:\\\/\\\/tajkertesz.com\\\/wp-content\\\/uploads\\\/2018\\\/02\\\/logo-2-e1518678052539.png\",\"contentUrl\":\"https:\\\/\\\/tajkertesz.com\\\/wp-content\\\/uploads\\\/2018\\\/02\\\/logo-2-e1518678052539.png\",\"width\":81,\"height\":140,\"caption\":\"T\u00e1j-Kert\u00e9sz 84 Kft.\"},\"image\":{\"@id\":\"https:\\\/\\\/tajkertesz.com\\\/#\\\/schema\\\/logo\\\/image\\\/\"},\"sameAs\":[\"https:\\\/\\\/www.facebook.com\\\/Tajkertesz\\\/\"]}]}<\/script>\n<!-- \/ Yoast SEO plugin. -->","yoast_head_json":{"title":"Buddleja davidii 'White Profusion' - Feh\u00e9r ny\u00e1riorgona - T\u00e1jkert\u00e9sz","description":"Buddleja davidii 'White Profusion' - Feh\u00e9r vir\u00e1g\u00fa ny\u00e1riorgona 2-3m magasra n\u00f6v\u0151, fel\u00e1ll\u00f3 sz\u00e1r\u00fa, gyorsan n\u00f6v\u0151, lombhullat\u00f3 cserje.Illatos,","robots":{"index":"index","follow":"follow","max-snippet":"max-snippet:-1","max-image-preview":"max-image-preview:large","max-video-preview":"max-video-preview:-1"},"canonical":"https:\/\/tajkertesz.com\/en_US\/product\/buddleja-davidii-white-profusion-nyariorgona\/","og_locale":"en_US","og_type":"article","og_title":"Buddleja davidii 'White Profusion' - Feh\u00e9r ny\u00e1riorgona - T\u00e1jkert\u00e9sz","og_description":"Buddleja davidii 'White Profusion' - Feh\u00e9r vir\u00e1g\u00fa ny\u00e1riorgona 2-3m magasra n\u00f6v\u0151, fel\u00e1ll\u00f3 sz\u00e1r\u00fa, gyorsan n\u00f6v\u0151, lombhullat\u00f3 cserje.Illatos,","og_url":"https:\/\/tajkertesz.com\/en_US\/product\/buddleja-davidii-white-profusion-nyariorgona\/","og_site_name":"T\u00e1jkert\u00e9sz","article_publisher":"https:\/\/www.facebook.com\/Tajkertesz\/","article_modified_time":"2026-04-28T11:10:26+00:00","og_image":[{"width":1280,"height":1280,"url":"https:\/\/tajkertesz.com\/wp-content\/uploads\/2021\/05\/buddleja-davidii-white-profusion_2.jpeg","type":"image\/jpeg"}],"twitter_card":"summary_large_image","twitter_misc":{"Est. reading time":"4 minutes"},"schema":{"@context":"https:\/\/schema.org","@graph":[{"@type":"WebPage","@id":"https:\/\/tajkertesz.com\/termek\/buddleja-davidii-white-profusion-nyariorgona\/","url":"https:\/\/tajkertesz.com\/termek\/buddleja-davidii-white-profusion-nyariorgona\/","name":"Buddleja davidii 'White Profusion' - Feh\u00e9r ny\u00e1riorgona - T\u00e1jkert\u00e9sz","isPartOf":{"@id":"https:\/\/tajkertesz.com\/#website"},"primaryImageOfPage":{"@id":"https:\/\/tajkertesz.com\/termek\/buddleja-davidii-white-profusion-nyariorgona\/#primaryimage"},"image":{"@id":"https:\/\/tajkertesz.com\/termek\/buddleja-davidii-white-profusion-nyariorgona\/#primaryimage"},"thumbnailUrl":"https:\/\/tajkertesz.com\/wp-content\/uploads\/2021\/05\/buddleja-davidii-white-profusion_2.jpeg","datePublished":"2025-05-20T10:59:36+00:00","dateModified":"2026-04-28T11:10:26+00:00","description":"Buddleja davidii 'White Profusion' - Feh\u00e9r vir\u00e1g\u00fa ny\u00e1riorgona 2-3m magasra n\u00f6v\u0151, fel\u00e1ll\u00f3 sz\u00e1r\u00fa, gyorsan n\u00f6v\u0151, lombhullat\u00f3 cserje.Illatos,","breadcrumb":{"@id":"https:\/\/tajkertesz.com\/termek\/buddleja-davidii-white-profusion-nyariorgona\/#breadcrumb"},"inLanguage":"en-US","potentialAction":[{"@type":"ReadAction","target":["https:\/\/tajkertesz.com\/termek\/buddleja-davidii-white-profusion-nyariorgona\/"]}]},{"@type":"ImageObject","inLanguage":"en-US","@id":"https:\/\/tajkertesz.com\/termek\/buddleja-davidii-white-profusion-nyariorgona\/#primaryimage","url":"https:\/\/tajkertesz.com\/wp-content\/uploads\/2021\/05\/buddleja-davidii-white-profusion_2.jpeg","contentUrl":"https:\/\/tajkertesz.com\/wp-content\/uploads\/2021\/05\/buddleja-davidii-white-profusion_2.jpeg","width":1280,"height":1280},{"@type":"BreadcrumbList","@id":"https:\/\/tajkertesz.com\/termek\/buddleja-davidii-white-profusion-nyariorgona\/#breadcrumb","itemListElement":[{"@type":"ListItem","position":1,"name":"Home","item":"https:\/\/tajkertesz.com\/"},{"@type":"ListItem","position":2,"name":"Kezd\u0151lap","item":"https:\/\/tajkertesz.com\/"},{"@type":"ListItem","position":3,"name":"Buddleja davidii &#8216;White Profusion&#8217; &#8211; Feh\u00e9r ny\u00e1riorgona"}]},{"@type":"WebSite","@id":"https:\/\/tajkertesz.com\/#website","url":"https:\/\/tajkertesz.com\/","name":"T\u00e1j-Kert\u00e9sz 84 Kft.","description":"Kert\u00e9szeti kis- \u00e9s nagykeresked\u00e9s, D\u00edszn\u00f6v\u00e9ny web\u00e1ruh\u00e1z orsz\u00e1gos h\u00e1zhozsz\u00e1ll\u00edt\u00e1ssal!","publisher":{"@id":"https:\/\/tajkertesz.com\/#organization"},"potentialAction":[{"@type":"SearchAction","target":{"@type":"EntryPoint","urlTemplate":"https:\/\/tajkertesz.com\/?s={search_term_string}"},"query-input":{"@type":"PropertyValueSpecification","valueRequired":true,"valueName":"search_term_string"}}],"inLanguage":"en-US"},{"@type":"Organization","@id":"https:\/\/tajkertesz.com\/#organization","name":"T\u00e1j-Kert\u00e9sz 84 Kft.","url":"https:\/\/tajkertesz.com\/","logo":{"@type":"ImageObject","inLanguage":"en-US","@id":"https:\/\/tajkertesz.com\/#\/schema\/logo\/image\/","url":"https:\/\/tajkertesz.com\/wp-content\/uploads\/2018\/02\/logo-2-e1518678052539.png","contentUrl":"https:\/\/tajkertesz.com\/wp-content\/uploads\/2018\/02\/logo-2-e1518678052539.png","width":81,"height":140,"caption":"T\u00e1j-Kert\u00e9sz 84 Kft."},"image":{"@id":"https:\/\/tajkertesz.com\/#\/schema\/logo\/image\/"},"sameAs":["https:\/\/www.facebook.com\/Tajkertesz\/"]}]}},"_links":{"self":[{"href":"https:\/\/tajkertesz.com\/en_US\/wp-json\/wp\/v2\/product\/5529","targetHints":{"allow":["GET"]}}],"collection":[{"href":"https:\/\/tajkertesz.com\/en_US\/wp-json\/wp\/v2\/product"}],"about":[{"href":"https:\/\/tajkertesz.com\/en_US\/wp-json\/wp\/v2\/types\/product"}],"wp:featuredmedia":[{"embeddable":true,"href":"https:\/\/tajkertesz.com\/en_US\/wp-json\/wp\/v2\/media\/5530"}],"wp:attachment":[{"href":"https:\/\/tajkertesz.com\/en_US\/wp-json\/wp\/v2\/media?parent=5529"}],"wp:term":[{"taxonomy":"product_brand","embeddable":true,"href":"https:\/\/tajkertesz.com\/en_US\/wp-json\/wp\/v2\/product_brand?post=5529"},{"taxonomy":"product_cat","embeddable":true,"href":"https:\/\/tajkertesz.com\/en_US\/wp-json\/wp\/v2\/product_cat?post=5529"},{"taxonomy":"product_tag","embeddable":true,"href":"https:\/\/tajkertesz.com\/en_US\/wp-json\/wp\/v2\/product_tag?post=5529"}],"curies":[{"name":"wp","href":"https:\/\/api.w.org\/{rel}","templated":true}]}}