{"id":5619,"date":"2021-05-27T10:21:16","date_gmt":"2021-05-27T10:21:16","guid":{"rendered":"https:\/\/tajkertesz.com\/?post_type=product&#038;p=5619"},"modified":"2026-02-24T13:02:56","modified_gmt":"2026-02-24T13:02:56","slug":"euonymus-fortunei-emeraldn-gold-aranytarka-kuszo-kecskerago","status":"publish","type":"product","link":"https:\/\/tajkertesz.com\/en_US\/product\/euonymus-fortunei-emeraldn-gold-aranytarka-kuszo-kecskerago\/","title":{"rendered":"Euonymus fortunei &#8216;Emerald&#8217;n Gold&#8217; &#8211; Aranytarka k\u00fasz\u00f3 kecsker\u00e1g\u00f3"},"content":{"rendered":"<h1 class=\"product-page-heading\"><span class=\"product-page-product-name\">Euonymus fortunei &#8216;Emerald&#8217;n Gold&#8217; &#8211; Aranytarka k\u00fasz\u00f3 kecsker\u00e1g\u00f3<\/span><\/h1>\n<p data-start=\"527\" data-end=\"773\">Az <strong data-start=\"530\" data-end=\"568\">Euonymus fortunei \u2018Emerald\u2019n Gold\u2019<\/strong>, magyar nev\u00e9n <strong data-start=\"583\" data-end=\"614\">aranytarka t\u00f6rpe kecsker\u00e1g\u00f3<\/strong>, az egyik legn\u00e9pszer\u0171bb \u00f6r\u00f6kz\u00f6ld talajtakar\u00f3 n\u00f6v\u00e9ny. \u00c9l\u00e9nk z\u00f6ld leveleit aranys\u00e1rga szeg\u00e9ly d\u00edsz\u00edti, amely \u0151sszel \u00e9s t\u00e9len gyakran r\u00f3zsasz\u00ednes \u00e1rnyalatot kap.<\/p>\n<p data-start=\"775\" data-end=\"1029\">S\u0171r\u0171, ter\u00fcl\u0151 n\u00f6veked\u00e9s\u00e9nek k\u00f6sz\u00f6nhet\u0151en hat\u00e9konyan takarja a talajt, visszaszor\u00edtja a gyomosod\u00e1st. Alkalmas <strong data-start=\"883\" data-end=\"905\">alacsony s\u00f6v\u00e9nynek<\/strong>, <strong data-start=\"907\" data-end=\"927\">kerti szeg\u00e9lynek<\/strong>, valamint <strong data-start=\"938\" data-end=\"959\">d\u00e9zs\u00e1s n\u00f6v\u00e9nyk\u00e9nt<\/strong> teraszra \u00e9s erk\u00e9lyre is. J\u00f3l t\u0171ri a metsz\u00e9st, \u00edgy k\u00f6nnyen form\u00e1zhat\u00f3.<\/p>\n<p data-start=\"1031\" data-end=\"1182\">Napos helyen sz\u00ednez\u0151dik a legszebben, de f\u00e9l\u00e1rny\u00e9kban is j\u00f3l fejl\u0151dik. Fagyt\u0171r\u0151, ig\u00e9nytelen n\u00f6v\u00e9ny, ez\u00e9rt kezd\u0151 kert\u00e9szek sz\u00e1m\u00e1ra is ide\u00e1lis v\u00e1laszt\u00e1s.<\/p>\n<hr data-start=\"1184\" data-end=\"1187\" \/>\n<h2 class=\"product-page-heading\"><span class=\"product-page-product-name\">Euonymus fortunei &#8216;Emerald&#8217;n Gold&#8217;\u00a0<\/span>jellemz\u0151i<\/h2>\n<ul data-start=\"1223\" data-end=\"1427\">\n<li data-start=\"1223\" data-end=\"1255\">\n<p data-start=\"1225\" data-end=\"1255\">\ud83c\udf3f \u00d6r\u00f6kz\u00f6ld, aranytarka lomb<\/p>\n<\/li>\n<li data-start=\"1256\" data-end=\"1285\">\n<p data-start=\"1258\" data-end=\"1285\">\ud83c\udf31 Ter\u00fcl\u0151, s\u0171r\u0171 n\u00f6veked\u00e9s<\/p>\n<\/li>\n<li data-start=\"1286\" data-end=\"1318\">\n<p data-start=\"1288\" data-end=\"1318\">\u2702\ufe0f J\u00f3l metszhet\u0151, form\u00e1zhat\u00f3<\/p>\n<\/li>\n<li data-start=\"1319\" data-end=\"1358\">\n<p data-start=\"1321\" data-end=\"1358\">\u2600\ufe0f Napos\u2013f\u00e9l\u00e1rny\u00e9kos fekv\u00e9st kedvel<\/p>\n<\/li>\n<li data-start=\"1359\" data-end=\"1382\">\n<p data-start=\"1361\" data-end=\"1382\">\u2744\ufe0f Kiv\u00e1l\u00f3 fagyt\u0171r\u00e9s<\/p>\n<\/li>\n<li data-start=\"1383\" data-end=\"1427\">\n<p data-start=\"1385\" data-end=\"1427\">\ud83e\udeb4 Talajtakar\u00f3nak \u00e9s cser\u00e9pbe is ide\u00e1lis<\/p>\n<\/li>\n<\/ul>\n<p data-start=\"997\" data-end=\"1145\">.<\/p>\n<h4><strong>\ud83d\udd04 K\u00e9szletinform\u00e1ci\u00f3<\/strong><\/h4>\n<p><strong>K\u00e9szlet\u00fcnk napi szinten v\u00e1ltozik, \u00edgy a webshopban szerepl<\/strong><strong>\u0151<\/strong><strong>\u00a0term\u00e9kek el\u00e9rhet<\/strong><strong>\u0151<\/strong><strong>s\u00e9ge nem garant\u00e1lt.<br \/>\n\ud83d\udcde A megrendel\u00e9s el<\/strong><strong>\u0151<\/strong><strong>tt k\u00e9rj\u00fck, \u00e9rdekl<\/strong><strong>\u0151<\/strong><strong>dj\u00f6n szem\u00e9lyesen, telefonon vagy e-mailben!<\/strong><\/p>\n<h4><strong>\u27a1\ufe0f Kapcsolat:<\/strong><\/h4>\n<ul>\n<li><strong>Weboldal:\u00a0<\/strong><a href=\"https:\/\/tajkertesz.com\/\"><strong>tajkertesz.com<\/strong><\/a><\/li>\n<li><strong>Facebook:\u00a0<\/strong><a href=\"https:\/\/www.facebook.com\/tajkertesz\/\"><strong>facebook.com\/tajkertesz<\/strong><\/a><\/li>\n<li><strong>Telefonsz\u00e1m, e-mail: +36\/20-319-3770\u00a0<\/strong><a href=\"mailto:tajkerteszaruda@gmail.com\"><strong>tajkerteszaruda@gmail.com<\/strong><\/a><\/li>\n<\/ul>\n<h4><strong>\ud83d\ude9a Sz\u00e1ll\u00edt\u00e1si inform\u00e1ci\u00f3k<\/strong><\/h4>\n<p><strong>A megrendelt n\u00f6v\u00e9nyek kisz\u00e1ll\u00edt\u00e1sa az al\u00e1bbi felt\u00e9telek mellett t\u00f6rt\u00e9nik:<\/strong><\/p>\n<h4><strong>\ud83d\udce6 Fut\u00e1rszolg\u00e1latos sz\u00e1ll\u00edt\u00e1s<\/strong><\/h4>\n<ul>\n<li><strong>Maxim\u00e1lis m\u00e9ret: 200 cm (hossz\u00fas\u00e1g)<\/strong><\/li>\n<li><strong>Maxim\u00e1lis s\u00faly: 40 kg<\/strong><\/li>\n<li><strong>Az enn\u00e9l kisebb \u00e9s k\u00f6nnyebb csomagokat fut\u00e1rszolg\u00e1lattal k\u00e9zbes\u00edtj\u00fck a lehet<\/strong><strong>\u0151<\/strong><strong>\u00a0legbiztons\u00e1gosabb csomagol\u00e1sban.<\/strong><\/li>\n<\/ul>\n<h4><strong>\ud83d\udefb Szem\u00e9lyes \u00e1tv\u00e9tel<\/strong><\/h4>\n<ul>\n<li><strong>1173 Budapest, Bakancsos utca 7. sz\u00e1m alatt nyitvatart\u00e1si id<\/strong><strong>\u0151<\/strong><strong>ben szem\u00e9lyesen \u00e1tvehet<\/strong><strong>\u0151<\/strong><strong>\u00a0kert\u00e9szeti \u00e1rud\u00e1nkban.<\/strong><\/li>\n<li><strong>K\u00f6lts\u00e9ghat\u00e9kony megold\u00e1s nagyobb, t\u00f6r\u00e9kenyebb vagy t\u00falm\u00e9retes n\u00f6v\u00e9nyek eset\u00e9n.<\/strong><\/li>\n<\/ul>\n<h4><strong>\ud83d\udcde Nagy m\u00e9ret<\/strong><strong>\u0171<\/strong><strong>\u00a0vagy s\u00faly\u00fa n\u00f6v\u00e9nyek eset\u00e9n<\/strong><\/h4>\n<p><strong>Ha a term\u00e9k:<\/strong><\/p>\n<ul>\n<li><strong>meghaladja a 200 cm hossz\u00fas\u00e1got vagy<\/strong><\/li>\n<li><strong>meghaladja a 40 kg s\u00falyt,<\/strong><\/li>\n<\/ul>\n<p><strong>akkor szem\u00e9lyes \u00e1tv\u00e9tellel vagy egyedi, el<\/strong><strong>\u0151<\/strong><strong>re egyeztetett sz\u00e1ll\u00edt\u00e1si felt\u00e9telek mellett t\u00f6rt\u00e9nik.<br \/>\nK\u00e9rj\u00fck, ilyen esetben rendel\u00e9s el<\/strong><strong>\u0151<\/strong><strong>tt vegye fel vel\u00fcnk a kapcsolatot, hogy a lehet<\/strong><strong>\u0151<\/strong><strong>\u00a0legmegfelel<\/strong><strong>\u0151<\/strong><strong>bb sz\u00e1ll\u00edt\u00e1si megold\u00e1st k\u00edn\u00e1lhassuk.<\/strong><\/p>\n<p><strong>\ud83d\udd14 Fontos: A n\u00f6v\u00e9nyeket minden esetben igyeksz\u00fcnk gondosan, egyes\u00e9vel csomagolni, azonban a sz\u00e1ll\u00edt\u00e1s sor\u00e1n kisebb eszt\u00e9tikai s\u00e9r\u00fcl\u00e9sek el<\/strong><strong>\u0151<\/strong><strong>fordulhatnak (pl. lev\u00e9lhull\u00e1s). Ez nem min<\/strong><strong>\u0151<\/strong><strong>s\u00fcl hib\u00e1s teljes\u00edt\u00e9snek.<\/strong><\/p>\n<h4><strong>\ud83d\udcf7 Fontos tudni a k\u00e9pekr<\/strong><strong>\u0151<\/strong><strong>l<\/strong><\/h4>\n<p><strong>A webshopban szerepl<\/strong><strong>\u0151<\/strong><strong>\u00a0k\u00e9pek illusztr\u00e1ci\u00f3k, a n\u00f6v\u00e9nyek term\u00e9szet\u00fckn\u00e9l fogva egyediek, \u00edgy m\u00e9retben, alakban \u00e9s sz\u00ednben minim\u00e1lis elt\u00e9r\u00e9sek el<\/strong><strong>\u0151<\/strong><strong>fordulhatnak a k\u00e9pen l\u00e1that\u00f3 \u00e9s a val\u00f3s p\u00e9ld\u00e1nyok k\u00f6z\u00f6tt.<\/strong><\/p>\n<h4><strong>\ud83e\uddfe \u00c1rak \u00e9s el\u00e1ll\u00e1si jog<\/strong><\/h4>\n<ul>\n<li><strong>Az \u00e1rak egy darab\u00a0n\u00f6v\u00e9nyre vonatkoznak.<\/strong><\/li>\n<li><strong>\u00c9l<\/strong><strong>\u0151<\/strong><strong>\u00a0n\u00f6v\u00e9nyek rendel\u00e9se eset\u00e9n a 14 napos el\u00e1ll\u00e1s joga nem \u00e9rv\u00e9nyes\u00edthet<\/strong><strong>\u0151<\/strong><strong>, mivel azok romland\u00f3, biol\u00f3giailag \u00e9l<\/strong><strong>\u0151<\/strong><strong>\u00a0term\u00e9keknek min<\/strong><strong>\u0151<\/strong><strong>s\u00fclnek.<br \/>\n\ud83d\udd12 (17\/1999. (II. 5.) Korm. rendelet 5. \u00a7 c) pontja alapj\u00e1n)<\/strong><\/li>\n<\/ul>\n<h4><strong>\ud83d\udce6 K\u00e9zbes\u00edt\u00e9s ut\u00e1ni teend<\/strong><strong>\u0151<\/strong><strong>k<\/strong><\/h4>\n<p><strong>A k\u00e9zbes\u00edt\u00e9st k\u00f6vet<\/strong><strong>\u0151<\/strong><strong>en a csomagot azonnal bontsuk ki, \u00e9s a n\u00f6v\u00e9nyt helyezz\u00fck el megfelel<\/strong><strong>\u0151<\/strong><strong>\u00a0k\u00f6rnyezetben.<br \/>\nFontos: ha a n\u00f6v\u00e9ny nem r\u00e9szes\u00fcl megfelel<\/strong><strong>\u0151<\/strong><strong>\u00a0gondoz\u00e1sban \u00e9s ennek k\u00f6vetkezt\u00e9ben k\u00e1rosodik vagy elpusztul, felel<\/strong><strong>\u0151<\/strong><strong>ss\u00e9get nem tudunk v\u00e1llalni.<\/strong><\/p>","protected":false},"excerpt":{"rendered":"<p>Az <strong data-start=\"261\" data-end=\"299\">Euonymus fortunei \u2018Emerald\u2019n Gold\u2019<\/strong> aranys\u00e1rg\u00e1val szeg\u00e9lyezett, z\u00f6ld level\u0171, \u00f6r\u00f6kz\u00f6ld t\u00f6rpe kecsker\u00e1g\u00f3. Kiv\u00e1l\u00f3 talajtakar\u00f3, alacsony s\u00f6v\u00e9ny \u00e9s ed\u00e9nyes d\u00edszn\u00f6v\u00e9ny, eg\u00e9sz \u00e9vben felt\u0171n\u0151 sz\u00ednfolt a kertben.<\/p>\n<p>M\u00e9rete: 20\/30 cm magas, 2,5 literes kont\u00e9nerben..<\/p>","protected":false},"featured_media":25781,"template":"","meta":{"_et_pb_use_builder":"","_et_pb_old_content":"","_et_gb_content_width":""},"product_brand":[],"product_cat":[26,31],"product_tag":[6125,7861,7520,6324,6113,5874,4933],"class_list":{"0":"post-5619","1":"product","2":"type-product","3":"status-publish","4":"has-post-thumbnail","6":"product_cat-orokzold-novenyek","7":"product_cat-talajtakaro-novenyek","8":"product_tag-aranytarka-kecskerago","9":"product_tag-emerald-n-gold","10":"product_tag-euonymus-fortunei","11":"product_tag-kerti-disznoveny","12":"product_tag-orokzold-talajtakaro","13":"product_tag-szegelynoveny","14":"product_tag-torpe-kecskerago","16":"first","17":"instock","18":"shipping-taxable","19":"purchasable","20":"product-type-simple"},"yoast_head":"<!-- This site is optimized with the Yoast SEO plugin v27.3 - https:\/\/yoast.com\/product\/yoast-seo-wordpress\/ -->\n<title>Euonymus fortunei &#039;Emerald&#039;n Gold&#039; - Aranytarka k\u00fasz\u00f3 kecsker\u00e1g\u00f3 - T\u00e1jkert\u00e9sz<\/title>\n<meta name=\"description\" content=\"Euonymus fortunei &#039;Emerald&#039;n Gold&#039; - Aranytarka k\u00fasz\u00f3 kecsker\u00e1g\u00f3 lass\u00fa n\u00f6veked\u00e9s\u0171 alacsony cserje.Levelei 1-2 cm sz\u00e9lesek, toj\u00e1sdad alak\u00faak\" \/>\n<meta name=\"robots\" content=\"index, follow, max-snippet:-1, max-image-preview:large, max-video-preview:-1\" \/>\n<link rel=\"canonical\" href=\"https:\/\/tajkertesz.com\/en_US\/product\/euonymus-fortunei-emeraldn-gold-aranytarka-kuszo-kecskerago\/\" \/>\n<meta property=\"og:locale\" content=\"en_US\" \/>\n<meta property=\"og:type\" content=\"article\" \/>\n<meta property=\"og:title\" content=\"Euonymus fortunei &#039;Emerald&#039;n Gold&#039; - Aranytarka k\u00fasz\u00f3 kecsker\u00e1g\u00f3 - T\u00e1jkert\u00e9sz\" \/>\n<meta property=\"og:description\" content=\"Euonymus fortunei &#039;Emerald&#039;n Gold&#039; - Aranytarka k\u00fasz\u00f3 kecsker\u00e1g\u00f3 lass\u00fa n\u00f6veked\u00e9s\u0171 alacsony cserje.Levelei 1-2 cm sz\u00e9lesek, toj\u00e1sdad alak\u00faak\" \/>\n<meta property=\"og:url\" content=\"https:\/\/tajkertesz.com\/en_US\/product\/euonymus-fortunei-emeraldn-gold-aranytarka-kuszo-kecskerago\/\" \/>\n<meta property=\"og:site_name\" content=\"T\u00e1jkert\u00e9sz\" \/>\n<meta property=\"article:publisher\" content=\"https:\/\/www.facebook.com\/Tajkertesz\/\" \/>\n<meta property=\"article:modified_time\" content=\"2026-02-24T13:02:56+00:00\" \/>\n<meta property=\"og:image\" content=\"https:\/\/tajkertesz.com\/wp-content\/uploads\/2021\/05\/20250520_092647-scaled.jpg\" \/>\n\t<meta property=\"og:image:width\" content=\"1920\" \/>\n\t<meta property=\"og:image:height\" content=\"2560\" \/>\n\t<meta property=\"og:image:type\" content=\"image\/jpeg\" \/>\n<meta name=\"twitter:card\" content=\"summary_large_image\" \/>\n<meta name=\"twitter:label1\" content=\"Est. reading time\" \/>\n\t<meta name=\"twitter:data1\" content=\"3 minutes\" \/>\n<script type=\"application\/ld+json\" class=\"yoast-schema-graph\">{\"@context\":\"https:\\\/\\\/schema.org\",\"@graph\":[{\"@type\":\"WebPage\",\"@id\":\"https:\\\/\\\/tajkertesz.com\\\/termek\\\/euonymus-fortunei-emeraldn-gold-aranytarka-kuszo-kecskerago\\\/\",\"url\":\"https:\\\/\\\/tajkertesz.com\\\/termek\\\/euonymus-fortunei-emeraldn-gold-aranytarka-kuszo-kecskerago\\\/\",\"name\":\"Euonymus fortunei 'Emerald'n Gold' - Aranytarka k\u00fasz\u00f3 kecsker\u00e1g\u00f3 - T\u00e1jkert\u00e9sz\",\"isPartOf\":{\"@id\":\"https:\\\/\\\/tajkertesz.com\\\/#website\"},\"primaryImageOfPage\":{\"@id\":\"https:\\\/\\\/tajkertesz.com\\\/termek\\\/euonymus-fortunei-emeraldn-gold-aranytarka-kuszo-kecskerago\\\/#primaryimage\"},\"image\":{\"@id\":\"https:\\\/\\\/tajkertesz.com\\\/termek\\\/euonymus-fortunei-emeraldn-gold-aranytarka-kuszo-kecskerago\\\/#primaryimage\"},\"thumbnailUrl\":\"https:\\\/\\\/tajkertesz.com\\\/wp-content\\\/uploads\\\/2021\\\/05\\\/20250520_092647-scaled.jpg\",\"datePublished\":\"2021-05-27T10:21:16+00:00\",\"dateModified\":\"2026-02-24T13:02:56+00:00\",\"description\":\"Euonymus fortunei 'Emerald'n Gold' - Aranytarka k\u00fasz\u00f3 kecsker\u00e1g\u00f3 lass\u00fa n\u00f6veked\u00e9s\u0171 alacsony cserje.Levelei 1-2 cm sz\u00e9lesek, toj\u00e1sdad alak\u00faak\",\"breadcrumb\":{\"@id\":\"https:\\\/\\\/tajkertesz.com\\\/termek\\\/euonymus-fortunei-emeraldn-gold-aranytarka-kuszo-kecskerago\\\/#breadcrumb\"},\"inLanguage\":\"en-US\",\"potentialAction\":[{\"@type\":\"ReadAction\",\"target\":[\"https:\\\/\\\/tajkertesz.com\\\/termek\\\/euonymus-fortunei-emeraldn-gold-aranytarka-kuszo-kecskerago\\\/\"]}]},{\"@type\":\"ImageObject\",\"inLanguage\":\"en-US\",\"@id\":\"https:\\\/\\\/tajkertesz.com\\\/termek\\\/euonymus-fortunei-emeraldn-gold-aranytarka-kuszo-kecskerago\\\/#primaryimage\",\"url\":\"https:\\\/\\\/tajkertesz.com\\\/wp-content\\\/uploads\\\/2021\\\/05\\\/20250520_092647-scaled.jpg\",\"contentUrl\":\"https:\\\/\\\/tajkertesz.com\\\/wp-content\\\/uploads\\\/2021\\\/05\\\/20250520_092647-scaled.jpg\",\"width\":1920,\"height\":2560,\"caption\":\"Euonymus fortunei 'Emerald'n Gold' - Aranytarka k\u00fasz\u00f3 kecsker\u00e1g\u00f3\"},{\"@type\":\"BreadcrumbList\",\"@id\":\"https:\\\/\\\/tajkertesz.com\\\/termek\\\/euonymus-fortunei-emeraldn-gold-aranytarka-kuszo-kecskerago\\\/#breadcrumb\",\"itemListElement\":[{\"@type\":\"ListItem\",\"position\":1,\"name\":\"Home\",\"item\":\"https:\\\/\\\/tajkertesz.com\\\/\"},{\"@type\":\"ListItem\",\"position\":2,\"name\":\"Kezd\u0151lap\",\"item\":\"https:\\\/\\\/tajkertesz.com\\\/\"},{\"@type\":\"ListItem\",\"position\":3,\"name\":\"Euonymus fortunei &#8216;Emerald&#8217;n Gold&#8217; &#8211; Aranytarka k\u00fasz\u00f3 kecsker\u00e1g\u00f3\"}]},{\"@type\":\"WebSite\",\"@id\":\"https:\\\/\\\/tajkertesz.com\\\/#website\",\"url\":\"https:\\\/\\\/tajkertesz.com\\\/\",\"name\":\"T\u00e1j-Kert\u00e9sz 84 Kft.\",\"description\":\"Kert\u00e9szeti kis- \u00e9s nagykeresked\u00e9s, D\u00edszn\u00f6v\u00e9ny web\u00e1ruh\u00e1z orsz\u00e1gos h\u00e1zhozsz\u00e1ll\u00edt\u00e1ssal!\",\"publisher\":{\"@id\":\"https:\\\/\\\/tajkertesz.com\\\/#organization\"},\"potentialAction\":[{\"@type\":\"SearchAction\",\"target\":{\"@type\":\"EntryPoint\",\"urlTemplate\":\"https:\\\/\\\/tajkertesz.com\\\/?s={search_term_string}\"},\"query-input\":{\"@type\":\"PropertyValueSpecification\",\"valueRequired\":true,\"valueName\":\"search_term_string\"}}],\"inLanguage\":\"en-US\"},{\"@type\":\"Organization\",\"@id\":\"https:\\\/\\\/tajkertesz.com\\\/#organization\",\"name\":\"T\u00e1j-Kert\u00e9sz 84 Kft.\",\"url\":\"https:\\\/\\\/tajkertesz.com\\\/\",\"logo\":{\"@type\":\"ImageObject\",\"inLanguage\":\"en-US\",\"@id\":\"https:\\\/\\\/tajkertesz.com\\\/#\\\/schema\\\/logo\\\/image\\\/\",\"url\":\"https:\\\/\\\/tajkertesz.com\\\/wp-content\\\/uploads\\\/2018\\\/02\\\/logo-2-e1518678052539.png\",\"contentUrl\":\"https:\\\/\\\/tajkertesz.com\\\/wp-content\\\/uploads\\\/2018\\\/02\\\/logo-2-e1518678052539.png\",\"width\":81,\"height\":140,\"caption\":\"T\u00e1j-Kert\u00e9sz 84 Kft.\"},\"image\":{\"@id\":\"https:\\\/\\\/tajkertesz.com\\\/#\\\/schema\\\/logo\\\/image\\\/\"},\"sameAs\":[\"https:\\\/\\\/www.facebook.com\\\/Tajkertesz\\\/\"]}]}<\/script>\n<!-- \/ Yoast SEO plugin. -->","yoast_head_json":{"title":"Euonymus fortunei 'Emerald'n Gold' - Aranytarka k\u00fasz\u00f3 kecsker\u00e1g\u00f3 - T\u00e1jkert\u00e9sz","description":"Euonymus fortunei 'Emerald'n Gold' - Aranytarka k\u00fasz\u00f3 kecsker\u00e1g\u00f3 lass\u00fa n\u00f6veked\u00e9s\u0171 alacsony cserje.Levelei 1-2 cm sz\u00e9lesek, toj\u00e1sdad alak\u00faak","robots":{"index":"index","follow":"follow","max-snippet":"max-snippet:-1","max-image-preview":"max-image-preview:large","max-video-preview":"max-video-preview:-1"},"canonical":"https:\/\/tajkertesz.com\/en_US\/product\/euonymus-fortunei-emeraldn-gold-aranytarka-kuszo-kecskerago\/","og_locale":"en_US","og_type":"article","og_title":"Euonymus fortunei 'Emerald'n Gold' - Aranytarka k\u00fasz\u00f3 kecsker\u00e1g\u00f3 - T\u00e1jkert\u00e9sz","og_description":"Euonymus fortunei 'Emerald'n Gold' - Aranytarka k\u00fasz\u00f3 kecsker\u00e1g\u00f3 lass\u00fa n\u00f6veked\u00e9s\u0171 alacsony cserje.Levelei 1-2 cm sz\u00e9lesek, toj\u00e1sdad alak\u00faak","og_url":"https:\/\/tajkertesz.com\/en_US\/product\/euonymus-fortunei-emeraldn-gold-aranytarka-kuszo-kecskerago\/","og_site_name":"T\u00e1jkert\u00e9sz","article_publisher":"https:\/\/www.facebook.com\/Tajkertesz\/","article_modified_time":"2026-02-24T13:02:56+00:00","og_image":[{"width":1920,"height":2560,"url":"https:\/\/tajkertesz.com\/wp-content\/uploads\/2021\/05\/20250520_092647-scaled.jpg","type":"image\/jpeg"}],"twitter_card":"summary_large_image","twitter_misc":{"Est. reading time":"3 minutes"},"schema":{"@context":"https:\/\/schema.org","@graph":[{"@type":"WebPage","@id":"https:\/\/tajkertesz.com\/termek\/euonymus-fortunei-emeraldn-gold-aranytarka-kuszo-kecskerago\/","url":"https:\/\/tajkertesz.com\/termek\/euonymus-fortunei-emeraldn-gold-aranytarka-kuszo-kecskerago\/","name":"Euonymus fortunei 'Emerald'n Gold' - Aranytarka k\u00fasz\u00f3 kecsker\u00e1g\u00f3 - T\u00e1jkert\u00e9sz","isPartOf":{"@id":"https:\/\/tajkertesz.com\/#website"},"primaryImageOfPage":{"@id":"https:\/\/tajkertesz.com\/termek\/euonymus-fortunei-emeraldn-gold-aranytarka-kuszo-kecskerago\/#primaryimage"},"image":{"@id":"https:\/\/tajkertesz.com\/termek\/euonymus-fortunei-emeraldn-gold-aranytarka-kuszo-kecskerago\/#primaryimage"},"thumbnailUrl":"https:\/\/tajkertesz.com\/wp-content\/uploads\/2021\/05\/20250520_092647-scaled.jpg","datePublished":"2021-05-27T10:21:16+00:00","dateModified":"2026-02-24T13:02:56+00:00","description":"Euonymus fortunei 'Emerald'n Gold' - Aranytarka k\u00fasz\u00f3 kecsker\u00e1g\u00f3 lass\u00fa n\u00f6veked\u00e9s\u0171 alacsony cserje.Levelei 1-2 cm sz\u00e9lesek, toj\u00e1sdad alak\u00faak","breadcrumb":{"@id":"https:\/\/tajkertesz.com\/termek\/euonymus-fortunei-emeraldn-gold-aranytarka-kuszo-kecskerago\/#breadcrumb"},"inLanguage":"en-US","potentialAction":[{"@type":"ReadAction","target":["https:\/\/tajkertesz.com\/termek\/euonymus-fortunei-emeraldn-gold-aranytarka-kuszo-kecskerago\/"]}]},{"@type":"ImageObject","inLanguage":"en-US","@id":"https:\/\/tajkertesz.com\/termek\/euonymus-fortunei-emeraldn-gold-aranytarka-kuszo-kecskerago\/#primaryimage","url":"https:\/\/tajkertesz.com\/wp-content\/uploads\/2021\/05\/20250520_092647-scaled.jpg","contentUrl":"https:\/\/tajkertesz.com\/wp-content\/uploads\/2021\/05\/20250520_092647-scaled.jpg","width":1920,"height":2560,"caption":"Euonymus fortunei 'Emerald'n Gold' - Aranytarka k\u00fasz\u00f3 kecsker\u00e1g\u00f3"},{"@type":"BreadcrumbList","@id":"https:\/\/tajkertesz.com\/termek\/euonymus-fortunei-emeraldn-gold-aranytarka-kuszo-kecskerago\/#breadcrumb","itemListElement":[{"@type":"ListItem","position":1,"name":"Home","item":"https:\/\/tajkertesz.com\/"},{"@type":"ListItem","position":2,"name":"Kezd\u0151lap","item":"https:\/\/tajkertesz.com\/"},{"@type":"ListItem","position":3,"name":"Euonymus fortunei &#8216;Emerald&#8217;n Gold&#8217; &#8211; Aranytarka k\u00fasz\u00f3 kecsker\u00e1g\u00f3"}]},{"@type":"WebSite","@id":"https:\/\/tajkertesz.com\/#website","url":"https:\/\/tajkertesz.com\/","name":"T\u00e1j-Kert\u00e9sz 84 Kft.","description":"Kert\u00e9szeti kis- \u00e9s nagykeresked\u00e9s, D\u00edszn\u00f6v\u00e9ny web\u00e1ruh\u00e1z orsz\u00e1gos h\u00e1zhozsz\u00e1ll\u00edt\u00e1ssal!","publisher":{"@id":"https:\/\/tajkertesz.com\/#organization"},"potentialAction":[{"@type":"SearchAction","target":{"@type":"EntryPoint","urlTemplate":"https:\/\/tajkertesz.com\/?s={search_term_string}"},"query-input":{"@type":"PropertyValueSpecification","valueRequired":true,"valueName":"search_term_string"}}],"inLanguage":"en-US"},{"@type":"Organization","@id":"https:\/\/tajkertesz.com\/#organization","name":"T\u00e1j-Kert\u00e9sz 84 Kft.","url":"https:\/\/tajkertesz.com\/","logo":{"@type":"ImageObject","inLanguage":"en-US","@id":"https:\/\/tajkertesz.com\/#\/schema\/logo\/image\/","url":"https:\/\/tajkertesz.com\/wp-content\/uploads\/2018\/02\/logo-2-e1518678052539.png","contentUrl":"https:\/\/tajkertesz.com\/wp-content\/uploads\/2018\/02\/logo-2-e1518678052539.png","width":81,"height":140,"caption":"T\u00e1j-Kert\u00e9sz 84 Kft."},"image":{"@id":"https:\/\/tajkertesz.com\/#\/schema\/logo\/image\/"},"sameAs":["https:\/\/www.facebook.com\/Tajkertesz\/"]}]}},"_links":{"self":[{"href":"https:\/\/tajkertesz.com\/en_US\/wp-json\/wp\/v2\/product\/5619","targetHints":{"allow":["GET"]}}],"collection":[{"href":"https:\/\/tajkertesz.com\/en_US\/wp-json\/wp\/v2\/product"}],"about":[{"href":"https:\/\/tajkertesz.com\/en_US\/wp-json\/wp\/v2\/types\/product"}],"wp:featuredmedia":[{"embeddable":true,"href":"https:\/\/tajkertesz.com\/en_US\/wp-json\/wp\/v2\/media\/25781"}],"wp:attachment":[{"href":"https:\/\/tajkertesz.com\/en_US\/wp-json\/wp\/v2\/media?parent=5619"}],"wp:term":[{"taxonomy":"product_brand","embeddable":true,"href":"https:\/\/tajkertesz.com\/en_US\/wp-json\/wp\/v2\/product_brand?post=5619"},{"taxonomy":"product_cat","embeddable":true,"href":"https:\/\/tajkertesz.com\/en_US\/wp-json\/wp\/v2\/product_cat?post=5619"},{"taxonomy":"product_tag","embeddable":true,"href":"https:\/\/tajkertesz.com\/en_US\/wp-json\/wp\/v2\/product_tag?post=5619"}],"curies":[{"name":"wp","href":"https:\/\/api.w.org\/{rel}","templated":true}]}}